{"id":3634,"date":"2013-02-07T22:44:35","date_gmt":"2013-02-07T21:44:35","guid":{"rendered":"http:\/\/editorialmediterraneatest.grupoormo.com\/?post_type=product&#038;p=3634"},"modified":"2025-08-29T10:37:51","modified_gmt":"2025-08-29T08:37:51","slug":"petita-historia-dels-600-anys-de-lhospital-de-la-santa-creu-i-sant-pau","status":"publish","type":"product","link":"https:\/\/editorialmediterrania.com\/en\/product\/petita-historia-dels-600-anys-de-lhospital-de-la-santa-creu-i-sant-pau\/","title":{"rendered":"Petita Hist\u00f2ria dels 600 anys de l&#8217;Hospital de la Santa Creu i de Sant Pau"},"content":{"rendered":"<p style=\"text-align: justify\">Aquest llibre infantil dirigit a nens i nenes explica de manera amena i rigorosa l\u2019evoluci\u00f3 i la hist\u00f2ria de l\u2019Hospital de la Santa Creu i Sant Pau, una instituci\u00f3 que neix a partir de la fusi\u00f3 dels hospitals de Barcelona l\u2019any 1401. El conte infantil va acompanyat de les il\u00b7lustracions a tot color de Pilar\u00edn Bay\u00e9s.<\/p>\n<p>La col\u00b7lecci\u00f3 de llibres infantils\u00a0<a href=\"http:\/\/localhost:8888\/mediterrania\/\/coleccions\/infantil-juvenil-i-families\/col-leccions\/petites-histories\/\">Petites hist\u00f2ries<\/a>\u00a0compta amb m\u00e9s de 330 t\u00edtols diferents, tots ells il\u00b7lustrats per Pilar\u00edn Bay\u00e9s. Gr\u00e0cies a aquesta col\u00b7lecci\u00f3, els nens i nenes de diverses generacions han pogut con\u00e8ixer els artistes, tradicions i indrets m\u00e9s destacats del nostre pa\u00eds, de manera divertida i amena.<\/p>\n","protected":false},"excerpt":{"rendered":"<p>Aquest llibre infantil dirigit a nens i nenes explica de manera amena i rigorosa l\u2019evoluci\u00f3 i la hist\u00f2ria de l\u2019Hospital de la Santa Creu i Sant Pau, una instituci\u00f3 que neix a partir de la fusi\u00f3 dels hospitals de Barcelona l\u2019any 1401. El conte infantil va acompanyat de les il\u00b7lustracions a tot color de Pilar\u00edn [&hellip;]<\/p>\n","protected":false},"featured_media":21705,"template":"","meta":[],"product_cat":[16,73],"product_tag":[377,6016,1218,5911,4362],"autors":[],"class_list":{"0":"post-3634","1":"product","2":"type-product","3":"status-publish","4":"has-post-thumbnail","6":"product_cat-editorial-mediterrania","7":"product_cat-petites-histories","8":"product_tag-llibre-infantil","9":"product_tag-llibres-de-contes","10":"product_tag-llibres-infantils","11":"product_tag-llibres-per-nens","12":"product_tag-pilarin-bayes","14":"first","15":"outofstock","16":"purchasable","17":"product-type-simple","swatches":"rey-swatches","show_selected":""},"acf":[],"yoast_head":"<!-- This site is optimized with the Yoast SEO plugin v22.8 - https:\/\/yoast.com\/wordpress\/plugins\/seo\/ -->\n<title>Petita Hist\u00f2ria Hospital Snta Creu Snt Pau - Editorial Mediterrania<\/title>\n<meta name=\"description\" content=\"Llibre infantil educatiu petita hist\u00f2ria sobre els 600 anys de l&#039;Hospital de la Santa Creu i Sant Pau de Barcelona per a nens i nenes d&#039;entre 8 i 12 anys\" \/>\n<meta name=\"robots\" content=\"index, follow, max-snippet:-1, max-image-preview:large, max-video-preview:-1\" \/>\n<link rel=\"canonical\" href=\"https:\/\/editorialmediterrania.com\/en\/product\/petita-historia-dels-600-anys-de-lhospital-de-la-santa-creu-i-sant-pau\/\" \/>\n<meta property=\"og:locale\" content=\"en_US\" \/>\n<meta property=\"og:type\" content=\"article\" \/>\n<meta property=\"og:title\" content=\"Petita Hist\u00f2ria Hospital Snta Creu Snt Pau - Editorial Mediterrania\" \/>\n<meta property=\"og:description\" content=\"Llibre infantil educatiu petita hist\u00f2ria sobre els 600 anys de l&#039;Hospital de la Santa Creu i Sant Pau de Barcelona per a nens i nenes d&#039;entre 8 i 12 anys\" \/>\n<meta property=\"og:url\" content=\"https:\/\/editorialmediterrania.com\/en\/product\/petita-historia-dels-600-anys-de-lhospital-de-la-santa-creu-i-sant-pau\/\" \/>\n<meta property=\"og:site_name\" content=\"Editorial Mediterr\u00e0nia\" \/>\n<meta property=\"article:modified_time\" content=\"2025-08-29T08:37:51+00:00\" \/>\n<meta property=\"og:image\" content=\"https:\/\/editorialmediterrania.com\/wp-content\/uploads\/2013\/02\/Petita-Historia-dels-600-anys-de-l\u2019Hospital-de-la-Santa-Creu-i-Sant-Pau.jpg\" \/>\n\t<meta property=\"og:image:width\" content=\"600\" \/>\n\t<meta property=\"og:image:height\" content=\"740\" \/>\n\t<meta property=\"og:image:type\" content=\"image\/jpeg\" \/>\n<meta name=\"twitter:card\" content=\"summary_large_image\" \/>\n<meta name=\"twitter:site\" content=\"@edmediterrania\" \/>\n<meta name=\"twitter:label1\" content=\"Est. reading time\" \/>\n\t<meta name=\"twitter:data1\" content=\"1 minute\" \/>\n<script type=\"application\/ld+json\" class=\"yoast-schema-graph\">{\"@context\":\"https:\/\/schema.org\",\"@graph\":[{\"@type\":\"WebPage\",\"@id\":\"https:\/\/editorialmediterrania.com\/en\/product\/petita-historia-dels-600-anys-de-lhospital-de-la-santa-creu-i-sant-pau\/\",\"url\":\"https:\/\/editorialmediterrania.com\/en\/product\/petita-historia-dels-600-anys-de-lhospital-de-la-santa-creu-i-sant-pau\/\",\"name\":\"Petita Hist\u00f2ria Hospital Snta Creu Snt Pau - Editorial Mediterrania\",\"isPartOf\":{\"@id\":\"https:\/\/editorialmediterrania.com\/en\/#website\"},\"primaryImageOfPage\":{\"@id\":\"https:\/\/editorialmediterrania.com\/en\/product\/petita-historia-dels-600-anys-de-lhospital-de-la-santa-creu-i-sant-pau\/#primaryimage\"},\"image\":{\"@id\":\"https:\/\/editorialmediterrania.com\/en\/product\/petita-historia-dels-600-anys-de-lhospital-de-la-santa-creu-i-sant-pau\/#primaryimage\"},\"thumbnailUrl\":\"https:\/\/editorialmediterrania.com\/wp-content\/uploads\/2013\/02\/Petita-Historia-dels-600-anys-de-l\u2019Hospital-de-la-Santa-Creu-i-Sant-Pau.jpg\",\"datePublished\":\"2013-02-07T21:44:35+00:00\",\"dateModified\":\"2025-08-29T08:37:51+00:00\",\"description\":\"Llibre infantil educatiu petita hist\u00f2ria sobre els 600 anys de l'Hospital de la Santa Creu i Sant Pau de Barcelona per a nens i nenes d'entre 8 i 12 anys\",\"breadcrumb\":{\"@id\":\"https:\/\/editorialmediterrania.com\/en\/product\/petita-historia-dels-600-anys-de-lhospital-de-la-santa-creu-i-sant-pau\/#breadcrumb\"},\"inLanguage\":\"en-US\",\"potentialAction\":[{\"@type\":\"ReadAction\",\"target\":[\"https:\/\/editorialmediterrania.com\/en\/product\/petita-historia-dels-600-anys-de-lhospital-de-la-santa-creu-i-sant-pau\/\"]}]},{\"@type\":\"ImageObject\",\"inLanguage\":\"en-US\",\"@id\":\"https:\/\/editorialmediterrania.com\/en\/product\/petita-historia-dels-600-anys-de-lhospital-de-la-santa-creu-i-sant-pau\/#primaryimage\",\"url\":\"https:\/\/editorialmediterrania.com\/wp-content\/uploads\/2013\/02\/Petita-Historia-dels-600-anys-de-l\u2019Hospital-de-la-Santa-Creu-i-Sant-Pau.jpg\",\"contentUrl\":\"https:\/\/editorialmediterrania.com\/wp-content\/uploads\/2013\/02\/Petita-Historia-dels-600-anys-de-l\u2019Hospital-de-la-Santa-Creu-i-Sant-Pau.jpg\",\"width\":600,\"height\":740,\"caption\":\"Petita-Historia-dels-600-anys-de-l\u2019Hospital-de-la-Santa-Creu-i-Sant-Pau - Editorial Mediterr\u00e0nia\"},{\"@type\":\"BreadcrumbList\",\"@id\":\"https:\/\/editorialmediterrania.com\/en\/product\/petita-historia-dels-600-anys-de-lhospital-de-la-santa-creu-i-sant-pau\/#breadcrumb\",\"itemListElement\":[{\"@type\":\"ListItem\",\"position\":1,\"name\":\"Children&#8217;s art book store\",\"item\":\"https:\/\/editorialmediterrania.com\/en\/childrens-art-book-store\/\"},{\"@type\":\"ListItem\",\"position\":2,\"name\":\"Petita Hist\u00f2ria dels 600 anys de l&#8217;Hospital de la Santa Creu i de Sant Pau\"}]},{\"@type\":\"WebSite\",\"@id\":\"https:\/\/editorialmediterrania.com\/en\/#website\",\"url\":\"https:\/\/editorialmediterrania.com\/en\/\",\"name\":\"Editorial Mediterrania\",\"description\":\"Llibres que t\u2019obriran nous mons\",\"publisher\":{\"@id\":\"https:\/\/editorialmediterrania.com\/en\/#organization\"},\"alternateName\":\"Llibres infantils d'art, cultura i natura\",\"potentialAction\":[{\"@type\":\"SearchAction\",\"target\":{\"@type\":\"EntryPoint\",\"urlTemplate\":\"https:\/\/editorialmediterrania.com\/en\/?s={search_term_string}\"},\"query-input\":\"required name=search_term_string\"}],\"inLanguage\":\"en-US\"},{\"@type\":\"Organization\",\"@id\":\"https:\/\/editorialmediterrania.com\/en\/#organization\",\"name\":\"Editorial Mediterrania\",\"alternateName\":\"Llibres d'art, cultura i natura per infants i fam\u00edlies\",\"url\":\"https:\/\/editorialmediterrania.com\/en\/\",\"logo\":{\"@type\":\"ImageObject\",\"inLanguage\":\"en-US\",\"@id\":\"https:\/\/editorialmediterrania.com\/en\/#\/schema\/logo\/image\/\",\"url\":\"https:\/\/editorialmediterrania.com\/wp-content\/uploads\/2023\/03\/LOGO-ED_MEDITERRANIA_OK-2.png\",\"contentUrl\":\"https:\/\/editorialmediterrania.com\/wp-content\/uploads\/2023\/03\/LOGO-ED_MEDITERRANIA_OK-2.png\",\"width\":1200,\"height\":300,\"caption\":\"Editorial Mediterrania\"},\"image\":{\"@id\":\"https:\/\/editorialmediterrania.com\/en\/#\/schema\/logo\/image\/\"},\"sameAs\":[\"https:\/\/x.com\/edmediterrania\",\"https:\/\/www.instagram.com\/editorialmediterrania\/\"]}]}<\/script>\n<!-- \/ Yoast SEO plugin. -->","yoast_head_json":{"title":"Petita Hist\u00f2ria Hospital Snta Creu Snt Pau - Editorial Mediterrania","description":"Llibre infantil educatiu petita hist\u00f2ria sobre els 600 anys de l'Hospital de la Santa Creu i Sant Pau de Barcelona per a nens i nenes d'entre 8 i 12 anys","robots":{"index":"index","follow":"follow","max-snippet":"max-snippet:-1","max-image-preview":"max-image-preview:large","max-video-preview":"max-video-preview:-1"},"canonical":"https:\/\/editorialmediterrania.com\/en\/product\/petita-historia-dels-600-anys-de-lhospital-de-la-santa-creu-i-sant-pau\/","og_locale":"en_US","og_type":"article","og_title":"Petita Hist\u00f2ria Hospital Snta Creu Snt Pau - Editorial Mediterrania","og_description":"Llibre infantil educatiu petita hist\u00f2ria sobre els 600 anys de l'Hospital de la Santa Creu i Sant Pau de Barcelona per a nens i nenes d'entre 8 i 12 anys","og_url":"https:\/\/editorialmediterrania.com\/en\/product\/petita-historia-dels-600-anys-de-lhospital-de-la-santa-creu-i-sant-pau\/","og_site_name":"Editorial Mediterr\u00e0nia","article_modified_time":"2025-08-29T08:37:51+00:00","og_image":[{"width":600,"height":740,"url":"https:\/\/editorialmediterrania.com\/wp-content\/uploads\/2013\/02\/Petita-Historia-dels-600-anys-de-l\u2019Hospital-de-la-Santa-Creu-i-Sant-Pau.jpg","type":"image\/jpeg"}],"twitter_card":"summary_large_image","twitter_site":"@edmediterrania","twitter_misc":{"Est. reading time":"1 minute"},"schema":{"@context":"https:\/\/schema.org","@graph":[{"@type":"WebPage","@id":"https:\/\/editorialmediterrania.com\/en\/product\/petita-historia-dels-600-anys-de-lhospital-de-la-santa-creu-i-sant-pau\/","url":"https:\/\/editorialmediterrania.com\/en\/product\/petita-historia-dels-600-anys-de-lhospital-de-la-santa-creu-i-sant-pau\/","name":"Petita Hist\u00f2ria Hospital Snta Creu Snt Pau - Editorial Mediterrania","isPartOf":{"@id":"https:\/\/editorialmediterrania.com\/en\/#website"},"primaryImageOfPage":{"@id":"https:\/\/editorialmediterrania.com\/en\/product\/petita-historia-dels-600-anys-de-lhospital-de-la-santa-creu-i-sant-pau\/#primaryimage"},"image":{"@id":"https:\/\/editorialmediterrania.com\/en\/product\/petita-historia-dels-600-anys-de-lhospital-de-la-santa-creu-i-sant-pau\/#primaryimage"},"thumbnailUrl":"https:\/\/editorialmediterrania.com\/wp-content\/uploads\/2013\/02\/Petita-Historia-dels-600-anys-de-l\u2019Hospital-de-la-Santa-Creu-i-Sant-Pau.jpg","datePublished":"2013-02-07T21:44:35+00:00","dateModified":"2025-08-29T08:37:51+00:00","description":"Llibre infantil educatiu petita hist\u00f2ria sobre els 600 anys de l'Hospital de la Santa Creu i Sant Pau de Barcelona per a nens i nenes d'entre 8 i 12 anys","breadcrumb":{"@id":"https:\/\/editorialmediterrania.com\/en\/product\/petita-historia-dels-600-anys-de-lhospital-de-la-santa-creu-i-sant-pau\/#breadcrumb"},"inLanguage":"en-US","potentialAction":[{"@type":"ReadAction","target":["https:\/\/editorialmediterrania.com\/en\/product\/petita-historia-dels-600-anys-de-lhospital-de-la-santa-creu-i-sant-pau\/"]}]},{"@type":"ImageObject","inLanguage":"en-US","@id":"https:\/\/editorialmediterrania.com\/en\/product\/petita-historia-dels-600-anys-de-lhospital-de-la-santa-creu-i-sant-pau\/#primaryimage","url":"https:\/\/editorialmediterrania.com\/wp-content\/uploads\/2013\/02\/Petita-Historia-dels-600-anys-de-l\u2019Hospital-de-la-Santa-Creu-i-Sant-Pau.jpg","contentUrl":"https:\/\/editorialmediterrania.com\/wp-content\/uploads\/2013\/02\/Petita-Historia-dels-600-anys-de-l\u2019Hospital-de-la-Santa-Creu-i-Sant-Pau.jpg","width":600,"height":740,"caption":"Petita-Historia-dels-600-anys-de-l\u2019Hospital-de-la-Santa-Creu-i-Sant-Pau - Editorial Mediterr\u00e0nia"},{"@type":"BreadcrumbList","@id":"https:\/\/editorialmediterrania.com\/en\/product\/petita-historia-dels-600-anys-de-lhospital-de-la-santa-creu-i-sant-pau\/#breadcrumb","itemListElement":[{"@type":"ListItem","position":1,"name":"Children&#8217;s art book store","item":"https:\/\/editorialmediterrania.com\/en\/childrens-art-book-store\/"},{"@type":"ListItem","position":2,"name":"Petita Hist\u00f2ria dels 600 anys de l&#8217;Hospital de la Santa Creu i de Sant Pau"}]},{"@type":"WebSite","@id":"https:\/\/editorialmediterrania.com\/en\/#website","url":"https:\/\/editorialmediterrania.com\/en\/","name":"Editorial Mediterrania","description":"Llibres que t\u2019obriran nous mons","publisher":{"@id":"https:\/\/editorialmediterrania.com\/en\/#organization"},"alternateName":"Llibres infantils d'art, cultura i natura","potentialAction":[{"@type":"SearchAction","target":{"@type":"EntryPoint","urlTemplate":"https:\/\/editorialmediterrania.com\/en\/?s={search_term_string}"},"query-input":"required name=search_term_string"}],"inLanguage":"en-US"},{"@type":"Organization","@id":"https:\/\/editorialmediterrania.com\/en\/#organization","name":"Editorial Mediterrania","alternateName":"Llibres d'art, cultura i natura per infants i fam\u00edlies","url":"https:\/\/editorialmediterrania.com\/en\/","logo":{"@type":"ImageObject","inLanguage":"en-US","@id":"https:\/\/editorialmediterrania.com\/en\/#\/schema\/logo\/image\/","url":"https:\/\/editorialmediterrania.com\/wp-content\/uploads\/2023\/03\/LOGO-ED_MEDITERRANIA_OK-2.png","contentUrl":"https:\/\/editorialmediterrania.com\/wp-content\/uploads\/2023\/03\/LOGO-ED_MEDITERRANIA_OK-2.png","width":1200,"height":300,"caption":"Editorial Mediterrania"},"image":{"@id":"https:\/\/editorialmediterrania.com\/en\/#\/schema\/logo\/image\/"},"sameAs":["https:\/\/x.com\/edmediterrania","https:\/\/www.instagram.com\/editorialmediterrania\/"]}]}},"_links":{"self":[{"href":"https:\/\/editorialmediterrania.com\/en\/wp-json\/wp\/v2\/product\/3634","targetHints":{"allow":["GET"]}}],"collection":[{"href":"https:\/\/editorialmediterrania.com\/en\/wp-json\/wp\/v2\/product"}],"about":[{"href":"https:\/\/editorialmediterrania.com\/en\/wp-json\/wp\/v2\/types\/product"}],"wp:featuredmedia":[{"embeddable":true,"href":"https:\/\/editorialmediterrania.com\/en\/wp-json\/wp\/v2\/media\/21705"}],"wp:attachment":[{"href":"https:\/\/editorialmediterrania.com\/en\/wp-json\/wp\/v2\/media?parent=3634"}],"wp:term":[{"taxonomy":"product_cat","embeddable":true,"href":"https:\/\/editorialmediterrania.com\/en\/wp-json\/wp\/v2\/product_cat?post=3634"},{"taxonomy":"product_tag","embeddable":true,"href":"https:\/\/editorialmediterrania.com\/en\/wp-json\/wp\/v2\/product_tag?post=3634"},{"taxonomy":"autors","embeddable":true,"href":"https:\/\/editorialmediterrania.com\/en\/wp-json\/wp\/v2\/autors?post=3634"}],"curies":[{"name":"wp","href":"https:\/\/api.w.org\/{rel}","templated":true}]}}