{"id":39296,"date":"2023-04-18T09:01:09","date_gmt":"2023-04-18T07:01:09","guid":{"rendered":"http:\/\/editorialmediterrania.com\/?post_type=product&#038;p=39296"},"modified":"2024-03-25T12:41:35","modified_gmt":"2024-03-25T11:41:35","slug":"col%c2%b7leccio-dues-lectures-la-ventafocs-el-sastre-valent","status":"publish","type":"product","link":"https:\/\/editorialmediterrania.com\/en\/product\/col%c2%b7leccio-dues-lectures-la-ventafocs-el-sastre-valent\/","title":{"rendered":"La ventafocs \/ El sastre valent"},"content":{"rendered":"<p>Una nova col\u00b7leccio\u0301 capicua perque\u0300 els me\u0301s petits comencin a llegir de la ma\u0300 d\u2019una de les artistes me\u0301s estimades del pai\u0301s. Per una banda <em>La Ventafocs<\/em>\u00a0i si gires el llibre&#8230; <em>El sastre valent!<\/em> Amb lletra de pal i lletra lligada per seguir l\u2019evolucio\u0301 lectora dels joves lectors.<\/p>\n<div class=\"column\">\n<p><strong>Il\u00b7lustrats per Pilarin Bay\u00e9s!<\/strong><\/p>\n<\/div>\n","protected":false},"excerpt":{"rendered":"<p>Els contes cla\u0300ssics per llegir en fami\u0301lia!<\/p>\n","protected":false},"featured_media":42830,"template":"","meta":[],"product_cat":[16,6289],"product_tag":[],"autors":[],"class_list":{"0":"post-39296","1":"product","2":"type-product","3":"status-publish","4":"has-post-thumbnail","6":"product_cat-editorial-mediterrania","7":"product_cat-dues-lectures","9":"first","10":"instock","11":"featured","12":"taxable","13":"shipping-taxable","14":"purchasable","15":"product-type-simple","swatches":"rey-swatches","show_selected":""},"acf":[],"yoast_head":"<!-- This site is optimized with the Yoast SEO plugin v22.8 - https:\/\/yoast.com\/wordpress\/plugins\/seo\/ -->\n<title>La ventafocs \/ El sastre valent - Editorial Mediterr\u00e0nia<\/title>\n<meta name=\"description\" content=\"La ventafocs i el sastre valent, una doble lectura per llegir en fam\u00edlia! Pertany a la col\u00b7lecci\u00f3 dues lectures de Pilar\u00edn Bay\u00e9s\" \/>\n<meta name=\"robots\" content=\"index, follow, max-snippet:-1, max-image-preview:large, max-video-preview:-1\" \/>\n<link rel=\"canonical\" href=\"https:\/\/editorialmediterrania.com\/en\/product\/col%c2%b7leccio-dues-lectures-la-ventafocs-el-sastre-valent\/\" \/>\n<meta property=\"og:locale\" content=\"en_US\" \/>\n<meta property=\"og:type\" content=\"article\" \/>\n<meta property=\"og:title\" content=\"La ventafocs \/ El sastre valent - Editorial Mediterr\u00e0nia\" \/>\n<meta property=\"og:description\" content=\"La ventafocs i el sastre valent, una doble lectura per llegir en fam\u00edlia! Pertany a la col\u00b7lecci\u00f3 dues lectures de Pilar\u00edn Bay\u00e9s\" \/>\n<meta property=\"og:url\" content=\"https:\/\/editorialmediterrania.com\/en\/product\/col%c2%b7leccio-dues-lectures-la-ventafocs-el-sastre-valent\/\" \/>\n<meta property=\"og:site_name\" content=\"Editorial Mediterr\u00e0nia\" \/>\n<meta property=\"article:modified_time\" content=\"2024-03-25T11:41:35+00:00\" \/>\n<meta property=\"og:image\" content=\"https:\/\/editorialmediterrania.com\/wp-content\/uploads\/2023\/04\/Pilarin-Ventafocs-Sastre-coberta_page-0001-1.jpg\" \/>\n\t<meta property=\"og:image:width\" content=\"1321\" \/>\n\t<meta property=\"og:image:height\" content=\"1396\" \/>\n\t<meta property=\"og:image:type\" content=\"image\/jpeg\" \/>\n<meta name=\"twitter:card\" content=\"summary_large_image\" \/>\n<meta name=\"twitter:site\" content=\"@edmediterrania\" \/>\n<meta name=\"twitter:label1\" content=\"Est. reading time\" \/>\n\t<meta name=\"twitter:data1\" content=\"1 minute\" \/>\n<script type=\"application\/ld+json\" class=\"yoast-schema-graph\">{\"@context\":\"https:\/\/schema.org\",\"@graph\":[{\"@type\":\"WebPage\",\"@id\":\"https:\/\/editorialmediterrania.com\/en\/product\/col%c2%b7leccio-dues-lectures-la-ventafocs-el-sastre-valent\/\",\"url\":\"https:\/\/editorialmediterrania.com\/en\/product\/col%c2%b7leccio-dues-lectures-la-ventafocs-el-sastre-valent\/\",\"name\":\"La ventafocs \/ El sastre valent - Editorial Mediterr\u00e0nia\",\"isPartOf\":{\"@id\":\"https:\/\/editorialmediterrania.com\/en\/#website\"},\"primaryImageOfPage\":{\"@id\":\"https:\/\/editorialmediterrania.com\/en\/product\/col%c2%b7leccio-dues-lectures-la-ventafocs-el-sastre-valent\/#primaryimage\"},\"image\":{\"@id\":\"https:\/\/editorialmediterrania.com\/en\/product\/col%c2%b7leccio-dues-lectures-la-ventafocs-el-sastre-valent\/#primaryimage\"},\"thumbnailUrl\":\"https:\/\/editorialmediterrania.com\/wp-content\/uploads\/2023\/04\/Pilarin-Ventafocs-Sastre-coberta_page-0001-1.jpg\",\"datePublished\":\"2023-04-18T07:01:09+00:00\",\"dateModified\":\"2024-03-25T11:41:35+00:00\",\"description\":\"La ventafocs i el sastre valent, una doble lectura per llegir en fam\u00edlia! Pertany a la col\u00b7lecci\u00f3 dues lectures de Pilar\u00edn Bay\u00e9s\",\"breadcrumb\":{\"@id\":\"https:\/\/editorialmediterrania.com\/en\/product\/col%c2%b7leccio-dues-lectures-la-ventafocs-el-sastre-valent\/#breadcrumb\"},\"inLanguage\":\"en-US\",\"potentialAction\":[{\"@type\":\"ReadAction\",\"target\":[\"https:\/\/editorialmediterrania.com\/en\/product\/col%c2%b7leccio-dues-lectures-la-ventafocs-el-sastre-valent\/\"]}]},{\"@type\":\"ImageObject\",\"inLanguage\":\"en-US\",\"@id\":\"https:\/\/editorialmediterrania.com\/en\/product\/col%c2%b7leccio-dues-lectures-la-ventafocs-el-sastre-valent\/#primaryimage\",\"url\":\"https:\/\/editorialmediterrania.com\/wp-content\/uploads\/2023\/04\/Pilarin-Ventafocs-Sastre-coberta_page-0001-1.jpg\",\"contentUrl\":\"https:\/\/editorialmediterrania.com\/wp-content\/uploads\/2023\/04\/Pilarin-Ventafocs-Sastre-coberta_page-0001-1.jpg\",\"width\":1321,\"height\":1396},{\"@type\":\"BreadcrumbList\",\"@id\":\"https:\/\/editorialmediterrania.com\/en\/product\/col%c2%b7leccio-dues-lectures-la-ventafocs-el-sastre-valent\/#breadcrumb\",\"itemListElement\":[{\"@type\":\"ListItem\",\"position\":1,\"name\":\"Children&#8217;s art book store\",\"item\":\"https:\/\/editorialmediterrania.com\/en\/childrens-art-book-store\/\"},{\"@type\":\"ListItem\",\"position\":2,\"name\":\"La ventafocs \/ El sastre valent\"}]},{\"@type\":\"WebSite\",\"@id\":\"https:\/\/editorialmediterrania.com\/en\/#website\",\"url\":\"https:\/\/editorialmediterrania.com\/en\/\",\"name\":\"Editorial Mediterrania\",\"description\":\"Llibres que t\u2019obriran nous mons\",\"publisher\":{\"@id\":\"https:\/\/editorialmediterrania.com\/en\/#organization\"},\"alternateName\":\"Llibres infantils d'art, cultura i natura\",\"potentialAction\":[{\"@type\":\"SearchAction\",\"target\":{\"@type\":\"EntryPoint\",\"urlTemplate\":\"https:\/\/editorialmediterrania.com\/en\/?s={search_term_string}\"},\"query-input\":\"required name=search_term_string\"}],\"inLanguage\":\"en-US\"},{\"@type\":\"Organization\",\"@id\":\"https:\/\/editorialmediterrania.com\/en\/#organization\",\"name\":\"Editorial Mediterrania\",\"alternateName\":\"Llibres d'art, cultura i natura per infants i fam\u00edlies\",\"url\":\"https:\/\/editorialmediterrania.com\/en\/\",\"logo\":{\"@type\":\"ImageObject\",\"inLanguage\":\"en-US\",\"@id\":\"https:\/\/editorialmediterrania.com\/en\/#\/schema\/logo\/image\/\",\"url\":\"https:\/\/editorialmediterrania.com\/wp-content\/uploads\/2023\/03\/LOGO-ED_MEDITERRANIA_OK-2.png\",\"contentUrl\":\"https:\/\/editorialmediterrania.com\/wp-content\/uploads\/2023\/03\/LOGO-ED_MEDITERRANIA_OK-2.png\",\"width\":1200,\"height\":300,\"caption\":\"Editorial Mediterrania\"},\"image\":{\"@id\":\"https:\/\/editorialmediterrania.com\/en\/#\/schema\/logo\/image\/\"},\"sameAs\":[\"https:\/\/x.com\/edmediterrania\",\"https:\/\/www.instagram.com\/editorialmediterrania\/\"]}]}<\/script>\n<!-- \/ Yoast SEO plugin. -->","yoast_head_json":{"title":"La ventafocs \/ El sastre valent - Editorial Mediterr\u00e0nia","description":"La ventafocs i el sastre valent, una doble lectura per llegir en fam\u00edlia! Pertany a la col\u00b7lecci\u00f3 dues lectures de Pilar\u00edn Bay\u00e9s","robots":{"index":"index","follow":"follow","max-snippet":"max-snippet:-1","max-image-preview":"max-image-preview:large","max-video-preview":"max-video-preview:-1"},"canonical":"https:\/\/editorialmediterrania.com\/en\/product\/col%c2%b7leccio-dues-lectures-la-ventafocs-el-sastre-valent\/","og_locale":"en_US","og_type":"article","og_title":"La ventafocs \/ El sastre valent - Editorial Mediterr\u00e0nia","og_description":"La ventafocs i el sastre valent, una doble lectura per llegir en fam\u00edlia! Pertany a la col\u00b7lecci\u00f3 dues lectures de Pilar\u00edn Bay\u00e9s","og_url":"https:\/\/editorialmediterrania.com\/en\/product\/col%c2%b7leccio-dues-lectures-la-ventafocs-el-sastre-valent\/","og_site_name":"Editorial Mediterr\u00e0nia","article_modified_time":"2024-03-25T11:41:35+00:00","og_image":[{"width":1321,"height":1396,"url":"https:\/\/editorialmediterrania.com\/wp-content\/uploads\/2023\/04\/Pilarin-Ventafocs-Sastre-coberta_page-0001-1.jpg","type":"image\/jpeg"}],"twitter_card":"summary_large_image","twitter_site":"@edmediterrania","twitter_misc":{"Est. reading time":"1 minute"},"schema":{"@context":"https:\/\/schema.org","@graph":[{"@type":"WebPage","@id":"https:\/\/editorialmediterrania.com\/en\/product\/col%c2%b7leccio-dues-lectures-la-ventafocs-el-sastre-valent\/","url":"https:\/\/editorialmediterrania.com\/en\/product\/col%c2%b7leccio-dues-lectures-la-ventafocs-el-sastre-valent\/","name":"La ventafocs \/ El sastre valent - Editorial Mediterr\u00e0nia","isPartOf":{"@id":"https:\/\/editorialmediterrania.com\/en\/#website"},"primaryImageOfPage":{"@id":"https:\/\/editorialmediterrania.com\/en\/product\/col%c2%b7leccio-dues-lectures-la-ventafocs-el-sastre-valent\/#primaryimage"},"image":{"@id":"https:\/\/editorialmediterrania.com\/en\/product\/col%c2%b7leccio-dues-lectures-la-ventafocs-el-sastre-valent\/#primaryimage"},"thumbnailUrl":"https:\/\/editorialmediterrania.com\/wp-content\/uploads\/2023\/04\/Pilarin-Ventafocs-Sastre-coberta_page-0001-1.jpg","datePublished":"2023-04-18T07:01:09+00:00","dateModified":"2024-03-25T11:41:35+00:00","description":"La ventafocs i el sastre valent, una doble lectura per llegir en fam\u00edlia! Pertany a la col\u00b7lecci\u00f3 dues lectures de Pilar\u00edn Bay\u00e9s","breadcrumb":{"@id":"https:\/\/editorialmediterrania.com\/en\/product\/col%c2%b7leccio-dues-lectures-la-ventafocs-el-sastre-valent\/#breadcrumb"},"inLanguage":"en-US","potentialAction":[{"@type":"ReadAction","target":["https:\/\/editorialmediterrania.com\/en\/product\/col%c2%b7leccio-dues-lectures-la-ventafocs-el-sastre-valent\/"]}]},{"@type":"ImageObject","inLanguage":"en-US","@id":"https:\/\/editorialmediterrania.com\/en\/product\/col%c2%b7leccio-dues-lectures-la-ventafocs-el-sastre-valent\/#primaryimage","url":"https:\/\/editorialmediterrania.com\/wp-content\/uploads\/2023\/04\/Pilarin-Ventafocs-Sastre-coberta_page-0001-1.jpg","contentUrl":"https:\/\/editorialmediterrania.com\/wp-content\/uploads\/2023\/04\/Pilarin-Ventafocs-Sastre-coberta_page-0001-1.jpg","width":1321,"height":1396},{"@type":"BreadcrumbList","@id":"https:\/\/editorialmediterrania.com\/en\/product\/col%c2%b7leccio-dues-lectures-la-ventafocs-el-sastre-valent\/#breadcrumb","itemListElement":[{"@type":"ListItem","position":1,"name":"Children&#8217;s art book store","item":"https:\/\/editorialmediterrania.com\/en\/childrens-art-book-store\/"},{"@type":"ListItem","position":2,"name":"La ventafocs \/ El sastre valent"}]},{"@type":"WebSite","@id":"https:\/\/editorialmediterrania.com\/en\/#website","url":"https:\/\/editorialmediterrania.com\/en\/","name":"Editorial Mediterrania","description":"Llibres que t\u2019obriran nous mons","publisher":{"@id":"https:\/\/editorialmediterrania.com\/en\/#organization"},"alternateName":"Llibres infantils d'art, cultura i natura","potentialAction":[{"@type":"SearchAction","target":{"@type":"EntryPoint","urlTemplate":"https:\/\/editorialmediterrania.com\/en\/?s={search_term_string}"},"query-input":"required name=search_term_string"}],"inLanguage":"en-US"},{"@type":"Organization","@id":"https:\/\/editorialmediterrania.com\/en\/#organization","name":"Editorial Mediterrania","alternateName":"Llibres d'art, cultura i natura per infants i fam\u00edlies","url":"https:\/\/editorialmediterrania.com\/en\/","logo":{"@type":"ImageObject","inLanguage":"en-US","@id":"https:\/\/editorialmediterrania.com\/en\/#\/schema\/logo\/image\/","url":"https:\/\/editorialmediterrania.com\/wp-content\/uploads\/2023\/03\/LOGO-ED_MEDITERRANIA_OK-2.png","contentUrl":"https:\/\/editorialmediterrania.com\/wp-content\/uploads\/2023\/03\/LOGO-ED_MEDITERRANIA_OK-2.png","width":1200,"height":300,"caption":"Editorial Mediterrania"},"image":{"@id":"https:\/\/editorialmediterrania.com\/en\/#\/schema\/logo\/image\/"},"sameAs":["https:\/\/x.com\/edmediterrania","https:\/\/www.instagram.com\/editorialmediterrania\/"]}]}},"_links":{"self":[{"href":"https:\/\/editorialmediterrania.com\/en\/wp-json\/wp\/v2\/product\/39296","targetHints":{"allow":["GET"]}}],"collection":[{"href":"https:\/\/editorialmediterrania.com\/en\/wp-json\/wp\/v2\/product"}],"about":[{"href":"https:\/\/editorialmediterrania.com\/en\/wp-json\/wp\/v2\/types\/product"}],"wp:featuredmedia":[{"embeddable":true,"href":"https:\/\/editorialmediterrania.com\/en\/wp-json\/wp\/v2\/media\/42830"}],"wp:attachment":[{"href":"https:\/\/editorialmediterrania.com\/en\/wp-json\/wp\/v2\/media?parent=39296"}],"wp:term":[{"taxonomy":"product_cat","embeddable":true,"href":"https:\/\/editorialmediterrania.com\/en\/wp-json\/wp\/v2\/product_cat?post=39296"},{"taxonomy":"product_tag","embeddable":true,"href":"https:\/\/editorialmediterrania.com\/en\/wp-json\/wp\/v2\/product_tag?post=39296"},{"taxonomy":"autors","embeddable":true,"href":"https:\/\/editorialmediterrania.com\/en\/wp-json\/wp\/v2\/autors?post=39296"}],"curies":[{"name":"wp","href":"https:\/\/api.w.org\/{rel}","templated":true}]}}