{"id":39314,"date":"2023-04-18T09:01:33","date_gmt":"2023-04-18T07:01:33","guid":{"rendered":"http:\/\/editorialmediterrania.com\/?post_type=product&#038;p=39314"},"modified":"2025-07-28T08:48:28","modified_gmt":"2025-07-28T06:48:28","slug":"petita-historia-de-joan-serra","status":"publish","type":"product","link":"https:\/\/editorialmediterrania.com\/en\/product\/petita-historia-de-joan-serra\/","title":{"rendered":"Petita hist\u00f2ria de Joan Serra"},"content":{"rendered":"<div class=\"\">\n<p class=\"p1\">Aquesta petita hist\u00f2ria recull la vida del <strong>ballar\u00ed, core\u00f2graf i pedagog<\/strong> de la <strong>dansa tradicional catalana.<\/strong><\/p>\n<p class=\"p1\">Joan Serra i la seva implicaci\u00f3 amb <strong>Sant Esteve de Palautordera<\/strong>,\u00a0va impulsar la implantaci\u00f3 de la dansa i el llenguatge corporal a les escoles, a trav\u00e9s de programacions espec\u00edfiques pensades per a totes les edats.<\/p>\n<\/div>\n<div><\/div>\n<div class=\"\">La col\u00b7lecci\u00f3 <a href=\"http:\/\/editorialmediterrania.com\/coleccions\/infantil-juvenil-i-families\/col-leccions\/petites-histories\/\">Petites hist\u00f2ries<\/a> compta amb m\u00e9s de<strong> 350 t\u00edtols diferents<\/strong>, tots ells il\u00b7lustrats per<strong><a href=\"https:\/\/pilarin.cat\"> Pilar\u00edn Bay\u00e9s<\/a><\/strong>. Gr\u00e0cies a aquesta col\u00b7lecci\u00f3, els nens i nenes de diverses generacions han pogut con\u00e8ixer els artistes, tradicions i indrets m\u00e9s destacats del nostre pa\u00eds, de manera divertida i amena.<\/div>\n","protected":false},"excerpt":{"rendered":"<p>Descobreix qui era <strong>Joan Serra<\/strong>!<\/p>\n","protected":false},"featured_media":39342,"template":"","meta":[],"product_cat":[16,73],"product_tag":[337,339,739,5617,4362,6288,6287],"autors":[],"class_list":{"0":"post-39314","1":"product","2":"type-product","3":"status-publish","4":"has-post-thumbnail","6":"product_cat-editorial-mediterrania","7":"product_cat-petites-histories","8":"product_tag-libro-infantil","9":"product_tag-literatura","10":"product_tag-nadal","11":"product_tag-pessebre","12":"product_tag-pilarin-bayes","13":"product_tag-sabadell","14":"product_tag-tradicio","16":"first","17":"instock","18":"featured","19":"purchasable","20":"product-type-simple","swatches":"rey-swatches","show_selected":""},"acf":[],"yoast_head":"<!-- This site is optimized with the Yoast SEO plugin v22.8 - https:\/\/yoast.com\/wordpress\/plugins\/seo\/ -->\n<title>Llibre infantil del Pessebre a Sabadell - Editorial Mediterr\u00e0nia<\/title>\n<meta name=\"description\" content=\"La Petita hist\u00f2ria del Pessebre a Sabadell explica aquesta tradici\u00f3 pel 80\u00e8 aniversari de l\u2019Agrupaci\u00f3 de Pessebristes de Sabadell.\" \/>\n<meta name=\"robots\" content=\"index, follow, max-snippet:-1, max-image-preview:large, max-video-preview:-1\" \/>\n<link rel=\"canonical\" href=\"https:\/\/editorialmediterrania.com\/en\/product\/petita-historia-de-joan-serra\/\" \/>\n<meta property=\"og:locale\" content=\"en_US\" \/>\n<meta property=\"og:type\" content=\"article\" \/>\n<meta property=\"og:title\" content=\"Llibre infantil del Pessebre a Sabadell - Editorial Mediterr\u00e0nia\" \/>\n<meta property=\"og:description\" content=\"La Petita hist\u00f2ria del Pessebre a Sabadell explica aquesta tradici\u00f3 pel 80\u00e8 aniversari de l\u2019Agrupaci\u00f3 de Pessebristes de Sabadell.\" \/>\n<meta property=\"og:url\" content=\"https:\/\/editorialmediterrania.com\/en\/product\/petita-historia-de-joan-serra\/\" \/>\n<meta property=\"og:site_name\" content=\"Editorial Mediterr\u00e0nia\" \/>\n<meta property=\"article:modified_time\" content=\"2025-07-28T06:48:28+00:00\" \/>\n<meta property=\"og:image\" content=\"https:\/\/editorialmediterrania.com\/wp-content\/uploads\/2023\/04\/9788419028051.png\" \/>\n\t<meta property=\"og:image:width\" content=\"960\" \/>\n\t<meta property=\"og:image:height\" content=\"1166\" \/>\n\t<meta property=\"og:image:type\" content=\"image\/png\" \/>\n<meta name=\"twitter:card\" content=\"summary_large_image\" \/>\n<meta name=\"twitter:site\" content=\"@edmediterrania\" \/>\n<meta name=\"twitter:label1\" content=\"Est. reading time\" \/>\n\t<meta name=\"twitter:data1\" content=\"1 minute\" \/>\n<script type=\"application\/ld+json\" class=\"yoast-schema-graph\">{\"@context\":\"https:\/\/schema.org\",\"@graph\":[{\"@type\":\"WebPage\",\"@id\":\"https:\/\/editorialmediterrania.com\/en\/product\/petita-historia-de-joan-serra\/\",\"url\":\"https:\/\/editorialmediterrania.com\/en\/product\/petita-historia-de-joan-serra\/\",\"name\":\"Llibre infantil del Pessebre a Sabadell - Editorial Mediterr\u00e0nia\",\"isPartOf\":{\"@id\":\"https:\/\/editorialmediterrania.com\/en\/#website\"},\"primaryImageOfPage\":{\"@id\":\"https:\/\/editorialmediterrania.com\/en\/product\/petita-historia-de-joan-serra\/#primaryimage\"},\"image\":{\"@id\":\"https:\/\/editorialmediterrania.com\/en\/product\/petita-historia-de-joan-serra\/#primaryimage\"},\"thumbnailUrl\":\"https:\/\/editorialmediterrania.com\/wp-content\/uploads\/2023\/04\/9788419028051.png\",\"datePublished\":\"2023-04-18T07:01:33+00:00\",\"dateModified\":\"2025-07-28T06:48:28+00:00\",\"description\":\"La Petita hist\u00f2ria del Pessebre a Sabadell explica aquesta tradici\u00f3 pel 80\u00e8 aniversari de l\u2019Agrupaci\u00f3 de Pessebristes de Sabadell.\",\"breadcrumb\":{\"@id\":\"https:\/\/editorialmediterrania.com\/en\/product\/petita-historia-de-joan-serra\/#breadcrumb\"},\"inLanguage\":\"en-US\",\"potentialAction\":[{\"@type\":\"ReadAction\",\"target\":[\"https:\/\/editorialmediterrania.com\/en\/product\/petita-historia-de-joan-serra\/\"]}]},{\"@type\":\"ImageObject\",\"inLanguage\":\"en-US\",\"@id\":\"https:\/\/editorialmediterrania.com\/en\/product\/petita-historia-de-joan-serra\/#primaryimage\",\"url\":\"https:\/\/editorialmediterrania.com\/wp-content\/uploads\/2023\/04\/9788419028051.png\",\"contentUrl\":\"https:\/\/editorialmediterrania.com\/wp-content\/uploads\/2023\/04\/9788419028051.png\",\"width\":960,\"height\":1166},{\"@type\":\"BreadcrumbList\",\"@id\":\"https:\/\/editorialmediterrania.com\/en\/product\/petita-historia-de-joan-serra\/#breadcrumb\",\"itemListElement\":[{\"@type\":\"ListItem\",\"position\":1,\"name\":\"Children&#8217;s art book store\",\"item\":\"https:\/\/editorialmediterrania.com\/en\/childrens-art-book-store\/\"},{\"@type\":\"ListItem\",\"position\":2,\"name\":\"Petita hist\u00f2ria de Joan Serra\"}]},{\"@type\":\"WebSite\",\"@id\":\"https:\/\/editorialmediterrania.com\/en\/#website\",\"url\":\"https:\/\/editorialmediterrania.com\/en\/\",\"name\":\"Editorial Mediterrania\",\"description\":\"Llibres que t\u2019obriran nous mons\",\"publisher\":{\"@id\":\"https:\/\/editorialmediterrania.com\/en\/#organization\"},\"alternateName\":\"Llibres infantils d'art, cultura i natura\",\"potentialAction\":[{\"@type\":\"SearchAction\",\"target\":{\"@type\":\"EntryPoint\",\"urlTemplate\":\"https:\/\/editorialmediterrania.com\/en\/?s={search_term_string}\"},\"query-input\":\"required name=search_term_string\"}],\"inLanguage\":\"en-US\"},{\"@type\":\"Organization\",\"@id\":\"https:\/\/editorialmediterrania.com\/en\/#organization\",\"name\":\"Editorial Mediterrania\",\"alternateName\":\"Llibres d'art, cultura i natura per infants i fam\u00edlies\",\"url\":\"https:\/\/editorialmediterrania.com\/en\/\",\"logo\":{\"@type\":\"ImageObject\",\"inLanguage\":\"en-US\",\"@id\":\"https:\/\/editorialmediterrania.com\/en\/#\/schema\/logo\/image\/\",\"url\":\"https:\/\/editorialmediterrania.com\/wp-content\/uploads\/2023\/03\/LOGO-ED_MEDITERRANIA_OK-2.png\",\"contentUrl\":\"https:\/\/editorialmediterrania.com\/wp-content\/uploads\/2023\/03\/LOGO-ED_MEDITERRANIA_OK-2.png\",\"width\":1200,\"height\":300,\"caption\":\"Editorial Mediterrania\"},\"image\":{\"@id\":\"https:\/\/editorialmediterrania.com\/en\/#\/schema\/logo\/image\/\"},\"sameAs\":[\"https:\/\/x.com\/edmediterrania\",\"https:\/\/www.instagram.com\/editorialmediterrania\/\"]}]}<\/script>\n<!-- \/ Yoast SEO plugin. -->","yoast_head_json":{"title":"Llibre infantil del Pessebre a Sabadell - Editorial Mediterr\u00e0nia","description":"La Petita hist\u00f2ria del Pessebre a Sabadell explica aquesta tradici\u00f3 pel 80\u00e8 aniversari de l\u2019Agrupaci\u00f3 de Pessebristes de Sabadell.","robots":{"index":"index","follow":"follow","max-snippet":"max-snippet:-1","max-image-preview":"max-image-preview:large","max-video-preview":"max-video-preview:-1"},"canonical":"https:\/\/editorialmediterrania.com\/en\/product\/petita-historia-de-joan-serra\/","og_locale":"en_US","og_type":"article","og_title":"Llibre infantil del Pessebre a Sabadell - Editorial Mediterr\u00e0nia","og_description":"La Petita hist\u00f2ria del Pessebre a Sabadell explica aquesta tradici\u00f3 pel 80\u00e8 aniversari de l\u2019Agrupaci\u00f3 de Pessebristes de Sabadell.","og_url":"https:\/\/editorialmediterrania.com\/en\/product\/petita-historia-de-joan-serra\/","og_site_name":"Editorial Mediterr\u00e0nia","article_modified_time":"2025-07-28T06:48:28+00:00","og_image":[{"width":960,"height":1166,"url":"https:\/\/editorialmediterrania.com\/wp-content\/uploads\/2023\/04\/9788419028051.png","type":"image\/png"}],"twitter_card":"summary_large_image","twitter_site":"@edmediterrania","twitter_misc":{"Est. reading time":"1 minute"},"schema":{"@context":"https:\/\/schema.org","@graph":[{"@type":"WebPage","@id":"https:\/\/editorialmediterrania.com\/en\/product\/petita-historia-de-joan-serra\/","url":"https:\/\/editorialmediterrania.com\/en\/product\/petita-historia-de-joan-serra\/","name":"Llibre infantil del Pessebre a Sabadell - Editorial Mediterr\u00e0nia","isPartOf":{"@id":"https:\/\/editorialmediterrania.com\/en\/#website"},"primaryImageOfPage":{"@id":"https:\/\/editorialmediterrania.com\/en\/product\/petita-historia-de-joan-serra\/#primaryimage"},"image":{"@id":"https:\/\/editorialmediterrania.com\/en\/product\/petita-historia-de-joan-serra\/#primaryimage"},"thumbnailUrl":"https:\/\/editorialmediterrania.com\/wp-content\/uploads\/2023\/04\/9788419028051.png","datePublished":"2023-04-18T07:01:33+00:00","dateModified":"2025-07-28T06:48:28+00:00","description":"La Petita hist\u00f2ria del Pessebre a Sabadell explica aquesta tradici\u00f3 pel 80\u00e8 aniversari de l\u2019Agrupaci\u00f3 de Pessebristes de Sabadell.","breadcrumb":{"@id":"https:\/\/editorialmediterrania.com\/en\/product\/petita-historia-de-joan-serra\/#breadcrumb"},"inLanguage":"en-US","potentialAction":[{"@type":"ReadAction","target":["https:\/\/editorialmediterrania.com\/en\/product\/petita-historia-de-joan-serra\/"]}]},{"@type":"ImageObject","inLanguage":"en-US","@id":"https:\/\/editorialmediterrania.com\/en\/product\/petita-historia-de-joan-serra\/#primaryimage","url":"https:\/\/editorialmediterrania.com\/wp-content\/uploads\/2023\/04\/9788419028051.png","contentUrl":"https:\/\/editorialmediterrania.com\/wp-content\/uploads\/2023\/04\/9788419028051.png","width":960,"height":1166},{"@type":"BreadcrumbList","@id":"https:\/\/editorialmediterrania.com\/en\/product\/petita-historia-de-joan-serra\/#breadcrumb","itemListElement":[{"@type":"ListItem","position":1,"name":"Children&#8217;s art book store","item":"https:\/\/editorialmediterrania.com\/en\/childrens-art-book-store\/"},{"@type":"ListItem","position":2,"name":"Petita hist\u00f2ria de Joan Serra"}]},{"@type":"WebSite","@id":"https:\/\/editorialmediterrania.com\/en\/#website","url":"https:\/\/editorialmediterrania.com\/en\/","name":"Editorial Mediterrania","description":"Llibres que t\u2019obriran nous mons","publisher":{"@id":"https:\/\/editorialmediterrania.com\/en\/#organization"},"alternateName":"Llibres infantils d'art, cultura i natura","potentialAction":[{"@type":"SearchAction","target":{"@type":"EntryPoint","urlTemplate":"https:\/\/editorialmediterrania.com\/en\/?s={search_term_string}"},"query-input":"required name=search_term_string"}],"inLanguage":"en-US"},{"@type":"Organization","@id":"https:\/\/editorialmediterrania.com\/en\/#organization","name":"Editorial Mediterrania","alternateName":"Llibres d'art, cultura i natura per infants i fam\u00edlies","url":"https:\/\/editorialmediterrania.com\/en\/","logo":{"@type":"ImageObject","inLanguage":"en-US","@id":"https:\/\/editorialmediterrania.com\/en\/#\/schema\/logo\/image\/","url":"https:\/\/editorialmediterrania.com\/wp-content\/uploads\/2023\/03\/LOGO-ED_MEDITERRANIA_OK-2.png","contentUrl":"https:\/\/editorialmediterrania.com\/wp-content\/uploads\/2023\/03\/LOGO-ED_MEDITERRANIA_OK-2.png","width":1200,"height":300,"caption":"Editorial Mediterrania"},"image":{"@id":"https:\/\/editorialmediterrania.com\/en\/#\/schema\/logo\/image\/"},"sameAs":["https:\/\/x.com\/edmediterrania","https:\/\/www.instagram.com\/editorialmediterrania\/"]}]}},"_links":{"self":[{"href":"https:\/\/editorialmediterrania.com\/en\/wp-json\/wp\/v2\/product\/39314","targetHints":{"allow":["GET"]}}],"collection":[{"href":"https:\/\/editorialmediterrania.com\/en\/wp-json\/wp\/v2\/product"}],"about":[{"href":"https:\/\/editorialmediterrania.com\/en\/wp-json\/wp\/v2\/types\/product"}],"wp:featuredmedia":[{"embeddable":true,"href":"https:\/\/editorialmediterrania.com\/en\/wp-json\/wp\/v2\/media\/39342"}],"wp:attachment":[{"href":"https:\/\/editorialmediterrania.com\/en\/wp-json\/wp\/v2\/media?parent=39314"}],"wp:term":[{"taxonomy":"product_cat","embeddable":true,"href":"https:\/\/editorialmediterrania.com\/en\/wp-json\/wp\/v2\/product_cat?post=39314"},{"taxonomy":"product_tag","embeddable":true,"href":"https:\/\/editorialmediterrania.com\/en\/wp-json\/wp\/v2\/product_tag?post=39314"},{"taxonomy":"autors","embeddable":true,"href":"https:\/\/editorialmediterrania.com\/en\/wp-json\/wp\/v2\/autors?post=39314"}],"curies":[{"name":"wp","href":"https:\/\/api.w.org\/{rel}","templated":true}]}}