{"id":41081,"date":"2023-05-17T10:12:57","date_gmt":"2023-05-17T08:12:57","guid":{"rendered":"http:\/\/editorialmediterrania.com\/?post_type=product&#038;p=41081"},"modified":"2025-09-05T14:36:52","modified_gmt":"2025-09-05T12:36:52","slug":"el-tresor-destiu","status":"publish","type":"product","link":"https:\/\/editorialmediterrania.com\/en\/product\/el-tresor-destiu\/","title":{"rendered":"El tresor d&#8217;estiu"},"content":{"rendered":"<p>BENVINGUT A <strong>L&#8217;ESTIU<\/strong>!<\/p>\n<p>Arremanga\u2019t, endinsa\u2019t a la natura i coneix l\u2019estil de <strong>vida autosuficient i ecol\u00f2gic<\/strong> de les cases rurals amb aquest preci\u00f3s llibre ple d\u2019activitats estiuenques. Descobreix qu\u00e8 t\u00e9 d\u2019especial aquesta estaci\u00f3, apr\u00e8n noves habilitats de cuina, jardineria i manualitats, i gaudeix al m\u00e0xim dels regals de la natura en aquesta \u00e8poca de l\u2019any.<\/p>\n","protected":false},"excerpt":{"rendered":"<p>Fet amb amor i 100% reciclat per gaudir de l&#8217;estiu!<\/p>\n","protected":false},"featured_media":41087,"template":"","meta":[],"product_cat":[16,6292],"product_tag":[],"autors":[],"class_list":{"0":"post-41081","1":"product","2":"type-product","3":"status-publish","4":"has-post-thumbnail","6":"product_cat-editorial-mediterrania","7":"product_cat-petita-casa-rural","9":"first","10":"instock","11":"taxable","12":"shipping-taxable","13":"purchasable","14":"product-type-variable","swatches":"rey-swatches","show_selected":""},"acf":[],"yoast_head":"<!-- This site is optimized with the Yoast SEO plugin v22.8 - https:\/\/yoast.com\/wordpress\/plugins\/seo\/ -->\n<title>El tresor d&#039;estiu - Editorial Mediterr\u00e0nia<\/title>\n<meta name=\"description\" content=\"Arremanga\u2019t, endinsa\u2019t a la natura i coneix l\u2019estil de vida autosuficient i ecol\u00f2gic de les cases rurals amb aquest preci\u00f3s llibre ple d\u2019activitats estiuenques.\" \/>\n<meta name=\"robots\" content=\"index, follow, max-snippet:-1, max-image-preview:large, max-video-preview:-1\" \/>\n<link rel=\"canonical\" href=\"https:\/\/editorialmediterrania.com\/en\/product\/el-tresor-destiu\/\" \/>\n<meta property=\"og:locale\" content=\"en_US\" \/>\n<meta property=\"og:type\" content=\"article\" \/>\n<meta property=\"og:title\" content=\"El tresor d&#039;estiu - Editorial Mediterr\u00e0nia\" \/>\n<meta property=\"og:description\" content=\"Arremanga\u2019t, endinsa\u2019t a la natura i coneix l\u2019estil de vida autosuficient i ecol\u00f2gic de les cases rurals amb aquest preci\u00f3s llibre ple d\u2019activitats estiuenques.\" \/>\n<meta property=\"og:url\" content=\"https:\/\/editorialmediterrania.com\/en\/product\/el-tresor-destiu\/\" \/>\n<meta property=\"og:site_name\" content=\"Editorial Mediterr\u00e0nia\" \/>\n<meta property=\"article:modified_time\" content=\"2025-09-05T12:36:52+00:00\" \/>\n<meta property=\"og:image\" content=\"https:\/\/editorialmediterrania.com\/wp-content\/uploads\/2023\/05\/COB_El-tresor-dEstiu-836x1024.png\" \/>\n\t<meta property=\"og:image:width\" content=\"836\" \/>\n\t<meta property=\"og:image:height\" content=\"1024\" \/>\n\t<meta property=\"og:image:type\" content=\"image\/png\" \/>\n<meta name=\"twitter:card\" content=\"summary_large_image\" \/>\n<meta name=\"twitter:site\" content=\"@edmediterrania\" \/>\n<meta name=\"twitter:label1\" content=\"Est. reading time\" \/>\n\t<meta name=\"twitter:data1\" content=\"1 minute\" \/>\n<script type=\"application\/ld+json\" class=\"yoast-schema-graph\">{\"@context\":\"https:\/\/schema.org\",\"@graph\":[{\"@type\":\"WebPage\",\"@id\":\"https:\/\/editorialmediterrania.com\/en\/product\/el-tresor-destiu\/\",\"url\":\"https:\/\/editorialmediterrania.com\/en\/product\/el-tresor-destiu\/\",\"name\":\"El tresor d'estiu - Editorial Mediterr\u00e0nia\",\"isPartOf\":{\"@id\":\"https:\/\/editorialmediterrania.com\/en\/#website\"},\"primaryImageOfPage\":{\"@id\":\"https:\/\/editorialmediterrania.com\/en\/product\/el-tresor-destiu\/#primaryimage\"},\"image\":{\"@id\":\"https:\/\/editorialmediterrania.com\/en\/product\/el-tresor-destiu\/#primaryimage\"},\"thumbnailUrl\":\"https:\/\/editorialmediterrania.com\/wp-content\/uploads\/2023\/05\/COB_El-tresor-dEstiu.png\",\"datePublished\":\"2023-05-17T08:12:57+00:00\",\"dateModified\":\"2025-09-05T12:36:52+00:00\",\"description\":\"Arremanga\u2019t, endinsa\u2019t a la natura i coneix l\u2019estil de vida autosuficient i ecol\u00f2gic de les cases rurals amb aquest preci\u00f3s llibre ple d\u2019activitats estiuenques.\",\"breadcrumb\":{\"@id\":\"https:\/\/editorialmediterrania.com\/en\/product\/el-tresor-destiu\/#breadcrumb\"},\"inLanguage\":\"en-US\",\"potentialAction\":[{\"@type\":\"ReadAction\",\"target\":[\"https:\/\/editorialmediterrania.com\/en\/product\/el-tresor-destiu\/\"]}]},{\"@type\":\"ImageObject\",\"inLanguage\":\"en-US\",\"@id\":\"https:\/\/editorialmediterrania.com\/en\/product\/el-tresor-destiu\/#primaryimage\",\"url\":\"https:\/\/editorialmediterrania.com\/wp-content\/uploads\/2023\/05\/COB_El-tresor-dEstiu.png\",\"contentUrl\":\"https:\/\/editorialmediterrania.com\/wp-content\/uploads\/2023\/05\/COB_El-tresor-dEstiu.png\",\"width\":1989,\"height\":2436},{\"@type\":\"BreadcrumbList\",\"@id\":\"https:\/\/editorialmediterrania.com\/en\/product\/el-tresor-destiu\/#breadcrumb\",\"itemListElement\":[{\"@type\":\"ListItem\",\"position\":1,\"name\":\"Children&#8217;s art book store\",\"item\":\"https:\/\/editorialmediterrania.com\/en\/childrens-art-book-store\/\"},{\"@type\":\"ListItem\",\"position\":2,\"name\":\"El tresor d&#8217;estiu\"}]},{\"@type\":\"WebSite\",\"@id\":\"https:\/\/editorialmediterrania.com\/en\/#website\",\"url\":\"https:\/\/editorialmediterrania.com\/en\/\",\"name\":\"Editorial Mediterrania\",\"description\":\"Llibres que t\u2019obriran nous mons\",\"publisher\":{\"@id\":\"https:\/\/editorialmediterrania.com\/en\/#organization\"},\"alternateName\":\"Llibres infantils d'art, cultura i natura\",\"potentialAction\":[{\"@type\":\"SearchAction\",\"target\":{\"@type\":\"EntryPoint\",\"urlTemplate\":\"https:\/\/editorialmediterrania.com\/en\/?s={search_term_string}\"},\"query-input\":\"required name=search_term_string\"}],\"inLanguage\":\"en-US\"},{\"@type\":\"Organization\",\"@id\":\"https:\/\/editorialmediterrania.com\/en\/#organization\",\"name\":\"Editorial Mediterrania\",\"alternateName\":\"Llibres d'art, cultura i natura per infants i fam\u00edlies\",\"url\":\"https:\/\/editorialmediterrania.com\/en\/\",\"logo\":{\"@type\":\"ImageObject\",\"inLanguage\":\"en-US\",\"@id\":\"https:\/\/editorialmediterrania.com\/en\/#\/schema\/logo\/image\/\",\"url\":\"https:\/\/editorialmediterrania.com\/wp-content\/uploads\/2023\/03\/LOGO-ED_MEDITERRANIA_OK-2.png\",\"contentUrl\":\"https:\/\/editorialmediterrania.com\/wp-content\/uploads\/2023\/03\/LOGO-ED_MEDITERRANIA_OK-2.png\",\"width\":1200,\"height\":300,\"caption\":\"Editorial Mediterrania\"},\"image\":{\"@id\":\"https:\/\/editorialmediterrania.com\/en\/#\/schema\/logo\/image\/\"},\"sameAs\":[\"https:\/\/x.com\/edmediterrania\",\"https:\/\/www.instagram.com\/editorialmediterrania\/\"]}]}<\/script>\n<!-- \/ Yoast SEO plugin. -->","yoast_head_json":{"title":"El tresor d'estiu - Editorial Mediterr\u00e0nia","description":"Arremanga\u2019t, endinsa\u2019t a la natura i coneix l\u2019estil de vida autosuficient i ecol\u00f2gic de les cases rurals amb aquest preci\u00f3s llibre ple d\u2019activitats estiuenques.","robots":{"index":"index","follow":"follow","max-snippet":"max-snippet:-1","max-image-preview":"max-image-preview:large","max-video-preview":"max-video-preview:-1"},"canonical":"https:\/\/editorialmediterrania.com\/en\/product\/el-tresor-destiu\/","og_locale":"en_US","og_type":"article","og_title":"El tresor d'estiu - Editorial Mediterr\u00e0nia","og_description":"Arremanga\u2019t, endinsa\u2019t a la natura i coneix l\u2019estil de vida autosuficient i ecol\u00f2gic de les cases rurals amb aquest preci\u00f3s llibre ple d\u2019activitats estiuenques.","og_url":"https:\/\/editorialmediterrania.com\/en\/product\/el-tresor-destiu\/","og_site_name":"Editorial Mediterr\u00e0nia","article_modified_time":"2025-09-05T12:36:52+00:00","og_image":[{"width":836,"height":1024,"url":"https:\/\/editorialmediterrania.com\/wp-content\/uploads\/2023\/05\/COB_El-tresor-dEstiu-836x1024.png","type":"image\/png"}],"twitter_card":"summary_large_image","twitter_site":"@edmediterrania","twitter_misc":{"Est. reading time":"1 minute"},"schema":{"@context":"https:\/\/schema.org","@graph":[{"@type":"WebPage","@id":"https:\/\/editorialmediterrania.com\/en\/product\/el-tresor-destiu\/","url":"https:\/\/editorialmediterrania.com\/en\/product\/el-tresor-destiu\/","name":"El tresor d'estiu - Editorial Mediterr\u00e0nia","isPartOf":{"@id":"https:\/\/editorialmediterrania.com\/en\/#website"},"primaryImageOfPage":{"@id":"https:\/\/editorialmediterrania.com\/en\/product\/el-tresor-destiu\/#primaryimage"},"image":{"@id":"https:\/\/editorialmediterrania.com\/en\/product\/el-tresor-destiu\/#primaryimage"},"thumbnailUrl":"https:\/\/editorialmediterrania.com\/wp-content\/uploads\/2023\/05\/COB_El-tresor-dEstiu.png","datePublished":"2023-05-17T08:12:57+00:00","dateModified":"2025-09-05T12:36:52+00:00","description":"Arremanga\u2019t, endinsa\u2019t a la natura i coneix l\u2019estil de vida autosuficient i ecol\u00f2gic de les cases rurals amb aquest preci\u00f3s llibre ple d\u2019activitats estiuenques.","breadcrumb":{"@id":"https:\/\/editorialmediterrania.com\/en\/product\/el-tresor-destiu\/#breadcrumb"},"inLanguage":"en-US","potentialAction":[{"@type":"ReadAction","target":["https:\/\/editorialmediterrania.com\/en\/product\/el-tresor-destiu\/"]}]},{"@type":"ImageObject","inLanguage":"en-US","@id":"https:\/\/editorialmediterrania.com\/en\/product\/el-tresor-destiu\/#primaryimage","url":"https:\/\/editorialmediterrania.com\/wp-content\/uploads\/2023\/05\/COB_El-tresor-dEstiu.png","contentUrl":"https:\/\/editorialmediterrania.com\/wp-content\/uploads\/2023\/05\/COB_El-tresor-dEstiu.png","width":1989,"height":2436},{"@type":"BreadcrumbList","@id":"https:\/\/editorialmediterrania.com\/en\/product\/el-tresor-destiu\/#breadcrumb","itemListElement":[{"@type":"ListItem","position":1,"name":"Children&#8217;s art book store","item":"https:\/\/editorialmediterrania.com\/en\/childrens-art-book-store\/"},{"@type":"ListItem","position":2,"name":"El tresor d&#8217;estiu"}]},{"@type":"WebSite","@id":"https:\/\/editorialmediterrania.com\/en\/#website","url":"https:\/\/editorialmediterrania.com\/en\/","name":"Editorial Mediterrania","description":"Llibres que t\u2019obriran nous mons","publisher":{"@id":"https:\/\/editorialmediterrania.com\/en\/#organization"},"alternateName":"Llibres infantils d'art, cultura i natura","potentialAction":[{"@type":"SearchAction","target":{"@type":"EntryPoint","urlTemplate":"https:\/\/editorialmediterrania.com\/en\/?s={search_term_string}"},"query-input":"required name=search_term_string"}],"inLanguage":"en-US"},{"@type":"Organization","@id":"https:\/\/editorialmediterrania.com\/en\/#organization","name":"Editorial Mediterrania","alternateName":"Llibres d'art, cultura i natura per infants i fam\u00edlies","url":"https:\/\/editorialmediterrania.com\/en\/","logo":{"@type":"ImageObject","inLanguage":"en-US","@id":"https:\/\/editorialmediterrania.com\/en\/#\/schema\/logo\/image\/","url":"https:\/\/editorialmediterrania.com\/wp-content\/uploads\/2023\/03\/LOGO-ED_MEDITERRANIA_OK-2.png","contentUrl":"https:\/\/editorialmediterrania.com\/wp-content\/uploads\/2023\/03\/LOGO-ED_MEDITERRANIA_OK-2.png","width":1200,"height":300,"caption":"Editorial Mediterrania"},"image":{"@id":"https:\/\/editorialmediterrania.com\/en\/#\/schema\/logo\/image\/"},"sameAs":["https:\/\/x.com\/edmediterrania","https:\/\/www.instagram.com\/editorialmediterrania\/"]}]}},"_links":{"self":[{"href":"https:\/\/editorialmediterrania.com\/en\/wp-json\/wp\/v2\/product\/41081","targetHints":{"allow":["GET"]}}],"collection":[{"href":"https:\/\/editorialmediterrania.com\/en\/wp-json\/wp\/v2\/product"}],"about":[{"href":"https:\/\/editorialmediterrania.com\/en\/wp-json\/wp\/v2\/types\/product"}],"wp:featuredmedia":[{"embeddable":true,"href":"https:\/\/editorialmediterrania.com\/en\/wp-json\/wp\/v2\/media\/41087"}],"wp:attachment":[{"href":"https:\/\/editorialmediterrania.com\/en\/wp-json\/wp\/v2\/media?parent=41081"}],"wp:term":[{"taxonomy":"product_cat","embeddable":true,"href":"https:\/\/editorialmediterrania.com\/en\/wp-json\/wp\/v2\/product_cat?post=41081"},{"taxonomy":"product_tag","embeddable":true,"href":"https:\/\/editorialmediterrania.com\/en\/wp-json\/wp\/v2\/product_tag?post=41081"},{"taxonomy":"autors","embeddable":true,"href":"https:\/\/editorialmediterrania.com\/en\/wp-json\/wp\/v2\/autors?post=41081"}],"curies":[{"name":"wp","href":"https:\/\/api.w.org\/{rel}","templated":true}]}}