{"id":4116,"date":"2013-02-16T15:22:48","date_gmt":"2013-02-16T14:22:48","guid":{"rendered":"http:\/\/editorialmediterraneatest.grupoormo.com\/?post_type=product&#038;p=4116"},"modified":"2024-09-16T09:58:46","modified_gmt":"2024-09-16T07:58:46","slug":"petita-historia-de-santa-perpetua-de-mogoda","status":"publish","type":"product","link":"https:\/\/editorialmediterrania.com\/en\/product\/petita-historia-de-santa-perpetua-de-mogoda\/","title":{"rendered":"Petita Hist\u00f2ria de Santa Perp\u00e8tua de Mogoda"},"content":{"rendered":"<p style=\"text-align: justify;\">Aquest llibre infantil explica als nens i nenes el municipi de Santa Perp\u00e8tua de Mogoda, des dels seus or\u00edgens fins el que \u00e9s avui dia.<\/p>\n<p>La col\u00b7lecci\u00f3 de llibres infantils\u00a0<a href=\"http:\/\/localhost:8888\/mediterrania\/\/coleccions\/infantil-juvenil-i-families\/col-leccions\/petites-histories\/\">Petites hist\u00f2ries<\/a>\u00a0compta amb m\u00e9s de 330 t\u00edtols diferents, tots ells il\u00b7lustrats per Pilar\u00edn Bay\u00e9s. Gr\u00e0cies a aquesta col\u00b7lecci\u00f3, els nens i nenes de diverses generacions han pogut con\u00e8ixer els artistes, tradicions i indrets m\u00e9s destacats del nostre pa\u00eds, de manera divertida i amena.<\/p>\n","protected":false},"excerpt":{"rendered":"<p>Aquest llibre infantil explica als nens i nenes el municipi de Santa Perp\u00e8tua de Mogoda, des dels seus or\u00edgens fins el que \u00e9s avui dia. La col\u00b7lecci\u00f3 de llibres infantils\u00a0Petites hist\u00f2ries\u00a0compta amb m\u00e9s de 330 t\u00edtols diferents, tots ells il\u00b7lustrats per Pilar\u00edn Bay\u00e9s. Gr\u00e0cies a aquesta col\u00b7lecci\u00f3, els nens i nenes de diverses generacions han [&hellip;]<\/p>\n","protected":false},"featured_media":42836,"template":"","meta":[],"product_cat":[16,73],"product_tag":[5936,5910,337,6044,377,1218],"autors":[],"class_list":{"0":"post-4116","1":"product","2":"type-product","3":"status-publish","4":"has-post-thumbnail","6":"product_cat-editorial-mediterrania","7":"product_cat-petites-histories","8":"product_tag-contes-il-lustrats","9":"product_tag-contes-infantils","10":"product_tag-libro-infantil","11":"product_tag-llibre-de-contes","12":"product_tag-llibre-infantil","13":"product_tag-llibres-infantils","15":"first","16":"outofstock","17":"purchasable","18":"product-type-simple","swatches":"rey-swatches","show_selected":""},"acf":[],"yoast_head":"<!-- This site is optimized with the Yoast SEO plugin v22.8 - https:\/\/yoast.com\/wordpress\/plugins\/seo\/ -->\n<title>Santa Perp\u00e8tua de Mogoda, llibre infantil - Editorial Mediterr\u00e0nia<\/title>\n<meta name=\"description\" content=\"Llibre infantil educatiu petita hist\u00f2ria dels or\u00edgens, tradicions i indrets m\u00e9s importants de Santa Perp\u00e8tua de Mogoda per a nens i nenes de 8 a 12 anys\" \/>\n<meta name=\"robots\" content=\"index, follow, max-snippet:-1, max-image-preview:large, max-video-preview:-1\" \/>\n<link rel=\"canonical\" href=\"https:\/\/editorialmediterrania.com\/en\/product\/petita-historia-de-santa-perpetua-de-mogoda\/\" \/>\n<meta property=\"og:locale\" content=\"en_US\" \/>\n<meta property=\"og:type\" content=\"article\" \/>\n<meta property=\"og:title\" content=\"Santa Perp\u00e8tua de Mogoda, llibre infantil - Editorial Mediterr\u00e0nia\" \/>\n<meta property=\"og:description\" content=\"Llibre infantil educatiu petita hist\u00f2ria dels or\u00edgens, tradicions i indrets m\u00e9s importants de Santa Perp\u00e8tua de Mogoda per a nens i nenes de 8 a 12 anys\" \/>\n<meta property=\"og:url\" content=\"https:\/\/editorialmediterrania.com\/en\/product\/petita-historia-de-santa-perpetua-de-mogoda\/\" \/>\n<meta property=\"og:site_name\" content=\"Editorial Mediterr\u00e0nia\" \/>\n<meta property=\"article:modified_time\" content=\"2024-09-16T07:58:46+00:00\" \/>\n<meta property=\"og:image\" content=\"https:\/\/editorialmediterrania.com\/wp-content\/uploads\/2013\/02\/Captura-de-pantalla-2024-02-20-a-les-9.56.03-857x1024.png\" \/>\n\t<meta property=\"og:image:width\" content=\"857\" \/>\n\t<meta property=\"og:image:height\" content=\"1024\" \/>\n\t<meta property=\"og:image:type\" content=\"image\/png\" \/>\n<meta name=\"twitter:card\" content=\"summary_large_image\" \/>\n<meta name=\"twitter:site\" content=\"@edmediterrania\" \/>\n<meta name=\"twitter:label1\" content=\"Est. reading time\" \/>\n\t<meta name=\"twitter:data1\" content=\"1 minute\" \/>\n<script type=\"application\/ld+json\" class=\"yoast-schema-graph\">{\"@context\":\"https:\/\/schema.org\",\"@graph\":[{\"@type\":\"WebPage\",\"@id\":\"https:\/\/editorialmediterrania.com\/en\/product\/petita-historia-de-santa-perpetua-de-mogoda\/\",\"url\":\"https:\/\/editorialmediterrania.com\/en\/product\/petita-historia-de-santa-perpetua-de-mogoda\/\",\"name\":\"Santa Perp\u00e8tua de Mogoda, llibre infantil - Editorial Mediterr\u00e0nia\",\"isPartOf\":{\"@id\":\"https:\/\/editorialmediterrania.com\/en\/#website\"},\"primaryImageOfPage\":{\"@id\":\"https:\/\/editorialmediterrania.com\/en\/product\/petita-historia-de-santa-perpetua-de-mogoda\/#primaryimage\"},\"image\":{\"@id\":\"https:\/\/editorialmediterrania.com\/en\/product\/petita-historia-de-santa-perpetua-de-mogoda\/#primaryimage\"},\"thumbnailUrl\":\"https:\/\/editorialmediterrania.com\/wp-content\/uploads\/2013\/02\/Captura-de-pantalla-2024-02-20-a-les-9.56.03.png\",\"datePublished\":\"2013-02-16T14:22:48+00:00\",\"dateModified\":\"2024-09-16T07:58:46+00:00\",\"description\":\"Llibre infantil educatiu petita hist\u00f2ria dels or\u00edgens, tradicions i indrets m\u00e9s importants de Santa Perp\u00e8tua de Mogoda per a nens i nenes de 8 a 12 anys\",\"breadcrumb\":{\"@id\":\"https:\/\/editorialmediterrania.com\/en\/product\/petita-historia-de-santa-perpetua-de-mogoda\/#breadcrumb\"},\"inLanguage\":\"en-US\",\"potentialAction\":[{\"@type\":\"ReadAction\",\"target\":[\"https:\/\/editorialmediterrania.com\/en\/product\/petita-historia-de-santa-perpetua-de-mogoda\/\"]}]},{\"@type\":\"ImageObject\",\"inLanguage\":\"en-US\",\"@id\":\"https:\/\/editorialmediterrania.com\/en\/product\/petita-historia-de-santa-perpetua-de-mogoda\/#primaryimage\",\"url\":\"https:\/\/editorialmediterrania.com\/wp-content\/uploads\/2013\/02\/Captura-de-pantalla-2024-02-20-a-les-9.56.03.png\",\"contentUrl\":\"https:\/\/editorialmediterrania.com\/wp-content\/uploads\/2013\/02\/Captura-de-pantalla-2024-02-20-a-les-9.56.03.png\",\"width\":1218,\"height\":1456},{\"@type\":\"BreadcrumbList\",\"@id\":\"https:\/\/editorialmediterrania.com\/en\/product\/petita-historia-de-santa-perpetua-de-mogoda\/#breadcrumb\",\"itemListElement\":[{\"@type\":\"ListItem\",\"position\":1,\"name\":\"Children&#8217;s art book store\",\"item\":\"https:\/\/editorialmediterrania.com\/en\/childrens-art-book-store\/\"},{\"@type\":\"ListItem\",\"position\":2,\"name\":\"Petita Hist\u00f2ria de Santa Perp\u00e8tua de Mogoda\"}]},{\"@type\":\"WebSite\",\"@id\":\"https:\/\/editorialmediterrania.com\/en\/#website\",\"url\":\"https:\/\/editorialmediterrania.com\/en\/\",\"name\":\"Editorial Mediterrania\",\"description\":\"Llibres que t\u2019obriran nous mons\",\"publisher\":{\"@id\":\"https:\/\/editorialmediterrania.com\/en\/#organization\"},\"alternateName\":\"Llibres infantils d'art, cultura i natura\",\"potentialAction\":[{\"@type\":\"SearchAction\",\"target\":{\"@type\":\"EntryPoint\",\"urlTemplate\":\"https:\/\/editorialmediterrania.com\/en\/?s={search_term_string}\"},\"query-input\":\"required name=search_term_string\"}],\"inLanguage\":\"en-US\"},{\"@type\":\"Organization\",\"@id\":\"https:\/\/editorialmediterrania.com\/en\/#organization\",\"name\":\"Editorial Mediterrania\",\"alternateName\":\"Llibres d'art, cultura i natura per infants i fam\u00edlies\",\"url\":\"https:\/\/editorialmediterrania.com\/en\/\",\"logo\":{\"@type\":\"ImageObject\",\"inLanguage\":\"en-US\",\"@id\":\"https:\/\/editorialmediterrania.com\/en\/#\/schema\/logo\/image\/\",\"url\":\"https:\/\/editorialmediterrania.com\/wp-content\/uploads\/2023\/03\/LOGO-ED_MEDITERRANIA_OK-2.png\",\"contentUrl\":\"https:\/\/editorialmediterrania.com\/wp-content\/uploads\/2023\/03\/LOGO-ED_MEDITERRANIA_OK-2.png\",\"width\":1200,\"height\":300,\"caption\":\"Editorial Mediterrania\"},\"image\":{\"@id\":\"https:\/\/editorialmediterrania.com\/en\/#\/schema\/logo\/image\/\"},\"sameAs\":[\"https:\/\/x.com\/edmediterrania\",\"https:\/\/www.instagram.com\/editorialmediterrania\/\"]}]}<\/script>\n<!-- \/ Yoast SEO plugin. -->","yoast_head_json":{"title":"Santa Perp\u00e8tua de Mogoda, llibre infantil - Editorial Mediterr\u00e0nia","description":"Llibre infantil educatiu petita hist\u00f2ria dels or\u00edgens, tradicions i indrets m\u00e9s importants de Santa Perp\u00e8tua de Mogoda per a nens i nenes de 8 a 12 anys","robots":{"index":"index","follow":"follow","max-snippet":"max-snippet:-1","max-image-preview":"max-image-preview:large","max-video-preview":"max-video-preview:-1"},"canonical":"https:\/\/editorialmediterrania.com\/en\/product\/petita-historia-de-santa-perpetua-de-mogoda\/","og_locale":"en_US","og_type":"article","og_title":"Santa Perp\u00e8tua de Mogoda, llibre infantil - Editorial Mediterr\u00e0nia","og_description":"Llibre infantil educatiu petita hist\u00f2ria dels or\u00edgens, tradicions i indrets m\u00e9s importants de Santa Perp\u00e8tua de Mogoda per a nens i nenes de 8 a 12 anys","og_url":"https:\/\/editorialmediterrania.com\/en\/product\/petita-historia-de-santa-perpetua-de-mogoda\/","og_site_name":"Editorial Mediterr\u00e0nia","article_modified_time":"2024-09-16T07:58:46+00:00","og_image":[{"width":857,"height":1024,"url":"https:\/\/editorialmediterrania.com\/wp-content\/uploads\/2013\/02\/Captura-de-pantalla-2024-02-20-a-les-9.56.03-857x1024.png","type":"image\/png"}],"twitter_card":"summary_large_image","twitter_site":"@edmediterrania","twitter_misc":{"Est. reading time":"1 minute"},"schema":{"@context":"https:\/\/schema.org","@graph":[{"@type":"WebPage","@id":"https:\/\/editorialmediterrania.com\/en\/product\/petita-historia-de-santa-perpetua-de-mogoda\/","url":"https:\/\/editorialmediterrania.com\/en\/product\/petita-historia-de-santa-perpetua-de-mogoda\/","name":"Santa Perp\u00e8tua de Mogoda, llibre infantil - Editorial Mediterr\u00e0nia","isPartOf":{"@id":"https:\/\/editorialmediterrania.com\/en\/#website"},"primaryImageOfPage":{"@id":"https:\/\/editorialmediterrania.com\/en\/product\/petita-historia-de-santa-perpetua-de-mogoda\/#primaryimage"},"image":{"@id":"https:\/\/editorialmediterrania.com\/en\/product\/petita-historia-de-santa-perpetua-de-mogoda\/#primaryimage"},"thumbnailUrl":"https:\/\/editorialmediterrania.com\/wp-content\/uploads\/2013\/02\/Captura-de-pantalla-2024-02-20-a-les-9.56.03.png","datePublished":"2013-02-16T14:22:48+00:00","dateModified":"2024-09-16T07:58:46+00:00","description":"Llibre infantil educatiu petita hist\u00f2ria dels or\u00edgens, tradicions i indrets m\u00e9s importants de Santa Perp\u00e8tua de Mogoda per a nens i nenes de 8 a 12 anys","breadcrumb":{"@id":"https:\/\/editorialmediterrania.com\/en\/product\/petita-historia-de-santa-perpetua-de-mogoda\/#breadcrumb"},"inLanguage":"en-US","potentialAction":[{"@type":"ReadAction","target":["https:\/\/editorialmediterrania.com\/en\/product\/petita-historia-de-santa-perpetua-de-mogoda\/"]}]},{"@type":"ImageObject","inLanguage":"en-US","@id":"https:\/\/editorialmediterrania.com\/en\/product\/petita-historia-de-santa-perpetua-de-mogoda\/#primaryimage","url":"https:\/\/editorialmediterrania.com\/wp-content\/uploads\/2013\/02\/Captura-de-pantalla-2024-02-20-a-les-9.56.03.png","contentUrl":"https:\/\/editorialmediterrania.com\/wp-content\/uploads\/2013\/02\/Captura-de-pantalla-2024-02-20-a-les-9.56.03.png","width":1218,"height":1456},{"@type":"BreadcrumbList","@id":"https:\/\/editorialmediterrania.com\/en\/product\/petita-historia-de-santa-perpetua-de-mogoda\/#breadcrumb","itemListElement":[{"@type":"ListItem","position":1,"name":"Children&#8217;s art book store","item":"https:\/\/editorialmediterrania.com\/en\/childrens-art-book-store\/"},{"@type":"ListItem","position":2,"name":"Petita Hist\u00f2ria de Santa Perp\u00e8tua de Mogoda"}]},{"@type":"WebSite","@id":"https:\/\/editorialmediterrania.com\/en\/#website","url":"https:\/\/editorialmediterrania.com\/en\/","name":"Editorial Mediterrania","description":"Llibres que t\u2019obriran nous mons","publisher":{"@id":"https:\/\/editorialmediterrania.com\/en\/#organization"},"alternateName":"Llibres infantils d'art, cultura i natura","potentialAction":[{"@type":"SearchAction","target":{"@type":"EntryPoint","urlTemplate":"https:\/\/editorialmediterrania.com\/en\/?s={search_term_string}"},"query-input":"required name=search_term_string"}],"inLanguage":"en-US"},{"@type":"Organization","@id":"https:\/\/editorialmediterrania.com\/en\/#organization","name":"Editorial Mediterrania","alternateName":"Llibres d'art, cultura i natura per infants i fam\u00edlies","url":"https:\/\/editorialmediterrania.com\/en\/","logo":{"@type":"ImageObject","inLanguage":"en-US","@id":"https:\/\/editorialmediterrania.com\/en\/#\/schema\/logo\/image\/","url":"https:\/\/editorialmediterrania.com\/wp-content\/uploads\/2023\/03\/LOGO-ED_MEDITERRANIA_OK-2.png","contentUrl":"https:\/\/editorialmediterrania.com\/wp-content\/uploads\/2023\/03\/LOGO-ED_MEDITERRANIA_OK-2.png","width":1200,"height":300,"caption":"Editorial Mediterrania"},"image":{"@id":"https:\/\/editorialmediterrania.com\/en\/#\/schema\/logo\/image\/"},"sameAs":["https:\/\/x.com\/edmediterrania","https:\/\/www.instagram.com\/editorialmediterrania\/"]}]}},"_links":{"self":[{"href":"https:\/\/editorialmediterrania.com\/en\/wp-json\/wp\/v2\/product\/4116","targetHints":{"allow":["GET"]}}],"collection":[{"href":"https:\/\/editorialmediterrania.com\/en\/wp-json\/wp\/v2\/product"}],"about":[{"href":"https:\/\/editorialmediterrania.com\/en\/wp-json\/wp\/v2\/types\/product"}],"wp:featuredmedia":[{"embeddable":true,"href":"https:\/\/editorialmediterrania.com\/en\/wp-json\/wp\/v2\/media\/42836"}],"wp:attachment":[{"href":"https:\/\/editorialmediterrania.com\/en\/wp-json\/wp\/v2\/media?parent=4116"}],"wp:term":[{"taxonomy":"product_cat","embeddable":true,"href":"https:\/\/editorialmediterrania.com\/en\/wp-json\/wp\/v2\/product_cat?post=4116"},{"taxonomy":"product_tag","embeddable":true,"href":"https:\/\/editorialmediterrania.com\/en\/wp-json\/wp\/v2\/product_tag?post=4116"},{"taxonomy":"autors","embeddable":true,"href":"https:\/\/editorialmediterrania.com\/en\/wp-json\/wp\/v2\/autors?post=4116"}],"curies":[{"name":"wp","href":"https:\/\/api.w.org\/{rel}","templated":true}]}}