{"id":41479,"date":"2023-05-23T12:55:39","date_gmt":"2023-05-23T10:55:39","guid":{"rendered":"http:\/\/editorialmediterrania.com\/?post_type=product&#038;p=41479"},"modified":"2025-08-20T08:47:48","modified_gmt":"2025-08-20T06:47:48","slug":"pintar-picasso-edicio-especial","status":"publish","type":"product","link":"https:\/\/editorialmediterrania.com\/en\/product\/pintar-picasso-edicio-especial\/","title":{"rendered":"PINTAR Picasso edici\u00f3 especial"},"content":{"rendered":"<div class=\"page\" title=\"Page 1\">\n<div class=\"section\">\n<div class=\"layoutArea\">\n<div class=\"column\">\n<p>Celebra el <strong>50\u00e8 aniversari de la mort de Picasso<\/strong> amb la nova entrega de la<a href=\"https:\/\/editorialmediterrania.com\/en\/collections\/editorial-mediterrania\/colouring-books\/\"><strong> col\u00b7lecci\u00f3 Pintem<\/strong><\/a>!, il\u00b7lustrada per<a href=\"https:\/\/editorialmediterrania.com\/en\/collections\/editorial-mediterrania\/colouring-books\/\"><strong> Pilar\u00edn Bay\u00e9s<\/strong><\/a>.<\/p>\n<p>Aquest llibre convida als m\u00e9s petits a divertir-se amb el seu colorit mentre aprenen de manera senzilla sobre el renombrat<strong> pintor espanyol<\/strong>, conegut com el m\u00e0xim exponent del <strong>cubisme<\/strong>.<\/p>\n<\/div>\n<\/div>\n<\/div>\n<\/div>\n","protected":false},"excerpt":{"rendered":"<p>Celebra el 50\u00e8 aniversari de la mort de Picasso amb la nova entrega de la col\u00b7lecci\u00f3 Pintem!, il\u00b7lustrada per Pilar\u00edn Bay\u00e9s. Aquest llibre convida als m\u00e9s petits a divertir-se amb el seu colorit mentre aprenen de manera senzilla sobre el renombrat pintor espanyol, conegut com el m\u00e0xim exponent del cubisme.<\/p>\n","protected":false},"featured_media":41480,"template":"","meta":[],"product_cat":[16,4363],"product_tag":[],"autors":[],"class_list":{"0":"post-41479","1":"product","2":"type-product","3":"status-publish","4":"has-post-thumbnail","6":"product_cat-editorial-mediterrania","7":"product_cat-pintem","9":"first","10":"outofstock","11":"taxable","12":"shipping-taxable","13":"purchasable","14":"product-type-simple","swatches":"rey-swatches","show_selected":""},"acf":[],"yoast_head":"<!-- This site is optimized with the Yoast SEO plugin v22.8 - https:\/\/yoast.com\/wordpress\/plugins\/seo\/ -->\n<title>PINTAR Picasso edici\u00f3 especial - Editorial Mediterr\u00e0nia<\/title>\n<meta name=\"description\" content=\"Celebra el 50\u00e8 aniversari de la mort de Picasso amb la nova entrega de la col\u00b7lecci\u00f3 Pintem!, il\u00b7lustrada per Pilar\u00edn Bay\u00e9s.\" \/>\n<meta name=\"robots\" content=\"index, follow, max-snippet:-1, max-image-preview:large, max-video-preview:-1\" \/>\n<link rel=\"canonical\" href=\"https:\/\/editorialmediterrania.com\/en\/product\/pintar-picasso-edicio-especial\/\" \/>\n<meta property=\"og:locale\" content=\"en_US\" \/>\n<meta property=\"og:type\" content=\"article\" \/>\n<meta property=\"og:title\" content=\"PINTAR Picasso edici\u00f3 especial - Editorial Mediterr\u00e0nia\" \/>\n<meta property=\"og:description\" content=\"Celebra el 50\u00e8 aniversari de la mort de Picasso amb la nova entrega de la col\u00b7lecci\u00f3 Pintem!, il\u00b7lustrada per Pilar\u00edn Bay\u00e9s.\" \/>\n<meta property=\"og:url\" content=\"https:\/\/editorialmediterrania.com\/en\/product\/pintar-picasso-edicio-especial\/\" \/>\n<meta property=\"og:site_name\" content=\"Editorial Mediterr\u00e0nia\" \/>\n<meta property=\"article:modified_time\" content=\"2025-08-20T06:47:48+00:00\" \/>\n<meta property=\"og:image\" content=\"https:\/\/editorialmediterrania.com\/wp-content\/uploads\/2023\/05\/Captura-de-pantalla-2023-05-23-a-les-12.54.34.png\" \/>\n\t<meta property=\"og:image:width\" content=\"1506\" \/>\n\t<meta property=\"og:image:height\" content=\"1516\" \/>\n\t<meta property=\"og:image:type\" content=\"image\/png\" \/>\n<meta name=\"twitter:card\" content=\"summary_large_image\" \/>\n<meta name=\"twitter:site\" content=\"@edmediterrania\" \/>\n<meta name=\"twitter:label1\" content=\"Est. reading time\" \/>\n\t<meta name=\"twitter:data1\" content=\"1 minute\" \/>\n<script type=\"application\/ld+json\" class=\"yoast-schema-graph\">{\"@context\":\"https:\/\/schema.org\",\"@graph\":[{\"@type\":\"WebPage\",\"@id\":\"https:\/\/editorialmediterrania.com\/en\/product\/pintar-picasso-edicio-especial\/\",\"url\":\"https:\/\/editorialmediterrania.com\/en\/product\/pintar-picasso-edicio-especial\/\",\"name\":\"PINTAR Picasso edici\u00f3 especial - Editorial Mediterr\u00e0nia\",\"isPartOf\":{\"@id\":\"https:\/\/editorialmediterrania.com\/en\/#website\"},\"primaryImageOfPage\":{\"@id\":\"https:\/\/editorialmediterrania.com\/en\/product\/pintar-picasso-edicio-especial\/#primaryimage\"},\"image\":{\"@id\":\"https:\/\/editorialmediterrania.com\/en\/product\/pintar-picasso-edicio-especial\/#primaryimage\"},\"thumbnailUrl\":\"https:\/\/editorialmediterrania.com\/wp-content\/uploads\/2023\/05\/Captura-de-pantalla-2023-05-23-a-les-12.54.34.png\",\"datePublished\":\"2023-05-23T10:55:39+00:00\",\"dateModified\":\"2025-08-20T06:47:48+00:00\",\"description\":\"Celebra el 50\u00e8 aniversari de la mort de Picasso amb la nova entrega de la col\u00b7lecci\u00f3 Pintem!, il\u00b7lustrada per Pilar\u00edn Bay\u00e9s.\",\"breadcrumb\":{\"@id\":\"https:\/\/editorialmediterrania.com\/en\/product\/pintar-picasso-edicio-especial\/#breadcrumb\"},\"inLanguage\":\"en-US\",\"potentialAction\":[{\"@type\":\"ReadAction\",\"target\":[\"https:\/\/editorialmediterrania.com\/en\/product\/pintar-picasso-edicio-especial\/\"]}]},{\"@type\":\"ImageObject\",\"inLanguage\":\"en-US\",\"@id\":\"https:\/\/editorialmediterrania.com\/en\/product\/pintar-picasso-edicio-especial\/#primaryimage\",\"url\":\"https:\/\/editorialmediterrania.com\/wp-content\/uploads\/2023\/05\/Captura-de-pantalla-2023-05-23-a-les-12.54.34.png\",\"contentUrl\":\"https:\/\/editorialmediterrania.com\/wp-content\/uploads\/2023\/05\/Captura-de-pantalla-2023-05-23-a-les-12.54.34.png\",\"width\":1506,\"height\":1516},{\"@type\":\"BreadcrumbList\",\"@id\":\"https:\/\/editorialmediterrania.com\/en\/product\/pintar-picasso-edicio-especial\/#breadcrumb\",\"itemListElement\":[{\"@type\":\"ListItem\",\"position\":1,\"name\":\"Children&#8217;s art book store\",\"item\":\"https:\/\/editorialmediterrania.com\/en\/childrens-art-book-store\/\"},{\"@type\":\"ListItem\",\"position\":2,\"name\":\"PINTAR Picasso edici\u00f3 especial\"}]},{\"@type\":\"WebSite\",\"@id\":\"https:\/\/editorialmediterrania.com\/en\/#website\",\"url\":\"https:\/\/editorialmediterrania.com\/en\/\",\"name\":\"Editorial Mediterrania\",\"description\":\"Llibres que t\u2019obriran nous mons\",\"publisher\":{\"@id\":\"https:\/\/editorialmediterrania.com\/en\/#organization\"},\"alternateName\":\"Llibres infantils d'art, cultura i natura\",\"potentialAction\":[{\"@type\":\"SearchAction\",\"target\":{\"@type\":\"EntryPoint\",\"urlTemplate\":\"https:\/\/editorialmediterrania.com\/en\/?s={search_term_string}\"},\"query-input\":\"required name=search_term_string\"}],\"inLanguage\":\"en-US\"},{\"@type\":\"Organization\",\"@id\":\"https:\/\/editorialmediterrania.com\/en\/#organization\",\"name\":\"Editorial Mediterrania\",\"alternateName\":\"Llibres d'art, cultura i natura per infants i fam\u00edlies\",\"url\":\"https:\/\/editorialmediterrania.com\/en\/\",\"logo\":{\"@type\":\"ImageObject\",\"inLanguage\":\"en-US\",\"@id\":\"https:\/\/editorialmediterrania.com\/en\/#\/schema\/logo\/image\/\",\"url\":\"https:\/\/editorialmediterrania.com\/wp-content\/uploads\/2023\/03\/LOGO-ED_MEDITERRANIA_OK-2.png\",\"contentUrl\":\"https:\/\/editorialmediterrania.com\/wp-content\/uploads\/2023\/03\/LOGO-ED_MEDITERRANIA_OK-2.png\",\"width\":1200,\"height\":300,\"caption\":\"Editorial Mediterrania\"},\"image\":{\"@id\":\"https:\/\/editorialmediterrania.com\/en\/#\/schema\/logo\/image\/\"},\"sameAs\":[\"https:\/\/x.com\/edmediterrania\",\"https:\/\/www.instagram.com\/editorialmediterrania\/\"]}]}<\/script>\n<!-- \/ Yoast SEO plugin. -->","yoast_head_json":{"title":"PINTAR Picasso edici\u00f3 especial - Editorial Mediterr\u00e0nia","description":"Celebra el 50\u00e8 aniversari de la mort de Picasso amb la nova entrega de la col\u00b7lecci\u00f3 Pintem!, il\u00b7lustrada per Pilar\u00edn Bay\u00e9s.","robots":{"index":"index","follow":"follow","max-snippet":"max-snippet:-1","max-image-preview":"max-image-preview:large","max-video-preview":"max-video-preview:-1"},"canonical":"https:\/\/editorialmediterrania.com\/en\/product\/pintar-picasso-edicio-especial\/","og_locale":"en_US","og_type":"article","og_title":"PINTAR Picasso edici\u00f3 especial - Editorial Mediterr\u00e0nia","og_description":"Celebra el 50\u00e8 aniversari de la mort de Picasso amb la nova entrega de la col\u00b7lecci\u00f3 Pintem!, il\u00b7lustrada per Pilar\u00edn Bay\u00e9s.","og_url":"https:\/\/editorialmediterrania.com\/en\/product\/pintar-picasso-edicio-especial\/","og_site_name":"Editorial Mediterr\u00e0nia","article_modified_time":"2025-08-20T06:47:48+00:00","og_image":[{"width":1506,"height":1516,"url":"https:\/\/editorialmediterrania.com\/wp-content\/uploads\/2023\/05\/Captura-de-pantalla-2023-05-23-a-les-12.54.34.png","type":"image\/png"}],"twitter_card":"summary_large_image","twitter_site":"@edmediterrania","twitter_misc":{"Est. reading time":"1 minute"},"schema":{"@context":"https:\/\/schema.org","@graph":[{"@type":"WebPage","@id":"https:\/\/editorialmediterrania.com\/en\/product\/pintar-picasso-edicio-especial\/","url":"https:\/\/editorialmediterrania.com\/en\/product\/pintar-picasso-edicio-especial\/","name":"PINTAR Picasso edici\u00f3 especial - Editorial Mediterr\u00e0nia","isPartOf":{"@id":"https:\/\/editorialmediterrania.com\/en\/#website"},"primaryImageOfPage":{"@id":"https:\/\/editorialmediterrania.com\/en\/product\/pintar-picasso-edicio-especial\/#primaryimage"},"image":{"@id":"https:\/\/editorialmediterrania.com\/en\/product\/pintar-picasso-edicio-especial\/#primaryimage"},"thumbnailUrl":"https:\/\/editorialmediterrania.com\/wp-content\/uploads\/2023\/05\/Captura-de-pantalla-2023-05-23-a-les-12.54.34.png","datePublished":"2023-05-23T10:55:39+00:00","dateModified":"2025-08-20T06:47:48+00:00","description":"Celebra el 50\u00e8 aniversari de la mort de Picasso amb la nova entrega de la col\u00b7lecci\u00f3 Pintem!, il\u00b7lustrada per Pilar\u00edn Bay\u00e9s.","breadcrumb":{"@id":"https:\/\/editorialmediterrania.com\/en\/product\/pintar-picasso-edicio-especial\/#breadcrumb"},"inLanguage":"en-US","potentialAction":[{"@type":"ReadAction","target":["https:\/\/editorialmediterrania.com\/en\/product\/pintar-picasso-edicio-especial\/"]}]},{"@type":"ImageObject","inLanguage":"en-US","@id":"https:\/\/editorialmediterrania.com\/en\/product\/pintar-picasso-edicio-especial\/#primaryimage","url":"https:\/\/editorialmediterrania.com\/wp-content\/uploads\/2023\/05\/Captura-de-pantalla-2023-05-23-a-les-12.54.34.png","contentUrl":"https:\/\/editorialmediterrania.com\/wp-content\/uploads\/2023\/05\/Captura-de-pantalla-2023-05-23-a-les-12.54.34.png","width":1506,"height":1516},{"@type":"BreadcrumbList","@id":"https:\/\/editorialmediterrania.com\/en\/product\/pintar-picasso-edicio-especial\/#breadcrumb","itemListElement":[{"@type":"ListItem","position":1,"name":"Children&#8217;s art book store","item":"https:\/\/editorialmediterrania.com\/en\/childrens-art-book-store\/"},{"@type":"ListItem","position":2,"name":"PINTAR Picasso edici\u00f3 especial"}]},{"@type":"WebSite","@id":"https:\/\/editorialmediterrania.com\/en\/#website","url":"https:\/\/editorialmediterrania.com\/en\/","name":"Editorial Mediterrania","description":"Llibres que t\u2019obriran nous mons","publisher":{"@id":"https:\/\/editorialmediterrania.com\/en\/#organization"},"alternateName":"Llibres infantils d'art, cultura i natura","potentialAction":[{"@type":"SearchAction","target":{"@type":"EntryPoint","urlTemplate":"https:\/\/editorialmediterrania.com\/en\/?s={search_term_string}"},"query-input":"required name=search_term_string"}],"inLanguage":"en-US"},{"@type":"Organization","@id":"https:\/\/editorialmediterrania.com\/en\/#organization","name":"Editorial Mediterrania","alternateName":"Llibres d'art, cultura i natura per infants i fam\u00edlies","url":"https:\/\/editorialmediterrania.com\/en\/","logo":{"@type":"ImageObject","inLanguage":"en-US","@id":"https:\/\/editorialmediterrania.com\/en\/#\/schema\/logo\/image\/","url":"https:\/\/editorialmediterrania.com\/wp-content\/uploads\/2023\/03\/LOGO-ED_MEDITERRANIA_OK-2.png","contentUrl":"https:\/\/editorialmediterrania.com\/wp-content\/uploads\/2023\/03\/LOGO-ED_MEDITERRANIA_OK-2.png","width":1200,"height":300,"caption":"Editorial Mediterrania"},"image":{"@id":"https:\/\/editorialmediterrania.com\/en\/#\/schema\/logo\/image\/"},"sameAs":["https:\/\/x.com\/edmediterrania","https:\/\/www.instagram.com\/editorialmediterrania\/"]}]}},"_links":{"self":[{"href":"https:\/\/editorialmediterrania.com\/en\/wp-json\/wp\/v2\/product\/41479","targetHints":{"allow":["GET"]}}],"collection":[{"href":"https:\/\/editorialmediterrania.com\/en\/wp-json\/wp\/v2\/product"}],"about":[{"href":"https:\/\/editorialmediterrania.com\/en\/wp-json\/wp\/v2\/types\/product"}],"wp:featuredmedia":[{"embeddable":true,"href":"https:\/\/editorialmediterrania.com\/en\/wp-json\/wp\/v2\/media\/41480"}],"wp:attachment":[{"href":"https:\/\/editorialmediterrania.com\/en\/wp-json\/wp\/v2\/media?parent=41479"}],"wp:term":[{"taxonomy":"product_cat","embeddable":true,"href":"https:\/\/editorialmediterrania.com\/en\/wp-json\/wp\/v2\/product_cat?post=41479"},{"taxonomy":"product_tag","embeddable":true,"href":"https:\/\/editorialmediterrania.com\/en\/wp-json\/wp\/v2\/product_tag?post=41479"},{"taxonomy":"autors","embeddable":true,"href":"https:\/\/editorialmediterrania.com\/en\/wp-json\/wp\/v2\/autors?post=41479"}],"curies":[{"name":"wp","href":"https:\/\/api.w.org\/{rel}","templated":true}]}}