{"id":41728,"date":"2023-07-12T09:37:21","date_gmt":"2023-07-12T07:37:21","guid":{"rendered":"http:\/\/editorialmediterrania.com\/?post_type=product&#038;p=41728"},"modified":"2025-04-11T13:30:32","modified_gmt":"2025-04-11T11:30:32","slug":"pintar-casa-batllo","status":"publish","type":"product","link":"https:\/\/editorialmediterrania.com\/en\/product\/pintar-casa-batllo\/","title":{"rendered":"Pintar Casa Batll\u00f3 amb stickers"},"content":{"rendered":"<div class=\"page\" title=\"Page 1\">\n<div class=\"section\">\n<div class=\"layoutArea\">\n<div class=\"column\">\n<p><strong><em>Pintar Casa Batllo\u0301<\/em><\/strong> e\u0301s un quadern il\u00b7lustrat perque\u0300 els me\u0301s petits puguin divertir-se pintant i enganxant en aquest famo\u0301s edifici de <strong>Barcelona<\/strong>.<\/p>\n<p><a href=\"https:\/\/pilarin.cat\"><strong>Pilari\u0301n Baye\u0301s<\/strong><\/a> ha dibuixat per a aquesta ocasio\u0301 diverses parts de l&#8217;edifici que va construir <strong>Antoni Gaudi\u0301<\/strong>.<\/p>\n<p>Totes les pa\u0300gines estan plantejades amb una part en blanc i negre i l&#8217;altra en color <strong>per pintar<\/strong> i t\u00e9 m\u00e9s de <strong>50 stickers per enganxar<\/strong><\/p>\n<\/div>\n<\/div>\n<\/div>\n<\/div>\n","protected":false},"excerpt":{"rendered":"<p>Cont\u00e9 m\u00e9s de 50 enganxines<\/p>\n","protected":false},"featured_media":46594,"template":"","meta":[],"product_cat":[4363],"product_tag":[],"autors":[],"class_list":{"0":"post-41728","1":"product","2":"type-product","3":"status-publish","4":"has-post-thumbnail","6":"product_cat-pintem","8":"first","9":"instock","10":"taxable","11":"shipping-taxable","12":"purchasable","13":"product-type-simple","swatches":"rey-swatches","show_selected":""},"acf":[],"yoast_head":"<!-- This site is optimized with the Yoast SEO plugin v22.8 - https:\/\/yoast.com\/wordpress\/plugins\/seo\/ -->\n<title>Pintar Casa Batll\u00f3 amb stickers - Editorial Mediterr\u00e0nia<\/title>\n<meta name=\"description\" content=\"Pintar Casa Batll\u00f3 \u00e9s un quadern il\u00b7lustrat perqu\u00e8 els m\u00e9s petits puguin divertir-se pintant i enganxant en aquest fam\u00f3s edifici de Barcelona.\" \/>\n<meta name=\"robots\" content=\"index, follow, max-snippet:-1, max-image-preview:large, max-video-preview:-1\" \/>\n<link rel=\"canonical\" href=\"https:\/\/editorialmediterrania.com\/en\/product\/pintar-casa-batllo\/\" \/>\n<meta property=\"og:locale\" content=\"en_US\" \/>\n<meta property=\"og:type\" content=\"article\" \/>\n<meta property=\"og:title\" content=\"Pintar Casa Batll\u00f3 amb stickers - Editorial Mediterr\u00e0nia\" \/>\n<meta property=\"og:description\" content=\"Pintar Casa Batll\u00f3 \u00e9s un quadern il\u00b7lustrat perqu\u00e8 els m\u00e9s petits puguin divertir-se pintant i enganxant en aquest fam\u00f3s edifici de Barcelona.\" \/>\n<meta property=\"og:url\" content=\"https:\/\/editorialmediterrania.com\/en\/product\/pintar-casa-batllo\/\" \/>\n<meta property=\"og:site_name\" content=\"Editorial Mediterr\u00e0nia\" \/>\n<meta property=\"article:modified_time\" content=\"2025-04-11T11:30:32+00:00\" \/>\n<meta property=\"og:image\" content=\"https:\/\/editorialmediterrania.com\/wp-content\/uploads\/2023\/07\/Captura-de-pantalla-2025-04-11-a-les-13.23.22-1013x1024.png\" \/>\n\t<meta property=\"og:image:width\" content=\"1013\" \/>\n\t<meta property=\"og:image:height\" content=\"1024\" \/>\n\t<meta property=\"og:image:type\" content=\"image\/png\" \/>\n<meta name=\"twitter:card\" content=\"summary_large_image\" \/>\n<meta name=\"twitter:site\" content=\"@edmediterrania\" \/>\n<meta name=\"twitter:label1\" content=\"Est. reading time\" \/>\n\t<meta name=\"twitter:data1\" content=\"1 minute\" \/>\n<script type=\"application\/ld+json\" class=\"yoast-schema-graph\">{\"@context\":\"https:\/\/schema.org\",\"@graph\":[{\"@type\":\"WebPage\",\"@id\":\"https:\/\/editorialmediterrania.com\/en\/product\/pintar-casa-batllo\/\",\"url\":\"https:\/\/editorialmediterrania.com\/en\/product\/pintar-casa-batllo\/\",\"name\":\"Pintar Casa Batll\u00f3 amb stickers - Editorial Mediterr\u00e0nia\",\"isPartOf\":{\"@id\":\"https:\/\/editorialmediterrania.com\/en\/#website\"},\"primaryImageOfPage\":{\"@id\":\"https:\/\/editorialmediterrania.com\/en\/product\/pintar-casa-batllo\/#primaryimage\"},\"image\":{\"@id\":\"https:\/\/editorialmediterrania.com\/en\/product\/pintar-casa-batllo\/#primaryimage\"},\"thumbnailUrl\":\"https:\/\/editorialmediterrania.com\/wp-content\/uploads\/2023\/07\/Captura-de-pantalla-2025-04-11-a-les-13.23.22.png\",\"datePublished\":\"2023-07-12T07:37:21+00:00\",\"dateModified\":\"2025-04-11T11:30:32+00:00\",\"description\":\"Pintar Casa Batll\u00f3 \u00e9s un quadern il\u00b7lustrat perqu\u00e8 els m\u00e9s petits puguin divertir-se pintant i enganxant en aquest fam\u00f3s edifici de Barcelona.\",\"breadcrumb\":{\"@id\":\"https:\/\/editorialmediterrania.com\/en\/product\/pintar-casa-batllo\/#breadcrumb\"},\"inLanguage\":\"en-US\",\"potentialAction\":[{\"@type\":\"ReadAction\",\"target\":[\"https:\/\/editorialmediterrania.com\/en\/product\/pintar-casa-batllo\/\"]}]},{\"@type\":\"ImageObject\",\"inLanguage\":\"en-US\",\"@id\":\"https:\/\/editorialmediterrania.com\/en\/product\/pintar-casa-batllo\/#primaryimage\",\"url\":\"https:\/\/editorialmediterrania.com\/wp-content\/uploads\/2023\/07\/Captura-de-pantalla-2025-04-11-a-les-13.23.22.png\",\"contentUrl\":\"https:\/\/editorialmediterrania.com\/wp-content\/uploads\/2023\/07\/Captura-de-pantalla-2025-04-11-a-les-13.23.22.png\",\"width\":1418,\"height\":1434},{\"@type\":\"BreadcrumbList\",\"@id\":\"https:\/\/editorialmediterrania.com\/en\/product\/pintar-casa-batllo\/#breadcrumb\",\"itemListElement\":[{\"@type\":\"ListItem\",\"position\":1,\"name\":\"Children&#8217;s art book store\",\"item\":\"https:\/\/editorialmediterrania.com\/en\/childrens-art-book-store\/\"},{\"@type\":\"ListItem\",\"position\":2,\"name\":\"Pintar Casa Batll\u00f3 amb stickers\"}]},{\"@type\":\"WebSite\",\"@id\":\"https:\/\/editorialmediterrania.com\/en\/#website\",\"url\":\"https:\/\/editorialmediterrania.com\/en\/\",\"name\":\"Editorial Mediterrania\",\"description\":\"Llibres que t\u2019obriran nous mons\",\"publisher\":{\"@id\":\"https:\/\/editorialmediterrania.com\/en\/#organization\"},\"alternateName\":\"Llibres infantils d'art, cultura i natura\",\"potentialAction\":[{\"@type\":\"SearchAction\",\"target\":{\"@type\":\"EntryPoint\",\"urlTemplate\":\"https:\/\/editorialmediterrania.com\/en\/?s={search_term_string}\"},\"query-input\":\"required name=search_term_string\"}],\"inLanguage\":\"en-US\"},{\"@type\":\"Organization\",\"@id\":\"https:\/\/editorialmediterrania.com\/en\/#organization\",\"name\":\"Editorial Mediterrania\",\"alternateName\":\"Llibres d'art, cultura i natura per infants i fam\u00edlies\",\"url\":\"https:\/\/editorialmediterrania.com\/en\/\",\"logo\":{\"@type\":\"ImageObject\",\"inLanguage\":\"en-US\",\"@id\":\"https:\/\/editorialmediterrania.com\/en\/#\/schema\/logo\/image\/\",\"url\":\"https:\/\/editorialmediterrania.com\/wp-content\/uploads\/2023\/03\/LOGO-ED_MEDITERRANIA_OK-2.png\",\"contentUrl\":\"https:\/\/editorialmediterrania.com\/wp-content\/uploads\/2023\/03\/LOGO-ED_MEDITERRANIA_OK-2.png\",\"width\":1200,\"height\":300,\"caption\":\"Editorial Mediterrania\"},\"image\":{\"@id\":\"https:\/\/editorialmediterrania.com\/en\/#\/schema\/logo\/image\/\"},\"sameAs\":[\"https:\/\/x.com\/edmediterrania\",\"https:\/\/www.instagram.com\/editorialmediterrania\/\"]}]}<\/script>\n<!-- \/ Yoast SEO plugin. -->","yoast_head_json":{"title":"Pintar Casa Batll\u00f3 amb stickers - Editorial Mediterr\u00e0nia","description":"Pintar Casa Batll\u00f3 \u00e9s un quadern il\u00b7lustrat perqu\u00e8 els m\u00e9s petits puguin divertir-se pintant i enganxant en aquest fam\u00f3s edifici de Barcelona.","robots":{"index":"index","follow":"follow","max-snippet":"max-snippet:-1","max-image-preview":"max-image-preview:large","max-video-preview":"max-video-preview:-1"},"canonical":"https:\/\/editorialmediterrania.com\/en\/product\/pintar-casa-batllo\/","og_locale":"en_US","og_type":"article","og_title":"Pintar Casa Batll\u00f3 amb stickers - Editorial Mediterr\u00e0nia","og_description":"Pintar Casa Batll\u00f3 \u00e9s un quadern il\u00b7lustrat perqu\u00e8 els m\u00e9s petits puguin divertir-se pintant i enganxant en aquest fam\u00f3s edifici de Barcelona.","og_url":"https:\/\/editorialmediterrania.com\/en\/product\/pintar-casa-batllo\/","og_site_name":"Editorial Mediterr\u00e0nia","article_modified_time":"2025-04-11T11:30:32+00:00","og_image":[{"width":1013,"height":1024,"url":"https:\/\/editorialmediterrania.com\/wp-content\/uploads\/2023\/07\/Captura-de-pantalla-2025-04-11-a-les-13.23.22-1013x1024.png","type":"image\/png"}],"twitter_card":"summary_large_image","twitter_site":"@edmediterrania","twitter_misc":{"Est. reading time":"1 minute"},"schema":{"@context":"https:\/\/schema.org","@graph":[{"@type":"WebPage","@id":"https:\/\/editorialmediterrania.com\/en\/product\/pintar-casa-batllo\/","url":"https:\/\/editorialmediterrania.com\/en\/product\/pintar-casa-batllo\/","name":"Pintar Casa Batll\u00f3 amb stickers - Editorial Mediterr\u00e0nia","isPartOf":{"@id":"https:\/\/editorialmediterrania.com\/en\/#website"},"primaryImageOfPage":{"@id":"https:\/\/editorialmediterrania.com\/en\/product\/pintar-casa-batllo\/#primaryimage"},"image":{"@id":"https:\/\/editorialmediterrania.com\/en\/product\/pintar-casa-batllo\/#primaryimage"},"thumbnailUrl":"https:\/\/editorialmediterrania.com\/wp-content\/uploads\/2023\/07\/Captura-de-pantalla-2025-04-11-a-les-13.23.22.png","datePublished":"2023-07-12T07:37:21+00:00","dateModified":"2025-04-11T11:30:32+00:00","description":"Pintar Casa Batll\u00f3 \u00e9s un quadern il\u00b7lustrat perqu\u00e8 els m\u00e9s petits puguin divertir-se pintant i enganxant en aquest fam\u00f3s edifici de Barcelona.","breadcrumb":{"@id":"https:\/\/editorialmediterrania.com\/en\/product\/pintar-casa-batllo\/#breadcrumb"},"inLanguage":"en-US","potentialAction":[{"@type":"ReadAction","target":["https:\/\/editorialmediterrania.com\/en\/product\/pintar-casa-batllo\/"]}]},{"@type":"ImageObject","inLanguage":"en-US","@id":"https:\/\/editorialmediterrania.com\/en\/product\/pintar-casa-batllo\/#primaryimage","url":"https:\/\/editorialmediterrania.com\/wp-content\/uploads\/2023\/07\/Captura-de-pantalla-2025-04-11-a-les-13.23.22.png","contentUrl":"https:\/\/editorialmediterrania.com\/wp-content\/uploads\/2023\/07\/Captura-de-pantalla-2025-04-11-a-les-13.23.22.png","width":1418,"height":1434},{"@type":"BreadcrumbList","@id":"https:\/\/editorialmediterrania.com\/en\/product\/pintar-casa-batllo\/#breadcrumb","itemListElement":[{"@type":"ListItem","position":1,"name":"Children&#8217;s art book store","item":"https:\/\/editorialmediterrania.com\/en\/childrens-art-book-store\/"},{"@type":"ListItem","position":2,"name":"Pintar Casa Batll\u00f3 amb stickers"}]},{"@type":"WebSite","@id":"https:\/\/editorialmediterrania.com\/en\/#website","url":"https:\/\/editorialmediterrania.com\/en\/","name":"Editorial Mediterrania","description":"Llibres que t\u2019obriran nous mons","publisher":{"@id":"https:\/\/editorialmediterrania.com\/en\/#organization"},"alternateName":"Llibres infantils d'art, cultura i natura","potentialAction":[{"@type":"SearchAction","target":{"@type":"EntryPoint","urlTemplate":"https:\/\/editorialmediterrania.com\/en\/?s={search_term_string}"},"query-input":"required name=search_term_string"}],"inLanguage":"en-US"},{"@type":"Organization","@id":"https:\/\/editorialmediterrania.com\/en\/#organization","name":"Editorial Mediterrania","alternateName":"Llibres d'art, cultura i natura per infants i fam\u00edlies","url":"https:\/\/editorialmediterrania.com\/en\/","logo":{"@type":"ImageObject","inLanguage":"en-US","@id":"https:\/\/editorialmediterrania.com\/en\/#\/schema\/logo\/image\/","url":"https:\/\/editorialmediterrania.com\/wp-content\/uploads\/2023\/03\/LOGO-ED_MEDITERRANIA_OK-2.png","contentUrl":"https:\/\/editorialmediterrania.com\/wp-content\/uploads\/2023\/03\/LOGO-ED_MEDITERRANIA_OK-2.png","width":1200,"height":300,"caption":"Editorial Mediterrania"},"image":{"@id":"https:\/\/editorialmediterrania.com\/en\/#\/schema\/logo\/image\/"},"sameAs":["https:\/\/x.com\/edmediterrania","https:\/\/www.instagram.com\/editorialmediterrania\/"]}]}},"_links":{"self":[{"href":"https:\/\/editorialmediterrania.com\/en\/wp-json\/wp\/v2\/product\/41728","targetHints":{"allow":["GET"]}}],"collection":[{"href":"https:\/\/editorialmediterrania.com\/en\/wp-json\/wp\/v2\/product"}],"about":[{"href":"https:\/\/editorialmediterrania.com\/en\/wp-json\/wp\/v2\/types\/product"}],"wp:featuredmedia":[{"embeddable":true,"href":"https:\/\/editorialmediterrania.com\/en\/wp-json\/wp\/v2\/media\/46594"}],"wp:attachment":[{"href":"https:\/\/editorialmediterrania.com\/en\/wp-json\/wp\/v2\/media?parent=41728"}],"wp:term":[{"taxonomy":"product_cat","embeddable":true,"href":"https:\/\/editorialmediterrania.com\/en\/wp-json\/wp\/v2\/product_cat?post=41728"},{"taxonomy":"product_tag","embeddable":true,"href":"https:\/\/editorialmediterrania.com\/en\/wp-json\/wp\/v2\/product_tag?post=41728"},{"taxonomy":"autors","embeddable":true,"href":"https:\/\/editorialmediterrania.com\/en\/wp-json\/wp\/v2\/autors?post=41728"}],"curies":[{"name":"wp","href":"https:\/\/api.w.org\/{rel}","templated":true}]}}