{"id":41736,"date":"2023-07-12T09:57:02","date_gmt":"2023-07-12T07:57:02","guid":{"rendered":"http:\/\/editorialmediterrania.com\/?post_type=product&#038;p=41736"},"modified":"2025-08-20T08:46:26","modified_gmt":"2025-08-20T06:46:26","slug":"pintem-palau-guell","status":"publish","type":"product","link":"https:\/\/editorialmediterrania.com\/en\/product\/pintem-palau-guell\/","title":{"rendered":"Pintem Palau G\u00fcell"},"content":{"rendered":"<p><strong><em>Pintar Palau G\u00fcell<\/em>\u00a0<\/strong>e\u0301s un <strong>quadern il\u00b7lustrat<\/strong> per <a href=\"https:\/\/pilarin.cat\">Pilar\u00edn Bay\u00e9s<\/a> perque\u0300 els me\u0301s petits puguin divertir-se pintant aquest famo\u0301s edifici de Barcelona.<\/p>\n<p><a href=\"https:\/\/pilarin.cat\"><strong>Pilari\u0301n Baye\u0301s<\/strong><\/a> ha dibuixat per a aquesta ocasio\u0301 diverses parts de l\u2019edifici que va construir <strong>Antoni Gaudi\u0301<\/strong>.<\/p>\n<p>Totes les pa\u0300gines dobles estan plantejades amb una part en blanc i negre i l\u2019altra en color.<\/p>\n","protected":false},"excerpt":{"rendered":"<p>Pintar Palau G\u00fcell\u00a0e\u0301s un quadern il\u00b7lustrat per Pilar\u00edn Bay\u00e9s perque\u0300 els me\u0301s petits puguin divertir-se pintant aquest famo\u0301s edifici de Barcelona. Pilari\u0301n Baye\u0301s ha dibuixat per a aquesta ocasio\u0301 diverses parts de l\u2019edifici que va construir Antoni Gaudi\u0301. Totes les pa\u0300gines dobles estan plantejades amb una part en blanc i negre i l\u2019altra en color.<\/p>\n","protected":false},"featured_media":41737,"template":"","meta":[],"product_cat":[4363],"product_tag":[],"autors":[],"class_list":{"0":"post-41736","1":"product","2":"type-product","3":"status-publish","4":"has-post-thumbnail","6":"product_cat-pintem","8":"first","9":"outofstock","10":"taxable","11":"shipping-taxable","12":"purchasable","13":"product-type-simple","swatches":"rey-swatches","show_selected":""},"acf":[],"yoast_head":"<!-- This site is optimized with the Yoast SEO plugin v22.8 - https:\/\/yoast.com\/wordpress\/plugins\/seo\/ -->\n<title>Pintem Palau G\u00fcell - Editorial Mediterr\u00e0nia<\/title>\n<meta name=\"description\" content=\"Pintar Palau G\u00fcell\u00a0\u00e9s un quadern il\u00b7lustrat perqu\u00e8 els m\u00e9s petits puguin divertir-se pintant aquest fam\u00f3s edifici de Barcelona.\" \/>\n<meta name=\"robots\" content=\"index, follow, max-snippet:-1, max-image-preview:large, max-video-preview:-1\" \/>\n<link rel=\"canonical\" href=\"https:\/\/editorialmediterrania.com\/en\/product\/pintem-palau-guell\/\" \/>\n<meta property=\"og:locale\" content=\"en_US\" \/>\n<meta property=\"og:type\" content=\"article\" \/>\n<meta property=\"og:title\" content=\"Pintem Palau G\u00fcell - Editorial Mediterr\u00e0nia\" \/>\n<meta property=\"og:description\" content=\"Pintar Palau G\u00fcell\u00a0\u00e9s un quadern il\u00b7lustrat perqu\u00e8 els m\u00e9s petits puguin divertir-se pintant aquest fam\u00f3s edifici de Barcelona.\" \/>\n<meta property=\"og:url\" content=\"https:\/\/editorialmediterrania.com\/en\/product\/pintem-palau-guell\/\" \/>\n<meta property=\"og:site_name\" content=\"Editorial Mediterr\u00e0nia\" \/>\n<meta property=\"article:modified_time\" content=\"2025-08-20T06:46:26+00:00\" \/>\n<meta property=\"og:image\" content=\"https:\/\/editorialmediterrania.com\/wp-content\/uploads\/2023\/07\/9788499796642.png\" \/>\n\t<meta property=\"og:image:width\" content=\"892\" \/>\n\t<meta property=\"og:image:height\" content=\"892\" \/>\n\t<meta property=\"og:image:type\" content=\"image\/png\" \/>\n<meta name=\"twitter:card\" content=\"summary_large_image\" \/>\n<meta name=\"twitter:site\" content=\"@edmediterrania\" \/>\n<meta name=\"twitter:label1\" content=\"Est. reading time\" \/>\n\t<meta name=\"twitter:data1\" content=\"1 minute\" \/>\n<script type=\"application\/ld+json\" class=\"yoast-schema-graph\">{\"@context\":\"https:\/\/schema.org\",\"@graph\":[{\"@type\":\"WebPage\",\"@id\":\"https:\/\/editorialmediterrania.com\/en\/product\/pintem-palau-guell\/\",\"url\":\"https:\/\/editorialmediterrania.com\/en\/product\/pintem-palau-guell\/\",\"name\":\"Pintem Palau G\u00fcell - Editorial Mediterr\u00e0nia\",\"isPartOf\":{\"@id\":\"https:\/\/editorialmediterrania.com\/en\/#website\"},\"primaryImageOfPage\":{\"@id\":\"https:\/\/editorialmediterrania.com\/en\/product\/pintem-palau-guell\/#primaryimage\"},\"image\":{\"@id\":\"https:\/\/editorialmediterrania.com\/en\/product\/pintem-palau-guell\/#primaryimage\"},\"thumbnailUrl\":\"https:\/\/editorialmediterrania.com\/wp-content\/uploads\/2023\/07\/9788499796642.png\",\"datePublished\":\"2023-07-12T07:57:02+00:00\",\"dateModified\":\"2025-08-20T06:46:26+00:00\",\"description\":\"Pintar Palau G\u00fcell\u00a0\u00e9s un quadern il\u00b7lustrat perqu\u00e8 els m\u00e9s petits puguin divertir-se pintant aquest fam\u00f3s edifici de Barcelona.\",\"breadcrumb\":{\"@id\":\"https:\/\/editorialmediterrania.com\/en\/product\/pintem-palau-guell\/#breadcrumb\"},\"inLanguage\":\"en-US\",\"potentialAction\":[{\"@type\":\"ReadAction\",\"target\":[\"https:\/\/editorialmediterrania.com\/en\/product\/pintem-palau-guell\/\"]}]},{\"@type\":\"ImageObject\",\"inLanguage\":\"en-US\",\"@id\":\"https:\/\/editorialmediterrania.com\/en\/product\/pintem-palau-guell\/#primaryimage\",\"url\":\"https:\/\/editorialmediterrania.com\/wp-content\/uploads\/2023\/07\/9788499796642.png\",\"contentUrl\":\"https:\/\/editorialmediterrania.com\/wp-content\/uploads\/2023\/07\/9788499796642.png\",\"width\":892,\"height\":892},{\"@type\":\"BreadcrumbList\",\"@id\":\"https:\/\/editorialmediterrania.com\/en\/product\/pintem-palau-guell\/#breadcrumb\",\"itemListElement\":[{\"@type\":\"ListItem\",\"position\":1,\"name\":\"Children&#8217;s art book store\",\"item\":\"https:\/\/editorialmediterrania.com\/en\/childrens-art-book-store\/\"},{\"@type\":\"ListItem\",\"position\":2,\"name\":\"Pintem Palau G\u00fcell\"}]},{\"@type\":\"WebSite\",\"@id\":\"https:\/\/editorialmediterrania.com\/en\/#website\",\"url\":\"https:\/\/editorialmediterrania.com\/en\/\",\"name\":\"Editorial Mediterrania\",\"description\":\"Llibres que t\u2019obriran nous mons\",\"publisher\":{\"@id\":\"https:\/\/editorialmediterrania.com\/en\/#organization\"},\"alternateName\":\"Llibres infantils d'art, cultura i natura\",\"potentialAction\":[{\"@type\":\"SearchAction\",\"target\":{\"@type\":\"EntryPoint\",\"urlTemplate\":\"https:\/\/editorialmediterrania.com\/en\/?s={search_term_string}\"},\"query-input\":\"required name=search_term_string\"}],\"inLanguage\":\"en-US\"},{\"@type\":\"Organization\",\"@id\":\"https:\/\/editorialmediterrania.com\/en\/#organization\",\"name\":\"Editorial Mediterrania\",\"alternateName\":\"Llibres d'art, cultura i natura per infants i fam\u00edlies\",\"url\":\"https:\/\/editorialmediterrania.com\/en\/\",\"logo\":{\"@type\":\"ImageObject\",\"inLanguage\":\"en-US\",\"@id\":\"https:\/\/editorialmediterrania.com\/en\/#\/schema\/logo\/image\/\",\"url\":\"https:\/\/editorialmediterrania.com\/wp-content\/uploads\/2023\/03\/LOGO-ED_MEDITERRANIA_OK-2.png\",\"contentUrl\":\"https:\/\/editorialmediterrania.com\/wp-content\/uploads\/2023\/03\/LOGO-ED_MEDITERRANIA_OK-2.png\",\"width\":1200,\"height\":300,\"caption\":\"Editorial Mediterrania\"},\"image\":{\"@id\":\"https:\/\/editorialmediterrania.com\/en\/#\/schema\/logo\/image\/\"},\"sameAs\":[\"https:\/\/x.com\/edmediterrania\",\"https:\/\/www.instagram.com\/editorialmediterrania\/\"]}]}<\/script>\n<!-- \/ Yoast SEO plugin. -->","yoast_head_json":{"title":"Pintem Palau G\u00fcell - Editorial Mediterr\u00e0nia","description":"Pintar Palau G\u00fcell\u00a0\u00e9s un quadern il\u00b7lustrat perqu\u00e8 els m\u00e9s petits puguin divertir-se pintant aquest fam\u00f3s edifici de Barcelona.","robots":{"index":"index","follow":"follow","max-snippet":"max-snippet:-1","max-image-preview":"max-image-preview:large","max-video-preview":"max-video-preview:-1"},"canonical":"https:\/\/editorialmediterrania.com\/en\/product\/pintem-palau-guell\/","og_locale":"en_US","og_type":"article","og_title":"Pintem Palau G\u00fcell - Editorial Mediterr\u00e0nia","og_description":"Pintar Palau G\u00fcell\u00a0\u00e9s un quadern il\u00b7lustrat perqu\u00e8 els m\u00e9s petits puguin divertir-se pintant aquest fam\u00f3s edifici de Barcelona.","og_url":"https:\/\/editorialmediterrania.com\/en\/product\/pintem-palau-guell\/","og_site_name":"Editorial Mediterr\u00e0nia","article_modified_time":"2025-08-20T06:46:26+00:00","og_image":[{"width":892,"height":892,"url":"https:\/\/editorialmediterrania.com\/wp-content\/uploads\/2023\/07\/9788499796642.png","type":"image\/png"}],"twitter_card":"summary_large_image","twitter_site":"@edmediterrania","twitter_misc":{"Est. reading time":"1 minute"},"schema":{"@context":"https:\/\/schema.org","@graph":[{"@type":"WebPage","@id":"https:\/\/editorialmediterrania.com\/en\/product\/pintem-palau-guell\/","url":"https:\/\/editorialmediterrania.com\/en\/product\/pintem-palau-guell\/","name":"Pintem Palau G\u00fcell - Editorial Mediterr\u00e0nia","isPartOf":{"@id":"https:\/\/editorialmediterrania.com\/en\/#website"},"primaryImageOfPage":{"@id":"https:\/\/editorialmediterrania.com\/en\/product\/pintem-palau-guell\/#primaryimage"},"image":{"@id":"https:\/\/editorialmediterrania.com\/en\/product\/pintem-palau-guell\/#primaryimage"},"thumbnailUrl":"https:\/\/editorialmediterrania.com\/wp-content\/uploads\/2023\/07\/9788499796642.png","datePublished":"2023-07-12T07:57:02+00:00","dateModified":"2025-08-20T06:46:26+00:00","description":"Pintar Palau G\u00fcell\u00a0\u00e9s un quadern il\u00b7lustrat perqu\u00e8 els m\u00e9s petits puguin divertir-se pintant aquest fam\u00f3s edifici de Barcelona.","breadcrumb":{"@id":"https:\/\/editorialmediterrania.com\/en\/product\/pintem-palau-guell\/#breadcrumb"},"inLanguage":"en-US","potentialAction":[{"@type":"ReadAction","target":["https:\/\/editorialmediterrania.com\/en\/product\/pintem-palau-guell\/"]}]},{"@type":"ImageObject","inLanguage":"en-US","@id":"https:\/\/editorialmediterrania.com\/en\/product\/pintem-palau-guell\/#primaryimage","url":"https:\/\/editorialmediterrania.com\/wp-content\/uploads\/2023\/07\/9788499796642.png","contentUrl":"https:\/\/editorialmediterrania.com\/wp-content\/uploads\/2023\/07\/9788499796642.png","width":892,"height":892},{"@type":"BreadcrumbList","@id":"https:\/\/editorialmediterrania.com\/en\/product\/pintem-palau-guell\/#breadcrumb","itemListElement":[{"@type":"ListItem","position":1,"name":"Children&#8217;s art book store","item":"https:\/\/editorialmediterrania.com\/en\/childrens-art-book-store\/"},{"@type":"ListItem","position":2,"name":"Pintem Palau G\u00fcell"}]},{"@type":"WebSite","@id":"https:\/\/editorialmediterrania.com\/en\/#website","url":"https:\/\/editorialmediterrania.com\/en\/","name":"Editorial Mediterrania","description":"Llibres que t\u2019obriran nous mons","publisher":{"@id":"https:\/\/editorialmediterrania.com\/en\/#organization"},"alternateName":"Llibres infantils d'art, cultura i natura","potentialAction":[{"@type":"SearchAction","target":{"@type":"EntryPoint","urlTemplate":"https:\/\/editorialmediterrania.com\/en\/?s={search_term_string}"},"query-input":"required name=search_term_string"}],"inLanguage":"en-US"},{"@type":"Organization","@id":"https:\/\/editorialmediterrania.com\/en\/#organization","name":"Editorial Mediterrania","alternateName":"Llibres d'art, cultura i natura per infants i fam\u00edlies","url":"https:\/\/editorialmediterrania.com\/en\/","logo":{"@type":"ImageObject","inLanguage":"en-US","@id":"https:\/\/editorialmediterrania.com\/en\/#\/schema\/logo\/image\/","url":"https:\/\/editorialmediterrania.com\/wp-content\/uploads\/2023\/03\/LOGO-ED_MEDITERRANIA_OK-2.png","contentUrl":"https:\/\/editorialmediterrania.com\/wp-content\/uploads\/2023\/03\/LOGO-ED_MEDITERRANIA_OK-2.png","width":1200,"height":300,"caption":"Editorial Mediterrania"},"image":{"@id":"https:\/\/editorialmediterrania.com\/en\/#\/schema\/logo\/image\/"},"sameAs":["https:\/\/x.com\/edmediterrania","https:\/\/www.instagram.com\/editorialmediterrania\/"]}]}},"_links":{"self":[{"href":"https:\/\/editorialmediterrania.com\/en\/wp-json\/wp\/v2\/product\/41736","targetHints":{"allow":["GET"]}}],"collection":[{"href":"https:\/\/editorialmediterrania.com\/en\/wp-json\/wp\/v2\/product"}],"about":[{"href":"https:\/\/editorialmediterrania.com\/en\/wp-json\/wp\/v2\/types\/product"}],"wp:featuredmedia":[{"embeddable":true,"href":"https:\/\/editorialmediterrania.com\/en\/wp-json\/wp\/v2\/media\/41737"}],"wp:attachment":[{"href":"https:\/\/editorialmediterrania.com\/en\/wp-json\/wp\/v2\/media?parent=41736"}],"wp:term":[{"taxonomy":"product_cat","embeddable":true,"href":"https:\/\/editorialmediterrania.com\/en\/wp-json\/wp\/v2\/product_cat?post=41736"},{"taxonomy":"product_tag","embeddable":true,"href":"https:\/\/editorialmediterrania.com\/en\/wp-json\/wp\/v2\/product_tag?post=41736"},{"taxonomy":"autors","embeddable":true,"href":"https:\/\/editorialmediterrania.com\/en\/wp-json\/wp\/v2\/autors?post=41736"}],"curies":[{"name":"wp","href":"https:\/\/api.w.org\/{rel}","templated":true}]}}