{"id":41740,"date":"2023-07-12T13:03:39","date_gmt":"2023-07-12T11:03:39","guid":{"rendered":"http:\/\/editorialmediterrania.com\/?post_type=product&#038;p=41740"},"modified":"2026-03-12T16:08:46","modified_gmt":"2026-03-12T15:08:46","slug":"el-secret-de-la-faixa","status":"publish","type":"product","link":"https:\/\/editorialmediterrania.com\/en\/product\/el-secret-de-la-faixa\/","title":{"rendered":"El secret de la faixa"},"content":{"rendered":"<p class=\"p2\">En Ciscu, veter\u00e0 dels <a href=\"https:\/\/www.google.com\/search?client=safari&amp;rls=en&amp;q=Castellers+de+Sants&amp;ie=UTF-8&amp;oe=UTF-8\"><strong>Castellers de Sants<\/strong><\/a>, ha decidit donar pas a noves veus dins la colla. Per\u00f2, qu\u00e8 passar\u00e0 amb la seva faixa?<\/p>\n<p class=\"p2\">Aquesta, que t\u00e9 veu pr\u00f2pia, li explicar\u00e0 a la seva nova castellera, la Isona, per quines mans ha passat i totes les aventures que ha viscut.<\/p>\n<p class=\"p3\"><b>Un conte per viure, con\u00e8ixer i gaudir de la tradici\u00f3 castellera! <\/b><\/p>\n","protected":false},"excerpt":{"rendered":"<p><b>Un conte per viure, con\u00e8ixer i gaudir de la tradici\u00f3 castellera!<\/b><\/p>\n","protected":false},"featured_media":41741,"template":"","meta":[],"product_cat":[319],"product_tag":[],"autors":[],"class_list":{"0":"post-41740","1":"product","2":"type-product","3":"status-publish","4":"has-post-thumbnail","6":"product_cat-tradicions","8":"first","9":"instock","10":"taxable","11":"shipping-taxable","12":"purchasable","13":"product-type-simple","swatches":"rey-swatches","show_selected":""},"acf":[],"yoast_head":"<!-- This site is optimized with the Yoast SEO plugin v22.8 - https:\/\/yoast.com\/wordpress\/plugins\/seo\/ -->\n<title>El secret de la faixa - Editorial Mediterr\u00e0nia<\/title>\n<meta name=\"description\" content=\"En Ciscu, veter\u00e0 dels Castellers de Sants, ha decidit donar pas a noves veus dins la colla. Per\u00f2, qu\u00e8 passar\u00e0 amb la seva faixa?\" \/>\n<meta name=\"robots\" content=\"index, follow, max-snippet:-1, max-image-preview:large, max-video-preview:-1\" \/>\n<link rel=\"canonical\" href=\"https:\/\/editorialmediterrania.com\/en\/product\/el-secret-de-la-faixa\/\" \/>\n<meta property=\"og:locale\" content=\"en_US\" \/>\n<meta property=\"og:type\" content=\"article\" \/>\n<meta property=\"og:title\" content=\"El secret de la faixa - Editorial Mediterr\u00e0nia\" \/>\n<meta property=\"og:description\" content=\"En Ciscu, veter\u00e0 dels Castellers de Sants, ha decidit donar pas a noves veus dins la colla. Per\u00f2, qu\u00e8 passar\u00e0 amb la seva faixa?\" \/>\n<meta property=\"og:url\" content=\"https:\/\/editorialmediterrania.com\/en\/product\/el-secret-de-la-faixa\/\" \/>\n<meta property=\"og:site_name\" content=\"Editorial Mediterr\u00e0nia\" \/>\n<meta property=\"article:modified_time\" content=\"2026-03-12T15:08:46+00:00\" \/>\n<meta property=\"og:image\" content=\"https:\/\/editorialmediterrania.com\/wp-content\/uploads\/2023\/07\/COBERTA_EL-SECRET-DE-LA-FAIXA.png\" \/>\n\t<meta property=\"og:image:width\" content=\"896\" \/>\n\t<meta property=\"og:image:height\" content=\"922\" \/>\n\t<meta property=\"og:image:type\" content=\"image\/png\" \/>\n<meta name=\"twitter:card\" content=\"summary_large_image\" \/>\n<meta name=\"twitter:site\" content=\"@edmediterrania\" \/>\n<meta name=\"twitter:label1\" content=\"Est. reading time\" \/>\n\t<meta name=\"twitter:data1\" content=\"1 minute\" \/>\n<script type=\"application\/ld+json\" class=\"yoast-schema-graph\">{\"@context\":\"https:\/\/schema.org\",\"@graph\":[{\"@type\":\"WebPage\",\"@id\":\"https:\/\/editorialmediterrania.com\/en\/product\/el-secret-de-la-faixa\/\",\"url\":\"https:\/\/editorialmediterrania.com\/en\/product\/el-secret-de-la-faixa\/\",\"name\":\"El secret de la faixa - Editorial Mediterr\u00e0nia\",\"isPartOf\":{\"@id\":\"https:\/\/editorialmediterrania.com\/en\/#website\"},\"primaryImageOfPage\":{\"@id\":\"https:\/\/editorialmediterrania.com\/en\/product\/el-secret-de-la-faixa\/#primaryimage\"},\"image\":{\"@id\":\"https:\/\/editorialmediterrania.com\/en\/product\/el-secret-de-la-faixa\/#primaryimage\"},\"thumbnailUrl\":\"https:\/\/editorialmediterrania.com\/wp-content\/uploads\/2023\/07\/COBERTA_EL-SECRET-DE-LA-FAIXA.png\",\"datePublished\":\"2023-07-12T11:03:39+00:00\",\"dateModified\":\"2026-03-12T15:08:46+00:00\",\"description\":\"En Ciscu, veter\u00e0 dels Castellers de Sants, ha decidit donar pas a noves veus dins la colla. Per\u00f2, qu\u00e8 passar\u00e0 amb la seva faixa?\",\"breadcrumb\":{\"@id\":\"https:\/\/editorialmediterrania.com\/en\/product\/el-secret-de-la-faixa\/#breadcrumb\"},\"inLanguage\":\"en-US\",\"potentialAction\":[{\"@type\":\"ReadAction\",\"target\":[\"https:\/\/editorialmediterrania.com\/en\/product\/el-secret-de-la-faixa\/\"]}]},{\"@type\":\"ImageObject\",\"inLanguage\":\"en-US\",\"@id\":\"https:\/\/editorialmediterrania.com\/en\/product\/el-secret-de-la-faixa\/#primaryimage\",\"url\":\"https:\/\/editorialmediterrania.com\/wp-content\/uploads\/2023\/07\/COBERTA_EL-SECRET-DE-LA-FAIXA.png\",\"contentUrl\":\"https:\/\/editorialmediterrania.com\/wp-content\/uploads\/2023\/07\/COBERTA_EL-SECRET-DE-LA-FAIXA.png\",\"width\":896,\"height\":922},{\"@type\":\"BreadcrumbList\",\"@id\":\"https:\/\/editorialmediterrania.com\/en\/product\/el-secret-de-la-faixa\/#breadcrumb\",\"itemListElement\":[{\"@type\":\"ListItem\",\"position\":1,\"name\":\"Children&#8217;s art book store\",\"item\":\"https:\/\/editorialmediterrania.com\/en\/childrens-art-book-store\/\"},{\"@type\":\"ListItem\",\"position\":2,\"name\":\"El secret de la faixa\"}]},{\"@type\":\"WebSite\",\"@id\":\"https:\/\/editorialmediterrania.com\/en\/#website\",\"url\":\"https:\/\/editorialmediterrania.com\/en\/\",\"name\":\"Editorial Mediterrania\",\"description\":\"Llibres que t\u2019obriran nous mons\",\"publisher\":{\"@id\":\"https:\/\/editorialmediterrania.com\/en\/#organization\"},\"alternateName\":\"Llibres infantils d'art, cultura i natura\",\"potentialAction\":[{\"@type\":\"SearchAction\",\"target\":{\"@type\":\"EntryPoint\",\"urlTemplate\":\"https:\/\/editorialmediterrania.com\/en\/?s={search_term_string}\"},\"query-input\":\"required name=search_term_string\"}],\"inLanguage\":\"en-US\"},{\"@type\":\"Organization\",\"@id\":\"https:\/\/editorialmediterrania.com\/en\/#organization\",\"name\":\"Editorial Mediterrania\",\"alternateName\":\"Llibres d'art, cultura i natura per infants i fam\u00edlies\",\"url\":\"https:\/\/editorialmediterrania.com\/en\/\",\"logo\":{\"@type\":\"ImageObject\",\"inLanguage\":\"en-US\",\"@id\":\"https:\/\/editorialmediterrania.com\/en\/#\/schema\/logo\/image\/\",\"url\":\"https:\/\/editorialmediterrania.com\/wp-content\/uploads\/2023\/03\/LOGO-ED_MEDITERRANIA_OK-2.png\",\"contentUrl\":\"https:\/\/editorialmediterrania.com\/wp-content\/uploads\/2023\/03\/LOGO-ED_MEDITERRANIA_OK-2.png\",\"width\":1200,\"height\":300,\"caption\":\"Editorial Mediterrania\"},\"image\":{\"@id\":\"https:\/\/editorialmediterrania.com\/en\/#\/schema\/logo\/image\/\"},\"sameAs\":[\"https:\/\/x.com\/edmediterrania\",\"https:\/\/www.instagram.com\/editorialmediterrania\/\"]}]}<\/script>\n<!-- \/ Yoast SEO plugin. -->","yoast_head_json":{"title":"El secret de la faixa - Editorial Mediterr\u00e0nia","description":"En Ciscu, veter\u00e0 dels Castellers de Sants, ha decidit donar pas a noves veus dins la colla. Per\u00f2, qu\u00e8 passar\u00e0 amb la seva faixa?","robots":{"index":"index","follow":"follow","max-snippet":"max-snippet:-1","max-image-preview":"max-image-preview:large","max-video-preview":"max-video-preview:-1"},"canonical":"https:\/\/editorialmediterrania.com\/en\/product\/el-secret-de-la-faixa\/","og_locale":"en_US","og_type":"article","og_title":"El secret de la faixa - Editorial Mediterr\u00e0nia","og_description":"En Ciscu, veter\u00e0 dels Castellers de Sants, ha decidit donar pas a noves veus dins la colla. Per\u00f2, qu\u00e8 passar\u00e0 amb la seva faixa?","og_url":"https:\/\/editorialmediterrania.com\/en\/product\/el-secret-de-la-faixa\/","og_site_name":"Editorial Mediterr\u00e0nia","article_modified_time":"2026-03-12T15:08:46+00:00","og_image":[{"width":896,"height":922,"url":"https:\/\/editorialmediterrania.com\/wp-content\/uploads\/2023\/07\/COBERTA_EL-SECRET-DE-LA-FAIXA.png","type":"image\/png"}],"twitter_card":"summary_large_image","twitter_site":"@edmediterrania","twitter_misc":{"Est. reading time":"1 minute"},"schema":{"@context":"https:\/\/schema.org","@graph":[{"@type":"WebPage","@id":"https:\/\/editorialmediterrania.com\/en\/product\/el-secret-de-la-faixa\/","url":"https:\/\/editorialmediterrania.com\/en\/product\/el-secret-de-la-faixa\/","name":"El secret de la faixa - Editorial Mediterr\u00e0nia","isPartOf":{"@id":"https:\/\/editorialmediterrania.com\/en\/#website"},"primaryImageOfPage":{"@id":"https:\/\/editorialmediterrania.com\/en\/product\/el-secret-de-la-faixa\/#primaryimage"},"image":{"@id":"https:\/\/editorialmediterrania.com\/en\/product\/el-secret-de-la-faixa\/#primaryimage"},"thumbnailUrl":"https:\/\/editorialmediterrania.com\/wp-content\/uploads\/2023\/07\/COBERTA_EL-SECRET-DE-LA-FAIXA.png","datePublished":"2023-07-12T11:03:39+00:00","dateModified":"2026-03-12T15:08:46+00:00","description":"En Ciscu, veter\u00e0 dels Castellers de Sants, ha decidit donar pas a noves veus dins la colla. Per\u00f2, qu\u00e8 passar\u00e0 amb la seva faixa?","breadcrumb":{"@id":"https:\/\/editorialmediterrania.com\/en\/product\/el-secret-de-la-faixa\/#breadcrumb"},"inLanguage":"en-US","potentialAction":[{"@type":"ReadAction","target":["https:\/\/editorialmediterrania.com\/en\/product\/el-secret-de-la-faixa\/"]}]},{"@type":"ImageObject","inLanguage":"en-US","@id":"https:\/\/editorialmediterrania.com\/en\/product\/el-secret-de-la-faixa\/#primaryimage","url":"https:\/\/editorialmediterrania.com\/wp-content\/uploads\/2023\/07\/COBERTA_EL-SECRET-DE-LA-FAIXA.png","contentUrl":"https:\/\/editorialmediterrania.com\/wp-content\/uploads\/2023\/07\/COBERTA_EL-SECRET-DE-LA-FAIXA.png","width":896,"height":922},{"@type":"BreadcrumbList","@id":"https:\/\/editorialmediterrania.com\/en\/product\/el-secret-de-la-faixa\/#breadcrumb","itemListElement":[{"@type":"ListItem","position":1,"name":"Children&#8217;s art book store","item":"https:\/\/editorialmediterrania.com\/en\/childrens-art-book-store\/"},{"@type":"ListItem","position":2,"name":"El secret de la faixa"}]},{"@type":"WebSite","@id":"https:\/\/editorialmediterrania.com\/en\/#website","url":"https:\/\/editorialmediterrania.com\/en\/","name":"Editorial Mediterrania","description":"Llibres que t\u2019obriran nous mons","publisher":{"@id":"https:\/\/editorialmediterrania.com\/en\/#organization"},"alternateName":"Llibres infantils d'art, cultura i natura","potentialAction":[{"@type":"SearchAction","target":{"@type":"EntryPoint","urlTemplate":"https:\/\/editorialmediterrania.com\/en\/?s={search_term_string}"},"query-input":"required name=search_term_string"}],"inLanguage":"en-US"},{"@type":"Organization","@id":"https:\/\/editorialmediterrania.com\/en\/#organization","name":"Editorial Mediterrania","alternateName":"Llibres d'art, cultura i natura per infants i fam\u00edlies","url":"https:\/\/editorialmediterrania.com\/en\/","logo":{"@type":"ImageObject","inLanguage":"en-US","@id":"https:\/\/editorialmediterrania.com\/en\/#\/schema\/logo\/image\/","url":"https:\/\/editorialmediterrania.com\/wp-content\/uploads\/2023\/03\/LOGO-ED_MEDITERRANIA_OK-2.png","contentUrl":"https:\/\/editorialmediterrania.com\/wp-content\/uploads\/2023\/03\/LOGO-ED_MEDITERRANIA_OK-2.png","width":1200,"height":300,"caption":"Editorial Mediterrania"},"image":{"@id":"https:\/\/editorialmediterrania.com\/en\/#\/schema\/logo\/image\/"},"sameAs":["https:\/\/x.com\/edmediterrania","https:\/\/www.instagram.com\/editorialmediterrania\/"]}]}},"_links":{"self":[{"href":"https:\/\/editorialmediterrania.com\/en\/wp-json\/wp\/v2\/product\/41740","targetHints":{"allow":["GET"]}}],"collection":[{"href":"https:\/\/editorialmediterrania.com\/en\/wp-json\/wp\/v2\/product"}],"about":[{"href":"https:\/\/editorialmediterrania.com\/en\/wp-json\/wp\/v2\/types\/product"}],"wp:featuredmedia":[{"embeddable":true,"href":"https:\/\/editorialmediterrania.com\/en\/wp-json\/wp\/v2\/media\/41741"}],"wp:attachment":[{"href":"https:\/\/editorialmediterrania.com\/en\/wp-json\/wp\/v2\/media?parent=41740"}],"wp:term":[{"taxonomy":"product_cat","embeddable":true,"href":"https:\/\/editorialmediterrania.com\/en\/wp-json\/wp\/v2\/product_cat?post=41740"},{"taxonomy":"product_tag","embeddable":true,"href":"https:\/\/editorialmediterrania.com\/en\/wp-json\/wp\/v2\/product_tag?post=41740"},{"taxonomy":"autors","embeddable":true,"href":"https:\/\/editorialmediterrania.com\/en\/wp-json\/wp\/v2\/autors?post=41740"}],"curies":[{"name":"wp","href":"https:\/\/api.w.org\/{rel}","templated":true}]}}