{"id":41972,"date":"2023-09-05T16:51:44","date_gmt":"2023-09-05T14:51:44","guid":{"rendered":"http:\/\/editorialmediterrania.com\/?post_type=product&#038;p=41972"},"modified":"2025-07-24T11:07:26","modified_gmt":"2025-07-24T09:07:26","slug":"locell-i-el-secret","status":"publish","type":"product","link":"https:\/\/editorialmediterrania.com\/en\/product\/locell-i-el-secret\/","title":{"rendered":"L&#8217;ocell i el secret"},"content":{"rendered":"<p>A vegades, els <strong>secrets<\/strong> s\u00f3n dif\u00edcils d&#8217;explicar.<\/p>\n<p>La nostra protagonista es troba amb un misteri sense resposta. Per\u00f2 quan un ocellet cau del niu al pati de l&#8217;escola, descobrir\u00e0 que els secrets es desentrellen m\u00e9s f\u00e0cilment quan es comparteixen.<\/p>\n<p>Un conte de <a href=\"https:\/\/es.wikipedia.org\/wiki\/Carles_Porta\"><strong>Carles Porta<\/strong><\/a>, amb il\u00b7lustracions de <a href=\"https:\/\/pilarin.cat\"><strong>Pilar\u00edn Bay\u00e9s<\/strong><\/a>, que convida a la consci\u00e8ncia i a la <strong>den\u00fancia de l&#8217;ab\u00fas infantil.<\/strong><\/p>\n<p>&nbsp;<\/p>\n","protected":false},"excerpt":{"rendered":"<p>A vegades, els secrets s\u00f3n dif\u00edcils d&#8217;explicar. La nostra protagonista es troba amb un misteri sense resposta. Per\u00f2 quan un ocellet cau del niu al pati de l&#8217;escola, descobrir\u00e0 que els secrets es desentrellen m\u00e9s f\u00e0cilment quan es comparteixen. Un conte de Carles Porta, amb il\u00b7lustracions de Pilar\u00edn Bay\u00e9s, que convida a la consci\u00e8ncia i [&hellip;]<\/p>\n","protected":false},"featured_media":41973,"template":"","meta":[],"product_cat":[16],"product_tag":[],"autors":[],"class_list":{"0":"post-41972","1":"product","2":"type-product","3":"status-publish","4":"has-post-thumbnail","6":"product_cat-editorial-mediterrania","8":"first","9":"instock","10":"taxable","11":"shipping-taxable","12":"purchasable","13":"product-type-simple","swatches":"rey-swatches","show_selected":""},"acf":[],"yoast_head":"<!-- This site is optimized with the Yoast SEO plugin v22.8 - https:\/\/yoast.com\/wordpress\/plugins\/seo\/ -->\n<title>L&#039;ocell i el secret - Editorial Mediterr\u00e0nia<\/title>\n<meta name=\"description\" content=\"Un conte de Carles Porta amb il\u00b7lustracions de Pilar\u00edn Bay\u00e9s per conscienciar i denunciar l&#039;ab\u00fas infantil.\" \/>\n<meta name=\"robots\" content=\"index, follow, max-snippet:-1, max-image-preview:large, max-video-preview:-1\" \/>\n<link rel=\"canonical\" href=\"https:\/\/editorialmediterrania.com\/en\/product\/locell-i-el-secret\/\" \/>\n<meta property=\"og:locale\" content=\"en_US\" \/>\n<meta property=\"og:type\" content=\"article\" \/>\n<meta property=\"og:title\" content=\"L&#039;ocell i el secret - Editorial Mediterr\u00e0nia\" \/>\n<meta property=\"og:description\" content=\"Un conte de Carles Porta amb il\u00b7lustracions de Pilar\u00edn Bay\u00e9s per conscienciar i denunciar l&#039;ab\u00fas infantil.\" \/>\n<meta property=\"og:url\" content=\"https:\/\/editorialmediterrania.com\/en\/product\/locell-i-el-secret\/\" \/>\n<meta property=\"og:site_name\" content=\"Editorial Mediterr\u00e0nia\" \/>\n<meta property=\"article:modified_time\" content=\"2025-07-24T09:07:26+00:00\" \/>\n<meta property=\"og:image\" content=\"https:\/\/editorialmediterrania.com\/wp-content\/uploads\/2023\/09\/COBERTA_OCELL_SECRET.png\" \/>\n\t<meta property=\"og:image:width\" content=\"745\" \/>\n\t<meta property=\"og:image:height\" content=\"793\" \/>\n\t<meta property=\"og:image:type\" content=\"image\/png\" \/>\n<meta name=\"twitter:card\" content=\"summary_large_image\" \/>\n<meta name=\"twitter:site\" content=\"@edmediterrania\" \/>\n<meta name=\"twitter:label1\" content=\"Est. reading time\" \/>\n\t<meta name=\"twitter:data1\" content=\"1 minute\" \/>\n<script type=\"application\/ld+json\" class=\"yoast-schema-graph\">{\"@context\":\"https:\/\/schema.org\",\"@graph\":[{\"@type\":\"WebPage\",\"@id\":\"https:\/\/editorialmediterrania.com\/en\/product\/locell-i-el-secret\/\",\"url\":\"https:\/\/editorialmediterrania.com\/en\/product\/locell-i-el-secret\/\",\"name\":\"L'ocell i el secret - Editorial Mediterr\u00e0nia\",\"isPartOf\":{\"@id\":\"https:\/\/editorialmediterrania.com\/en\/#website\"},\"primaryImageOfPage\":{\"@id\":\"https:\/\/editorialmediterrania.com\/en\/product\/locell-i-el-secret\/#primaryimage\"},\"image\":{\"@id\":\"https:\/\/editorialmediterrania.com\/en\/product\/locell-i-el-secret\/#primaryimage\"},\"thumbnailUrl\":\"https:\/\/editorialmediterrania.com\/wp-content\/uploads\/2023\/09\/COBERTA_OCELL_SECRET.png\",\"datePublished\":\"2023-09-05T14:51:44+00:00\",\"dateModified\":\"2025-07-24T09:07:26+00:00\",\"description\":\"Un conte de Carles Porta amb il\u00b7lustracions de Pilar\u00edn Bay\u00e9s per conscienciar i denunciar l'ab\u00fas infantil.\",\"breadcrumb\":{\"@id\":\"https:\/\/editorialmediterrania.com\/en\/product\/locell-i-el-secret\/#breadcrumb\"},\"inLanguage\":\"en-US\",\"potentialAction\":[{\"@type\":\"ReadAction\",\"target\":[\"https:\/\/editorialmediterrania.com\/en\/product\/locell-i-el-secret\/\"]}]},{\"@type\":\"ImageObject\",\"inLanguage\":\"en-US\",\"@id\":\"https:\/\/editorialmediterrania.com\/en\/product\/locell-i-el-secret\/#primaryimage\",\"url\":\"https:\/\/editorialmediterrania.com\/wp-content\/uploads\/2023\/09\/COBERTA_OCELL_SECRET.png\",\"contentUrl\":\"https:\/\/editorialmediterrania.com\/wp-content\/uploads\/2023\/09\/COBERTA_OCELL_SECRET.png\",\"width\":745,\"height\":793},{\"@type\":\"BreadcrumbList\",\"@id\":\"https:\/\/editorialmediterrania.com\/en\/product\/locell-i-el-secret\/#breadcrumb\",\"itemListElement\":[{\"@type\":\"ListItem\",\"position\":1,\"name\":\"Children&#8217;s art book store\",\"item\":\"https:\/\/editorialmediterrania.com\/en\/childrens-art-book-store\/\"},{\"@type\":\"ListItem\",\"position\":2,\"name\":\"L&#8217;ocell i el secret\"}]},{\"@type\":\"WebSite\",\"@id\":\"https:\/\/editorialmediterrania.com\/en\/#website\",\"url\":\"https:\/\/editorialmediterrania.com\/en\/\",\"name\":\"Editorial Mediterrania\",\"description\":\"Llibres que t\u2019obriran nous mons\",\"publisher\":{\"@id\":\"https:\/\/editorialmediterrania.com\/en\/#organization\"},\"alternateName\":\"Llibres infantils d'art, cultura i natura\",\"potentialAction\":[{\"@type\":\"SearchAction\",\"target\":{\"@type\":\"EntryPoint\",\"urlTemplate\":\"https:\/\/editorialmediterrania.com\/en\/?s={search_term_string}\"},\"query-input\":\"required name=search_term_string\"}],\"inLanguage\":\"en-US\"},{\"@type\":\"Organization\",\"@id\":\"https:\/\/editorialmediterrania.com\/en\/#organization\",\"name\":\"Editorial Mediterrania\",\"alternateName\":\"Llibres d'art, cultura i natura per infants i fam\u00edlies\",\"url\":\"https:\/\/editorialmediterrania.com\/en\/\",\"logo\":{\"@type\":\"ImageObject\",\"inLanguage\":\"en-US\",\"@id\":\"https:\/\/editorialmediterrania.com\/en\/#\/schema\/logo\/image\/\",\"url\":\"https:\/\/editorialmediterrania.com\/wp-content\/uploads\/2023\/03\/LOGO-ED_MEDITERRANIA_OK-2.png\",\"contentUrl\":\"https:\/\/editorialmediterrania.com\/wp-content\/uploads\/2023\/03\/LOGO-ED_MEDITERRANIA_OK-2.png\",\"width\":1200,\"height\":300,\"caption\":\"Editorial Mediterrania\"},\"image\":{\"@id\":\"https:\/\/editorialmediterrania.com\/en\/#\/schema\/logo\/image\/\"},\"sameAs\":[\"https:\/\/x.com\/edmediterrania\",\"https:\/\/www.instagram.com\/editorialmediterrania\/\"]}]}<\/script>\n<!-- \/ Yoast SEO plugin. -->","yoast_head_json":{"title":"L'ocell i el secret - Editorial Mediterr\u00e0nia","description":"Un conte de Carles Porta amb il\u00b7lustracions de Pilar\u00edn Bay\u00e9s per conscienciar i denunciar l'ab\u00fas infantil.","robots":{"index":"index","follow":"follow","max-snippet":"max-snippet:-1","max-image-preview":"max-image-preview:large","max-video-preview":"max-video-preview:-1"},"canonical":"https:\/\/editorialmediterrania.com\/en\/product\/locell-i-el-secret\/","og_locale":"en_US","og_type":"article","og_title":"L'ocell i el secret - Editorial Mediterr\u00e0nia","og_description":"Un conte de Carles Porta amb il\u00b7lustracions de Pilar\u00edn Bay\u00e9s per conscienciar i denunciar l'ab\u00fas infantil.","og_url":"https:\/\/editorialmediterrania.com\/en\/product\/locell-i-el-secret\/","og_site_name":"Editorial Mediterr\u00e0nia","article_modified_time":"2025-07-24T09:07:26+00:00","og_image":[{"width":745,"height":793,"url":"https:\/\/editorialmediterrania.com\/wp-content\/uploads\/2023\/09\/COBERTA_OCELL_SECRET.png","type":"image\/png"}],"twitter_card":"summary_large_image","twitter_site":"@edmediterrania","twitter_misc":{"Est. reading time":"1 minute"},"schema":{"@context":"https:\/\/schema.org","@graph":[{"@type":"WebPage","@id":"https:\/\/editorialmediterrania.com\/en\/product\/locell-i-el-secret\/","url":"https:\/\/editorialmediterrania.com\/en\/product\/locell-i-el-secret\/","name":"L'ocell i el secret - Editorial Mediterr\u00e0nia","isPartOf":{"@id":"https:\/\/editorialmediterrania.com\/en\/#website"},"primaryImageOfPage":{"@id":"https:\/\/editorialmediterrania.com\/en\/product\/locell-i-el-secret\/#primaryimage"},"image":{"@id":"https:\/\/editorialmediterrania.com\/en\/product\/locell-i-el-secret\/#primaryimage"},"thumbnailUrl":"https:\/\/editorialmediterrania.com\/wp-content\/uploads\/2023\/09\/COBERTA_OCELL_SECRET.png","datePublished":"2023-09-05T14:51:44+00:00","dateModified":"2025-07-24T09:07:26+00:00","description":"Un conte de Carles Porta amb il\u00b7lustracions de Pilar\u00edn Bay\u00e9s per conscienciar i denunciar l'ab\u00fas infantil.","breadcrumb":{"@id":"https:\/\/editorialmediterrania.com\/en\/product\/locell-i-el-secret\/#breadcrumb"},"inLanguage":"en-US","potentialAction":[{"@type":"ReadAction","target":["https:\/\/editorialmediterrania.com\/en\/product\/locell-i-el-secret\/"]}]},{"@type":"ImageObject","inLanguage":"en-US","@id":"https:\/\/editorialmediterrania.com\/en\/product\/locell-i-el-secret\/#primaryimage","url":"https:\/\/editorialmediterrania.com\/wp-content\/uploads\/2023\/09\/COBERTA_OCELL_SECRET.png","contentUrl":"https:\/\/editorialmediterrania.com\/wp-content\/uploads\/2023\/09\/COBERTA_OCELL_SECRET.png","width":745,"height":793},{"@type":"BreadcrumbList","@id":"https:\/\/editorialmediterrania.com\/en\/product\/locell-i-el-secret\/#breadcrumb","itemListElement":[{"@type":"ListItem","position":1,"name":"Children&#8217;s art book store","item":"https:\/\/editorialmediterrania.com\/en\/childrens-art-book-store\/"},{"@type":"ListItem","position":2,"name":"L&#8217;ocell i el secret"}]},{"@type":"WebSite","@id":"https:\/\/editorialmediterrania.com\/en\/#website","url":"https:\/\/editorialmediterrania.com\/en\/","name":"Editorial Mediterrania","description":"Llibres que t\u2019obriran nous mons","publisher":{"@id":"https:\/\/editorialmediterrania.com\/en\/#organization"},"alternateName":"Llibres infantils d'art, cultura i natura","potentialAction":[{"@type":"SearchAction","target":{"@type":"EntryPoint","urlTemplate":"https:\/\/editorialmediterrania.com\/en\/?s={search_term_string}"},"query-input":"required name=search_term_string"}],"inLanguage":"en-US"},{"@type":"Organization","@id":"https:\/\/editorialmediterrania.com\/en\/#organization","name":"Editorial Mediterrania","alternateName":"Llibres d'art, cultura i natura per infants i fam\u00edlies","url":"https:\/\/editorialmediterrania.com\/en\/","logo":{"@type":"ImageObject","inLanguage":"en-US","@id":"https:\/\/editorialmediterrania.com\/en\/#\/schema\/logo\/image\/","url":"https:\/\/editorialmediterrania.com\/wp-content\/uploads\/2023\/03\/LOGO-ED_MEDITERRANIA_OK-2.png","contentUrl":"https:\/\/editorialmediterrania.com\/wp-content\/uploads\/2023\/03\/LOGO-ED_MEDITERRANIA_OK-2.png","width":1200,"height":300,"caption":"Editorial Mediterrania"},"image":{"@id":"https:\/\/editorialmediterrania.com\/en\/#\/schema\/logo\/image\/"},"sameAs":["https:\/\/x.com\/edmediterrania","https:\/\/www.instagram.com\/editorialmediterrania\/"]}]}},"_links":{"self":[{"href":"https:\/\/editorialmediterrania.com\/en\/wp-json\/wp\/v2\/product\/41972","targetHints":{"allow":["GET"]}}],"collection":[{"href":"https:\/\/editorialmediterrania.com\/en\/wp-json\/wp\/v2\/product"}],"about":[{"href":"https:\/\/editorialmediterrania.com\/en\/wp-json\/wp\/v2\/types\/product"}],"wp:featuredmedia":[{"embeddable":true,"href":"https:\/\/editorialmediterrania.com\/en\/wp-json\/wp\/v2\/media\/41973"}],"wp:attachment":[{"href":"https:\/\/editorialmediterrania.com\/en\/wp-json\/wp\/v2\/media?parent=41972"}],"wp:term":[{"taxonomy":"product_cat","embeddable":true,"href":"https:\/\/editorialmediterrania.com\/en\/wp-json\/wp\/v2\/product_cat?post=41972"},{"taxonomy":"product_tag","embeddable":true,"href":"https:\/\/editorialmediterrania.com\/en\/wp-json\/wp\/v2\/product_tag?post=41972"},{"taxonomy":"autors","embeddable":true,"href":"https:\/\/editorialmediterrania.com\/en\/wp-json\/wp\/v2\/autors?post=41972"}],"curies":[{"name":"wp","href":"https:\/\/api.w.org\/{rel}","templated":true}]}}