{"id":42335,"date":"2023-11-06T09:49:26","date_gmt":"2023-11-06T08:49:26","guid":{"rendered":"http:\/\/editorialmediterrania.com\/?post_type=product&#038;p=42335"},"modified":"2026-01-22T16:36:12","modified_gmt":"2026-01-22T15:36:12","slug":"petita-historia-del-collegi-darquitectes-de-catalunya-coac","status":"publish","type":"product","link":"https:\/\/editorialmediterrania.com\/en\/product\/petita-historia-del-collegi-darquitectes-de-catalunya-coac\/","title":{"rendered":"Petita hist\u00f2ria del Col\u00b7legi d&#8217;Arquitectes de Catalunya (COAC)"},"content":{"rendered":"<div class=\"page\" title=\"Page 1\">\n<div class=\"section\">\n<div class=\"layoutArea\">\n<div class=\"column\">\n<p>Aquesta petita histo\u0300ria recull la histo\u0300ria i el proce\u0301s de creacio\u0301 del <a href=\"https:\/\/www.arquitectes.cat\"><strong>Col\u00b7legi d\u2019Arquitectes de Catalunya (COAC)<\/strong><\/a> adaptada per a totes les edats il\u00b7lustrada per <a href=\"https:\/\/pilarin.cat\">Pilar\u00edn Bay\u00e9s<\/a>.<\/p>\n<p>L&#8217;autora, presidenta del Col\u00b7legi, explica a trave\u0301s de fets histo\u0300rics importants com el <a href=\"https:\/\/www.arquitectes.cat\">Col\u00b7legi d\u2019Arquitectes de Catalunya<\/a> ha anat agafant protagonisme i pes en tot el territori.<\/p>\n<\/div>\n<\/div>\n<\/div>\n<\/div>\n","protected":false},"excerpt":{"rendered":"<p>Descobreix el COAC!<\/p>\n","protected":false},"featured_media":42336,"template":"","meta":[],"product_cat":[73],"product_tag":[],"autors":[],"class_list":{"0":"post-42335","1":"product","2":"type-product","3":"status-publish","4":"has-post-thumbnail","6":"product_cat-petites-histories","8":"first","9":"instock","10":"taxable","11":"shipping-taxable","12":"purchasable","13":"product-type-variable","swatches":"rey-swatches","show_selected":""},"acf":[],"yoast_head":"<!-- This site is optimized with the Yoast SEO plugin v22.8 - https:\/\/yoast.com\/wordpress\/plugins\/seo\/ -->\n<title>Petita hist\u00f2ria del Col\u00b7legi d&#039;Arquitectes de Catalunya (COAC) - Editorial Mediterr\u00e0nia<\/title>\n<meta name=\"description\" content=\"Aquesta petita hist\u00f2ria recull la hist\u00f2ria i el proc\u00e9s de creaci\u00f3 del Col\u00b7legi d\u2019Arquitectes de Catalunya (COAC) adaptada per a totes les edats.\" \/>\n<meta name=\"robots\" content=\"index, follow, max-snippet:-1, max-image-preview:large, max-video-preview:-1\" \/>\n<link rel=\"canonical\" href=\"https:\/\/editorialmediterrania.com\/en\/product\/petita-historia-del-collegi-darquitectes-de-catalunya-coac\/\" \/>\n<meta property=\"og:locale\" content=\"en_US\" \/>\n<meta property=\"og:type\" content=\"article\" \/>\n<meta property=\"og:title\" content=\"Petita hist\u00f2ria del Col\u00b7legi d&#039;Arquitectes de Catalunya (COAC) - Editorial Mediterr\u00e0nia\" \/>\n<meta property=\"og:description\" content=\"Aquesta petita hist\u00f2ria recull la hist\u00f2ria i el proc\u00e9s de creaci\u00f3 del Col\u00b7legi d\u2019Arquitectes de Catalunya (COAC) adaptada per a totes les edats.\" \/>\n<meta property=\"og:url\" content=\"https:\/\/editorialmediterrania.com\/en\/product\/petita-historia-del-collegi-darquitectes-de-catalunya-coac\/\" \/>\n<meta property=\"og:site_name\" content=\"Editorial Mediterr\u00e0nia\" \/>\n<meta property=\"article:modified_time\" content=\"2026-01-22T15:36:12+00:00\" \/>\n<meta property=\"og:image\" content=\"https:\/\/editorialmediterrania.com\/wp-content\/uploads\/2023\/11\/9788419028617.png\" \/>\n\t<meta property=\"og:image:width\" content=\"750\" \/>\n\t<meta property=\"og:image:height\" content=\"891\" \/>\n\t<meta property=\"og:image:type\" content=\"image\/png\" \/>\n<meta name=\"twitter:card\" content=\"summary_large_image\" \/>\n<meta name=\"twitter:site\" content=\"@edmediterrania\" \/>\n<meta name=\"twitter:label1\" content=\"Est. reading time\" \/>\n\t<meta name=\"twitter:data1\" content=\"1 minute\" \/>\n<script type=\"application\/ld+json\" class=\"yoast-schema-graph\">{\"@context\":\"https:\/\/schema.org\",\"@graph\":[{\"@type\":\"WebPage\",\"@id\":\"https:\/\/editorialmediterrania.com\/en\/product\/petita-historia-del-collegi-darquitectes-de-catalunya-coac\/\",\"url\":\"https:\/\/editorialmediterrania.com\/en\/product\/petita-historia-del-collegi-darquitectes-de-catalunya-coac\/\",\"name\":\"Petita hist\u00f2ria del Col\u00b7legi d'Arquitectes de Catalunya (COAC) - Editorial Mediterr\u00e0nia\",\"isPartOf\":{\"@id\":\"https:\/\/editorialmediterrania.com\/en\/#website\"},\"primaryImageOfPage\":{\"@id\":\"https:\/\/editorialmediterrania.com\/en\/product\/petita-historia-del-collegi-darquitectes-de-catalunya-coac\/#primaryimage\"},\"image\":{\"@id\":\"https:\/\/editorialmediterrania.com\/en\/product\/petita-historia-del-collegi-darquitectes-de-catalunya-coac\/#primaryimage\"},\"thumbnailUrl\":\"https:\/\/editorialmediterrania.com\/wp-content\/uploads\/2023\/11\/9788419028617.png\",\"datePublished\":\"2023-11-06T08:49:26+00:00\",\"dateModified\":\"2026-01-22T15:36:12+00:00\",\"description\":\"Aquesta petita hist\u00f2ria recull la hist\u00f2ria i el proc\u00e9s de creaci\u00f3 del Col\u00b7legi d\u2019Arquitectes de Catalunya (COAC) adaptada per a totes les edats.\",\"breadcrumb\":{\"@id\":\"https:\/\/editorialmediterrania.com\/en\/product\/petita-historia-del-collegi-darquitectes-de-catalunya-coac\/#breadcrumb\"},\"inLanguage\":\"en-US\",\"potentialAction\":[{\"@type\":\"ReadAction\",\"target\":[\"https:\/\/editorialmediterrania.com\/en\/product\/petita-historia-del-collegi-darquitectes-de-catalunya-coac\/\"]}]},{\"@type\":\"ImageObject\",\"inLanguage\":\"en-US\",\"@id\":\"https:\/\/editorialmediterrania.com\/en\/product\/petita-historia-del-collegi-darquitectes-de-catalunya-coac\/#primaryimage\",\"url\":\"https:\/\/editorialmediterrania.com\/wp-content\/uploads\/2023\/11\/9788419028617.png\",\"contentUrl\":\"https:\/\/editorialmediterrania.com\/wp-content\/uploads\/2023\/11\/9788419028617.png\",\"width\":750,\"height\":891},{\"@type\":\"BreadcrumbList\",\"@id\":\"https:\/\/editorialmediterrania.com\/en\/product\/petita-historia-del-collegi-darquitectes-de-catalunya-coac\/#breadcrumb\",\"itemListElement\":[{\"@type\":\"ListItem\",\"position\":1,\"name\":\"Children&#8217;s art book store\",\"item\":\"https:\/\/editorialmediterrania.com\/en\/childrens-art-book-store\/\"},{\"@type\":\"ListItem\",\"position\":2,\"name\":\"Petita hist\u00f2ria del Col\u00b7legi d&#8217;Arquitectes de Catalunya (COAC)\"}]},{\"@type\":\"WebSite\",\"@id\":\"https:\/\/editorialmediterrania.com\/en\/#website\",\"url\":\"https:\/\/editorialmediterrania.com\/en\/\",\"name\":\"Editorial Mediterrania\",\"description\":\"Llibres que t\u2019obriran nous mons\",\"publisher\":{\"@id\":\"https:\/\/editorialmediterrania.com\/en\/#organization\"},\"alternateName\":\"Llibres infantils d'art, cultura i natura\",\"potentialAction\":[{\"@type\":\"SearchAction\",\"target\":{\"@type\":\"EntryPoint\",\"urlTemplate\":\"https:\/\/editorialmediterrania.com\/en\/?s={search_term_string}\"},\"query-input\":\"required name=search_term_string\"}],\"inLanguage\":\"en-US\"},{\"@type\":\"Organization\",\"@id\":\"https:\/\/editorialmediterrania.com\/en\/#organization\",\"name\":\"Editorial Mediterrania\",\"alternateName\":\"Llibres d'art, cultura i natura per infants i fam\u00edlies\",\"url\":\"https:\/\/editorialmediterrania.com\/en\/\",\"logo\":{\"@type\":\"ImageObject\",\"inLanguage\":\"en-US\",\"@id\":\"https:\/\/editorialmediterrania.com\/en\/#\/schema\/logo\/image\/\",\"url\":\"https:\/\/editorialmediterrania.com\/wp-content\/uploads\/2023\/03\/LOGO-ED_MEDITERRANIA_OK-2.png\",\"contentUrl\":\"https:\/\/editorialmediterrania.com\/wp-content\/uploads\/2023\/03\/LOGO-ED_MEDITERRANIA_OK-2.png\",\"width\":1200,\"height\":300,\"caption\":\"Editorial Mediterrania\"},\"image\":{\"@id\":\"https:\/\/editorialmediterrania.com\/en\/#\/schema\/logo\/image\/\"},\"sameAs\":[\"https:\/\/x.com\/edmediterrania\",\"https:\/\/www.instagram.com\/editorialmediterrania\/\"]}]}<\/script>\n<!-- \/ Yoast SEO plugin. -->","yoast_head_json":{"title":"Petita hist\u00f2ria del Col\u00b7legi d'Arquitectes de Catalunya (COAC) - Editorial Mediterr\u00e0nia","description":"Aquesta petita hist\u00f2ria recull la hist\u00f2ria i el proc\u00e9s de creaci\u00f3 del Col\u00b7legi d\u2019Arquitectes de Catalunya (COAC) adaptada per a totes les edats.","robots":{"index":"index","follow":"follow","max-snippet":"max-snippet:-1","max-image-preview":"max-image-preview:large","max-video-preview":"max-video-preview:-1"},"canonical":"https:\/\/editorialmediterrania.com\/en\/product\/petita-historia-del-collegi-darquitectes-de-catalunya-coac\/","og_locale":"en_US","og_type":"article","og_title":"Petita hist\u00f2ria del Col\u00b7legi d'Arquitectes de Catalunya (COAC) - Editorial Mediterr\u00e0nia","og_description":"Aquesta petita hist\u00f2ria recull la hist\u00f2ria i el proc\u00e9s de creaci\u00f3 del Col\u00b7legi d\u2019Arquitectes de Catalunya (COAC) adaptada per a totes les edats.","og_url":"https:\/\/editorialmediterrania.com\/en\/product\/petita-historia-del-collegi-darquitectes-de-catalunya-coac\/","og_site_name":"Editorial Mediterr\u00e0nia","article_modified_time":"2026-01-22T15:36:12+00:00","og_image":[{"width":750,"height":891,"url":"https:\/\/editorialmediterrania.com\/wp-content\/uploads\/2023\/11\/9788419028617.png","type":"image\/png"}],"twitter_card":"summary_large_image","twitter_site":"@edmediterrania","twitter_misc":{"Est. reading time":"1 minute"},"schema":{"@context":"https:\/\/schema.org","@graph":[{"@type":"WebPage","@id":"https:\/\/editorialmediterrania.com\/en\/product\/petita-historia-del-collegi-darquitectes-de-catalunya-coac\/","url":"https:\/\/editorialmediterrania.com\/en\/product\/petita-historia-del-collegi-darquitectes-de-catalunya-coac\/","name":"Petita hist\u00f2ria del Col\u00b7legi d'Arquitectes de Catalunya (COAC) - Editorial Mediterr\u00e0nia","isPartOf":{"@id":"https:\/\/editorialmediterrania.com\/en\/#website"},"primaryImageOfPage":{"@id":"https:\/\/editorialmediterrania.com\/en\/product\/petita-historia-del-collegi-darquitectes-de-catalunya-coac\/#primaryimage"},"image":{"@id":"https:\/\/editorialmediterrania.com\/en\/product\/petita-historia-del-collegi-darquitectes-de-catalunya-coac\/#primaryimage"},"thumbnailUrl":"https:\/\/editorialmediterrania.com\/wp-content\/uploads\/2023\/11\/9788419028617.png","datePublished":"2023-11-06T08:49:26+00:00","dateModified":"2026-01-22T15:36:12+00:00","description":"Aquesta petita hist\u00f2ria recull la hist\u00f2ria i el proc\u00e9s de creaci\u00f3 del Col\u00b7legi d\u2019Arquitectes de Catalunya (COAC) adaptada per a totes les edats.","breadcrumb":{"@id":"https:\/\/editorialmediterrania.com\/en\/product\/petita-historia-del-collegi-darquitectes-de-catalunya-coac\/#breadcrumb"},"inLanguage":"en-US","potentialAction":[{"@type":"ReadAction","target":["https:\/\/editorialmediterrania.com\/en\/product\/petita-historia-del-collegi-darquitectes-de-catalunya-coac\/"]}]},{"@type":"ImageObject","inLanguage":"en-US","@id":"https:\/\/editorialmediterrania.com\/en\/product\/petita-historia-del-collegi-darquitectes-de-catalunya-coac\/#primaryimage","url":"https:\/\/editorialmediterrania.com\/wp-content\/uploads\/2023\/11\/9788419028617.png","contentUrl":"https:\/\/editorialmediterrania.com\/wp-content\/uploads\/2023\/11\/9788419028617.png","width":750,"height":891},{"@type":"BreadcrumbList","@id":"https:\/\/editorialmediterrania.com\/en\/product\/petita-historia-del-collegi-darquitectes-de-catalunya-coac\/#breadcrumb","itemListElement":[{"@type":"ListItem","position":1,"name":"Children&#8217;s art book store","item":"https:\/\/editorialmediterrania.com\/en\/childrens-art-book-store\/"},{"@type":"ListItem","position":2,"name":"Petita hist\u00f2ria del Col\u00b7legi d&#8217;Arquitectes de Catalunya (COAC)"}]},{"@type":"WebSite","@id":"https:\/\/editorialmediterrania.com\/en\/#website","url":"https:\/\/editorialmediterrania.com\/en\/","name":"Editorial Mediterrania","description":"Llibres que t\u2019obriran nous mons","publisher":{"@id":"https:\/\/editorialmediterrania.com\/en\/#organization"},"alternateName":"Llibres infantils d'art, cultura i natura","potentialAction":[{"@type":"SearchAction","target":{"@type":"EntryPoint","urlTemplate":"https:\/\/editorialmediterrania.com\/en\/?s={search_term_string}"},"query-input":"required name=search_term_string"}],"inLanguage":"en-US"},{"@type":"Organization","@id":"https:\/\/editorialmediterrania.com\/en\/#organization","name":"Editorial Mediterrania","alternateName":"Llibres d'art, cultura i natura per infants i fam\u00edlies","url":"https:\/\/editorialmediterrania.com\/en\/","logo":{"@type":"ImageObject","inLanguage":"en-US","@id":"https:\/\/editorialmediterrania.com\/en\/#\/schema\/logo\/image\/","url":"https:\/\/editorialmediterrania.com\/wp-content\/uploads\/2023\/03\/LOGO-ED_MEDITERRANIA_OK-2.png","contentUrl":"https:\/\/editorialmediterrania.com\/wp-content\/uploads\/2023\/03\/LOGO-ED_MEDITERRANIA_OK-2.png","width":1200,"height":300,"caption":"Editorial Mediterrania"},"image":{"@id":"https:\/\/editorialmediterrania.com\/en\/#\/schema\/logo\/image\/"},"sameAs":["https:\/\/x.com\/edmediterrania","https:\/\/www.instagram.com\/editorialmediterrania\/"]}]}},"_links":{"self":[{"href":"https:\/\/editorialmediterrania.com\/en\/wp-json\/wp\/v2\/product\/42335","targetHints":{"allow":["GET"]}}],"collection":[{"href":"https:\/\/editorialmediterrania.com\/en\/wp-json\/wp\/v2\/product"}],"about":[{"href":"https:\/\/editorialmediterrania.com\/en\/wp-json\/wp\/v2\/types\/product"}],"wp:featuredmedia":[{"embeddable":true,"href":"https:\/\/editorialmediterrania.com\/en\/wp-json\/wp\/v2\/media\/42336"}],"wp:attachment":[{"href":"https:\/\/editorialmediterrania.com\/en\/wp-json\/wp\/v2\/media?parent=42335"}],"wp:term":[{"taxonomy":"product_cat","embeddable":true,"href":"https:\/\/editorialmediterrania.com\/en\/wp-json\/wp\/v2\/product_cat?post=42335"},{"taxonomy":"product_tag","embeddable":true,"href":"https:\/\/editorialmediterrania.com\/en\/wp-json\/wp\/v2\/product_tag?post=42335"},{"taxonomy":"autors","embeddable":true,"href":"https:\/\/editorialmediterrania.com\/en\/wp-json\/wp\/v2\/autors?post=42335"}],"curies":[{"name":"wp","href":"https:\/\/api.w.org\/{rel}","templated":true}]}}