{"id":42438,"date":"2023-12-11T12:06:19","date_gmt":"2023-12-11T11:06:19","guid":{"rendered":"https:\/\/editorialmediterrania.com\/?post_type=product&#038;p=42438"},"modified":"2026-02-13T11:33:59","modified_gmt":"2026-02-13T10:33:59","slug":"ara-som-gegants-una-canco-contada-de-joan-dausa","status":"publish","type":"product","link":"https:\/\/editorialmediterrania.com\/en\/product\/ara-som-gegants-una-canco-contada-de-joan-dausa\/","title":{"rendered":"Ara som gegants. Una can\u00e7\u00f3 contada de Joan Daus\u00e0"},"content":{"rendered":"<h2>Dona una ullada al conte<\/h2>\n<p>Pots veure i escoltar el conte narrat pel mateix Joan Daus\u00e0 en aquest v\u00eddeo:<\/p>\n<p><iframe title=\"YouTube video player\" src=\"https:\/\/www.youtube.com\/embed\/UY3otEcND5A?si=ManBz0KBQaXW32Zb\" width=\"560\" height=\"315\" frameborder=\"0\" allowfullscreen=\"allowfullscreen\"><\/iframe><\/p>\n<h2>Sabies que&#8230;<\/h2>\n<p><strong>Pots escoltar\u00a0la can\u00e7\u00f3<\/strong>\u00a0a\u00a0<strong><a title=\"Ara som gegants a Youtube\" href=\"https:\/\/www.youtube.com\/watch?v=u1cJdPx_Aa4\" target=\"_blank\" rel=\"noopener\">Youtube<\/a><\/strong>\u00a0i a\u00a0<a title=\"Ara som gegants a Spotify\" href=\"https:\/\/open.spotify.com\/track\/0PZgWJCQF4L4AZBXSI27Ws?si=8GXBeIdJQ12gNvpcgEz5Wg\" target=\"_blank\" rel=\"noopener\"><strong>Spotify<\/strong>.<\/a><br \/>\nSabies que en Joan Daus\u00e0 ha fet una versi\u00f3 de la can\u00e7\u00f3? Pots veure el nou v\u00eddeoclip a\u00a0<a title=\"Nou videoclip\" href=\"https:\/\/www.youtube.com\/watch?v=0vYba_hqp1g\" target=\"_blank\" rel=\"noopener\"><strong>Youtube<\/strong>.<\/a><\/p>\n<p><strong>T&#8217;oferim activitats per fer a casa<\/strong>\u00a0relacionades amb el conte.\u00a0<strong>Descarrega-les gratu\u00eftament:<\/strong><\/p>\n<ul>\n<li>Solucionari de les activitats del final del llibre.\u00a0<a href=\"https:\/\/editorialmediterrania.com\/wp-content\/uploads\/2023\/12\/Editorial-Nanit-conte-Joan-Dausa-solucionari-activitats.pdf\" target=\"_blank\" rel=\"noopener\"><strong>Descarrega les solucions aqu\u00ed.<\/strong><\/a><\/li>\n<li><strong>Il\u00b7lustracions per pintar.<\/strong>\u00a0<a href=\"https:\/\/editorialmediterrania.com\/wp-content\/uploads\/2023\/12\/Editorial-Nanit-conte-Joan-Dausa-dibuixos-per-pintar-colorejar.pdf\" target=\"_blank\" rel=\"noopener\"><strong>Aqu\u00ed<\/strong><\/a><\/li>\n<li>Us ve de gust\u00a0<strong>posar cara a la por?<\/strong>\u00a0<a href=\"https:\/\/editorialmediterrania.com\/wp-content\/uploads\/2023\/12\/Editorial-Nanit-conte-Joan-Dausa-dibuixos-per-fer-la-por-petita.pdf\" target=\"_blank\" rel=\"noopener\"><strong>Aqu\u00ed<\/strong>\u00a0<\/a><\/li>\n<li><strong>La caixa de les pors<\/strong>\u00a0i altres propostes pedag\u00f2giques.\u00a0<a href=\"https:\/\/editorialmediterrania.com\/wp-content\/uploads\/2023\/12\/Editorial-Nanit-Conte-Joan-Dausa-Ara-som-gegants-converses.pdf\" target=\"_blank\" rel=\"noopener\"><strong>Descarrega el PDF<\/strong><\/a><\/li>\n<\/ul>\n<p>Gr\u00e0cies a la teva compra,\u00a0<strong>col\u00b7laborem amb diferents projectes solidaris<\/strong>.<\/p>\n","protected":false},"excerpt":{"rendered":"<p><strong>Ara som gegants<\/strong>\u00a0\u00e9s un conte basat en la can\u00e7\u00f3 hom\u00f2nima de\u00a0<strong>Joan Daus\u00e0<\/strong>.<\/p>\n<p>Un\u00a0<strong>conte infantil<\/strong>\u00a0basat en els principis de l&#8217;<strong>educaci\u00f3 emocional<\/strong>\u00a0que demana que no s&#8217;amagui cap emoci\u00f3. I \u00e9s que el valent no \u00e9s aquell que no t\u00e9 por, sin\u00f3 el que la intenta v\u00e8ncer.<\/p>\n<p>Il\u00b7lustrat per\u00a0<strong>Jorgina Juv\u00e9<\/strong><\/p>\n","protected":false},"featured_media":42439,"template":"","meta":[],"product_cat":[6500],"product_tag":[],"autors":[],"class_list":{"0":"post-42438","1":"product","2":"type-product","3":"status-publish","4":"has-post-thumbnail","6":"product_cat-nanit","8":"first","9":"outofstock","10":"taxable","11":"shipping-taxable","12":"purchasable","13":"product-type-simple","swatches":"rey-swatches","show_selected":""},"acf":[],"yoast_head":"<!-- This site is optimized with the Yoast SEO plugin v22.8 - https:\/\/yoast.com\/wordpress\/plugins\/seo\/ -->\n<title>Ara som gegants. Una can\u00e7\u00f3 contada de Joan Daus\u00e0 - Editorial Mediterr\u00e0nia<\/title>\n<meta name=\"description\" content=\"Descobreix un m\u00f3n de meravelles a trav\u00e9s dels llibres de la nostra editorial especialitzada en art, cultura i natura per a fam\u00edlies. Amb il\u00b7lustracions fascinants i hist\u00f2ries enriquidores, inspirem el descobriment i la curiositat en petits i grans, connectant-los amb el patrimoni cultural i el meravell\u00f3s m\u00f3n natural que ens envolta\" \/>\n<meta name=\"robots\" content=\"index, follow, max-snippet:-1, max-image-preview:large, max-video-preview:-1\" \/>\n<link rel=\"canonical\" href=\"https:\/\/editorialmediterrania.com\/en\/product\/ara-som-gegants-una-canco-contada-de-joan-dausa\/\" \/>\n<meta property=\"og:locale\" content=\"en_US\" \/>\n<meta property=\"og:type\" content=\"article\" \/>\n<meta property=\"og:title\" content=\"Ara som gegants. Una can\u00e7\u00f3 contada de Joan Daus\u00e0 - Editorial Mediterr\u00e0nia\" \/>\n<meta property=\"og:description\" content=\"Descobreix un m\u00f3n de meravelles a trav\u00e9s dels llibres de la nostra editorial especialitzada en art, cultura i natura per a fam\u00edlies. Amb il\u00b7lustracions fascinants i hist\u00f2ries enriquidores, inspirem el descobriment i la curiositat en petits i grans, connectant-los amb el patrimoni cultural i el meravell\u00f3s m\u00f3n natural que ens envolta\" \/>\n<meta property=\"og:url\" content=\"https:\/\/editorialmediterrania.com\/en\/product\/ara-som-gegants-una-canco-contada-de-joan-dausa\/\" \/>\n<meta property=\"og:site_name\" content=\"Editorial Mediterr\u00e0nia\" \/>\n<meta property=\"article:modified_time\" content=\"2026-02-13T10:33:59+00:00\" \/>\n<meta property=\"og:image\" content=\"https:\/\/editorialmediterrania.com\/wp-content\/uploads\/2023\/12\/Coberta_Ara-som-gegants.png\" \/>\n\t<meta property=\"og:image:width\" content=\"1182\" \/>\n\t<meta property=\"og:image:height\" content=\"1185\" \/>\n\t<meta property=\"og:image:type\" content=\"image\/png\" \/>\n<meta name=\"twitter:card\" content=\"summary_large_image\" \/>\n<meta name=\"twitter:site\" content=\"@edmediterrania\" \/>\n<meta name=\"twitter:label1\" content=\"Est. reading time\" \/>\n\t<meta name=\"twitter:data1\" content=\"1 minute\" \/>\n<script type=\"application\/ld+json\" class=\"yoast-schema-graph\">{\"@context\":\"https:\/\/schema.org\",\"@graph\":[{\"@type\":\"WebPage\",\"@id\":\"https:\/\/editorialmediterrania.com\/en\/product\/ara-som-gegants-una-canco-contada-de-joan-dausa\/\",\"url\":\"https:\/\/editorialmediterrania.com\/en\/product\/ara-som-gegants-una-canco-contada-de-joan-dausa\/\",\"name\":\"Ara som gegants. Una can\u00e7\u00f3 contada de Joan Daus\u00e0 - Editorial Mediterr\u00e0nia\",\"isPartOf\":{\"@id\":\"https:\/\/editorialmediterrania.com\/en\/#website\"},\"primaryImageOfPage\":{\"@id\":\"https:\/\/editorialmediterrania.com\/en\/product\/ara-som-gegants-una-canco-contada-de-joan-dausa\/#primaryimage\"},\"image\":{\"@id\":\"https:\/\/editorialmediterrania.com\/en\/product\/ara-som-gegants-una-canco-contada-de-joan-dausa\/#primaryimage\"},\"thumbnailUrl\":\"https:\/\/editorialmediterrania.com\/wp-content\/uploads\/2023\/12\/Coberta_Ara-som-gegants.png\",\"datePublished\":\"2023-12-11T11:06:19+00:00\",\"dateModified\":\"2026-02-13T10:33:59+00:00\",\"description\":\"Descobreix un m\u00f3n de meravelles a trav\u00e9s dels llibres de la nostra editorial especialitzada en art, cultura i natura per a fam\u00edlies. Amb il\u00b7lustracions fascinants i hist\u00f2ries enriquidores, inspirem el descobriment i la curiositat en petits i grans, connectant-los amb el patrimoni cultural i el meravell\u00f3s m\u00f3n natural que ens envolta\",\"breadcrumb\":{\"@id\":\"https:\/\/editorialmediterrania.com\/en\/product\/ara-som-gegants-una-canco-contada-de-joan-dausa\/#breadcrumb\"},\"inLanguage\":\"en-US\",\"potentialAction\":[{\"@type\":\"ReadAction\",\"target\":[\"https:\/\/editorialmediterrania.com\/en\/product\/ara-som-gegants-una-canco-contada-de-joan-dausa\/\"]}]},{\"@type\":\"ImageObject\",\"inLanguage\":\"en-US\",\"@id\":\"https:\/\/editorialmediterrania.com\/en\/product\/ara-som-gegants-una-canco-contada-de-joan-dausa\/#primaryimage\",\"url\":\"https:\/\/editorialmediterrania.com\/wp-content\/uploads\/2023\/12\/Coberta_Ara-som-gegants.png\",\"contentUrl\":\"https:\/\/editorialmediterrania.com\/wp-content\/uploads\/2023\/12\/Coberta_Ara-som-gegants.png\",\"width\":1182,\"height\":1185},{\"@type\":\"BreadcrumbList\",\"@id\":\"https:\/\/editorialmediterrania.com\/en\/product\/ara-som-gegants-una-canco-contada-de-joan-dausa\/#breadcrumb\",\"itemListElement\":[{\"@type\":\"ListItem\",\"position\":1,\"name\":\"Children&#8217;s art book store\",\"item\":\"https:\/\/editorialmediterrania.com\/en\/childrens-art-book-store\/\"},{\"@type\":\"ListItem\",\"position\":2,\"name\":\"Ara som gegants. Una can\u00e7\u00f3 contada de Joan Daus\u00e0\"}]},{\"@type\":\"WebSite\",\"@id\":\"https:\/\/editorialmediterrania.com\/en\/#website\",\"url\":\"https:\/\/editorialmediterrania.com\/en\/\",\"name\":\"Editorial Mediterrania\",\"description\":\"Llibres que t\u2019obriran nous mons\",\"publisher\":{\"@id\":\"https:\/\/editorialmediterrania.com\/en\/#organization\"},\"alternateName\":\"Llibres infantils d'art, cultura i natura\",\"potentialAction\":[{\"@type\":\"SearchAction\",\"target\":{\"@type\":\"EntryPoint\",\"urlTemplate\":\"https:\/\/editorialmediterrania.com\/en\/?s={search_term_string}\"},\"query-input\":\"required name=search_term_string\"}],\"inLanguage\":\"en-US\"},{\"@type\":\"Organization\",\"@id\":\"https:\/\/editorialmediterrania.com\/en\/#organization\",\"name\":\"Editorial Mediterrania\",\"alternateName\":\"Llibres d'art, cultura i natura per infants i fam\u00edlies\",\"url\":\"https:\/\/editorialmediterrania.com\/en\/\",\"logo\":{\"@type\":\"ImageObject\",\"inLanguage\":\"en-US\",\"@id\":\"https:\/\/editorialmediterrania.com\/en\/#\/schema\/logo\/image\/\",\"url\":\"https:\/\/editorialmediterrania.com\/wp-content\/uploads\/2023\/03\/LOGO-ED_MEDITERRANIA_OK-2.png\",\"contentUrl\":\"https:\/\/editorialmediterrania.com\/wp-content\/uploads\/2023\/03\/LOGO-ED_MEDITERRANIA_OK-2.png\",\"width\":1200,\"height\":300,\"caption\":\"Editorial Mediterrania\"},\"image\":{\"@id\":\"https:\/\/editorialmediterrania.com\/en\/#\/schema\/logo\/image\/\"},\"sameAs\":[\"https:\/\/x.com\/edmediterrania\",\"https:\/\/www.instagram.com\/editorialmediterrania\/\"]}]}<\/script>\n<!-- \/ Yoast SEO plugin. -->","yoast_head_json":{"title":"Ara som gegants. Una can\u00e7\u00f3 contada de Joan Daus\u00e0 - Editorial Mediterr\u00e0nia","description":"Descobreix un m\u00f3n de meravelles a trav\u00e9s dels llibres de la nostra editorial especialitzada en art, cultura i natura per a fam\u00edlies. Amb il\u00b7lustracions fascinants i hist\u00f2ries enriquidores, inspirem el descobriment i la curiositat en petits i grans, connectant-los amb el patrimoni cultural i el meravell\u00f3s m\u00f3n natural que ens envolta","robots":{"index":"index","follow":"follow","max-snippet":"max-snippet:-1","max-image-preview":"max-image-preview:large","max-video-preview":"max-video-preview:-1"},"canonical":"https:\/\/editorialmediterrania.com\/en\/product\/ara-som-gegants-una-canco-contada-de-joan-dausa\/","og_locale":"en_US","og_type":"article","og_title":"Ara som gegants. Una can\u00e7\u00f3 contada de Joan Daus\u00e0 - Editorial Mediterr\u00e0nia","og_description":"Descobreix un m\u00f3n de meravelles a trav\u00e9s dels llibres de la nostra editorial especialitzada en art, cultura i natura per a fam\u00edlies. Amb il\u00b7lustracions fascinants i hist\u00f2ries enriquidores, inspirem el descobriment i la curiositat en petits i grans, connectant-los amb el patrimoni cultural i el meravell\u00f3s m\u00f3n natural que ens envolta","og_url":"https:\/\/editorialmediterrania.com\/en\/product\/ara-som-gegants-una-canco-contada-de-joan-dausa\/","og_site_name":"Editorial Mediterr\u00e0nia","article_modified_time":"2026-02-13T10:33:59+00:00","og_image":[{"width":1182,"height":1185,"url":"https:\/\/editorialmediterrania.com\/wp-content\/uploads\/2023\/12\/Coberta_Ara-som-gegants.png","type":"image\/png"}],"twitter_card":"summary_large_image","twitter_site":"@edmediterrania","twitter_misc":{"Est. reading time":"1 minute"},"schema":{"@context":"https:\/\/schema.org","@graph":[{"@type":"WebPage","@id":"https:\/\/editorialmediterrania.com\/en\/product\/ara-som-gegants-una-canco-contada-de-joan-dausa\/","url":"https:\/\/editorialmediterrania.com\/en\/product\/ara-som-gegants-una-canco-contada-de-joan-dausa\/","name":"Ara som gegants. Una can\u00e7\u00f3 contada de Joan Daus\u00e0 - Editorial Mediterr\u00e0nia","isPartOf":{"@id":"https:\/\/editorialmediterrania.com\/en\/#website"},"primaryImageOfPage":{"@id":"https:\/\/editorialmediterrania.com\/en\/product\/ara-som-gegants-una-canco-contada-de-joan-dausa\/#primaryimage"},"image":{"@id":"https:\/\/editorialmediterrania.com\/en\/product\/ara-som-gegants-una-canco-contada-de-joan-dausa\/#primaryimage"},"thumbnailUrl":"https:\/\/editorialmediterrania.com\/wp-content\/uploads\/2023\/12\/Coberta_Ara-som-gegants.png","datePublished":"2023-12-11T11:06:19+00:00","dateModified":"2026-02-13T10:33:59+00:00","description":"Descobreix un m\u00f3n de meravelles a trav\u00e9s dels llibres de la nostra editorial especialitzada en art, cultura i natura per a fam\u00edlies. Amb il\u00b7lustracions fascinants i hist\u00f2ries enriquidores, inspirem el descobriment i la curiositat en petits i grans, connectant-los amb el patrimoni cultural i el meravell\u00f3s m\u00f3n natural que ens envolta","breadcrumb":{"@id":"https:\/\/editorialmediterrania.com\/en\/product\/ara-som-gegants-una-canco-contada-de-joan-dausa\/#breadcrumb"},"inLanguage":"en-US","potentialAction":[{"@type":"ReadAction","target":["https:\/\/editorialmediterrania.com\/en\/product\/ara-som-gegants-una-canco-contada-de-joan-dausa\/"]}]},{"@type":"ImageObject","inLanguage":"en-US","@id":"https:\/\/editorialmediterrania.com\/en\/product\/ara-som-gegants-una-canco-contada-de-joan-dausa\/#primaryimage","url":"https:\/\/editorialmediterrania.com\/wp-content\/uploads\/2023\/12\/Coberta_Ara-som-gegants.png","contentUrl":"https:\/\/editorialmediterrania.com\/wp-content\/uploads\/2023\/12\/Coberta_Ara-som-gegants.png","width":1182,"height":1185},{"@type":"BreadcrumbList","@id":"https:\/\/editorialmediterrania.com\/en\/product\/ara-som-gegants-una-canco-contada-de-joan-dausa\/#breadcrumb","itemListElement":[{"@type":"ListItem","position":1,"name":"Children&#8217;s art book store","item":"https:\/\/editorialmediterrania.com\/en\/childrens-art-book-store\/"},{"@type":"ListItem","position":2,"name":"Ara som gegants. Una can\u00e7\u00f3 contada de Joan Daus\u00e0"}]},{"@type":"WebSite","@id":"https:\/\/editorialmediterrania.com\/en\/#website","url":"https:\/\/editorialmediterrania.com\/en\/","name":"Editorial Mediterrania","description":"Llibres que t\u2019obriran nous mons","publisher":{"@id":"https:\/\/editorialmediterrania.com\/en\/#organization"},"alternateName":"Llibres infantils d'art, cultura i natura","potentialAction":[{"@type":"SearchAction","target":{"@type":"EntryPoint","urlTemplate":"https:\/\/editorialmediterrania.com\/en\/?s={search_term_string}"},"query-input":"required name=search_term_string"}],"inLanguage":"en-US"},{"@type":"Organization","@id":"https:\/\/editorialmediterrania.com\/en\/#organization","name":"Editorial Mediterrania","alternateName":"Llibres d'art, cultura i natura per infants i fam\u00edlies","url":"https:\/\/editorialmediterrania.com\/en\/","logo":{"@type":"ImageObject","inLanguage":"en-US","@id":"https:\/\/editorialmediterrania.com\/en\/#\/schema\/logo\/image\/","url":"https:\/\/editorialmediterrania.com\/wp-content\/uploads\/2023\/03\/LOGO-ED_MEDITERRANIA_OK-2.png","contentUrl":"https:\/\/editorialmediterrania.com\/wp-content\/uploads\/2023\/03\/LOGO-ED_MEDITERRANIA_OK-2.png","width":1200,"height":300,"caption":"Editorial Mediterrania"},"image":{"@id":"https:\/\/editorialmediterrania.com\/en\/#\/schema\/logo\/image\/"},"sameAs":["https:\/\/x.com\/edmediterrania","https:\/\/www.instagram.com\/editorialmediterrania\/"]}]}},"_links":{"self":[{"href":"https:\/\/editorialmediterrania.com\/en\/wp-json\/wp\/v2\/product\/42438","targetHints":{"allow":["GET"]}}],"collection":[{"href":"https:\/\/editorialmediterrania.com\/en\/wp-json\/wp\/v2\/product"}],"about":[{"href":"https:\/\/editorialmediterrania.com\/en\/wp-json\/wp\/v2\/types\/product"}],"wp:featuredmedia":[{"embeddable":true,"href":"https:\/\/editorialmediterrania.com\/en\/wp-json\/wp\/v2\/media\/42439"}],"wp:attachment":[{"href":"https:\/\/editorialmediterrania.com\/en\/wp-json\/wp\/v2\/media?parent=42438"}],"wp:term":[{"taxonomy":"product_cat","embeddable":true,"href":"https:\/\/editorialmediterrania.com\/en\/wp-json\/wp\/v2\/product_cat?post=42438"},{"taxonomy":"product_tag","embeddable":true,"href":"https:\/\/editorialmediterrania.com\/en\/wp-json\/wp\/v2\/product_tag?post=42438"},{"taxonomy":"autors","embeddable":true,"href":"https:\/\/editorialmediterrania.com\/en\/wp-json\/wp\/v2\/autors?post=42438"}],"curies":[{"name":"wp","href":"https:\/\/api.w.org\/{rel}","templated":true}]}}