{"id":42528,"date":"2023-12-11T13:23:41","date_gmt":"2023-12-11T12:23:41","guid":{"rendered":"https:\/\/editorialmediterrania.com\/?post_type=product&#038;p=42528"},"modified":"2026-03-12T16:20:35","modified_gmt":"2026-03-12T15:20:35","slug":"gira-la-lluna-cancons-i-contes-per-anar-a-dormir","status":"publish","type":"product","link":"https:\/\/editorialmediterrania.com\/en\/product\/gira-la-lluna-cancons-i-contes-per-anar-a-dormir\/","title":{"rendered":"Gira la lluna. Can\u00e7ons i contes per anar a dormir"},"content":{"rendered":"<p>Una cuca de llum que no fa llum; una eruga que somia a ser una papallona de colors; un osset polar que t\u00e9 molta son; una pu\u00e7a que espera que li ho facin tot, i un estornell que vol ser astronauta, s\u00f3n els protagonistes dels cinc contes d\u2019aquest recull de can\u00e7ons de bona nit.<\/p>\n<p>Tots els contes acaben\u00a0amb un QR amb acc\u00e9s a la can\u00e7\u00f3 pertinent. I\u00a0<strong>parlen de valors com:<\/strong><\/p>\n<ul>\n<li>l\u2019autonomia,<\/li>\n<li>la por a cr\u00e9ixer,<\/li>\n<li>el fet de saber demanar les coses i<\/li>\n<li>la innoc\u00e8ncia i la imaginaci\u00f3 infantil.<\/li>\n<\/ul>\n<p><strong>Aquest\u00a0recull\u2026<\/strong><\/p>\n<ul>\n<li>forma part de la col\u00b7lecci\u00f3 Nanit Petit, dirigida a nens i nenes de 2 a 5 anys.<\/li>\n<li>cont\u00e9 l\u2019enlla\u00e7 a cinc can\u00e7ons de bressol.<\/li>\n<li>cada can\u00e7\u00f3 est\u00e0 introdu\u00efda per un conte, pensat per ser llegit en veu alta als m\u00e9s petits i petites.<\/li>\n<li>pret\u00e9n ser una eina de relaxaci\u00f3 i facilitar l\u2019hora d\u2019anar a dormir.<\/li>\n<\/ul>\n<h2>Mira un dels contes&#8230;<\/h2>\n<p><a href=\"https:\/\/editorialmediterrania.com\/wp-content\/uploads\/2023\/12\/Editorial-Nanit-canco-bressol-gira-la-lluna-1_480x480.webp\"><img decoding=\"async\" class=\"alignnone size-medium wp-image-42529\" src=\"https:\/\/editorialmediterrania.com\/wp-content\/uploads\/2023\/12\/Editorial-Nanit-canco-bressol-gira-la-lluna-1_480x480-300x150.webp\" alt=\"\" width=\"300\" height=\"150\" srcset=\"https:\/\/editorialmediterrania.com\/wp-content\/uploads\/2023\/12\/Editorial-Nanit-canco-bressol-gira-la-lluna-1_480x480-300x150.webp 300w, https:\/\/editorialmediterrania.com\/wp-content\/uploads\/2023\/12\/Editorial-Nanit-canco-bressol-gira-la-lluna-1_480x480.webp 480w\" sizes=\"(max-width: 300px) 100vw, 300px\" \/><\/a> <a href=\"https:\/\/editorialmediterrania.com\/wp-content\/uploads\/2023\/12\/Editorial-Nanit-canco-bressol-gira-la-lluna-2_480x480.webp\"><img decoding=\"async\" class=\"alignnone size-medium wp-image-42532\" src=\"https:\/\/editorialmediterrania.com\/wp-content\/uploads\/2023\/12\/Editorial-Nanit-canco-bressol-gira-la-lluna-2_480x480-300x150.webp\" alt=\"\" width=\"300\" height=\"150\" srcset=\"https:\/\/editorialmediterrania.com\/wp-content\/uploads\/2023\/12\/Editorial-Nanit-canco-bressol-gira-la-lluna-2_480x480-300x150.webp 300w, https:\/\/editorialmediterrania.com\/wp-content\/uploads\/2023\/12\/Editorial-Nanit-canco-bressol-gira-la-lluna-2_480x480.webp 480w\" sizes=\"(max-width: 300px) 100vw, 300px\" \/><\/a> <a href=\"https:\/\/editorialmediterrania.com\/wp-content\/uploads\/2023\/12\/Editorial-Nanit-canco-bressol-gira-la-lluna-3_480x480.webp\"><img decoding=\"async\" class=\"alignnone size-medium wp-image-42535\" src=\"https:\/\/editorialmediterrania.com\/wp-content\/uploads\/2023\/12\/Editorial-Nanit-canco-bressol-gira-la-lluna-3_480x480-300x150.webp\" alt=\"\" width=\"300\" height=\"150\" srcset=\"https:\/\/editorialmediterrania.com\/wp-content\/uploads\/2023\/12\/Editorial-Nanit-canco-bressol-gira-la-lluna-3_480x480-300x150.webp 300w, https:\/\/editorialmediterrania.com\/wp-content\/uploads\/2023\/12\/Editorial-Nanit-canco-bressol-gira-la-lluna-3_480x480.webp 480w\" sizes=\"(max-width: 300px) 100vw, 300px\" \/><\/a><\/p>\n<h2>Sabies que&#8230;<\/h2>\n<ul>\n<li><strong>T&#8217;oferim activitats per fer a casa<\/strong> relacionades amb el conte. <strong>Descarrega-les gratu\u00eftament:<\/strong>\n<ul>\n<li>L&#8217;Anna Grimal ha preparat una de les il\u00b7lustracions del conte per pintar. A veure si us agrada!\u00a0<a href=\"https:\/\/editorialmediterrania.com\/wp-content\/uploads\/2023\/12\/Editorial-Nanit-dibuix-per-pintar-colorejar-Gira-la-lluna.pdf\" target=\"_blank\" rel=\"noopener\"><strong>Descarregueu el pdf<\/strong><\/a><\/li>\n<li>Podeu pintar i retallar els progatonistes dels nostres contes. Voleu pintar en un altre full el seu h\u00e0bitat? O potser enganxar-los un pal de gelat i convertir-los en uns titelles?\u00a0<a href=\"https:\/\/editorialmediterrania.com\/wp-content\/uploads\/2023\/12\/Editorial-Nanit-retalla-i-enganxa-Gira-la-lluna-animals.pdf\" target=\"_blank\" rel=\"noopener\"><strong>Descarregueu-lo aqu\u00ed<\/strong><\/a><\/li>\n<li>Us agraden les flors? L&#8217;Anna ha preparat tot d&#8217;elements perqu\u00e8 en pugueu fer una. Us hi apunteu?<strong>\u00a0<a href=\"https:\/\/editorialmediterrania.com\/wp-content\/uploads\/2023\/12\/Editorial-Nanit-retalla-i-enganxa-Gira-la-lluna-flor.pdf\" target=\"_blank\" rel=\"noopener\">Descarregueu el pdf aqu\u00ed<\/a><\/strong><\/li>\n<\/ul>\n<\/li>\n<li>Pots escoltar les can\u00e7ons a\u00a0<a title=\"Ves a Spotify\" href=\"https:\/\/open.spotify.com\/album\/4xTuzE1T8miTvimIw5WCV7?si=gCZTLzYpTJ-mOYgvLbGCNQ&amp;dl_branch=1\" target=\"_blank\" rel=\"noopener\"><strong>Spotify<\/strong><\/a>\u00a0i a\u00a0<a title=\"Ves a Youtube\" href=\"https:\/\/youtube.com\/playlist?list=PLt0z5Orvq3RvRcpVM45aq9YpWG0Yauki9\" target=\"_blank\" rel=\"noopener\"><strong>Youtube<\/strong><\/a>.<\/li>\n<li>Gr\u00e0cies a la teva compra,\u00a0<strong>col\u00b7laborem amb diferents projectes solidaris<\/strong>.<\/li>\n<\/ul>\n","protected":false},"excerpt":{"rendered":"<p><strong>Gira la lluna\u00a0<\/strong>\u00e9s un recull de cinc contes i can\u00e7ons per anar per anar a dormir. Cada conte est\u00e0 inspirat en una can\u00e7\u00f3 de\u00a0<strong>Ferran Gallart<\/strong>, cantant i compositor d&#8217;<a title=\"Web oficial Strombers\" href=\"http:\/\/www.strombers.com\/index.php?page=biografia&amp;lng=cat&amp;id=&amp;id_seccio=\" target=\"_blank\" rel=\"noopener\"><strong>Strombers<\/strong>.<\/a><\/p>\n<p><strong>Il\u00b7lustrat\u00a0<\/strong>per\u00a0<strong>Anna Grimal<\/strong>.<\/p>\n<p>Els codis QR del llibre no funcionen correctament. Us deixem aqu\u00ed l\u2019enlla\u00e7 a la llista de reproducci\u00f3 perqu\u00e8 pugueu accedir a les can\u00e7ons sense cap problema fent <a href=\"https:\/\/www.youtube.com\/playlist?list=PLt0z5Orvq3RvRcpVM45aq9YpWG0Yauki9\">click aqu\u00ed!<\/a><\/p>\n","protected":false},"featured_media":42538,"template":"","meta":[],"product_cat":[6500,6553],"product_tag":[],"autors":[],"class_list":{"0":"post-42528","1":"product","2":"type-product","3":"status-publish","4":"has-post-thumbnail","6":"product_cat-nanit","7":"product_cat-nanit-petit","9":"first","10":"instock","11":"taxable","12":"shipping-taxable","13":"purchasable","14":"product-type-simple","swatches":"rey-swatches","show_selected":""},"acf":[],"yoast_head":"<!-- This site is optimized with the Yoast SEO plugin v22.8 - https:\/\/yoast.com\/wordpress\/plugins\/seo\/ -->\n<title>Gira la lluna. Can\u00e7ons i contes per anar a dormir - Editorial Mediterr\u00e0nia<\/title>\n<meta name=\"description\" content=\"Contes i can\u00e7ons per anar per anar a dormir. Cada conte est\u00e0 inspirat en una can\u00e7\u00f3 de\u00a0Ferran Gallart, cantant i compositor d&#039;Strombers.\" \/>\n<meta name=\"robots\" content=\"index, follow, max-snippet:-1, max-image-preview:large, max-video-preview:-1\" \/>\n<link rel=\"canonical\" href=\"https:\/\/editorialmediterrania.com\/en\/product\/gira-la-lluna-cancons-i-contes-per-anar-a-dormir\/\" \/>\n<meta property=\"og:locale\" content=\"en_US\" \/>\n<meta property=\"og:type\" content=\"article\" \/>\n<meta property=\"og:title\" content=\"Gira la lluna. Can\u00e7ons i contes per anar a dormir - Editorial Mediterr\u00e0nia\" \/>\n<meta property=\"og:description\" content=\"Contes i can\u00e7ons per anar per anar a dormir. Cada conte est\u00e0 inspirat en una can\u00e7\u00f3 de\u00a0Ferran Gallart, cantant i compositor d&#039;Strombers.\" \/>\n<meta property=\"og:url\" content=\"https:\/\/editorialmediterrania.com\/en\/product\/gira-la-lluna-cancons-i-contes-per-anar-a-dormir\/\" \/>\n<meta property=\"og:site_name\" content=\"Editorial Mediterr\u00e0nia\" \/>\n<meta property=\"article:modified_time\" content=\"2026-03-12T15:20:35+00:00\" \/>\n<meta property=\"og:image\" content=\"https:\/\/editorialmediterrania.com\/wp-content\/uploads\/2023\/12\/Ed-Nanit_coberta_Gira-la-lluna_480x.webp\" \/>\n\t<meta property=\"og:image:width\" content=\"480\" \/>\n\t<meta property=\"og:image:height\" content=\"480\" \/>\n\t<meta property=\"og:image:type\" content=\"image\/webp\" \/>\n<meta name=\"twitter:card\" content=\"summary_large_image\" \/>\n<meta name=\"twitter:site\" content=\"@edmediterrania\" \/>\n<meta name=\"twitter:label1\" content=\"Est. reading time\" \/>\n\t<meta name=\"twitter:data1\" content=\"3 minutes\" \/>\n<script type=\"application\/ld+json\" class=\"yoast-schema-graph\">{\"@context\":\"https:\/\/schema.org\",\"@graph\":[{\"@type\":\"WebPage\",\"@id\":\"https:\/\/editorialmediterrania.com\/en\/product\/gira-la-lluna-cancons-i-contes-per-anar-a-dormir\/\",\"url\":\"https:\/\/editorialmediterrania.com\/en\/product\/gira-la-lluna-cancons-i-contes-per-anar-a-dormir\/\",\"name\":\"Gira la lluna. Can\u00e7ons i contes per anar a dormir - Editorial Mediterr\u00e0nia\",\"isPartOf\":{\"@id\":\"https:\/\/editorialmediterrania.com\/en\/#website\"},\"primaryImageOfPage\":{\"@id\":\"https:\/\/editorialmediterrania.com\/en\/product\/gira-la-lluna-cancons-i-contes-per-anar-a-dormir\/#primaryimage\"},\"image\":{\"@id\":\"https:\/\/editorialmediterrania.com\/en\/product\/gira-la-lluna-cancons-i-contes-per-anar-a-dormir\/#primaryimage\"},\"thumbnailUrl\":\"https:\/\/editorialmediterrania.com\/wp-content\/uploads\/2023\/12\/Ed-Nanit_coberta_Gira-la-lluna_480x.webp\",\"datePublished\":\"2023-12-11T12:23:41+00:00\",\"dateModified\":\"2026-03-12T15:20:35+00:00\",\"description\":\"Contes i can\u00e7ons per anar per anar a dormir. Cada conte est\u00e0 inspirat en una can\u00e7\u00f3 de\u00a0Ferran Gallart, cantant i compositor d'Strombers.\",\"breadcrumb\":{\"@id\":\"https:\/\/editorialmediterrania.com\/en\/product\/gira-la-lluna-cancons-i-contes-per-anar-a-dormir\/#breadcrumb\"},\"inLanguage\":\"en-US\",\"potentialAction\":[{\"@type\":\"ReadAction\",\"target\":[\"https:\/\/editorialmediterrania.com\/en\/product\/gira-la-lluna-cancons-i-contes-per-anar-a-dormir\/\"]}]},{\"@type\":\"ImageObject\",\"inLanguage\":\"en-US\",\"@id\":\"https:\/\/editorialmediterrania.com\/en\/product\/gira-la-lluna-cancons-i-contes-per-anar-a-dormir\/#primaryimage\",\"url\":\"https:\/\/editorialmediterrania.com\/wp-content\/uploads\/2023\/12\/Ed-Nanit_coberta_Gira-la-lluna_480x.webp\",\"contentUrl\":\"https:\/\/editorialmediterrania.com\/wp-content\/uploads\/2023\/12\/Ed-Nanit_coberta_Gira-la-lluna_480x.webp\",\"width\":480,\"height\":480},{\"@type\":\"BreadcrumbList\",\"@id\":\"https:\/\/editorialmediterrania.com\/en\/product\/gira-la-lluna-cancons-i-contes-per-anar-a-dormir\/#breadcrumb\",\"itemListElement\":[{\"@type\":\"ListItem\",\"position\":1,\"name\":\"Children&#8217;s art book store\",\"item\":\"https:\/\/editorialmediterrania.com\/en\/childrens-art-book-store\/\"},{\"@type\":\"ListItem\",\"position\":2,\"name\":\"Gira la lluna. Can\u00e7ons i contes per anar a dormir\"}]},{\"@type\":\"WebSite\",\"@id\":\"https:\/\/editorialmediterrania.com\/en\/#website\",\"url\":\"https:\/\/editorialmediterrania.com\/en\/\",\"name\":\"Editorial Mediterrania\",\"description\":\"Llibres que t\u2019obriran nous mons\",\"publisher\":{\"@id\":\"https:\/\/editorialmediterrania.com\/en\/#organization\"},\"alternateName\":\"Llibres infantils d'art, cultura i natura\",\"potentialAction\":[{\"@type\":\"SearchAction\",\"target\":{\"@type\":\"EntryPoint\",\"urlTemplate\":\"https:\/\/editorialmediterrania.com\/en\/?s={search_term_string}\"},\"query-input\":\"required name=search_term_string\"}],\"inLanguage\":\"en-US\"},{\"@type\":\"Organization\",\"@id\":\"https:\/\/editorialmediterrania.com\/en\/#organization\",\"name\":\"Editorial Mediterrania\",\"alternateName\":\"Llibres d'art, cultura i natura per infants i fam\u00edlies\",\"url\":\"https:\/\/editorialmediterrania.com\/en\/\",\"logo\":{\"@type\":\"ImageObject\",\"inLanguage\":\"en-US\",\"@id\":\"https:\/\/editorialmediterrania.com\/en\/#\/schema\/logo\/image\/\",\"url\":\"https:\/\/editorialmediterrania.com\/wp-content\/uploads\/2023\/03\/LOGO-ED_MEDITERRANIA_OK-2.png\",\"contentUrl\":\"https:\/\/editorialmediterrania.com\/wp-content\/uploads\/2023\/03\/LOGO-ED_MEDITERRANIA_OK-2.png\",\"width\":1200,\"height\":300,\"caption\":\"Editorial Mediterrania\"},\"image\":{\"@id\":\"https:\/\/editorialmediterrania.com\/en\/#\/schema\/logo\/image\/\"},\"sameAs\":[\"https:\/\/x.com\/edmediterrania\",\"https:\/\/www.instagram.com\/editorialmediterrania\/\"]}]}<\/script>\n<!-- \/ Yoast SEO plugin. -->","yoast_head_json":{"title":"Gira la lluna. Can\u00e7ons i contes per anar a dormir - Editorial Mediterr\u00e0nia","description":"Contes i can\u00e7ons per anar per anar a dormir. Cada conte est\u00e0 inspirat en una can\u00e7\u00f3 de\u00a0Ferran Gallart, cantant i compositor d'Strombers.","robots":{"index":"index","follow":"follow","max-snippet":"max-snippet:-1","max-image-preview":"max-image-preview:large","max-video-preview":"max-video-preview:-1"},"canonical":"https:\/\/editorialmediterrania.com\/en\/product\/gira-la-lluna-cancons-i-contes-per-anar-a-dormir\/","og_locale":"en_US","og_type":"article","og_title":"Gira la lluna. Can\u00e7ons i contes per anar a dormir - Editorial Mediterr\u00e0nia","og_description":"Contes i can\u00e7ons per anar per anar a dormir. Cada conte est\u00e0 inspirat en una can\u00e7\u00f3 de\u00a0Ferran Gallart, cantant i compositor d'Strombers.","og_url":"https:\/\/editorialmediterrania.com\/en\/product\/gira-la-lluna-cancons-i-contes-per-anar-a-dormir\/","og_site_name":"Editorial Mediterr\u00e0nia","article_modified_time":"2026-03-12T15:20:35+00:00","og_image":[{"width":480,"height":480,"url":"https:\/\/editorialmediterrania.com\/wp-content\/uploads\/2023\/12\/Ed-Nanit_coberta_Gira-la-lluna_480x.webp","type":"image\/webp"}],"twitter_card":"summary_large_image","twitter_site":"@edmediterrania","twitter_misc":{"Est. reading time":"3 minutes"},"schema":{"@context":"https:\/\/schema.org","@graph":[{"@type":"WebPage","@id":"https:\/\/editorialmediterrania.com\/en\/product\/gira-la-lluna-cancons-i-contes-per-anar-a-dormir\/","url":"https:\/\/editorialmediterrania.com\/en\/product\/gira-la-lluna-cancons-i-contes-per-anar-a-dormir\/","name":"Gira la lluna. Can\u00e7ons i contes per anar a dormir - Editorial Mediterr\u00e0nia","isPartOf":{"@id":"https:\/\/editorialmediterrania.com\/en\/#website"},"primaryImageOfPage":{"@id":"https:\/\/editorialmediterrania.com\/en\/product\/gira-la-lluna-cancons-i-contes-per-anar-a-dormir\/#primaryimage"},"image":{"@id":"https:\/\/editorialmediterrania.com\/en\/product\/gira-la-lluna-cancons-i-contes-per-anar-a-dormir\/#primaryimage"},"thumbnailUrl":"https:\/\/editorialmediterrania.com\/wp-content\/uploads\/2023\/12\/Ed-Nanit_coberta_Gira-la-lluna_480x.webp","datePublished":"2023-12-11T12:23:41+00:00","dateModified":"2026-03-12T15:20:35+00:00","description":"Contes i can\u00e7ons per anar per anar a dormir. Cada conte est\u00e0 inspirat en una can\u00e7\u00f3 de\u00a0Ferran Gallart, cantant i compositor d'Strombers.","breadcrumb":{"@id":"https:\/\/editorialmediterrania.com\/en\/product\/gira-la-lluna-cancons-i-contes-per-anar-a-dormir\/#breadcrumb"},"inLanguage":"en-US","potentialAction":[{"@type":"ReadAction","target":["https:\/\/editorialmediterrania.com\/en\/product\/gira-la-lluna-cancons-i-contes-per-anar-a-dormir\/"]}]},{"@type":"ImageObject","inLanguage":"en-US","@id":"https:\/\/editorialmediterrania.com\/en\/product\/gira-la-lluna-cancons-i-contes-per-anar-a-dormir\/#primaryimage","url":"https:\/\/editorialmediterrania.com\/wp-content\/uploads\/2023\/12\/Ed-Nanit_coberta_Gira-la-lluna_480x.webp","contentUrl":"https:\/\/editorialmediterrania.com\/wp-content\/uploads\/2023\/12\/Ed-Nanit_coberta_Gira-la-lluna_480x.webp","width":480,"height":480},{"@type":"BreadcrumbList","@id":"https:\/\/editorialmediterrania.com\/en\/product\/gira-la-lluna-cancons-i-contes-per-anar-a-dormir\/#breadcrumb","itemListElement":[{"@type":"ListItem","position":1,"name":"Children&#8217;s art book store","item":"https:\/\/editorialmediterrania.com\/en\/childrens-art-book-store\/"},{"@type":"ListItem","position":2,"name":"Gira la lluna. Can\u00e7ons i contes per anar a dormir"}]},{"@type":"WebSite","@id":"https:\/\/editorialmediterrania.com\/en\/#website","url":"https:\/\/editorialmediterrania.com\/en\/","name":"Editorial Mediterrania","description":"Llibres que t\u2019obriran nous mons","publisher":{"@id":"https:\/\/editorialmediterrania.com\/en\/#organization"},"alternateName":"Llibres infantils d'art, cultura i natura","potentialAction":[{"@type":"SearchAction","target":{"@type":"EntryPoint","urlTemplate":"https:\/\/editorialmediterrania.com\/en\/?s={search_term_string}"},"query-input":"required name=search_term_string"}],"inLanguage":"en-US"},{"@type":"Organization","@id":"https:\/\/editorialmediterrania.com\/en\/#organization","name":"Editorial Mediterrania","alternateName":"Llibres d'art, cultura i natura per infants i fam\u00edlies","url":"https:\/\/editorialmediterrania.com\/en\/","logo":{"@type":"ImageObject","inLanguage":"en-US","@id":"https:\/\/editorialmediterrania.com\/en\/#\/schema\/logo\/image\/","url":"https:\/\/editorialmediterrania.com\/wp-content\/uploads\/2023\/03\/LOGO-ED_MEDITERRANIA_OK-2.png","contentUrl":"https:\/\/editorialmediterrania.com\/wp-content\/uploads\/2023\/03\/LOGO-ED_MEDITERRANIA_OK-2.png","width":1200,"height":300,"caption":"Editorial Mediterrania"},"image":{"@id":"https:\/\/editorialmediterrania.com\/en\/#\/schema\/logo\/image\/"},"sameAs":["https:\/\/x.com\/edmediterrania","https:\/\/www.instagram.com\/editorialmediterrania\/"]}]}},"_links":{"self":[{"href":"https:\/\/editorialmediterrania.com\/en\/wp-json\/wp\/v2\/product\/42528","targetHints":{"allow":["GET"]}}],"collection":[{"href":"https:\/\/editorialmediterrania.com\/en\/wp-json\/wp\/v2\/product"}],"about":[{"href":"https:\/\/editorialmediterrania.com\/en\/wp-json\/wp\/v2\/types\/product"}],"wp:featuredmedia":[{"embeddable":true,"href":"https:\/\/editorialmediterrania.com\/en\/wp-json\/wp\/v2\/media\/42538"}],"wp:attachment":[{"href":"https:\/\/editorialmediterrania.com\/en\/wp-json\/wp\/v2\/media?parent=42528"}],"wp:term":[{"taxonomy":"product_cat","embeddable":true,"href":"https:\/\/editorialmediterrania.com\/en\/wp-json\/wp\/v2\/product_cat?post=42528"},{"taxonomy":"product_tag","embeddable":true,"href":"https:\/\/editorialmediterrania.com\/en\/wp-json\/wp\/v2\/product_tag?post=42528"},{"taxonomy":"autors","embeddable":true,"href":"https:\/\/editorialmediterrania.com\/en\/wp-json\/wp\/v2\/autors?post=42528"}],"curies":[{"name":"wp","href":"https:\/\/api.w.org\/{rel}","templated":true}]}}