{"id":42551,"date":"2023-12-11T13:36:13","date_gmt":"2023-12-11T12:36:13","guid":{"rendered":"https:\/\/editorialmediterrania.com\/?post_type=product&#038;p=42551"},"modified":"2026-03-12T16:20:58","modified_gmt":"2026-03-12T15:20:58","slug":"la-llegenda-de-sant-jordi-una-canco-contada-dambauka","status":"publish","type":"product","link":"https:\/\/editorialmediterrania.com\/en\/product\/la-llegenda-de-sant-jordi-una-canco-contada-dambauka\/","title":{"rendered":"La llegenda de Sant Jordi. Una can\u00e7\u00f3 contada d&#8217;Ambauka"},"content":{"rendered":"<p><strong>La llegenda de Sant Jordi\u00a0<\/strong>\u00e9s un conte basat en la can\u00e7\u00f3 hom\u00f2nima d&#8217;<a title=\"Ves al web d'Ambauka\" href=\"https:\/\/ambauka.cat\/\" target=\"_blank\" rel=\"noopener\"><strong>Ambauka<\/strong>,<\/a>\u00a0un grup de m\u00fasica familiar que no\u00a0et pots perdre!<\/p>\n<p>El conte, il\u00b7lustrat per en\u00a0<strong>J. Miquel Jan\u00e9s<\/strong>, ens explica\u00a0aquesta llegenda tan coneguda, per\u00f2 en capgira una mica el final per posar el m\u00f3n de cap per avall!<\/p>\n<h3><strong>ESCOLES!<\/strong>\u00a0Us proposem tot de\u00a0propostes\u00a0pedag\u00f2giquess per treballar el conte a l&#8217;aula:\u00a0<a href=\"https:\/\/editorialmediterrania.com\/wp-content\/uploads\/2023\/12\/La_Llegenda_de_Sant_Jordi_-_Dossier_pedagogic.pdf\" target=\"_blank\" rel=\"noopener\"><strong>aqu\u00ed<\/strong><\/a><\/h3>\n<h2>Vols veure un tros del conte?<\/h2>\n<p><a href=\"https:\/\/editorialmediterrania.com\/wp-content\/uploads\/2023\/12\/Editorial-Nanit-llegenda-Sant-Jordi-Ambauka-pdf-web.pdf\" target=\"_blank\" rel=\"noopener\"><strong>Descarrega el pdf aqu\u00ed.<\/strong><\/a><\/p>\n<h2>Sabies que&#8230;<\/h2>\n<ul>\n<li><strong>T&#8217;oferim activitats per fer a casa<\/strong> relacionades amb el conte. <strong>Descarrega-les gratu\u00eftament:<\/strong>\n<ul>\n<li>Voleu canviar el color del drac i pintar la coberta del conte com us sembli? Descarregueu la il\u00b7lustraci\u00f3 per pintar\u00a0<a href=\"https:\/\/editorialmediterrania.com\/wp-content\/uploads\/2023\/12\/Editorial-Nanit-llegenda-Sant-Jordi-Ambauka-activitat-per-pintar.pdf\" target=\"_blank\" rel=\"noopener\"><strong>aqu\u00ed<\/strong><\/a>.<\/li>\n<li>Aqu\u00ed teniu un cartell amb tots els membres d&#8217;Ambauka per pintar. Prepareu les coloraines!!!\u00a0<strong><a href=\"https:\/\/editorialmediterrania.com\/wp-content\/uploads\/2023\/12\/Ambauka-cartell_decapperavall_per_pintar.pdf\" target=\"_blank\" rel=\"noopener\">Descarregeu el pdf<\/a>.<\/strong><\/li>\n<li><strong>MESTRES I ESCOLES!<\/strong>\u00a0Us hem preparat un dossier amb recursos pedag\u00f2gics per treballar el conte a l&#8217;aula.\u00a0<strong><a href=\"https:\/\/editorialmediterrania.com\/wp-content\/uploads\/2023\/12\/La_Llegenda_de_Sant_Jordi_-_Dossier_pedagogic.pdf\" target=\"_blank\" rel=\"noopener\">Descarregueu-lo aqu\u00ed<\/a>.<\/strong><\/li>\n<\/ul>\n<\/li>\n<li>Pots escoltar les can\u00e7ons a\u00a0<a title=\"Ves a Spotify\" href=\"https:\/\/open.spotify.com\/track\/5TtnCEW0pS9s57YyF55eVu?si=3495b4ecd6f84a26\" target=\"_blank\" rel=\"noopener\"><strong>Spotify<\/strong><\/a>\u00a0i a\u00a0<a title=\"Ves a Youtube\" href=\"https:\/\/youtu.be\/WXM3Nw_tJ1E\" target=\"_blank\" rel=\"noopener\"><strong>Youtube<\/strong><\/a>.<\/li>\n<li>Gr\u00e0cies a la teva compra,\u00a0<strong>col\u00b7laborem amb diferents projectes solidaris.<\/strong><\/li>\n<\/ul>\n","protected":false},"excerpt":{"rendered":"<ul>\n<li>Tot \u00e9s sempre com sembla a primera vista?<\/li>\n<li>Que hem sentit mai el punt de vista del drac?<\/li>\n<li>Segur que la princesa no t\u00e9 res a dir en aquesta hist\u00f2ria?<\/li>\n<\/ul>\n<p><strong>Deixa que t&#8217;expliquem la llegenda com mai abans te l&#8217;han explicada \ud83d\ude42<\/strong><\/p>\n<p>I aqu\u00ed no acaba tot, perqu\u00e8 aquest conte inclou dues can\u00e7ons: la de\u00a0<a title=\"Ves al videoclip de la Llegenda de Sant Jordi\" href=\"https:\/\/youtu.be\/WXM3Nw_tJ1E\" target=\"_blank\" rel=\"noopener\"><strong>La llegenda de Sant Jordi<\/strong><\/a>\u00a0i la del\u00a0<strong><a title=\"Ves al videoclip del Drac Q\u00fc\u00ed\" href=\"https:\/\/youtu.be\/VatTF_8FeOM\" target=\"_blank\" rel=\"noopener\">Drac Q\u00fc\u00ed!<\/a><\/strong>\u00a0Ja saps on \u00e9s Viladrac i qu\u00e8 haur\u00e0s de fer per poder-hi entrar?<a id=\"PREVENDA\"><\/a><\/p>\n","protected":false},"featured_media":42552,"template":"","meta":[],"product_cat":[6500,6553],"product_tag":[],"autors":[],"class_list":{"0":"post-42551","1":"product","2":"type-product","3":"status-publish","4":"has-post-thumbnail","6":"product_cat-nanit","7":"product_cat-nanit-petit","9":"first","10":"instock","11":"taxable","12":"shipping-taxable","13":"purchasable","14":"product-type-simple","swatches":"rey-swatches","show_selected":""},"acf":[],"yoast_head":"<!-- This site is optimized with the Yoast SEO plugin v22.8 - https:\/\/yoast.com\/wordpress\/plugins\/seo\/ -->\n<title>La llegenda de Sant Jordi. Una can\u00e7\u00f3 contada d&#039;Ambauka - Editorial Mediterr\u00e0nia<\/title>\n<meta name=\"description\" content=\"La llegenda de Sant Jordi\u00a0\u00e9s un conte basat en la can\u00e7\u00f3 hom\u00f2nima d&#039;Ambauka,\u00a0un grup de m\u00fasica familiar que no\u00a0et pots perdre\" \/>\n<meta name=\"robots\" content=\"index, follow, max-snippet:-1, max-image-preview:large, max-video-preview:-1\" \/>\n<link rel=\"canonical\" href=\"https:\/\/editorialmediterrania.com\/en\/product\/la-llegenda-de-sant-jordi-una-canco-contada-dambauka\/\" \/>\n<meta property=\"og:locale\" content=\"en_US\" \/>\n<meta property=\"og:type\" content=\"article\" \/>\n<meta property=\"og:title\" content=\"La llegenda de Sant Jordi. Una can\u00e7\u00f3 contada d&#039;Ambauka - Editorial Mediterr\u00e0nia\" \/>\n<meta property=\"og:description\" content=\"La llegenda de Sant Jordi\u00a0\u00e9s un conte basat en la can\u00e7\u00f3 hom\u00f2nima d&#039;Ambauka,\u00a0un grup de m\u00fasica familiar que no\u00a0et pots perdre\" \/>\n<meta property=\"og:url\" content=\"https:\/\/editorialmediterrania.com\/en\/product\/la-llegenda-de-sant-jordi-una-canco-contada-dambauka\/\" \/>\n<meta property=\"og:site_name\" content=\"Editorial Mediterr\u00e0nia\" \/>\n<meta property=\"article:modified_time\" content=\"2026-03-12T15:20:58+00:00\" \/>\n<meta property=\"og:image\" content=\"https:\/\/editorialmediterrania.com\/wp-content\/uploads\/2023\/12\/Editorial-Nanit_llegenda-SANT-JORDI_Ambauka_coberta_480x.webp\" \/>\n\t<meta property=\"og:image:width\" content=\"480\" \/>\n\t<meta property=\"og:image:height\" content=\"480\" \/>\n\t<meta property=\"og:image:type\" content=\"image\/webp\" \/>\n<meta name=\"twitter:card\" content=\"summary_large_image\" \/>\n<meta name=\"twitter:site\" content=\"@edmediterrania\" \/>\n<meta name=\"twitter:label1\" content=\"Est. reading time\" \/>\n\t<meta name=\"twitter:data1\" content=\"2 minutes\" \/>\n<script type=\"application\/ld+json\" class=\"yoast-schema-graph\">{\"@context\":\"https:\/\/schema.org\",\"@graph\":[{\"@type\":\"WebPage\",\"@id\":\"https:\/\/editorialmediterrania.com\/en\/product\/la-llegenda-de-sant-jordi-una-canco-contada-dambauka\/\",\"url\":\"https:\/\/editorialmediterrania.com\/en\/product\/la-llegenda-de-sant-jordi-una-canco-contada-dambauka\/\",\"name\":\"La llegenda de Sant Jordi. Una can\u00e7\u00f3 contada d'Ambauka - Editorial Mediterr\u00e0nia\",\"isPartOf\":{\"@id\":\"https:\/\/editorialmediterrania.com\/en\/#website\"},\"primaryImageOfPage\":{\"@id\":\"https:\/\/editorialmediterrania.com\/en\/product\/la-llegenda-de-sant-jordi-una-canco-contada-dambauka\/#primaryimage\"},\"image\":{\"@id\":\"https:\/\/editorialmediterrania.com\/en\/product\/la-llegenda-de-sant-jordi-una-canco-contada-dambauka\/#primaryimage\"},\"thumbnailUrl\":\"https:\/\/editorialmediterrania.com\/wp-content\/uploads\/2023\/12\/Editorial-Nanit_llegenda-SANT-JORDI_Ambauka_coberta_480x.webp\",\"datePublished\":\"2023-12-11T12:36:13+00:00\",\"dateModified\":\"2026-03-12T15:20:58+00:00\",\"description\":\"La llegenda de Sant Jordi\u00a0\u00e9s un conte basat en la can\u00e7\u00f3 hom\u00f2nima d'Ambauka,\u00a0un grup de m\u00fasica familiar que no\u00a0et pots perdre\",\"breadcrumb\":{\"@id\":\"https:\/\/editorialmediterrania.com\/en\/product\/la-llegenda-de-sant-jordi-una-canco-contada-dambauka\/#breadcrumb\"},\"inLanguage\":\"en-US\",\"potentialAction\":[{\"@type\":\"ReadAction\",\"target\":[\"https:\/\/editorialmediterrania.com\/en\/product\/la-llegenda-de-sant-jordi-una-canco-contada-dambauka\/\"]}]},{\"@type\":\"ImageObject\",\"inLanguage\":\"en-US\",\"@id\":\"https:\/\/editorialmediterrania.com\/en\/product\/la-llegenda-de-sant-jordi-una-canco-contada-dambauka\/#primaryimage\",\"url\":\"https:\/\/editorialmediterrania.com\/wp-content\/uploads\/2023\/12\/Editorial-Nanit_llegenda-SANT-JORDI_Ambauka_coberta_480x.webp\",\"contentUrl\":\"https:\/\/editorialmediterrania.com\/wp-content\/uploads\/2023\/12\/Editorial-Nanit_llegenda-SANT-JORDI_Ambauka_coberta_480x.webp\",\"width\":480,\"height\":480},{\"@type\":\"BreadcrumbList\",\"@id\":\"https:\/\/editorialmediterrania.com\/en\/product\/la-llegenda-de-sant-jordi-una-canco-contada-dambauka\/#breadcrumb\",\"itemListElement\":[{\"@type\":\"ListItem\",\"position\":1,\"name\":\"Children&#8217;s art book store\",\"item\":\"https:\/\/editorialmediterrania.com\/en\/childrens-art-book-store\/\"},{\"@type\":\"ListItem\",\"position\":2,\"name\":\"La llegenda de Sant Jordi. Una can\u00e7\u00f3 contada d&#8217;Ambauka\"}]},{\"@type\":\"WebSite\",\"@id\":\"https:\/\/editorialmediterrania.com\/en\/#website\",\"url\":\"https:\/\/editorialmediterrania.com\/en\/\",\"name\":\"Editorial Mediterrania\",\"description\":\"Llibres que t\u2019obriran nous mons\",\"publisher\":{\"@id\":\"https:\/\/editorialmediterrania.com\/en\/#organization\"},\"alternateName\":\"Llibres infantils d'art, cultura i natura\",\"potentialAction\":[{\"@type\":\"SearchAction\",\"target\":{\"@type\":\"EntryPoint\",\"urlTemplate\":\"https:\/\/editorialmediterrania.com\/en\/?s={search_term_string}\"},\"query-input\":\"required name=search_term_string\"}],\"inLanguage\":\"en-US\"},{\"@type\":\"Organization\",\"@id\":\"https:\/\/editorialmediterrania.com\/en\/#organization\",\"name\":\"Editorial Mediterrania\",\"alternateName\":\"Llibres d'art, cultura i natura per infants i fam\u00edlies\",\"url\":\"https:\/\/editorialmediterrania.com\/en\/\",\"logo\":{\"@type\":\"ImageObject\",\"inLanguage\":\"en-US\",\"@id\":\"https:\/\/editorialmediterrania.com\/en\/#\/schema\/logo\/image\/\",\"url\":\"https:\/\/editorialmediterrania.com\/wp-content\/uploads\/2023\/03\/LOGO-ED_MEDITERRANIA_OK-2.png\",\"contentUrl\":\"https:\/\/editorialmediterrania.com\/wp-content\/uploads\/2023\/03\/LOGO-ED_MEDITERRANIA_OK-2.png\",\"width\":1200,\"height\":300,\"caption\":\"Editorial Mediterrania\"},\"image\":{\"@id\":\"https:\/\/editorialmediterrania.com\/en\/#\/schema\/logo\/image\/\"},\"sameAs\":[\"https:\/\/x.com\/edmediterrania\",\"https:\/\/www.instagram.com\/editorialmediterrania\/\"]}]}<\/script>\n<!-- \/ Yoast SEO plugin. -->","yoast_head_json":{"title":"La llegenda de Sant Jordi. Una can\u00e7\u00f3 contada d'Ambauka - Editorial Mediterr\u00e0nia","description":"La llegenda de Sant Jordi\u00a0\u00e9s un conte basat en la can\u00e7\u00f3 hom\u00f2nima d'Ambauka,\u00a0un grup de m\u00fasica familiar que no\u00a0et pots perdre","robots":{"index":"index","follow":"follow","max-snippet":"max-snippet:-1","max-image-preview":"max-image-preview:large","max-video-preview":"max-video-preview:-1"},"canonical":"https:\/\/editorialmediterrania.com\/en\/product\/la-llegenda-de-sant-jordi-una-canco-contada-dambauka\/","og_locale":"en_US","og_type":"article","og_title":"La llegenda de Sant Jordi. Una can\u00e7\u00f3 contada d'Ambauka - Editorial Mediterr\u00e0nia","og_description":"La llegenda de Sant Jordi\u00a0\u00e9s un conte basat en la can\u00e7\u00f3 hom\u00f2nima d'Ambauka,\u00a0un grup de m\u00fasica familiar que no\u00a0et pots perdre","og_url":"https:\/\/editorialmediterrania.com\/en\/product\/la-llegenda-de-sant-jordi-una-canco-contada-dambauka\/","og_site_name":"Editorial Mediterr\u00e0nia","article_modified_time":"2026-03-12T15:20:58+00:00","og_image":[{"width":480,"height":480,"url":"https:\/\/editorialmediterrania.com\/wp-content\/uploads\/2023\/12\/Editorial-Nanit_llegenda-SANT-JORDI_Ambauka_coberta_480x.webp","type":"image\/webp"}],"twitter_card":"summary_large_image","twitter_site":"@edmediterrania","twitter_misc":{"Est. reading time":"2 minutes"},"schema":{"@context":"https:\/\/schema.org","@graph":[{"@type":"WebPage","@id":"https:\/\/editorialmediterrania.com\/en\/product\/la-llegenda-de-sant-jordi-una-canco-contada-dambauka\/","url":"https:\/\/editorialmediterrania.com\/en\/product\/la-llegenda-de-sant-jordi-una-canco-contada-dambauka\/","name":"La llegenda de Sant Jordi. Una can\u00e7\u00f3 contada d'Ambauka - Editorial Mediterr\u00e0nia","isPartOf":{"@id":"https:\/\/editorialmediterrania.com\/en\/#website"},"primaryImageOfPage":{"@id":"https:\/\/editorialmediterrania.com\/en\/product\/la-llegenda-de-sant-jordi-una-canco-contada-dambauka\/#primaryimage"},"image":{"@id":"https:\/\/editorialmediterrania.com\/en\/product\/la-llegenda-de-sant-jordi-una-canco-contada-dambauka\/#primaryimage"},"thumbnailUrl":"https:\/\/editorialmediterrania.com\/wp-content\/uploads\/2023\/12\/Editorial-Nanit_llegenda-SANT-JORDI_Ambauka_coberta_480x.webp","datePublished":"2023-12-11T12:36:13+00:00","dateModified":"2026-03-12T15:20:58+00:00","description":"La llegenda de Sant Jordi\u00a0\u00e9s un conte basat en la can\u00e7\u00f3 hom\u00f2nima d'Ambauka,\u00a0un grup de m\u00fasica familiar que no\u00a0et pots perdre","breadcrumb":{"@id":"https:\/\/editorialmediterrania.com\/en\/product\/la-llegenda-de-sant-jordi-una-canco-contada-dambauka\/#breadcrumb"},"inLanguage":"en-US","potentialAction":[{"@type":"ReadAction","target":["https:\/\/editorialmediterrania.com\/en\/product\/la-llegenda-de-sant-jordi-una-canco-contada-dambauka\/"]}]},{"@type":"ImageObject","inLanguage":"en-US","@id":"https:\/\/editorialmediterrania.com\/en\/product\/la-llegenda-de-sant-jordi-una-canco-contada-dambauka\/#primaryimage","url":"https:\/\/editorialmediterrania.com\/wp-content\/uploads\/2023\/12\/Editorial-Nanit_llegenda-SANT-JORDI_Ambauka_coberta_480x.webp","contentUrl":"https:\/\/editorialmediterrania.com\/wp-content\/uploads\/2023\/12\/Editorial-Nanit_llegenda-SANT-JORDI_Ambauka_coberta_480x.webp","width":480,"height":480},{"@type":"BreadcrumbList","@id":"https:\/\/editorialmediterrania.com\/en\/product\/la-llegenda-de-sant-jordi-una-canco-contada-dambauka\/#breadcrumb","itemListElement":[{"@type":"ListItem","position":1,"name":"Children&#8217;s art book store","item":"https:\/\/editorialmediterrania.com\/en\/childrens-art-book-store\/"},{"@type":"ListItem","position":2,"name":"La llegenda de Sant Jordi. Una can\u00e7\u00f3 contada d&#8217;Ambauka"}]},{"@type":"WebSite","@id":"https:\/\/editorialmediterrania.com\/en\/#website","url":"https:\/\/editorialmediterrania.com\/en\/","name":"Editorial Mediterrania","description":"Llibres que t\u2019obriran nous mons","publisher":{"@id":"https:\/\/editorialmediterrania.com\/en\/#organization"},"alternateName":"Llibres infantils d'art, cultura i natura","potentialAction":[{"@type":"SearchAction","target":{"@type":"EntryPoint","urlTemplate":"https:\/\/editorialmediterrania.com\/en\/?s={search_term_string}"},"query-input":"required name=search_term_string"}],"inLanguage":"en-US"},{"@type":"Organization","@id":"https:\/\/editorialmediterrania.com\/en\/#organization","name":"Editorial Mediterrania","alternateName":"Llibres d'art, cultura i natura per infants i fam\u00edlies","url":"https:\/\/editorialmediterrania.com\/en\/","logo":{"@type":"ImageObject","inLanguage":"en-US","@id":"https:\/\/editorialmediterrania.com\/en\/#\/schema\/logo\/image\/","url":"https:\/\/editorialmediterrania.com\/wp-content\/uploads\/2023\/03\/LOGO-ED_MEDITERRANIA_OK-2.png","contentUrl":"https:\/\/editorialmediterrania.com\/wp-content\/uploads\/2023\/03\/LOGO-ED_MEDITERRANIA_OK-2.png","width":1200,"height":300,"caption":"Editorial Mediterrania"},"image":{"@id":"https:\/\/editorialmediterrania.com\/en\/#\/schema\/logo\/image\/"},"sameAs":["https:\/\/x.com\/edmediterrania","https:\/\/www.instagram.com\/editorialmediterrania\/"]}]}},"_links":{"self":[{"href":"https:\/\/editorialmediterrania.com\/en\/wp-json\/wp\/v2\/product\/42551","targetHints":{"allow":["GET"]}}],"collection":[{"href":"https:\/\/editorialmediterrania.com\/en\/wp-json\/wp\/v2\/product"}],"about":[{"href":"https:\/\/editorialmediterrania.com\/en\/wp-json\/wp\/v2\/types\/product"}],"wp:featuredmedia":[{"embeddable":true,"href":"https:\/\/editorialmediterrania.com\/en\/wp-json\/wp\/v2\/media\/42552"}],"wp:attachment":[{"href":"https:\/\/editorialmediterrania.com\/en\/wp-json\/wp\/v2\/media?parent=42551"}],"wp:term":[{"taxonomy":"product_cat","embeddable":true,"href":"https:\/\/editorialmediterrania.com\/en\/wp-json\/wp\/v2\/product_cat?post=42551"},{"taxonomy":"product_tag","embeddable":true,"href":"https:\/\/editorialmediterrania.com\/en\/wp-json\/wp\/v2\/product_tag?post=42551"},{"taxonomy":"autors","embeddable":true,"href":"https:\/\/editorialmediterrania.com\/en\/wp-json\/wp\/v2\/autors?post=42551"}],"curies":[{"name":"wp","href":"https:\/\/api.w.org\/{rel}","templated":true}]}}