{"id":42577,"date":"2023-12-11T13:46:25","date_gmt":"2023-12-11T12:46:25","guid":{"rendered":"https:\/\/editorialmediterrania.com\/?post_type=product&#038;p=42577"},"modified":"2026-02-13T11:24:05","modified_gmt":"2026-02-13T10:24:05","slug":"alegria-una-canco-contada-dantonia-font","status":"publish","type":"product","link":"https:\/\/editorialmediterrania.com\/en\/product\/alegria-una-canco-contada-dantonia-font\/","title":{"rendered":"Alegria. Una can\u00e7\u00f3 contada d&#8217;Ant\u00f2nia Font"},"content":{"rendered":"<h2>Dona una ullada al conte<\/h2>\n<p><strong><a href=\"https:\/\/editorialmediterrania.com\/wp-content\/uploads\/2023\/12\/Alegria-Antonia-font-conte-nanit-issuu.pdf\" target=\"_blank\" rel=\"noopener\">Descarrega el pdf aqu\u00ed<\/a>.<\/strong><\/p>\n<h2>Sabies que&#8230;<\/h2>\n<p><strong>Pots escoltar\u00a0la can\u00e7\u00f3<\/strong>\u00a0a\u00a0<a title=\"Alegria a Youtube\" href=\"https:\/\/youtu.be\/9E5ah27Ipvw\" target=\"_blank\" rel=\"noopener\"><strong>Youtube<\/strong><\/a>\u00a0i a\u00a0<strong><a title=\"Alegria a Spotify\" href=\"https:\/\/open.spotify.com\/track\/1ia819gHWbLBBYHqK76Yg8?si=1fb2c707fb864de7\" target=\"_blank\" rel=\"noopener\">Spotify<\/a><a title=\"Tu fas a Spotify\" href=\"https:\/\/open.spotify.com\/track\/6B7D9kV1WopAzVGCi6qokk?si=dFnToeDrQgCpJIx79wTpMw\" target=\"_blank\" rel=\"noopener\">.<\/a><\/strong><\/p>\n<p><strong>T&#8217;oferim activitats per fer a casa<\/strong> relacionades amb el conte. <strong>Descarrega-les gratu\u00eftament:<\/strong><\/p>\n<ul>\n<li>Us agraden les paraules boniques? Voleu escriure&#8217;n i pintar-les?\u00a0<strong><a href=\"https:\/\/editorialmediterrania.com\/wp-content\/uploads\/2023\/12\/pintar-colororejar-paraules-boniques_Alegria-Antonia-Font-Nanit.pdf\" target=\"_blank\" rel=\"noopener\">Descarrega el pdf aqu\u00ed<\/a>.<\/strong><\/li>\n<li>Tamb\u00e9 podeu dibuixar els bocinets d&#8217;alegria que us agradin en els pots que us ha preparat la Petra.\u00a0<a href=\"https:\/\/editorialmediterrania.com\/wp-content\/uploads\/2023\/12\/pintar-colororejar_Alegria-Antonia-Font-Nanit.pdf\" target=\"_blank\" rel=\"noopener\"><strong>Descarrega el pdf aqu\u00ed<\/strong><\/a>.<\/li>\n<li>Voleu comprovar les respostes de les activitats que us proposem al final del conte? <a title=\"Descarrega el pdf\" href=\"https:\/\/editorialmediterrania.com\/wp-content\/uploads\/2023\/12\/Solucionari-final-Alegria-Antonia-font.pdf\" target=\"_blank\" rel=\"noopener\"><strong>Aqu\u00ed podeu descarregar el solucionari.<\/strong><\/a><\/li>\n<\/ul>\n<p>Gr\u00e0cies a la teva compra,\u00a0<strong>col\u00b7laborem amb diferents projectes solidaris<\/strong>.<\/p>\n","protected":false},"excerpt":{"rendered":"<p><strong>Alegria<\/strong>\u00a0\u00e9s un conte basat en la can\u00e7\u00f3 hom\u00f2nima d&#8217;<strong>Ant\u00f2nia Font<\/strong>.<\/p>\n<p>\u00c9s un\u00a0<strong>conte infantil<\/strong>\u00a0fet per celebrar els petits detalls de la vida que, com diu la can\u00e7\u00f3, &#8220;fan un cr\u00e0ter dins ses nostres vides&#8221;. El conte est\u00e0 protagonitzat per n&#8217;Ant\u00f2nia, una nena que ha perdut una cosa molt important. La va buscant i en va trobant petits bocinets que li provoquen somriures i a poc a poc, sense adonar-se&#8217;n, recupera l&#8217;alegria sana i tranquil.la que tant trobava a faltar.<\/p>\n<div style=\"text-align: left;\">Les il\u00b7lustracions s\u00f3n\u00a0de la\u00a0<strong>Petra Peric\u00e0s<\/strong>\u00a0i no us deixaran indiferents!<\/div>\n","protected":false},"featured_media":42584,"template":"","meta":[],"product_cat":[6500],"product_tag":[6511],"autors":[],"class_list":{"0":"post-42577","1":"product","2":"type-product","3":"status-publish","4":"has-post-thumbnail","6":"product_cat-nanit","7":"product_tag-antonia-font","9":"first","10":"instock","11":"taxable","12":"shipping-taxable","13":"purchasable","14":"product-type-simple","swatches":"rey-swatches","show_selected":""},"acf":[],"yoast_head":"<!-- This site is optimized with the Yoast SEO plugin v22.8 - https:\/\/yoast.com\/wordpress\/plugins\/seo\/ -->\n<title>Alegria. Una can\u00e7\u00f3 contada d&#039;Ant\u00f2nia Font - Editorial Mediterr\u00e0nia<\/title>\n<meta name=\"description\" content=\"\u00c9s un\u00a0conte infantil\u00a0fet per celebrar els petits detalls de la vida que, com diu la can\u00e7\u00f3, &quot;fan un cr\u00e0ter dins ses nostres vides&quot;\" \/>\n<meta name=\"robots\" content=\"index, follow, max-snippet:-1, max-image-preview:large, max-video-preview:-1\" \/>\n<link rel=\"canonical\" href=\"https:\/\/editorialmediterrania.com\/en\/product\/alegria-una-canco-contada-dantonia-font\/\" \/>\n<meta property=\"og:locale\" content=\"en_US\" \/>\n<meta property=\"og:type\" content=\"article\" \/>\n<meta property=\"og:title\" content=\"Alegria. Una can\u00e7\u00f3 contada d&#039;Ant\u00f2nia Font - Editorial Mediterr\u00e0nia\" \/>\n<meta property=\"og:description\" content=\"\u00c9s un\u00a0conte infantil\u00a0fet per celebrar els petits detalls de la vida que, com diu la can\u00e7\u00f3, &quot;fan un cr\u00e0ter dins ses nostres vides&quot;\" \/>\n<meta property=\"og:url\" content=\"https:\/\/editorialmediterrania.com\/en\/product\/alegria-una-canco-contada-dantonia-font\/\" \/>\n<meta property=\"og:site_name\" content=\"Editorial Mediterr\u00e0nia\" \/>\n<meta property=\"article:modified_time\" content=\"2026-02-13T10:24:05+00:00\" \/>\n<meta property=\"og:image\" content=\"https:\/\/editorialmediterrania.com\/wp-content\/uploads\/2023\/12\/Alegria-coberta-baixa_480x.webp\" \/>\n\t<meta property=\"og:image:width\" content=\"480\" \/>\n\t<meta property=\"og:image:height\" content=\"480\" \/>\n\t<meta property=\"og:image:type\" content=\"image\/webp\" \/>\n<meta name=\"twitter:card\" content=\"summary_large_image\" \/>\n<meta name=\"twitter:site\" content=\"@edmediterrania\" \/>\n<meta name=\"twitter:label1\" content=\"Est. reading time\" \/>\n\t<meta name=\"twitter:data1\" content=\"1 minute\" \/>\n<script type=\"application\/ld+json\" class=\"yoast-schema-graph\">{\"@context\":\"https:\/\/schema.org\",\"@graph\":[{\"@type\":\"WebPage\",\"@id\":\"https:\/\/editorialmediterrania.com\/en\/product\/alegria-una-canco-contada-dantonia-font\/\",\"url\":\"https:\/\/editorialmediterrania.com\/en\/product\/alegria-una-canco-contada-dantonia-font\/\",\"name\":\"Alegria. Una can\u00e7\u00f3 contada d'Ant\u00f2nia Font - Editorial Mediterr\u00e0nia\",\"isPartOf\":{\"@id\":\"https:\/\/editorialmediterrania.com\/en\/#website\"},\"primaryImageOfPage\":{\"@id\":\"https:\/\/editorialmediterrania.com\/en\/product\/alegria-una-canco-contada-dantonia-font\/#primaryimage\"},\"image\":{\"@id\":\"https:\/\/editorialmediterrania.com\/en\/product\/alegria-una-canco-contada-dantonia-font\/#primaryimage\"},\"thumbnailUrl\":\"https:\/\/editorialmediterrania.com\/wp-content\/uploads\/2023\/12\/Alegria-coberta-baixa_480x.webp\",\"datePublished\":\"2023-12-11T12:46:25+00:00\",\"dateModified\":\"2026-02-13T10:24:05+00:00\",\"description\":\"\u00c9s un\u00a0conte infantil\u00a0fet per celebrar els petits detalls de la vida que, com diu la can\u00e7\u00f3, \\\"fan un cr\u00e0ter dins ses nostres vides\\\"\",\"breadcrumb\":{\"@id\":\"https:\/\/editorialmediterrania.com\/en\/product\/alegria-una-canco-contada-dantonia-font\/#breadcrumb\"},\"inLanguage\":\"en-US\",\"potentialAction\":[{\"@type\":\"ReadAction\",\"target\":[\"https:\/\/editorialmediterrania.com\/en\/product\/alegria-una-canco-contada-dantonia-font\/\"]}]},{\"@type\":\"ImageObject\",\"inLanguage\":\"en-US\",\"@id\":\"https:\/\/editorialmediterrania.com\/en\/product\/alegria-una-canco-contada-dantonia-font\/#primaryimage\",\"url\":\"https:\/\/editorialmediterrania.com\/wp-content\/uploads\/2023\/12\/Alegria-coberta-baixa_480x.webp\",\"contentUrl\":\"https:\/\/editorialmediterrania.com\/wp-content\/uploads\/2023\/12\/Alegria-coberta-baixa_480x.webp\",\"width\":480,\"height\":480},{\"@type\":\"BreadcrumbList\",\"@id\":\"https:\/\/editorialmediterrania.com\/en\/product\/alegria-una-canco-contada-dantonia-font\/#breadcrumb\",\"itemListElement\":[{\"@type\":\"ListItem\",\"position\":1,\"name\":\"Children&#8217;s art book store\",\"item\":\"https:\/\/editorialmediterrania.com\/en\/childrens-art-book-store\/\"},{\"@type\":\"ListItem\",\"position\":2,\"name\":\"Alegria. Una can\u00e7\u00f3 contada d&#8217;Ant\u00f2nia Font\"}]},{\"@type\":\"WebSite\",\"@id\":\"https:\/\/editorialmediterrania.com\/en\/#website\",\"url\":\"https:\/\/editorialmediterrania.com\/en\/\",\"name\":\"Editorial Mediterrania\",\"description\":\"Llibres que t\u2019obriran nous mons\",\"publisher\":{\"@id\":\"https:\/\/editorialmediterrania.com\/en\/#organization\"},\"alternateName\":\"Llibres infantils d'art, cultura i natura\",\"potentialAction\":[{\"@type\":\"SearchAction\",\"target\":{\"@type\":\"EntryPoint\",\"urlTemplate\":\"https:\/\/editorialmediterrania.com\/en\/?s={search_term_string}\"},\"query-input\":\"required name=search_term_string\"}],\"inLanguage\":\"en-US\"},{\"@type\":\"Organization\",\"@id\":\"https:\/\/editorialmediterrania.com\/en\/#organization\",\"name\":\"Editorial Mediterrania\",\"alternateName\":\"Llibres d'art, cultura i natura per infants i fam\u00edlies\",\"url\":\"https:\/\/editorialmediterrania.com\/en\/\",\"logo\":{\"@type\":\"ImageObject\",\"inLanguage\":\"en-US\",\"@id\":\"https:\/\/editorialmediterrania.com\/en\/#\/schema\/logo\/image\/\",\"url\":\"https:\/\/editorialmediterrania.com\/wp-content\/uploads\/2023\/03\/LOGO-ED_MEDITERRANIA_OK-2.png\",\"contentUrl\":\"https:\/\/editorialmediterrania.com\/wp-content\/uploads\/2023\/03\/LOGO-ED_MEDITERRANIA_OK-2.png\",\"width\":1200,\"height\":300,\"caption\":\"Editorial Mediterrania\"},\"image\":{\"@id\":\"https:\/\/editorialmediterrania.com\/en\/#\/schema\/logo\/image\/\"},\"sameAs\":[\"https:\/\/x.com\/edmediterrania\",\"https:\/\/www.instagram.com\/editorialmediterrania\/\"]}]}<\/script>\n<!-- \/ Yoast SEO plugin. -->","yoast_head_json":{"title":"Alegria. Una can\u00e7\u00f3 contada d'Ant\u00f2nia Font - Editorial Mediterr\u00e0nia","description":"\u00c9s un\u00a0conte infantil\u00a0fet per celebrar els petits detalls de la vida que, com diu la can\u00e7\u00f3, \"fan un cr\u00e0ter dins ses nostres vides\"","robots":{"index":"index","follow":"follow","max-snippet":"max-snippet:-1","max-image-preview":"max-image-preview:large","max-video-preview":"max-video-preview:-1"},"canonical":"https:\/\/editorialmediterrania.com\/en\/product\/alegria-una-canco-contada-dantonia-font\/","og_locale":"en_US","og_type":"article","og_title":"Alegria. Una can\u00e7\u00f3 contada d'Ant\u00f2nia Font - Editorial Mediterr\u00e0nia","og_description":"\u00c9s un\u00a0conte infantil\u00a0fet per celebrar els petits detalls de la vida que, com diu la can\u00e7\u00f3, \"fan un cr\u00e0ter dins ses nostres vides\"","og_url":"https:\/\/editorialmediterrania.com\/en\/product\/alegria-una-canco-contada-dantonia-font\/","og_site_name":"Editorial Mediterr\u00e0nia","article_modified_time":"2026-02-13T10:24:05+00:00","og_image":[{"width":480,"height":480,"url":"https:\/\/editorialmediterrania.com\/wp-content\/uploads\/2023\/12\/Alegria-coberta-baixa_480x.webp","type":"image\/webp"}],"twitter_card":"summary_large_image","twitter_site":"@edmediterrania","twitter_misc":{"Est. reading time":"1 minute"},"schema":{"@context":"https:\/\/schema.org","@graph":[{"@type":"WebPage","@id":"https:\/\/editorialmediterrania.com\/en\/product\/alegria-una-canco-contada-dantonia-font\/","url":"https:\/\/editorialmediterrania.com\/en\/product\/alegria-una-canco-contada-dantonia-font\/","name":"Alegria. Una can\u00e7\u00f3 contada d'Ant\u00f2nia Font - Editorial Mediterr\u00e0nia","isPartOf":{"@id":"https:\/\/editorialmediterrania.com\/en\/#website"},"primaryImageOfPage":{"@id":"https:\/\/editorialmediterrania.com\/en\/product\/alegria-una-canco-contada-dantonia-font\/#primaryimage"},"image":{"@id":"https:\/\/editorialmediterrania.com\/en\/product\/alegria-una-canco-contada-dantonia-font\/#primaryimage"},"thumbnailUrl":"https:\/\/editorialmediterrania.com\/wp-content\/uploads\/2023\/12\/Alegria-coberta-baixa_480x.webp","datePublished":"2023-12-11T12:46:25+00:00","dateModified":"2026-02-13T10:24:05+00:00","description":"\u00c9s un\u00a0conte infantil\u00a0fet per celebrar els petits detalls de la vida que, com diu la can\u00e7\u00f3, \"fan un cr\u00e0ter dins ses nostres vides\"","breadcrumb":{"@id":"https:\/\/editorialmediterrania.com\/en\/product\/alegria-una-canco-contada-dantonia-font\/#breadcrumb"},"inLanguage":"en-US","potentialAction":[{"@type":"ReadAction","target":["https:\/\/editorialmediterrania.com\/en\/product\/alegria-una-canco-contada-dantonia-font\/"]}]},{"@type":"ImageObject","inLanguage":"en-US","@id":"https:\/\/editorialmediterrania.com\/en\/product\/alegria-una-canco-contada-dantonia-font\/#primaryimage","url":"https:\/\/editorialmediterrania.com\/wp-content\/uploads\/2023\/12\/Alegria-coberta-baixa_480x.webp","contentUrl":"https:\/\/editorialmediterrania.com\/wp-content\/uploads\/2023\/12\/Alegria-coberta-baixa_480x.webp","width":480,"height":480},{"@type":"BreadcrumbList","@id":"https:\/\/editorialmediterrania.com\/en\/product\/alegria-una-canco-contada-dantonia-font\/#breadcrumb","itemListElement":[{"@type":"ListItem","position":1,"name":"Children&#8217;s art book store","item":"https:\/\/editorialmediterrania.com\/en\/childrens-art-book-store\/"},{"@type":"ListItem","position":2,"name":"Alegria. Una can\u00e7\u00f3 contada d&#8217;Ant\u00f2nia Font"}]},{"@type":"WebSite","@id":"https:\/\/editorialmediterrania.com\/en\/#website","url":"https:\/\/editorialmediterrania.com\/en\/","name":"Editorial Mediterrania","description":"Llibres que t\u2019obriran nous mons","publisher":{"@id":"https:\/\/editorialmediterrania.com\/en\/#organization"},"alternateName":"Llibres infantils d'art, cultura i natura","potentialAction":[{"@type":"SearchAction","target":{"@type":"EntryPoint","urlTemplate":"https:\/\/editorialmediterrania.com\/en\/?s={search_term_string}"},"query-input":"required name=search_term_string"}],"inLanguage":"en-US"},{"@type":"Organization","@id":"https:\/\/editorialmediterrania.com\/en\/#organization","name":"Editorial Mediterrania","alternateName":"Llibres d'art, cultura i natura per infants i fam\u00edlies","url":"https:\/\/editorialmediterrania.com\/en\/","logo":{"@type":"ImageObject","inLanguage":"en-US","@id":"https:\/\/editorialmediterrania.com\/en\/#\/schema\/logo\/image\/","url":"https:\/\/editorialmediterrania.com\/wp-content\/uploads\/2023\/03\/LOGO-ED_MEDITERRANIA_OK-2.png","contentUrl":"https:\/\/editorialmediterrania.com\/wp-content\/uploads\/2023\/03\/LOGO-ED_MEDITERRANIA_OK-2.png","width":1200,"height":300,"caption":"Editorial Mediterrania"},"image":{"@id":"https:\/\/editorialmediterrania.com\/en\/#\/schema\/logo\/image\/"},"sameAs":["https:\/\/x.com\/edmediterrania","https:\/\/www.instagram.com\/editorialmediterrania\/"]}]}},"_links":{"self":[{"href":"https:\/\/editorialmediterrania.com\/en\/wp-json\/wp\/v2\/product\/42577","targetHints":{"allow":["GET"]}}],"collection":[{"href":"https:\/\/editorialmediterrania.com\/en\/wp-json\/wp\/v2\/product"}],"about":[{"href":"https:\/\/editorialmediterrania.com\/en\/wp-json\/wp\/v2\/types\/product"}],"wp:featuredmedia":[{"embeddable":true,"href":"https:\/\/editorialmediterrania.com\/en\/wp-json\/wp\/v2\/media\/42584"}],"wp:attachment":[{"href":"https:\/\/editorialmediterrania.com\/en\/wp-json\/wp\/v2\/media?parent=42577"}],"wp:term":[{"taxonomy":"product_cat","embeddable":true,"href":"https:\/\/editorialmediterrania.com\/en\/wp-json\/wp\/v2\/product_cat?post=42577"},{"taxonomy":"product_tag","embeddable":true,"href":"https:\/\/editorialmediterrania.com\/en\/wp-json\/wp\/v2\/product_tag?post=42577"},{"taxonomy":"autors","embeddable":true,"href":"https:\/\/editorialmediterrania.com\/en\/wp-json\/wp\/v2\/autors?post=42577"}],"curies":[{"name":"wp","href":"https:\/\/api.w.org\/{rel}","templated":true}]}}