{"id":42587,"date":"2023-12-11T13:50:20","date_gmt":"2023-12-11T12:50:20","guid":{"rendered":"https:\/\/editorialmediterrania.com\/?post_type=product&#038;p=42587"},"modified":"2026-02-13T11:40:52","modified_gmt":"2026-02-13T10:40:52","slug":"escriurem-una-canco-contada-de-miki-nunez","status":"publish","type":"product","link":"https:\/\/editorialmediterrania.com\/en\/product\/escriurem-una-canco-contada-de-miki-nunez\/","title":{"rendered":"Escriurem. Una can\u00e7\u00f3 contada de Miki N\u00fa\u00f1ez"},"content":{"rendered":"<h2>Dona una ullada al conte<\/h2>\n<p><strong><a href=\"https:\/\/editorialmediterrania.com\/wp-content\/uploads\/2023\/12\/Escriurem-TOTAL5-Miki-nunez-nanit.pdf\" target=\"_blank\" rel=\"noopener\">Descarrega el pdf aqu\u00ed<\/a>.<\/strong><\/p>\n<h2>Sabies que&#8230;<\/h2>\n<p><strong>Autoria: Moliner Abellan, Nil \/ N\u00fa\u00f1ez Pozo, Miquel \u00a9 Warner Chappell Music Spain, S.A.U.<\/strong><\/p>\n<p><strong>Pots escoltar\u00a0la can\u00e7\u00f3<\/strong>\u00a0a\u00a0<a title=\"Escriurem a Youtube\" href=\"https:\/\/youtu.be\/PoGFiOjfQvY\" target=\"_blank\" rel=\"noopener\"><strong>Youtube<\/strong><\/a>\u00a0i a\u00a0<a title=\"Escriurem a Spotify\" href=\"https:\/\/open.spotify.com\/track\/42dX767ZcsJN2hiBZkFCbh?si=1745cf4c846e4f2e\" target=\"_blank\" rel=\"noopener\"><strong>Spotify.<\/strong><\/a><\/p>\n<p><strong>T&#8217;oferim activitats per fer a casa<\/strong> relacionades amb el conte. <strong>Descarrega-les gratu\u00eftament:<\/strong><\/p>\n<ul>\n<li>Us agraden les\u00a0il\u00b7lustracions de la Laura? Si voleu n&#8217;ha preparat una perqu\u00e8 la pinteu vosaltres.\u00a0<a href=\"https:\/\/editorialmediterrania.com\/wp-content\/uploads\/2023\/12\/Escriurem-Miki-nunez-activitats-per-pintar-colorejar-nanit.pdf\" target=\"_blank\" rel=\"noopener\"><strong>Descarre<\/strong><strong>ga el pdf aqu\u00ed.<\/strong><\/a><\/li>\n<li>Tamb\u00e9 podeu descobrir dibuixos que la Laura ha amagat entre n\u00fameros. Us atrevieu a resseguir-los a veure qu\u00e8 surt? <a href=\"https:\/\/editorialmediterrania.com\/wp-content\/uploads\/2023\/12\/Escriure-Miki-Nunez-activitats-resseguir-numeros-punts-nanit.pdf\" target=\"_blank\" rel=\"noopener\"><strong>Descarrega el pdf aqu\u00ed<\/strong><\/a>.<\/li>\n<li>Voleu comprovar les respostes de de les activitats que us proposem al final del conte?\u00a0<a href=\"https:\/\/editorialmediterrania.com\/wp-content\/uploads\/2023\/12\/Escriurem-Miki-Nunez-solucionari-nanit-1.pdf\" target=\"_blank\" rel=\"noopener\"><strong>Aqu\u00ed podeu descarregar el solucionari.<\/strong><\/a><\/li>\n<\/ul>\n<p>Gr\u00e0cies a la teva compra,\u00a0<strong>col\u00b7laborem amb diferents projectes solidaris<\/strong>.<\/p>\n","protected":false},"excerpt":{"rendered":"<p><strong>Escriurem, <\/strong>un conte basat en la can\u00e7\u00f3 hom\u00f2nima de\u00a0<a title=\"Web de Miki N\u00fa\u00f1ez\" href=\"https:\/\/www.instagram.com\/mikinunez\/\" target=\"_blank\" rel=\"noopener\"><strong>Miki N\u00fa\u00f1ez<\/strong>.<\/a><\/p>\n<p>\u00c9s un\u00a0<strong>conte infantil<\/strong>\u00a0especialment pensat per parlar de la gent que estimem; que encara que estiguin lluny o a prop, podem trobar a faltar. Vol parlar d&#8217;amor, de nostalgia i tamb\u00e9 d&#8217;alegria. I tamb\u00e9 vol recuperar les cartes escrites a m\u00e0 i rebudes per correu postal. I no \u00e9s bonic rebre una carta sorpresa? \ud83d\ude42<\/p>\n<div style=\"text-align: left;\">Les il\u00b7lustracions s\u00f3n\u00a0de la\u00a0<strong>Laura Duran<\/strong>\u00a0i s\u00f3n precioses, us avisem!<\/div>\n","protected":false},"featured_media":42588,"template":"","meta":[],"product_cat":[6500],"product_tag":[6510],"autors":[],"class_list":{"0":"post-42587","1":"product","2":"type-product","3":"status-publish","4":"has-post-thumbnail","6":"product_cat-nanit","7":"product_tag-miki-nunez","9":"first","10":"instock","11":"taxable","12":"shipping-taxable","13":"purchasable","14":"product-type-simple","swatches":"rey-swatches","show_selected":""},"acf":[],"yoast_head":"<!-- This site is optimized with the Yoast SEO plugin v22.8 - https:\/\/yoast.com\/wordpress\/plugins\/seo\/ -->\n<title>Escriurem. Una can\u00e7\u00f3 contada de Miki N\u00fa\u00f1ez - Editorial Mediterr\u00e0nia<\/title>\n<meta name=\"description\" content=\"\u00c9s un\u00a0conte infantil\u00a0especialment pensat per parlar de la gent que estimem; que encara que estiguin lluny o a prop, podem trobar a faltar\" \/>\n<meta name=\"robots\" content=\"index, follow, max-snippet:-1, max-image-preview:large, max-video-preview:-1\" \/>\n<link rel=\"canonical\" href=\"https:\/\/editorialmediterrania.com\/en\/product\/escriurem-una-canco-contada-de-miki-nunez\/\" \/>\n<meta property=\"og:locale\" content=\"en_US\" \/>\n<meta property=\"og:type\" content=\"article\" \/>\n<meta property=\"og:title\" content=\"Escriurem. Una can\u00e7\u00f3 contada de Miki N\u00fa\u00f1ez - Editorial Mediterr\u00e0nia\" \/>\n<meta property=\"og:description\" content=\"\u00c9s un\u00a0conte infantil\u00a0especialment pensat per parlar de la gent que estimem; que encara que estiguin lluny o a prop, podem trobar a faltar\" \/>\n<meta property=\"og:url\" content=\"https:\/\/editorialmediterrania.com\/en\/product\/escriurem-una-canco-contada-de-miki-nunez\/\" \/>\n<meta property=\"og:site_name\" content=\"Editorial Mediterr\u00e0nia\" \/>\n<meta property=\"article:modified_time\" content=\"2026-02-13T10:40:52+00:00\" \/>\n<meta property=\"og:image\" content=\"https:\/\/editorialmediterrania.com\/wp-content\/uploads\/2023\/12\/Escriurem-coberta-nanit-miki-nunez_480x.webp\" \/>\n\t<meta property=\"og:image:width\" content=\"480\" \/>\n\t<meta property=\"og:image:height\" content=\"480\" \/>\n\t<meta property=\"og:image:type\" content=\"image\/webp\" \/>\n<meta name=\"twitter:card\" content=\"summary_large_image\" \/>\n<meta name=\"twitter:site\" content=\"@edmediterrania\" \/>\n<meta name=\"twitter:label1\" content=\"Est. reading time\" \/>\n\t<meta name=\"twitter:data1\" content=\"1 minute\" \/>\n<script type=\"application\/ld+json\" class=\"yoast-schema-graph\">{\"@context\":\"https:\/\/schema.org\",\"@graph\":[{\"@type\":\"WebPage\",\"@id\":\"https:\/\/editorialmediterrania.com\/en\/product\/escriurem-una-canco-contada-de-miki-nunez\/\",\"url\":\"https:\/\/editorialmediterrania.com\/en\/product\/escriurem-una-canco-contada-de-miki-nunez\/\",\"name\":\"Escriurem. Una can\u00e7\u00f3 contada de Miki N\u00fa\u00f1ez - Editorial Mediterr\u00e0nia\",\"isPartOf\":{\"@id\":\"https:\/\/editorialmediterrania.com\/en\/#website\"},\"primaryImageOfPage\":{\"@id\":\"https:\/\/editorialmediterrania.com\/en\/product\/escriurem-una-canco-contada-de-miki-nunez\/#primaryimage\"},\"image\":{\"@id\":\"https:\/\/editorialmediterrania.com\/en\/product\/escriurem-una-canco-contada-de-miki-nunez\/#primaryimage\"},\"thumbnailUrl\":\"https:\/\/editorialmediterrania.com\/wp-content\/uploads\/2023\/12\/Escriurem-coberta-nanit-miki-nunez_480x.webp\",\"datePublished\":\"2023-12-11T12:50:20+00:00\",\"dateModified\":\"2026-02-13T10:40:52+00:00\",\"description\":\"\u00c9s un\u00a0conte infantil\u00a0especialment pensat per parlar de la gent que estimem; que encara que estiguin lluny o a prop, podem trobar a faltar\",\"breadcrumb\":{\"@id\":\"https:\/\/editorialmediterrania.com\/en\/product\/escriurem-una-canco-contada-de-miki-nunez\/#breadcrumb\"},\"inLanguage\":\"en-US\",\"potentialAction\":[{\"@type\":\"ReadAction\",\"target\":[\"https:\/\/editorialmediterrania.com\/en\/product\/escriurem-una-canco-contada-de-miki-nunez\/\"]}]},{\"@type\":\"ImageObject\",\"inLanguage\":\"en-US\",\"@id\":\"https:\/\/editorialmediterrania.com\/en\/product\/escriurem-una-canco-contada-de-miki-nunez\/#primaryimage\",\"url\":\"https:\/\/editorialmediterrania.com\/wp-content\/uploads\/2023\/12\/Escriurem-coberta-nanit-miki-nunez_480x.webp\",\"contentUrl\":\"https:\/\/editorialmediterrania.com\/wp-content\/uploads\/2023\/12\/Escriurem-coberta-nanit-miki-nunez_480x.webp\",\"width\":480,\"height\":480},{\"@type\":\"BreadcrumbList\",\"@id\":\"https:\/\/editorialmediterrania.com\/en\/product\/escriurem-una-canco-contada-de-miki-nunez\/#breadcrumb\",\"itemListElement\":[{\"@type\":\"ListItem\",\"position\":1,\"name\":\"Children&#8217;s art book store\",\"item\":\"https:\/\/editorialmediterrania.com\/en\/childrens-art-book-store\/\"},{\"@type\":\"ListItem\",\"position\":2,\"name\":\"Escriurem. Una can\u00e7\u00f3 contada de Miki N\u00fa\u00f1ez\"}]},{\"@type\":\"WebSite\",\"@id\":\"https:\/\/editorialmediterrania.com\/en\/#website\",\"url\":\"https:\/\/editorialmediterrania.com\/en\/\",\"name\":\"Editorial Mediterrania\",\"description\":\"Llibres que t\u2019obriran nous mons\",\"publisher\":{\"@id\":\"https:\/\/editorialmediterrania.com\/en\/#organization\"},\"alternateName\":\"Llibres infantils d'art, cultura i natura\",\"potentialAction\":[{\"@type\":\"SearchAction\",\"target\":{\"@type\":\"EntryPoint\",\"urlTemplate\":\"https:\/\/editorialmediterrania.com\/en\/?s={search_term_string}\"},\"query-input\":\"required name=search_term_string\"}],\"inLanguage\":\"en-US\"},{\"@type\":\"Organization\",\"@id\":\"https:\/\/editorialmediterrania.com\/en\/#organization\",\"name\":\"Editorial Mediterrania\",\"alternateName\":\"Llibres d'art, cultura i natura per infants i fam\u00edlies\",\"url\":\"https:\/\/editorialmediterrania.com\/en\/\",\"logo\":{\"@type\":\"ImageObject\",\"inLanguage\":\"en-US\",\"@id\":\"https:\/\/editorialmediterrania.com\/en\/#\/schema\/logo\/image\/\",\"url\":\"https:\/\/editorialmediterrania.com\/wp-content\/uploads\/2023\/03\/LOGO-ED_MEDITERRANIA_OK-2.png\",\"contentUrl\":\"https:\/\/editorialmediterrania.com\/wp-content\/uploads\/2023\/03\/LOGO-ED_MEDITERRANIA_OK-2.png\",\"width\":1200,\"height\":300,\"caption\":\"Editorial Mediterrania\"},\"image\":{\"@id\":\"https:\/\/editorialmediterrania.com\/en\/#\/schema\/logo\/image\/\"},\"sameAs\":[\"https:\/\/x.com\/edmediterrania\",\"https:\/\/www.instagram.com\/editorialmediterrania\/\"]}]}<\/script>\n<!-- \/ Yoast SEO plugin. -->","yoast_head_json":{"title":"Escriurem. Una can\u00e7\u00f3 contada de Miki N\u00fa\u00f1ez - Editorial Mediterr\u00e0nia","description":"\u00c9s un\u00a0conte infantil\u00a0especialment pensat per parlar de la gent que estimem; que encara que estiguin lluny o a prop, podem trobar a faltar","robots":{"index":"index","follow":"follow","max-snippet":"max-snippet:-1","max-image-preview":"max-image-preview:large","max-video-preview":"max-video-preview:-1"},"canonical":"https:\/\/editorialmediterrania.com\/en\/product\/escriurem-una-canco-contada-de-miki-nunez\/","og_locale":"en_US","og_type":"article","og_title":"Escriurem. Una can\u00e7\u00f3 contada de Miki N\u00fa\u00f1ez - Editorial Mediterr\u00e0nia","og_description":"\u00c9s un\u00a0conte infantil\u00a0especialment pensat per parlar de la gent que estimem; que encara que estiguin lluny o a prop, podem trobar a faltar","og_url":"https:\/\/editorialmediterrania.com\/en\/product\/escriurem-una-canco-contada-de-miki-nunez\/","og_site_name":"Editorial Mediterr\u00e0nia","article_modified_time":"2026-02-13T10:40:52+00:00","og_image":[{"width":480,"height":480,"url":"https:\/\/editorialmediterrania.com\/wp-content\/uploads\/2023\/12\/Escriurem-coberta-nanit-miki-nunez_480x.webp","type":"image\/webp"}],"twitter_card":"summary_large_image","twitter_site":"@edmediterrania","twitter_misc":{"Est. reading time":"1 minute"},"schema":{"@context":"https:\/\/schema.org","@graph":[{"@type":"WebPage","@id":"https:\/\/editorialmediterrania.com\/en\/product\/escriurem-una-canco-contada-de-miki-nunez\/","url":"https:\/\/editorialmediterrania.com\/en\/product\/escriurem-una-canco-contada-de-miki-nunez\/","name":"Escriurem. Una can\u00e7\u00f3 contada de Miki N\u00fa\u00f1ez - Editorial Mediterr\u00e0nia","isPartOf":{"@id":"https:\/\/editorialmediterrania.com\/en\/#website"},"primaryImageOfPage":{"@id":"https:\/\/editorialmediterrania.com\/en\/product\/escriurem-una-canco-contada-de-miki-nunez\/#primaryimage"},"image":{"@id":"https:\/\/editorialmediterrania.com\/en\/product\/escriurem-una-canco-contada-de-miki-nunez\/#primaryimage"},"thumbnailUrl":"https:\/\/editorialmediterrania.com\/wp-content\/uploads\/2023\/12\/Escriurem-coberta-nanit-miki-nunez_480x.webp","datePublished":"2023-12-11T12:50:20+00:00","dateModified":"2026-02-13T10:40:52+00:00","description":"\u00c9s un\u00a0conte infantil\u00a0especialment pensat per parlar de la gent que estimem; que encara que estiguin lluny o a prop, podem trobar a faltar","breadcrumb":{"@id":"https:\/\/editorialmediterrania.com\/en\/product\/escriurem-una-canco-contada-de-miki-nunez\/#breadcrumb"},"inLanguage":"en-US","potentialAction":[{"@type":"ReadAction","target":["https:\/\/editorialmediterrania.com\/en\/product\/escriurem-una-canco-contada-de-miki-nunez\/"]}]},{"@type":"ImageObject","inLanguage":"en-US","@id":"https:\/\/editorialmediterrania.com\/en\/product\/escriurem-una-canco-contada-de-miki-nunez\/#primaryimage","url":"https:\/\/editorialmediterrania.com\/wp-content\/uploads\/2023\/12\/Escriurem-coberta-nanit-miki-nunez_480x.webp","contentUrl":"https:\/\/editorialmediterrania.com\/wp-content\/uploads\/2023\/12\/Escriurem-coberta-nanit-miki-nunez_480x.webp","width":480,"height":480},{"@type":"BreadcrumbList","@id":"https:\/\/editorialmediterrania.com\/en\/product\/escriurem-una-canco-contada-de-miki-nunez\/#breadcrumb","itemListElement":[{"@type":"ListItem","position":1,"name":"Children&#8217;s art book store","item":"https:\/\/editorialmediterrania.com\/en\/childrens-art-book-store\/"},{"@type":"ListItem","position":2,"name":"Escriurem. Una can\u00e7\u00f3 contada de Miki N\u00fa\u00f1ez"}]},{"@type":"WebSite","@id":"https:\/\/editorialmediterrania.com\/en\/#website","url":"https:\/\/editorialmediterrania.com\/en\/","name":"Editorial Mediterrania","description":"Llibres que t\u2019obriran nous mons","publisher":{"@id":"https:\/\/editorialmediterrania.com\/en\/#organization"},"alternateName":"Llibres infantils d'art, cultura i natura","potentialAction":[{"@type":"SearchAction","target":{"@type":"EntryPoint","urlTemplate":"https:\/\/editorialmediterrania.com\/en\/?s={search_term_string}"},"query-input":"required name=search_term_string"}],"inLanguage":"en-US"},{"@type":"Organization","@id":"https:\/\/editorialmediterrania.com\/en\/#organization","name":"Editorial Mediterrania","alternateName":"Llibres d'art, cultura i natura per infants i fam\u00edlies","url":"https:\/\/editorialmediterrania.com\/en\/","logo":{"@type":"ImageObject","inLanguage":"en-US","@id":"https:\/\/editorialmediterrania.com\/en\/#\/schema\/logo\/image\/","url":"https:\/\/editorialmediterrania.com\/wp-content\/uploads\/2023\/03\/LOGO-ED_MEDITERRANIA_OK-2.png","contentUrl":"https:\/\/editorialmediterrania.com\/wp-content\/uploads\/2023\/03\/LOGO-ED_MEDITERRANIA_OK-2.png","width":1200,"height":300,"caption":"Editorial Mediterrania"},"image":{"@id":"https:\/\/editorialmediterrania.com\/en\/#\/schema\/logo\/image\/"},"sameAs":["https:\/\/x.com\/edmediterrania","https:\/\/www.instagram.com\/editorialmediterrania\/"]}]}},"_links":{"self":[{"href":"https:\/\/editorialmediterrania.com\/en\/wp-json\/wp\/v2\/product\/42587","targetHints":{"allow":["GET"]}}],"collection":[{"href":"https:\/\/editorialmediterrania.com\/en\/wp-json\/wp\/v2\/product"}],"about":[{"href":"https:\/\/editorialmediterrania.com\/en\/wp-json\/wp\/v2\/types\/product"}],"wp:featuredmedia":[{"embeddable":true,"href":"https:\/\/editorialmediterrania.com\/en\/wp-json\/wp\/v2\/media\/42588"}],"wp:attachment":[{"href":"https:\/\/editorialmediterrania.com\/en\/wp-json\/wp\/v2\/media?parent=42587"}],"wp:term":[{"taxonomy":"product_cat","embeddable":true,"href":"https:\/\/editorialmediterrania.com\/en\/wp-json\/wp\/v2\/product_cat?post=42587"},{"taxonomy":"product_tag","embeddable":true,"href":"https:\/\/editorialmediterrania.com\/en\/wp-json\/wp\/v2\/product_tag?post=42587"},{"taxonomy":"autors","embeddable":true,"href":"https:\/\/editorialmediterrania.com\/en\/wp-json\/wp\/v2\/autors?post=42587"}],"curies":[{"name":"wp","href":"https:\/\/api.w.org\/{rel}","templated":true}]}}