{"id":42779,"date":"2024-02-19T15:30:41","date_gmt":"2024-02-19T14:30:41","guid":{"rendered":"https:\/\/editorialmediterrania.com\/?post_type=product&#038;p=42779"},"modified":"2025-11-07T09:34:23","modified_gmt":"2025-11-07T08:34:23","slug":"play","status":"publish","type":"product","link":"https:\/\/editorialmediterrania.com\/en\/product\/play\/","title":{"rendered":"PLAY. Canciones para leer en familia"},"content":{"rendered":"<p>\u00bfQui\u00e9n dice que no se puede escuchar la misma m\u00fasica con o sin hijos?<\/p>\n<p><strong>PLAY. Canciones para leer en familia<\/strong> nos ense\u00f1a que, aunque lavida cambie cuando llega un nuevo miembro en la familia, hay algunas cosas que contin\u00faan igual que siempre.<\/p>\n<p>\u00a1As\u00ed que\u2026 escanea el c\u00f3digo que encontrar\u00e1s dentro y dale PLAY a todas las canciones de este libro!<\/p>\n<p><a href=\"https:\/\/editorialmediterrania.com\/wp-content\/uploads\/2024\/04\/PLAY-dibuixos-a-linia.pdf\">\u00a1Clica aqu\u00ed y descarga ilustraciones del libro para colorear!<\/a><\/p>\n","protected":false},"excerpt":{"rendered":"<p>Escrito por <strong><a href=\"https:\/\/www.linkedin.com\/in\/isisboet\/\">Isis Boet<\/a> y <a href=\"https:\/\/www.oigovisiones.com\/es\/\">Bernat Muntaner<\/a><\/strong> con ilustraciones de <strong><a href=\"https:\/\/www.miguel-bustos.com\">Miguel Bustos<\/a>.<\/strong><\/p>\n","protected":false},"featured_media":42780,"template":"","meta":[],"product_cat":[16,72],"product_tag":[],"autors":[],"class_list":{"0":"post-42779","1":"product","2":"type-product","3":"status-publish","4":"has-post-thumbnail","6":"product_cat-editorial-mediterrania","7":"product_cat-art-en-familia","9":"first","10":"instock","11":"taxable","12":"shipping-taxable","13":"purchasable","14":"product-type-simple","swatches":"rey-swatches","show_selected":""},"acf":[],"yoast_head":"<!-- This site is optimized with the Yoast SEO plugin v22.8 - https:\/\/yoast.com\/wordpress\/plugins\/seo\/ -->\n<title>PLAY. Canciones para leer en familia - Editorial Mediterr\u00e0nia<\/title>\n<meta name=\"description\" content=\"PLAY. Canciones para leer en familia nos ense\u00f1a que, aunque la vida cambie cuando llega un nuevo miembro en la familia, hay algunas cosas que contin\u00faan igual que siempre.\" \/>\n<meta name=\"robots\" content=\"index, follow, max-snippet:-1, max-image-preview:large, max-video-preview:-1\" \/>\n<link rel=\"canonical\" href=\"https:\/\/editorialmediterrania.com\/en\/product\/play\/\" \/>\n<meta property=\"og:locale\" content=\"en_US\" \/>\n<meta property=\"og:type\" content=\"article\" \/>\n<meta property=\"og:title\" content=\"PLAY. Canciones para leer en familia - Editorial Mediterr\u00e0nia\" \/>\n<meta property=\"og:description\" content=\"PLAY. Canciones para leer en familia nos ense\u00f1a que, aunque la vida cambie cuando llega un nuevo miembro en la familia, hay algunas cosas que contin\u00faan igual que siempre.\" \/>\n<meta property=\"og:url\" content=\"https:\/\/editorialmediterrania.com\/en\/product\/play\/\" \/>\n<meta property=\"og:site_name\" content=\"Editorial Mediterr\u00e0nia\" \/>\n<meta property=\"article:modified_time\" content=\"2025-11-07T08:34:23+00:00\" \/>\n<meta property=\"og:image\" content=\"https:\/\/editorialmediterrania.com\/wp-content\/uploads\/2024\/02\/9788419028624.png\" \/>\n\t<meta property=\"og:image:width\" content=\"603\" \/>\n\t<meta property=\"og:image:height\" content=\"448\" \/>\n\t<meta property=\"og:image:type\" content=\"image\/png\" \/>\n<meta name=\"twitter:card\" content=\"summary_large_image\" \/>\n<meta name=\"twitter:site\" content=\"@edmediterrania\" \/>\n<meta name=\"twitter:label1\" content=\"Est. reading time\" \/>\n\t<meta name=\"twitter:data1\" content=\"1 minute\" \/>\n<script type=\"application\/ld+json\" class=\"yoast-schema-graph\">{\"@context\":\"https:\/\/schema.org\",\"@graph\":[{\"@type\":\"WebPage\",\"@id\":\"https:\/\/editorialmediterrania.com\/en\/product\/play\/\",\"url\":\"https:\/\/editorialmediterrania.com\/en\/product\/play\/\",\"name\":\"PLAY. Canciones para leer en familia - Editorial Mediterr\u00e0nia\",\"isPartOf\":{\"@id\":\"https:\/\/editorialmediterrania.com\/en\/#website\"},\"primaryImageOfPage\":{\"@id\":\"https:\/\/editorialmediterrania.com\/en\/product\/play\/#primaryimage\"},\"image\":{\"@id\":\"https:\/\/editorialmediterrania.com\/en\/product\/play\/#primaryimage\"},\"thumbnailUrl\":\"https:\/\/editorialmediterrania.com\/wp-content\/uploads\/2024\/02\/9788419028624.png\",\"datePublished\":\"2024-02-19T14:30:41+00:00\",\"dateModified\":\"2025-11-07T08:34:23+00:00\",\"description\":\"PLAY. Canciones para leer en familia nos ense\u00f1a que, aunque la vida cambie cuando llega un nuevo miembro en la familia, hay algunas cosas que contin\u00faan igual que siempre.\",\"breadcrumb\":{\"@id\":\"https:\/\/editorialmediterrania.com\/en\/product\/play\/#breadcrumb\"},\"inLanguage\":\"en-US\",\"potentialAction\":[{\"@type\":\"ReadAction\",\"target\":[\"https:\/\/editorialmediterrania.com\/en\/product\/play\/\"]}]},{\"@type\":\"ImageObject\",\"inLanguage\":\"en-US\",\"@id\":\"https:\/\/editorialmediterrania.com\/en\/product\/play\/#primaryimage\",\"url\":\"https:\/\/editorialmediterrania.com\/wp-content\/uploads\/2024\/02\/9788419028624.png\",\"contentUrl\":\"https:\/\/editorialmediterrania.com\/wp-content\/uploads\/2024\/02\/9788419028624.png\",\"width\":603,\"height\":448},{\"@type\":\"BreadcrumbList\",\"@id\":\"https:\/\/editorialmediterrania.com\/en\/product\/play\/#breadcrumb\",\"itemListElement\":[{\"@type\":\"ListItem\",\"position\":1,\"name\":\"Children&#8217;s art book store\",\"item\":\"https:\/\/editorialmediterrania.com\/en\/childrens-art-book-store\/\"},{\"@type\":\"ListItem\",\"position\":2,\"name\":\"PLAY. Canciones para leer en familia\"}]},{\"@type\":\"WebSite\",\"@id\":\"https:\/\/editorialmediterrania.com\/en\/#website\",\"url\":\"https:\/\/editorialmediterrania.com\/en\/\",\"name\":\"Editorial Mediterrania\",\"description\":\"Llibres que t\u2019obriran nous mons\",\"publisher\":{\"@id\":\"https:\/\/editorialmediterrania.com\/en\/#organization\"},\"alternateName\":\"Llibres infantils d'art, cultura i natura\",\"potentialAction\":[{\"@type\":\"SearchAction\",\"target\":{\"@type\":\"EntryPoint\",\"urlTemplate\":\"https:\/\/editorialmediterrania.com\/en\/?s={search_term_string}\"},\"query-input\":\"required name=search_term_string\"}],\"inLanguage\":\"en-US\"},{\"@type\":\"Organization\",\"@id\":\"https:\/\/editorialmediterrania.com\/en\/#organization\",\"name\":\"Editorial Mediterrania\",\"alternateName\":\"Llibres d'art, cultura i natura per infants i fam\u00edlies\",\"url\":\"https:\/\/editorialmediterrania.com\/en\/\",\"logo\":{\"@type\":\"ImageObject\",\"inLanguage\":\"en-US\",\"@id\":\"https:\/\/editorialmediterrania.com\/en\/#\/schema\/logo\/image\/\",\"url\":\"https:\/\/editorialmediterrania.com\/wp-content\/uploads\/2023\/03\/LOGO-ED_MEDITERRANIA_OK-2.png\",\"contentUrl\":\"https:\/\/editorialmediterrania.com\/wp-content\/uploads\/2023\/03\/LOGO-ED_MEDITERRANIA_OK-2.png\",\"width\":1200,\"height\":300,\"caption\":\"Editorial Mediterrania\"},\"image\":{\"@id\":\"https:\/\/editorialmediterrania.com\/en\/#\/schema\/logo\/image\/\"},\"sameAs\":[\"https:\/\/x.com\/edmediterrania\",\"https:\/\/www.instagram.com\/editorialmediterrania\/\"]}]}<\/script>\n<!-- \/ Yoast SEO plugin. -->","yoast_head_json":{"title":"PLAY. Canciones para leer en familia - Editorial Mediterr\u00e0nia","description":"PLAY. Canciones para leer en familia nos ense\u00f1a que, aunque la vida cambie cuando llega un nuevo miembro en la familia, hay algunas cosas que contin\u00faan igual que siempre.","robots":{"index":"index","follow":"follow","max-snippet":"max-snippet:-1","max-image-preview":"max-image-preview:large","max-video-preview":"max-video-preview:-1"},"canonical":"https:\/\/editorialmediterrania.com\/en\/product\/play\/","og_locale":"en_US","og_type":"article","og_title":"PLAY. Canciones para leer en familia - Editorial Mediterr\u00e0nia","og_description":"PLAY. Canciones para leer en familia nos ense\u00f1a que, aunque la vida cambie cuando llega un nuevo miembro en la familia, hay algunas cosas que contin\u00faan igual que siempre.","og_url":"https:\/\/editorialmediterrania.com\/en\/product\/play\/","og_site_name":"Editorial Mediterr\u00e0nia","article_modified_time":"2025-11-07T08:34:23+00:00","og_image":[{"width":603,"height":448,"url":"https:\/\/editorialmediterrania.com\/wp-content\/uploads\/2024\/02\/9788419028624.png","type":"image\/png"}],"twitter_card":"summary_large_image","twitter_site":"@edmediterrania","twitter_misc":{"Est. reading time":"1 minute"},"schema":{"@context":"https:\/\/schema.org","@graph":[{"@type":"WebPage","@id":"https:\/\/editorialmediterrania.com\/en\/product\/play\/","url":"https:\/\/editorialmediterrania.com\/en\/product\/play\/","name":"PLAY. Canciones para leer en familia - Editorial Mediterr\u00e0nia","isPartOf":{"@id":"https:\/\/editorialmediterrania.com\/en\/#website"},"primaryImageOfPage":{"@id":"https:\/\/editorialmediterrania.com\/en\/product\/play\/#primaryimage"},"image":{"@id":"https:\/\/editorialmediterrania.com\/en\/product\/play\/#primaryimage"},"thumbnailUrl":"https:\/\/editorialmediterrania.com\/wp-content\/uploads\/2024\/02\/9788419028624.png","datePublished":"2024-02-19T14:30:41+00:00","dateModified":"2025-11-07T08:34:23+00:00","description":"PLAY. Canciones para leer en familia nos ense\u00f1a que, aunque la vida cambie cuando llega un nuevo miembro en la familia, hay algunas cosas que contin\u00faan igual que siempre.","breadcrumb":{"@id":"https:\/\/editorialmediterrania.com\/en\/product\/play\/#breadcrumb"},"inLanguage":"en-US","potentialAction":[{"@type":"ReadAction","target":["https:\/\/editorialmediterrania.com\/en\/product\/play\/"]}]},{"@type":"ImageObject","inLanguage":"en-US","@id":"https:\/\/editorialmediterrania.com\/en\/product\/play\/#primaryimage","url":"https:\/\/editorialmediterrania.com\/wp-content\/uploads\/2024\/02\/9788419028624.png","contentUrl":"https:\/\/editorialmediterrania.com\/wp-content\/uploads\/2024\/02\/9788419028624.png","width":603,"height":448},{"@type":"BreadcrumbList","@id":"https:\/\/editorialmediterrania.com\/en\/product\/play\/#breadcrumb","itemListElement":[{"@type":"ListItem","position":1,"name":"Children&#8217;s art book store","item":"https:\/\/editorialmediterrania.com\/en\/childrens-art-book-store\/"},{"@type":"ListItem","position":2,"name":"PLAY. Canciones para leer en familia"}]},{"@type":"WebSite","@id":"https:\/\/editorialmediterrania.com\/en\/#website","url":"https:\/\/editorialmediterrania.com\/en\/","name":"Editorial Mediterrania","description":"Llibres que t\u2019obriran nous mons","publisher":{"@id":"https:\/\/editorialmediterrania.com\/en\/#organization"},"alternateName":"Llibres infantils d'art, cultura i natura","potentialAction":[{"@type":"SearchAction","target":{"@type":"EntryPoint","urlTemplate":"https:\/\/editorialmediterrania.com\/en\/?s={search_term_string}"},"query-input":"required name=search_term_string"}],"inLanguage":"en-US"},{"@type":"Organization","@id":"https:\/\/editorialmediterrania.com\/en\/#organization","name":"Editorial Mediterrania","alternateName":"Llibres d'art, cultura i natura per infants i fam\u00edlies","url":"https:\/\/editorialmediterrania.com\/en\/","logo":{"@type":"ImageObject","inLanguage":"en-US","@id":"https:\/\/editorialmediterrania.com\/en\/#\/schema\/logo\/image\/","url":"https:\/\/editorialmediterrania.com\/wp-content\/uploads\/2023\/03\/LOGO-ED_MEDITERRANIA_OK-2.png","contentUrl":"https:\/\/editorialmediterrania.com\/wp-content\/uploads\/2023\/03\/LOGO-ED_MEDITERRANIA_OK-2.png","width":1200,"height":300,"caption":"Editorial Mediterrania"},"image":{"@id":"https:\/\/editorialmediterrania.com\/en\/#\/schema\/logo\/image\/"},"sameAs":["https:\/\/x.com\/edmediterrania","https:\/\/www.instagram.com\/editorialmediterrania\/"]}]}},"_links":{"self":[{"href":"https:\/\/editorialmediterrania.com\/en\/wp-json\/wp\/v2\/product\/42779","targetHints":{"allow":["GET"]}}],"collection":[{"href":"https:\/\/editorialmediterrania.com\/en\/wp-json\/wp\/v2\/product"}],"about":[{"href":"https:\/\/editorialmediterrania.com\/en\/wp-json\/wp\/v2\/types\/product"}],"wp:featuredmedia":[{"embeddable":true,"href":"https:\/\/editorialmediterrania.com\/en\/wp-json\/wp\/v2\/media\/42780"}],"wp:attachment":[{"href":"https:\/\/editorialmediterrania.com\/en\/wp-json\/wp\/v2\/media?parent=42779"}],"wp:term":[{"taxonomy":"product_cat","embeddable":true,"href":"https:\/\/editorialmediterrania.com\/en\/wp-json\/wp\/v2\/product_cat?post=42779"},{"taxonomy":"product_tag","embeddable":true,"href":"https:\/\/editorialmediterrania.com\/en\/wp-json\/wp\/v2\/product_tag?post=42779"},{"taxonomy":"autors","embeddable":true,"href":"https:\/\/editorialmediterrania.com\/en\/wp-json\/wp\/v2\/autors?post=42779"}],"curies":[{"name":"wp","href":"https:\/\/api.w.org\/{rel}","templated":true}]}}