{"id":42814,"date":"2024-02-20T09:08:30","date_gmt":"2024-02-20T08:08:30","guid":{"rendered":"https:\/\/editorialmediterrania.com\/?post_type=product&#038;p=42814"},"modified":"2026-02-13T11:23:01","modified_gmt":"2026-02-13T10:23:01","slug":"olivia-una-canco-contada-de-the-tyets","status":"publish","type":"product","link":"https:\/\/editorialmediterrania.com\/en\/product\/olivia-una-canco-contada-de-the-tyets\/","title":{"rendered":"Ol\u00edvia. Una can\u00e7\u00f3 contada de The Tyets"},"content":{"rendered":"<h2>Sabies que&#8230;<\/h2>\n<ul>\n<li><strong>T&#8217;oferim activitats per fer a casa<\/strong>\u00a0relacionades amb el conte.\u00a0<a href=\"https:\/\/editorialmediterrania.com\/wp-content\/uploads\/2024\/02\/TRIPA_GUARDES_olivia_AMB_RESPOSTES.pdf\" target=\"_blank\" rel=\"noopener\"><strong>Descarrega gratu\u00eftament el solucionari aqu\u00ed.<\/strong><\/a><\/li>\n<li>Pots escoltar les can\u00e7ons a\u00a0<a title=\"Ves a Spotify\" href=\"https:\/\/open.spotify.com\/intl-es\/track\/0gRIXIUFSqWqw5rXcmaf9o?si=1994e716ced64ce3\" target=\"_blank\" rel=\"noopener\"><strong>Spotify<\/strong><\/a>\u00a0i a\u00a0<a title=\"Ves a Youtube\" href=\"https:\/\/youtu.be\/G3rql0y9Sv8?si=_rl7TEv7TuW2nqjO\" target=\"_blank\" rel=\"noopener\"><strong>Youtube<\/strong><\/a>.<\/li>\n<\/ul>\n<h2><a title=\"Enlla\u00e7 als nostres contes\" href=\"https:\/\/editorialmediterrania.com\/en\/collections\/nanit-en\/\">Trobar\u00e0s\u00a0m\u00e9s can\u00e7ons contades aqu\u00ed!<\/a><\/h2>\n","protected":false},"excerpt":{"rendered":"<p>La tradici\u00f3 d&#8217;anar a festivals sempre ha estat present, i aquesta vegada, m\u00e9s que mai.<\/p>\n<p>La fam\u00edlia creix, i en el festival que tant els agrada, descobreixen l&#8217;arribada de l&#8217;Ol\u00edvia.<\/p>\n<p>Ella marcar\u00e0 una nova generaci\u00f3. Es convertir\u00e0 en la primera neboda, neta, filla i en la gran d&#8217;aquesta nova fam\u00edlia.<\/p>\n<p><strong>Ol\u00edvia<\/strong>\u00a0\u00e9s un conte basat en la can\u00e7\u00f3 hom\u00f2nima de\u00a0<a href=\"https:\/\/thetyets.com\/\" target=\"_blank\" rel=\"noopener\"><strong>The Tyets<\/strong><\/a>\u00a0que parla de noves etapes, com l&#8217;arribada d&#8217;una persona a la fam\u00edlia i el que aquesta aventura comporta.<\/p>\n<p>Il\u00b7lustrat per\u00a0<strong><a href=\"https:\/\/www.instagram.com\/lalaidraws\/\">Laia Berloso<\/a><\/strong><\/p>\n","protected":false},"featured_media":46582,"template":"","meta":[],"product_cat":[6500],"product_tag":[],"autors":[6509,6508],"class_list":{"0":"post-42814","1":"product","2":"type-product","3":"status-publish","4":"has-post-thumbnail","6":"product_cat-nanit","7":"autors-laia-berloso","8":"autors-the-tyets","10":"first","11":"instock","12":"taxable","13":"shipping-taxable","14":"purchasable","15":"product-type-simple","swatches":"rey-swatches","show_selected":""},"acf":[],"yoast_head":"<!-- This site is optimized with the Yoast SEO plugin v22.8 - https:\/\/yoast.com\/wordpress\/plugins\/seo\/ -->\n<title>Ol\u00edvia. Una can\u00e7\u00f3 contada de The Tyets - Editorial Mediterr\u00e0nia<\/title>\n<meta name=\"description\" content=\"Ol\u00edvia, una can\u00e7\u00f3 contada de The Tyets que celebra les noves etapes de la vida quan arriba un nou membre a la fam\u00edlia i els valors de la mateixa.\" \/>\n<meta name=\"robots\" content=\"index, follow, max-snippet:-1, max-image-preview:large, max-video-preview:-1\" \/>\n<link rel=\"canonical\" href=\"https:\/\/editorialmediterrania.com\/en\/product\/olivia-una-canco-contada-de-the-tyets\/\" \/>\n<meta property=\"og:locale\" content=\"en_US\" \/>\n<meta property=\"og:type\" content=\"article\" \/>\n<meta property=\"og:title\" content=\"Ol\u00edvia. Una can\u00e7\u00f3 contada de The Tyets - Editorial Mediterr\u00e0nia\" \/>\n<meta property=\"og:description\" content=\"Ol\u00edvia, una can\u00e7\u00f3 contada de The Tyets que celebra les noves etapes de la vida quan arriba un nou membre a la fam\u00edlia i els valors de la mateixa.\" \/>\n<meta property=\"og:url\" content=\"https:\/\/editorialmediterrania.com\/en\/product\/olivia-una-canco-contada-de-the-tyets\/\" \/>\n<meta property=\"og:site_name\" content=\"Editorial Mediterr\u00e0nia\" \/>\n<meta property=\"article:modified_time\" content=\"2026-02-13T10:23:01+00:00\" \/>\n<meta property=\"og:image\" content=\"https:\/\/editorialmediterrania.com\/wp-content\/uploads\/2024\/02\/Mockup_Olivia.png\" \/>\n\t<meta property=\"og:image:width\" content=\"1190\" \/>\n\t<meta property=\"og:image:height\" content=\"1190\" \/>\n\t<meta property=\"og:image:type\" content=\"image\/png\" \/>\n<meta name=\"twitter:card\" content=\"summary_large_image\" \/>\n<meta name=\"twitter:site\" content=\"@edmediterrania\" \/>\n<meta name=\"twitter:label1\" content=\"Est. reading time\" \/>\n\t<meta name=\"twitter:data1\" content=\"1 minute\" \/>\n<script type=\"application\/ld+json\" class=\"yoast-schema-graph\">{\"@context\":\"https:\/\/schema.org\",\"@graph\":[{\"@type\":\"WebPage\",\"@id\":\"https:\/\/editorialmediterrania.com\/en\/product\/olivia-una-canco-contada-de-the-tyets\/\",\"url\":\"https:\/\/editorialmediterrania.com\/en\/product\/olivia-una-canco-contada-de-the-tyets\/\",\"name\":\"Ol\u00edvia. Una can\u00e7\u00f3 contada de The Tyets - Editorial Mediterr\u00e0nia\",\"isPartOf\":{\"@id\":\"https:\/\/editorialmediterrania.com\/en\/#website\"},\"primaryImageOfPage\":{\"@id\":\"https:\/\/editorialmediterrania.com\/en\/product\/olivia-una-canco-contada-de-the-tyets\/#primaryimage\"},\"image\":{\"@id\":\"https:\/\/editorialmediterrania.com\/en\/product\/olivia-una-canco-contada-de-the-tyets\/#primaryimage\"},\"thumbnailUrl\":\"https:\/\/editorialmediterrania.com\/wp-content\/uploads\/2024\/02\/Mockup_Olivia.png\",\"datePublished\":\"2024-02-20T08:08:30+00:00\",\"dateModified\":\"2026-02-13T10:23:01+00:00\",\"description\":\"Ol\u00edvia, una can\u00e7\u00f3 contada de The Tyets que celebra les noves etapes de la vida quan arriba un nou membre a la fam\u00edlia i els valors de la mateixa.\",\"breadcrumb\":{\"@id\":\"https:\/\/editorialmediterrania.com\/en\/product\/olivia-una-canco-contada-de-the-tyets\/#breadcrumb\"},\"inLanguage\":\"en-US\",\"potentialAction\":[{\"@type\":\"ReadAction\",\"target\":[\"https:\/\/editorialmediterrania.com\/en\/product\/olivia-una-canco-contada-de-the-tyets\/\"]}]},{\"@type\":\"ImageObject\",\"inLanguage\":\"en-US\",\"@id\":\"https:\/\/editorialmediterrania.com\/en\/product\/olivia-una-canco-contada-de-the-tyets\/#primaryimage\",\"url\":\"https:\/\/editorialmediterrania.com\/wp-content\/uploads\/2024\/02\/Mockup_Olivia.png\",\"contentUrl\":\"https:\/\/editorialmediterrania.com\/wp-content\/uploads\/2024\/02\/Mockup_Olivia.png\",\"width\":1190,\"height\":1190,\"caption\":\"ol\u00edvia the tyets\"},{\"@type\":\"BreadcrumbList\",\"@id\":\"https:\/\/editorialmediterrania.com\/en\/product\/olivia-una-canco-contada-de-the-tyets\/#breadcrumb\",\"itemListElement\":[{\"@type\":\"ListItem\",\"position\":1,\"name\":\"Children&#8217;s art book store\",\"item\":\"https:\/\/editorialmediterrania.com\/en\/childrens-art-book-store\/\"},{\"@type\":\"ListItem\",\"position\":2,\"name\":\"Ol\u00edvia. Una can\u00e7\u00f3 contada de The Tyets\"}]},{\"@type\":\"WebSite\",\"@id\":\"https:\/\/editorialmediterrania.com\/en\/#website\",\"url\":\"https:\/\/editorialmediterrania.com\/en\/\",\"name\":\"Editorial Mediterrania\",\"description\":\"Llibres que t\u2019obriran nous mons\",\"publisher\":{\"@id\":\"https:\/\/editorialmediterrania.com\/en\/#organization\"},\"alternateName\":\"Llibres infantils d'art, cultura i natura\",\"potentialAction\":[{\"@type\":\"SearchAction\",\"target\":{\"@type\":\"EntryPoint\",\"urlTemplate\":\"https:\/\/editorialmediterrania.com\/en\/?s={search_term_string}\"},\"query-input\":\"required name=search_term_string\"}],\"inLanguage\":\"en-US\"},{\"@type\":\"Organization\",\"@id\":\"https:\/\/editorialmediterrania.com\/en\/#organization\",\"name\":\"Editorial Mediterrania\",\"alternateName\":\"Llibres d'art, cultura i natura per infants i fam\u00edlies\",\"url\":\"https:\/\/editorialmediterrania.com\/en\/\",\"logo\":{\"@type\":\"ImageObject\",\"inLanguage\":\"en-US\",\"@id\":\"https:\/\/editorialmediterrania.com\/en\/#\/schema\/logo\/image\/\",\"url\":\"https:\/\/editorialmediterrania.com\/wp-content\/uploads\/2023\/03\/LOGO-ED_MEDITERRANIA_OK-2.png\",\"contentUrl\":\"https:\/\/editorialmediterrania.com\/wp-content\/uploads\/2023\/03\/LOGO-ED_MEDITERRANIA_OK-2.png\",\"width\":1200,\"height\":300,\"caption\":\"Editorial Mediterrania\"},\"image\":{\"@id\":\"https:\/\/editorialmediterrania.com\/en\/#\/schema\/logo\/image\/\"},\"sameAs\":[\"https:\/\/x.com\/edmediterrania\",\"https:\/\/www.instagram.com\/editorialmediterrania\/\"]}]}<\/script>\n<!-- \/ Yoast SEO plugin. -->","yoast_head_json":{"title":"Ol\u00edvia. Una can\u00e7\u00f3 contada de The Tyets - Editorial Mediterr\u00e0nia","description":"Ol\u00edvia, una can\u00e7\u00f3 contada de The Tyets que celebra les noves etapes de la vida quan arriba un nou membre a la fam\u00edlia i els valors de la mateixa.","robots":{"index":"index","follow":"follow","max-snippet":"max-snippet:-1","max-image-preview":"max-image-preview:large","max-video-preview":"max-video-preview:-1"},"canonical":"https:\/\/editorialmediterrania.com\/en\/product\/olivia-una-canco-contada-de-the-tyets\/","og_locale":"en_US","og_type":"article","og_title":"Ol\u00edvia. Una can\u00e7\u00f3 contada de The Tyets - Editorial Mediterr\u00e0nia","og_description":"Ol\u00edvia, una can\u00e7\u00f3 contada de The Tyets que celebra les noves etapes de la vida quan arriba un nou membre a la fam\u00edlia i els valors de la mateixa.","og_url":"https:\/\/editorialmediterrania.com\/en\/product\/olivia-una-canco-contada-de-the-tyets\/","og_site_name":"Editorial Mediterr\u00e0nia","article_modified_time":"2026-02-13T10:23:01+00:00","og_image":[{"width":1190,"height":1190,"url":"https:\/\/editorialmediterrania.com\/wp-content\/uploads\/2024\/02\/Mockup_Olivia.png","type":"image\/png"}],"twitter_card":"summary_large_image","twitter_site":"@edmediterrania","twitter_misc":{"Est. reading time":"1 minute"},"schema":{"@context":"https:\/\/schema.org","@graph":[{"@type":"WebPage","@id":"https:\/\/editorialmediterrania.com\/en\/product\/olivia-una-canco-contada-de-the-tyets\/","url":"https:\/\/editorialmediterrania.com\/en\/product\/olivia-una-canco-contada-de-the-tyets\/","name":"Ol\u00edvia. Una can\u00e7\u00f3 contada de The Tyets - Editorial Mediterr\u00e0nia","isPartOf":{"@id":"https:\/\/editorialmediterrania.com\/en\/#website"},"primaryImageOfPage":{"@id":"https:\/\/editorialmediterrania.com\/en\/product\/olivia-una-canco-contada-de-the-tyets\/#primaryimage"},"image":{"@id":"https:\/\/editorialmediterrania.com\/en\/product\/olivia-una-canco-contada-de-the-tyets\/#primaryimage"},"thumbnailUrl":"https:\/\/editorialmediterrania.com\/wp-content\/uploads\/2024\/02\/Mockup_Olivia.png","datePublished":"2024-02-20T08:08:30+00:00","dateModified":"2026-02-13T10:23:01+00:00","description":"Ol\u00edvia, una can\u00e7\u00f3 contada de The Tyets que celebra les noves etapes de la vida quan arriba un nou membre a la fam\u00edlia i els valors de la mateixa.","breadcrumb":{"@id":"https:\/\/editorialmediterrania.com\/en\/product\/olivia-una-canco-contada-de-the-tyets\/#breadcrumb"},"inLanguage":"en-US","potentialAction":[{"@type":"ReadAction","target":["https:\/\/editorialmediterrania.com\/en\/product\/olivia-una-canco-contada-de-the-tyets\/"]}]},{"@type":"ImageObject","inLanguage":"en-US","@id":"https:\/\/editorialmediterrania.com\/en\/product\/olivia-una-canco-contada-de-the-tyets\/#primaryimage","url":"https:\/\/editorialmediterrania.com\/wp-content\/uploads\/2024\/02\/Mockup_Olivia.png","contentUrl":"https:\/\/editorialmediterrania.com\/wp-content\/uploads\/2024\/02\/Mockup_Olivia.png","width":1190,"height":1190,"caption":"ol\u00edvia the tyets"},{"@type":"BreadcrumbList","@id":"https:\/\/editorialmediterrania.com\/en\/product\/olivia-una-canco-contada-de-the-tyets\/#breadcrumb","itemListElement":[{"@type":"ListItem","position":1,"name":"Children&#8217;s art book store","item":"https:\/\/editorialmediterrania.com\/en\/childrens-art-book-store\/"},{"@type":"ListItem","position":2,"name":"Ol\u00edvia. Una can\u00e7\u00f3 contada de The Tyets"}]},{"@type":"WebSite","@id":"https:\/\/editorialmediterrania.com\/en\/#website","url":"https:\/\/editorialmediterrania.com\/en\/","name":"Editorial Mediterrania","description":"Llibres que t\u2019obriran nous mons","publisher":{"@id":"https:\/\/editorialmediterrania.com\/en\/#organization"},"alternateName":"Llibres infantils d'art, cultura i natura","potentialAction":[{"@type":"SearchAction","target":{"@type":"EntryPoint","urlTemplate":"https:\/\/editorialmediterrania.com\/en\/?s={search_term_string}"},"query-input":"required name=search_term_string"}],"inLanguage":"en-US"},{"@type":"Organization","@id":"https:\/\/editorialmediterrania.com\/en\/#organization","name":"Editorial Mediterrania","alternateName":"Llibres d'art, cultura i natura per infants i fam\u00edlies","url":"https:\/\/editorialmediterrania.com\/en\/","logo":{"@type":"ImageObject","inLanguage":"en-US","@id":"https:\/\/editorialmediterrania.com\/en\/#\/schema\/logo\/image\/","url":"https:\/\/editorialmediterrania.com\/wp-content\/uploads\/2023\/03\/LOGO-ED_MEDITERRANIA_OK-2.png","contentUrl":"https:\/\/editorialmediterrania.com\/wp-content\/uploads\/2023\/03\/LOGO-ED_MEDITERRANIA_OK-2.png","width":1200,"height":300,"caption":"Editorial Mediterrania"},"image":{"@id":"https:\/\/editorialmediterrania.com\/en\/#\/schema\/logo\/image\/"},"sameAs":["https:\/\/x.com\/edmediterrania","https:\/\/www.instagram.com\/editorialmediterrania\/"]}]}},"_links":{"self":[{"href":"https:\/\/editorialmediterrania.com\/en\/wp-json\/wp\/v2\/product\/42814","targetHints":{"allow":["GET"]}}],"collection":[{"href":"https:\/\/editorialmediterrania.com\/en\/wp-json\/wp\/v2\/product"}],"about":[{"href":"https:\/\/editorialmediterrania.com\/en\/wp-json\/wp\/v2\/types\/product"}],"wp:featuredmedia":[{"embeddable":true,"href":"https:\/\/editorialmediterrania.com\/en\/wp-json\/wp\/v2\/media\/46582"}],"wp:attachment":[{"href":"https:\/\/editorialmediterrania.com\/en\/wp-json\/wp\/v2\/media?parent=42814"}],"wp:term":[{"taxonomy":"product_cat","embeddable":true,"href":"https:\/\/editorialmediterrania.com\/en\/wp-json\/wp\/v2\/product_cat?post=42814"},{"taxonomy":"product_tag","embeddable":true,"href":"https:\/\/editorialmediterrania.com\/en\/wp-json\/wp\/v2\/product_tag?post=42814"},{"taxonomy":"autors","embeddable":true,"href":"https:\/\/editorialmediterrania.com\/en\/wp-json\/wp\/v2\/autors?post=42814"}],"curies":[{"name":"wp","href":"https:\/\/api.w.org\/{rel}","templated":true}]}}