{"id":4436,"date":"2013-02-24T17:50:16","date_gmt":"2013-02-24T16:50:16","guid":{"rendered":"http:\/\/editorialmediterraneatest.grupoormo.com\/?post_type=product&#038;p=4436"},"modified":"2024-09-16T09:54:05","modified_gmt":"2024-09-16T07:54:05","slug":"petita-historia-dels-documents-confiscats-a-catalunya","status":"publish","type":"product","link":"https:\/\/editorialmediterrania.com\/en\/product\/petita-historia-dels-documents-confiscats-a-catalunya\/","title":{"rendered":"Petita Hist\u00f2ria dels documents confiscats a Catalunya"},"content":{"rendered":"<p>Aquest llibre infantil explica als nens i nenes, de manera amena per\u00f2 rigorosa, les vicissituds que van seguir molts documents de Catalunya que van ser arrabassats als seus titulars durant la \u201cLiberaci\u00f3n Nacional\u201d fins al seu retorn a casa.<\/p>\n<p>La col\u00b7lecci\u00f3 de llibres infantils\u00a0<a href=\"http:\/\/localhost:8888\/mediterrania\/\/coleccions\/infantil-juvenil-i-families\/col-leccions\/petites-histories\/\">Petites hist\u00f2ries<\/a>\u00a0compta amb m\u00e9s de 330 t\u00edtols diferents, tots ells il\u00b7lustrats per Pilar\u00edn Bay\u00e9s. Gr\u00e0cies a aquesta col\u00b7lecci\u00f3, els nens i nenes de diverses generacions han pogut con\u00e8ixer els artistes, tradicions i indrets m\u00e9s destacats del nostre pa\u00eds, de manera divertida i amena.<\/p>\n","protected":false},"excerpt":{"rendered":"<p>Aquesta perita hist\u00f2ria explica als nens i nenes, de manera amena per\u00f2 rigorosa, les vicissituds que van seguir molts documents de Catalunya que van ser arrabassats als seus titulars durant la \u201cLiberaci\u00f3n Nacional\u201d fins al seu retorn a casa.<\/p>\n","protected":false},"featured_media":15173,"template":"","meta":[],"product_cat":[16,73],"product_tag":[5910,377,5912,1218,4362],"autors":[],"class_list":{"0":"post-4436","1":"product","2":"type-product","3":"status-publish","4":"has-post-thumbnail","6":"product_cat-editorial-mediterrania","7":"product_cat-petites-histories","8":"product_tag-contes-infantils","9":"product_tag-llibre-infantil","10":"product_tag-llibres-il-lustrats","11":"product_tag-llibres-infantils","12":"product_tag-pilarin-bayes","14":"first","15":"outofstock","16":"purchasable","17":"product-type-simple","swatches":"rey-swatches","show_selected":""},"acf":[],"yoast_head":"<!-- This site is optimized with the Yoast SEO plugin v22.8 - https:\/\/yoast.com\/wordpress\/plugins\/seo\/ -->\n<title>Petita Hist\u00f2ria documents confiscats Catalunya - Ed. Mediterr\u00e0nia<\/title>\n<meta name=\"description\" content=\"Llibre infantil educatiu petita hist\u00f2ria sobre els documents confiscats a Catalunya durant la Guerra Civil i el Franquisme per a nens i nenes de 8 a 12 anys\" \/>\n<meta name=\"robots\" content=\"index, follow, max-snippet:-1, max-image-preview:large, max-video-preview:-1\" \/>\n<link rel=\"canonical\" href=\"https:\/\/editorialmediterrania.com\/en\/product\/petita-historia-dels-documents-confiscats-a-catalunya\/\" \/>\n<meta property=\"og:locale\" content=\"en_US\" \/>\n<meta property=\"og:type\" content=\"article\" \/>\n<meta property=\"og:title\" content=\"Petita Hist\u00f2ria documents confiscats Catalunya - Ed. Mediterr\u00e0nia\" \/>\n<meta property=\"og:description\" content=\"Llibre infantil educatiu petita hist\u00f2ria sobre els documents confiscats a Catalunya durant la Guerra Civil i el Franquisme per a nens i nenes de 8 a 12 anys\" \/>\n<meta property=\"og:url\" content=\"https:\/\/editorialmediterrania.com\/en\/product\/petita-historia-dels-documents-confiscats-a-catalunya\/\" \/>\n<meta property=\"og:site_name\" content=\"Editorial Mediterr\u00e0nia\" \/>\n<meta property=\"article:modified_time\" content=\"2024-09-16T07:54:05+00:00\" \/>\n<meta property=\"og:image\" content=\"https:\/\/editorialmediterrania.com\/wp-content\/uploads\/2013\/02\/237-Docs-confiscats-a-Catalunya-325x390.jpg\" \/>\n\t<meta property=\"og:image:width\" content=\"325\" \/>\n\t<meta property=\"og:image:height\" content=\"390\" \/>\n\t<meta property=\"og:image:type\" content=\"image\/jpeg\" \/>\n<meta name=\"twitter:card\" content=\"summary_large_image\" \/>\n<meta name=\"twitter:site\" content=\"@edmediterrania\" \/>\n<meta name=\"twitter:label1\" content=\"Est. reading time\" \/>\n\t<meta name=\"twitter:data1\" content=\"1 minute\" \/>\n<script type=\"application\/ld+json\" class=\"yoast-schema-graph\">{\"@context\":\"https:\/\/schema.org\",\"@graph\":[{\"@type\":\"WebPage\",\"@id\":\"https:\/\/editorialmediterrania.com\/en\/product\/petita-historia-dels-documents-confiscats-a-catalunya\/\",\"url\":\"https:\/\/editorialmediterrania.com\/en\/product\/petita-historia-dels-documents-confiscats-a-catalunya\/\",\"name\":\"Petita Hist\u00f2ria documents confiscats Catalunya - Ed. Mediterr\u00e0nia\",\"isPartOf\":{\"@id\":\"https:\/\/editorialmediterrania.com\/en\/#website\"},\"primaryImageOfPage\":{\"@id\":\"https:\/\/editorialmediterrania.com\/en\/product\/petita-historia-dels-documents-confiscats-a-catalunya\/#primaryimage\"},\"image\":{\"@id\":\"https:\/\/editorialmediterrania.com\/en\/product\/petita-historia-dels-documents-confiscats-a-catalunya\/#primaryimage\"},\"thumbnailUrl\":\"https:\/\/editorialmediterrania.com\/wp-content\/uploads\/2013\/02\/237-Docs-confiscats-a-Catalunya-325x390.jpg\",\"datePublished\":\"2013-02-24T16:50:16+00:00\",\"dateModified\":\"2024-09-16T07:54:05+00:00\",\"description\":\"Llibre infantil educatiu petita hist\u00f2ria sobre els documents confiscats a Catalunya durant la Guerra Civil i el Franquisme per a nens i nenes de 8 a 12 anys\",\"breadcrumb\":{\"@id\":\"https:\/\/editorialmediterrania.com\/en\/product\/petita-historia-dels-documents-confiscats-a-catalunya\/#breadcrumb\"},\"inLanguage\":\"en-US\",\"potentialAction\":[{\"@type\":\"ReadAction\",\"target\":[\"https:\/\/editorialmediterrania.com\/en\/product\/petita-historia-dels-documents-confiscats-a-catalunya\/\"]}]},{\"@type\":\"ImageObject\",\"inLanguage\":\"en-US\",\"@id\":\"https:\/\/editorialmediterrania.com\/en\/product\/petita-historia-dels-documents-confiscats-a-catalunya\/#primaryimage\",\"url\":\"https:\/\/editorialmediterrania.com\/wp-content\/uploads\/2013\/02\/237-Docs-confiscats-a-Catalunya-325x390.jpg\",\"contentUrl\":\"https:\/\/editorialmediterrania.com\/wp-content\/uploads\/2013\/02\/237-Docs-confiscats-a-Catalunya-325x390.jpg\",\"width\":325,\"height\":390,\"caption\":\"Petita hist\u00f2ria dels documents confiscats a Catalu\u00f1a - Editorial Mediterr\u00e0nia\"},{\"@type\":\"BreadcrumbList\",\"@id\":\"https:\/\/editorialmediterrania.com\/en\/product\/petita-historia-dels-documents-confiscats-a-catalunya\/#breadcrumb\",\"itemListElement\":[{\"@type\":\"ListItem\",\"position\":1,\"name\":\"Children&#8217;s art book store\",\"item\":\"https:\/\/editorialmediterrania.com\/en\/childrens-art-book-store\/\"},{\"@type\":\"ListItem\",\"position\":2,\"name\":\"Petita Hist\u00f2ria dels documents confiscats a Catalunya\"}]},{\"@type\":\"WebSite\",\"@id\":\"https:\/\/editorialmediterrania.com\/en\/#website\",\"url\":\"https:\/\/editorialmediterrania.com\/en\/\",\"name\":\"Editorial Mediterrania\",\"description\":\"Llibres que t\u2019obriran nous mons\",\"publisher\":{\"@id\":\"https:\/\/editorialmediterrania.com\/en\/#organization\"},\"alternateName\":\"Llibres infantils d'art, cultura i natura\",\"potentialAction\":[{\"@type\":\"SearchAction\",\"target\":{\"@type\":\"EntryPoint\",\"urlTemplate\":\"https:\/\/editorialmediterrania.com\/en\/?s={search_term_string}\"},\"query-input\":\"required name=search_term_string\"}],\"inLanguage\":\"en-US\"},{\"@type\":\"Organization\",\"@id\":\"https:\/\/editorialmediterrania.com\/en\/#organization\",\"name\":\"Editorial Mediterrania\",\"alternateName\":\"Llibres d'art, cultura i natura per infants i fam\u00edlies\",\"url\":\"https:\/\/editorialmediterrania.com\/en\/\",\"logo\":{\"@type\":\"ImageObject\",\"inLanguage\":\"en-US\",\"@id\":\"https:\/\/editorialmediterrania.com\/en\/#\/schema\/logo\/image\/\",\"url\":\"https:\/\/editorialmediterrania.com\/wp-content\/uploads\/2023\/03\/LOGO-ED_MEDITERRANIA_OK-2.png\",\"contentUrl\":\"https:\/\/editorialmediterrania.com\/wp-content\/uploads\/2023\/03\/LOGO-ED_MEDITERRANIA_OK-2.png\",\"width\":1200,\"height\":300,\"caption\":\"Editorial Mediterrania\"},\"image\":{\"@id\":\"https:\/\/editorialmediterrania.com\/en\/#\/schema\/logo\/image\/\"},\"sameAs\":[\"https:\/\/x.com\/edmediterrania\",\"https:\/\/www.instagram.com\/editorialmediterrania\/\"]}]}<\/script>\n<!-- \/ Yoast SEO plugin. -->","yoast_head_json":{"title":"Petita Hist\u00f2ria documents confiscats Catalunya - Ed. Mediterr\u00e0nia","description":"Llibre infantil educatiu petita hist\u00f2ria sobre els documents confiscats a Catalunya durant la Guerra Civil i el Franquisme per a nens i nenes de 8 a 12 anys","robots":{"index":"index","follow":"follow","max-snippet":"max-snippet:-1","max-image-preview":"max-image-preview:large","max-video-preview":"max-video-preview:-1"},"canonical":"https:\/\/editorialmediterrania.com\/en\/product\/petita-historia-dels-documents-confiscats-a-catalunya\/","og_locale":"en_US","og_type":"article","og_title":"Petita Hist\u00f2ria documents confiscats Catalunya - Ed. Mediterr\u00e0nia","og_description":"Llibre infantil educatiu petita hist\u00f2ria sobre els documents confiscats a Catalunya durant la Guerra Civil i el Franquisme per a nens i nenes de 8 a 12 anys","og_url":"https:\/\/editorialmediterrania.com\/en\/product\/petita-historia-dels-documents-confiscats-a-catalunya\/","og_site_name":"Editorial Mediterr\u00e0nia","article_modified_time":"2024-09-16T07:54:05+00:00","og_image":[{"width":325,"height":390,"url":"https:\/\/editorialmediterrania.com\/wp-content\/uploads\/2013\/02\/237-Docs-confiscats-a-Catalunya-325x390.jpg","type":"image\/jpeg"}],"twitter_card":"summary_large_image","twitter_site":"@edmediterrania","twitter_misc":{"Est. reading time":"1 minute"},"schema":{"@context":"https:\/\/schema.org","@graph":[{"@type":"WebPage","@id":"https:\/\/editorialmediterrania.com\/en\/product\/petita-historia-dels-documents-confiscats-a-catalunya\/","url":"https:\/\/editorialmediterrania.com\/en\/product\/petita-historia-dels-documents-confiscats-a-catalunya\/","name":"Petita Hist\u00f2ria documents confiscats Catalunya - Ed. Mediterr\u00e0nia","isPartOf":{"@id":"https:\/\/editorialmediterrania.com\/en\/#website"},"primaryImageOfPage":{"@id":"https:\/\/editorialmediterrania.com\/en\/product\/petita-historia-dels-documents-confiscats-a-catalunya\/#primaryimage"},"image":{"@id":"https:\/\/editorialmediterrania.com\/en\/product\/petita-historia-dels-documents-confiscats-a-catalunya\/#primaryimage"},"thumbnailUrl":"https:\/\/editorialmediterrania.com\/wp-content\/uploads\/2013\/02\/237-Docs-confiscats-a-Catalunya-325x390.jpg","datePublished":"2013-02-24T16:50:16+00:00","dateModified":"2024-09-16T07:54:05+00:00","description":"Llibre infantil educatiu petita hist\u00f2ria sobre els documents confiscats a Catalunya durant la Guerra Civil i el Franquisme per a nens i nenes de 8 a 12 anys","breadcrumb":{"@id":"https:\/\/editorialmediterrania.com\/en\/product\/petita-historia-dels-documents-confiscats-a-catalunya\/#breadcrumb"},"inLanguage":"en-US","potentialAction":[{"@type":"ReadAction","target":["https:\/\/editorialmediterrania.com\/en\/product\/petita-historia-dels-documents-confiscats-a-catalunya\/"]}]},{"@type":"ImageObject","inLanguage":"en-US","@id":"https:\/\/editorialmediterrania.com\/en\/product\/petita-historia-dels-documents-confiscats-a-catalunya\/#primaryimage","url":"https:\/\/editorialmediterrania.com\/wp-content\/uploads\/2013\/02\/237-Docs-confiscats-a-Catalunya-325x390.jpg","contentUrl":"https:\/\/editorialmediterrania.com\/wp-content\/uploads\/2013\/02\/237-Docs-confiscats-a-Catalunya-325x390.jpg","width":325,"height":390,"caption":"Petita hist\u00f2ria dels documents confiscats a Catalu\u00f1a - Editorial Mediterr\u00e0nia"},{"@type":"BreadcrumbList","@id":"https:\/\/editorialmediterrania.com\/en\/product\/petita-historia-dels-documents-confiscats-a-catalunya\/#breadcrumb","itemListElement":[{"@type":"ListItem","position":1,"name":"Children&#8217;s art book store","item":"https:\/\/editorialmediterrania.com\/en\/childrens-art-book-store\/"},{"@type":"ListItem","position":2,"name":"Petita Hist\u00f2ria dels documents confiscats a Catalunya"}]},{"@type":"WebSite","@id":"https:\/\/editorialmediterrania.com\/en\/#website","url":"https:\/\/editorialmediterrania.com\/en\/","name":"Editorial Mediterrania","description":"Llibres que t\u2019obriran nous mons","publisher":{"@id":"https:\/\/editorialmediterrania.com\/en\/#organization"},"alternateName":"Llibres infantils d'art, cultura i natura","potentialAction":[{"@type":"SearchAction","target":{"@type":"EntryPoint","urlTemplate":"https:\/\/editorialmediterrania.com\/en\/?s={search_term_string}"},"query-input":"required name=search_term_string"}],"inLanguage":"en-US"},{"@type":"Organization","@id":"https:\/\/editorialmediterrania.com\/en\/#organization","name":"Editorial Mediterrania","alternateName":"Llibres d'art, cultura i natura per infants i fam\u00edlies","url":"https:\/\/editorialmediterrania.com\/en\/","logo":{"@type":"ImageObject","inLanguage":"en-US","@id":"https:\/\/editorialmediterrania.com\/en\/#\/schema\/logo\/image\/","url":"https:\/\/editorialmediterrania.com\/wp-content\/uploads\/2023\/03\/LOGO-ED_MEDITERRANIA_OK-2.png","contentUrl":"https:\/\/editorialmediterrania.com\/wp-content\/uploads\/2023\/03\/LOGO-ED_MEDITERRANIA_OK-2.png","width":1200,"height":300,"caption":"Editorial Mediterrania"},"image":{"@id":"https:\/\/editorialmediterrania.com\/en\/#\/schema\/logo\/image\/"},"sameAs":["https:\/\/x.com\/edmediterrania","https:\/\/www.instagram.com\/editorialmediterrania\/"]}]}},"_links":{"self":[{"href":"https:\/\/editorialmediterrania.com\/en\/wp-json\/wp\/v2\/product\/4436","targetHints":{"allow":["GET"]}}],"collection":[{"href":"https:\/\/editorialmediterrania.com\/en\/wp-json\/wp\/v2\/product"}],"about":[{"href":"https:\/\/editorialmediterrania.com\/en\/wp-json\/wp\/v2\/types\/product"}],"wp:featuredmedia":[{"embeddable":true,"href":"https:\/\/editorialmediterrania.com\/en\/wp-json\/wp\/v2\/media\/15173"}],"wp:attachment":[{"href":"https:\/\/editorialmediterrania.com\/en\/wp-json\/wp\/v2\/media?parent=4436"}],"wp:term":[{"taxonomy":"product_cat","embeddable":true,"href":"https:\/\/editorialmediterrania.com\/en\/wp-json\/wp\/v2\/product_cat?post=4436"},{"taxonomy":"product_tag","embeddable":true,"href":"https:\/\/editorialmediterrania.com\/en\/wp-json\/wp\/v2\/product_tag?post=4436"},{"taxonomy":"autors","embeddable":true,"href":"https:\/\/editorialmediterrania.com\/en\/wp-json\/wp\/v2\/autors?post=4436"}],"curies":[{"name":"wp","href":"https:\/\/api.w.org\/{rel}","templated":true}]}}