{"id":44607,"date":"2024-08-02T09:57:48","date_gmt":"2024-08-02T07:57:48","guid":{"rendered":"https:\/\/editorialmediterrania.com\/?post_type=product&#038;p=44607"},"modified":"2025-12-01T12:51:03","modified_gmt":"2025-12-01T11:51:03","slug":"el-joc-de-terrassa","status":"publish","type":"product","link":"https:\/\/editorialmediterrania.com\/en\/product\/el-joc-de-terrassa\/","title":{"rendered":"TERRASSA PAM A PAM"},"content":{"rendered":"<p class=\"cvGsUA direction-ltr align-justify para-style-body\"><span class=\"OYPEnA font-feature-liga-off font-feature-clig-off font-feature-calt-off text-decoration-none text-strikethrough-none\"><strong>El joc de Terrassa<\/strong> desafiar\u00e0 als participants a respondre <strong>preguntes, fer m\u00edmica i dibuixar sobre art, cultura i natura de la ciutat de Terrassa.<\/strong> Est\u00e0 dissenyat per jugar <\/span><span class=\"OYPEnA font-feature-liga-off font-feature-clig-off font-feature-calt-off text-decoration-none text-strikethrough-none\">a partir de 4 jugadors<\/span><span class=\"OYPEnA font-feature-liga-off font-feature-clig-off font-feature-calt-off text-decoration-none text-strikethrough-none\"> i permet participar en equip si es vol, fent-lo perfecte per a reunions familiars i trobades amb amics. <strong>Es compon de <\/strong><\/span><strong><span class=\"OYPEnA font-feature-liga-off font-feature-clig-off font-feature-calt-off text-decoration-none text-strikethrough-none\">180 preguntes<\/span><span class=\"OYPEnA font-feature-liga-off font-feature-clig-off font-feature-calt-off text-decoration-none text-strikethrough-none\">, dividides en tres categories amb 60 preguntes cadascuna: A<\/span><span class=\"OYPEnA font-feature-liga-off font-feature-clig-off font-feature-calt-off text-decoration-none text-strikethrough-none\">rt i cultura, Comer\u00e7 i ciutat, i Natura i entorn.<\/span><\/strong><\/p>\n<p class=\"cvGsUA direction-ltr align-justify para-style-body\"><span class=\"OYPEnA font-feature-liga-off font-feature-clig-off font-feature-calt-off text-decoration-none text-strikethrough-none\">Les preguntes d&#8217;art i cultura poden incloure reptes com descriure la dansa tradicional que es <strong>balla per Festa Major<\/strong> o endevinar el nom de les <strong>colles castelleres de la ciutat<\/strong>. Tamb\u00e9 hauran de dibuixar la<strong> Masia Freixa,<\/strong> l&#8217;obra m\u00e9s famosa de l&#8217;arquitecte modernista<strong> Llu\u00eds Muncunill,<\/strong> per tal que ho endevini la resta de l\u2019equip.<\/span><\/p>\n<p class=\"cvGsUA direction-ltr align-justify para-style-body\"><span class=\"OYPEnA font-feature-liga-off font-feature-clig-off font-feature-calt-off text-decoration-none text-strikethrough-none\">El joc inclou <\/span><span class=\"OYPEnA font-feature-liga-off font-feature-clig-off font-feature-calt-off text-decoration-none text-strikethrough-none\">un tauler,<strong> 1 dau, 180 preguntes i 6 fitxes de colors,<\/strong><\/span><span class=\"OYPEnA font-feature-liga-off font-feature-clig-off font-feature-calt-off text-decoration-none text-strikethrough-none\"> permetent una experi\u00e8ncia de joc visualment atractiva i interactiva. Les il\u00b7lustracions<\/span><strong><span class=\"OYPEnA font-feature-liga-off font-feature-clig-off font-feature-calt-off text-decoration-none text-strikethrough-none\"> d&#8217;Imma Mestre <\/span><\/strong><span class=\"OYPEnA font-feature-liga-off font-feature-clig-off font-feature-calt-off text-decoration-none text-strikethrough-none\">afegeixen un toc art\u00edstic, ressaltant la bellesa i l&#8217;encant de <strong>Terrassa<\/strong>. Amb aquest joc, no nom\u00e9s els participants passaran una gran vetllada, sin\u00f3 que tamb\u00e9 descobriran aspectes fascinants de la seva ciutat i enriquiran el seu coneixement sobre ella.<\/span><\/p>\n<p class=\"cvGsUA direction-ltr align-justify para-style-body\"><span class=\"OYPEnA font-feature-liga-off font-feature-clig-off font-feature-calt-off text-decoration-none text-strikethrough-none\">La clau del joc \u00e9s jugar amb sentiment de pertinen\u00e7a i demostrar tot el qu\u00e8 se sap de la ciutat. En cas de ser nouvingut, les rialles i aprenentatge hi estan assegurats. El joc \u00e9s<\/span> <span class=\"OYPEnA font-feature-liga-off font-feature-clig-off font-feature-calt-off text-decoration-none text-strikethrough-none\">una experi\u00e8ncia l\u00fadica i educativa que connecta les persones a trav\u00e9s del joc i l&#8217;aprenentatge, tot celebrant l&#8217;esperit i la <strong>cultura de Terrassa.<\/strong><\/span><\/p>\n<p class=\"cvGsUA direction-ltr align-justify para-style-body\"><span class=\"OYPEnA font-feature-liga-off font-feature-clig-off font-feature-calt-off text-decoration-none text-strikethrough-none\">Per qui sent <strong>l\u2019orgull terrassenc<\/strong> sota la pell, l\u2019arribada del joc ja \u00e9s un imprescindible al seu prestatge i com a regal per aquest Nadal.<\/span><\/p>\n<p>Vols m\u00e9s territoris?! Tamb\u00e9 tindr\u00e0s la oportunitat de ser expert\/ta en <strong>Andorra, el territori de Lleida i ciutat de <a href=\"https:\/\/editorialmediterrania.com\/en\/product\/el-joc-de-girona\/\">Girona<\/a><\/strong>!<\/p>\n","protected":false},"excerpt":{"rendered":"<p><strong>DINS LA CAPSA HI TROBAR\u00c0S:<\/strong><\/p>\n<ul>\n<li>6 FITXES<\/li>\n<li>1 DAU<\/li>\n<li>180 TARGETES<\/li>\n<li>1 TAULELL<\/li>\n<li>INSTRUCCIONS DEL JOC<\/li>\n<\/ul>\n<p><strong>MIDES:<\/strong> 16,5cm x 16,5 cm x 5cm<\/p>\n","protected":false},"featured_media":47734,"template":"","meta":[],"product_cat":[6531],"product_tag":[],"autors":[],"class_list":{"0":"post-44607","1":"product","2":"type-product","3":"status-publish","4":"has-post-thumbnail","6":"product_cat-mediterrania-games","8":"first","9":"instock","10":"taxable","11":"shipping-taxable","12":"purchasable","13":"product-type-simple","swatches":"rey-swatches","show_selected":""},"acf":[],"yoast_head":"<!-- This site is optimized with the Yoast SEO plugin v22.8 - https:\/\/yoast.com\/wordpress\/plugins\/seo\/ -->\n<title>TERRASSA PAM A PAM - Editorial Mediterr\u00e0nia<\/title>\n<meta name=\"description\" content=\"Converteix-te en un expert\/a de la ciutat de Terrassa. Un joc on aprendr\u00e0s tot sobre la teva ciutat. Juga en fam\u00edlia o amics!\" \/>\n<meta name=\"robots\" content=\"index, follow, max-snippet:-1, max-image-preview:large, max-video-preview:-1\" \/>\n<link rel=\"canonical\" href=\"https:\/\/editorialmediterrania.com\/en\/product\/el-joc-de-terrassa\/\" \/>\n<meta property=\"og:locale\" content=\"en_US\" \/>\n<meta property=\"og:type\" content=\"article\" \/>\n<meta property=\"og:title\" content=\"TERRASSA PAM A PAM - Editorial Mediterr\u00e0nia\" \/>\n<meta property=\"og:description\" content=\"Converteix-te en un expert\/a de la ciutat de Terrassa. Un joc on aprendr\u00e0s tot sobre la teva ciutat. Juga en fam\u00edlia o amics!\" \/>\n<meta property=\"og:url\" content=\"https:\/\/editorialmediterrania.com\/en\/product\/el-joc-de-terrassa\/\" \/>\n<meta property=\"og:site_name\" content=\"Editorial Mediterr\u00e0nia\" \/>\n<meta property=\"article:modified_time\" content=\"2025-12-01T11:51:03+00:00\" \/>\n<meta property=\"og:image\" content=\"https:\/\/editorialmediterrania.com\/wp-content\/uploads\/2024\/08\/Pam-a-Pam-Terrassa-Transparente-con-sombra-1024x742.png\" \/>\n\t<meta property=\"og:image:width\" content=\"1024\" \/>\n\t<meta property=\"og:image:height\" content=\"742\" \/>\n\t<meta property=\"og:image:type\" content=\"image\/png\" \/>\n<meta name=\"twitter:card\" content=\"summary_large_image\" \/>\n<meta name=\"twitter:site\" content=\"@edmediterrania\" \/>\n<meta name=\"twitter:label1\" content=\"Est. reading time\" \/>\n\t<meta name=\"twitter:data1\" content=\"1 minute\" \/>\n<script type=\"application\/ld+json\" class=\"yoast-schema-graph\">{\"@context\":\"https:\/\/schema.org\",\"@graph\":[{\"@type\":\"WebPage\",\"@id\":\"https:\/\/editorialmediterrania.com\/en\/product\/el-joc-de-terrassa\/\",\"url\":\"https:\/\/editorialmediterrania.com\/en\/product\/el-joc-de-terrassa\/\",\"name\":\"TERRASSA PAM A PAM - Editorial Mediterr\u00e0nia\",\"isPartOf\":{\"@id\":\"https:\/\/editorialmediterrania.com\/en\/#website\"},\"primaryImageOfPage\":{\"@id\":\"https:\/\/editorialmediterrania.com\/en\/product\/el-joc-de-terrassa\/#primaryimage\"},\"image\":{\"@id\":\"https:\/\/editorialmediterrania.com\/en\/product\/el-joc-de-terrassa\/#primaryimage\"},\"thumbnailUrl\":\"https:\/\/editorialmediterrania.com\/wp-content\/uploads\/2024\/08\/Pam-a-Pam-Terrassa-Transparente-con-sombra.png\",\"datePublished\":\"2024-08-02T07:57:48+00:00\",\"dateModified\":\"2025-12-01T11:51:03+00:00\",\"description\":\"Converteix-te en un expert\/a de la ciutat de Terrassa. Un joc on aprendr\u00e0s tot sobre la teva ciutat. Juga en fam\u00edlia o amics!\",\"breadcrumb\":{\"@id\":\"https:\/\/editorialmediterrania.com\/en\/product\/el-joc-de-terrassa\/#breadcrumb\"},\"inLanguage\":\"en-US\",\"potentialAction\":[{\"@type\":\"ReadAction\",\"target\":[\"https:\/\/editorialmediterrania.com\/en\/product\/el-joc-de-terrassa\/\"]}]},{\"@type\":\"ImageObject\",\"inLanguage\":\"en-US\",\"@id\":\"https:\/\/editorialmediterrania.com\/en\/product\/el-joc-de-terrassa\/#primaryimage\",\"url\":\"https:\/\/editorialmediterrania.com\/wp-content\/uploads\/2024\/08\/Pam-a-Pam-Terrassa-Transparente-con-sombra.png\",\"contentUrl\":\"https:\/\/editorialmediterrania.com\/wp-content\/uploads\/2024\/08\/Pam-a-Pam-Terrassa-Transparente-con-sombra.png\",\"width\":4387,\"height\":3177},{\"@type\":\"BreadcrumbList\",\"@id\":\"https:\/\/editorialmediterrania.com\/en\/product\/el-joc-de-terrassa\/#breadcrumb\",\"itemListElement\":[{\"@type\":\"ListItem\",\"position\":1,\"name\":\"Children&#8217;s art book store\",\"item\":\"https:\/\/editorialmediterrania.com\/en\/childrens-art-book-store\/\"},{\"@type\":\"ListItem\",\"position\":2,\"name\":\"TERRASSA PAM A PAM\"}]},{\"@type\":\"WebSite\",\"@id\":\"https:\/\/editorialmediterrania.com\/en\/#website\",\"url\":\"https:\/\/editorialmediterrania.com\/en\/\",\"name\":\"Editorial Mediterrania\",\"description\":\"Llibres que t\u2019obriran nous mons\",\"publisher\":{\"@id\":\"https:\/\/editorialmediterrania.com\/en\/#organization\"},\"alternateName\":\"Llibres infantils d'art, cultura i natura\",\"potentialAction\":[{\"@type\":\"SearchAction\",\"target\":{\"@type\":\"EntryPoint\",\"urlTemplate\":\"https:\/\/editorialmediterrania.com\/en\/?s={search_term_string}\"},\"query-input\":\"required name=search_term_string\"}],\"inLanguage\":\"en-US\"},{\"@type\":\"Organization\",\"@id\":\"https:\/\/editorialmediterrania.com\/en\/#organization\",\"name\":\"Editorial Mediterrania\",\"alternateName\":\"Llibres d'art, cultura i natura per infants i fam\u00edlies\",\"url\":\"https:\/\/editorialmediterrania.com\/en\/\",\"logo\":{\"@type\":\"ImageObject\",\"inLanguage\":\"en-US\",\"@id\":\"https:\/\/editorialmediterrania.com\/en\/#\/schema\/logo\/image\/\",\"url\":\"https:\/\/editorialmediterrania.com\/wp-content\/uploads\/2023\/03\/LOGO-ED_MEDITERRANIA_OK-2.png\",\"contentUrl\":\"https:\/\/editorialmediterrania.com\/wp-content\/uploads\/2023\/03\/LOGO-ED_MEDITERRANIA_OK-2.png\",\"width\":1200,\"height\":300,\"caption\":\"Editorial Mediterrania\"},\"image\":{\"@id\":\"https:\/\/editorialmediterrania.com\/en\/#\/schema\/logo\/image\/\"},\"sameAs\":[\"https:\/\/x.com\/edmediterrania\",\"https:\/\/www.instagram.com\/editorialmediterrania\/\"]}]}<\/script>\n<!-- \/ Yoast SEO plugin. -->","yoast_head_json":{"title":"TERRASSA PAM A PAM - Editorial Mediterr\u00e0nia","description":"Converteix-te en un expert\/a de la ciutat de Terrassa. Un joc on aprendr\u00e0s tot sobre la teva ciutat. Juga en fam\u00edlia o amics!","robots":{"index":"index","follow":"follow","max-snippet":"max-snippet:-1","max-image-preview":"max-image-preview:large","max-video-preview":"max-video-preview:-1"},"canonical":"https:\/\/editorialmediterrania.com\/en\/product\/el-joc-de-terrassa\/","og_locale":"en_US","og_type":"article","og_title":"TERRASSA PAM A PAM - Editorial Mediterr\u00e0nia","og_description":"Converteix-te en un expert\/a de la ciutat de Terrassa. Un joc on aprendr\u00e0s tot sobre la teva ciutat. Juga en fam\u00edlia o amics!","og_url":"https:\/\/editorialmediterrania.com\/en\/product\/el-joc-de-terrassa\/","og_site_name":"Editorial Mediterr\u00e0nia","article_modified_time":"2025-12-01T11:51:03+00:00","og_image":[{"width":1024,"height":742,"url":"https:\/\/editorialmediterrania.com\/wp-content\/uploads\/2024\/08\/Pam-a-Pam-Terrassa-Transparente-con-sombra-1024x742.png","type":"image\/png"}],"twitter_card":"summary_large_image","twitter_site":"@edmediterrania","twitter_misc":{"Est. reading time":"1 minute"},"schema":{"@context":"https:\/\/schema.org","@graph":[{"@type":"WebPage","@id":"https:\/\/editorialmediterrania.com\/en\/product\/el-joc-de-terrassa\/","url":"https:\/\/editorialmediterrania.com\/en\/product\/el-joc-de-terrassa\/","name":"TERRASSA PAM A PAM - Editorial Mediterr\u00e0nia","isPartOf":{"@id":"https:\/\/editorialmediterrania.com\/en\/#website"},"primaryImageOfPage":{"@id":"https:\/\/editorialmediterrania.com\/en\/product\/el-joc-de-terrassa\/#primaryimage"},"image":{"@id":"https:\/\/editorialmediterrania.com\/en\/product\/el-joc-de-terrassa\/#primaryimage"},"thumbnailUrl":"https:\/\/editorialmediterrania.com\/wp-content\/uploads\/2024\/08\/Pam-a-Pam-Terrassa-Transparente-con-sombra.png","datePublished":"2024-08-02T07:57:48+00:00","dateModified":"2025-12-01T11:51:03+00:00","description":"Converteix-te en un expert\/a de la ciutat de Terrassa. Un joc on aprendr\u00e0s tot sobre la teva ciutat. Juga en fam\u00edlia o amics!","breadcrumb":{"@id":"https:\/\/editorialmediterrania.com\/en\/product\/el-joc-de-terrassa\/#breadcrumb"},"inLanguage":"en-US","potentialAction":[{"@type":"ReadAction","target":["https:\/\/editorialmediterrania.com\/en\/product\/el-joc-de-terrassa\/"]}]},{"@type":"ImageObject","inLanguage":"en-US","@id":"https:\/\/editorialmediterrania.com\/en\/product\/el-joc-de-terrassa\/#primaryimage","url":"https:\/\/editorialmediterrania.com\/wp-content\/uploads\/2024\/08\/Pam-a-Pam-Terrassa-Transparente-con-sombra.png","contentUrl":"https:\/\/editorialmediterrania.com\/wp-content\/uploads\/2024\/08\/Pam-a-Pam-Terrassa-Transparente-con-sombra.png","width":4387,"height":3177},{"@type":"BreadcrumbList","@id":"https:\/\/editorialmediterrania.com\/en\/product\/el-joc-de-terrassa\/#breadcrumb","itemListElement":[{"@type":"ListItem","position":1,"name":"Children&#8217;s art book store","item":"https:\/\/editorialmediterrania.com\/en\/childrens-art-book-store\/"},{"@type":"ListItem","position":2,"name":"TERRASSA PAM A PAM"}]},{"@type":"WebSite","@id":"https:\/\/editorialmediterrania.com\/en\/#website","url":"https:\/\/editorialmediterrania.com\/en\/","name":"Editorial Mediterrania","description":"Llibres que t\u2019obriran nous mons","publisher":{"@id":"https:\/\/editorialmediterrania.com\/en\/#organization"},"alternateName":"Llibres infantils d'art, cultura i natura","potentialAction":[{"@type":"SearchAction","target":{"@type":"EntryPoint","urlTemplate":"https:\/\/editorialmediterrania.com\/en\/?s={search_term_string}"},"query-input":"required name=search_term_string"}],"inLanguage":"en-US"},{"@type":"Organization","@id":"https:\/\/editorialmediterrania.com\/en\/#organization","name":"Editorial Mediterrania","alternateName":"Llibres d'art, cultura i natura per infants i fam\u00edlies","url":"https:\/\/editorialmediterrania.com\/en\/","logo":{"@type":"ImageObject","inLanguage":"en-US","@id":"https:\/\/editorialmediterrania.com\/en\/#\/schema\/logo\/image\/","url":"https:\/\/editorialmediterrania.com\/wp-content\/uploads\/2023\/03\/LOGO-ED_MEDITERRANIA_OK-2.png","contentUrl":"https:\/\/editorialmediterrania.com\/wp-content\/uploads\/2023\/03\/LOGO-ED_MEDITERRANIA_OK-2.png","width":1200,"height":300,"caption":"Editorial Mediterrania"},"image":{"@id":"https:\/\/editorialmediterrania.com\/en\/#\/schema\/logo\/image\/"},"sameAs":["https:\/\/x.com\/edmediterrania","https:\/\/www.instagram.com\/editorialmediterrania\/"]}]}},"_links":{"self":[{"href":"https:\/\/editorialmediterrania.com\/en\/wp-json\/wp\/v2\/product\/44607","targetHints":{"allow":["GET"]}}],"collection":[{"href":"https:\/\/editorialmediterrania.com\/en\/wp-json\/wp\/v2\/product"}],"about":[{"href":"https:\/\/editorialmediterrania.com\/en\/wp-json\/wp\/v2\/types\/product"}],"wp:featuredmedia":[{"embeddable":true,"href":"https:\/\/editorialmediterrania.com\/en\/wp-json\/wp\/v2\/media\/47734"}],"wp:attachment":[{"href":"https:\/\/editorialmediterrania.com\/en\/wp-json\/wp\/v2\/media?parent=44607"}],"wp:term":[{"taxonomy":"product_cat","embeddable":true,"href":"https:\/\/editorialmediterrania.com\/en\/wp-json\/wp\/v2\/product_cat?post=44607"},{"taxonomy":"product_tag","embeddable":true,"href":"https:\/\/editorialmediterrania.com\/en\/wp-json\/wp\/v2\/product_tag?post=44607"},{"taxonomy":"autors","embeddable":true,"href":"https:\/\/editorialmediterrania.com\/en\/wp-json\/wp\/v2\/autors?post=44607"}],"curies":[{"name":"wp","href":"https:\/\/api.w.org\/{rel}","templated":true}]}}