{"id":45159,"date":"2024-10-28T10:50:17","date_gmt":"2024-10-28T09:50:17","guid":{"rendered":"https:\/\/editorialmediterrania.com\/?post_type=product&#038;p=45159"},"modified":"2026-01-26T08:34:01","modified_gmt":"2026-01-26T07:34:01","slug":"la-magica-nit-dels-reis-dorient-i-laventura-del-pare-noel","status":"publish","type":"product","link":"https:\/\/editorialmediterrania.com\/en\/product\/la-magica-nit-dels-reis-dorient-i-laventura-del-pare-noel\/","title":{"rendered":"La m\u00e0gica nit dels Reis d&#8217;Orient i l&#8217;aventura del Pare Noel"},"content":{"rendered":"<p class=\"p1\">Els contes cl\u00e0ssics per llegir en fam\u00edlia!Una col\u00b7lecci\u00f3 capicua perqu\u00e8 els m\u00e9s petits comencin a llegir de la m\u00e0 d\u2019una de les artistesm\u00e9s estimades del pa\u00eds. Edici\u00f3 especial de Nadal.<\/p>\n<p class=\"p1\">Aquesta vegada podreutrobar, per una banda, <strong><i>La m\u00e0gica nit dels Reisd\u2019orient <\/i><\/strong>i, per l\u2019altra, <strong>l<i><strong>\u2019<\/strong>aventura del Pare Noel<\/i><\/strong>!<\/p>\n","protected":false},"excerpt":{"rendered":"<p>Els contes cl\u00e0ssics per llegir en fam\u00edlia!Una col\u00b7lecci\u00f3 capicua perqu\u00e8 els m\u00e9s petits comencin a llegir de la m\u00e0 d\u2019una de les artistesm\u00e9s estimades del pa\u00eds. Edici\u00f3 especial de Nadal. Aquesta vegada podreutrobar, per una banda, La m\u00e0gica nit dels Reisd\u2019orient i, per l\u2019altra, l\u2019aventura del Pare Noel!<\/p>\n","protected":false},"featured_media":45167,"template":"","meta":[],"product_cat":[16,6289],"product_tag":[],"autors":[],"class_list":{"0":"post-45159","1":"product","2":"type-product","3":"status-publish","4":"has-post-thumbnail","6":"product_cat-editorial-mediterrania","7":"product_cat-dues-lectures","9":"first","10":"instock","11":"taxable","12":"shipping-taxable","13":"purchasable","14":"product-type-simple","swatches":"rey-swatches","show_selected":""},"acf":[],"yoast_head":"<!-- This site is optimized with the Yoast SEO plugin v22.8 - https:\/\/yoast.com\/wordpress\/plugins\/seo\/ -->\n<title>La m\u00e0gica nit dels Reis d&#039;Orient i l&#039;aventura del Pare Noel - Editorial Mediterr\u00e0nia<\/title>\n<meta name=\"description\" content=\"pilar\u00edn bay\u00e9s il\u00b7lustra l&#039;aventura del pare noel i la m\u00e0gica nit dels reis d&#039;orient\" \/>\n<meta name=\"robots\" content=\"index, follow, max-snippet:-1, max-image-preview:large, max-video-preview:-1\" \/>\n<link rel=\"canonical\" href=\"https:\/\/editorialmediterrania.com\/en\/product\/la-magica-nit-dels-reis-dorient-i-laventura-del-pare-noel\/\" \/>\n<meta property=\"og:locale\" content=\"en_US\" \/>\n<meta property=\"og:type\" content=\"article\" \/>\n<meta property=\"og:title\" content=\"La m\u00e0gica nit dels Reis d&#039;Orient i l&#039;aventura del Pare Noel - Editorial Mediterr\u00e0nia\" \/>\n<meta property=\"og:description\" content=\"pilar\u00edn bay\u00e9s il\u00b7lustra l&#039;aventura del pare noel i la m\u00e0gica nit dels reis d&#039;orient\" \/>\n<meta property=\"og:url\" content=\"https:\/\/editorialmediterrania.com\/en\/product\/la-magica-nit-dels-reis-dorient-i-laventura-del-pare-noel\/\" \/>\n<meta property=\"og:site_name\" content=\"Editorial Mediterr\u00e0nia\" \/>\n<meta property=\"article:modified_time\" content=\"2026-01-26T07:34:01+00:00\" \/>\n<meta property=\"og:image\" content=\"https:\/\/editorialmediterrania.com\/wp-content\/uploads\/2024\/10\/La_magica_nit_dels_reis_orient.png\" \/>\n\t<meta property=\"og:image:width\" content=\"858\" \/>\n\t<meta property=\"og:image:height\" content=\"827\" \/>\n\t<meta property=\"og:image:type\" content=\"image\/png\" \/>\n<meta name=\"twitter:card\" content=\"summary_large_image\" \/>\n<meta name=\"twitter:site\" content=\"@edmediterrania\" \/>\n<meta name=\"twitter:label1\" content=\"Est. reading time\" \/>\n\t<meta name=\"twitter:data1\" content=\"1 minute\" \/>\n<script type=\"application\/ld+json\" class=\"yoast-schema-graph\">{\"@context\":\"https:\/\/schema.org\",\"@graph\":[{\"@type\":\"WebPage\",\"@id\":\"https:\/\/editorialmediterrania.com\/en\/product\/la-magica-nit-dels-reis-dorient-i-laventura-del-pare-noel\/\",\"url\":\"https:\/\/editorialmediterrania.com\/en\/product\/la-magica-nit-dels-reis-dorient-i-laventura-del-pare-noel\/\",\"name\":\"La m\u00e0gica nit dels Reis d'Orient i l'aventura del Pare Noel - Editorial Mediterr\u00e0nia\",\"isPartOf\":{\"@id\":\"https:\/\/editorialmediterrania.com\/en\/#website\"},\"primaryImageOfPage\":{\"@id\":\"https:\/\/editorialmediterrania.com\/en\/product\/la-magica-nit-dels-reis-dorient-i-laventura-del-pare-noel\/#primaryimage\"},\"image\":{\"@id\":\"https:\/\/editorialmediterrania.com\/en\/product\/la-magica-nit-dels-reis-dorient-i-laventura-del-pare-noel\/#primaryimage\"},\"thumbnailUrl\":\"https:\/\/editorialmediterrania.com\/wp-content\/uploads\/2024\/10\/La_magica_nit_dels_reis_orient.png\",\"datePublished\":\"2024-10-28T09:50:17+00:00\",\"dateModified\":\"2026-01-26T07:34:01+00:00\",\"description\":\"pilar\u00edn bay\u00e9s il\u00b7lustra l'aventura del pare noel i la m\u00e0gica nit dels reis d'orient\",\"breadcrumb\":{\"@id\":\"https:\/\/editorialmediterrania.com\/en\/product\/la-magica-nit-dels-reis-dorient-i-laventura-del-pare-noel\/#breadcrumb\"},\"inLanguage\":\"en-US\",\"potentialAction\":[{\"@type\":\"ReadAction\",\"target\":[\"https:\/\/editorialmediterrania.com\/en\/product\/la-magica-nit-dels-reis-dorient-i-laventura-del-pare-noel\/\"]}]},{\"@type\":\"ImageObject\",\"inLanguage\":\"en-US\",\"@id\":\"https:\/\/editorialmediterrania.com\/en\/product\/la-magica-nit-dels-reis-dorient-i-laventura-del-pare-noel\/#primaryimage\",\"url\":\"https:\/\/editorialmediterrania.com\/wp-content\/uploads\/2024\/10\/La_magica_nit_dels_reis_orient.png\",\"contentUrl\":\"https:\/\/editorialmediterrania.com\/wp-content\/uploads\/2024\/10\/La_magica_nit_dels_reis_orient.png\",\"width\":858,\"height\":827},{\"@type\":\"BreadcrumbList\",\"@id\":\"https:\/\/editorialmediterrania.com\/en\/product\/la-magica-nit-dels-reis-dorient-i-laventura-del-pare-noel\/#breadcrumb\",\"itemListElement\":[{\"@type\":\"ListItem\",\"position\":1,\"name\":\"Children&#8217;s art book store\",\"item\":\"https:\/\/editorialmediterrania.com\/en\/childrens-art-book-store\/\"},{\"@type\":\"ListItem\",\"position\":2,\"name\":\"La m\u00e0gica nit dels Reis d&#8217;Orient i l&#8217;aventura del Pare Noel\"}]},{\"@type\":\"WebSite\",\"@id\":\"https:\/\/editorialmediterrania.com\/en\/#website\",\"url\":\"https:\/\/editorialmediterrania.com\/en\/\",\"name\":\"Editorial Mediterrania\",\"description\":\"Llibres que t\u2019obriran nous mons\",\"publisher\":{\"@id\":\"https:\/\/editorialmediterrania.com\/en\/#organization\"},\"alternateName\":\"Llibres infantils d'art, cultura i natura\",\"potentialAction\":[{\"@type\":\"SearchAction\",\"target\":{\"@type\":\"EntryPoint\",\"urlTemplate\":\"https:\/\/editorialmediterrania.com\/en\/?s={search_term_string}\"},\"query-input\":\"required name=search_term_string\"}],\"inLanguage\":\"en-US\"},{\"@type\":\"Organization\",\"@id\":\"https:\/\/editorialmediterrania.com\/en\/#organization\",\"name\":\"Editorial Mediterrania\",\"alternateName\":\"Llibres d'art, cultura i natura per infants i fam\u00edlies\",\"url\":\"https:\/\/editorialmediterrania.com\/en\/\",\"logo\":{\"@type\":\"ImageObject\",\"inLanguage\":\"en-US\",\"@id\":\"https:\/\/editorialmediterrania.com\/en\/#\/schema\/logo\/image\/\",\"url\":\"https:\/\/editorialmediterrania.com\/wp-content\/uploads\/2023\/03\/LOGO-ED_MEDITERRANIA_OK-2.png\",\"contentUrl\":\"https:\/\/editorialmediterrania.com\/wp-content\/uploads\/2023\/03\/LOGO-ED_MEDITERRANIA_OK-2.png\",\"width\":1200,\"height\":300,\"caption\":\"Editorial Mediterrania\"},\"image\":{\"@id\":\"https:\/\/editorialmediterrania.com\/en\/#\/schema\/logo\/image\/\"},\"sameAs\":[\"https:\/\/x.com\/edmediterrania\",\"https:\/\/www.instagram.com\/editorialmediterrania\/\"]}]}<\/script>\n<!-- \/ Yoast SEO plugin. -->","yoast_head_json":{"title":"La m\u00e0gica nit dels Reis d'Orient i l'aventura del Pare Noel - Editorial Mediterr\u00e0nia","description":"pilar\u00edn bay\u00e9s il\u00b7lustra l'aventura del pare noel i la m\u00e0gica nit dels reis d'orient","robots":{"index":"index","follow":"follow","max-snippet":"max-snippet:-1","max-image-preview":"max-image-preview:large","max-video-preview":"max-video-preview:-1"},"canonical":"https:\/\/editorialmediterrania.com\/en\/product\/la-magica-nit-dels-reis-dorient-i-laventura-del-pare-noel\/","og_locale":"en_US","og_type":"article","og_title":"La m\u00e0gica nit dels Reis d'Orient i l'aventura del Pare Noel - Editorial Mediterr\u00e0nia","og_description":"pilar\u00edn bay\u00e9s il\u00b7lustra l'aventura del pare noel i la m\u00e0gica nit dels reis d'orient","og_url":"https:\/\/editorialmediterrania.com\/en\/product\/la-magica-nit-dels-reis-dorient-i-laventura-del-pare-noel\/","og_site_name":"Editorial Mediterr\u00e0nia","article_modified_time":"2026-01-26T07:34:01+00:00","og_image":[{"width":858,"height":827,"url":"https:\/\/editorialmediterrania.com\/wp-content\/uploads\/2024\/10\/La_magica_nit_dels_reis_orient.png","type":"image\/png"}],"twitter_card":"summary_large_image","twitter_site":"@edmediterrania","twitter_misc":{"Est. reading time":"1 minute"},"schema":{"@context":"https:\/\/schema.org","@graph":[{"@type":"WebPage","@id":"https:\/\/editorialmediterrania.com\/en\/product\/la-magica-nit-dels-reis-dorient-i-laventura-del-pare-noel\/","url":"https:\/\/editorialmediterrania.com\/en\/product\/la-magica-nit-dels-reis-dorient-i-laventura-del-pare-noel\/","name":"La m\u00e0gica nit dels Reis d'Orient i l'aventura del Pare Noel - Editorial Mediterr\u00e0nia","isPartOf":{"@id":"https:\/\/editorialmediterrania.com\/en\/#website"},"primaryImageOfPage":{"@id":"https:\/\/editorialmediterrania.com\/en\/product\/la-magica-nit-dels-reis-dorient-i-laventura-del-pare-noel\/#primaryimage"},"image":{"@id":"https:\/\/editorialmediterrania.com\/en\/product\/la-magica-nit-dels-reis-dorient-i-laventura-del-pare-noel\/#primaryimage"},"thumbnailUrl":"https:\/\/editorialmediterrania.com\/wp-content\/uploads\/2024\/10\/La_magica_nit_dels_reis_orient.png","datePublished":"2024-10-28T09:50:17+00:00","dateModified":"2026-01-26T07:34:01+00:00","description":"pilar\u00edn bay\u00e9s il\u00b7lustra l'aventura del pare noel i la m\u00e0gica nit dels reis d'orient","breadcrumb":{"@id":"https:\/\/editorialmediterrania.com\/en\/product\/la-magica-nit-dels-reis-dorient-i-laventura-del-pare-noel\/#breadcrumb"},"inLanguage":"en-US","potentialAction":[{"@type":"ReadAction","target":["https:\/\/editorialmediterrania.com\/en\/product\/la-magica-nit-dels-reis-dorient-i-laventura-del-pare-noel\/"]}]},{"@type":"ImageObject","inLanguage":"en-US","@id":"https:\/\/editorialmediterrania.com\/en\/product\/la-magica-nit-dels-reis-dorient-i-laventura-del-pare-noel\/#primaryimage","url":"https:\/\/editorialmediterrania.com\/wp-content\/uploads\/2024\/10\/La_magica_nit_dels_reis_orient.png","contentUrl":"https:\/\/editorialmediterrania.com\/wp-content\/uploads\/2024\/10\/La_magica_nit_dels_reis_orient.png","width":858,"height":827},{"@type":"BreadcrumbList","@id":"https:\/\/editorialmediterrania.com\/en\/product\/la-magica-nit-dels-reis-dorient-i-laventura-del-pare-noel\/#breadcrumb","itemListElement":[{"@type":"ListItem","position":1,"name":"Children&#8217;s art book store","item":"https:\/\/editorialmediterrania.com\/en\/childrens-art-book-store\/"},{"@type":"ListItem","position":2,"name":"La m\u00e0gica nit dels Reis d&#8217;Orient i l&#8217;aventura del Pare Noel"}]},{"@type":"WebSite","@id":"https:\/\/editorialmediterrania.com\/en\/#website","url":"https:\/\/editorialmediterrania.com\/en\/","name":"Editorial Mediterrania","description":"Llibres que t\u2019obriran nous mons","publisher":{"@id":"https:\/\/editorialmediterrania.com\/en\/#organization"},"alternateName":"Llibres infantils d'art, cultura i natura","potentialAction":[{"@type":"SearchAction","target":{"@type":"EntryPoint","urlTemplate":"https:\/\/editorialmediterrania.com\/en\/?s={search_term_string}"},"query-input":"required name=search_term_string"}],"inLanguage":"en-US"},{"@type":"Organization","@id":"https:\/\/editorialmediterrania.com\/en\/#organization","name":"Editorial Mediterrania","alternateName":"Llibres d'art, cultura i natura per infants i fam\u00edlies","url":"https:\/\/editorialmediterrania.com\/en\/","logo":{"@type":"ImageObject","inLanguage":"en-US","@id":"https:\/\/editorialmediterrania.com\/en\/#\/schema\/logo\/image\/","url":"https:\/\/editorialmediterrania.com\/wp-content\/uploads\/2023\/03\/LOGO-ED_MEDITERRANIA_OK-2.png","contentUrl":"https:\/\/editorialmediterrania.com\/wp-content\/uploads\/2023\/03\/LOGO-ED_MEDITERRANIA_OK-2.png","width":1200,"height":300,"caption":"Editorial Mediterrania"},"image":{"@id":"https:\/\/editorialmediterrania.com\/en\/#\/schema\/logo\/image\/"},"sameAs":["https:\/\/x.com\/edmediterrania","https:\/\/www.instagram.com\/editorialmediterrania\/"]}]}},"_links":{"self":[{"href":"https:\/\/editorialmediterrania.com\/en\/wp-json\/wp\/v2\/product\/45159","targetHints":{"allow":["GET"]}}],"collection":[{"href":"https:\/\/editorialmediterrania.com\/en\/wp-json\/wp\/v2\/product"}],"about":[{"href":"https:\/\/editorialmediterrania.com\/en\/wp-json\/wp\/v2\/types\/product"}],"wp:featuredmedia":[{"embeddable":true,"href":"https:\/\/editorialmediterrania.com\/en\/wp-json\/wp\/v2\/media\/45167"}],"wp:attachment":[{"href":"https:\/\/editorialmediterrania.com\/en\/wp-json\/wp\/v2\/media?parent=45159"}],"wp:term":[{"taxonomy":"product_cat","embeddable":true,"href":"https:\/\/editorialmediterrania.com\/en\/wp-json\/wp\/v2\/product_cat?post=45159"},{"taxonomy":"product_tag","embeddable":true,"href":"https:\/\/editorialmediterrania.com\/en\/wp-json\/wp\/v2\/product_tag?post=45159"},{"taxonomy":"autors","embeddable":true,"href":"https:\/\/editorialmediterrania.com\/en\/wp-json\/wp\/v2\/autors?post=45159"}],"curies":[{"name":"wp","href":"https:\/\/api.w.org\/{rel}","templated":true}]}}