{"id":45801,"date":"2024-12-17T08:04:46","date_gmt":"2024-12-17T07:04:46","guid":{"rendered":"https:\/\/editorialmediterrania.com\/?post_type=product&#038;p=45801"},"modified":"2025-07-24T10:16:24","modified_gmt":"2025-07-24T08:16:24","slug":"petita-historia-del-ctti","status":"publish","type":"product","link":"https:\/\/editorialmediterrania.com\/en\/product\/petita-historia-del-ctti\/","title":{"rendered":"Petita hist\u00f2ria del CTTI (Centre de Telecomunicacions i tecnologies de la informaci\u00f3)"},"content":{"rendered":"<p>La Petita hist\u00f2ria del CTTI explica a petits i grans com es va fundar i com funciona aquesta entitat que integra tots els serveis inform\u00e0tics i de telecomunicacions de la Generalitat de Catalunya.<\/p>\n","protected":false},"excerpt":{"rendered":"<p>La Petita hist\u00f2ria del CTTI explica a petits i grans com es va fundar i com funciona aquesta entitat que integra tots els serveis inform\u00e0tics i de telecomunicacions de la Generalitat de Catalunya.<\/p>\n","protected":false},"featured_media":45802,"template":"","meta":[],"product_cat":[16,73],"product_tag":[],"autors":[],"class_list":{"0":"post-45801","1":"product","2":"type-product","3":"status-publish","4":"has-post-thumbnail","6":"product_cat-editorial-mediterrania","7":"product_cat-petites-histories","9":"first","10":"instock","11":"taxable","12":"shipping-taxable","13":"purchasable","14":"product-type-simple","swatches":"rey-swatches","show_selected":""},"acf":[],"yoast_head":"<!-- This site is optimized with the Yoast SEO plugin v22.8 - https:\/\/yoast.com\/wordpress\/plugins\/seo\/ -->\n<title>Petita hist\u00f2ria del CTTI (Centre de Telecomunicacions i tecnologies de la informaci\u00f3) - Editorial Mediterr\u00e0nia<\/title>\n<meta name=\"description\" content=\"La Petita hist\u00f2ria del CTTI explica a petits i grans com es va crear i com funciona aquesta entitat que integra tots els serveis inform\u00e0tics i de telecomunicacions de la Generalitat de Catalunya.\" \/>\n<meta name=\"robots\" content=\"index, follow, max-snippet:-1, max-image-preview:large, max-video-preview:-1\" \/>\n<link rel=\"canonical\" href=\"https:\/\/editorialmediterrania.com\/en\/product\/petita-historia-del-ctti\/\" \/>\n<meta property=\"og:locale\" content=\"en_US\" \/>\n<meta property=\"og:type\" content=\"article\" \/>\n<meta property=\"og:title\" content=\"Petita hist\u00f2ria del CTTI (Centre de Telecomunicacions i tecnologies de la informaci\u00f3) - Editorial Mediterr\u00e0nia\" \/>\n<meta property=\"og:description\" content=\"La Petita hist\u00f2ria del CTTI explica a petits i grans com es va crear i com funciona aquesta entitat que integra tots els serveis inform\u00e0tics i de telecomunicacions de la Generalitat de Catalunya.\" \/>\n<meta property=\"og:url\" content=\"https:\/\/editorialmediterrania.com\/en\/product\/petita-historia-del-ctti\/\" \/>\n<meta property=\"og:site_name\" content=\"Editorial Mediterr\u00e0nia\" \/>\n<meta property=\"article:modified_time\" content=\"2025-07-24T08:16:24+00:00\" \/>\n<meta property=\"og:image\" content=\"https:\/\/editorialmediterrania.com\/wp-content\/uploads\/2024\/12\/9788410478008-848x1024.png\" \/>\n\t<meta property=\"og:image:width\" content=\"848\" \/>\n\t<meta property=\"og:image:height\" content=\"1024\" \/>\n\t<meta property=\"og:image:type\" content=\"image\/png\" \/>\n<meta name=\"twitter:card\" content=\"summary_large_image\" \/>\n<meta name=\"twitter:site\" content=\"@edmediterrania\" \/>\n<meta name=\"twitter:label1\" content=\"Est. reading time\" \/>\n\t<meta name=\"twitter:data1\" content=\"1 minute\" \/>\n<script type=\"application\/ld+json\" class=\"yoast-schema-graph\">{\"@context\":\"https:\/\/schema.org\",\"@graph\":[{\"@type\":\"WebPage\",\"@id\":\"https:\/\/editorialmediterrania.com\/en\/product\/petita-historia-del-ctti\/\",\"url\":\"https:\/\/editorialmediterrania.com\/en\/product\/petita-historia-del-ctti\/\",\"name\":\"Petita hist\u00f2ria del CTTI (Centre de Telecomunicacions i tecnologies de la informaci\u00f3) - Editorial Mediterr\u00e0nia\",\"isPartOf\":{\"@id\":\"https:\/\/editorialmediterrania.com\/en\/#website\"},\"primaryImageOfPage\":{\"@id\":\"https:\/\/editorialmediterrania.com\/en\/product\/petita-historia-del-ctti\/#primaryimage\"},\"image\":{\"@id\":\"https:\/\/editorialmediterrania.com\/en\/product\/petita-historia-del-ctti\/#primaryimage\"},\"thumbnailUrl\":\"https:\/\/editorialmediterrania.com\/wp-content\/uploads\/2024\/12\/9788410478008.png\",\"datePublished\":\"2024-12-17T07:04:46+00:00\",\"dateModified\":\"2025-07-24T08:16:24+00:00\",\"description\":\"La Petita hist\u00f2ria del CTTI explica a petits i grans com es va crear i com funciona aquesta entitat que integra tots els serveis inform\u00e0tics i de telecomunicacions de la Generalitat de Catalunya.\",\"breadcrumb\":{\"@id\":\"https:\/\/editorialmediterrania.com\/en\/product\/petita-historia-del-ctti\/#breadcrumb\"},\"inLanguage\":\"en-US\",\"potentialAction\":[{\"@type\":\"ReadAction\",\"target\":[\"https:\/\/editorialmediterrania.com\/en\/product\/petita-historia-del-ctti\/\"]}]},{\"@type\":\"ImageObject\",\"inLanguage\":\"en-US\",\"@id\":\"https:\/\/editorialmediterrania.com\/en\/product\/petita-historia-del-ctti\/#primaryimage\",\"url\":\"https:\/\/editorialmediterrania.com\/wp-content\/uploads\/2024\/12\/9788410478008.png\",\"contentUrl\":\"https:\/\/editorialmediterrania.com\/wp-content\/uploads\/2024\/12\/9788410478008.png\",\"width\":970,\"height\":1172},{\"@type\":\"BreadcrumbList\",\"@id\":\"https:\/\/editorialmediterrania.com\/en\/product\/petita-historia-del-ctti\/#breadcrumb\",\"itemListElement\":[{\"@type\":\"ListItem\",\"position\":1,\"name\":\"Children&#8217;s art book store\",\"item\":\"https:\/\/editorialmediterrania.com\/en\/childrens-art-book-store\/\"},{\"@type\":\"ListItem\",\"position\":2,\"name\":\"Petita hist\u00f2ria del CTTI (Centre de Telecomunicacions i tecnologies de la informaci\u00f3)\"}]},{\"@type\":\"WebSite\",\"@id\":\"https:\/\/editorialmediterrania.com\/en\/#website\",\"url\":\"https:\/\/editorialmediterrania.com\/en\/\",\"name\":\"Editorial Mediterrania\",\"description\":\"Llibres que t\u2019obriran nous mons\",\"publisher\":{\"@id\":\"https:\/\/editorialmediterrania.com\/en\/#organization\"},\"alternateName\":\"Llibres infantils d'art, cultura i natura\",\"potentialAction\":[{\"@type\":\"SearchAction\",\"target\":{\"@type\":\"EntryPoint\",\"urlTemplate\":\"https:\/\/editorialmediterrania.com\/en\/?s={search_term_string}\"},\"query-input\":\"required name=search_term_string\"}],\"inLanguage\":\"en-US\"},{\"@type\":\"Organization\",\"@id\":\"https:\/\/editorialmediterrania.com\/en\/#organization\",\"name\":\"Editorial Mediterrania\",\"alternateName\":\"Llibres d'art, cultura i natura per infants i fam\u00edlies\",\"url\":\"https:\/\/editorialmediterrania.com\/en\/\",\"logo\":{\"@type\":\"ImageObject\",\"inLanguage\":\"en-US\",\"@id\":\"https:\/\/editorialmediterrania.com\/en\/#\/schema\/logo\/image\/\",\"url\":\"https:\/\/editorialmediterrania.com\/wp-content\/uploads\/2023\/03\/LOGO-ED_MEDITERRANIA_OK-2.png\",\"contentUrl\":\"https:\/\/editorialmediterrania.com\/wp-content\/uploads\/2023\/03\/LOGO-ED_MEDITERRANIA_OK-2.png\",\"width\":1200,\"height\":300,\"caption\":\"Editorial Mediterrania\"},\"image\":{\"@id\":\"https:\/\/editorialmediterrania.com\/en\/#\/schema\/logo\/image\/\"},\"sameAs\":[\"https:\/\/x.com\/edmediterrania\",\"https:\/\/www.instagram.com\/editorialmediterrania\/\"]}]}<\/script>\n<!-- \/ Yoast SEO plugin. -->","yoast_head_json":{"title":"Petita hist\u00f2ria del CTTI (Centre de Telecomunicacions i tecnologies de la informaci\u00f3) - Editorial Mediterr\u00e0nia","description":"La Petita hist\u00f2ria del CTTI explica a petits i grans com es va crear i com funciona aquesta entitat que integra tots els serveis inform\u00e0tics i de telecomunicacions de la Generalitat de Catalunya.","robots":{"index":"index","follow":"follow","max-snippet":"max-snippet:-1","max-image-preview":"max-image-preview:large","max-video-preview":"max-video-preview:-1"},"canonical":"https:\/\/editorialmediterrania.com\/en\/product\/petita-historia-del-ctti\/","og_locale":"en_US","og_type":"article","og_title":"Petita hist\u00f2ria del CTTI (Centre de Telecomunicacions i tecnologies de la informaci\u00f3) - Editorial Mediterr\u00e0nia","og_description":"La Petita hist\u00f2ria del CTTI explica a petits i grans com es va crear i com funciona aquesta entitat que integra tots els serveis inform\u00e0tics i de telecomunicacions de la Generalitat de Catalunya.","og_url":"https:\/\/editorialmediterrania.com\/en\/product\/petita-historia-del-ctti\/","og_site_name":"Editorial Mediterr\u00e0nia","article_modified_time":"2025-07-24T08:16:24+00:00","og_image":[{"width":848,"height":1024,"url":"https:\/\/editorialmediterrania.com\/wp-content\/uploads\/2024\/12\/9788410478008-848x1024.png","type":"image\/png"}],"twitter_card":"summary_large_image","twitter_site":"@edmediterrania","twitter_misc":{"Est. reading time":"1 minute"},"schema":{"@context":"https:\/\/schema.org","@graph":[{"@type":"WebPage","@id":"https:\/\/editorialmediterrania.com\/en\/product\/petita-historia-del-ctti\/","url":"https:\/\/editorialmediterrania.com\/en\/product\/petita-historia-del-ctti\/","name":"Petita hist\u00f2ria del CTTI (Centre de Telecomunicacions i tecnologies de la informaci\u00f3) - Editorial Mediterr\u00e0nia","isPartOf":{"@id":"https:\/\/editorialmediterrania.com\/en\/#website"},"primaryImageOfPage":{"@id":"https:\/\/editorialmediterrania.com\/en\/product\/petita-historia-del-ctti\/#primaryimage"},"image":{"@id":"https:\/\/editorialmediterrania.com\/en\/product\/petita-historia-del-ctti\/#primaryimage"},"thumbnailUrl":"https:\/\/editorialmediterrania.com\/wp-content\/uploads\/2024\/12\/9788410478008.png","datePublished":"2024-12-17T07:04:46+00:00","dateModified":"2025-07-24T08:16:24+00:00","description":"La Petita hist\u00f2ria del CTTI explica a petits i grans com es va crear i com funciona aquesta entitat que integra tots els serveis inform\u00e0tics i de telecomunicacions de la Generalitat de Catalunya.","breadcrumb":{"@id":"https:\/\/editorialmediterrania.com\/en\/product\/petita-historia-del-ctti\/#breadcrumb"},"inLanguage":"en-US","potentialAction":[{"@type":"ReadAction","target":["https:\/\/editorialmediterrania.com\/en\/product\/petita-historia-del-ctti\/"]}]},{"@type":"ImageObject","inLanguage":"en-US","@id":"https:\/\/editorialmediterrania.com\/en\/product\/petita-historia-del-ctti\/#primaryimage","url":"https:\/\/editorialmediterrania.com\/wp-content\/uploads\/2024\/12\/9788410478008.png","contentUrl":"https:\/\/editorialmediterrania.com\/wp-content\/uploads\/2024\/12\/9788410478008.png","width":970,"height":1172},{"@type":"BreadcrumbList","@id":"https:\/\/editorialmediterrania.com\/en\/product\/petita-historia-del-ctti\/#breadcrumb","itemListElement":[{"@type":"ListItem","position":1,"name":"Children&#8217;s art book store","item":"https:\/\/editorialmediterrania.com\/en\/childrens-art-book-store\/"},{"@type":"ListItem","position":2,"name":"Petita hist\u00f2ria del CTTI (Centre de Telecomunicacions i tecnologies de la informaci\u00f3)"}]},{"@type":"WebSite","@id":"https:\/\/editorialmediterrania.com\/en\/#website","url":"https:\/\/editorialmediterrania.com\/en\/","name":"Editorial Mediterrania","description":"Llibres que t\u2019obriran nous mons","publisher":{"@id":"https:\/\/editorialmediterrania.com\/en\/#organization"},"alternateName":"Llibres infantils d'art, cultura i natura","potentialAction":[{"@type":"SearchAction","target":{"@type":"EntryPoint","urlTemplate":"https:\/\/editorialmediterrania.com\/en\/?s={search_term_string}"},"query-input":"required name=search_term_string"}],"inLanguage":"en-US"},{"@type":"Organization","@id":"https:\/\/editorialmediterrania.com\/en\/#organization","name":"Editorial Mediterrania","alternateName":"Llibres d'art, cultura i natura per infants i fam\u00edlies","url":"https:\/\/editorialmediterrania.com\/en\/","logo":{"@type":"ImageObject","inLanguage":"en-US","@id":"https:\/\/editorialmediterrania.com\/en\/#\/schema\/logo\/image\/","url":"https:\/\/editorialmediterrania.com\/wp-content\/uploads\/2023\/03\/LOGO-ED_MEDITERRANIA_OK-2.png","contentUrl":"https:\/\/editorialmediterrania.com\/wp-content\/uploads\/2023\/03\/LOGO-ED_MEDITERRANIA_OK-2.png","width":1200,"height":300,"caption":"Editorial Mediterrania"},"image":{"@id":"https:\/\/editorialmediterrania.com\/en\/#\/schema\/logo\/image\/"},"sameAs":["https:\/\/x.com\/edmediterrania","https:\/\/www.instagram.com\/editorialmediterrania\/"]}]}},"_links":{"self":[{"href":"https:\/\/editorialmediterrania.com\/en\/wp-json\/wp\/v2\/product\/45801","targetHints":{"allow":["GET"]}}],"collection":[{"href":"https:\/\/editorialmediterrania.com\/en\/wp-json\/wp\/v2\/product"}],"about":[{"href":"https:\/\/editorialmediterrania.com\/en\/wp-json\/wp\/v2\/types\/product"}],"wp:featuredmedia":[{"embeddable":true,"href":"https:\/\/editorialmediterrania.com\/en\/wp-json\/wp\/v2\/media\/45802"}],"wp:attachment":[{"href":"https:\/\/editorialmediterrania.com\/en\/wp-json\/wp\/v2\/media?parent=45801"}],"wp:term":[{"taxonomy":"product_cat","embeddable":true,"href":"https:\/\/editorialmediterrania.com\/en\/wp-json\/wp\/v2\/product_cat?post=45801"},{"taxonomy":"product_tag","embeddable":true,"href":"https:\/\/editorialmediterrania.com\/en\/wp-json\/wp\/v2\/product_tag?post=45801"},{"taxonomy":"autors","embeddable":true,"href":"https:\/\/editorialmediterrania.com\/en\/wp-json\/wp\/v2\/autors?post=45801"}],"curies":[{"name":"wp","href":"https:\/\/api.w.org\/{rel}","templated":true}]}}