{"id":46209,"date":"2025-01-31T10:51:54","date_gmt":"2025-01-31T09:51:54","guid":{"rendered":"https:\/\/editorialmediterrania.com\/?post_type=product&#038;p=46209"},"modified":"2025-11-07T12:43:17","modified_gmt":"2025-11-07T11:43:17","slug":"el-museu-dart-den-babar","status":"publish","type":"product","link":"https:\/\/editorialmediterrania.com\/en\/product\/el-museu-dart-den-babar\/","title":{"rendered":"El museu d&#8217;art d&#8217;en Babar"},"content":{"rendered":"<p>Aquest <strong>conte<\/strong> il\u00b7lustrat no nom\u00e9s presenta una hist\u00f2ria entranyable, sin\u00f3 que tamb\u00e9 adapta i il\u00b7lustra obres d\u2019art ic\u00f2niques dins de l\u2019univers de <strong>Babar<\/strong>, fusionant la m\u00e0gia del personatge amb alguns dels grans mestres de la <strong>hist\u00f2ria de l\u2019art<\/strong>.<\/p>\n<p>Entre les peces m\u00e9s reconegudes, s&#8217;hi poden trobar\u00a0<strong><em>Les Senyoretes del Carrer d\u2019Aviny\u00f3<\/em><\/strong>\u00a0<strong>de Picasso<\/strong>,\u00a0<strong><em>Aparici\u00f3 d\u2019un rostre<\/em><em>i una safata de fruita<\/em> en una platja\u00a0de Salvador Dal\u00ed,\u00a0<em>El crit\u00a0<\/em>de Munch,\u00a0<em>Les Menines\u00a0de Vel\u00e1zquez <\/em>o\u00a0<em>La creaci\u00f3 d\u2019Adam<\/em>\u00a0de la Capella Sixtina<\/strong>, totes reinventades amb el carism\u00e0tic estil d\u2019aquest cl\u00e0ssic de la literatura infantil.<\/p>\n<p>Aquest <strong>llibre<\/strong> torna a unir generacions: <strong>un cl\u00e0ssic de la infantesa liter\u00e0ria i televisiva dels anys 70 i 80 <\/strong>que ara permet als m\u00e9s petits descobrir l\u2019univers de <strong>Babar<\/strong> i compartir-lo en fam\u00edlia.<\/p>\n<p>Aquest conte, recomanat per a nens i nenes a <strong>partir de\u00a05 anys<\/strong>, arriba en una edici\u00f3 en<strong> tapa dura<\/strong> amb\u00a0<strong>il\u00b7lustracions a tot color,<\/strong> mantenint la m\u00e0gia visual del cl\u00e0ssic original.<\/p>\n","protected":false},"excerpt":{"rendered":"<p>La fam\u00edlia <strong>Babar<\/strong> ha tingut una gran idea: convertir l\u2019antiga estaci\u00f3 de tren de Villa Celeste en un museu \u00fanic, ple d\u2019obres d\u2019art i escultures de tot el m\u00f3n. En aquesta aventura, petits i grans tindran l\u2019oportunitat de descobrir els grans mestres de la hist\u00f2ria de l\u2019art, com<strong>\u00a0Dal\u00ed, Picasso, Goya o Vel\u00e1zquez,<\/strong> a trav\u00e9s d\u2019un viatge ple de curiositats i creativitat.<\/p>\n","protected":false},"featured_media":46351,"template":"","meta":[],"product_cat":[16,72],"product_tag":[],"autors":[],"class_list":{"0":"post-46209","1":"product","2":"type-product","3":"status-publish","4":"has-post-thumbnail","6":"product_cat-editorial-mediterrania","7":"product_cat-art-en-familia","9":"first","10":"instock","11":"taxable","12":"shipping-taxable","13":"purchasable","14":"product-type-variable","swatches":"rey-swatches","show_selected":""},"acf":[],"yoast_head":"<!-- This site is optimized with the Yoast SEO plugin v22.8 - https:\/\/yoast.com\/wordpress\/plugins\/seo\/ -->\n<title>El museu d&#039;art d&#039;en Babar - Editorial Mediterr\u00e0nia<\/title>\n<meta name=\"description\" content=\"La fam\u00edlia Babar ha tingut la idea de convertir l\u2019antiga estaci\u00f3 de tren de Villa Celeste en un museu \u00fanic, ple d\u2019obres d\u2019art i escultures de tot el m\u00f3n.\" \/>\n<meta name=\"robots\" content=\"index, follow, max-snippet:-1, max-image-preview:large, max-video-preview:-1\" \/>\n<link rel=\"canonical\" href=\"https:\/\/editorialmediterrania.com\/en\/product\/el-museu-dart-den-babar\/\" \/>\n<meta property=\"og:locale\" content=\"en_US\" \/>\n<meta property=\"og:type\" content=\"article\" \/>\n<meta property=\"og:title\" content=\"El museu d&#039;art d&#039;en Babar - Editorial Mediterr\u00e0nia\" \/>\n<meta property=\"og:description\" content=\"La fam\u00edlia Babar ha tingut la idea de convertir l\u2019antiga estaci\u00f3 de tren de Villa Celeste en un museu \u00fanic, ple d\u2019obres d\u2019art i escultures de tot el m\u00f3n.\" \/>\n<meta property=\"og:url\" content=\"https:\/\/editorialmediterrania.com\/en\/product\/el-museu-dart-den-babar\/\" \/>\n<meta property=\"og:site_name\" content=\"Editorial Mediterr\u00e0nia\" \/>\n<meta property=\"article:modified_time\" content=\"2025-11-07T11:43:17+00:00\" \/>\n<meta property=\"og:image\" content=\"https:\/\/editorialmediterrania.com\/wp-content\/uploads\/2025\/01\/Mockup_Babar_CAT.png\" \/>\n\t<meta property=\"og:image:width\" content=\"1080\" \/>\n\t<meta property=\"og:image:height\" content=\"1350\" \/>\n\t<meta property=\"og:image:type\" content=\"image\/png\" \/>\n<meta name=\"twitter:card\" content=\"summary_large_image\" \/>\n<meta name=\"twitter:site\" content=\"@edmediterrania\" \/>\n<meta name=\"twitter:label1\" content=\"Est. reading time\" \/>\n\t<meta name=\"twitter:data1\" content=\"2 minutes\" \/>\n<script type=\"application\/ld+json\" class=\"yoast-schema-graph\">{\"@context\":\"https:\/\/schema.org\",\"@graph\":[{\"@type\":\"WebPage\",\"@id\":\"https:\/\/editorialmediterrania.com\/en\/product\/el-museu-dart-den-babar\/\",\"url\":\"https:\/\/editorialmediterrania.com\/en\/product\/el-museu-dart-den-babar\/\",\"name\":\"El museu d'art d'en Babar - Editorial Mediterr\u00e0nia\",\"isPartOf\":{\"@id\":\"https:\/\/editorialmediterrania.com\/en\/#website\"},\"primaryImageOfPage\":{\"@id\":\"https:\/\/editorialmediterrania.com\/en\/product\/el-museu-dart-den-babar\/#primaryimage\"},\"image\":{\"@id\":\"https:\/\/editorialmediterrania.com\/en\/product\/el-museu-dart-den-babar\/#primaryimage\"},\"thumbnailUrl\":\"https:\/\/editorialmediterrania.com\/wp-content\/uploads\/2025\/01\/Mockup_Babar_CAT.png\",\"datePublished\":\"2025-01-31T09:51:54+00:00\",\"dateModified\":\"2025-11-07T11:43:17+00:00\",\"description\":\"La fam\u00edlia Babar ha tingut la idea de convertir l\u2019antiga estaci\u00f3 de tren de Villa Celeste en un museu \u00fanic, ple d\u2019obres d\u2019art i escultures de tot el m\u00f3n.\",\"breadcrumb\":{\"@id\":\"https:\/\/editorialmediterrania.com\/en\/product\/el-museu-dart-den-babar\/#breadcrumb\"},\"inLanguage\":\"en-US\",\"potentialAction\":[{\"@type\":\"ReadAction\",\"target\":[\"https:\/\/editorialmediterrania.com\/en\/product\/el-museu-dart-den-babar\/\"]}]},{\"@type\":\"ImageObject\",\"inLanguage\":\"en-US\",\"@id\":\"https:\/\/editorialmediterrania.com\/en\/product\/el-museu-dart-den-babar\/#primaryimage\",\"url\":\"https:\/\/editorialmediterrania.com\/wp-content\/uploads\/2025\/01\/Mockup_Babar_CAT.png\",\"contentUrl\":\"https:\/\/editorialmediterrania.com\/wp-content\/uploads\/2025\/01\/Mockup_Babar_CAT.png\",\"width\":1080,\"height\":1350},{\"@type\":\"BreadcrumbList\",\"@id\":\"https:\/\/editorialmediterrania.com\/en\/product\/el-museu-dart-den-babar\/#breadcrumb\",\"itemListElement\":[{\"@type\":\"ListItem\",\"position\":1,\"name\":\"Children&#8217;s art book store\",\"item\":\"https:\/\/editorialmediterrania.com\/en\/childrens-art-book-store\/\"},{\"@type\":\"ListItem\",\"position\":2,\"name\":\"El museu d&#8217;art d&#8217;en Babar\"}]},{\"@type\":\"WebSite\",\"@id\":\"https:\/\/editorialmediterrania.com\/en\/#website\",\"url\":\"https:\/\/editorialmediterrania.com\/en\/\",\"name\":\"Editorial Mediterrania\",\"description\":\"Llibres que t\u2019obriran nous mons\",\"publisher\":{\"@id\":\"https:\/\/editorialmediterrania.com\/en\/#organization\"},\"alternateName\":\"Llibres infantils d'art, cultura i natura\",\"potentialAction\":[{\"@type\":\"SearchAction\",\"target\":{\"@type\":\"EntryPoint\",\"urlTemplate\":\"https:\/\/editorialmediterrania.com\/en\/?s={search_term_string}\"},\"query-input\":\"required name=search_term_string\"}],\"inLanguage\":\"en-US\"},{\"@type\":\"Organization\",\"@id\":\"https:\/\/editorialmediterrania.com\/en\/#organization\",\"name\":\"Editorial Mediterrania\",\"alternateName\":\"Llibres d'art, cultura i natura per infants i fam\u00edlies\",\"url\":\"https:\/\/editorialmediterrania.com\/en\/\",\"logo\":{\"@type\":\"ImageObject\",\"inLanguage\":\"en-US\",\"@id\":\"https:\/\/editorialmediterrania.com\/en\/#\/schema\/logo\/image\/\",\"url\":\"https:\/\/editorialmediterrania.com\/wp-content\/uploads\/2023\/03\/LOGO-ED_MEDITERRANIA_OK-2.png\",\"contentUrl\":\"https:\/\/editorialmediterrania.com\/wp-content\/uploads\/2023\/03\/LOGO-ED_MEDITERRANIA_OK-2.png\",\"width\":1200,\"height\":300,\"caption\":\"Editorial Mediterrania\"},\"image\":{\"@id\":\"https:\/\/editorialmediterrania.com\/en\/#\/schema\/logo\/image\/\"},\"sameAs\":[\"https:\/\/x.com\/edmediterrania\",\"https:\/\/www.instagram.com\/editorialmediterrania\/\"]}]}<\/script>\n<!-- \/ Yoast SEO plugin. -->","yoast_head_json":{"title":"El museu d'art d'en Babar - Editorial Mediterr\u00e0nia","description":"La fam\u00edlia Babar ha tingut la idea de convertir l\u2019antiga estaci\u00f3 de tren de Villa Celeste en un museu \u00fanic, ple d\u2019obres d\u2019art i escultures de tot el m\u00f3n.","robots":{"index":"index","follow":"follow","max-snippet":"max-snippet:-1","max-image-preview":"max-image-preview:large","max-video-preview":"max-video-preview:-1"},"canonical":"https:\/\/editorialmediterrania.com\/en\/product\/el-museu-dart-den-babar\/","og_locale":"en_US","og_type":"article","og_title":"El museu d'art d'en Babar - Editorial Mediterr\u00e0nia","og_description":"La fam\u00edlia Babar ha tingut la idea de convertir l\u2019antiga estaci\u00f3 de tren de Villa Celeste en un museu \u00fanic, ple d\u2019obres d\u2019art i escultures de tot el m\u00f3n.","og_url":"https:\/\/editorialmediterrania.com\/en\/product\/el-museu-dart-den-babar\/","og_site_name":"Editorial Mediterr\u00e0nia","article_modified_time":"2025-11-07T11:43:17+00:00","og_image":[{"width":1080,"height":1350,"url":"https:\/\/editorialmediterrania.com\/wp-content\/uploads\/2025\/01\/Mockup_Babar_CAT.png","type":"image\/png"}],"twitter_card":"summary_large_image","twitter_site":"@edmediterrania","twitter_misc":{"Est. reading time":"2 minutes"},"schema":{"@context":"https:\/\/schema.org","@graph":[{"@type":"WebPage","@id":"https:\/\/editorialmediterrania.com\/en\/product\/el-museu-dart-den-babar\/","url":"https:\/\/editorialmediterrania.com\/en\/product\/el-museu-dart-den-babar\/","name":"El museu d'art d'en Babar - Editorial Mediterr\u00e0nia","isPartOf":{"@id":"https:\/\/editorialmediterrania.com\/en\/#website"},"primaryImageOfPage":{"@id":"https:\/\/editorialmediterrania.com\/en\/product\/el-museu-dart-den-babar\/#primaryimage"},"image":{"@id":"https:\/\/editorialmediterrania.com\/en\/product\/el-museu-dart-den-babar\/#primaryimage"},"thumbnailUrl":"https:\/\/editorialmediterrania.com\/wp-content\/uploads\/2025\/01\/Mockup_Babar_CAT.png","datePublished":"2025-01-31T09:51:54+00:00","dateModified":"2025-11-07T11:43:17+00:00","description":"La fam\u00edlia Babar ha tingut la idea de convertir l\u2019antiga estaci\u00f3 de tren de Villa Celeste en un museu \u00fanic, ple d\u2019obres d\u2019art i escultures de tot el m\u00f3n.","breadcrumb":{"@id":"https:\/\/editorialmediterrania.com\/en\/product\/el-museu-dart-den-babar\/#breadcrumb"},"inLanguage":"en-US","potentialAction":[{"@type":"ReadAction","target":["https:\/\/editorialmediterrania.com\/en\/product\/el-museu-dart-den-babar\/"]}]},{"@type":"ImageObject","inLanguage":"en-US","@id":"https:\/\/editorialmediterrania.com\/en\/product\/el-museu-dart-den-babar\/#primaryimage","url":"https:\/\/editorialmediterrania.com\/wp-content\/uploads\/2025\/01\/Mockup_Babar_CAT.png","contentUrl":"https:\/\/editorialmediterrania.com\/wp-content\/uploads\/2025\/01\/Mockup_Babar_CAT.png","width":1080,"height":1350},{"@type":"BreadcrumbList","@id":"https:\/\/editorialmediterrania.com\/en\/product\/el-museu-dart-den-babar\/#breadcrumb","itemListElement":[{"@type":"ListItem","position":1,"name":"Children&#8217;s art book store","item":"https:\/\/editorialmediterrania.com\/en\/childrens-art-book-store\/"},{"@type":"ListItem","position":2,"name":"El museu d&#8217;art d&#8217;en Babar"}]},{"@type":"WebSite","@id":"https:\/\/editorialmediterrania.com\/en\/#website","url":"https:\/\/editorialmediterrania.com\/en\/","name":"Editorial Mediterrania","description":"Llibres que t\u2019obriran nous mons","publisher":{"@id":"https:\/\/editorialmediterrania.com\/en\/#organization"},"alternateName":"Llibres infantils d'art, cultura i natura","potentialAction":[{"@type":"SearchAction","target":{"@type":"EntryPoint","urlTemplate":"https:\/\/editorialmediterrania.com\/en\/?s={search_term_string}"},"query-input":"required name=search_term_string"}],"inLanguage":"en-US"},{"@type":"Organization","@id":"https:\/\/editorialmediterrania.com\/en\/#organization","name":"Editorial Mediterrania","alternateName":"Llibres d'art, cultura i natura per infants i fam\u00edlies","url":"https:\/\/editorialmediterrania.com\/en\/","logo":{"@type":"ImageObject","inLanguage":"en-US","@id":"https:\/\/editorialmediterrania.com\/en\/#\/schema\/logo\/image\/","url":"https:\/\/editorialmediterrania.com\/wp-content\/uploads\/2023\/03\/LOGO-ED_MEDITERRANIA_OK-2.png","contentUrl":"https:\/\/editorialmediterrania.com\/wp-content\/uploads\/2023\/03\/LOGO-ED_MEDITERRANIA_OK-2.png","width":1200,"height":300,"caption":"Editorial Mediterrania"},"image":{"@id":"https:\/\/editorialmediterrania.com\/en\/#\/schema\/logo\/image\/"},"sameAs":["https:\/\/x.com\/edmediterrania","https:\/\/www.instagram.com\/editorialmediterrania\/"]}]}},"_links":{"self":[{"href":"https:\/\/editorialmediterrania.com\/en\/wp-json\/wp\/v2\/product\/46209","targetHints":{"allow":["GET"]}}],"collection":[{"href":"https:\/\/editorialmediterrania.com\/en\/wp-json\/wp\/v2\/product"}],"about":[{"href":"https:\/\/editorialmediterrania.com\/en\/wp-json\/wp\/v2\/types\/product"}],"wp:featuredmedia":[{"embeddable":true,"href":"https:\/\/editorialmediterrania.com\/en\/wp-json\/wp\/v2\/media\/46351"}],"wp:attachment":[{"href":"https:\/\/editorialmediterrania.com\/en\/wp-json\/wp\/v2\/media?parent=46209"}],"wp:term":[{"taxonomy":"product_cat","embeddable":true,"href":"https:\/\/editorialmediterrania.com\/en\/wp-json\/wp\/v2\/product_cat?post=46209"},{"taxonomy":"product_tag","embeddable":true,"href":"https:\/\/editorialmediterrania.com\/en\/wp-json\/wp\/v2\/product_tag?post=46209"},{"taxonomy":"autors","embeddable":true,"href":"https:\/\/editorialmediterrania.com\/en\/wp-json\/wp\/v2\/autors?post=46209"}],"curies":[{"name":"wp","href":"https:\/\/api.w.org\/{rel}","templated":true}]}}