{"id":46266,"date":"2025-02-05T11:37:26","date_gmt":"2025-02-05T10:37:26","guid":{"rendered":"https:\/\/editorialmediterrania.com\/producte\/les-meves-petites-histories-edicio-limitada\/"},"modified":"2025-02-05T11:37:26","modified_gmt":"2025-02-05T10:37:26","slug":"les-meves-petites-histories-edicio-limitada","status":"publish","type":"product","link":"https:\/\/editorialmediterrania.com\/en\/product\/les-meves-petites-histories-edicio-limitada\/","title":{"rendered":"LES MEVES PETITES HIST\u00d2RIES (edici\u00f3 limitada)"},"content":{"rendered":"<p>Ara tens l\u2019oportunitat de fer-te amb les teves <strong>Petites hist\u00f2ries<\/strong> preferides en una <strong>edici\u00f3 limitada<\/strong> en la que s\u2019inclouen els <strong>contes<\/strong> infantils il\u00b7lustrats per la <strong>Pilar\u00edn Bay\u00e9s<\/strong>, una caixa contenidora i una <strong>l\u00e0mina in\u00e8dita<\/strong>. Amb les Petites hist\u00f2ries, les fam\u00edlies coneixeran tot all\u00f2 que configura<strong> l\u2019imaginari col\u00b7lectiu de Catalunya:<\/strong> qui som, com som i d\u2019on venim.<\/p>\n<p>Aquesta edici\u00f3 exclusiva inclou:<\/p>\n<ul>\n<li><strong>20 llibres<\/strong> per descobrir la hist\u00f2ria i cultura de Catalunya<\/li>\n<li><strong>Una caixa col\u00b7leccionista<\/strong> per guardar-los amb estil<\/li>\n<li><strong>Una l\u00e0mina in\u00e8dita<\/strong> d\u2019obsequi<\/li>\n<\/ul>\n","protected":false},"excerpt":{"rendered":"<h3>20 t\u00edtols inclosos:<\/h3>\n<ul>\n<li><strong><em>Petita hist\u00f2ria de Catalunya<\/em><\/strong><\/li>\n<li><strong><em>Petita hist\u00f2ria de Dal\u00ed<\/em><\/strong><\/li>\n<li><strong><em>Petita hist\u00f2ria de Gaud\u00ed<\/em><\/strong><\/li>\n<li><strong><em>Petita hist\u00f2ria de Montserrat<\/em><\/strong><\/li>\n<li><strong><em>Petita hist\u00f2ria de Salvador Espriu<\/em><\/strong><\/li>\n<li><strong><em>Petita hist\u00f2ria de Sant Jordi<\/em><\/strong><\/li>\n<li><strong><em>Petita hist\u00f2ria de T\u00e0rraco<\/em><\/strong><\/li>\n<li><strong><em>Petita hist\u00f2ria de Toulouse-Lautrec<\/em><\/strong><\/li>\n<li><strong><em>Petita hist\u00f2ria de Mozart<\/em><\/strong><\/li>\n<li><strong><em>Petita hist\u00f2ria de la Casa Batll\u00f3<\/em><\/strong><\/li>\n<li><strong><em>Petita hist\u00f2ria de la Catedral de Mallorca<\/em><\/strong><\/li>\n<li><strong><em>Petita hist\u00f2ria de la Festa de la Ratafia<\/em><\/strong><\/li>\n<li><strong><em>Petita hist\u00f2ria de La Patum de Berga<\/em><\/strong><\/li>\n<li><strong><em>Petita hist\u00f2ria de l\u2019Editorial Mediterr\u00e0nia<\/em><\/strong><\/li>\n<li><strong><em>Petita hist\u00f2ria de l\u2019Oli d\u2019Oliva<\/em><\/strong><\/li>\n<li><strong><em>Petita hist\u00f2ria de les Vies Verdes de Girona<\/em><\/strong><\/li>\n<li><strong><em>Petita hist\u00f2ria del MNACTEC<\/em><\/strong><\/li>\n<li><strong><em>Petita hist\u00f2ria del Monestir de Poblet<\/em><\/strong><\/li>\n<li><strong><em>Petita hist\u00f2ria dels Castellers<\/em><\/strong><\/li>\n<li><strong><em>Petita hist\u00f2ria dels gegants i gegantes de Catalunya<\/em><\/strong><\/li>\n<\/ul>\n","protected":false},"featured_media":46234,"template":"","meta":[],"product_cat":[31,161],"product_tag":[1969],"autors":[],"class_list":{"0":"post-46266","1":"product","2":"type-product","3":"status-publish","4":"has-post-thumbnail","6":"product_cat-editorial-mediterrania","7":"product_cat-little-stories","8":"product_tag-little-histories","10":"first","11":"instock","12":"taxable","13":"shipping-taxable","14":"purchasable","15":"product-type-simple","swatches":"rey-swatches","show_selected":""},"acf":[],"yoast_head":"<!-- This site is optimized with the Yoast SEO plugin v22.8 - https:\/\/yoast.com\/wordpress\/plugins\/seo\/ -->\n<title>LES MEVES PETITES HIST\u00d2RIES (edici\u00f3 limitada) - Editorial Mediterr\u00e0nia<\/title>\n<meta name=\"description\" content=\"Descobreix un m\u00f3n de meravelles a trav\u00e9s dels llibres de la nostra editorial especialitzada en art, cultura i natura per a fam\u00edlies. Amb il\u00b7lustracions fascinants i hist\u00f2ries enriquidores, inspirem el descobriment i la curiositat en petits i grans, connectant-los amb el patrimoni cultural i el meravell\u00f3s m\u00f3n natural que ens envolta\" \/>\n<meta name=\"robots\" content=\"index, follow, max-snippet:-1, max-image-preview:large, max-video-preview:-1\" \/>\n<link rel=\"canonical\" href=\"https:\/\/editorialmediterrania.com\/en\/product\/les-meves-petites-histories-edicio-limitada\/\" \/>\n<meta property=\"og:locale\" content=\"en_US\" \/>\n<meta property=\"og:type\" content=\"article\" \/>\n<meta property=\"og:title\" content=\"LES MEVES PETITES HIST\u00d2RIES (edici\u00f3 limitada) - Editorial Mediterr\u00e0nia\" \/>\n<meta property=\"og:description\" content=\"Descobreix un m\u00f3n de meravelles a trav\u00e9s dels llibres de la nostra editorial especialitzada en art, cultura i natura per a fam\u00edlies. Amb il\u00b7lustracions fascinants i hist\u00f2ries enriquidores, inspirem el descobriment i la curiositat en petits i grans, connectant-los amb el patrimoni cultural i el meravell\u00f3s m\u00f3n natural que ens envolta\" \/>\n<meta property=\"og:url\" content=\"https:\/\/editorialmediterrania.com\/en\/product\/les-meves-petites-histories-edicio-limitada\/\" \/>\n<meta property=\"og:site_name\" content=\"Editorial Mediterr\u00e0nia\" \/>\n<meta property=\"og:image\" content=\"https:\/\/editorialmediterrania.com\/wp-content\/uploads\/2023\/03\/cropped-LOGO-ED_MEDITERRANIA_OK-2.png\" \/>\n\t<meta property=\"og:image:width\" content=\"512\" \/>\n\t<meta property=\"og:image:height\" content=\"512\" \/>\n\t<meta property=\"og:image:type\" content=\"image\/png\" \/>\n<meta name=\"twitter:card\" content=\"summary_large_image\" \/>\n<meta name=\"twitter:site\" content=\"@edmediterrania\" \/>\n<script type=\"application\/ld+json\" class=\"yoast-schema-graph\">{\"@context\":\"https:\/\/schema.org\",\"@graph\":[{\"@type\":\"WebPage\",\"@id\":\"https:\/\/editorialmediterrania.com\/en\/product\/les-meves-petites-histories-edicio-limitada\/\",\"url\":\"https:\/\/editorialmediterrania.com\/en\/product\/les-meves-petites-histories-edicio-limitada\/\",\"name\":\"LES MEVES PETITES HIST\u00d2RIES (edici\u00f3 limitada) - Editorial Mediterr\u00e0nia\",\"isPartOf\":{\"@id\":\"https:\/\/editorialmediterrania.com\/en\/#website\"},\"primaryImageOfPage\":{\"@id\":\"https:\/\/editorialmediterrania.com\/en\/product\/les-meves-petites-histories-edicio-limitada\/#primaryimage\"},\"image\":{\"@id\":\"https:\/\/editorialmediterrania.com\/en\/product\/les-meves-petites-histories-edicio-limitada\/#primaryimage\"},\"thumbnailUrl\":\"https:\/\/editorialmediterrania.com\/wp-content\/uploads\/2025\/02\/MOCKUP-PACKAGING-FICTICI.jpg\",\"datePublished\":\"2025-02-05T10:37:26+00:00\",\"dateModified\":\"2025-02-05T10:37:26+00:00\",\"description\":\"Descobreix un m\u00f3n de meravelles a trav\u00e9s dels llibres de la nostra editorial especialitzada en art, cultura i natura per a fam\u00edlies. Amb il\u00b7lustracions fascinants i hist\u00f2ries enriquidores, inspirem el descobriment i la curiositat en petits i grans, connectant-los amb el patrimoni cultural i el meravell\u00f3s m\u00f3n natural que ens envolta\",\"breadcrumb\":{\"@id\":\"https:\/\/editorialmediterrania.com\/en\/product\/les-meves-petites-histories-edicio-limitada\/#breadcrumb\"},\"inLanguage\":\"en-US\",\"potentialAction\":[{\"@type\":\"ReadAction\",\"target\":[\"https:\/\/editorialmediterrania.com\/en\/product\/les-meves-petites-histories-edicio-limitada\/\"]}]},{\"@type\":\"ImageObject\",\"inLanguage\":\"en-US\",\"@id\":\"https:\/\/editorialmediterrania.com\/en\/product\/les-meves-petites-histories-edicio-limitada\/#primaryimage\",\"url\":\"https:\/\/editorialmediterrania.com\/wp-content\/uploads\/2025\/02\/MOCKUP-PACKAGING-FICTICI.jpg\",\"contentUrl\":\"https:\/\/editorialmediterrania.com\/wp-content\/uploads\/2025\/02\/MOCKUP-PACKAGING-FICTICI.jpg\",\"width\":1280,\"height\":720,\"caption\":\"les meves petites hist\u00f2ries\"},{\"@type\":\"BreadcrumbList\",\"@id\":\"https:\/\/editorialmediterrania.com\/en\/product\/les-meves-petites-histories-edicio-limitada\/#breadcrumb\",\"itemListElement\":[{\"@type\":\"ListItem\",\"position\":1,\"name\":\"Children&#8217;s art book store\",\"item\":\"https:\/\/editorialmediterrania.com\/en\/childrens-art-book-store\/\"},{\"@type\":\"ListItem\",\"position\":2,\"name\":\"LES MEVES PETITES HIST\u00d2RIES (edici\u00f3 limitada)\"}]},{\"@type\":\"WebSite\",\"@id\":\"https:\/\/editorialmediterrania.com\/en\/#website\",\"url\":\"https:\/\/editorialmediterrania.com\/en\/\",\"name\":\"Editorial Mediterrania\",\"description\":\"Llibres que t\u2019obriran nous mons\",\"publisher\":{\"@id\":\"https:\/\/editorialmediterrania.com\/en\/#organization\"},\"alternateName\":\"Llibres infantils d'art, cultura i natura\",\"potentialAction\":[{\"@type\":\"SearchAction\",\"target\":{\"@type\":\"EntryPoint\",\"urlTemplate\":\"https:\/\/editorialmediterrania.com\/en\/?s={search_term_string}\"},\"query-input\":\"required name=search_term_string\"}],\"inLanguage\":\"en-US\"},{\"@type\":\"Organization\",\"@id\":\"https:\/\/editorialmediterrania.com\/en\/#organization\",\"name\":\"Editorial Mediterrania\",\"alternateName\":\"Llibres d'art, cultura i natura per infants i fam\u00edlies\",\"url\":\"https:\/\/editorialmediterrania.com\/en\/\",\"logo\":{\"@type\":\"ImageObject\",\"inLanguage\":\"en-US\",\"@id\":\"https:\/\/editorialmediterrania.com\/en\/#\/schema\/logo\/image\/\",\"url\":\"https:\/\/editorialmediterrania.com\/wp-content\/uploads\/2023\/03\/LOGO-ED_MEDITERRANIA_OK-2.png\",\"contentUrl\":\"https:\/\/editorialmediterrania.com\/wp-content\/uploads\/2023\/03\/LOGO-ED_MEDITERRANIA_OK-2.png\",\"width\":1200,\"height\":300,\"caption\":\"Editorial Mediterrania\"},\"image\":{\"@id\":\"https:\/\/editorialmediterrania.com\/en\/#\/schema\/logo\/image\/\"},\"sameAs\":[\"https:\/\/x.com\/edmediterrania\",\"https:\/\/www.instagram.com\/editorialmediterrania\/\"]}]}<\/script>\n<!-- \/ Yoast SEO plugin. -->","yoast_head_json":{"title":"LES MEVES PETITES HIST\u00d2RIES (edici\u00f3 limitada) - Editorial Mediterr\u00e0nia","description":"Descobreix un m\u00f3n de meravelles a trav\u00e9s dels llibres de la nostra editorial especialitzada en art, cultura i natura per a fam\u00edlies. Amb il\u00b7lustracions fascinants i hist\u00f2ries enriquidores, inspirem el descobriment i la curiositat en petits i grans, connectant-los amb el patrimoni cultural i el meravell\u00f3s m\u00f3n natural que ens envolta","robots":{"index":"index","follow":"follow","max-snippet":"max-snippet:-1","max-image-preview":"max-image-preview:large","max-video-preview":"max-video-preview:-1"},"canonical":"https:\/\/editorialmediterrania.com\/en\/product\/les-meves-petites-histories-edicio-limitada\/","og_locale":"en_US","og_type":"article","og_title":"LES MEVES PETITES HIST\u00d2RIES (edici\u00f3 limitada) - Editorial Mediterr\u00e0nia","og_description":"Descobreix un m\u00f3n de meravelles a trav\u00e9s dels llibres de la nostra editorial especialitzada en art, cultura i natura per a fam\u00edlies. Amb il\u00b7lustracions fascinants i hist\u00f2ries enriquidores, inspirem el descobriment i la curiositat en petits i grans, connectant-los amb el patrimoni cultural i el meravell\u00f3s m\u00f3n natural que ens envolta","og_url":"https:\/\/editorialmediterrania.com\/en\/product\/les-meves-petites-histories-edicio-limitada\/","og_site_name":"Editorial Mediterr\u00e0nia","og_image":[{"width":512,"height":512,"url":"https:\/\/editorialmediterrania.com\/wp-content\/uploads\/2023\/03\/cropped-LOGO-ED_MEDITERRANIA_OK-2.png","type":"image\/png"}],"twitter_card":"summary_large_image","twitter_site":"@edmediterrania","schema":{"@context":"https:\/\/schema.org","@graph":[{"@type":"WebPage","@id":"https:\/\/editorialmediterrania.com\/en\/product\/les-meves-petites-histories-edicio-limitada\/","url":"https:\/\/editorialmediterrania.com\/en\/product\/les-meves-petites-histories-edicio-limitada\/","name":"LES MEVES PETITES HIST\u00d2RIES (edici\u00f3 limitada) - Editorial Mediterr\u00e0nia","isPartOf":{"@id":"https:\/\/editorialmediterrania.com\/en\/#website"},"primaryImageOfPage":{"@id":"https:\/\/editorialmediterrania.com\/en\/product\/les-meves-petites-histories-edicio-limitada\/#primaryimage"},"image":{"@id":"https:\/\/editorialmediterrania.com\/en\/product\/les-meves-petites-histories-edicio-limitada\/#primaryimage"},"thumbnailUrl":"https:\/\/editorialmediterrania.com\/wp-content\/uploads\/2025\/02\/MOCKUP-PACKAGING-FICTICI.jpg","datePublished":"2025-02-05T10:37:26+00:00","dateModified":"2025-02-05T10:37:26+00:00","description":"Descobreix un m\u00f3n de meravelles a trav\u00e9s dels llibres de la nostra editorial especialitzada en art, cultura i natura per a fam\u00edlies. Amb il\u00b7lustracions fascinants i hist\u00f2ries enriquidores, inspirem el descobriment i la curiositat en petits i grans, connectant-los amb el patrimoni cultural i el meravell\u00f3s m\u00f3n natural que ens envolta","breadcrumb":{"@id":"https:\/\/editorialmediterrania.com\/en\/product\/les-meves-petites-histories-edicio-limitada\/#breadcrumb"},"inLanguage":"en-US","potentialAction":[{"@type":"ReadAction","target":["https:\/\/editorialmediterrania.com\/en\/product\/les-meves-petites-histories-edicio-limitada\/"]}]},{"@type":"ImageObject","inLanguage":"en-US","@id":"https:\/\/editorialmediterrania.com\/en\/product\/les-meves-petites-histories-edicio-limitada\/#primaryimage","url":"https:\/\/editorialmediterrania.com\/wp-content\/uploads\/2025\/02\/MOCKUP-PACKAGING-FICTICI.jpg","contentUrl":"https:\/\/editorialmediterrania.com\/wp-content\/uploads\/2025\/02\/MOCKUP-PACKAGING-FICTICI.jpg","width":1280,"height":720,"caption":"les meves petites hist\u00f2ries"},{"@type":"BreadcrumbList","@id":"https:\/\/editorialmediterrania.com\/en\/product\/les-meves-petites-histories-edicio-limitada\/#breadcrumb","itemListElement":[{"@type":"ListItem","position":1,"name":"Children&#8217;s art book store","item":"https:\/\/editorialmediterrania.com\/en\/childrens-art-book-store\/"},{"@type":"ListItem","position":2,"name":"LES MEVES PETITES HIST\u00d2RIES (edici\u00f3 limitada)"}]},{"@type":"WebSite","@id":"https:\/\/editorialmediterrania.com\/en\/#website","url":"https:\/\/editorialmediterrania.com\/en\/","name":"Editorial Mediterrania","description":"Llibres que t\u2019obriran nous mons","publisher":{"@id":"https:\/\/editorialmediterrania.com\/en\/#organization"},"alternateName":"Llibres infantils d'art, cultura i natura","potentialAction":[{"@type":"SearchAction","target":{"@type":"EntryPoint","urlTemplate":"https:\/\/editorialmediterrania.com\/en\/?s={search_term_string}"},"query-input":"required name=search_term_string"}],"inLanguage":"en-US"},{"@type":"Organization","@id":"https:\/\/editorialmediterrania.com\/en\/#organization","name":"Editorial Mediterrania","alternateName":"Llibres d'art, cultura i natura per infants i fam\u00edlies","url":"https:\/\/editorialmediterrania.com\/en\/","logo":{"@type":"ImageObject","inLanguage":"en-US","@id":"https:\/\/editorialmediterrania.com\/en\/#\/schema\/logo\/image\/","url":"https:\/\/editorialmediterrania.com\/wp-content\/uploads\/2023\/03\/LOGO-ED_MEDITERRANIA_OK-2.png","contentUrl":"https:\/\/editorialmediterrania.com\/wp-content\/uploads\/2023\/03\/LOGO-ED_MEDITERRANIA_OK-2.png","width":1200,"height":300,"caption":"Editorial Mediterrania"},"image":{"@id":"https:\/\/editorialmediterrania.com\/en\/#\/schema\/logo\/image\/"},"sameAs":["https:\/\/x.com\/edmediterrania","https:\/\/www.instagram.com\/editorialmediterrania\/"]}]}},"_links":{"self":[{"href":"https:\/\/editorialmediterrania.com\/en\/wp-json\/wp\/v2\/product\/46266","targetHints":{"allow":["GET"]}}],"collection":[{"href":"https:\/\/editorialmediterrania.com\/en\/wp-json\/wp\/v2\/product"}],"about":[{"href":"https:\/\/editorialmediterrania.com\/en\/wp-json\/wp\/v2\/types\/product"}],"wp:featuredmedia":[{"embeddable":true,"href":"https:\/\/editorialmediterrania.com\/en\/wp-json\/wp\/v2\/media\/46234"}],"wp:attachment":[{"href":"https:\/\/editorialmediterrania.com\/en\/wp-json\/wp\/v2\/media?parent=46266"}],"wp:term":[{"taxonomy":"product_cat","embeddable":true,"href":"https:\/\/editorialmediterrania.com\/en\/wp-json\/wp\/v2\/product_cat?post=46266"},{"taxonomy":"product_tag","embeddable":true,"href":"https:\/\/editorialmediterrania.com\/en\/wp-json\/wp\/v2\/product_tag?post=46266"},{"taxonomy":"autors","embeddable":true,"href":"https:\/\/editorialmediterrania.com\/en\/wp-json\/wp\/v2\/autors?post=46266"}],"curies":[{"name":"wp","href":"https:\/\/api.w.org\/{rel}","templated":true}]}}