{"id":46277,"date":"2025-02-10T16:21:26","date_gmt":"2025-02-10T15:21:26","guid":{"rendered":"https:\/\/editorialmediterrania.com\/?post_type=product&#038;p=46277"},"modified":"2026-02-13T11:22:23","modified_gmt":"2026-02-13T10:22:23","slug":"mirada-estrabica-una-canco-contada-de-xiula","status":"publish","type":"product","link":"https:\/\/editorialmediterrania.com\/en\/product\/mirada-estrabica-una-canco-contada-de-xiula\/","title":{"rendered":"Mirada estr\u00e0bica. Una can\u00e7\u00f3 contada de Xiula"},"content":{"rendered":"<h2>Sabies que&#8230;<\/h2>\n<ul>\n<li>Pots escoltar les can\u00e7ons a\u00a0<a title=\"Ves a Spotify\" href=\"https:\/\/open.spotify.com\/intl-es\/track\/4IPN2ZrzpCavy6Alm9FPLA?si=6fb4253c811c48a4\" target=\"_blank\" rel=\"noopener\"><strong>Spotify<\/strong><\/a>\u00a0i a\u00a0<a title=\"Ves a Youtube\" href=\"https:\/\/youtu.be\/eMJ7ECjHl6o\" target=\"_blank\" rel=\"noopener\"><strong>Youtube<\/strong><\/a>.<\/li>\n<li>Pots con\u00e8ixer millor el conte <strong><a href=\"https:\/\/www.instagram.com\/reel\/DHX5FQgtq9b\/?utm_source=ig_web_copy_link\" target=\"_blank\" rel=\"noopener\">aqu\u00ed<\/a><\/strong>.<\/li>\n<\/ul>\n<h2><a title=\"Enlla\u00e7 als nostres contes\" href=\"https:\/\/editorialmediterrania.com\/en\/collections\/nanit-en\/\" target=\"_blank\" rel=\"noopener\">Trobar\u00e0s\u00a0m\u00e9s can\u00e7ons contades aqu\u00ed!<\/a><\/h2>\n","protected":false},"excerpt":{"rendered":"<p>Tant la Berta com el Patrick, l\u2019Ona o el Yussuf tenen una cosa\u00a0en com\u00fa: tots s\u00f3n diferents i alhora ben iguals. Com la Lluna,\u00a0que ens ensenya com mirar-los amb amor i sense jutjar all\u00f2\u00a0que els fa especials.<\/p>\n<p><strong>Mirada estr\u00e0bica<\/strong> \u00e9s un llibre basat en la can\u00e7\u00f3 de <strong>Xiula<\/strong>\u00a0que pret\u00e9n visibilitzar de manera amena i sense embuts\u00a0la diversitat familiar, intel\u00b7lectual o f\u00edsica.<\/p>\n<p>Tots els escenaris, protagonistes i fam\u00edlies especials que\u00a0apareixen en el conte sorgeixen de la necessitat de crear nous\u00a0imaginaris per a infants a trav\u00e9s de la m\u00fasica i els contes.<\/p>\n","protected":false},"featured_media":46331,"template":"","meta":[],"product_cat":[6500],"product_tag":[],"autors":[],"class_list":{"0":"post-46277","1":"product","2":"type-product","3":"status-publish","4":"has-post-thumbnail","6":"product_cat-nanit","8":"first","9":"instock","10":"taxable","11":"shipping-taxable","12":"purchasable","13":"product-type-simple","swatches":"rey-swatches","show_selected":""},"acf":[],"yoast_head":"<!-- This site is optimized with the Yoast SEO plugin v22.8 - https:\/\/yoast.com\/wordpress\/plugins\/seo\/ -->\n<title>Mirada estr\u00e0bica. Una can\u00e7\u00f3 contada de Xiula - Editorial Mediterr\u00e0nia<\/title>\n<meta name=\"description\" content=\"Ol\u00edvia, una can\u00e7\u00f3 contada de The Tyets que celebra les noves etapes de la vida quan arriba un nou membre a la fam\u00edlia i els valors de la mateixa.\" \/>\n<meta name=\"robots\" content=\"index, follow, max-snippet:-1, max-image-preview:large, max-video-preview:-1\" \/>\n<link rel=\"canonical\" href=\"https:\/\/editorialmediterrania.com\/en\/product\/mirada-estrabica-una-canco-contada-de-xiula\/\" \/>\n<meta property=\"og:locale\" content=\"en_US\" \/>\n<meta property=\"og:type\" content=\"article\" \/>\n<meta property=\"og:title\" content=\"Mirada estr\u00e0bica. Una can\u00e7\u00f3 contada de Xiula - Editorial Mediterr\u00e0nia\" \/>\n<meta property=\"og:description\" content=\"Ol\u00edvia, una can\u00e7\u00f3 contada de The Tyets que celebra les noves etapes de la vida quan arriba un nou membre a la fam\u00edlia i els valors de la mateixa.\" \/>\n<meta property=\"og:url\" content=\"https:\/\/editorialmediterrania.com\/en\/product\/mirada-estrabica-una-canco-contada-de-xiula\/\" \/>\n<meta property=\"og:site_name\" content=\"Editorial Mediterr\u00e0nia\" \/>\n<meta property=\"article:modified_time\" content=\"2026-02-13T10:22:23+00:00\" \/>\n<meta property=\"og:image\" content=\"https:\/\/editorialmediterrania.com\/wp-content\/uploads\/2025\/02\/EDITS-POSTS-3.png\" \/>\n\t<meta property=\"og:image:width\" content=\"1080\" \/>\n\t<meta property=\"og:image:height\" content=\"1080\" \/>\n\t<meta property=\"og:image:type\" content=\"image\/png\" \/>\n<meta name=\"twitter:card\" content=\"summary_large_image\" \/>\n<meta name=\"twitter:site\" content=\"@edmediterrania\" \/>\n<meta name=\"twitter:label1\" content=\"Est. reading time\" \/>\n\t<meta name=\"twitter:data1\" content=\"1 minute\" \/>\n<script type=\"application\/ld+json\" class=\"yoast-schema-graph\">{\"@context\":\"https:\/\/schema.org\",\"@graph\":[{\"@type\":\"WebPage\",\"@id\":\"https:\/\/editorialmediterrania.com\/en\/product\/mirada-estrabica-una-canco-contada-de-xiula\/\",\"url\":\"https:\/\/editorialmediterrania.com\/en\/product\/mirada-estrabica-una-canco-contada-de-xiula\/\",\"name\":\"Mirada estr\u00e0bica. Una can\u00e7\u00f3 contada de Xiula - Editorial Mediterr\u00e0nia\",\"isPartOf\":{\"@id\":\"https:\/\/editorialmediterrania.com\/en\/#website\"},\"primaryImageOfPage\":{\"@id\":\"https:\/\/editorialmediterrania.com\/en\/product\/mirada-estrabica-una-canco-contada-de-xiula\/#primaryimage\"},\"image\":{\"@id\":\"https:\/\/editorialmediterrania.com\/en\/product\/mirada-estrabica-una-canco-contada-de-xiula\/#primaryimage\"},\"thumbnailUrl\":\"https:\/\/editorialmediterrania.com\/wp-content\/uploads\/2025\/02\/EDITS-POSTS-3.png\",\"datePublished\":\"2025-02-10T15:21:26+00:00\",\"dateModified\":\"2026-02-13T10:22:23+00:00\",\"description\":\"Ol\u00edvia, una can\u00e7\u00f3 contada de The Tyets que celebra les noves etapes de la vida quan arriba un nou membre a la fam\u00edlia i els valors de la mateixa.\",\"breadcrumb\":{\"@id\":\"https:\/\/editorialmediterrania.com\/en\/product\/mirada-estrabica-una-canco-contada-de-xiula\/#breadcrumb\"},\"inLanguage\":\"en-US\",\"potentialAction\":[{\"@type\":\"ReadAction\",\"target\":[\"https:\/\/editorialmediterrania.com\/en\/product\/mirada-estrabica-una-canco-contada-de-xiula\/\"]}]},{\"@type\":\"ImageObject\",\"inLanguage\":\"en-US\",\"@id\":\"https:\/\/editorialmediterrania.com\/en\/product\/mirada-estrabica-una-canco-contada-de-xiula\/#primaryimage\",\"url\":\"https:\/\/editorialmediterrania.com\/wp-content\/uploads\/2025\/02\/EDITS-POSTS-3.png\",\"contentUrl\":\"https:\/\/editorialmediterrania.com\/wp-content\/uploads\/2025\/02\/EDITS-POSTS-3.png\",\"width\":1080,\"height\":1080,\"caption\":\"Mirada Estrabica\"},{\"@type\":\"BreadcrumbList\",\"@id\":\"https:\/\/editorialmediterrania.com\/en\/product\/mirada-estrabica-una-canco-contada-de-xiula\/#breadcrumb\",\"itemListElement\":[{\"@type\":\"ListItem\",\"position\":1,\"name\":\"Children&#8217;s art book store\",\"item\":\"https:\/\/editorialmediterrania.com\/en\/childrens-art-book-store\/\"},{\"@type\":\"ListItem\",\"position\":2,\"name\":\"Mirada estr\u00e0bica. Una can\u00e7\u00f3 contada de Xiula\"}]},{\"@type\":\"WebSite\",\"@id\":\"https:\/\/editorialmediterrania.com\/en\/#website\",\"url\":\"https:\/\/editorialmediterrania.com\/en\/\",\"name\":\"Editorial Mediterrania\",\"description\":\"Llibres que t\u2019obriran nous mons\",\"publisher\":{\"@id\":\"https:\/\/editorialmediterrania.com\/en\/#organization\"},\"alternateName\":\"Llibres infantils d'art, cultura i natura\",\"potentialAction\":[{\"@type\":\"SearchAction\",\"target\":{\"@type\":\"EntryPoint\",\"urlTemplate\":\"https:\/\/editorialmediterrania.com\/en\/?s={search_term_string}\"},\"query-input\":\"required name=search_term_string\"}],\"inLanguage\":\"en-US\"},{\"@type\":\"Organization\",\"@id\":\"https:\/\/editorialmediterrania.com\/en\/#organization\",\"name\":\"Editorial Mediterrania\",\"alternateName\":\"Llibres d'art, cultura i natura per infants i fam\u00edlies\",\"url\":\"https:\/\/editorialmediterrania.com\/en\/\",\"logo\":{\"@type\":\"ImageObject\",\"inLanguage\":\"en-US\",\"@id\":\"https:\/\/editorialmediterrania.com\/en\/#\/schema\/logo\/image\/\",\"url\":\"https:\/\/editorialmediterrania.com\/wp-content\/uploads\/2023\/03\/LOGO-ED_MEDITERRANIA_OK-2.png\",\"contentUrl\":\"https:\/\/editorialmediterrania.com\/wp-content\/uploads\/2023\/03\/LOGO-ED_MEDITERRANIA_OK-2.png\",\"width\":1200,\"height\":300,\"caption\":\"Editorial Mediterrania\"},\"image\":{\"@id\":\"https:\/\/editorialmediterrania.com\/en\/#\/schema\/logo\/image\/\"},\"sameAs\":[\"https:\/\/x.com\/edmediterrania\",\"https:\/\/www.instagram.com\/editorialmediterrania\/\"]}]}<\/script>\n<!-- \/ Yoast SEO plugin. -->","yoast_head_json":{"title":"Mirada estr\u00e0bica. Una can\u00e7\u00f3 contada de Xiula - Editorial Mediterr\u00e0nia","description":"Ol\u00edvia, una can\u00e7\u00f3 contada de The Tyets que celebra les noves etapes de la vida quan arriba un nou membre a la fam\u00edlia i els valors de la mateixa.","robots":{"index":"index","follow":"follow","max-snippet":"max-snippet:-1","max-image-preview":"max-image-preview:large","max-video-preview":"max-video-preview:-1"},"canonical":"https:\/\/editorialmediterrania.com\/en\/product\/mirada-estrabica-una-canco-contada-de-xiula\/","og_locale":"en_US","og_type":"article","og_title":"Mirada estr\u00e0bica. Una can\u00e7\u00f3 contada de Xiula - Editorial Mediterr\u00e0nia","og_description":"Ol\u00edvia, una can\u00e7\u00f3 contada de The Tyets que celebra les noves etapes de la vida quan arriba un nou membre a la fam\u00edlia i els valors de la mateixa.","og_url":"https:\/\/editorialmediterrania.com\/en\/product\/mirada-estrabica-una-canco-contada-de-xiula\/","og_site_name":"Editorial Mediterr\u00e0nia","article_modified_time":"2026-02-13T10:22:23+00:00","og_image":[{"width":1080,"height":1080,"url":"https:\/\/editorialmediterrania.com\/wp-content\/uploads\/2025\/02\/EDITS-POSTS-3.png","type":"image\/png"}],"twitter_card":"summary_large_image","twitter_site":"@edmediterrania","twitter_misc":{"Est. reading time":"1 minute"},"schema":{"@context":"https:\/\/schema.org","@graph":[{"@type":"WebPage","@id":"https:\/\/editorialmediterrania.com\/en\/product\/mirada-estrabica-una-canco-contada-de-xiula\/","url":"https:\/\/editorialmediterrania.com\/en\/product\/mirada-estrabica-una-canco-contada-de-xiula\/","name":"Mirada estr\u00e0bica. Una can\u00e7\u00f3 contada de Xiula - Editorial Mediterr\u00e0nia","isPartOf":{"@id":"https:\/\/editorialmediterrania.com\/en\/#website"},"primaryImageOfPage":{"@id":"https:\/\/editorialmediterrania.com\/en\/product\/mirada-estrabica-una-canco-contada-de-xiula\/#primaryimage"},"image":{"@id":"https:\/\/editorialmediterrania.com\/en\/product\/mirada-estrabica-una-canco-contada-de-xiula\/#primaryimage"},"thumbnailUrl":"https:\/\/editorialmediterrania.com\/wp-content\/uploads\/2025\/02\/EDITS-POSTS-3.png","datePublished":"2025-02-10T15:21:26+00:00","dateModified":"2026-02-13T10:22:23+00:00","description":"Ol\u00edvia, una can\u00e7\u00f3 contada de The Tyets que celebra les noves etapes de la vida quan arriba un nou membre a la fam\u00edlia i els valors de la mateixa.","breadcrumb":{"@id":"https:\/\/editorialmediterrania.com\/en\/product\/mirada-estrabica-una-canco-contada-de-xiula\/#breadcrumb"},"inLanguage":"en-US","potentialAction":[{"@type":"ReadAction","target":["https:\/\/editorialmediterrania.com\/en\/product\/mirada-estrabica-una-canco-contada-de-xiula\/"]}]},{"@type":"ImageObject","inLanguage":"en-US","@id":"https:\/\/editorialmediterrania.com\/en\/product\/mirada-estrabica-una-canco-contada-de-xiula\/#primaryimage","url":"https:\/\/editorialmediterrania.com\/wp-content\/uploads\/2025\/02\/EDITS-POSTS-3.png","contentUrl":"https:\/\/editorialmediterrania.com\/wp-content\/uploads\/2025\/02\/EDITS-POSTS-3.png","width":1080,"height":1080,"caption":"Mirada Estrabica"},{"@type":"BreadcrumbList","@id":"https:\/\/editorialmediterrania.com\/en\/product\/mirada-estrabica-una-canco-contada-de-xiula\/#breadcrumb","itemListElement":[{"@type":"ListItem","position":1,"name":"Children&#8217;s art book store","item":"https:\/\/editorialmediterrania.com\/en\/childrens-art-book-store\/"},{"@type":"ListItem","position":2,"name":"Mirada estr\u00e0bica. Una can\u00e7\u00f3 contada de Xiula"}]},{"@type":"WebSite","@id":"https:\/\/editorialmediterrania.com\/en\/#website","url":"https:\/\/editorialmediterrania.com\/en\/","name":"Editorial Mediterrania","description":"Llibres que t\u2019obriran nous mons","publisher":{"@id":"https:\/\/editorialmediterrania.com\/en\/#organization"},"alternateName":"Llibres infantils d'art, cultura i natura","potentialAction":[{"@type":"SearchAction","target":{"@type":"EntryPoint","urlTemplate":"https:\/\/editorialmediterrania.com\/en\/?s={search_term_string}"},"query-input":"required name=search_term_string"}],"inLanguage":"en-US"},{"@type":"Organization","@id":"https:\/\/editorialmediterrania.com\/en\/#organization","name":"Editorial Mediterrania","alternateName":"Llibres d'art, cultura i natura per infants i fam\u00edlies","url":"https:\/\/editorialmediterrania.com\/en\/","logo":{"@type":"ImageObject","inLanguage":"en-US","@id":"https:\/\/editorialmediterrania.com\/en\/#\/schema\/logo\/image\/","url":"https:\/\/editorialmediterrania.com\/wp-content\/uploads\/2023\/03\/LOGO-ED_MEDITERRANIA_OK-2.png","contentUrl":"https:\/\/editorialmediterrania.com\/wp-content\/uploads\/2023\/03\/LOGO-ED_MEDITERRANIA_OK-2.png","width":1200,"height":300,"caption":"Editorial Mediterrania"},"image":{"@id":"https:\/\/editorialmediterrania.com\/en\/#\/schema\/logo\/image\/"},"sameAs":["https:\/\/x.com\/edmediterrania","https:\/\/www.instagram.com\/editorialmediterrania\/"]}]}},"_links":{"self":[{"href":"https:\/\/editorialmediterrania.com\/en\/wp-json\/wp\/v2\/product\/46277","targetHints":{"allow":["GET"]}}],"collection":[{"href":"https:\/\/editorialmediterrania.com\/en\/wp-json\/wp\/v2\/product"}],"about":[{"href":"https:\/\/editorialmediterrania.com\/en\/wp-json\/wp\/v2\/types\/product"}],"wp:featuredmedia":[{"embeddable":true,"href":"https:\/\/editorialmediterrania.com\/en\/wp-json\/wp\/v2\/media\/46331"}],"wp:attachment":[{"href":"https:\/\/editorialmediterrania.com\/en\/wp-json\/wp\/v2\/media?parent=46277"}],"wp:term":[{"taxonomy":"product_cat","embeddable":true,"href":"https:\/\/editorialmediterrania.com\/en\/wp-json\/wp\/v2\/product_cat?post=46277"},{"taxonomy":"product_tag","embeddable":true,"href":"https:\/\/editorialmediterrania.com\/en\/wp-json\/wp\/v2\/product_tag?post=46277"},{"taxonomy":"autors","embeddable":true,"href":"https:\/\/editorialmediterrania.com\/en\/wp-json\/wp\/v2\/autors?post=46277"}],"curies":[{"name":"wp","href":"https:\/\/api.w.org\/{rel}","templated":true}]}}