{"id":46401,"date":"2025-03-04T12:43:53","date_gmt":"2025-03-04T11:43:53","guid":{"rendered":"https:\/\/editorialmediterrania.com\/?post_type=product&#038;p=46401"},"modified":"2025-05-14T15:58:09","modified_gmt":"2025-05-14T13:58:09","slug":"cerca-i-troba-monuments-catalunya","status":"publish","type":"product","link":"https:\/\/editorialmediterrania.com\/en\/product\/cerca-i-troba-monuments-catalunya\/","title":{"rendered":"Cerca i troba. Monuments de Catalunya"},"content":{"rendered":"<p>15 monuments i m\u00e9s de 200 objectes a trobar!<\/p>\n<p>Hores i hores de diversi\u00f3 per a petits i grans en una visita sorprenent a alguns dels monuments m\u00e9s destacats de Catalunya!<\/p>\n","protected":false},"excerpt":{"rendered":"<p>15 monuments i m\u00e9s de 200 objectes a trobar! Hores i hores de diversi\u00f3 per a petits i grans en una visita sorprenent a alguns dels monuments m\u00e9s destacats de Catalunya!<\/p>\n","protected":false},"featured_media":46722,"template":"","meta":[],"product_cat":[6244],"product_tag":[6528],"autors":[],"class_list":{"0":"post-46401","1":"product","2":"type-product","3":"status-publish","4":"has-post-thumbnail","6":"product_cat-cerca-i-troba","7":"product_tag-mnac","9":"first","10":"instock","11":"taxable","12":"shipping-taxable","13":"purchasable","14":"product-type-simple","swatches":"rey-swatches","show_selected":""},"acf":[],"yoast_head":"<!-- This site is optimized with the Yoast SEO plugin v22.8 - https:\/\/yoast.com\/wordpress\/plugins\/seo\/ -->\n<title>Cerca i troba. Monuments de Catalunya - Editorial Mediterr\u00e0nia<\/title>\n<meta name=\"description\" content=\"1 museu, 13 espais i m\u00e9s de 130 objectes a trobar dins de les i\u00b7lustracions. Aquest llibre forma part de la col\u00b7lecci\u00f3 &quot;cerca i troba&quot;\" \/>\n<meta name=\"robots\" content=\"index, follow, max-snippet:-1, max-image-preview:large, max-video-preview:-1\" \/>\n<link rel=\"canonical\" href=\"https:\/\/editorialmediterrania.com\/en\/product\/cerca-i-troba-monuments-catalunya\/\" \/>\n<meta property=\"og:locale\" content=\"en_US\" \/>\n<meta property=\"og:type\" content=\"article\" \/>\n<meta property=\"og:title\" content=\"Cerca i troba. Monuments de Catalunya - Editorial Mediterr\u00e0nia\" \/>\n<meta property=\"og:description\" content=\"1 museu, 13 espais i m\u00e9s de 130 objectes a trobar dins de les i\u00b7lustracions. Aquest llibre forma part de la col\u00b7lecci\u00f3 &quot;cerca i troba&quot;\" \/>\n<meta property=\"og:url\" content=\"https:\/\/editorialmediterrania.com\/en\/product\/cerca-i-troba-monuments-catalunya\/\" \/>\n<meta property=\"og:site_name\" content=\"Editorial Mediterr\u00e0nia\" \/>\n<meta property=\"article:modified_time\" content=\"2025-05-14T13:58:09+00:00\" \/>\n<meta property=\"og:image\" content=\"https:\/\/editorialmediterrania.com\/wp-content\/uploads\/2025\/03\/cerca-i-troba-monumentas-de-catalunya2.png\" \/>\n\t<meta property=\"og:image:width\" content=\"1080\" \/>\n\t<meta property=\"og:image:height\" content=\"1080\" \/>\n\t<meta property=\"og:image:type\" content=\"image\/png\" \/>\n<meta name=\"twitter:card\" content=\"summary_large_image\" \/>\n<meta name=\"twitter:site\" content=\"@edmediterrania\" \/>\n<meta name=\"twitter:label1\" content=\"Est. reading time\" \/>\n\t<meta name=\"twitter:data1\" content=\"1 minute\" \/>\n<script type=\"application\/ld+json\" class=\"yoast-schema-graph\">{\"@context\":\"https:\/\/schema.org\",\"@graph\":[{\"@type\":\"WebPage\",\"@id\":\"https:\/\/editorialmediterrania.com\/en\/product\/cerca-i-troba-monuments-catalunya\/\",\"url\":\"https:\/\/editorialmediterrania.com\/en\/product\/cerca-i-troba-monuments-catalunya\/\",\"name\":\"Cerca i troba. Monuments de Catalunya - Editorial Mediterr\u00e0nia\",\"isPartOf\":{\"@id\":\"https:\/\/editorialmediterrania.com\/en\/#website\"},\"primaryImageOfPage\":{\"@id\":\"https:\/\/editorialmediterrania.com\/en\/product\/cerca-i-troba-monuments-catalunya\/#primaryimage\"},\"image\":{\"@id\":\"https:\/\/editorialmediterrania.com\/en\/product\/cerca-i-troba-monuments-catalunya\/#primaryimage\"},\"thumbnailUrl\":\"https:\/\/editorialmediterrania.com\/wp-content\/uploads\/2025\/03\/cerca-i-troba-monumentas-de-catalunya2.png\",\"datePublished\":\"2025-03-04T11:43:53+00:00\",\"dateModified\":\"2025-05-14T13:58:09+00:00\",\"description\":\"1 museu, 13 espais i m\u00e9s de 130 objectes a trobar dins de les i\u00b7lustracions. Aquest llibre forma part de la col\u00b7lecci\u00f3 \\\"cerca i troba\\\"\",\"breadcrumb\":{\"@id\":\"https:\/\/editorialmediterrania.com\/en\/product\/cerca-i-troba-monuments-catalunya\/#breadcrumb\"},\"inLanguage\":\"en-US\",\"potentialAction\":[{\"@type\":\"ReadAction\",\"target\":[\"https:\/\/editorialmediterrania.com\/en\/product\/cerca-i-troba-monuments-catalunya\/\"]}]},{\"@type\":\"ImageObject\",\"inLanguage\":\"en-US\",\"@id\":\"https:\/\/editorialmediterrania.com\/en\/product\/cerca-i-troba-monuments-catalunya\/#primaryimage\",\"url\":\"https:\/\/editorialmediterrania.com\/wp-content\/uploads\/2025\/03\/cerca-i-troba-monumentas-de-catalunya2.png\",\"contentUrl\":\"https:\/\/editorialmediterrania.com\/wp-content\/uploads\/2025\/03\/cerca-i-troba-monumentas-de-catalunya2.png\",\"width\":1080,\"height\":1080,\"caption\":\"cerca i troba monumentas de catalunya\"},{\"@type\":\"BreadcrumbList\",\"@id\":\"https:\/\/editorialmediterrania.com\/en\/product\/cerca-i-troba-monuments-catalunya\/#breadcrumb\",\"itemListElement\":[{\"@type\":\"ListItem\",\"position\":1,\"name\":\"Children&#8217;s art book store\",\"item\":\"https:\/\/editorialmediterrania.com\/en\/childrens-art-book-store\/\"},{\"@type\":\"ListItem\",\"position\":2,\"name\":\"Cerca i troba. Monuments de Catalunya\"}]},{\"@type\":\"WebSite\",\"@id\":\"https:\/\/editorialmediterrania.com\/en\/#website\",\"url\":\"https:\/\/editorialmediterrania.com\/en\/\",\"name\":\"Editorial Mediterrania\",\"description\":\"Llibres que t\u2019obriran nous mons\",\"publisher\":{\"@id\":\"https:\/\/editorialmediterrania.com\/en\/#organization\"},\"alternateName\":\"Llibres infantils d'art, cultura i natura\",\"potentialAction\":[{\"@type\":\"SearchAction\",\"target\":{\"@type\":\"EntryPoint\",\"urlTemplate\":\"https:\/\/editorialmediterrania.com\/en\/?s={search_term_string}\"},\"query-input\":\"required name=search_term_string\"}],\"inLanguage\":\"en-US\"},{\"@type\":\"Organization\",\"@id\":\"https:\/\/editorialmediterrania.com\/en\/#organization\",\"name\":\"Editorial Mediterrania\",\"alternateName\":\"Llibres d'art, cultura i natura per infants i fam\u00edlies\",\"url\":\"https:\/\/editorialmediterrania.com\/en\/\",\"logo\":{\"@type\":\"ImageObject\",\"inLanguage\":\"en-US\",\"@id\":\"https:\/\/editorialmediterrania.com\/en\/#\/schema\/logo\/image\/\",\"url\":\"https:\/\/editorialmediterrania.com\/wp-content\/uploads\/2023\/03\/LOGO-ED_MEDITERRANIA_OK-2.png\",\"contentUrl\":\"https:\/\/editorialmediterrania.com\/wp-content\/uploads\/2023\/03\/LOGO-ED_MEDITERRANIA_OK-2.png\",\"width\":1200,\"height\":300,\"caption\":\"Editorial Mediterrania\"},\"image\":{\"@id\":\"https:\/\/editorialmediterrania.com\/en\/#\/schema\/logo\/image\/\"},\"sameAs\":[\"https:\/\/x.com\/edmediterrania\",\"https:\/\/www.instagram.com\/editorialmediterrania\/\"]}]}<\/script>\n<!-- \/ Yoast SEO plugin. -->","yoast_head_json":{"title":"Cerca i troba. Monuments de Catalunya - Editorial Mediterr\u00e0nia","description":"1 museu, 13 espais i m\u00e9s de 130 objectes a trobar dins de les i\u00b7lustracions. Aquest llibre forma part de la col\u00b7lecci\u00f3 \"cerca i troba\"","robots":{"index":"index","follow":"follow","max-snippet":"max-snippet:-1","max-image-preview":"max-image-preview:large","max-video-preview":"max-video-preview:-1"},"canonical":"https:\/\/editorialmediterrania.com\/en\/product\/cerca-i-troba-monuments-catalunya\/","og_locale":"en_US","og_type":"article","og_title":"Cerca i troba. Monuments de Catalunya - Editorial Mediterr\u00e0nia","og_description":"1 museu, 13 espais i m\u00e9s de 130 objectes a trobar dins de les i\u00b7lustracions. Aquest llibre forma part de la col\u00b7lecci\u00f3 \"cerca i troba\"","og_url":"https:\/\/editorialmediterrania.com\/en\/product\/cerca-i-troba-monuments-catalunya\/","og_site_name":"Editorial Mediterr\u00e0nia","article_modified_time":"2025-05-14T13:58:09+00:00","og_image":[{"width":1080,"height":1080,"url":"https:\/\/editorialmediterrania.com\/wp-content\/uploads\/2025\/03\/cerca-i-troba-monumentas-de-catalunya2.png","type":"image\/png"}],"twitter_card":"summary_large_image","twitter_site":"@edmediterrania","twitter_misc":{"Est. reading time":"1 minute"},"schema":{"@context":"https:\/\/schema.org","@graph":[{"@type":"WebPage","@id":"https:\/\/editorialmediterrania.com\/en\/product\/cerca-i-troba-monuments-catalunya\/","url":"https:\/\/editorialmediterrania.com\/en\/product\/cerca-i-troba-monuments-catalunya\/","name":"Cerca i troba. Monuments de Catalunya - Editorial Mediterr\u00e0nia","isPartOf":{"@id":"https:\/\/editorialmediterrania.com\/en\/#website"},"primaryImageOfPage":{"@id":"https:\/\/editorialmediterrania.com\/en\/product\/cerca-i-troba-monuments-catalunya\/#primaryimage"},"image":{"@id":"https:\/\/editorialmediterrania.com\/en\/product\/cerca-i-troba-monuments-catalunya\/#primaryimage"},"thumbnailUrl":"https:\/\/editorialmediterrania.com\/wp-content\/uploads\/2025\/03\/cerca-i-troba-monumentas-de-catalunya2.png","datePublished":"2025-03-04T11:43:53+00:00","dateModified":"2025-05-14T13:58:09+00:00","description":"1 museu, 13 espais i m\u00e9s de 130 objectes a trobar dins de les i\u00b7lustracions. Aquest llibre forma part de la col\u00b7lecci\u00f3 \"cerca i troba\"","breadcrumb":{"@id":"https:\/\/editorialmediterrania.com\/en\/product\/cerca-i-troba-monuments-catalunya\/#breadcrumb"},"inLanguage":"en-US","potentialAction":[{"@type":"ReadAction","target":["https:\/\/editorialmediterrania.com\/en\/product\/cerca-i-troba-monuments-catalunya\/"]}]},{"@type":"ImageObject","inLanguage":"en-US","@id":"https:\/\/editorialmediterrania.com\/en\/product\/cerca-i-troba-monuments-catalunya\/#primaryimage","url":"https:\/\/editorialmediterrania.com\/wp-content\/uploads\/2025\/03\/cerca-i-troba-monumentas-de-catalunya2.png","contentUrl":"https:\/\/editorialmediterrania.com\/wp-content\/uploads\/2025\/03\/cerca-i-troba-monumentas-de-catalunya2.png","width":1080,"height":1080,"caption":"cerca i troba monumentas de catalunya"},{"@type":"BreadcrumbList","@id":"https:\/\/editorialmediterrania.com\/en\/product\/cerca-i-troba-monuments-catalunya\/#breadcrumb","itemListElement":[{"@type":"ListItem","position":1,"name":"Children&#8217;s art book store","item":"https:\/\/editorialmediterrania.com\/en\/childrens-art-book-store\/"},{"@type":"ListItem","position":2,"name":"Cerca i troba. Monuments de Catalunya"}]},{"@type":"WebSite","@id":"https:\/\/editorialmediterrania.com\/en\/#website","url":"https:\/\/editorialmediterrania.com\/en\/","name":"Editorial Mediterrania","description":"Llibres que t\u2019obriran nous mons","publisher":{"@id":"https:\/\/editorialmediterrania.com\/en\/#organization"},"alternateName":"Llibres infantils d'art, cultura i natura","potentialAction":[{"@type":"SearchAction","target":{"@type":"EntryPoint","urlTemplate":"https:\/\/editorialmediterrania.com\/en\/?s={search_term_string}"},"query-input":"required name=search_term_string"}],"inLanguage":"en-US"},{"@type":"Organization","@id":"https:\/\/editorialmediterrania.com\/en\/#organization","name":"Editorial Mediterrania","alternateName":"Llibres d'art, cultura i natura per infants i fam\u00edlies","url":"https:\/\/editorialmediterrania.com\/en\/","logo":{"@type":"ImageObject","inLanguage":"en-US","@id":"https:\/\/editorialmediterrania.com\/en\/#\/schema\/logo\/image\/","url":"https:\/\/editorialmediterrania.com\/wp-content\/uploads\/2023\/03\/LOGO-ED_MEDITERRANIA_OK-2.png","contentUrl":"https:\/\/editorialmediterrania.com\/wp-content\/uploads\/2023\/03\/LOGO-ED_MEDITERRANIA_OK-2.png","width":1200,"height":300,"caption":"Editorial Mediterrania"},"image":{"@id":"https:\/\/editorialmediterrania.com\/en\/#\/schema\/logo\/image\/"},"sameAs":["https:\/\/x.com\/edmediterrania","https:\/\/www.instagram.com\/editorialmediterrania\/"]}]}},"_links":{"self":[{"href":"https:\/\/editorialmediterrania.com\/en\/wp-json\/wp\/v2\/product\/46401","targetHints":{"allow":["GET"]}}],"collection":[{"href":"https:\/\/editorialmediterrania.com\/en\/wp-json\/wp\/v2\/product"}],"about":[{"href":"https:\/\/editorialmediterrania.com\/en\/wp-json\/wp\/v2\/types\/product"}],"wp:featuredmedia":[{"embeddable":true,"href":"https:\/\/editorialmediterrania.com\/en\/wp-json\/wp\/v2\/media\/46722"}],"wp:attachment":[{"href":"https:\/\/editorialmediterrania.com\/en\/wp-json\/wp\/v2\/media?parent=46401"}],"wp:term":[{"taxonomy":"product_cat","embeddable":true,"href":"https:\/\/editorialmediterrania.com\/en\/wp-json\/wp\/v2\/product_cat?post=46401"},{"taxonomy":"product_tag","embeddable":true,"href":"https:\/\/editorialmediterrania.com\/en\/wp-json\/wp\/v2\/product_tag?post=46401"},{"taxonomy":"autors","embeddable":true,"href":"https:\/\/editorialmediterrania.com\/en\/wp-json\/wp\/v2\/autors?post=46401"}],"curies":[{"name":"wp","href":"https:\/\/api.w.org\/{rel}","templated":true}]}}