{"id":46681,"date":"2025-05-08T16:28:01","date_gmt":"2025-05-08T14:28:01","guid":{"rendered":"https:\/\/editorialmediterrania.com\/?post_type=product&#038;p=46681"},"modified":"2025-07-23T11:56:25","modified_gmt":"2025-07-23T09:56:25","slug":"tastet-per-a-mestres-2025-material-gratuit-per-treballar-a-laula","status":"publish","type":"product","link":"https:\/\/editorialmediterrania.com\/en\/product\/tastet-per-a-mestres-2025-material-gratuit-per-treballar-a-laula\/","title":{"rendered":"CERCA I TROBA. TASTET PER A MESTRES 2025"},"content":{"rendered":"<p>Atenci\u00f3! No compris el material! <strong><a href=\"https:\/\/mailchi.mp\/c7cac0fc742a\/cercaitroba2025\">Descarrega\u2019l gratu\u00eftament FENT CLICK AQU\u00cd<\/a>!<\/strong><\/p>\n<p><a href=\"https:\/\/mailchi.mp\/c7cac0fc742a\/cercaitroba2025\">https:\/\/mailchi.mp\/c7cac0fc742a\/cercaitroba2025<\/a><\/p>\n<p>Salta de sala en sala dels museus, mentre contestes preguntes i aprens curiositats!<\/p>\n<p>Si et quedes amb ganes de m\u00e9s, sempre pots tenir a la teva biblioteca personal els llibres de la col\u00b7lecci\u00f3 <a href=\"https:\/\/editorialmediterrania.com\/en\/collections\/editorial-mediterrania\/seek-and-find\/\"><strong>\u201cCerca i Troba\u201d<\/strong><\/a>!<\/p>\n<hr \/>\n<p><span class=\"OYPEnA font-feature-liga-off font-feature-clig-off font-feature-calt-off text-decoration-none text-strikethrough-none\">Comen\u00e7a l\u2019aventura! A partir d\u2019ara, obrireu les portes d\u2019algunes sales dels museus i monuments de Catalunya. Per avan\u00e7ar i accedir a la seg\u00fcent sala o monument, haureu de respondre correctament les preguntes, trobar objectes amagats i con\u00e8ixer personatges llegendaris com Marie Curie. A m\u00e9s, haureu de debatre i col\u00b7laborar entre vosaltres per trobar la sortida i superar cada repte!<\/span><\/p>\n","protected":false},"excerpt":{"rendered":"<p><strong><a href=\"https:\/\/mailchi.mp\/c7cac0fc742a\/cercaitroba2025\">Descarrega\u2019l gratu\u00eftament FENT CLICK AQU\u00cd<\/a><\/strong><\/p>\n","protected":false},"featured_media":46695,"template":"","meta":[],"product_cat":[16,6244,5585],"product_tag":[],"autors":[],"class_list":{"0":"post-46681","1":"product","2":"type-product","3":"status-publish","4":"has-post-thumbnail","6":"product_cat-editorial-mediterrania","7":"product_cat-cerca-i-troba","8":"product_cat-sense-categories","10":"first","11":"instock","12":"taxable","13":"shipping-taxable","14":"product-type-simple","swatches":"rey-swatches","show_selected":""},"acf":[],"yoast_head":"<!-- This site is optimized with the Yoast SEO plugin v22.8 - https:\/\/yoast.com\/wordpress\/plugins\/seo\/ -->\n<title>CERCA I TROBA. TASTET PER A MESTRES 2025 - Editorial Mediterr\u00e0nia<\/title>\n<meta name=\"description\" content=\"Descobreix un m\u00f3n de meravelles a trav\u00e9s dels llibres de la nostra editorial especialitzada en art, cultura i natura per a fam\u00edlies. Amb il\u00b7lustracions fascinants i hist\u00f2ries enriquidores, inspirem el descobriment i la curiositat en petits i grans, connectant-los amb el patrimoni cultural i el meravell\u00f3s m\u00f3n natural que ens envolta\" \/>\n<meta name=\"robots\" content=\"index, follow, max-snippet:-1, max-image-preview:large, max-video-preview:-1\" \/>\n<link rel=\"canonical\" href=\"https:\/\/editorialmediterrania.com\/en\/product\/tastet-per-a-mestres-2025-material-gratuit-per-treballar-a-laula\/\" \/>\n<meta property=\"og:locale\" content=\"en_US\" \/>\n<meta property=\"og:type\" content=\"article\" \/>\n<meta property=\"og:title\" content=\"CERCA I TROBA. TASTET PER A MESTRES 2025 - Editorial Mediterr\u00e0nia\" \/>\n<meta property=\"og:description\" content=\"Descobreix un m\u00f3n de meravelles a trav\u00e9s dels llibres de la nostra editorial especialitzada en art, cultura i natura per a fam\u00edlies. Amb il\u00b7lustracions fascinants i hist\u00f2ries enriquidores, inspirem el descobriment i la curiositat en petits i grans, connectant-los amb el patrimoni cultural i el meravell\u00f3s m\u00f3n natural que ens envolta\" \/>\n<meta property=\"og:url\" content=\"https:\/\/editorialmediterrania.com\/en\/product\/tastet-per-a-mestres-2025-material-gratuit-per-treballar-a-laula\/\" \/>\n<meta property=\"og:site_name\" content=\"Editorial Mediterr\u00e0nia\" \/>\n<meta property=\"article:modified_time\" content=\"2025-07-23T09:56:25+00:00\" \/>\n<meta property=\"og:image\" content=\"https:\/\/editorialmediterrania.com\/wp-content\/uploads\/2025\/05\/TASTET-2025.png\" \/>\n\t<meta property=\"og:image:width\" content=\"1080\" \/>\n\t<meta property=\"og:image:height\" content=\"1080\" \/>\n\t<meta property=\"og:image:type\" content=\"image\/png\" \/>\n<meta name=\"twitter:card\" content=\"summary_large_image\" \/>\n<meta name=\"twitter:site\" content=\"@edmediterrania\" \/>\n<meta name=\"twitter:label1\" content=\"Est. reading time\" \/>\n\t<meta name=\"twitter:data1\" content=\"1 minute\" \/>\n<script type=\"application\/ld+json\" class=\"yoast-schema-graph\">{\"@context\":\"https:\/\/schema.org\",\"@graph\":[{\"@type\":\"WebPage\",\"@id\":\"https:\/\/editorialmediterrania.com\/en\/product\/tastet-per-a-mestres-2025-material-gratuit-per-treballar-a-laula\/\",\"url\":\"https:\/\/editorialmediterrania.com\/en\/product\/tastet-per-a-mestres-2025-material-gratuit-per-treballar-a-laula\/\",\"name\":\"CERCA I TROBA. TASTET PER A MESTRES 2025 - Editorial Mediterr\u00e0nia\",\"isPartOf\":{\"@id\":\"https:\/\/editorialmediterrania.com\/en\/#website\"},\"primaryImageOfPage\":{\"@id\":\"https:\/\/editorialmediterrania.com\/en\/product\/tastet-per-a-mestres-2025-material-gratuit-per-treballar-a-laula\/#primaryimage\"},\"image\":{\"@id\":\"https:\/\/editorialmediterrania.com\/en\/product\/tastet-per-a-mestres-2025-material-gratuit-per-treballar-a-laula\/#primaryimage\"},\"thumbnailUrl\":\"https:\/\/editorialmediterrania.com\/wp-content\/uploads\/2025\/05\/TASTET-2025.png\",\"datePublished\":\"2025-05-08T14:28:01+00:00\",\"dateModified\":\"2025-07-23T09:56:25+00:00\",\"description\":\"Descobreix un m\u00f3n de meravelles a trav\u00e9s dels llibres de la nostra editorial especialitzada en art, cultura i natura per a fam\u00edlies. Amb il\u00b7lustracions fascinants i hist\u00f2ries enriquidores, inspirem el descobriment i la curiositat en petits i grans, connectant-los amb el patrimoni cultural i el meravell\u00f3s m\u00f3n natural que ens envolta\",\"breadcrumb\":{\"@id\":\"https:\/\/editorialmediterrania.com\/en\/product\/tastet-per-a-mestres-2025-material-gratuit-per-treballar-a-laula\/#breadcrumb\"},\"inLanguage\":\"en-US\",\"potentialAction\":[{\"@type\":\"ReadAction\",\"target\":[\"https:\/\/editorialmediterrania.com\/en\/product\/tastet-per-a-mestres-2025-material-gratuit-per-treballar-a-laula\/\"]}]},{\"@type\":\"ImageObject\",\"inLanguage\":\"en-US\",\"@id\":\"https:\/\/editorialmediterrania.com\/en\/product\/tastet-per-a-mestres-2025-material-gratuit-per-treballar-a-laula\/#primaryimage\",\"url\":\"https:\/\/editorialmediterrania.com\/wp-content\/uploads\/2025\/05\/TASTET-2025.png\",\"contentUrl\":\"https:\/\/editorialmediterrania.com\/wp-content\/uploads\/2025\/05\/TASTET-2025.png\",\"width\":1080,\"height\":1080,\"caption\":\"TASTET PER A MESTRES\"},{\"@type\":\"BreadcrumbList\",\"@id\":\"https:\/\/editorialmediterrania.com\/en\/product\/tastet-per-a-mestres-2025-material-gratuit-per-treballar-a-laula\/#breadcrumb\",\"itemListElement\":[{\"@type\":\"ListItem\",\"position\":1,\"name\":\"Children&#8217;s art book store\",\"item\":\"https:\/\/editorialmediterrania.com\/en\/childrens-art-book-store\/\"},{\"@type\":\"ListItem\",\"position\":2,\"name\":\"CERCA I TROBA. TASTET PER A MESTRES 2025\"}]},{\"@type\":\"WebSite\",\"@id\":\"https:\/\/editorialmediterrania.com\/en\/#website\",\"url\":\"https:\/\/editorialmediterrania.com\/en\/\",\"name\":\"Editorial Mediterrania\",\"description\":\"Llibres que t\u2019obriran nous mons\",\"publisher\":{\"@id\":\"https:\/\/editorialmediterrania.com\/en\/#organization\"},\"alternateName\":\"Llibres infantils d'art, cultura i natura\",\"potentialAction\":[{\"@type\":\"SearchAction\",\"target\":{\"@type\":\"EntryPoint\",\"urlTemplate\":\"https:\/\/editorialmediterrania.com\/en\/?s={search_term_string}\"},\"query-input\":\"required name=search_term_string\"}],\"inLanguage\":\"en-US\"},{\"@type\":\"Organization\",\"@id\":\"https:\/\/editorialmediterrania.com\/en\/#organization\",\"name\":\"Editorial Mediterrania\",\"alternateName\":\"Llibres d'art, cultura i natura per infants i fam\u00edlies\",\"url\":\"https:\/\/editorialmediterrania.com\/en\/\",\"logo\":{\"@type\":\"ImageObject\",\"inLanguage\":\"en-US\",\"@id\":\"https:\/\/editorialmediterrania.com\/en\/#\/schema\/logo\/image\/\",\"url\":\"https:\/\/editorialmediterrania.com\/wp-content\/uploads\/2023\/03\/LOGO-ED_MEDITERRANIA_OK-2.png\",\"contentUrl\":\"https:\/\/editorialmediterrania.com\/wp-content\/uploads\/2023\/03\/LOGO-ED_MEDITERRANIA_OK-2.png\",\"width\":1200,\"height\":300,\"caption\":\"Editorial Mediterrania\"},\"image\":{\"@id\":\"https:\/\/editorialmediterrania.com\/en\/#\/schema\/logo\/image\/\"},\"sameAs\":[\"https:\/\/x.com\/edmediterrania\",\"https:\/\/www.instagram.com\/editorialmediterrania\/\"]}]}<\/script>\n<!-- \/ Yoast SEO plugin. -->","yoast_head_json":{"title":"CERCA I TROBA. TASTET PER A MESTRES 2025 - Editorial Mediterr\u00e0nia","description":"Descobreix un m\u00f3n de meravelles a trav\u00e9s dels llibres de la nostra editorial especialitzada en art, cultura i natura per a fam\u00edlies. Amb il\u00b7lustracions fascinants i hist\u00f2ries enriquidores, inspirem el descobriment i la curiositat en petits i grans, connectant-los amb el patrimoni cultural i el meravell\u00f3s m\u00f3n natural que ens envolta","robots":{"index":"index","follow":"follow","max-snippet":"max-snippet:-1","max-image-preview":"max-image-preview:large","max-video-preview":"max-video-preview:-1"},"canonical":"https:\/\/editorialmediterrania.com\/en\/product\/tastet-per-a-mestres-2025-material-gratuit-per-treballar-a-laula\/","og_locale":"en_US","og_type":"article","og_title":"CERCA I TROBA. TASTET PER A MESTRES 2025 - Editorial Mediterr\u00e0nia","og_description":"Descobreix un m\u00f3n de meravelles a trav\u00e9s dels llibres de la nostra editorial especialitzada en art, cultura i natura per a fam\u00edlies. Amb il\u00b7lustracions fascinants i hist\u00f2ries enriquidores, inspirem el descobriment i la curiositat en petits i grans, connectant-los amb el patrimoni cultural i el meravell\u00f3s m\u00f3n natural que ens envolta","og_url":"https:\/\/editorialmediterrania.com\/en\/product\/tastet-per-a-mestres-2025-material-gratuit-per-treballar-a-laula\/","og_site_name":"Editorial Mediterr\u00e0nia","article_modified_time":"2025-07-23T09:56:25+00:00","og_image":[{"width":1080,"height":1080,"url":"https:\/\/editorialmediterrania.com\/wp-content\/uploads\/2025\/05\/TASTET-2025.png","type":"image\/png"}],"twitter_card":"summary_large_image","twitter_site":"@edmediterrania","twitter_misc":{"Est. reading time":"1 minute"},"schema":{"@context":"https:\/\/schema.org","@graph":[{"@type":"WebPage","@id":"https:\/\/editorialmediterrania.com\/en\/product\/tastet-per-a-mestres-2025-material-gratuit-per-treballar-a-laula\/","url":"https:\/\/editorialmediterrania.com\/en\/product\/tastet-per-a-mestres-2025-material-gratuit-per-treballar-a-laula\/","name":"CERCA I TROBA. TASTET PER A MESTRES 2025 - Editorial Mediterr\u00e0nia","isPartOf":{"@id":"https:\/\/editorialmediterrania.com\/en\/#website"},"primaryImageOfPage":{"@id":"https:\/\/editorialmediterrania.com\/en\/product\/tastet-per-a-mestres-2025-material-gratuit-per-treballar-a-laula\/#primaryimage"},"image":{"@id":"https:\/\/editorialmediterrania.com\/en\/product\/tastet-per-a-mestres-2025-material-gratuit-per-treballar-a-laula\/#primaryimage"},"thumbnailUrl":"https:\/\/editorialmediterrania.com\/wp-content\/uploads\/2025\/05\/TASTET-2025.png","datePublished":"2025-05-08T14:28:01+00:00","dateModified":"2025-07-23T09:56:25+00:00","description":"Descobreix un m\u00f3n de meravelles a trav\u00e9s dels llibres de la nostra editorial especialitzada en art, cultura i natura per a fam\u00edlies. Amb il\u00b7lustracions fascinants i hist\u00f2ries enriquidores, inspirem el descobriment i la curiositat en petits i grans, connectant-los amb el patrimoni cultural i el meravell\u00f3s m\u00f3n natural que ens envolta","breadcrumb":{"@id":"https:\/\/editorialmediterrania.com\/en\/product\/tastet-per-a-mestres-2025-material-gratuit-per-treballar-a-laula\/#breadcrumb"},"inLanguage":"en-US","potentialAction":[{"@type":"ReadAction","target":["https:\/\/editorialmediterrania.com\/en\/product\/tastet-per-a-mestres-2025-material-gratuit-per-treballar-a-laula\/"]}]},{"@type":"ImageObject","inLanguage":"en-US","@id":"https:\/\/editorialmediterrania.com\/en\/product\/tastet-per-a-mestres-2025-material-gratuit-per-treballar-a-laula\/#primaryimage","url":"https:\/\/editorialmediterrania.com\/wp-content\/uploads\/2025\/05\/TASTET-2025.png","contentUrl":"https:\/\/editorialmediterrania.com\/wp-content\/uploads\/2025\/05\/TASTET-2025.png","width":1080,"height":1080,"caption":"TASTET PER A MESTRES"},{"@type":"BreadcrumbList","@id":"https:\/\/editorialmediterrania.com\/en\/product\/tastet-per-a-mestres-2025-material-gratuit-per-treballar-a-laula\/#breadcrumb","itemListElement":[{"@type":"ListItem","position":1,"name":"Children&#8217;s art book store","item":"https:\/\/editorialmediterrania.com\/en\/childrens-art-book-store\/"},{"@type":"ListItem","position":2,"name":"CERCA I TROBA. TASTET PER A MESTRES 2025"}]},{"@type":"WebSite","@id":"https:\/\/editorialmediterrania.com\/en\/#website","url":"https:\/\/editorialmediterrania.com\/en\/","name":"Editorial Mediterrania","description":"Llibres que t\u2019obriran nous mons","publisher":{"@id":"https:\/\/editorialmediterrania.com\/en\/#organization"},"alternateName":"Llibres infantils d'art, cultura i natura","potentialAction":[{"@type":"SearchAction","target":{"@type":"EntryPoint","urlTemplate":"https:\/\/editorialmediterrania.com\/en\/?s={search_term_string}"},"query-input":"required name=search_term_string"}],"inLanguage":"en-US"},{"@type":"Organization","@id":"https:\/\/editorialmediterrania.com\/en\/#organization","name":"Editorial Mediterrania","alternateName":"Llibres d'art, cultura i natura per infants i fam\u00edlies","url":"https:\/\/editorialmediterrania.com\/en\/","logo":{"@type":"ImageObject","inLanguage":"en-US","@id":"https:\/\/editorialmediterrania.com\/en\/#\/schema\/logo\/image\/","url":"https:\/\/editorialmediterrania.com\/wp-content\/uploads\/2023\/03\/LOGO-ED_MEDITERRANIA_OK-2.png","contentUrl":"https:\/\/editorialmediterrania.com\/wp-content\/uploads\/2023\/03\/LOGO-ED_MEDITERRANIA_OK-2.png","width":1200,"height":300,"caption":"Editorial Mediterrania"},"image":{"@id":"https:\/\/editorialmediterrania.com\/en\/#\/schema\/logo\/image\/"},"sameAs":["https:\/\/x.com\/edmediterrania","https:\/\/www.instagram.com\/editorialmediterrania\/"]}]}},"_links":{"self":[{"href":"https:\/\/editorialmediterrania.com\/en\/wp-json\/wp\/v2\/product\/46681","targetHints":{"allow":["GET"]}}],"collection":[{"href":"https:\/\/editorialmediterrania.com\/en\/wp-json\/wp\/v2\/product"}],"about":[{"href":"https:\/\/editorialmediterrania.com\/en\/wp-json\/wp\/v2\/types\/product"}],"wp:featuredmedia":[{"embeddable":true,"href":"https:\/\/editorialmediterrania.com\/en\/wp-json\/wp\/v2\/media\/46695"}],"wp:attachment":[{"href":"https:\/\/editorialmediterrania.com\/en\/wp-json\/wp\/v2\/media?parent=46681"}],"wp:term":[{"taxonomy":"product_cat","embeddable":true,"href":"https:\/\/editorialmediterrania.com\/en\/wp-json\/wp\/v2\/product_cat?post=46681"},{"taxonomy":"product_tag","embeddable":true,"href":"https:\/\/editorialmediterrania.com\/en\/wp-json\/wp\/v2\/product_tag?post=46681"},{"taxonomy":"autors","embeddable":true,"href":"https:\/\/editorialmediterrania.com\/en\/wp-json\/wp\/v2\/autors?post=46681"}],"curies":[{"name":"wp","href":"https:\/\/api.w.org\/{rel}","templated":true}]}}