{"id":47107,"date":"2025-07-25T01:00:00","date_gmt":"2025-07-24T23:00:00","guid":{"rendered":"https:\/\/editorialmediterrania.com\/?post_type=product&#038;p=47107"},"modified":"2025-10-31T09:20:46","modified_gmt":"2025-10-31T08:20:46","slug":"igualada-pam-a-pam","status":"publish","type":"product","link":"https:\/\/editorialmediterrania.com\/en\/product\/igualada-pam-a-pam\/","title":{"rendered":"IGUALADA PAM A PAM"},"content":{"rendered":"<p class=\"cvGsUA direction-ltr align-justify para-style-body\"><span class=\"OYPEnA font-feature-liga-off font-feature-clig-off font-feature-calt-off text-decoration-none text-strikethrough-none\">Les preguntes <\/span><span class=\"OYPEnA font-feature-liga-off font-feature-clig-off font-feature-calt-off text-decoration-none text-strikethrough-none\">d\u2019art i <strong>cultura <\/strong><\/span><span class=\"OYPEnA font-feature-liga-off font-feature-clig-off font-feature-calt-off text-decoration-none text-strikethrough-none\">desafien els participants amb reptes com <\/span><span class=\"OYPEnA font-feature-liga-off font-feature-clig-off font-feature-calt-off text-decoration-none text-strikethrough-none\">endevinar <strong>el nom de la colla castellera d\u2019Igualada <\/strong><\/span><strong><span class=\"OYPEnA font-feature-liga-off font-feature-clig-off font-feature-calt-off text-decoration-none text-strikethrough-none\">o descobrir qu\u00e8 s\u2019exposa al <\/span><span class=\"OYPEnA font-feature-liga-off font-feature-clig-off font-feature-calt-off text-decoration-none text-strikethrough-none\">Museu de la Pell<\/span><\/strong><span class=\"OYPEnA font-feature-liga-off font-feature-clig-off font-feature-calt-off text-decoration-none text-strikethrough-none\"><strong>.<\/strong> A la categoria de <\/span><span class=\"OYPEnA font-feature-liga-off font-feature-clig-off font-feature-calt-off text-decoration-none text-strikethrough-none\"><strong>natura<\/strong> i entorn<\/span><span class=\"OYPEnA font-feature-liga-off font-feature-clig-off font-feature-calt-off text-decoration-none text-strikethrough-none\">, s\u2019hi plantegen q\u00fcestions com quina serra important hi ha al nord-est de la ciutat o qu\u00e8 \u00e9s<\/span><span class=\"OYPEnA font-feature-liga-off font-feature-clig-off font-feature-calt-off text-decoration-none text-strikethrough-none\"><strong> l\u2019Anella Verda d\u2019Igualada<\/strong>.<\/span><\/p>\n<p class=\"cvGsUA direction-ltr align-justify para-style-body\"><span class=\"OYPEnA font-feature-liga-off font-feature-clig-off font-feature-calt-off text-decoration-none text-strikethrough-none\">Pel que fa a l\u2019\u00e0mbit de <\/span><strong><span class=\"OYPEnA font-feature-liga-off font-feature-clig-off font-feature-calt-off text-decoration-none text-strikethrough-none\">territori i comer\u00e7<\/span><\/strong><span class=\"OYPEnA font-feature-liga-off font-feature-clig-off font-feature-calt-off text-decoration-none text-strikethrough-none\">, els jugadors hauran de respondre preguntes com ara <\/span><span class=\"OYPEnA font-feature-liga-off font-feature-clig-off font-feature-calt-off text-decoration-none text-strikethrough-none\">quin \u00e9s el patr\u00f3 d\u2019Igualada <\/span><span class=\"OYPEnA font-feature-liga-off font-feature-clig-off font-feature-calt-off text-decoration-none text-strikethrough-none\">o <\/span><span class=\"OYPEnA font-feature-liga-off font-feature-clig-off font-feature-calt-off text-decoration-none text-strikethrough-none\">quina actriu igualadina protagonitza la <strong>s\u00e8rie <em>Valeria<\/em><\/strong>.<\/span><span class=\"OYPEnA font-feature-liga-off font-feature-clig-off font-feature-calt-off text-decoration-none text-strikethrough-none\"> El joc tamb\u00e9 inclou proves creatives, com dibuixar la <\/span><strong><span class=\"OYPEnA font-feature-liga-off font-feature-clig-off font-feature-calt-off text-decoration-none text-strikethrough-none\">Torre de les Hores<\/span><\/strong><span class=\"OYPEnA font-feature-liga-off font-feature-clig-off font-feature-calt-off text-decoration-none text-strikethrough-none\"> o el <\/span><strong><span class=\"OYPEnA font-feature-liga-off font-feature-clig-off font-feature-calt-off text-decoration-none text-strikethrough-none\">Patge Faruk <\/span><\/strong><span class=\"OYPEnA font-feature-liga-off font-feature-clig-off font-feature-calt-off text-decoration-none text-strikethrough-none\">perqu\u00e8 la resta de l\u2019equip n\u2019endevini la resposta. A m\u00e9s, no hi faltaran partides de tab\u00fa i de m\u00edmica amb paraules tan igualadines com <\/span><span class=\"OYPEnA font-feature-liga-off font-feature-clig-off font-feature-calt-off text-decoration-none text-strikethrough-none\">coca de recapte, <strong>Rec.0<\/strong> o globus aerost\u00e0tic.<\/span><\/p>\n<p><span class=\"OYPEnA font-feature-liga-off font-feature-clig-off font-feature-calt-off text-decoration-none text-strikethrough-none\">El<strong> joc de taula<\/strong><\/span><span class=\"OYPEnA font-feature-liga-off font-feature-clig-off font-feature-calt-off text-decoration-none text-strikethrough-none\"><strong>\u00a0d\u2019Igualada<\/strong> desafiar\u00e0 als participants a respondre preguntes, fer <strong>m\u00edmica i dibuixar<\/strong> sobre art, cultura i natura de la ciutat. Est\u00e0 dissenyat per <strong>jugar <\/strong><\/span><span class=\"OYPEnA font-feature-liga-off font-feature-clig-off font-feature-calt-off text-decoration-none text-strikethrough-none\"><strong>a partir de 4 jugadors<\/strong> i amb una <strong>durada d\u2019uns 40min<\/strong>.<\/span><span class=\"OYPEnA font-feature-liga-off font-feature-clig-off font-feature-calt-off text-decoration-none text-strikethrough-none\"> Permet participar en equip o de manera individual, fent-lo perfecte per a reunions familiars i trobades amb amics. Es compon de <\/span><span class=\"OYPEnA font-feature-liga-off font-feature-clig-off font-feature-calt-off text-decoration-none text-strikethrough-none\">180 preguntes<\/span><span class=\"OYPEnA font-feature-liga-off font-feature-clig-off font-feature-calt-off text-decoration-none text-strikethrough-none\">, dividides en tres categories amb 60 preguntes cadascuna: <\/span><strong><span class=\"OYPEnA font-feature-liga-off font-feature-clig-off font-feature-calt-off text-decoration-none text-strikethrough-none\">Art i cultura, Territori i Comer\u00e7 i Natura i entorn.<\/span><\/strong><\/p>\n","protected":false},"excerpt":{"rendered":"<p class=\"cvGsUA direction-ltr align-start para-style-body\"><span class=\"OYPEnA font-feature-liga-off font-feature-clig-off font-feature-calt-off text-decoration-none text-strikethrough-none\">DINS LA CAPSA HI TROBAR\u00c0S:<\/span><\/p>\n<ul>\n<li><span class=\"OYPEnA font-feature-liga-off font-feature-clig-off font-feature-calt-off text-decoration-none text-strikethrough-none\">6 FITXES<\/span><\/li>\n<li><span class=\"OYPEnA font-feature-liga-off font-feature-clig-off font-feature-calt-off text-decoration-none text-strikethrough-none\">1 DAU<\/span><\/li>\n<li><span class=\"OYPEnA font-feature-liga-off font-feature-clig-off font-feature-calt-off text-decoration-none text-strikethrough-none\">180 TARGETES<\/span><\/li>\n<li><span class=\"OYPEnA font-feature-liga-off font-feature-clig-off font-feature-calt-off text-decoration-none text-strikethrough-none\">1 TAULELL<\/span><\/li>\n<li><span class=\"OYPEnA font-feature-liga-off font-feature-clig-off font-feature-calt-off text-decoration-none text-strikethrough-none\">INSTRUCCIONS DEL JOC<\/span><\/li>\n<\/ul>\n","protected":false},"featured_media":47755,"template":"","meta":[],"product_cat":[6531],"product_tag":[],"autors":[],"class_list":{"0":"post-47107","1":"product","2":"type-product","3":"status-publish","4":"has-post-thumbnail","6":"product_cat-mediterrania-games","8":"first","9":"instock","10":"taxable","11":"shipping-taxable","12":"purchasable","13":"product-type-simple","swatches":"rey-swatches","show_selected":""},"acf":[],"yoast_head":"<!-- This site is optimized with the Yoast SEO plugin v22.8 - https:\/\/yoast.com\/wordpress\/plugins\/seo\/ -->\n<title>IGUALADA PAM A PAM - Editorial Mediterr\u00e0nia<\/title>\n<meta name=\"description\" content=\"El joc d&#039;Igualada pam a pam, el joc per demostrar tot el que saps d&#039;Igualada\" \/>\n<meta name=\"robots\" content=\"index, follow, max-snippet:-1, max-image-preview:large, max-video-preview:-1\" \/>\n<link rel=\"canonical\" href=\"https:\/\/editorialmediterrania.com\/en\/product\/igualada-pam-a-pam\/\" \/>\n<meta property=\"og:locale\" content=\"en_US\" \/>\n<meta property=\"og:type\" content=\"article\" \/>\n<meta property=\"og:title\" content=\"IGUALADA PAM A PAM - Editorial Mediterr\u00e0nia\" \/>\n<meta property=\"og:description\" content=\"El joc d&#039;Igualada pam a pam, el joc per demostrar tot el que saps d&#039;Igualada\" \/>\n<meta property=\"og:url\" content=\"https:\/\/editorialmediterrania.com\/en\/product\/igualada-pam-a-pam\/\" \/>\n<meta property=\"og:site_name\" content=\"Editorial Mediterr\u00e0nia\" \/>\n<meta property=\"article:modified_time\" content=\"2025-10-31T08:20:46+00:00\" \/>\n<meta property=\"og:image\" content=\"https:\/\/editorialmediterrania.com\/wp-content\/uploads\/2025\/07\/Pam-a-Pam-Igualada-Transparente-con-sombra-1024x742.png\" \/>\n\t<meta property=\"og:image:width\" content=\"1024\" \/>\n\t<meta property=\"og:image:height\" content=\"742\" \/>\n\t<meta property=\"og:image:type\" content=\"image\/png\" \/>\n<meta name=\"twitter:card\" content=\"summary_large_image\" \/>\n<meta name=\"twitter:site\" content=\"@edmediterrania\" \/>\n<meta name=\"twitter:label1\" content=\"Est. reading time\" \/>\n\t<meta name=\"twitter:data1\" content=\"2 minutes\" \/>\n<script type=\"application\/ld+json\" class=\"yoast-schema-graph\">{\"@context\":\"https:\/\/schema.org\",\"@graph\":[{\"@type\":\"WebPage\",\"@id\":\"https:\/\/editorialmediterrania.com\/en\/product\/igualada-pam-a-pam\/\",\"url\":\"https:\/\/editorialmediterrania.com\/en\/product\/igualada-pam-a-pam\/\",\"name\":\"IGUALADA PAM A PAM - Editorial Mediterr\u00e0nia\",\"isPartOf\":{\"@id\":\"https:\/\/editorialmediterrania.com\/en\/#website\"},\"primaryImageOfPage\":{\"@id\":\"https:\/\/editorialmediterrania.com\/en\/product\/igualada-pam-a-pam\/#primaryimage\"},\"image\":{\"@id\":\"https:\/\/editorialmediterrania.com\/en\/product\/igualada-pam-a-pam\/#primaryimage\"},\"thumbnailUrl\":\"https:\/\/editorialmediterrania.com\/wp-content\/uploads\/2025\/07\/Pam-a-Pam-Igualada-Transparente-con-sombra.png\",\"datePublished\":\"2025-07-24T23:00:00+00:00\",\"dateModified\":\"2025-10-31T08:20:46+00:00\",\"description\":\"El joc d'Igualada pam a pam, el joc per demostrar tot el que saps d'Igualada\",\"breadcrumb\":{\"@id\":\"https:\/\/editorialmediterrania.com\/en\/product\/igualada-pam-a-pam\/#breadcrumb\"},\"inLanguage\":\"en-US\",\"potentialAction\":[{\"@type\":\"ReadAction\",\"target\":[\"https:\/\/editorialmediterrania.com\/en\/product\/igualada-pam-a-pam\/\"]}]},{\"@type\":\"ImageObject\",\"inLanguage\":\"en-US\",\"@id\":\"https:\/\/editorialmediterrania.com\/en\/product\/igualada-pam-a-pam\/#primaryimage\",\"url\":\"https:\/\/editorialmediterrania.com\/wp-content\/uploads\/2025\/07\/Pam-a-Pam-Igualada-Transparente-con-sombra.png\",\"contentUrl\":\"https:\/\/editorialmediterrania.com\/wp-content\/uploads\/2025\/07\/Pam-a-Pam-Igualada-Transparente-con-sombra.png\",\"width\":4387,\"height\":3177},{\"@type\":\"BreadcrumbList\",\"@id\":\"https:\/\/editorialmediterrania.com\/en\/product\/igualada-pam-a-pam\/#breadcrumb\",\"itemListElement\":[{\"@type\":\"ListItem\",\"position\":1,\"name\":\"Children&#8217;s art book store\",\"item\":\"https:\/\/editorialmediterrania.com\/en\/childrens-art-book-store\/\"},{\"@type\":\"ListItem\",\"position\":2,\"name\":\"IGUALADA PAM A PAM\"}]},{\"@type\":\"WebSite\",\"@id\":\"https:\/\/editorialmediterrania.com\/en\/#website\",\"url\":\"https:\/\/editorialmediterrania.com\/en\/\",\"name\":\"Editorial Mediterrania\",\"description\":\"Llibres que t\u2019obriran nous mons\",\"publisher\":{\"@id\":\"https:\/\/editorialmediterrania.com\/en\/#organization\"},\"alternateName\":\"Llibres infantils d'art, cultura i natura\",\"potentialAction\":[{\"@type\":\"SearchAction\",\"target\":{\"@type\":\"EntryPoint\",\"urlTemplate\":\"https:\/\/editorialmediterrania.com\/en\/?s={search_term_string}\"},\"query-input\":\"required name=search_term_string\"}],\"inLanguage\":\"en-US\"},{\"@type\":\"Organization\",\"@id\":\"https:\/\/editorialmediterrania.com\/en\/#organization\",\"name\":\"Editorial Mediterrania\",\"alternateName\":\"Llibres d'art, cultura i natura per infants i fam\u00edlies\",\"url\":\"https:\/\/editorialmediterrania.com\/en\/\",\"logo\":{\"@type\":\"ImageObject\",\"inLanguage\":\"en-US\",\"@id\":\"https:\/\/editorialmediterrania.com\/en\/#\/schema\/logo\/image\/\",\"url\":\"https:\/\/editorialmediterrania.com\/wp-content\/uploads\/2023\/03\/LOGO-ED_MEDITERRANIA_OK-2.png\",\"contentUrl\":\"https:\/\/editorialmediterrania.com\/wp-content\/uploads\/2023\/03\/LOGO-ED_MEDITERRANIA_OK-2.png\",\"width\":1200,\"height\":300,\"caption\":\"Editorial Mediterrania\"},\"image\":{\"@id\":\"https:\/\/editorialmediterrania.com\/en\/#\/schema\/logo\/image\/\"},\"sameAs\":[\"https:\/\/x.com\/edmediterrania\",\"https:\/\/www.instagram.com\/editorialmediterrania\/\"]}]}<\/script>\n<!-- \/ Yoast SEO plugin. -->","yoast_head_json":{"title":"IGUALADA PAM A PAM - Editorial Mediterr\u00e0nia","description":"El joc d'Igualada pam a pam, el joc per demostrar tot el que saps d'Igualada","robots":{"index":"index","follow":"follow","max-snippet":"max-snippet:-1","max-image-preview":"max-image-preview:large","max-video-preview":"max-video-preview:-1"},"canonical":"https:\/\/editorialmediterrania.com\/en\/product\/igualada-pam-a-pam\/","og_locale":"en_US","og_type":"article","og_title":"IGUALADA PAM A PAM - Editorial Mediterr\u00e0nia","og_description":"El joc d'Igualada pam a pam, el joc per demostrar tot el que saps d'Igualada","og_url":"https:\/\/editorialmediterrania.com\/en\/product\/igualada-pam-a-pam\/","og_site_name":"Editorial Mediterr\u00e0nia","article_modified_time":"2025-10-31T08:20:46+00:00","og_image":[{"width":1024,"height":742,"url":"https:\/\/editorialmediterrania.com\/wp-content\/uploads\/2025\/07\/Pam-a-Pam-Igualada-Transparente-con-sombra-1024x742.png","type":"image\/png"}],"twitter_card":"summary_large_image","twitter_site":"@edmediterrania","twitter_misc":{"Est. reading time":"2 minutes"},"schema":{"@context":"https:\/\/schema.org","@graph":[{"@type":"WebPage","@id":"https:\/\/editorialmediterrania.com\/en\/product\/igualada-pam-a-pam\/","url":"https:\/\/editorialmediterrania.com\/en\/product\/igualada-pam-a-pam\/","name":"IGUALADA PAM A PAM - Editorial Mediterr\u00e0nia","isPartOf":{"@id":"https:\/\/editorialmediterrania.com\/en\/#website"},"primaryImageOfPage":{"@id":"https:\/\/editorialmediterrania.com\/en\/product\/igualada-pam-a-pam\/#primaryimage"},"image":{"@id":"https:\/\/editorialmediterrania.com\/en\/product\/igualada-pam-a-pam\/#primaryimage"},"thumbnailUrl":"https:\/\/editorialmediterrania.com\/wp-content\/uploads\/2025\/07\/Pam-a-Pam-Igualada-Transparente-con-sombra.png","datePublished":"2025-07-24T23:00:00+00:00","dateModified":"2025-10-31T08:20:46+00:00","description":"El joc d'Igualada pam a pam, el joc per demostrar tot el que saps d'Igualada","breadcrumb":{"@id":"https:\/\/editorialmediterrania.com\/en\/product\/igualada-pam-a-pam\/#breadcrumb"},"inLanguage":"en-US","potentialAction":[{"@type":"ReadAction","target":["https:\/\/editorialmediterrania.com\/en\/product\/igualada-pam-a-pam\/"]}]},{"@type":"ImageObject","inLanguage":"en-US","@id":"https:\/\/editorialmediterrania.com\/en\/product\/igualada-pam-a-pam\/#primaryimage","url":"https:\/\/editorialmediterrania.com\/wp-content\/uploads\/2025\/07\/Pam-a-Pam-Igualada-Transparente-con-sombra.png","contentUrl":"https:\/\/editorialmediterrania.com\/wp-content\/uploads\/2025\/07\/Pam-a-Pam-Igualada-Transparente-con-sombra.png","width":4387,"height":3177},{"@type":"BreadcrumbList","@id":"https:\/\/editorialmediterrania.com\/en\/product\/igualada-pam-a-pam\/#breadcrumb","itemListElement":[{"@type":"ListItem","position":1,"name":"Children&#8217;s art book store","item":"https:\/\/editorialmediterrania.com\/en\/childrens-art-book-store\/"},{"@type":"ListItem","position":2,"name":"IGUALADA PAM A PAM"}]},{"@type":"WebSite","@id":"https:\/\/editorialmediterrania.com\/en\/#website","url":"https:\/\/editorialmediterrania.com\/en\/","name":"Editorial Mediterrania","description":"Llibres que t\u2019obriran nous mons","publisher":{"@id":"https:\/\/editorialmediterrania.com\/en\/#organization"},"alternateName":"Llibres infantils d'art, cultura i natura","potentialAction":[{"@type":"SearchAction","target":{"@type":"EntryPoint","urlTemplate":"https:\/\/editorialmediterrania.com\/en\/?s={search_term_string}"},"query-input":"required name=search_term_string"}],"inLanguage":"en-US"},{"@type":"Organization","@id":"https:\/\/editorialmediterrania.com\/en\/#organization","name":"Editorial Mediterrania","alternateName":"Llibres d'art, cultura i natura per infants i fam\u00edlies","url":"https:\/\/editorialmediterrania.com\/en\/","logo":{"@type":"ImageObject","inLanguage":"en-US","@id":"https:\/\/editorialmediterrania.com\/en\/#\/schema\/logo\/image\/","url":"https:\/\/editorialmediterrania.com\/wp-content\/uploads\/2023\/03\/LOGO-ED_MEDITERRANIA_OK-2.png","contentUrl":"https:\/\/editorialmediterrania.com\/wp-content\/uploads\/2023\/03\/LOGO-ED_MEDITERRANIA_OK-2.png","width":1200,"height":300,"caption":"Editorial Mediterrania"},"image":{"@id":"https:\/\/editorialmediterrania.com\/en\/#\/schema\/logo\/image\/"},"sameAs":["https:\/\/x.com\/edmediterrania","https:\/\/www.instagram.com\/editorialmediterrania\/"]}]}},"_links":{"self":[{"href":"https:\/\/editorialmediterrania.com\/en\/wp-json\/wp\/v2\/product\/47107","targetHints":{"allow":["GET"]}}],"collection":[{"href":"https:\/\/editorialmediterrania.com\/en\/wp-json\/wp\/v2\/product"}],"about":[{"href":"https:\/\/editorialmediterrania.com\/en\/wp-json\/wp\/v2\/types\/product"}],"wp:featuredmedia":[{"embeddable":true,"href":"https:\/\/editorialmediterrania.com\/en\/wp-json\/wp\/v2\/media\/47755"}],"wp:attachment":[{"href":"https:\/\/editorialmediterrania.com\/en\/wp-json\/wp\/v2\/media?parent=47107"}],"wp:term":[{"taxonomy":"product_cat","embeddable":true,"href":"https:\/\/editorialmediterrania.com\/en\/wp-json\/wp\/v2\/product_cat?post=47107"},{"taxonomy":"product_tag","embeddable":true,"href":"https:\/\/editorialmediterrania.com\/en\/wp-json\/wp\/v2\/product_tag?post=47107"},{"taxonomy":"autors","embeddable":true,"href":"https:\/\/editorialmediterrania.com\/en\/wp-json\/wp\/v2\/autors?post=47107"}],"curies":[{"name":"wp","href":"https:\/\/api.w.org\/{rel}","templated":true}]}}