{"id":47148,"date":"2025-07-25T02:00:49","date_gmt":"2025-07-25T00:00:49","guid":{"rendered":"https:\/\/editorialmediterrania.com\/?post_type=product&#038;p=47148"},"modified":"2025-10-31T09:19:02","modified_gmt":"2025-10-31T08:19:02","slug":"manresa-pam-a-pam","status":"publish","type":"product","link":"https:\/\/editorialmediterrania.com\/en\/product\/manresa-pam-a-pam\/","title":{"rendered":"MANRESA PAM A PAM"},"content":{"rendered":"<p><strong><span class=\"OYPEnA font-feature-liga-off font-feature-clig-off font-feature-calt-off text-decoration-none text-strikethrough-none\">El joc de Manresa <\/span><\/strong><span class=\"OYPEnA font-feature-liga-off font-feature-clig-off font-feature-calt-off text-decoration-none text-strikethrough-none\">desafiar\u00e0 als participants a <strong>respondre preguntes, fer m\u00edmica i dibuixar sobre art, cultura i natura de la ciutat.<\/strong> Est\u00e0 dissenyat per jugar <\/span><span class=\"OYPEnA font-feature-liga-off font-feature-clig-off font-feature-calt-off text-decoration-none text-strikethrough-none\">a partir de <strong>4 jugadors<\/strong> i amb una durada <strong>d\u2019uns 40 min<\/strong>.<\/span><span class=\"OYPEnA font-feature-liga-off font-feature-clig-off font-feature-calt-off text-decoration-none text-strikethrough-none\"> Permet participar en equip o de manera individual, fent-lo perfecte per a reunions familiars i trobades amb amics. Es compon de <\/span><span class=\"OYPEnA font-feature-liga-off font-feature-clig-off font-feature-calt-off text-decoration-none text-strikethrough-none\">180 preguntes<\/span><span class=\"OYPEnA font-feature-liga-off font-feature-clig-off font-feature-calt-off text-decoration-none text-strikethrough-none\">, dividides en tres categories amb 60 preguntes cadascuna: <\/span><span class=\"OYPEnA font-feature-liga-off font-feature-clig-off font-feature-calt-off text-decoration-none text-strikethrough-none\">art i cultura, Territori i comer\u00e7 i Natura i entorn.<\/span><\/p>\n<blockquote><p><strong><span class=\"OYPEnA font-feature-liga-off font-feature-clig-off font-feature-calt-off text-decoration-none text-strikethrough-none\">\u00abSi tens m\u00e9s orgull manres\u00e0 que ganes d\u2019explicar qu\u00e8 va fer Sant Ignasi a la cova, aquest joc \u00e9s per a tu.\u00bb\u00a0<\/span><\/strong><\/p><\/blockquote>\n<p class=\"cvGsUA direction-ltr align-justify para-style-body\"><span class=\"OYPEnA font-feature-liga-off font-feature-clig-off font-feature-calt-off text-decoration-none text-strikethrough-none\">Les preguntes del joc relacionades amb <\/span><strong><span class=\"OYPEnA font-feature-liga-off font-feature-clig-off font-feature-calt-off text-decoration-none text-strikethrough-none\">l\u2019art i la cultura<\/span><\/strong><span class=\"OYPEnA font-feature-liga-off font-feature-clig-off font-feature-calt-off text-decoration-none text-strikethrough-none\"> posen a prova els participants amb reptes com identificar els noms dels <\/span><strong><span class=\"OYPEnA font-feature-liga-off font-feature-clig-off font-feature-calt-off text-decoration-none text-strikethrough-none\">gegants de Manresa<\/span><\/strong><span class=\"OYPEnA font-feature-liga-off font-feature-clig-off font-feature-calt-off text-decoration-none text-strikethrough-none\"> o <strong>recon\u00e8ixer l\u2019estil arquitect\u00f2nic<\/strong> de la <\/span><strong><span class=\"OYPEnA font-feature-liga-off font-feature-clig-off font-feature-calt-off text-decoration-none text-strikethrough-none\">Casa Lluvi\u00e0<\/span><\/strong><span class=\"OYPEnA font-feature-liga-off font-feature-clig-off font-feature-calt-off text-decoration-none text-strikethrough-none\">. En la categoria de <\/span><strong><span class=\"OYPEnA font-feature-liga-off font-feature-clig-off font-feature-calt-off text-decoration-none text-strikethrough-none\">natura i entorn<\/span><\/strong><span class=\"OYPEnA font-feature-liga-off font-feature-clig-off font-feature-calt-off text-decoration-none text-strikethrough-none\">, s\u2019hi poden trobar q\u00fcestions com <strong>quin<\/strong><\/span><strong><span class=\"OYPEnA font-feature-liga-off font-feature-clig-off font-feature-calt-off text-decoration-none text-strikethrough-none\"> riu abasteix la S\u00e8quia<\/span><\/strong><span class=\"OYPEnA font-feature-liga-off font-feature-clig-off font-feature-calt-off text-decoration-none text-strikethrough-none\"> o <strong>quin esdeveniment hist\u00f2ric<\/strong> o <strong>religi\u00f3s<\/strong> est\u00e0 vinculat a<strong> la <\/strong><\/span><strong><span class=\"OYPEnA font-feature-liga-off font-feature-clig-off font-feature-calt-off text-decoration-none text-strikethrough-none\">Masia de les Marcetes<\/span><span class=\"OYPEnA font-feature-liga-off font-feature-clig-off font-feature-calt-off text-decoration-none text-strikethrough-none\">.<\/span><\/strong><\/p>\n<p class=\"cvGsUA direction-ltr align-justify para-style-body\"><span class=\"OYPEnA font-feature-liga-off font-feature-clig-off font-feature-calt-off text-decoration-none text-strikethrough-none\">Pel que fa <\/span><span class=\"OYPEnA font-feature-liga-off font-feature-clig-off font-feature-calt-off text-decoration-none text-strikethrough-none\"><strong>comer\u00e7 i ciutat<\/strong>,<\/span><span class=\"OYPEnA font-feature-liga-off font-feature-clig-off font-feature-calt-off text-decoration-none text-strikethrough-none\"> els jugadors hauran de respondre preguntes sobre temes com el <\/span><span class=\"OYPEnA font-feature-liga-off font-feature-clig-off font-feature-calt-off text-decoration-none text-strikethrough-none\">paper hist\u00f2ric del <strong>Puigcardener<\/strong><\/span><span class=\"OYPEnA font-feature-liga-off font-feature-clig-off font-feature-calt-off text-decoration-none text-strikethrough-none\"> dins la ciutat o quines iniciatives fomenten un consum responsable i sostenible a <strong>Manresa<\/strong>. El joc tamb\u00e9 incorpora proves creatives, on caldr\u00e0 dibuixar elements com <strong>la <\/strong><\/span><span class=\"OYPEnA font-feature-liga-off font-feature-clig-off font-feature-calt-off text-decoration-none text-strikethrough-none\"><strong>Font de la Girada<\/strong> o <strong>la Capella de Sant Marc<\/strong><\/span><span class=\"OYPEnA font-feature-liga-off font-feature-clig-off font-feature-calt-off text-decoration-none text-strikethrough-none\"> perqu\u00e8 la resta de l\u2019equip els pugui endevinar. I per afegir-hi m\u00e9s diversi\u00f3, hi ha espai per a partides de <\/span><span class=\"OYPEnA font-feature-liga-off font-feature-clig-off font-feature-calt-off text-decoration-none text-strikethrough-none\"><strong>tab\u00fa i m\u00edmica<\/strong>,<\/span><span class=\"OYPEnA font-feature-liga-off font-feature-clig-off font-feature-calt-off text-decoration-none text-strikethrough-none\"> amb paraules ben arrelades a la ciutat com <\/span><strong><span class=\"OYPEnA font-feature-liga-off font-feature-clig-off font-feature-calt-off text-decoration-none text-strikethrough-none\">regadiu<\/span><span class=\"OYPEnA font-feature-liga-off font-feature-clig-off font-feature-calt-off text-decoration-none text-strikethrough-none\">, <\/span><span class=\"OYPEnA font-feature-liga-off font-feature-clig-off font-feature-calt-off text-decoration-none text-strikethrough-none\">Cova de Sant Ignasi o Bufalvent.<\/span><\/strong><\/p>\n","protected":false},"excerpt":{"rendered":"<p class=\"cvGsUA direction-ltr align-start para-style-body\"><span class=\"OYPEnA font-feature-liga-off font-feature-clig-off font-feature-calt-off text-decoration-none text-strikethrough-none\">DINS LA CAPSA HI TROBAR\u00c0S:<\/span><\/p>\n<ul>\n<li><span class=\"OYPEnA font-feature-liga-off font-feature-clig-off font-feature-calt-off text-decoration-none text-strikethrough-none\">6 FITXES<\/span><\/li>\n<li><span class=\"OYPEnA font-feature-liga-off font-feature-clig-off font-feature-calt-off text-decoration-none text-strikethrough-none\">1 DAU<\/span><\/li>\n<li><span class=\"OYPEnA font-feature-liga-off font-feature-clig-off font-feature-calt-off text-decoration-none text-strikethrough-none\">180 TARGETES<\/span><\/li>\n<li><span class=\"OYPEnA font-feature-liga-off font-feature-clig-off font-feature-calt-off text-decoration-none text-strikethrough-none\">1 TAULELL<\/span><\/li>\n<li><span class=\"OYPEnA font-feature-liga-off font-feature-clig-off font-feature-calt-off text-decoration-none text-strikethrough-none\">INSTRUCCIONS DEL JOC<\/span><\/li>\n<\/ul>\n","protected":false},"featured_media":47758,"template":"","meta":[],"product_cat":[6531],"product_tag":[],"autors":[],"class_list":{"0":"post-47148","1":"product","2":"type-product","3":"status-publish","4":"has-post-thumbnail","6":"product_cat-mediterrania-games","8":"first","9":"instock","10":"taxable","11":"shipping-taxable","12":"purchasable","13":"product-type-simple","swatches":"rey-swatches","show_selected":""},"acf":[],"yoast_head":"<!-- This site is optimized with the Yoast SEO plugin v22.8 - https:\/\/yoast.com\/wordpress\/plugins\/seo\/ -->\n<title>MANRESA PAM A PAM - Editorial Mediterr\u00e0nia<\/title>\n<meta name=\"description\" content=\"Arriba el primer joc de taula de Manresa per jugar en fam\u00edlia i amics. T\u00e9 com a objectiu demostrar qui sap m\u00e9s sobre la ciutat a trav\u00e9s de preguntes, dibuix, tab\u00fa, m\u00edmica i orientaci\u00f3.\" \/>\n<meta name=\"robots\" content=\"index, follow, max-snippet:-1, max-image-preview:large, max-video-preview:-1\" \/>\n<link rel=\"canonical\" href=\"https:\/\/editorialmediterrania.com\/en\/product\/manresa-pam-a-pam\/\" \/>\n<meta property=\"og:locale\" content=\"en_US\" \/>\n<meta property=\"og:type\" content=\"article\" \/>\n<meta property=\"og:title\" content=\"MANRESA PAM A PAM - Editorial Mediterr\u00e0nia\" \/>\n<meta property=\"og:description\" content=\"Arriba el primer joc de taula de Manresa per jugar en fam\u00edlia i amics. T\u00e9 com a objectiu demostrar qui sap m\u00e9s sobre la ciutat a trav\u00e9s de preguntes, dibuix, tab\u00fa, m\u00edmica i orientaci\u00f3.\" \/>\n<meta property=\"og:url\" content=\"https:\/\/editorialmediterrania.com\/en\/product\/manresa-pam-a-pam\/\" \/>\n<meta property=\"og:site_name\" content=\"Editorial Mediterr\u00e0nia\" \/>\n<meta property=\"article:modified_time\" content=\"2025-10-31T08:19:02+00:00\" \/>\n<meta property=\"og:image\" content=\"https:\/\/editorialmediterrania.com\/wp-content\/uploads\/2025\/07\/Pam-a-Pam-Manresa-Transparente-con-sombra-1024x742.png\" \/>\n\t<meta property=\"og:image:width\" content=\"1024\" \/>\n\t<meta property=\"og:image:height\" content=\"742\" \/>\n\t<meta property=\"og:image:type\" content=\"image\/png\" \/>\n<meta name=\"twitter:card\" content=\"summary_large_image\" \/>\n<meta name=\"twitter:site\" content=\"@edmediterrania\" \/>\n<meta name=\"twitter:label1\" content=\"Est. reading time\" \/>\n\t<meta name=\"twitter:data1\" content=\"2 minutes\" \/>\n<script type=\"application\/ld+json\" class=\"yoast-schema-graph\">{\"@context\":\"https:\/\/schema.org\",\"@graph\":[{\"@type\":\"WebPage\",\"@id\":\"https:\/\/editorialmediterrania.com\/en\/product\/manresa-pam-a-pam\/\",\"url\":\"https:\/\/editorialmediterrania.com\/en\/product\/manresa-pam-a-pam\/\",\"name\":\"MANRESA PAM A PAM - Editorial Mediterr\u00e0nia\",\"isPartOf\":{\"@id\":\"https:\/\/editorialmediterrania.com\/en\/#website\"},\"primaryImageOfPage\":{\"@id\":\"https:\/\/editorialmediterrania.com\/en\/product\/manresa-pam-a-pam\/#primaryimage\"},\"image\":{\"@id\":\"https:\/\/editorialmediterrania.com\/en\/product\/manresa-pam-a-pam\/#primaryimage\"},\"thumbnailUrl\":\"https:\/\/editorialmediterrania.com\/wp-content\/uploads\/2025\/07\/Pam-a-Pam-Manresa-Transparente-con-sombra.png\",\"datePublished\":\"2025-07-25T00:00:49+00:00\",\"dateModified\":\"2025-10-31T08:19:02+00:00\",\"description\":\"Arriba el primer joc de taula de Manresa per jugar en fam\u00edlia i amics. T\u00e9 com a objectiu demostrar qui sap m\u00e9s sobre la ciutat a trav\u00e9s de preguntes, dibuix, tab\u00fa, m\u00edmica i orientaci\u00f3.\",\"breadcrumb\":{\"@id\":\"https:\/\/editorialmediterrania.com\/en\/product\/manresa-pam-a-pam\/#breadcrumb\"},\"inLanguage\":\"en-US\",\"potentialAction\":[{\"@type\":\"ReadAction\",\"target\":[\"https:\/\/editorialmediterrania.com\/en\/product\/manresa-pam-a-pam\/\"]}]},{\"@type\":\"ImageObject\",\"inLanguage\":\"en-US\",\"@id\":\"https:\/\/editorialmediterrania.com\/en\/product\/manresa-pam-a-pam\/#primaryimage\",\"url\":\"https:\/\/editorialmediterrania.com\/wp-content\/uploads\/2025\/07\/Pam-a-Pam-Manresa-Transparente-con-sombra.png\",\"contentUrl\":\"https:\/\/editorialmediterrania.com\/wp-content\/uploads\/2025\/07\/Pam-a-Pam-Manresa-Transparente-con-sombra.png\",\"width\":4387,\"height\":3177},{\"@type\":\"BreadcrumbList\",\"@id\":\"https:\/\/editorialmediterrania.com\/en\/product\/manresa-pam-a-pam\/#breadcrumb\",\"itemListElement\":[{\"@type\":\"ListItem\",\"position\":1,\"name\":\"Children&#8217;s art book store\",\"item\":\"https:\/\/editorialmediterrania.com\/en\/childrens-art-book-store\/\"},{\"@type\":\"ListItem\",\"position\":2,\"name\":\"MANRESA PAM A PAM\"}]},{\"@type\":\"WebSite\",\"@id\":\"https:\/\/editorialmediterrania.com\/en\/#website\",\"url\":\"https:\/\/editorialmediterrania.com\/en\/\",\"name\":\"Editorial Mediterrania\",\"description\":\"Llibres que t\u2019obriran nous mons\",\"publisher\":{\"@id\":\"https:\/\/editorialmediterrania.com\/en\/#organization\"},\"alternateName\":\"Llibres infantils d'art, cultura i natura\",\"potentialAction\":[{\"@type\":\"SearchAction\",\"target\":{\"@type\":\"EntryPoint\",\"urlTemplate\":\"https:\/\/editorialmediterrania.com\/en\/?s={search_term_string}\"},\"query-input\":\"required name=search_term_string\"}],\"inLanguage\":\"en-US\"},{\"@type\":\"Organization\",\"@id\":\"https:\/\/editorialmediterrania.com\/en\/#organization\",\"name\":\"Editorial Mediterrania\",\"alternateName\":\"Llibres d'art, cultura i natura per infants i fam\u00edlies\",\"url\":\"https:\/\/editorialmediterrania.com\/en\/\",\"logo\":{\"@type\":\"ImageObject\",\"inLanguage\":\"en-US\",\"@id\":\"https:\/\/editorialmediterrania.com\/en\/#\/schema\/logo\/image\/\",\"url\":\"https:\/\/editorialmediterrania.com\/wp-content\/uploads\/2023\/03\/LOGO-ED_MEDITERRANIA_OK-2.png\",\"contentUrl\":\"https:\/\/editorialmediterrania.com\/wp-content\/uploads\/2023\/03\/LOGO-ED_MEDITERRANIA_OK-2.png\",\"width\":1200,\"height\":300,\"caption\":\"Editorial Mediterrania\"},\"image\":{\"@id\":\"https:\/\/editorialmediterrania.com\/en\/#\/schema\/logo\/image\/\"},\"sameAs\":[\"https:\/\/x.com\/edmediterrania\",\"https:\/\/www.instagram.com\/editorialmediterrania\/\"]}]}<\/script>\n<!-- \/ Yoast SEO plugin. -->","yoast_head_json":{"title":"MANRESA PAM A PAM - Editorial Mediterr\u00e0nia","description":"Arriba el primer joc de taula de Manresa per jugar en fam\u00edlia i amics. T\u00e9 com a objectiu demostrar qui sap m\u00e9s sobre la ciutat a trav\u00e9s de preguntes, dibuix, tab\u00fa, m\u00edmica i orientaci\u00f3.","robots":{"index":"index","follow":"follow","max-snippet":"max-snippet:-1","max-image-preview":"max-image-preview:large","max-video-preview":"max-video-preview:-1"},"canonical":"https:\/\/editorialmediterrania.com\/en\/product\/manresa-pam-a-pam\/","og_locale":"en_US","og_type":"article","og_title":"MANRESA PAM A PAM - Editorial Mediterr\u00e0nia","og_description":"Arriba el primer joc de taula de Manresa per jugar en fam\u00edlia i amics. T\u00e9 com a objectiu demostrar qui sap m\u00e9s sobre la ciutat a trav\u00e9s de preguntes, dibuix, tab\u00fa, m\u00edmica i orientaci\u00f3.","og_url":"https:\/\/editorialmediterrania.com\/en\/product\/manresa-pam-a-pam\/","og_site_name":"Editorial Mediterr\u00e0nia","article_modified_time":"2025-10-31T08:19:02+00:00","og_image":[{"width":1024,"height":742,"url":"https:\/\/editorialmediterrania.com\/wp-content\/uploads\/2025\/07\/Pam-a-Pam-Manresa-Transparente-con-sombra-1024x742.png","type":"image\/png"}],"twitter_card":"summary_large_image","twitter_site":"@edmediterrania","twitter_misc":{"Est. reading time":"2 minutes"},"schema":{"@context":"https:\/\/schema.org","@graph":[{"@type":"WebPage","@id":"https:\/\/editorialmediterrania.com\/en\/product\/manresa-pam-a-pam\/","url":"https:\/\/editorialmediterrania.com\/en\/product\/manresa-pam-a-pam\/","name":"MANRESA PAM A PAM - Editorial Mediterr\u00e0nia","isPartOf":{"@id":"https:\/\/editorialmediterrania.com\/en\/#website"},"primaryImageOfPage":{"@id":"https:\/\/editorialmediterrania.com\/en\/product\/manresa-pam-a-pam\/#primaryimage"},"image":{"@id":"https:\/\/editorialmediterrania.com\/en\/product\/manresa-pam-a-pam\/#primaryimage"},"thumbnailUrl":"https:\/\/editorialmediterrania.com\/wp-content\/uploads\/2025\/07\/Pam-a-Pam-Manresa-Transparente-con-sombra.png","datePublished":"2025-07-25T00:00:49+00:00","dateModified":"2025-10-31T08:19:02+00:00","description":"Arriba el primer joc de taula de Manresa per jugar en fam\u00edlia i amics. T\u00e9 com a objectiu demostrar qui sap m\u00e9s sobre la ciutat a trav\u00e9s de preguntes, dibuix, tab\u00fa, m\u00edmica i orientaci\u00f3.","breadcrumb":{"@id":"https:\/\/editorialmediterrania.com\/en\/product\/manresa-pam-a-pam\/#breadcrumb"},"inLanguage":"en-US","potentialAction":[{"@type":"ReadAction","target":["https:\/\/editorialmediterrania.com\/en\/product\/manresa-pam-a-pam\/"]}]},{"@type":"ImageObject","inLanguage":"en-US","@id":"https:\/\/editorialmediterrania.com\/en\/product\/manresa-pam-a-pam\/#primaryimage","url":"https:\/\/editorialmediterrania.com\/wp-content\/uploads\/2025\/07\/Pam-a-Pam-Manresa-Transparente-con-sombra.png","contentUrl":"https:\/\/editorialmediterrania.com\/wp-content\/uploads\/2025\/07\/Pam-a-Pam-Manresa-Transparente-con-sombra.png","width":4387,"height":3177},{"@type":"BreadcrumbList","@id":"https:\/\/editorialmediterrania.com\/en\/product\/manresa-pam-a-pam\/#breadcrumb","itemListElement":[{"@type":"ListItem","position":1,"name":"Children&#8217;s art book store","item":"https:\/\/editorialmediterrania.com\/en\/childrens-art-book-store\/"},{"@type":"ListItem","position":2,"name":"MANRESA PAM A PAM"}]},{"@type":"WebSite","@id":"https:\/\/editorialmediterrania.com\/en\/#website","url":"https:\/\/editorialmediterrania.com\/en\/","name":"Editorial Mediterrania","description":"Llibres que t\u2019obriran nous mons","publisher":{"@id":"https:\/\/editorialmediterrania.com\/en\/#organization"},"alternateName":"Llibres infantils d'art, cultura i natura","potentialAction":[{"@type":"SearchAction","target":{"@type":"EntryPoint","urlTemplate":"https:\/\/editorialmediterrania.com\/en\/?s={search_term_string}"},"query-input":"required name=search_term_string"}],"inLanguage":"en-US"},{"@type":"Organization","@id":"https:\/\/editorialmediterrania.com\/en\/#organization","name":"Editorial Mediterrania","alternateName":"Llibres d'art, cultura i natura per infants i fam\u00edlies","url":"https:\/\/editorialmediterrania.com\/en\/","logo":{"@type":"ImageObject","inLanguage":"en-US","@id":"https:\/\/editorialmediterrania.com\/en\/#\/schema\/logo\/image\/","url":"https:\/\/editorialmediterrania.com\/wp-content\/uploads\/2023\/03\/LOGO-ED_MEDITERRANIA_OK-2.png","contentUrl":"https:\/\/editorialmediterrania.com\/wp-content\/uploads\/2023\/03\/LOGO-ED_MEDITERRANIA_OK-2.png","width":1200,"height":300,"caption":"Editorial Mediterrania"},"image":{"@id":"https:\/\/editorialmediterrania.com\/en\/#\/schema\/logo\/image\/"},"sameAs":["https:\/\/x.com\/edmediterrania","https:\/\/www.instagram.com\/editorialmediterrania\/"]}]}},"_links":{"self":[{"href":"https:\/\/editorialmediterrania.com\/en\/wp-json\/wp\/v2\/product\/47148","targetHints":{"allow":["GET"]}}],"collection":[{"href":"https:\/\/editorialmediterrania.com\/en\/wp-json\/wp\/v2\/product"}],"about":[{"href":"https:\/\/editorialmediterrania.com\/en\/wp-json\/wp\/v2\/types\/product"}],"wp:featuredmedia":[{"embeddable":true,"href":"https:\/\/editorialmediterrania.com\/en\/wp-json\/wp\/v2\/media\/47758"}],"wp:attachment":[{"href":"https:\/\/editorialmediterrania.com\/en\/wp-json\/wp\/v2\/media?parent=47148"}],"wp:term":[{"taxonomy":"product_cat","embeddable":true,"href":"https:\/\/editorialmediterrania.com\/en\/wp-json\/wp\/v2\/product_cat?post=47148"},{"taxonomy":"product_tag","embeddable":true,"href":"https:\/\/editorialmediterrania.com\/en\/wp-json\/wp\/v2\/product_tag?post=47148"},{"taxonomy":"autors","embeddable":true,"href":"https:\/\/editorialmediterrania.com\/en\/wp-json\/wp\/v2\/autors?post=47148"}],"curies":[{"name":"wp","href":"https:\/\/api.w.org\/{rel}","templated":true}]}}