{"id":47358,"date":"2025-07-25T08:46:56","date_gmt":"2025-07-25T06:46:56","guid":{"rendered":"https:\/\/editorialmediterrania.com\/producte\/historia-de-lart-en-21-gossos\/"},"modified":"2025-11-07T09:22:59","modified_gmt":"2025-11-07T08:22:59","slug":"historia-de-lart-en-21-gossos","status":"publish","type":"product","link":"https:\/\/editorialmediterrania.com\/en\/product\/historia-de-lart-en-21-gossos\/","title":{"rendered":"HIST\u00d2RIA DE L\u2019ART EN 21 GOSSOS"},"content":{"rendered":"<p>Acompanya 21 gossos en un passeig per la hist\u00f2ria de l&#8217;art. Des dels bustos de l&#8217;antic Egipte fins a les serigrafies dels anys seixanta, el retrat \u00e9s una forma d&#8217;art apreciada per pintors, escultors i fot\u00f2grafs. Aquesta guia divertida i atractiva presenta 21 de les obres mestres m\u00e9s importants i reconeixibles de la hist\u00f2ria, reimaginades amb personatges canins elegants. Amb una perspectiva \u00fanica i creativa sobre un g\u00e8nere fascinant, aquest homenatge can\u00ed\u00e9s perfecte per als amants dels gossos i de l&#8217;art de tot el m\u00f3n.<\/p>\n<p>&#8230; i recorda que tamb\u00e9 tenim <strong>Hist\u00f2ria de l\u2019art en 21 gats!<\/strong><\/p>\n","protected":false},"excerpt":{"rendered":"<p>21 obres i retrats d\u2019artistes importants com <strong>Van Gogh<\/strong>, <strong>Edvard Munch i Da Vinchi<\/strong>, entre d\u2019altres.<\/p>\n","protected":false},"featured_media":47356,"template":"","meta":[],"product_cat":[31,29],"product_tag":[],"autors":[],"class_list":{"0":"post-47358","1":"product","2":"type-product","3":"status-publish","4":"has-post-thumbnail","6":"product_cat-editorial-mediterrania","7":"product_cat-art-with-family","9":"first","10":"instock","11":"taxable","12":"shipping-taxable","13":"purchasable","14":"product-type-variable","swatches":"rey-swatches","show_selected":""},"acf":[],"yoast_head":"<!-- This site is optimized with the Yoast SEO plugin v22.8 - https:\/\/yoast.com\/wordpress\/plugins\/seo\/ -->\n<title>HIST\u00d2RIA DE L\u2019ART EN 21 GOSSOS - Editorial Mediterr\u00e0nia<\/title>\n<meta name=\"description\" content=\"Acompanya 21 gossos en un passeig per la hist\u00f2riade l&#039;art.\" \/>\n<meta name=\"robots\" content=\"index, follow, max-snippet:-1, max-image-preview:large, max-video-preview:-1\" \/>\n<link rel=\"canonical\" href=\"https:\/\/editorialmediterrania.com\/en\/product\/historia-de-lart-en-21-gossos\/\" \/>\n<meta property=\"og:locale\" content=\"en_US\" \/>\n<meta property=\"og:type\" content=\"article\" \/>\n<meta property=\"og:title\" content=\"HIST\u00d2RIA DE L\u2019ART EN 21 GOSSOS - Editorial Mediterr\u00e0nia\" \/>\n<meta property=\"og:description\" content=\"Acompanya 21 gossos en un passeig per la hist\u00f2riade l&#039;art.\" \/>\n<meta property=\"og:url\" content=\"https:\/\/editorialmediterrania.com\/en\/product\/historia-de-lart-en-21-gossos\/\" \/>\n<meta property=\"og:site_name\" content=\"Editorial Mediterr\u00e0nia\" \/>\n<meta property=\"article:modified_time\" content=\"2025-11-07T08:22:59+00:00\" \/>\n<meta property=\"og:image\" content=\"https:\/\/editorialmediterrania.com\/wp-content\/uploads\/2025\/07\/HISTORIA-DE-LART-EN-21-GOSSOS-812x1024.png\" \/>\n\t<meta property=\"og:image:width\" content=\"812\" \/>\n\t<meta property=\"og:image:height\" content=\"1024\" \/>\n\t<meta property=\"og:image:type\" content=\"image\/png\" \/>\n<meta name=\"twitter:card\" content=\"summary_large_image\" \/>\n<meta name=\"twitter:site\" content=\"@edmediterrania\" \/>\n<meta name=\"twitter:label1\" content=\"Est. reading time\" \/>\n\t<meta name=\"twitter:data1\" content=\"1 minute\" \/>\n<script type=\"application\/ld+json\" class=\"yoast-schema-graph\">{\"@context\":\"https:\/\/schema.org\",\"@graph\":[{\"@type\":\"WebPage\",\"@id\":\"https:\/\/editorialmediterrania.com\/en\/product\/historia-de-lart-en-21-gossos\/\",\"url\":\"https:\/\/editorialmediterrania.com\/en\/product\/historia-de-lart-en-21-gossos\/\",\"name\":\"HIST\u00d2RIA DE L\u2019ART EN 21 GOSSOS - Editorial Mediterr\u00e0nia\",\"isPartOf\":{\"@id\":\"https:\/\/editorialmediterrania.com\/en\/#website\"},\"primaryImageOfPage\":{\"@id\":\"https:\/\/editorialmediterrania.com\/en\/product\/historia-de-lart-en-21-gossos\/#primaryimage\"},\"image\":{\"@id\":\"https:\/\/editorialmediterrania.com\/en\/product\/historia-de-lart-en-21-gossos\/#primaryimage\"},\"thumbnailUrl\":\"https:\/\/editorialmediterrania.com\/wp-content\/uploads\/2025\/07\/HISTORIA-DE-LART-EN-21-GOSSOS-e1758275463854.png\",\"datePublished\":\"2025-07-25T06:46:56+00:00\",\"dateModified\":\"2025-11-07T08:22:59+00:00\",\"description\":\"Acompanya 21 gossos en un passeig per la hist\u00f2riade l'art.\",\"breadcrumb\":{\"@id\":\"https:\/\/editorialmediterrania.com\/en\/product\/historia-de-lart-en-21-gossos\/#breadcrumb\"},\"inLanguage\":\"en-US\",\"potentialAction\":[{\"@type\":\"ReadAction\",\"target\":[\"https:\/\/editorialmediterrania.com\/en\/product\/historia-de-lart-en-21-gossos\/\"]}]},{\"@type\":\"ImageObject\",\"inLanguage\":\"en-US\",\"@id\":\"https:\/\/editorialmediterrania.com\/en\/product\/historia-de-lart-en-21-gossos\/#primaryimage\",\"url\":\"https:\/\/editorialmediterrania.com\/wp-content\/uploads\/2025\/07\/HISTORIA-DE-LART-EN-21-GOSSOS-e1758275463854.png\",\"contentUrl\":\"https:\/\/editorialmediterrania.com\/wp-content\/uploads\/2025\/07\/HISTORIA-DE-LART-EN-21-GOSSOS-e1758275463854.png\",\"width\":1162,\"height\":1466,\"caption\":\"HISTORIA DE L'ART EN 21 GOSSOS\"},{\"@type\":\"BreadcrumbList\",\"@id\":\"https:\/\/editorialmediterrania.com\/en\/product\/historia-de-lart-en-21-gossos\/#breadcrumb\",\"itemListElement\":[{\"@type\":\"ListItem\",\"position\":1,\"name\":\"Children&#8217;s art book store\",\"item\":\"https:\/\/editorialmediterrania.com\/en\/childrens-art-book-store\/\"},{\"@type\":\"ListItem\",\"position\":2,\"name\":\"HIST\u00d2RIA DE L\u2019ART EN 21 GOSSOS\"}]},{\"@type\":\"WebSite\",\"@id\":\"https:\/\/editorialmediterrania.com\/en\/#website\",\"url\":\"https:\/\/editorialmediterrania.com\/en\/\",\"name\":\"Editorial Mediterrania\",\"description\":\"Llibres que t\u2019obriran nous mons\",\"publisher\":{\"@id\":\"https:\/\/editorialmediterrania.com\/en\/#organization\"},\"alternateName\":\"Llibres infantils d'art, cultura i natura\",\"potentialAction\":[{\"@type\":\"SearchAction\",\"target\":{\"@type\":\"EntryPoint\",\"urlTemplate\":\"https:\/\/editorialmediterrania.com\/en\/?s={search_term_string}\"},\"query-input\":\"required name=search_term_string\"}],\"inLanguage\":\"en-US\"},{\"@type\":\"Organization\",\"@id\":\"https:\/\/editorialmediterrania.com\/en\/#organization\",\"name\":\"Editorial Mediterrania\",\"alternateName\":\"Llibres d'art, cultura i natura per infants i fam\u00edlies\",\"url\":\"https:\/\/editorialmediterrania.com\/en\/\",\"logo\":{\"@type\":\"ImageObject\",\"inLanguage\":\"en-US\",\"@id\":\"https:\/\/editorialmediterrania.com\/en\/#\/schema\/logo\/image\/\",\"url\":\"https:\/\/editorialmediterrania.com\/wp-content\/uploads\/2023\/03\/LOGO-ED_MEDITERRANIA_OK-2.png\",\"contentUrl\":\"https:\/\/editorialmediterrania.com\/wp-content\/uploads\/2023\/03\/LOGO-ED_MEDITERRANIA_OK-2.png\",\"width\":1200,\"height\":300,\"caption\":\"Editorial Mediterrania\"},\"image\":{\"@id\":\"https:\/\/editorialmediterrania.com\/en\/#\/schema\/logo\/image\/\"},\"sameAs\":[\"https:\/\/x.com\/edmediterrania\",\"https:\/\/www.instagram.com\/editorialmediterrania\/\"]}]}<\/script>\n<!-- \/ Yoast SEO plugin. -->","yoast_head_json":{"title":"HIST\u00d2RIA DE L\u2019ART EN 21 GOSSOS - Editorial Mediterr\u00e0nia","description":"Acompanya 21 gossos en un passeig per la hist\u00f2riade l'art.","robots":{"index":"index","follow":"follow","max-snippet":"max-snippet:-1","max-image-preview":"max-image-preview:large","max-video-preview":"max-video-preview:-1"},"canonical":"https:\/\/editorialmediterrania.com\/en\/product\/historia-de-lart-en-21-gossos\/","og_locale":"en_US","og_type":"article","og_title":"HIST\u00d2RIA DE L\u2019ART EN 21 GOSSOS - Editorial Mediterr\u00e0nia","og_description":"Acompanya 21 gossos en un passeig per la hist\u00f2riade l'art.","og_url":"https:\/\/editorialmediterrania.com\/en\/product\/historia-de-lart-en-21-gossos\/","og_site_name":"Editorial Mediterr\u00e0nia","article_modified_time":"2025-11-07T08:22:59+00:00","og_image":[{"width":812,"height":1024,"url":"https:\/\/editorialmediterrania.com\/wp-content\/uploads\/2025\/07\/HISTORIA-DE-LART-EN-21-GOSSOS-812x1024.png","type":"image\/png"}],"twitter_card":"summary_large_image","twitter_site":"@edmediterrania","twitter_misc":{"Est. reading time":"1 minute"},"schema":{"@context":"https:\/\/schema.org","@graph":[{"@type":"WebPage","@id":"https:\/\/editorialmediterrania.com\/en\/product\/historia-de-lart-en-21-gossos\/","url":"https:\/\/editorialmediterrania.com\/en\/product\/historia-de-lart-en-21-gossos\/","name":"HIST\u00d2RIA DE L\u2019ART EN 21 GOSSOS - Editorial Mediterr\u00e0nia","isPartOf":{"@id":"https:\/\/editorialmediterrania.com\/en\/#website"},"primaryImageOfPage":{"@id":"https:\/\/editorialmediterrania.com\/en\/product\/historia-de-lart-en-21-gossos\/#primaryimage"},"image":{"@id":"https:\/\/editorialmediterrania.com\/en\/product\/historia-de-lart-en-21-gossos\/#primaryimage"},"thumbnailUrl":"https:\/\/editorialmediterrania.com\/wp-content\/uploads\/2025\/07\/HISTORIA-DE-LART-EN-21-GOSSOS-e1758275463854.png","datePublished":"2025-07-25T06:46:56+00:00","dateModified":"2025-11-07T08:22:59+00:00","description":"Acompanya 21 gossos en un passeig per la hist\u00f2riade l'art.","breadcrumb":{"@id":"https:\/\/editorialmediterrania.com\/en\/product\/historia-de-lart-en-21-gossos\/#breadcrumb"},"inLanguage":"en-US","potentialAction":[{"@type":"ReadAction","target":["https:\/\/editorialmediterrania.com\/en\/product\/historia-de-lart-en-21-gossos\/"]}]},{"@type":"ImageObject","inLanguage":"en-US","@id":"https:\/\/editorialmediterrania.com\/en\/product\/historia-de-lart-en-21-gossos\/#primaryimage","url":"https:\/\/editorialmediterrania.com\/wp-content\/uploads\/2025\/07\/HISTORIA-DE-LART-EN-21-GOSSOS-e1758275463854.png","contentUrl":"https:\/\/editorialmediterrania.com\/wp-content\/uploads\/2025\/07\/HISTORIA-DE-LART-EN-21-GOSSOS-e1758275463854.png","width":1162,"height":1466,"caption":"HISTORIA DE L'ART EN 21 GOSSOS"},{"@type":"BreadcrumbList","@id":"https:\/\/editorialmediterrania.com\/en\/product\/historia-de-lart-en-21-gossos\/#breadcrumb","itemListElement":[{"@type":"ListItem","position":1,"name":"Children&#8217;s art book store","item":"https:\/\/editorialmediterrania.com\/en\/childrens-art-book-store\/"},{"@type":"ListItem","position":2,"name":"HIST\u00d2RIA DE L\u2019ART EN 21 GOSSOS"}]},{"@type":"WebSite","@id":"https:\/\/editorialmediterrania.com\/en\/#website","url":"https:\/\/editorialmediterrania.com\/en\/","name":"Editorial Mediterrania","description":"Llibres que t\u2019obriran nous mons","publisher":{"@id":"https:\/\/editorialmediterrania.com\/en\/#organization"},"alternateName":"Llibres infantils d'art, cultura i natura","potentialAction":[{"@type":"SearchAction","target":{"@type":"EntryPoint","urlTemplate":"https:\/\/editorialmediterrania.com\/en\/?s={search_term_string}"},"query-input":"required name=search_term_string"}],"inLanguage":"en-US"},{"@type":"Organization","@id":"https:\/\/editorialmediterrania.com\/en\/#organization","name":"Editorial Mediterrania","alternateName":"Llibres d'art, cultura i natura per infants i fam\u00edlies","url":"https:\/\/editorialmediterrania.com\/en\/","logo":{"@type":"ImageObject","inLanguage":"en-US","@id":"https:\/\/editorialmediterrania.com\/en\/#\/schema\/logo\/image\/","url":"https:\/\/editorialmediterrania.com\/wp-content\/uploads\/2023\/03\/LOGO-ED_MEDITERRANIA_OK-2.png","contentUrl":"https:\/\/editorialmediterrania.com\/wp-content\/uploads\/2023\/03\/LOGO-ED_MEDITERRANIA_OK-2.png","width":1200,"height":300,"caption":"Editorial Mediterrania"},"image":{"@id":"https:\/\/editorialmediterrania.com\/en\/#\/schema\/logo\/image\/"},"sameAs":["https:\/\/x.com\/edmediterrania","https:\/\/www.instagram.com\/editorialmediterrania\/"]}]}},"_links":{"self":[{"href":"https:\/\/editorialmediterrania.com\/en\/wp-json\/wp\/v2\/product\/47358","targetHints":{"allow":["GET"]}}],"collection":[{"href":"https:\/\/editorialmediterrania.com\/en\/wp-json\/wp\/v2\/product"}],"about":[{"href":"https:\/\/editorialmediterrania.com\/en\/wp-json\/wp\/v2\/types\/product"}],"wp:featuredmedia":[{"embeddable":true,"href":"https:\/\/editorialmediterrania.com\/en\/wp-json\/wp\/v2\/media\/47356"}],"wp:attachment":[{"href":"https:\/\/editorialmediterrania.com\/en\/wp-json\/wp\/v2\/media?parent=47358"}],"wp:term":[{"taxonomy":"product_cat","embeddable":true,"href":"https:\/\/editorialmediterrania.com\/en\/wp-json\/wp\/v2\/product_cat?post=47358"},{"taxonomy":"product_tag","embeddable":true,"href":"https:\/\/editorialmediterrania.com\/en\/wp-json\/wp\/v2\/product_tag?post=47358"},{"taxonomy":"autors","embeddable":true,"href":"https:\/\/editorialmediterrania.com\/en\/wp-json\/wp\/v2\/autors?post=47358"}],"curies":[{"name":"wp","href":"https:\/\/api.w.org\/{rel}","templated":true}]}}