{"id":47376,"date":"2025-07-25T10:08:55","date_gmt":"2025-07-25T08:08:55","guid":{"rendered":"https:\/\/editorialmediterrania.com\/producte\/el-tresor-de-nadal\/"},"modified":"2025-07-28T10:55:04","modified_gmt":"2025-07-28T08:55:04","slug":"el-tresor-de-nadal","status":"publish","type":"product","link":"https:\/\/editorialmediterrania.com\/en\/product\/el-tresor-de-nadal\/","title":{"rendered":"EL TRESOR DE NADAL"},"content":{"rendered":"<p data-start=\"81\" data-end=\"302\"><strong data-start=\"81\" data-end=\"105\">BENVINGUTS AL NADAL!<\/strong><br data-start=\"105\" data-end=\"108\" \/>Arremanga\u2019t, endinsa\u2019t a la natura i descobreix l\u2019estil de vida autosuficient i ecol\u00f2gic de les cases rurals amb aquest llibre tan especial, ple d\u2019activitats nadalenques per gaudir en fam\u00edlia.<\/p>\n<p data-start=\"304\" data-end=\"473\">Coneix qu\u00e8 fa \u00fanica aquesta estaci\u00f3, apr\u00e8n noves habilitats de cuina, jardineria i manualitats, i aprofita al m\u00e0xim els regals que ens ofereix la natura durant l\u2019hivern.<\/p>\n<p data-start=\"475\" data-end=\"736\">\u2014 Llibre impr\u00e8s de manera sostenible, amb paper 100 % reciclat<br data-start=\"537\" data-end=\"540\" \/>\u2014 Idees d\u2019alimentaci\u00f3 local i de temporada, per plantar o cuinar a casa<br data-start=\"611\" data-end=\"614\" \/>\u2014 Receptes divertides i f\u00e0cils per fer amb els m\u00e9s petits<br data-start=\"671\" data-end=\"674\" \/>\u2014 Manualitats i consells per no desaprofitar res dels aliments<\/p>\n<p data-start=\"738\" data-end=\"808\"><strong data-start=\"738\" data-end=\"771\">Text d\u2019Angela Ferraro-Fanning<\/strong><br data-start=\"771\" data-end=\"774\" \/><strong data-start=\"774\" data-end=\"808\">Il\u00b7lustracions d\u2019AnneliesDraws<\/strong><\/p>\n","protected":false},"excerpt":{"rendered":"<p>BENVINGUTS AL NADAL!Arremanga\u2019t, endinsa\u2019t a la natura i descobreix l\u2019estil de vida autosuficient i ecol\u00f2gic de les cases rurals amb aquest llibre tan especial, ple d\u2019activitats nadalenques per gaudir en fam\u00edlia. Coneix qu\u00e8 fa \u00fanica aquesta estaci\u00f3, apr\u00e8n noves habilitats de cuina, jardineria i manualitats, i aprofita al m\u00e0xim els regals que ens ofereix la [&hellip;]<\/p>\n","protected":false},"featured_media":47371,"template":"","meta":[],"product_cat":[31,6466],"product_tag":[],"autors":[],"class_list":{"0":"post-47376","1":"product","2":"type-product","3":"status-publish","4":"has-post-thumbnail","6":"product_cat-editorial-mediterrania","7":"product_cat-pequena-casa-rural-en","9":"first","10":"instock","11":"taxable","12":"shipping-taxable","13":"purchasable","14":"product-type-variable","swatches":"rey-swatches","show_selected":""},"acf":[],"yoast_head":"<!-- This site is optimized with the Yoast SEO plugin v22.8 - https:\/\/yoast.com\/wordpress\/plugins\/seo\/ -->\n<title>EL TRESOR DE NADAL - Editorial Mediterr\u00e0nia<\/title>\n<meta name=\"description\" content=\"Arremanga\u2019t, endinsa\u2019t a la natura i descobreix l\u2019estil de vida autosuficient i ecol\u00f2gic de les cases rurals amb aquest llibre tan especial, ple d\u2019activitats nadalenques per gaudir en fam\u00edlia.\" \/>\n<meta name=\"robots\" content=\"index, follow, max-snippet:-1, max-image-preview:large, max-video-preview:-1\" \/>\n<link rel=\"canonical\" href=\"https:\/\/editorialmediterrania.com\/en\/product\/el-tresor-de-nadal\/\" \/>\n<meta property=\"og:locale\" content=\"en_US\" \/>\n<meta property=\"og:type\" content=\"article\" \/>\n<meta property=\"og:title\" content=\"EL TRESOR DE NADAL - Editorial Mediterr\u00e0nia\" \/>\n<meta property=\"og:description\" content=\"Arremanga\u2019t, endinsa\u2019t a la natura i descobreix l\u2019estil de vida autosuficient i ecol\u00f2gic de les cases rurals amb aquest llibre tan especial, ple d\u2019activitats nadalenques per gaudir en fam\u00edlia.\" \/>\n<meta property=\"og:url\" content=\"https:\/\/editorialmediterrania.com\/en\/product\/el-tresor-de-nadal\/\" \/>\n<meta property=\"og:site_name\" content=\"Editorial Mediterr\u00e0nia\" \/>\n<meta property=\"article:modified_time\" content=\"2025-07-28T08:55:04+00:00\" \/>\n<meta property=\"og:image\" content=\"https:\/\/editorialmediterrania.com\/wp-content\/uploads\/2025\/07\/9788410478398.png\" \/>\n\t<meta property=\"og:image:width\" content=\"580\" \/>\n\t<meta property=\"og:image:height\" content=\"711\" \/>\n\t<meta property=\"og:image:type\" content=\"image\/png\" \/>\n<meta name=\"twitter:card\" content=\"summary_large_image\" \/>\n<meta name=\"twitter:site\" content=\"@edmediterrania\" \/>\n<meta name=\"twitter:label1\" content=\"Est. reading time\" \/>\n\t<meta name=\"twitter:data1\" content=\"1 minute\" \/>\n<script type=\"application\/ld+json\" class=\"yoast-schema-graph\">{\"@context\":\"https:\/\/schema.org\",\"@graph\":[{\"@type\":\"WebPage\",\"@id\":\"https:\/\/editorialmediterrania.com\/en\/product\/el-tresor-de-nadal\/\",\"url\":\"https:\/\/editorialmediterrania.com\/en\/product\/el-tresor-de-nadal\/\",\"name\":\"EL TRESOR DE NADAL - Editorial Mediterr\u00e0nia\",\"isPartOf\":{\"@id\":\"https:\/\/editorialmediterrania.com\/en\/#website\"},\"primaryImageOfPage\":{\"@id\":\"https:\/\/editorialmediterrania.com\/en\/product\/el-tresor-de-nadal\/#primaryimage\"},\"image\":{\"@id\":\"https:\/\/editorialmediterrania.com\/en\/product\/el-tresor-de-nadal\/#primaryimage\"},\"thumbnailUrl\":\"https:\/\/editorialmediterrania.com\/wp-content\/uploads\/2025\/07\/9788410478398.png\",\"datePublished\":\"2025-07-25T08:08:55+00:00\",\"dateModified\":\"2025-07-28T08:55:04+00:00\",\"description\":\"Arremanga\u2019t, endinsa\u2019t a la natura i descobreix l\u2019estil de vida autosuficient i ecol\u00f2gic de les cases rurals amb aquest llibre tan especial, ple d\u2019activitats nadalenques per gaudir en fam\u00edlia.\",\"breadcrumb\":{\"@id\":\"https:\/\/editorialmediterrania.com\/en\/product\/el-tresor-de-nadal\/#breadcrumb\"},\"inLanguage\":\"en-US\",\"potentialAction\":[{\"@type\":\"ReadAction\",\"target\":[\"https:\/\/editorialmediterrania.com\/en\/product\/el-tresor-de-nadal\/\"]}]},{\"@type\":\"ImageObject\",\"inLanguage\":\"en-US\",\"@id\":\"https:\/\/editorialmediterrania.com\/en\/product\/el-tresor-de-nadal\/#primaryimage\",\"url\":\"https:\/\/editorialmediterrania.com\/wp-content\/uploads\/2025\/07\/9788410478398.png\",\"contentUrl\":\"https:\/\/editorialmediterrania.com\/wp-content\/uploads\/2025\/07\/9788410478398.png\",\"width\":580,\"height\":711,\"caption\":\"tresor de nadal\"},{\"@type\":\"BreadcrumbList\",\"@id\":\"https:\/\/editorialmediterrania.com\/en\/product\/el-tresor-de-nadal\/#breadcrumb\",\"itemListElement\":[{\"@type\":\"ListItem\",\"position\":1,\"name\":\"Children&#8217;s art book store\",\"item\":\"https:\/\/editorialmediterrania.com\/en\/childrens-art-book-store\/\"},{\"@type\":\"ListItem\",\"position\":2,\"name\":\"EL TRESOR DE NADAL\"}]},{\"@type\":\"WebSite\",\"@id\":\"https:\/\/editorialmediterrania.com\/en\/#website\",\"url\":\"https:\/\/editorialmediterrania.com\/en\/\",\"name\":\"Editorial Mediterrania\",\"description\":\"Llibres que t\u2019obriran nous mons\",\"publisher\":{\"@id\":\"https:\/\/editorialmediterrania.com\/en\/#organization\"},\"alternateName\":\"Llibres infantils d'art, cultura i natura\",\"potentialAction\":[{\"@type\":\"SearchAction\",\"target\":{\"@type\":\"EntryPoint\",\"urlTemplate\":\"https:\/\/editorialmediterrania.com\/en\/?s={search_term_string}\"},\"query-input\":\"required name=search_term_string\"}],\"inLanguage\":\"en-US\"},{\"@type\":\"Organization\",\"@id\":\"https:\/\/editorialmediterrania.com\/en\/#organization\",\"name\":\"Editorial Mediterrania\",\"alternateName\":\"Llibres d'art, cultura i natura per infants i fam\u00edlies\",\"url\":\"https:\/\/editorialmediterrania.com\/en\/\",\"logo\":{\"@type\":\"ImageObject\",\"inLanguage\":\"en-US\",\"@id\":\"https:\/\/editorialmediterrania.com\/en\/#\/schema\/logo\/image\/\",\"url\":\"https:\/\/editorialmediterrania.com\/wp-content\/uploads\/2023\/03\/LOGO-ED_MEDITERRANIA_OK-2.png\",\"contentUrl\":\"https:\/\/editorialmediterrania.com\/wp-content\/uploads\/2023\/03\/LOGO-ED_MEDITERRANIA_OK-2.png\",\"width\":1200,\"height\":300,\"caption\":\"Editorial Mediterrania\"},\"image\":{\"@id\":\"https:\/\/editorialmediterrania.com\/en\/#\/schema\/logo\/image\/\"},\"sameAs\":[\"https:\/\/x.com\/edmediterrania\",\"https:\/\/www.instagram.com\/editorialmediterrania\/\"]}]}<\/script>\n<!-- \/ Yoast SEO plugin. -->","yoast_head_json":{"title":"EL TRESOR DE NADAL - Editorial Mediterr\u00e0nia","description":"Arremanga\u2019t, endinsa\u2019t a la natura i descobreix l\u2019estil de vida autosuficient i ecol\u00f2gic de les cases rurals amb aquest llibre tan especial, ple d\u2019activitats nadalenques per gaudir en fam\u00edlia.","robots":{"index":"index","follow":"follow","max-snippet":"max-snippet:-1","max-image-preview":"max-image-preview:large","max-video-preview":"max-video-preview:-1"},"canonical":"https:\/\/editorialmediterrania.com\/en\/product\/el-tresor-de-nadal\/","og_locale":"en_US","og_type":"article","og_title":"EL TRESOR DE NADAL - Editorial Mediterr\u00e0nia","og_description":"Arremanga\u2019t, endinsa\u2019t a la natura i descobreix l\u2019estil de vida autosuficient i ecol\u00f2gic de les cases rurals amb aquest llibre tan especial, ple d\u2019activitats nadalenques per gaudir en fam\u00edlia.","og_url":"https:\/\/editorialmediterrania.com\/en\/product\/el-tresor-de-nadal\/","og_site_name":"Editorial Mediterr\u00e0nia","article_modified_time":"2025-07-28T08:55:04+00:00","og_image":[{"width":580,"height":711,"url":"https:\/\/editorialmediterrania.com\/wp-content\/uploads\/2025\/07\/9788410478398.png","type":"image\/png"}],"twitter_card":"summary_large_image","twitter_site":"@edmediterrania","twitter_misc":{"Est. reading time":"1 minute"},"schema":{"@context":"https:\/\/schema.org","@graph":[{"@type":"WebPage","@id":"https:\/\/editorialmediterrania.com\/en\/product\/el-tresor-de-nadal\/","url":"https:\/\/editorialmediterrania.com\/en\/product\/el-tresor-de-nadal\/","name":"EL TRESOR DE NADAL - Editorial Mediterr\u00e0nia","isPartOf":{"@id":"https:\/\/editorialmediterrania.com\/en\/#website"},"primaryImageOfPage":{"@id":"https:\/\/editorialmediterrania.com\/en\/product\/el-tresor-de-nadal\/#primaryimage"},"image":{"@id":"https:\/\/editorialmediterrania.com\/en\/product\/el-tresor-de-nadal\/#primaryimage"},"thumbnailUrl":"https:\/\/editorialmediterrania.com\/wp-content\/uploads\/2025\/07\/9788410478398.png","datePublished":"2025-07-25T08:08:55+00:00","dateModified":"2025-07-28T08:55:04+00:00","description":"Arremanga\u2019t, endinsa\u2019t a la natura i descobreix l\u2019estil de vida autosuficient i ecol\u00f2gic de les cases rurals amb aquest llibre tan especial, ple d\u2019activitats nadalenques per gaudir en fam\u00edlia.","breadcrumb":{"@id":"https:\/\/editorialmediterrania.com\/en\/product\/el-tresor-de-nadal\/#breadcrumb"},"inLanguage":"en-US","potentialAction":[{"@type":"ReadAction","target":["https:\/\/editorialmediterrania.com\/en\/product\/el-tresor-de-nadal\/"]}]},{"@type":"ImageObject","inLanguage":"en-US","@id":"https:\/\/editorialmediterrania.com\/en\/product\/el-tresor-de-nadal\/#primaryimage","url":"https:\/\/editorialmediterrania.com\/wp-content\/uploads\/2025\/07\/9788410478398.png","contentUrl":"https:\/\/editorialmediterrania.com\/wp-content\/uploads\/2025\/07\/9788410478398.png","width":580,"height":711,"caption":"tresor de nadal"},{"@type":"BreadcrumbList","@id":"https:\/\/editorialmediterrania.com\/en\/product\/el-tresor-de-nadal\/#breadcrumb","itemListElement":[{"@type":"ListItem","position":1,"name":"Children&#8217;s art book store","item":"https:\/\/editorialmediterrania.com\/en\/childrens-art-book-store\/"},{"@type":"ListItem","position":2,"name":"EL TRESOR DE NADAL"}]},{"@type":"WebSite","@id":"https:\/\/editorialmediterrania.com\/en\/#website","url":"https:\/\/editorialmediterrania.com\/en\/","name":"Editorial Mediterrania","description":"Llibres que t\u2019obriran nous mons","publisher":{"@id":"https:\/\/editorialmediterrania.com\/en\/#organization"},"alternateName":"Llibres infantils d'art, cultura i natura","potentialAction":[{"@type":"SearchAction","target":{"@type":"EntryPoint","urlTemplate":"https:\/\/editorialmediterrania.com\/en\/?s={search_term_string}"},"query-input":"required name=search_term_string"}],"inLanguage":"en-US"},{"@type":"Organization","@id":"https:\/\/editorialmediterrania.com\/en\/#organization","name":"Editorial Mediterrania","alternateName":"Llibres d'art, cultura i natura per infants i fam\u00edlies","url":"https:\/\/editorialmediterrania.com\/en\/","logo":{"@type":"ImageObject","inLanguage":"en-US","@id":"https:\/\/editorialmediterrania.com\/en\/#\/schema\/logo\/image\/","url":"https:\/\/editorialmediterrania.com\/wp-content\/uploads\/2023\/03\/LOGO-ED_MEDITERRANIA_OK-2.png","contentUrl":"https:\/\/editorialmediterrania.com\/wp-content\/uploads\/2023\/03\/LOGO-ED_MEDITERRANIA_OK-2.png","width":1200,"height":300,"caption":"Editorial Mediterrania"},"image":{"@id":"https:\/\/editorialmediterrania.com\/en\/#\/schema\/logo\/image\/"},"sameAs":["https:\/\/x.com\/edmediterrania","https:\/\/www.instagram.com\/editorialmediterrania\/"]}]}},"_links":{"self":[{"href":"https:\/\/editorialmediterrania.com\/en\/wp-json\/wp\/v2\/product\/47376","targetHints":{"allow":["GET"]}}],"collection":[{"href":"https:\/\/editorialmediterrania.com\/en\/wp-json\/wp\/v2\/product"}],"about":[{"href":"https:\/\/editorialmediterrania.com\/en\/wp-json\/wp\/v2\/types\/product"}],"wp:featuredmedia":[{"embeddable":true,"href":"https:\/\/editorialmediterrania.com\/en\/wp-json\/wp\/v2\/media\/47371"}],"wp:attachment":[{"href":"https:\/\/editorialmediterrania.com\/en\/wp-json\/wp\/v2\/media?parent=47376"}],"wp:term":[{"taxonomy":"product_cat","embeddable":true,"href":"https:\/\/editorialmediterrania.com\/en\/wp-json\/wp\/v2\/product_cat?post=47376"},{"taxonomy":"product_tag","embeddable":true,"href":"https:\/\/editorialmediterrania.com\/en\/wp-json\/wp\/v2\/product_tag?post=47376"},{"taxonomy":"autors","embeddable":true,"href":"https:\/\/editorialmediterrania.com\/en\/wp-json\/wp\/v2\/autors?post=47376"}],"curies":[{"name":"wp","href":"https:\/\/api.w.org\/{rel}","templated":true}]}}