{"id":47404,"date":"2025-07-28T14:24:29","date_gmt":"2025-07-28T12:24:29","guid":{"rendered":"https:\/\/editorialmediterrania.com\/producte\/aventura-en-miniatura-gaudi-tapa-dura\/"},"modified":"2026-01-28T10:32:13","modified_gmt":"2026-01-28T09:32:13","slug":"aventura-en-miniatura-gaudi-tapa-dura","status":"publish","type":"product","link":"https:\/\/editorialmediterrania.com\/en\/product\/aventura-en-miniatura-gaudi-tapa-dura\/","title":{"rendered":"Aventura en miniatura Gaud\u00ed (tapa dura)"},"content":{"rendered":"<p>Et sona el nom d\u2019Antoni Gaud\u00ed?<\/p>\n<p><br data-start=\"30\" data-end=\"33\" \/>En aquest llibre podr\u00e0s con\u00e8ixer la seva hist\u00f2ria i descobrir per qu\u00e8 va ser un dels arquitectes m\u00e9s famosos de tots els temps. Va construir alguns dels edificis m\u00e9s originals en una \u00e8poca en qu\u00e8 idear coses diferents era gaireb\u00e9 revolucionari.<br data-start=\"277\" data-end=\"280\" \/>El seu nom \u00e9s conegut arreu del m\u00f3n, igual que algunes de les seves obres: el Park G\u00fcell, la Sagrada Fam\u00edlia, la Pedrera i moltes m\u00e9s!<\/p>\n","protected":false},"excerpt":{"rendered":"<p>Et sona el nom d\u2019Antoni Gaud\u00ed? En aquest llibre podr\u00e0s con\u00e8ixer la seva hist\u00f2ria i descobrir per qu\u00e8 va ser un dels arquitectes m\u00e9s famosos de tots els temps. Va construir alguns dels edificis m\u00e9s originals en una \u00e8poca en qu\u00e8 idear coses diferents era gaireb\u00e9 revolucionari.El seu nom \u00e9s conegut arreu del m\u00f3n, igual [&hellip;]<\/p>\n","protected":false},"featured_media":47396,"template":"","meta":[],"product_cat":[6550,31],"product_tag":[],"autors":[],"class_list":{"0":"post-47404","1":"product","2":"type-product","3":"status-publish","4":"has-post-thumbnail","6":"product_cat-gaudi","7":"product_cat-editorial-mediterrania","9":"first","10":"instock","11":"featured","12":"taxable","13":"shipping-taxable","14":"purchasable","15":"product-type-variable","swatches":"rey-swatches","show_selected":""},"acf":[],"yoast_head":"<!-- This site is optimized with the Yoast SEO plugin v22.8 - https:\/\/yoast.com\/wordpress\/plugins\/seo\/ -->\n<title>Aventura en miniatura Gaud\u00ed (tapa dura) - Editorial Mediterr\u00e0nia<\/title>\n<meta name=\"description\" content=\"Aventura en miniatura, una colecci\u00f3n para conocer, aprender y descubrir el arte a trav\u00e9s de artistas y monumentos.\" \/>\n<meta name=\"robots\" content=\"index, follow, max-snippet:-1, max-image-preview:large, max-video-preview:-1\" \/>\n<link rel=\"canonical\" href=\"https:\/\/editorialmediterrania.com\/en\/product\/aventura-en-miniatura-gaudi-tapa-dura\/\" \/>\n<meta property=\"og:locale\" content=\"en_US\" \/>\n<meta property=\"og:type\" content=\"article\" \/>\n<meta property=\"og:title\" content=\"Aventura en miniatura Gaud\u00ed (tapa dura) - Editorial Mediterr\u00e0nia\" \/>\n<meta property=\"og:description\" content=\"Aventura en miniatura, una colecci\u00f3n para conocer, aprender y descubrir el arte a trav\u00e9s de artistas y monumentos.\" \/>\n<meta property=\"og:url\" content=\"https:\/\/editorialmediterrania.com\/en\/product\/aventura-en-miniatura-gaudi-tapa-dura\/\" \/>\n<meta property=\"og:site_name\" content=\"Editorial Mediterr\u00e0nia\" \/>\n<meta property=\"article:modified_time\" content=\"2026-01-28T09:32:13+00:00\" \/>\n<meta property=\"og:image\" content=\"https:\/\/editorialmediterrania.com\/wp-content\/uploads\/2025\/07\/Captura-de-pantalla-2025-07-28-a-las-11.55.56-e1758273354740.png\" \/>\n\t<meta property=\"og:image:width\" content=\"990\" \/>\n\t<meta property=\"og:image:height\" content=\"1252\" \/>\n\t<meta property=\"og:image:type\" content=\"image\/png\" \/>\n<meta name=\"twitter:card\" content=\"summary_large_image\" \/>\n<meta name=\"twitter:site\" content=\"@edmediterrania\" \/>\n<meta name=\"twitter:label1\" content=\"Est. reading time\" \/>\n\t<meta name=\"twitter:data1\" content=\"1 minute\" \/>\n<script type=\"application\/ld+json\" class=\"yoast-schema-graph\">{\"@context\":\"https:\/\/schema.org\",\"@graph\":[{\"@type\":\"WebPage\",\"@id\":\"https:\/\/editorialmediterrania.com\/en\/product\/aventura-en-miniatura-gaudi-tapa-dura\/\",\"url\":\"https:\/\/editorialmediterrania.com\/en\/product\/aventura-en-miniatura-gaudi-tapa-dura\/\",\"name\":\"Aventura en miniatura Gaud\u00ed (tapa dura) - Editorial Mediterr\u00e0nia\",\"isPartOf\":{\"@id\":\"https:\/\/editorialmediterrania.com\/en\/#website\"},\"primaryImageOfPage\":{\"@id\":\"https:\/\/editorialmediterrania.com\/en\/product\/aventura-en-miniatura-gaudi-tapa-dura\/#primaryimage\"},\"image\":{\"@id\":\"https:\/\/editorialmediterrania.com\/en\/product\/aventura-en-miniatura-gaudi-tapa-dura\/#primaryimage\"},\"thumbnailUrl\":\"https:\/\/editorialmediterrania.com\/wp-content\/uploads\/2025\/07\/Captura-de-pantalla-2025-07-28-a-las-11.55.56-e1758273354740.png\",\"datePublished\":\"2025-07-28T12:24:29+00:00\",\"dateModified\":\"2026-01-28T09:32:13+00:00\",\"description\":\"Aventura en miniatura, una colecci\u00f3n para conocer, aprender y descubrir el arte a trav\u00e9s de artistas y monumentos.\",\"breadcrumb\":{\"@id\":\"https:\/\/editorialmediterrania.com\/en\/product\/aventura-en-miniatura-gaudi-tapa-dura\/#breadcrumb\"},\"inLanguage\":\"en-US\",\"potentialAction\":[{\"@type\":\"ReadAction\",\"target\":[\"https:\/\/editorialmediterrania.com\/en\/product\/aventura-en-miniatura-gaudi-tapa-dura\/\"]}]},{\"@type\":\"ImageObject\",\"inLanguage\":\"en-US\",\"@id\":\"https:\/\/editorialmediterrania.com\/en\/product\/aventura-en-miniatura-gaudi-tapa-dura\/#primaryimage\",\"url\":\"https:\/\/editorialmediterrania.com\/wp-content\/uploads\/2025\/07\/Captura-de-pantalla-2025-07-28-a-las-11.55.56-e1758273354740.png\",\"contentUrl\":\"https:\/\/editorialmediterrania.com\/wp-content\/uploads\/2025\/07\/Captura-de-pantalla-2025-07-28-a-las-11.55.56-e1758273354740.png\",\"width\":990,\"height\":1252,\"caption\":\"aventura en miniatura gaud\u00ed_tapadur\"},{\"@type\":\"BreadcrumbList\",\"@id\":\"https:\/\/editorialmediterrania.com\/en\/product\/aventura-en-miniatura-gaudi-tapa-dura\/#breadcrumb\",\"itemListElement\":[{\"@type\":\"ListItem\",\"position\":1,\"name\":\"Children&#8217;s art book store\",\"item\":\"https:\/\/editorialmediterrania.com\/en\/childrens-art-book-store\/\"},{\"@type\":\"ListItem\",\"position\":2,\"name\":\"Aventura en miniatura Gaud\u00ed (tapa dura)\"}]},{\"@type\":\"WebSite\",\"@id\":\"https:\/\/editorialmediterrania.com\/en\/#website\",\"url\":\"https:\/\/editorialmediterrania.com\/en\/\",\"name\":\"Editorial Mediterrania\",\"description\":\"Llibres que t\u2019obriran nous mons\",\"publisher\":{\"@id\":\"https:\/\/editorialmediterrania.com\/en\/#organization\"},\"alternateName\":\"Llibres infantils d'art, cultura i natura\",\"potentialAction\":[{\"@type\":\"SearchAction\",\"target\":{\"@type\":\"EntryPoint\",\"urlTemplate\":\"https:\/\/editorialmediterrania.com\/en\/?s={search_term_string}\"},\"query-input\":\"required name=search_term_string\"}],\"inLanguage\":\"en-US\"},{\"@type\":\"Organization\",\"@id\":\"https:\/\/editorialmediterrania.com\/en\/#organization\",\"name\":\"Editorial Mediterrania\",\"alternateName\":\"Llibres d'art, cultura i natura per infants i fam\u00edlies\",\"url\":\"https:\/\/editorialmediterrania.com\/en\/\",\"logo\":{\"@type\":\"ImageObject\",\"inLanguage\":\"en-US\",\"@id\":\"https:\/\/editorialmediterrania.com\/en\/#\/schema\/logo\/image\/\",\"url\":\"https:\/\/editorialmediterrania.com\/wp-content\/uploads\/2023\/03\/LOGO-ED_MEDITERRANIA_OK-2.png\",\"contentUrl\":\"https:\/\/editorialmediterrania.com\/wp-content\/uploads\/2023\/03\/LOGO-ED_MEDITERRANIA_OK-2.png\",\"width\":1200,\"height\":300,\"caption\":\"Editorial Mediterrania\"},\"image\":{\"@id\":\"https:\/\/editorialmediterrania.com\/en\/#\/schema\/logo\/image\/\"},\"sameAs\":[\"https:\/\/x.com\/edmediterrania\",\"https:\/\/www.instagram.com\/editorialmediterrania\/\"]}]}<\/script>\n<!-- \/ Yoast SEO plugin. -->","yoast_head_json":{"title":"Aventura en miniatura Gaud\u00ed (tapa dura) - Editorial Mediterr\u00e0nia","description":"Aventura en miniatura, una colecci\u00f3n para conocer, aprender y descubrir el arte a trav\u00e9s de artistas y monumentos.","robots":{"index":"index","follow":"follow","max-snippet":"max-snippet:-1","max-image-preview":"max-image-preview:large","max-video-preview":"max-video-preview:-1"},"canonical":"https:\/\/editorialmediterrania.com\/en\/product\/aventura-en-miniatura-gaudi-tapa-dura\/","og_locale":"en_US","og_type":"article","og_title":"Aventura en miniatura Gaud\u00ed (tapa dura) - Editorial Mediterr\u00e0nia","og_description":"Aventura en miniatura, una colecci\u00f3n para conocer, aprender y descubrir el arte a trav\u00e9s de artistas y monumentos.","og_url":"https:\/\/editorialmediterrania.com\/en\/product\/aventura-en-miniatura-gaudi-tapa-dura\/","og_site_name":"Editorial Mediterr\u00e0nia","article_modified_time":"2026-01-28T09:32:13+00:00","og_image":[{"width":990,"height":1252,"url":"https:\/\/editorialmediterrania.com\/wp-content\/uploads\/2025\/07\/Captura-de-pantalla-2025-07-28-a-las-11.55.56-e1758273354740.png","type":"image\/png"}],"twitter_card":"summary_large_image","twitter_site":"@edmediterrania","twitter_misc":{"Est. reading time":"1 minute"},"schema":{"@context":"https:\/\/schema.org","@graph":[{"@type":"WebPage","@id":"https:\/\/editorialmediterrania.com\/en\/product\/aventura-en-miniatura-gaudi-tapa-dura\/","url":"https:\/\/editorialmediterrania.com\/en\/product\/aventura-en-miniatura-gaudi-tapa-dura\/","name":"Aventura en miniatura Gaud\u00ed (tapa dura) - Editorial Mediterr\u00e0nia","isPartOf":{"@id":"https:\/\/editorialmediterrania.com\/en\/#website"},"primaryImageOfPage":{"@id":"https:\/\/editorialmediterrania.com\/en\/product\/aventura-en-miniatura-gaudi-tapa-dura\/#primaryimage"},"image":{"@id":"https:\/\/editorialmediterrania.com\/en\/product\/aventura-en-miniatura-gaudi-tapa-dura\/#primaryimage"},"thumbnailUrl":"https:\/\/editorialmediterrania.com\/wp-content\/uploads\/2025\/07\/Captura-de-pantalla-2025-07-28-a-las-11.55.56-e1758273354740.png","datePublished":"2025-07-28T12:24:29+00:00","dateModified":"2026-01-28T09:32:13+00:00","description":"Aventura en miniatura, una colecci\u00f3n para conocer, aprender y descubrir el arte a trav\u00e9s de artistas y monumentos.","breadcrumb":{"@id":"https:\/\/editorialmediterrania.com\/en\/product\/aventura-en-miniatura-gaudi-tapa-dura\/#breadcrumb"},"inLanguage":"en-US","potentialAction":[{"@type":"ReadAction","target":["https:\/\/editorialmediterrania.com\/en\/product\/aventura-en-miniatura-gaudi-tapa-dura\/"]}]},{"@type":"ImageObject","inLanguage":"en-US","@id":"https:\/\/editorialmediterrania.com\/en\/product\/aventura-en-miniatura-gaudi-tapa-dura\/#primaryimage","url":"https:\/\/editorialmediterrania.com\/wp-content\/uploads\/2025\/07\/Captura-de-pantalla-2025-07-28-a-las-11.55.56-e1758273354740.png","contentUrl":"https:\/\/editorialmediterrania.com\/wp-content\/uploads\/2025\/07\/Captura-de-pantalla-2025-07-28-a-las-11.55.56-e1758273354740.png","width":990,"height":1252,"caption":"aventura en miniatura gaud\u00ed_tapadur"},{"@type":"BreadcrumbList","@id":"https:\/\/editorialmediterrania.com\/en\/product\/aventura-en-miniatura-gaudi-tapa-dura\/#breadcrumb","itemListElement":[{"@type":"ListItem","position":1,"name":"Children&#8217;s art book store","item":"https:\/\/editorialmediterrania.com\/en\/childrens-art-book-store\/"},{"@type":"ListItem","position":2,"name":"Aventura en miniatura Gaud\u00ed (tapa dura)"}]},{"@type":"WebSite","@id":"https:\/\/editorialmediterrania.com\/en\/#website","url":"https:\/\/editorialmediterrania.com\/en\/","name":"Editorial Mediterrania","description":"Llibres que t\u2019obriran nous mons","publisher":{"@id":"https:\/\/editorialmediterrania.com\/en\/#organization"},"alternateName":"Llibres infantils d'art, cultura i natura","potentialAction":[{"@type":"SearchAction","target":{"@type":"EntryPoint","urlTemplate":"https:\/\/editorialmediterrania.com\/en\/?s={search_term_string}"},"query-input":"required name=search_term_string"}],"inLanguage":"en-US"},{"@type":"Organization","@id":"https:\/\/editorialmediterrania.com\/en\/#organization","name":"Editorial Mediterrania","alternateName":"Llibres d'art, cultura i natura per infants i fam\u00edlies","url":"https:\/\/editorialmediterrania.com\/en\/","logo":{"@type":"ImageObject","inLanguage":"en-US","@id":"https:\/\/editorialmediterrania.com\/en\/#\/schema\/logo\/image\/","url":"https:\/\/editorialmediterrania.com\/wp-content\/uploads\/2023\/03\/LOGO-ED_MEDITERRANIA_OK-2.png","contentUrl":"https:\/\/editorialmediterrania.com\/wp-content\/uploads\/2023\/03\/LOGO-ED_MEDITERRANIA_OK-2.png","width":1200,"height":300,"caption":"Editorial Mediterrania"},"image":{"@id":"https:\/\/editorialmediterrania.com\/en\/#\/schema\/logo\/image\/"},"sameAs":["https:\/\/x.com\/edmediterrania","https:\/\/www.instagram.com\/editorialmediterrania\/"]}]}},"_links":{"self":[{"href":"https:\/\/editorialmediterrania.com\/en\/wp-json\/wp\/v2\/product\/47404","targetHints":{"allow":["GET"]}}],"collection":[{"href":"https:\/\/editorialmediterrania.com\/en\/wp-json\/wp\/v2\/product"}],"about":[{"href":"https:\/\/editorialmediterrania.com\/en\/wp-json\/wp\/v2\/types\/product"}],"wp:featuredmedia":[{"embeddable":true,"href":"https:\/\/editorialmediterrania.com\/en\/wp-json\/wp\/v2\/media\/47396"}],"wp:attachment":[{"href":"https:\/\/editorialmediterrania.com\/en\/wp-json\/wp\/v2\/media?parent=47404"}],"wp:term":[{"taxonomy":"product_cat","embeddable":true,"href":"https:\/\/editorialmediterrania.com\/en\/wp-json\/wp\/v2\/product_cat?post=47404"},{"taxonomy":"product_tag","embeddable":true,"href":"https:\/\/editorialmediterrania.com\/en\/wp-json\/wp\/v2\/product_tag?post=47404"},{"taxonomy":"autors","embeddable":true,"href":"https:\/\/editorialmediterrania.com\/en\/wp-json\/wp\/v2\/autors?post=47404"}],"curies":[{"name":"wp","href":"https:\/\/api.w.org\/{rel}","templated":true}]}}