{"id":47557,"date":"2023-09-02T09:46:33","date_gmt":"2023-09-02T07:46:33","guid":{"rendered":"https:\/\/editorialmediterrania.com\/?post_type=product&#038;p=47557"},"modified":"2026-01-29T10:21:28","modified_gmt":"2026-01-29T09:21:28","slug":"la-facana-de-la-passio-de-la-sagrada-familia","status":"publish","type":"product","link":"https:\/\/editorialmediterrania.com\/en\/product\/la-facana-de-la-passio-de-la-sagrada-familia\/","title":{"rendered":"La fa\u00e7ana de la Passi\u00f3 de la Sagrada Fam\u00edlia"},"content":{"rendered":"<p class=\"p1\">L\u2019escultor Josep M. Subirachs va acceptar el 1986 l\u2019enc\u00e0rrec m\u00e9s arriscat i complex de tota la seva traject\u00f2ria: els grups escult\u00f2rics de la fa\u00e7ana de la Passi\u00f3 de la Sagrada Fam\u00edlia. L\u2019artista, que havia aconseguit un notable prestigi amb una s\u00f2lida traject\u00f2ria, va posar com a condici\u00f3 treballar amb llibertat total, seguint el seu propi estil, ja que, per respecte a Gaud\u00ed, no volia pertorbar-ne l\u2019obra ni imitar-la. Per aix\u00f2 l\u2019angulositat i l\u2019expressionisme de les figures d\u2019aquesta fa\u00e7ana contrasten amb les sinuositats de l\u2019obra de Gaud\u00ed.<\/p>\n<p class=\"p1\">Aquest petit llibre us guiar\u00e0 en un recorregut ascendent per les escultures de la fa\u00e7ana de la Passi\u00f3, en qu\u00e8 es representen els tr\u00e0gics darrers dies de la vida de Jesucrist: des de l\u2019escena del Sant Sopar fins l\u2019Ascensi\u00f3. Hi trobareu, tamb\u00e9, dibuixos i models de guix amb qu\u00e8 l\u2019artista preparava les escultures, tallades en pedra al seu estudi, posteriorment col\u00b7locades amb grua al seu lloc definitiu, i acabades in situ. Un conjunt escult\u00f2ric de proporcions extraordin\u00e0ries.<\/p>\n<p>&nbsp;<\/p>\n","protected":false},"excerpt":{"rendered":"<p>Escultures de Subirachs<\/p>\n","protected":false},"featured_media":47565,"template":"","meta":[],"product_cat":[6549,3351,17],"product_tag":[806],"autors":[],"class_list":{"0":"post-47557","1":"product","2":"type-product","3":"status-publish","4":"has-post-thumbnail","6":"product_cat-gaudi","7":"product_cat-mediterrania-productes","8":"product_cat-art-adult","9":"product_tag-sagrada-familia","11":"first","12":"instock","13":"purchasable","14":"product-type-variable","15":"has-default-attributes","swatches":"rey-swatches","show_selected":""},"acf":[],"yoast_head":"<!-- This site is optimized with the Yoast SEO plugin v22.8 - https:\/\/yoast.com\/wordpress\/plugins\/seo\/ -->\n<title>La fa\u00e7ana de la Passi\u00f3 de la Sagrada Fam\u00edlia - Editorial Mediterr\u00e0nia<\/title>\n<meta name=\"description\" content=\"Llibre sobre la hist\u00f2ria dels vitralls de la Sagrada Familia. L&#039;any 1999, el pintor Joan Vila-Grau va rebre la comanda de dissenyar i realitzar els vitralls que formen el gran finestral de la fa\u00e7ana de Ponent de la Sagrada Fam\u00edlia.\" \/>\n<meta name=\"robots\" content=\"index, follow, max-snippet:-1, max-image-preview:large, max-video-preview:-1\" \/>\n<link rel=\"canonical\" href=\"https:\/\/editorialmediterrania.com\/en\/product\/la-facana-de-la-passio-de-la-sagrada-familia\/\" \/>\n<meta property=\"og:locale\" content=\"en_US\" \/>\n<meta property=\"og:type\" content=\"article\" \/>\n<meta property=\"og:title\" content=\"La fa\u00e7ana de la Passi\u00f3 de la Sagrada Fam\u00edlia - Editorial Mediterr\u00e0nia\" \/>\n<meta property=\"og:description\" content=\"Llibre sobre la hist\u00f2ria dels vitralls de la Sagrada Familia. L&#039;any 1999, el pintor Joan Vila-Grau va rebre la comanda de dissenyar i realitzar els vitralls que formen el gran finestral de la fa\u00e7ana de Ponent de la Sagrada Fam\u00edlia.\" \/>\n<meta property=\"og:url\" content=\"https:\/\/editorialmediterrania.com\/en\/product\/la-facana-de-la-passio-de-la-sagrada-familia\/\" \/>\n<meta property=\"og:site_name\" content=\"Editorial Mediterr\u00e0nia\" \/>\n<meta property=\"article:modified_time\" content=\"2026-01-29T09:21:28+00:00\" \/>\n<meta property=\"og:image\" content=\"https:\/\/editorialmediterrania.com\/wp-content\/uploads\/2025\/09\/Captura-de-pantalla-2025-09-02-a-les-9.45.25.png\" \/>\n\t<meta property=\"og:image:width\" content=\"413\" \/>\n\t<meta property=\"og:image:height\" content=\"611\" \/>\n\t<meta property=\"og:image:type\" content=\"image\/png\" \/>\n<meta name=\"twitter:card\" content=\"summary_large_image\" \/>\n<meta name=\"twitter:site\" content=\"@edmediterrania\" \/>\n<meta name=\"twitter:label1\" content=\"Est. reading time\" \/>\n\t<meta name=\"twitter:data1\" content=\"2 minutes\" \/>\n<script type=\"application\/ld+json\" class=\"yoast-schema-graph\">{\"@context\":\"https:\/\/schema.org\",\"@graph\":[{\"@type\":\"WebPage\",\"@id\":\"https:\/\/editorialmediterrania.com\/en\/product\/la-facana-de-la-passio-de-la-sagrada-familia\/\",\"url\":\"https:\/\/editorialmediterrania.com\/en\/product\/la-facana-de-la-passio-de-la-sagrada-familia\/\",\"name\":\"La fa\u00e7ana de la Passi\u00f3 de la Sagrada Fam\u00edlia - Editorial Mediterr\u00e0nia\",\"isPartOf\":{\"@id\":\"https:\/\/editorialmediterrania.com\/en\/#website\"},\"primaryImageOfPage\":{\"@id\":\"https:\/\/editorialmediterrania.com\/en\/product\/la-facana-de-la-passio-de-la-sagrada-familia\/#primaryimage\"},\"image\":{\"@id\":\"https:\/\/editorialmediterrania.com\/en\/product\/la-facana-de-la-passio-de-la-sagrada-familia\/#primaryimage\"},\"thumbnailUrl\":\"https:\/\/editorialmediterrania.com\/wp-content\/uploads\/2025\/09\/Captura-de-pantalla-2025-09-02-a-les-9.45.25.png\",\"datePublished\":\"2023-09-02T07:46:33+00:00\",\"dateModified\":\"2026-01-29T09:21:28+00:00\",\"description\":\"Llibre sobre la hist\u00f2ria dels vitralls de la Sagrada Familia. L'any 1999, el pintor Joan Vila-Grau va rebre la comanda de dissenyar i realitzar els vitralls que formen el gran finestral de la fa\u00e7ana de Ponent de la Sagrada Fam\u00edlia.\",\"breadcrumb\":{\"@id\":\"https:\/\/editorialmediterrania.com\/en\/product\/la-facana-de-la-passio-de-la-sagrada-familia\/#breadcrumb\"},\"inLanguage\":\"en-US\",\"potentialAction\":[{\"@type\":\"ReadAction\",\"target\":[\"https:\/\/editorialmediterrania.com\/en\/product\/la-facana-de-la-passio-de-la-sagrada-familia\/\"]}]},{\"@type\":\"ImageObject\",\"inLanguage\":\"en-US\",\"@id\":\"https:\/\/editorialmediterrania.com\/en\/product\/la-facana-de-la-passio-de-la-sagrada-familia\/#primaryimage\",\"url\":\"https:\/\/editorialmediterrania.com\/wp-content\/uploads\/2025\/09\/Captura-de-pantalla-2025-09-02-a-les-9.45.25.png\",\"contentUrl\":\"https:\/\/editorialmediterrania.com\/wp-content\/uploads\/2025\/09\/Captura-de-pantalla-2025-09-02-a-les-9.45.25.png\",\"width\":413,\"height\":611},{\"@type\":\"BreadcrumbList\",\"@id\":\"https:\/\/editorialmediterrania.com\/en\/product\/la-facana-de-la-passio-de-la-sagrada-familia\/#breadcrumb\",\"itemListElement\":[{\"@type\":\"ListItem\",\"position\":1,\"name\":\"Children&#8217;s art book store\",\"item\":\"https:\/\/editorialmediterrania.com\/en\/childrens-art-book-store\/\"},{\"@type\":\"ListItem\",\"position\":2,\"name\":\"La fa\u00e7ana de la Passi\u00f3 de la Sagrada Fam\u00edlia\"}]},{\"@type\":\"WebSite\",\"@id\":\"https:\/\/editorialmediterrania.com\/en\/#website\",\"url\":\"https:\/\/editorialmediterrania.com\/en\/\",\"name\":\"Editorial Mediterrania\",\"description\":\"Llibres que t\u2019obriran nous mons\",\"publisher\":{\"@id\":\"https:\/\/editorialmediterrania.com\/en\/#organization\"},\"alternateName\":\"Llibres infantils d'art, cultura i natura\",\"potentialAction\":[{\"@type\":\"SearchAction\",\"target\":{\"@type\":\"EntryPoint\",\"urlTemplate\":\"https:\/\/editorialmediterrania.com\/en\/?s={search_term_string}\"},\"query-input\":\"required name=search_term_string\"}],\"inLanguage\":\"en-US\"},{\"@type\":\"Organization\",\"@id\":\"https:\/\/editorialmediterrania.com\/en\/#organization\",\"name\":\"Editorial Mediterrania\",\"alternateName\":\"Llibres d'art, cultura i natura per infants i fam\u00edlies\",\"url\":\"https:\/\/editorialmediterrania.com\/en\/\",\"logo\":{\"@type\":\"ImageObject\",\"inLanguage\":\"en-US\",\"@id\":\"https:\/\/editorialmediterrania.com\/en\/#\/schema\/logo\/image\/\",\"url\":\"https:\/\/editorialmediterrania.com\/wp-content\/uploads\/2023\/03\/LOGO-ED_MEDITERRANIA_OK-2.png\",\"contentUrl\":\"https:\/\/editorialmediterrania.com\/wp-content\/uploads\/2023\/03\/LOGO-ED_MEDITERRANIA_OK-2.png\",\"width\":1200,\"height\":300,\"caption\":\"Editorial Mediterrania\"},\"image\":{\"@id\":\"https:\/\/editorialmediterrania.com\/en\/#\/schema\/logo\/image\/\"},\"sameAs\":[\"https:\/\/x.com\/edmediterrania\",\"https:\/\/www.instagram.com\/editorialmediterrania\/\"]}]}<\/script>\n<!-- \/ Yoast SEO plugin. -->","yoast_head_json":{"title":"La fa\u00e7ana de la Passi\u00f3 de la Sagrada Fam\u00edlia - Editorial Mediterr\u00e0nia","description":"Llibre sobre la hist\u00f2ria dels vitralls de la Sagrada Familia. L'any 1999, el pintor Joan Vila-Grau va rebre la comanda de dissenyar i realitzar els vitralls que formen el gran finestral de la fa\u00e7ana de Ponent de la Sagrada Fam\u00edlia.","robots":{"index":"index","follow":"follow","max-snippet":"max-snippet:-1","max-image-preview":"max-image-preview:large","max-video-preview":"max-video-preview:-1"},"canonical":"https:\/\/editorialmediterrania.com\/en\/product\/la-facana-de-la-passio-de-la-sagrada-familia\/","og_locale":"en_US","og_type":"article","og_title":"La fa\u00e7ana de la Passi\u00f3 de la Sagrada Fam\u00edlia - Editorial Mediterr\u00e0nia","og_description":"Llibre sobre la hist\u00f2ria dels vitralls de la Sagrada Familia. L'any 1999, el pintor Joan Vila-Grau va rebre la comanda de dissenyar i realitzar els vitralls que formen el gran finestral de la fa\u00e7ana de Ponent de la Sagrada Fam\u00edlia.","og_url":"https:\/\/editorialmediterrania.com\/en\/product\/la-facana-de-la-passio-de-la-sagrada-familia\/","og_site_name":"Editorial Mediterr\u00e0nia","article_modified_time":"2026-01-29T09:21:28+00:00","og_image":[{"width":413,"height":611,"url":"https:\/\/editorialmediterrania.com\/wp-content\/uploads\/2025\/09\/Captura-de-pantalla-2025-09-02-a-les-9.45.25.png","type":"image\/png"}],"twitter_card":"summary_large_image","twitter_site":"@edmediterrania","twitter_misc":{"Est. reading time":"2 minutes"},"schema":{"@context":"https:\/\/schema.org","@graph":[{"@type":"WebPage","@id":"https:\/\/editorialmediterrania.com\/en\/product\/la-facana-de-la-passio-de-la-sagrada-familia\/","url":"https:\/\/editorialmediterrania.com\/en\/product\/la-facana-de-la-passio-de-la-sagrada-familia\/","name":"La fa\u00e7ana de la Passi\u00f3 de la Sagrada Fam\u00edlia - Editorial Mediterr\u00e0nia","isPartOf":{"@id":"https:\/\/editorialmediterrania.com\/en\/#website"},"primaryImageOfPage":{"@id":"https:\/\/editorialmediterrania.com\/en\/product\/la-facana-de-la-passio-de-la-sagrada-familia\/#primaryimage"},"image":{"@id":"https:\/\/editorialmediterrania.com\/en\/product\/la-facana-de-la-passio-de-la-sagrada-familia\/#primaryimage"},"thumbnailUrl":"https:\/\/editorialmediterrania.com\/wp-content\/uploads\/2025\/09\/Captura-de-pantalla-2025-09-02-a-les-9.45.25.png","datePublished":"2023-09-02T07:46:33+00:00","dateModified":"2026-01-29T09:21:28+00:00","description":"Llibre sobre la hist\u00f2ria dels vitralls de la Sagrada Familia. L'any 1999, el pintor Joan Vila-Grau va rebre la comanda de dissenyar i realitzar els vitralls que formen el gran finestral de la fa\u00e7ana de Ponent de la Sagrada Fam\u00edlia.","breadcrumb":{"@id":"https:\/\/editorialmediterrania.com\/en\/product\/la-facana-de-la-passio-de-la-sagrada-familia\/#breadcrumb"},"inLanguage":"en-US","potentialAction":[{"@type":"ReadAction","target":["https:\/\/editorialmediterrania.com\/en\/product\/la-facana-de-la-passio-de-la-sagrada-familia\/"]}]},{"@type":"ImageObject","inLanguage":"en-US","@id":"https:\/\/editorialmediterrania.com\/en\/product\/la-facana-de-la-passio-de-la-sagrada-familia\/#primaryimage","url":"https:\/\/editorialmediterrania.com\/wp-content\/uploads\/2025\/09\/Captura-de-pantalla-2025-09-02-a-les-9.45.25.png","contentUrl":"https:\/\/editorialmediterrania.com\/wp-content\/uploads\/2025\/09\/Captura-de-pantalla-2025-09-02-a-les-9.45.25.png","width":413,"height":611},{"@type":"BreadcrumbList","@id":"https:\/\/editorialmediterrania.com\/en\/product\/la-facana-de-la-passio-de-la-sagrada-familia\/#breadcrumb","itemListElement":[{"@type":"ListItem","position":1,"name":"Children&#8217;s art book store","item":"https:\/\/editorialmediterrania.com\/en\/childrens-art-book-store\/"},{"@type":"ListItem","position":2,"name":"La fa\u00e7ana de la Passi\u00f3 de la Sagrada Fam\u00edlia"}]},{"@type":"WebSite","@id":"https:\/\/editorialmediterrania.com\/en\/#website","url":"https:\/\/editorialmediterrania.com\/en\/","name":"Editorial Mediterrania","description":"Llibres que t\u2019obriran nous mons","publisher":{"@id":"https:\/\/editorialmediterrania.com\/en\/#organization"},"alternateName":"Llibres infantils d'art, cultura i natura","potentialAction":[{"@type":"SearchAction","target":{"@type":"EntryPoint","urlTemplate":"https:\/\/editorialmediterrania.com\/en\/?s={search_term_string}"},"query-input":"required name=search_term_string"}],"inLanguage":"en-US"},{"@type":"Organization","@id":"https:\/\/editorialmediterrania.com\/en\/#organization","name":"Editorial Mediterrania","alternateName":"Llibres d'art, cultura i natura per infants i fam\u00edlies","url":"https:\/\/editorialmediterrania.com\/en\/","logo":{"@type":"ImageObject","inLanguage":"en-US","@id":"https:\/\/editorialmediterrania.com\/en\/#\/schema\/logo\/image\/","url":"https:\/\/editorialmediterrania.com\/wp-content\/uploads\/2023\/03\/LOGO-ED_MEDITERRANIA_OK-2.png","contentUrl":"https:\/\/editorialmediterrania.com\/wp-content\/uploads\/2023\/03\/LOGO-ED_MEDITERRANIA_OK-2.png","width":1200,"height":300,"caption":"Editorial Mediterrania"},"image":{"@id":"https:\/\/editorialmediterrania.com\/en\/#\/schema\/logo\/image\/"},"sameAs":["https:\/\/x.com\/edmediterrania","https:\/\/www.instagram.com\/editorialmediterrania\/"]}]}},"_links":{"self":[{"href":"https:\/\/editorialmediterrania.com\/en\/wp-json\/wp\/v2\/product\/47557","targetHints":{"allow":["GET"]}}],"collection":[{"href":"https:\/\/editorialmediterrania.com\/en\/wp-json\/wp\/v2\/product"}],"about":[{"href":"https:\/\/editorialmediterrania.com\/en\/wp-json\/wp\/v2\/types\/product"}],"wp:featuredmedia":[{"embeddable":true,"href":"https:\/\/editorialmediterrania.com\/en\/wp-json\/wp\/v2\/media\/47565"}],"wp:attachment":[{"href":"https:\/\/editorialmediterrania.com\/en\/wp-json\/wp\/v2\/media?parent=47557"}],"wp:term":[{"taxonomy":"product_cat","embeddable":true,"href":"https:\/\/editorialmediterrania.com\/en\/wp-json\/wp\/v2\/product_cat?post=47557"},{"taxonomy":"product_tag","embeddable":true,"href":"https:\/\/editorialmediterrania.com\/en\/wp-json\/wp\/v2\/product_tag?post=47557"},{"taxonomy":"autors","embeddable":true,"href":"https:\/\/editorialmediterrania.com\/en\/wp-json\/wp\/v2\/autors?post=47557"}],"curies":[{"name":"wp","href":"https:\/\/api.w.org\/{rel}","templated":true}]}}