{"id":47574,"date":"2025-09-02T09:57:04","date_gmt":"2025-09-02T07:57:04","guid":{"rendered":"https:\/\/editorialmediterrania.com\/?post_type=product&#038;p=47574"},"modified":"2025-09-02T11:00:00","modified_gmt":"2025-09-02T09:00:00","slug":"begudes-pairals-i-conventuals","status":"publish","type":"product","link":"https:\/\/editorialmediterrania.com\/en\/product\/begudes-pairals-i-conventuals\/","title":{"rendered":"Begudes pairals i conventuals"},"content":{"rendered":"<p class=\"p2\">Les propostes gastron\u00f2miques de la cuina pairal i de convent ens ensenyen a menjar i a beure d\u2019una manera moderada i assenyada i, alhora, ens orienten per poder treure el m\u00e0xim de profit dels recursos naturals a trav\u00e9s d\u2019unes receptes culin\u00e0ries agraciades amb uns sabors propis condicionats pel peculiar model de cellers d\u2019arrel romana que, al llarg dels segles, han produ\u00eft una tipologia de vi que ha perviscut en la nostra cultura mediterr\u00e0nia sempre lligada a l\u2019oli d\u2019oliva i al vi.<\/p>\n<p class=\"p2\">A les p\u00e0gines d\u2019aquest llibre tamb\u00e9 hi s\u00f3n presentades algunes de les begudes m\u00e9s ancestrals, com ara la cervesa i la sidra i, sobretot, s\u2019hi revelen alguns secrets i tradicions entorn de la viticultura pairal i mon\u00e0stica, sense deixar d\u2019esmentar la import\u00e0ncia de les principals begudes de la tradici\u00f3 catalana com ara la ratafia, el rosolis, l\u2019aiguanaf, el \u201cvi dels \u00e0ngels\u201d i \u201cl\u2019aigua celeste dels caputxins\u201d.<\/p>\n","protected":false},"excerpt":{"rendered":"<p>Secrets i tradicions<\/p>\n","protected":false},"featured_media":47575,"template":"","meta":[],"product_cat":[6541,3351],"product_tag":[5983,377,739,5617,1196],"autors":[],"class_list":{"0":"post-47574","1":"product","2":"type-product","3":"status-publish","4":"has-post-thumbnail","6":"product_cat-a-la-caputxina","7":"product_cat-mediterrania-productes","8":"product_tag-llibre-de-nens","9":"product_tag-llibre-infantil","10":"product_tag-nadal","11":"product_tag-pessebre","12":"product_tag-tradicions","14":"first","15":"instock","16":"purchasable","17":"product-type-simple","swatches":"rey-swatches","show_selected":""},"acf":[],"yoast_head":"<!-- This site is optimized with the Yoast SEO plugin v22.8 - https:\/\/yoast.com\/wordpress\/plugins\/seo\/ -->\n<title>Llibre infantil Begudes pairals i conventuals - Editorial Mediterr\u00e0nia<\/title>\n<meta name=\"description\" content=\"Aquest llibre infantil, El nostre pessebre, aporta una s\u00edntesi hist\u00f2rica sobre l\u2019origen del pessebre, que es remunta a l\u2019experi\u00e8ncia del Nadal a\u00a0Greccio viscuda l\u2019any 1223 pel mateix sant Francesc d\u2019Ass\u00eds.\" \/>\n<meta name=\"robots\" content=\"index, follow, max-snippet:-1, max-image-preview:large, max-video-preview:-1\" \/>\n<link rel=\"canonical\" href=\"https:\/\/editorialmediterrania.com\/en\/product\/begudes-pairals-i-conventuals\/\" \/>\n<meta property=\"og:locale\" content=\"en_US\" \/>\n<meta property=\"og:type\" content=\"article\" \/>\n<meta property=\"og:title\" content=\"Llibre infantil Begudes pairals i conventuals - Editorial Mediterr\u00e0nia\" \/>\n<meta property=\"og:description\" content=\"Aquest llibre infantil, El nostre pessebre, aporta una s\u00edntesi hist\u00f2rica sobre l\u2019origen del pessebre, que es remunta a l\u2019experi\u00e8ncia del Nadal a\u00a0Greccio viscuda l\u2019any 1223 pel mateix sant Francesc d\u2019Ass\u00eds.\" \/>\n<meta property=\"og:url\" content=\"https:\/\/editorialmediterrania.com\/en\/product\/begudes-pairals-i-conventuals\/\" \/>\n<meta property=\"og:site_name\" content=\"Editorial Mediterr\u00e0nia\" \/>\n<meta property=\"article:modified_time\" content=\"2025-09-02T09:00:00+00:00\" \/>\n<meta property=\"og:image\" content=\"https:\/\/editorialmediterrania.com\/wp-content\/uploads\/2025\/09\/Captura-de-pantalla-2025-09-02-a-les-9.55.55.png\" \/>\n\t<meta property=\"og:image:width\" content=\"417\" \/>\n\t<meta property=\"og:image:height\" content=\"593\" \/>\n\t<meta property=\"og:image:type\" content=\"image\/png\" \/>\n<meta name=\"twitter:card\" content=\"summary_large_image\" \/>\n<meta name=\"twitter:site\" content=\"@edmediterrania\" \/>\n<meta name=\"twitter:label1\" content=\"Est. reading time\" \/>\n\t<meta name=\"twitter:data1\" content=\"2 minutes\" \/>\n<script type=\"application\/ld+json\" class=\"yoast-schema-graph\">{\"@context\":\"https:\/\/schema.org\",\"@graph\":[{\"@type\":\"WebPage\",\"@id\":\"https:\/\/editorialmediterrania.com\/en\/product\/begudes-pairals-i-conventuals\/\",\"url\":\"https:\/\/editorialmediterrania.com\/en\/product\/begudes-pairals-i-conventuals\/\",\"name\":\"Llibre infantil Begudes pairals i conventuals - Editorial Mediterr\u00e0nia\",\"isPartOf\":{\"@id\":\"https:\/\/editorialmediterrania.com\/en\/#website\"},\"primaryImageOfPage\":{\"@id\":\"https:\/\/editorialmediterrania.com\/en\/product\/begudes-pairals-i-conventuals\/#primaryimage\"},\"image\":{\"@id\":\"https:\/\/editorialmediterrania.com\/en\/product\/begudes-pairals-i-conventuals\/#primaryimage\"},\"thumbnailUrl\":\"https:\/\/editorialmediterrania.com\/wp-content\/uploads\/2025\/09\/Captura-de-pantalla-2025-09-02-a-les-9.55.55.png\",\"datePublished\":\"2025-09-02T07:57:04+00:00\",\"dateModified\":\"2025-09-02T09:00:00+00:00\",\"description\":\"Aquest llibre infantil, El nostre pessebre, aporta una s\u00edntesi hist\u00f2rica sobre l\u2019origen del pessebre, que es remunta a l\u2019experi\u00e8ncia del Nadal a\u00a0Greccio viscuda l\u2019any 1223 pel mateix sant Francesc d\u2019Ass\u00eds.\",\"breadcrumb\":{\"@id\":\"https:\/\/editorialmediterrania.com\/en\/product\/begudes-pairals-i-conventuals\/#breadcrumb\"},\"inLanguage\":\"en-US\",\"potentialAction\":[{\"@type\":\"ReadAction\",\"target\":[\"https:\/\/editorialmediterrania.com\/en\/product\/begudes-pairals-i-conventuals\/\"]}]},{\"@type\":\"ImageObject\",\"inLanguage\":\"en-US\",\"@id\":\"https:\/\/editorialmediterrania.com\/en\/product\/begudes-pairals-i-conventuals\/#primaryimage\",\"url\":\"https:\/\/editorialmediterrania.com\/wp-content\/uploads\/2025\/09\/Captura-de-pantalla-2025-09-02-a-les-9.55.55.png\",\"contentUrl\":\"https:\/\/editorialmediterrania.com\/wp-content\/uploads\/2025\/09\/Captura-de-pantalla-2025-09-02-a-les-9.55.55.png\",\"width\":417,\"height\":593},{\"@type\":\"BreadcrumbList\",\"@id\":\"https:\/\/editorialmediterrania.com\/en\/product\/begudes-pairals-i-conventuals\/#breadcrumb\",\"itemListElement\":[{\"@type\":\"ListItem\",\"position\":1,\"name\":\"Children&#8217;s art book store\",\"item\":\"https:\/\/editorialmediterrania.com\/en\/childrens-art-book-store\/\"},{\"@type\":\"ListItem\",\"position\":2,\"name\":\"Begudes pairals i conventuals\"}]},{\"@type\":\"WebSite\",\"@id\":\"https:\/\/editorialmediterrania.com\/en\/#website\",\"url\":\"https:\/\/editorialmediterrania.com\/en\/\",\"name\":\"Editorial Mediterrania\",\"description\":\"Llibres que t\u2019obriran nous mons\",\"publisher\":{\"@id\":\"https:\/\/editorialmediterrania.com\/en\/#organization\"},\"alternateName\":\"Llibres infantils d'art, cultura i natura\",\"potentialAction\":[{\"@type\":\"SearchAction\",\"target\":{\"@type\":\"EntryPoint\",\"urlTemplate\":\"https:\/\/editorialmediterrania.com\/en\/?s={search_term_string}\"},\"query-input\":\"required name=search_term_string\"}],\"inLanguage\":\"en-US\"},{\"@type\":\"Organization\",\"@id\":\"https:\/\/editorialmediterrania.com\/en\/#organization\",\"name\":\"Editorial Mediterrania\",\"alternateName\":\"Llibres d'art, cultura i natura per infants i fam\u00edlies\",\"url\":\"https:\/\/editorialmediterrania.com\/en\/\",\"logo\":{\"@type\":\"ImageObject\",\"inLanguage\":\"en-US\",\"@id\":\"https:\/\/editorialmediterrania.com\/en\/#\/schema\/logo\/image\/\",\"url\":\"https:\/\/editorialmediterrania.com\/wp-content\/uploads\/2023\/03\/LOGO-ED_MEDITERRANIA_OK-2.png\",\"contentUrl\":\"https:\/\/editorialmediterrania.com\/wp-content\/uploads\/2023\/03\/LOGO-ED_MEDITERRANIA_OK-2.png\",\"width\":1200,\"height\":300,\"caption\":\"Editorial Mediterrania\"},\"image\":{\"@id\":\"https:\/\/editorialmediterrania.com\/en\/#\/schema\/logo\/image\/\"},\"sameAs\":[\"https:\/\/x.com\/edmediterrania\",\"https:\/\/www.instagram.com\/editorialmediterrania\/\"]}]}<\/script>\n<!-- \/ Yoast SEO plugin. -->","yoast_head_json":{"title":"Llibre infantil Begudes pairals i conventuals - Editorial Mediterr\u00e0nia","description":"Aquest llibre infantil, El nostre pessebre, aporta una s\u00edntesi hist\u00f2rica sobre l\u2019origen del pessebre, que es remunta a l\u2019experi\u00e8ncia del Nadal a\u00a0Greccio viscuda l\u2019any 1223 pel mateix sant Francesc d\u2019Ass\u00eds.","robots":{"index":"index","follow":"follow","max-snippet":"max-snippet:-1","max-image-preview":"max-image-preview:large","max-video-preview":"max-video-preview:-1"},"canonical":"https:\/\/editorialmediterrania.com\/en\/product\/begudes-pairals-i-conventuals\/","og_locale":"en_US","og_type":"article","og_title":"Llibre infantil Begudes pairals i conventuals - Editorial Mediterr\u00e0nia","og_description":"Aquest llibre infantil, El nostre pessebre, aporta una s\u00edntesi hist\u00f2rica sobre l\u2019origen del pessebre, que es remunta a l\u2019experi\u00e8ncia del Nadal a\u00a0Greccio viscuda l\u2019any 1223 pel mateix sant Francesc d\u2019Ass\u00eds.","og_url":"https:\/\/editorialmediterrania.com\/en\/product\/begudes-pairals-i-conventuals\/","og_site_name":"Editorial Mediterr\u00e0nia","article_modified_time":"2025-09-02T09:00:00+00:00","og_image":[{"width":417,"height":593,"url":"https:\/\/editorialmediterrania.com\/wp-content\/uploads\/2025\/09\/Captura-de-pantalla-2025-09-02-a-les-9.55.55.png","type":"image\/png"}],"twitter_card":"summary_large_image","twitter_site":"@edmediterrania","twitter_misc":{"Est. reading time":"2 minutes"},"schema":{"@context":"https:\/\/schema.org","@graph":[{"@type":"WebPage","@id":"https:\/\/editorialmediterrania.com\/en\/product\/begudes-pairals-i-conventuals\/","url":"https:\/\/editorialmediterrania.com\/en\/product\/begudes-pairals-i-conventuals\/","name":"Llibre infantil Begudes pairals i conventuals - Editorial Mediterr\u00e0nia","isPartOf":{"@id":"https:\/\/editorialmediterrania.com\/en\/#website"},"primaryImageOfPage":{"@id":"https:\/\/editorialmediterrania.com\/en\/product\/begudes-pairals-i-conventuals\/#primaryimage"},"image":{"@id":"https:\/\/editorialmediterrania.com\/en\/product\/begudes-pairals-i-conventuals\/#primaryimage"},"thumbnailUrl":"https:\/\/editorialmediterrania.com\/wp-content\/uploads\/2025\/09\/Captura-de-pantalla-2025-09-02-a-les-9.55.55.png","datePublished":"2025-09-02T07:57:04+00:00","dateModified":"2025-09-02T09:00:00+00:00","description":"Aquest llibre infantil, El nostre pessebre, aporta una s\u00edntesi hist\u00f2rica sobre l\u2019origen del pessebre, que es remunta a l\u2019experi\u00e8ncia del Nadal a\u00a0Greccio viscuda l\u2019any 1223 pel mateix sant Francesc d\u2019Ass\u00eds.","breadcrumb":{"@id":"https:\/\/editorialmediterrania.com\/en\/product\/begudes-pairals-i-conventuals\/#breadcrumb"},"inLanguage":"en-US","potentialAction":[{"@type":"ReadAction","target":["https:\/\/editorialmediterrania.com\/en\/product\/begudes-pairals-i-conventuals\/"]}]},{"@type":"ImageObject","inLanguage":"en-US","@id":"https:\/\/editorialmediterrania.com\/en\/product\/begudes-pairals-i-conventuals\/#primaryimage","url":"https:\/\/editorialmediterrania.com\/wp-content\/uploads\/2025\/09\/Captura-de-pantalla-2025-09-02-a-les-9.55.55.png","contentUrl":"https:\/\/editorialmediterrania.com\/wp-content\/uploads\/2025\/09\/Captura-de-pantalla-2025-09-02-a-les-9.55.55.png","width":417,"height":593},{"@type":"BreadcrumbList","@id":"https:\/\/editorialmediterrania.com\/en\/product\/begudes-pairals-i-conventuals\/#breadcrumb","itemListElement":[{"@type":"ListItem","position":1,"name":"Children&#8217;s art book store","item":"https:\/\/editorialmediterrania.com\/en\/childrens-art-book-store\/"},{"@type":"ListItem","position":2,"name":"Begudes pairals i conventuals"}]},{"@type":"WebSite","@id":"https:\/\/editorialmediterrania.com\/en\/#website","url":"https:\/\/editorialmediterrania.com\/en\/","name":"Editorial Mediterrania","description":"Llibres que t\u2019obriran nous mons","publisher":{"@id":"https:\/\/editorialmediterrania.com\/en\/#organization"},"alternateName":"Llibres infantils d'art, cultura i natura","potentialAction":[{"@type":"SearchAction","target":{"@type":"EntryPoint","urlTemplate":"https:\/\/editorialmediterrania.com\/en\/?s={search_term_string}"},"query-input":"required name=search_term_string"}],"inLanguage":"en-US"},{"@type":"Organization","@id":"https:\/\/editorialmediterrania.com\/en\/#organization","name":"Editorial Mediterrania","alternateName":"Llibres d'art, cultura i natura per infants i fam\u00edlies","url":"https:\/\/editorialmediterrania.com\/en\/","logo":{"@type":"ImageObject","inLanguage":"en-US","@id":"https:\/\/editorialmediterrania.com\/en\/#\/schema\/logo\/image\/","url":"https:\/\/editorialmediterrania.com\/wp-content\/uploads\/2023\/03\/LOGO-ED_MEDITERRANIA_OK-2.png","contentUrl":"https:\/\/editorialmediterrania.com\/wp-content\/uploads\/2023\/03\/LOGO-ED_MEDITERRANIA_OK-2.png","width":1200,"height":300,"caption":"Editorial Mediterrania"},"image":{"@id":"https:\/\/editorialmediterrania.com\/en\/#\/schema\/logo\/image\/"},"sameAs":["https:\/\/x.com\/edmediterrania","https:\/\/www.instagram.com\/editorialmediterrania\/"]}]}},"_links":{"self":[{"href":"https:\/\/editorialmediterrania.com\/en\/wp-json\/wp\/v2\/product\/47574","targetHints":{"allow":["GET"]}}],"collection":[{"href":"https:\/\/editorialmediterrania.com\/en\/wp-json\/wp\/v2\/product"}],"about":[{"href":"https:\/\/editorialmediterrania.com\/en\/wp-json\/wp\/v2\/types\/product"}],"wp:featuredmedia":[{"embeddable":true,"href":"https:\/\/editorialmediterrania.com\/en\/wp-json\/wp\/v2\/media\/47575"}],"wp:attachment":[{"href":"https:\/\/editorialmediterrania.com\/en\/wp-json\/wp\/v2\/media?parent=47574"}],"wp:term":[{"taxonomy":"product_cat","embeddable":true,"href":"https:\/\/editorialmediterrania.com\/en\/wp-json\/wp\/v2\/product_cat?post=47574"},{"taxonomy":"product_tag","embeddable":true,"href":"https:\/\/editorialmediterrania.com\/en\/wp-json\/wp\/v2\/product_tag?post=47574"},{"taxonomy":"autors","embeddable":true,"href":"https:\/\/editorialmediterrania.com\/en\/wp-json\/wp\/v2\/autors?post=47574"}],"curies":[{"name":"wp","href":"https:\/\/api.w.org\/{rel}","templated":true}]}}