{"id":47999,"date":"2024-11-18T10:58:41","date_gmt":"2024-11-18T09:58:41","guid":{"rendered":"https:\/\/editorialmediterrania.com\/?post_type=product&#038;p=47999"},"modified":"2026-01-29T10:20:42","modified_gmt":"2026-01-29T09:20:42","slug":"labella-de-gaudi","status":"publish","type":"product","link":"https:\/\/editorialmediterrania.com\/en\/product\/labella-de-gaudi\/","title":{"rendered":"L&#8217; Abella de Gaud\u00ed"},"content":{"rendered":"<p class=\"cvGsUA direction-ltr align-justify para-style-body\"><span class=\"a_GcMg font-feature-liga-off font-feature-clig-off font-feature-calt-off text-decoration-none text-strikethrough-none\">En aquesta obra, l\u2019autora convida a redescobrir Gaudi\u0301 i la seva obra des d\u2019una perspectiva inesperada: l\u2019imaginari i\u0301ntim de l\u2019arquitecte.<\/span><\/p>\n<p class=\"cvGsUA direction-ltr align-justify para-style-body\"><span class=\"a_GcMg font-feature-liga-off font-feature-clig-off font-feature-calt-off text-decoration-none text-strikethrough-none\">A trave\u0301s d\u2019aquesta guia que combina el rigor i la interpretacio\u0301, l\u2019au- tora explora els ori\u0301gens personals del geni \u2014la seva joventut, els anys d\u2019estudiant, els primers projectes\u2014 per revelar com aquell imaginari primer va influir en les seves obres.<\/span><\/p>\n<p class=\"cvGsUA direction-ltr align-justify para-style-body\"><span class=\"a_GcMg font-feature-liga-off font-feature-clig-off font-feature-calt-off text-decoration-none text-strikethrough-none\">El recorregut descobreix la importa\u0300ncia simbo\u0300lica d\u2019una figura clau: la seva \u00ababella\u00bb, meta\u0300fora d\u2019un amor discret que, segons aquesta mirada, travessa la seva arquitectura com un homenatge persistent.<\/span><\/p>\n<p class=\"cvGsUA direction-ltr align-start para-style-body\"><span class=\"a_GcMg font-feature-liga-off font-feature-clig-off font-feature-calt-off text-decoration-none text-strikethrough-none\">Repensar les influe\u0300ncies i els ori\u0301gens del geni i donar-ne una nova visio\u0301, sensible sota la cuirassa del treball, seran les premisses que ens perme- tran fer una reinterpretacio\u0301 global de Gaudi\u0301 i la seva obra.<\/span><\/p>\n","protected":false},"excerpt":{"rendered":"<p>El simbolisme de l&#8217;amor en la seva arquitectura.<\/p>\n","protected":false},"featured_media":48005,"template":"","meta":[],"product_cat":[6549,3351,17],"product_tag":[806],"autors":[],"class_list":{"0":"post-47999","1":"product","2":"type-product","3":"status-publish","4":"has-post-thumbnail","6":"product_cat-gaudi","7":"product_cat-mediterrania-productes","8":"product_cat-art-adult","9":"product_tag-sagrada-familia","11":"first","12":"instock","13":"purchasable","14":"product-type-variable","15":"has-default-attributes","swatches":"rey-swatches","show_selected":""},"acf":[],"yoast_head":"<!-- This site is optimized with the Yoast SEO plugin v22.8 - https:\/\/yoast.com\/wordpress\/plugins\/seo\/ -->\n<title>L&#039; Abella de Gaud\u00ed - Editorial Mediterr\u00e0nia<\/title>\n<meta name=\"description\" content=\"Llibre sobre la hist\u00f2ria dels vitralls de la Sagrada Familia. L&#039;any 1999, el pintor Joan Vila-Grau va rebre la comanda de dissenyar i realitzar els vitralls que formen el gran finestral de la fa\u00e7ana de Ponent de la Sagrada Fam\u00edlia.\" \/>\n<meta name=\"robots\" content=\"index, follow, max-snippet:-1, max-image-preview:large, max-video-preview:-1\" \/>\n<link rel=\"canonical\" href=\"https:\/\/editorialmediterrania.com\/en\/product\/labella-de-gaudi\/\" \/>\n<meta property=\"og:locale\" content=\"en_US\" \/>\n<meta property=\"og:type\" content=\"article\" \/>\n<meta property=\"og:title\" content=\"L&#039; Abella de Gaud\u00ed - Editorial Mediterr\u00e0nia\" \/>\n<meta property=\"og:description\" content=\"Llibre sobre la hist\u00f2ria dels vitralls de la Sagrada Familia. L&#039;any 1999, el pintor Joan Vila-Grau va rebre la comanda de dissenyar i realitzar els vitralls que formen el gran finestral de la fa\u00e7ana de Ponent de la Sagrada Fam\u00edlia.\" \/>\n<meta property=\"og:url\" content=\"https:\/\/editorialmediterrania.com\/en\/product\/labella-de-gaudi\/\" \/>\n<meta property=\"og:site_name\" content=\"Editorial Mediterr\u00e0nia\" \/>\n<meta property=\"article:modified_time\" content=\"2026-01-29T09:20:42+00:00\" \/>\n<meta property=\"og:image\" content=\"https:\/\/editorialmediterrania.com\/wp-content\/uploads\/2025\/11\/Captura-de-pantalla-2025-11-18-a-les-10.56.29-e1763461769760.png\" \/>\n\t<meta property=\"og:image:width\" content=\"392\" \/>\n\t<meta property=\"og:image:height\" content=\"613\" \/>\n\t<meta property=\"og:image:type\" content=\"image\/png\" \/>\n<meta name=\"twitter:card\" content=\"summary_large_image\" \/>\n<meta name=\"twitter:site\" content=\"@edmediterrania\" \/>\n<meta name=\"twitter:label1\" content=\"Est. reading time\" \/>\n\t<meta name=\"twitter:data1\" content=\"1 minute\" \/>\n<script type=\"application\/ld+json\" class=\"yoast-schema-graph\">{\"@context\":\"https:\/\/schema.org\",\"@graph\":[{\"@type\":\"WebPage\",\"@id\":\"https:\/\/editorialmediterrania.com\/en\/product\/labella-de-gaudi\/\",\"url\":\"https:\/\/editorialmediterrania.com\/en\/product\/labella-de-gaudi\/\",\"name\":\"L' Abella de Gaud\u00ed - Editorial Mediterr\u00e0nia\",\"isPartOf\":{\"@id\":\"https:\/\/editorialmediterrania.com\/en\/#website\"},\"primaryImageOfPage\":{\"@id\":\"https:\/\/editorialmediterrania.com\/en\/product\/labella-de-gaudi\/#primaryimage\"},\"image\":{\"@id\":\"https:\/\/editorialmediterrania.com\/en\/product\/labella-de-gaudi\/#primaryimage\"},\"thumbnailUrl\":\"https:\/\/editorialmediterrania.com\/wp-content\/uploads\/2025\/11\/Captura-de-pantalla-2025-11-18-a-les-10.56.29-e1763461769760.png\",\"datePublished\":\"2024-11-18T09:58:41+00:00\",\"dateModified\":\"2026-01-29T09:20:42+00:00\",\"description\":\"Llibre sobre la hist\u00f2ria dels vitralls de la Sagrada Familia. L'any 1999, el pintor Joan Vila-Grau va rebre la comanda de dissenyar i realitzar els vitralls que formen el gran finestral de la fa\u00e7ana de Ponent de la Sagrada Fam\u00edlia.\",\"breadcrumb\":{\"@id\":\"https:\/\/editorialmediterrania.com\/en\/product\/labella-de-gaudi\/#breadcrumb\"},\"inLanguage\":\"en-US\",\"potentialAction\":[{\"@type\":\"ReadAction\",\"target\":[\"https:\/\/editorialmediterrania.com\/en\/product\/labella-de-gaudi\/\"]}]},{\"@type\":\"ImageObject\",\"inLanguage\":\"en-US\",\"@id\":\"https:\/\/editorialmediterrania.com\/en\/product\/labella-de-gaudi\/#primaryimage\",\"url\":\"https:\/\/editorialmediterrania.com\/wp-content\/uploads\/2025\/11\/Captura-de-pantalla-2025-11-18-a-les-10.56.29-e1763461769760.png\",\"contentUrl\":\"https:\/\/editorialmediterrania.com\/wp-content\/uploads\/2025\/11\/Captura-de-pantalla-2025-11-18-a-les-10.56.29-e1763461769760.png\",\"width\":392,\"height\":613},{\"@type\":\"BreadcrumbList\",\"@id\":\"https:\/\/editorialmediterrania.com\/en\/product\/labella-de-gaudi\/#breadcrumb\",\"itemListElement\":[{\"@type\":\"ListItem\",\"position\":1,\"name\":\"Children&#8217;s art book store\",\"item\":\"https:\/\/editorialmediterrania.com\/en\/childrens-art-book-store\/\"},{\"@type\":\"ListItem\",\"position\":2,\"name\":\"L&#8217; Abella de Gaud\u00ed\"}]},{\"@type\":\"WebSite\",\"@id\":\"https:\/\/editorialmediterrania.com\/en\/#website\",\"url\":\"https:\/\/editorialmediterrania.com\/en\/\",\"name\":\"Editorial Mediterrania\",\"description\":\"Llibres que t\u2019obriran nous mons\",\"publisher\":{\"@id\":\"https:\/\/editorialmediterrania.com\/en\/#organization\"},\"alternateName\":\"Llibres infantils d'art, cultura i natura\",\"potentialAction\":[{\"@type\":\"SearchAction\",\"target\":{\"@type\":\"EntryPoint\",\"urlTemplate\":\"https:\/\/editorialmediterrania.com\/en\/?s={search_term_string}\"},\"query-input\":\"required name=search_term_string\"}],\"inLanguage\":\"en-US\"},{\"@type\":\"Organization\",\"@id\":\"https:\/\/editorialmediterrania.com\/en\/#organization\",\"name\":\"Editorial Mediterrania\",\"alternateName\":\"Llibres d'art, cultura i natura per infants i fam\u00edlies\",\"url\":\"https:\/\/editorialmediterrania.com\/en\/\",\"logo\":{\"@type\":\"ImageObject\",\"inLanguage\":\"en-US\",\"@id\":\"https:\/\/editorialmediterrania.com\/en\/#\/schema\/logo\/image\/\",\"url\":\"https:\/\/editorialmediterrania.com\/wp-content\/uploads\/2023\/03\/LOGO-ED_MEDITERRANIA_OK-2.png\",\"contentUrl\":\"https:\/\/editorialmediterrania.com\/wp-content\/uploads\/2023\/03\/LOGO-ED_MEDITERRANIA_OK-2.png\",\"width\":1200,\"height\":300,\"caption\":\"Editorial Mediterrania\"},\"image\":{\"@id\":\"https:\/\/editorialmediterrania.com\/en\/#\/schema\/logo\/image\/\"},\"sameAs\":[\"https:\/\/x.com\/edmediterrania\",\"https:\/\/www.instagram.com\/editorialmediterrania\/\"]}]}<\/script>\n<!-- \/ Yoast SEO plugin. -->","yoast_head_json":{"title":"L' Abella de Gaud\u00ed - Editorial Mediterr\u00e0nia","description":"Llibre sobre la hist\u00f2ria dels vitralls de la Sagrada Familia. L'any 1999, el pintor Joan Vila-Grau va rebre la comanda de dissenyar i realitzar els vitralls que formen el gran finestral de la fa\u00e7ana de Ponent de la Sagrada Fam\u00edlia.","robots":{"index":"index","follow":"follow","max-snippet":"max-snippet:-1","max-image-preview":"max-image-preview:large","max-video-preview":"max-video-preview:-1"},"canonical":"https:\/\/editorialmediterrania.com\/en\/product\/labella-de-gaudi\/","og_locale":"en_US","og_type":"article","og_title":"L' Abella de Gaud\u00ed - Editorial Mediterr\u00e0nia","og_description":"Llibre sobre la hist\u00f2ria dels vitralls de la Sagrada Familia. L'any 1999, el pintor Joan Vila-Grau va rebre la comanda de dissenyar i realitzar els vitralls que formen el gran finestral de la fa\u00e7ana de Ponent de la Sagrada Fam\u00edlia.","og_url":"https:\/\/editorialmediterrania.com\/en\/product\/labella-de-gaudi\/","og_site_name":"Editorial Mediterr\u00e0nia","article_modified_time":"2026-01-29T09:20:42+00:00","og_image":[{"width":392,"height":613,"url":"https:\/\/editorialmediterrania.com\/wp-content\/uploads\/2025\/11\/Captura-de-pantalla-2025-11-18-a-les-10.56.29-e1763461769760.png","type":"image\/png"}],"twitter_card":"summary_large_image","twitter_site":"@edmediterrania","twitter_misc":{"Est. reading time":"1 minute"},"schema":{"@context":"https:\/\/schema.org","@graph":[{"@type":"WebPage","@id":"https:\/\/editorialmediterrania.com\/en\/product\/labella-de-gaudi\/","url":"https:\/\/editorialmediterrania.com\/en\/product\/labella-de-gaudi\/","name":"L' Abella de Gaud\u00ed - Editorial Mediterr\u00e0nia","isPartOf":{"@id":"https:\/\/editorialmediterrania.com\/en\/#website"},"primaryImageOfPage":{"@id":"https:\/\/editorialmediterrania.com\/en\/product\/labella-de-gaudi\/#primaryimage"},"image":{"@id":"https:\/\/editorialmediterrania.com\/en\/product\/labella-de-gaudi\/#primaryimage"},"thumbnailUrl":"https:\/\/editorialmediterrania.com\/wp-content\/uploads\/2025\/11\/Captura-de-pantalla-2025-11-18-a-les-10.56.29-e1763461769760.png","datePublished":"2024-11-18T09:58:41+00:00","dateModified":"2026-01-29T09:20:42+00:00","description":"Llibre sobre la hist\u00f2ria dels vitralls de la Sagrada Familia. L'any 1999, el pintor Joan Vila-Grau va rebre la comanda de dissenyar i realitzar els vitralls que formen el gran finestral de la fa\u00e7ana de Ponent de la Sagrada Fam\u00edlia.","breadcrumb":{"@id":"https:\/\/editorialmediterrania.com\/en\/product\/labella-de-gaudi\/#breadcrumb"},"inLanguage":"en-US","potentialAction":[{"@type":"ReadAction","target":["https:\/\/editorialmediterrania.com\/en\/product\/labella-de-gaudi\/"]}]},{"@type":"ImageObject","inLanguage":"en-US","@id":"https:\/\/editorialmediterrania.com\/en\/product\/labella-de-gaudi\/#primaryimage","url":"https:\/\/editorialmediterrania.com\/wp-content\/uploads\/2025\/11\/Captura-de-pantalla-2025-11-18-a-les-10.56.29-e1763461769760.png","contentUrl":"https:\/\/editorialmediterrania.com\/wp-content\/uploads\/2025\/11\/Captura-de-pantalla-2025-11-18-a-les-10.56.29-e1763461769760.png","width":392,"height":613},{"@type":"BreadcrumbList","@id":"https:\/\/editorialmediterrania.com\/en\/product\/labella-de-gaudi\/#breadcrumb","itemListElement":[{"@type":"ListItem","position":1,"name":"Children&#8217;s art book store","item":"https:\/\/editorialmediterrania.com\/en\/childrens-art-book-store\/"},{"@type":"ListItem","position":2,"name":"L&#8217; Abella de Gaud\u00ed"}]},{"@type":"WebSite","@id":"https:\/\/editorialmediterrania.com\/en\/#website","url":"https:\/\/editorialmediterrania.com\/en\/","name":"Editorial Mediterrania","description":"Llibres que t\u2019obriran nous mons","publisher":{"@id":"https:\/\/editorialmediterrania.com\/en\/#organization"},"alternateName":"Llibres infantils d'art, cultura i natura","potentialAction":[{"@type":"SearchAction","target":{"@type":"EntryPoint","urlTemplate":"https:\/\/editorialmediterrania.com\/en\/?s={search_term_string}"},"query-input":"required name=search_term_string"}],"inLanguage":"en-US"},{"@type":"Organization","@id":"https:\/\/editorialmediterrania.com\/en\/#organization","name":"Editorial Mediterrania","alternateName":"Llibres d'art, cultura i natura per infants i fam\u00edlies","url":"https:\/\/editorialmediterrania.com\/en\/","logo":{"@type":"ImageObject","inLanguage":"en-US","@id":"https:\/\/editorialmediterrania.com\/en\/#\/schema\/logo\/image\/","url":"https:\/\/editorialmediterrania.com\/wp-content\/uploads\/2023\/03\/LOGO-ED_MEDITERRANIA_OK-2.png","contentUrl":"https:\/\/editorialmediterrania.com\/wp-content\/uploads\/2023\/03\/LOGO-ED_MEDITERRANIA_OK-2.png","width":1200,"height":300,"caption":"Editorial Mediterrania"},"image":{"@id":"https:\/\/editorialmediterrania.com\/en\/#\/schema\/logo\/image\/"},"sameAs":["https:\/\/x.com\/edmediterrania","https:\/\/www.instagram.com\/editorialmediterrania\/"]}]}},"_links":{"self":[{"href":"https:\/\/editorialmediterrania.com\/en\/wp-json\/wp\/v2\/product\/47999","targetHints":{"allow":["GET"]}}],"collection":[{"href":"https:\/\/editorialmediterrania.com\/en\/wp-json\/wp\/v2\/product"}],"about":[{"href":"https:\/\/editorialmediterrania.com\/en\/wp-json\/wp\/v2\/types\/product"}],"wp:featuredmedia":[{"embeddable":true,"href":"https:\/\/editorialmediterrania.com\/en\/wp-json\/wp\/v2\/media\/48005"}],"wp:attachment":[{"href":"https:\/\/editorialmediterrania.com\/en\/wp-json\/wp\/v2\/media?parent=47999"}],"wp:term":[{"taxonomy":"product_cat","embeddable":true,"href":"https:\/\/editorialmediterrania.com\/en\/wp-json\/wp\/v2\/product_cat?post=47999"},{"taxonomy":"product_tag","embeddable":true,"href":"https:\/\/editorialmediterrania.com\/en\/wp-json\/wp\/v2\/product_tag?post=47999"},{"taxonomy":"autors","embeddable":true,"href":"https:\/\/editorialmediterrania.com\/en\/wp-json\/wp\/v2\/autors?post=47999"}],"curies":[{"name":"wp","href":"https:\/\/api.w.org\/{rel}","templated":true}]}}