{"id":4805,"date":"2012-11-08T12:22:16","date_gmt":"2012-11-08T12:22:16","guid":{"rendered":"http:\/\/editorialmediterraneatest.grupoormo.com\/product\/producto\/ether-lessencia-dels-quatre-elements-2\/"},"modified":"2013-03-04T18:29:34","modified_gmt":"2013-03-04T17:29:34","slug":"ether-lessencia-dels-quatre-elements","status":"publish","type":"product","link":"https:\/\/editorialmediterrania.com\/en\/product\/ether-lessencia-dels-quatre-elements\/","title":{"rendered":"\u00c8ter: l&#8217;ess\u00e8ncia dels quatre elements"},"content":{"rendered":"<p>Nom\u00e9s l&#8217;observador que estima amb passi\u00f3 la natura pot captar la perfecci\u00f3 que les imatges ens transmeten i sorprendre&#8217;ns com ho fa Andoni Canela.<\/p>\n<p>Per acompanyar les fotografies, hi ha tres textos breus que expliquen el contingut d&#8217;aquesta col\u00b7lecci\u00f3, des de les vessants filos\u00f2fica, humana i cient\u00edfica. El professor Fernando Urizar reflexiona com a fil\u00f2sof sobre la formaci\u00f3 de l&#8217;Univers i els elements que el composen. La presentaci\u00f3 de l&#8217;autor de les fotografies ens l&#8217;ofereix Meritxell Margarit, que comparteix amb Andoni la fascinaci\u00f3 per la natura. I, finalment, Sergio Rossi ens explica com a cient\u00edfic el que li aporten les imatges.<\/p>\n<p>&nbsp;<\/p>\n","protected":false},"excerpt":{"rendered":"<p>Aquest llibre vol donar el m\u00e0xim relleu a unes fotografies que tenen la for\u00e7a de seduir-nos per la seva bellesa.<\/p>\n","protected":false},"featured_media":14715,"template":"","meta":[],"product_cat":[4641,5586],"product_tag":[],"autors":[],"class_list":{"0":"post-4805","1":"product","2":"type-product","3":"status-publish","4":"has-post-thumbnail","6":"product_cat-sin-categorizar","7":"product_cat-uncategorized","9":"first","10":"instock","11":"taxable","12":"shipping-taxable","13":"purchasable","14":"product-type-simple","swatches":"rey-swatches","show_selected":""},"acf":[],"yoast_head":"<!-- This site is optimized with the Yoast SEO plugin v22.8 - https:\/\/yoast.com\/wordpress\/plugins\/seo\/ -->\n<title>\u00c8ther: l&#039;ess\u00e8ncia dels quatre elements - Editorial Mediterrania<\/title>\n<meta name=\"description\" content=\"Aquest llibre vol donar el m\u00e0xim relleu a unes fotografies que tenen la for\u00e7a de seduir-nos per la seva bellesa.\" \/>\n<meta name=\"robots\" content=\"index, follow, max-snippet:-1, max-image-preview:large, max-video-preview:-1\" \/>\n<link rel=\"canonical\" href=\"https:\/\/editorialmediterrania.com\/en\/product\/ether-lessencia-dels-quatre-elements\/\" \/>\n<meta property=\"og:locale\" content=\"en_US\" \/>\n<meta property=\"og:type\" content=\"article\" \/>\n<meta property=\"og:title\" content=\"\u00c8ther: l&#039;ess\u00e8ncia dels quatre elements - Editorial Mediterrania\" \/>\n<meta property=\"og:description\" content=\"Aquest llibre vol donar el m\u00e0xim relleu a unes fotografies que tenen la for\u00e7a de seduir-nos per la seva bellesa.\" \/>\n<meta property=\"og:url\" content=\"https:\/\/editorialmediterrania.com\/en\/product\/ether-lessencia-dels-quatre-elements\/\" \/>\n<meta property=\"og:site_name\" content=\"Editorial Mediterr\u00e0nia\" \/>\n<meta property=\"article:modified_time\" content=\"2013-03-04T17:29:34+00:00\" \/>\n<meta property=\"og:image\" content=\"https:\/\/editorialmediterrania.com\/wp-content\/uploads\/2012\/11\/eter2_g.jpg\" \/>\n\t<meta property=\"og:image:width\" content=\"153\" \/>\n\t<meta property=\"og:image:height\" content=\"158\" \/>\n\t<meta property=\"og:image:type\" content=\"image\/jpeg\" \/>\n<meta name=\"twitter:card\" content=\"summary_large_image\" \/>\n<meta name=\"twitter:site\" content=\"@edmediterrania\" \/>\n<meta name=\"twitter:label1\" content=\"Est. reading time\" \/>\n\t<meta name=\"twitter:data1\" content=\"1 minute\" \/>\n<script type=\"application\/ld+json\" class=\"yoast-schema-graph\">{\"@context\":\"https:\/\/schema.org\",\"@graph\":[{\"@type\":\"WebPage\",\"@id\":\"https:\/\/editorialmediterrania.com\/en\/product\/ether-lessencia-dels-quatre-elements\/\",\"url\":\"https:\/\/editorialmediterrania.com\/en\/product\/ether-lessencia-dels-quatre-elements\/\",\"name\":\"\u00c8ther: l'ess\u00e8ncia dels quatre elements - Editorial Mediterrania\",\"isPartOf\":{\"@id\":\"https:\/\/editorialmediterrania.com\/en\/#website\"},\"primaryImageOfPage\":{\"@id\":\"https:\/\/editorialmediterrania.com\/en\/product\/ether-lessencia-dels-quatre-elements\/#primaryimage\"},\"image\":{\"@id\":\"https:\/\/editorialmediterrania.com\/en\/product\/ether-lessencia-dels-quatre-elements\/#primaryimage\"},\"thumbnailUrl\":\"https:\/\/editorialmediterrania.com\/wp-content\/uploads\/2012\/11\/eter2_g.jpg\",\"datePublished\":\"2012-11-08T12:22:16+00:00\",\"dateModified\":\"2013-03-04T17:29:34+00:00\",\"description\":\"Aquest llibre vol donar el m\u00e0xim relleu a unes fotografies que tenen la for\u00e7a de seduir-nos per la seva bellesa.\",\"breadcrumb\":{\"@id\":\"https:\/\/editorialmediterrania.com\/en\/product\/ether-lessencia-dels-quatre-elements\/#breadcrumb\"},\"inLanguage\":\"en-US\",\"potentialAction\":[{\"@type\":\"ReadAction\",\"target\":[\"https:\/\/editorialmediterrania.com\/en\/product\/ether-lessencia-dels-quatre-elements\/\"]}]},{\"@type\":\"ImageObject\",\"inLanguage\":\"en-US\",\"@id\":\"https:\/\/editorialmediterrania.com\/en\/product\/ether-lessencia-dels-quatre-elements\/#primaryimage\",\"url\":\"https:\/\/editorialmediterrania.com\/wp-content\/uploads\/2012\/11\/eter2_g.jpg\",\"contentUrl\":\"https:\/\/editorialmediterrania.com\/wp-content\/uploads\/2012\/11\/eter2_g.jpg\",\"width\":153,\"height\":158},{\"@type\":\"BreadcrumbList\",\"@id\":\"https:\/\/editorialmediterrania.com\/en\/product\/ether-lessencia-dels-quatre-elements\/#breadcrumb\",\"itemListElement\":[{\"@type\":\"ListItem\",\"position\":1,\"name\":\"Children&#8217;s art book store\",\"item\":\"https:\/\/editorialmediterrania.com\/en\/childrens-art-book-store\/\"},{\"@type\":\"ListItem\",\"position\":2,\"name\":\"\u00c8ter: l&#8217;ess\u00e8ncia dels quatre elements\"}]},{\"@type\":\"WebSite\",\"@id\":\"https:\/\/editorialmediterrania.com\/en\/#website\",\"url\":\"https:\/\/editorialmediterrania.com\/en\/\",\"name\":\"Editorial Mediterrania\",\"description\":\"Llibres que t\u2019obriran nous mons\",\"publisher\":{\"@id\":\"https:\/\/editorialmediterrania.com\/en\/#organization\"},\"alternateName\":\"Llibres infantils d'art, cultura i natura\",\"potentialAction\":[{\"@type\":\"SearchAction\",\"target\":{\"@type\":\"EntryPoint\",\"urlTemplate\":\"https:\/\/editorialmediterrania.com\/en\/?s={search_term_string}\"},\"query-input\":\"required name=search_term_string\"}],\"inLanguage\":\"en-US\"},{\"@type\":\"Organization\",\"@id\":\"https:\/\/editorialmediterrania.com\/en\/#organization\",\"name\":\"Editorial Mediterrania\",\"alternateName\":\"Llibres d'art, cultura i natura per infants i fam\u00edlies\",\"url\":\"https:\/\/editorialmediterrania.com\/en\/\",\"logo\":{\"@type\":\"ImageObject\",\"inLanguage\":\"en-US\",\"@id\":\"https:\/\/editorialmediterrania.com\/en\/#\/schema\/logo\/image\/\",\"url\":\"https:\/\/editorialmediterrania.com\/wp-content\/uploads\/2023\/03\/LOGO-ED_MEDITERRANIA_OK-2.png\",\"contentUrl\":\"https:\/\/editorialmediterrania.com\/wp-content\/uploads\/2023\/03\/LOGO-ED_MEDITERRANIA_OK-2.png\",\"width\":1200,\"height\":300,\"caption\":\"Editorial Mediterrania\"},\"image\":{\"@id\":\"https:\/\/editorialmediterrania.com\/en\/#\/schema\/logo\/image\/\"},\"sameAs\":[\"https:\/\/x.com\/edmediterrania\",\"https:\/\/www.instagram.com\/editorialmediterrania\/\"]}]}<\/script>\n<!-- \/ Yoast SEO plugin. -->","yoast_head_json":{"title":"\u00c8ther: l'ess\u00e8ncia dels quatre elements - Editorial Mediterrania","description":"Aquest llibre vol donar el m\u00e0xim relleu a unes fotografies que tenen la for\u00e7a de seduir-nos per la seva bellesa.","robots":{"index":"index","follow":"follow","max-snippet":"max-snippet:-1","max-image-preview":"max-image-preview:large","max-video-preview":"max-video-preview:-1"},"canonical":"https:\/\/editorialmediterrania.com\/en\/product\/ether-lessencia-dels-quatre-elements\/","og_locale":"en_US","og_type":"article","og_title":"\u00c8ther: l'ess\u00e8ncia dels quatre elements - Editorial Mediterrania","og_description":"Aquest llibre vol donar el m\u00e0xim relleu a unes fotografies que tenen la for\u00e7a de seduir-nos per la seva bellesa.","og_url":"https:\/\/editorialmediterrania.com\/en\/product\/ether-lessencia-dels-quatre-elements\/","og_site_name":"Editorial Mediterr\u00e0nia","article_modified_time":"2013-03-04T17:29:34+00:00","og_image":[{"width":153,"height":158,"url":"https:\/\/editorialmediterrania.com\/wp-content\/uploads\/2012\/11\/eter2_g.jpg","type":"image\/jpeg"}],"twitter_card":"summary_large_image","twitter_site":"@edmediterrania","twitter_misc":{"Est. reading time":"1 minute"},"schema":{"@context":"https:\/\/schema.org","@graph":[{"@type":"WebPage","@id":"https:\/\/editorialmediterrania.com\/en\/product\/ether-lessencia-dels-quatre-elements\/","url":"https:\/\/editorialmediterrania.com\/en\/product\/ether-lessencia-dels-quatre-elements\/","name":"\u00c8ther: l'ess\u00e8ncia dels quatre elements - Editorial Mediterrania","isPartOf":{"@id":"https:\/\/editorialmediterrania.com\/en\/#website"},"primaryImageOfPage":{"@id":"https:\/\/editorialmediterrania.com\/en\/product\/ether-lessencia-dels-quatre-elements\/#primaryimage"},"image":{"@id":"https:\/\/editorialmediterrania.com\/en\/product\/ether-lessencia-dels-quatre-elements\/#primaryimage"},"thumbnailUrl":"https:\/\/editorialmediterrania.com\/wp-content\/uploads\/2012\/11\/eter2_g.jpg","datePublished":"2012-11-08T12:22:16+00:00","dateModified":"2013-03-04T17:29:34+00:00","description":"Aquest llibre vol donar el m\u00e0xim relleu a unes fotografies que tenen la for\u00e7a de seduir-nos per la seva bellesa.","breadcrumb":{"@id":"https:\/\/editorialmediterrania.com\/en\/product\/ether-lessencia-dels-quatre-elements\/#breadcrumb"},"inLanguage":"en-US","potentialAction":[{"@type":"ReadAction","target":["https:\/\/editorialmediterrania.com\/en\/product\/ether-lessencia-dels-quatre-elements\/"]}]},{"@type":"ImageObject","inLanguage":"en-US","@id":"https:\/\/editorialmediterrania.com\/en\/product\/ether-lessencia-dels-quatre-elements\/#primaryimage","url":"https:\/\/editorialmediterrania.com\/wp-content\/uploads\/2012\/11\/eter2_g.jpg","contentUrl":"https:\/\/editorialmediterrania.com\/wp-content\/uploads\/2012\/11\/eter2_g.jpg","width":153,"height":158},{"@type":"BreadcrumbList","@id":"https:\/\/editorialmediterrania.com\/en\/product\/ether-lessencia-dels-quatre-elements\/#breadcrumb","itemListElement":[{"@type":"ListItem","position":1,"name":"Children&#8217;s art book store","item":"https:\/\/editorialmediterrania.com\/en\/childrens-art-book-store\/"},{"@type":"ListItem","position":2,"name":"\u00c8ter: l&#8217;ess\u00e8ncia dels quatre elements"}]},{"@type":"WebSite","@id":"https:\/\/editorialmediterrania.com\/en\/#website","url":"https:\/\/editorialmediterrania.com\/en\/","name":"Editorial Mediterrania","description":"Llibres que t\u2019obriran nous mons","publisher":{"@id":"https:\/\/editorialmediterrania.com\/en\/#organization"},"alternateName":"Llibres infantils d'art, cultura i natura","potentialAction":[{"@type":"SearchAction","target":{"@type":"EntryPoint","urlTemplate":"https:\/\/editorialmediterrania.com\/en\/?s={search_term_string}"},"query-input":"required name=search_term_string"}],"inLanguage":"en-US"},{"@type":"Organization","@id":"https:\/\/editorialmediterrania.com\/en\/#organization","name":"Editorial Mediterrania","alternateName":"Llibres d'art, cultura i natura per infants i fam\u00edlies","url":"https:\/\/editorialmediterrania.com\/en\/","logo":{"@type":"ImageObject","inLanguage":"en-US","@id":"https:\/\/editorialmediterrania.com\/en\/#\/schema\/logo\/image\/","url":"https:\/\/editorialmediterrania.com\/wp-content\/uploads\/2023\/03\/LOGO-ED_MEDITERRANIA_OK-2.png","contentUrl":"https:\/\/editorialmediterrania.com\/wp-content\/uploads\/2023\/03\/LOGO-ED_MEDITERRANIA_OK-2.png","width":1200,"height":300,"caption":"Editorial Mediterrania"},"image":{"@id":"https:\/\/editorialmediterrania.com\/en\/#\/schema\/logo\/image\/"},"sameAs":["https:\/\/x.com\/edmediterrania","https:\/\/www.instagram.com\/editorialmediterrania\/"]}]}},"_links":{"self":[{"href":"https:\/\/editorialmediterrania.com\/en\/wp-json\/wp\/v2\/product\/4805","targetHints":{"allow":["GET"]}}],"collection":[{"href":"https:\/\/editorialmediterrania.com\/en\/wp-json\/wp\/v2\/product"}],"about":[{"href":"https:\/\/editorialmediterrania.com\/en\/wp-json\/wp\/v2\/types\/product"}],"wp:featuredmedia":[{"embeddable":true,"href":"https:\/\/editorialmediterrania.com\/en\/wp-json\/wp\/v2\/media\/14715"}],"wp:attachment":[{"href":"https:\/\/editorialmediterrania.com\/en\/wp-json\/wp\/v2\/media?parent=4805"}],"wp:term":[{"taxonomy":"product_cat","embeddable":true,"href":"https:\/\/editorialmediterrania.com\/en\/wp-json\/wp\/v2\/product_cat?post=4805"},{"taxonomy":"product_tag","embeddable":true,"href":"https:\/\/editorialmediterrania.com\/en\/wp-json\/wp\/v2\/product_tag?post=4805"},{"taxonomy":"autors","embeddable":true,"href":"https:\/\/editorialmediterrania.com\/en\/wp-json\/wp\/v2\/autors?post=4805"}],"curies":[{"name":"wp","href":"https:\/\/api.w.org\/{rel}","templated":true}]}}