{"id":4821,"date":"2012-11-14T08:50:08","date_gmt":"2012-11-14T08:50:08","guid":{"rendered":"http:\/\/editorialmediterraneatest.grupoormo.com\/product\/producto\/guia-de-la-facana-de-la-passio-al-temple-de-la-sagrada-familia-2-2\/"},"modified":"2019-07-03T13:36:54","modified_gmt":"2019-07-03T11:36:54","slug":"guia-de-la-facana-de-la-passio-al-temple-de-la-sagrada-familia-2","status":"publish","type":"product","link":"https:\/\/editorialmediterrania.com\/en\/product\/guia-de-la-facana-de-la-passio-al-temple-de-la-sagrada-familia-2\/","title":{"rendered":"Guide to the Passion Fa\u00e7ade in the Church of the Sagrada Fam\u00edlia"},"content":{"rendered":"<p style=\"text-align: justify;\">Subirachs started to work in this project at the beginning of 1987 and he did so in his personal style, to avoid confussion with Gaudi&#8217;s original work, and also to follow his own artistic path. In Subirach&#8217;s idea, the order of the scenes of the Passion is from left to right, describing an S, following the route to Calvary and the Last Supper, and up to the Burial.<\/p>\n","protected":false},"excerpt":{"rendered":"<p>Subirachs started to work in this project at the beginning of 1987 and he did so in his personal style, to avoid confussion with Gaudi&#8217;s original work, and also to follow his own artistic path. In Subirach&#8217;s idea, the order of the scenes of the Passion is from left to right, describing an S, following [&hellip;]<\/p>\n","protected":false},"featured_media":14680,"template":"","meta":[],"product_cat":[3349,320],"product_tag":[4190],"autors":[],"class_list":{"0":"post-4821","1":"product","2":"type-product","3":"status-publish","4":"has-post-thumbnail","6":"product_cat-mediterrania-productes","7":"product_cat-art-adults-en","8":"product_tag-subirachs-en","10":"first","11":"instock","12":"purchasable","13":"product-type-variable","swatches":"rey-swatches","show_selected":""},"acf":[],"yoast_head":"<!-- This site is optimized with the Yoast SEO plugin v22.8 - https:\/\/yoast.com\/wordpress\/plugins\/seo\/ -->\n<title>Guia fa\u00e7ana Passi\u00f3 de la Sagrada Fam\u00edlia - Editorial Mediterrania<\/title>\n<meta name=\"description\" content=\"Subirachs va comen\u00e7ar a treballar en aquest monumental projecte a principis de 1987, relacionant el seu estil geom\u00e8tric personal amb el modernisme de Gaud\u00ed.\" \/>\n<meta name=\"robots\" content=\"index, follow, max-snippet:-1, max-image-preview:large, max-video-preview:-1\" \/>\n<link rel=\"canonical\" href=\"https:\/\/editorialmediterrania.com\/en\/product\/guia-de-la-facana-de-la-passio-al-temple-de-la-sagrada-familia-2\/\" \/>\n<meta property=\"og:locale\" content=\"en_US\" \/>\n<meta property=\"og:type\" content=\"article\" \/>\n<meta property=\"og:title\" content=\"Guia fa\u00e7ana Passi\u00f3 de la Sagrada Fam\u00edlia - Editorial Mediterrania\" \/>\n<meta property=\"og:description\" content=\"Subirachs va comen\u00e7ar a treballar en aquest monumental projecte a principis de 1987, relacionant el seu estil geom\u00e8tric personal amb el modernisme de Gaud\u00ed.\" \/>\n<meta property=\"og:url\" content=\"https:\/\/editorialmediterrania.com\/en\/product\/guia-de-la-facana-de-la-passio-al-temple-de-la-sagrada-familia-2\/\" \/>\n<meta property=\"og:site_name\" content=\"Editorial Mediterr\u00e0nia\" \/>\n<meta property=\"article:modified_time\" content=\"2019-07-03T11:36:54+00:00\" \/>\n<meta property=\"og:image\" content=\"https:\/\/editorialmediterrania.com\/wp-content\/uploads\/2012\/11\/portada-guia-fa\u00e7ana-passi\u00f32-312x390.jpg\" \/>\n\t<meta property=\"og:image:width\" content=\"312\" \/>\n\t<meta property=\"og:image:height\" content=\"390\" \/>\n\t<meta property=\"og:image:type\" content=\"image\/jpeg\" \/>\n<meta name=\"twitter:card\" content=\"summary_large_image\" \/>\n<meta name=\"twitter:site\" content=\"@edmediterrania\" \/>\n<script type=\"application\/ld+json\" class=\"yoast-schema-graph\">{\"@context\":\"https:\/\/schema.org\",\"@graph\":[{\"@type\":\"WebPage\",\"@id\":\"https:\/\/editorialmediterrania.com\/en\/product\/guia-de-la-facana-de-la-passio-al-temple-de-la-sagrada-familia-2\/\",\"url\":\"https:\/\/editorialmediterrania.com\/en\/product\/guia-de-la-facana-de-la-passio-al-temple-de-la-sagrada-familia-2\/\",\"name\":\"Guia fa\u00e7ana Passi\u00f3 de la Sagrada Fam\u00edlia - Editorial Mediterrania\",\"isPartOf\":{\"@id\":\"https:\/\/editorialmediterrania.com\/en\/#website\"},\"primaryImageOfPage\":{\"@id\":\"https:\/\/editorialmediterrania.com\/en\/product\/guia-de-la-facana-de-la-passio-al-temple-de-la-sagrada-familia-2\/#primaryimage\"},\"image\":{\"@id\":\"https:\/\/editorialmediterrania.com\/en\/product\/guia-de-la-facana-de-la-passio-al-temple-de-la-sagrada-familia-2\/#primaryimage\"},\"thumbnailUrl\":\"https:\/\/editorialmediterrania.com\/wp-content\/uploads\/2012\/11\/portada-guia-fa\u00e7ana-passi\u00f32-312x390.jpg\",\"datePublished\":\"2012-11-14T08:50:08+00:00\",\"dateModified\":\"2019-07-03T11:36:54+00:00\",\"description\":\"Subirachs va comen\u00e7ar a treballar en aquest monumental projecte a principis de 1987, relacionant el seu estil geom\u00e8tric personal amb el modernisme de Gaud\u00ed.\",\"breadcrumb\":{\"@id\":\"https:\/\/editorialmediterrania.com\/en\/product\/guia-de-la-facana-de-la-passio-al-temple-de-la-sagrada-familia-2\/#breadcrumb\"},\"inLanguage\":\"en-US\",\"potentialAction\":[{\"@type\":\"ReadAction\",\"target\":[\"https:\/\/editorialmediterrania.com\/en\/product\/guia-de-la-facana-de-la-passio-al-temple-de-la-sagrada-familia-2\/\"]}]},{\"@type\":\"ImageObject\",\"inLanguage\":\"en-US\",\"@id\":\"https:\/\/editorialmediterrania.com\/en\/product\/guia-de-la-facana-de-la-passio-al-temple-de-la-sagrada-familia-2\/#primaryimage\",\"url\":\"https:\/\/editorialmediterrania.com\/wp-content\/uploads\/2012\/11\/portada-guia-fa\u00e7ana-passi\u00f32-312x390.jpg\",\"contentUrl\":\"https:\/\/editorialmediterrania.com\/wp-content\/uploads\/2012\/11\/portada-guia-fa\u00e7ana-passi\u00f32-312x390.jpg\",\"width\":312,\"height\":390},{\"@type\":\"BreadcrumbList\",\"@id\":\"https:\/\/editorialmediterrania.com\/en\/product\/guia-de-la-facana-de-la-passio-al-temple-de-la-sagrada-familia-2\/#breadcrumb\",\"itemListElement\":[{\"@type\":\"ListItem\",\"position\":1,\"name\":\"Children&#8217;s art book store\",\"item\":\"https:\/\/editorialmediterrania.com\/en\/childrens-art-book-store\/\"},{\"@type\":\"ListItem\",\"position\":2,\"name\":\"Guide to the Passion Fa\u00e7ade in the Church of the Sagrada Fam\u00edlia\"}]},{\"@type\":\"WebSite\",\"@id\":\"https:\/\/editorialmediterrania.com\/en\/#website\",\"url\":\"https:\/\/editorialmediterrania.com\/en\/\",\"name\":\"Editorial Mediterrania\",\"description\":\"Llibres que t\u2019obriran nous mons\",\"publisher\":{\"@id\":\"https:\/\/editorialmediterrania.com\/en\/#organization\"},\"alternateName\":\"Llibres infantils d'art, cultura i natura\",\"potentialAction\":[{\"@type\":\"SearchAction\",\"target\":{\"@type\":\"EntryPoint\",\"urlTemplate\":\"https:\/\/editorialmediterrania.com\/en\/?s={search_term_string}\"},\"query-input\":\"required name=search_term_string\"}],\"inLanguage\":\"en-US\"},{\"@type\":\"Organization\",\"@id\":\"https:\/\/editorialmediterrania.com\/en\/#organization\",\"name\":\"Editorial Mediterrania\",\"alternateName\":\"Llibres d'art, cultura i natura per infants i fam\u00edlies\",\"url\":\"https:\/\/editorialmediterrania.com\/en\/\",\"logo\":{\"@type\":\"ImageObject\",\"inLanguage\":\"en-US\",\"@id\":\"https:\/\/editorialmediterrania.com\/en\/#\/schema\/logo\/image\/\",\"url\":\"https:\/\/editorialmediterrania.com\/wp-content\/uploads\/2023\/03\/LOGO-ED_MEDITERRANIA_OK-2.png\",\"contentUrl\":\"https:\/\/editorialmediterrania.com\/wp-content\/uploads\/2023\/03\/LOGO-ED_MEDITERRANIA_OK-2.png\",\"width\":1200,\"height\":300,\"caption\":\"Editorial Mediterrania\"},\"image\":{\"@id\":\"https:\/\/editorialmediterrania.com\/en\/#\/schema\/logo\/image\/\"},\"sameAs\":[\"https:\/\/x.com\/edmediterrania\",\"https:\/\/www.instagram.com\/editorialmediterrania\/\"]}]}<\/script>\n<!-- \/ Yoast SEO plugin. -->","yoast_head_json":{"title":"Guia fa\u00e7ana Passi\u00f3 de la Sagrada Fam\u00edlia - Editorial Mediterrania","description":"Subirachs va comen\u00e7ar a treballar en aquest monumental projecte a principis de 1987, relacionant el seu estil geom\u00e8tric personal amb el modernisme de Gaud\u00ed.","robots":{"index":"index","follow":"follow","max-snippet":"max-snippet:-1","max-image-preview":"max-image-preview:large","max-video-preview":"max-video-preview:-1"},"canonical":"https:\/\/editorialmediterrania.com\/en\/product\/guia-de-la-facana-de-la-passio-al-temple-de-la-sagrada-familia-2\/","og_locale":"en_US","og_type":"article","og_title":"Guia fa\u00e7ana Passi\u00f3 de la Sagrada Fam\u00edlia - Editorial Mediterrania","og_description":"Subirachs va comen\u00e7ar a treballar en aquest monumental projecte a principis de 1987, relacionant el seu estil geom\u00e8tric personal amb el modernisme de Gaud\u00ed.","og_url":"https:\/\/editorialmediterrania.com\/en\/product\/guia-de-la-facana-de-la-passio-al-temple-de-la-sagrada-familia-2\/","og_site_name":"Editorial Mediterr\u00e0nia","article_modified_time":"2019-07-03T11:36:54+00:00","og_image":[{"width":312,"height":390,"url":"https:\/\/editorialmediterrania.com\/wp-content\/uploads\/2012\/11\/portada-guia-fa\u00e7ana-passi\u00f32-312x390.jpg","type":"image\/jpeg"}],"twitter_card":"summary_large_image","twitter_site":"@edmediterrania","schema":{"@context":"https:\/\/schema.org","@graph":[{"@type":"WebPage","@id":"https:\/\/editorialmediterrania.com\/en\/product\/guia-de-la-facana-de-la-passio-al-temple-de-la-sagrada-familia-2\/","url":"https:\/\/editorialmediterrania.com\/en\/product\/guia-de-la-facana-de-la-passio-al-temple-de-la-sagrada-familia-2\/","name":"Guia fa\u00e7ana Passi\u00f3 de la Sagrada Fam\u00edlia - Editorial Mediterrania","isPartOf":{"@id":"https:\/\/editorialmediterrania.com\/en\/#website"},"primaryImageOfPage":{"@id":"https:\/\/editorialmediterrania.com\/en\/product\/guia-de-la-facana-de-la-passio-al-temple-de-la-sagrada-familia-2\/#primaryimage"},"image":{"@id":"https:\/\/editorialmediterrania.com\/en\/product\/guia-de-la-facana-de-la-passio-al-temple-de-la-sagrada-familia-2\/#primaryimage"},"thumbnailUrl":"https:\/\/editorialmediterrania.com\/wp-content\/uploads\/2012\/11\/portada-guia-fa\u00e7ana-passi\u00f32-312x390.jpg","datePublished":"2012-11-14T08:50:08+00:00","dateModified":"2019-07-03T11:36:54+00:00","description":"Subirachs va comen\u00e7ar a treballar en aquest monumental projecte a principis de 1987, relacionant el seu estil geom\u00e8tric personal amb el modernisme de Gaud\u00ed.","breadcrumb":{"@id":"https:\/\/editorialmediterrania.com\/en\/product\/guia-de-la-facana-de-la-passio-al-temple-de-la-sagrada-familia-2\/#breadcrumb"},"inLanguage":"en-US","potentialAction":[{"@type":"ReadAction","target":["https:\/\/editorialmediterrania.com\/en\/product\/guia-de-la-facana-de-la-passio-al-temple-de-la-sagrada-familia-2\/"]}]},{"@type":"ImageObject","inLanguage":"en-US","@id":"https:\/\/editorialmediterrania.com\/en\/product\/guia-de-la-facana-de-la-passio-al-temple-de-la-sagrada-familia-2\/#primaryimage","url":"https:\/\/editorialmediterrania.com\/wp-content\/uploads\/2012\/11\/portada-guia-fa\u00e7ana-passi\u00f32-312x390.jpg","contentUrl":"https:\/\/editorialmediterrania.com\/wp-content\/uploads\/2012\/11\/portada-guia-fa\u00e7ana-passi\u00f32-312x390.jpg","width":312,"height":390},{"@type":"BreadcrumbList","@id":"https:\/\/editorialmediterrania.com\/en\/product\/guia-de-la-facana-de-la-passio-al-temple-de-la-sagrada-familia-2\/#breadcrumb","itemListElement":[{"@type":"ListItem","position":1,"name":"Children&#8217;s art book store","item":"https:\/\/editorialmediterrania.com\/en\/childrens-art-book-store\/"},{"@type":"ListItem","position":2,"name":"Guide to the Passion Fa\u00e7ade in the Church of the Sagrada Fam\u00edlia"}]},{"@type":"WebSite","@id":"https:\/\/editorialmediterrania.com\/en\/#website","url":"https:\/\/editorialmediterrania.com\/en\/","name":"Editorial Mediterrania","description":"Llibres que t\u2019obriran nous mons","publisher":{"@id":"https:\/\/editorialmediterrania.com\/en\/#organization"},"alternateName":"Llibres infantils d'art, cultura i natura","potentialAction":[{"@type":"SearchAction","target":{"@type":"EntryPoint","urlTemplate":"https:\/\/editorialmediterrania.com\/en\/?s={search_term_string}"},"query-input":"required name=search_term_string"}],"inLanguage":"en-US"},{"@type":"Organization","@id":"https:\/\/editorialmediterrania.com\/en\/#organization","name":"Editorial Mediterrania","alternateName":"Llibres d'art, cultura i natura per infants i fam\u00edlies","url":"https:\/\/editorialmediterrania.com\/en\/","logo":{"@type":"ImageObject","inLanguage":"en-US","@id":"https:\/\/editorialmediterrania.com\/en\/#\/schema\/logo\/image\/","url":"https:\/\/editorialmediterrania.com\/wp-content\/uploads\/2023\/03\/LOGO-ED_MEDITERRANIA_OK-2.png","contentUrl":"https:\/\/editorialmediterrania.com\/wp-content\/uploads\/2023\/03\/LOGO-ED_MEDITERRANIA_OK-2.png","width":1200,"height":300,"caption":"Editorial Mediterrania"},"image":{"@id":"https:\/\/editorialmediterrania.com\/en\/#\/schema\/logo\/image\/"},"sameAs":["https:\/\/x.com\/edmediterrania","https:\/\/www.instagram.com\/editorialmediterrania\/"]}]}},"_links":{"self":[{"href":"https:\/\/editorialmediterrania.com\/en\/wp-json\/wp\/v2\/product\/4821","targetHints":{"allow":["GET"]}}],"collection":[{"href":"https:\/\/editorialmediterrania.com\/en\/wp-json\/wp\/v2\/product"}],"about":[{"href":"https:\/\/editorialmediterrania.com\/en\/wp-json\/wp\/v2\/types\/product"}],"wp:featuredmedia":[{"embeddable":true,"href":"https:\/\/editorialmediterrania.com\/en\/wp-json\/wp\/v2\/media\/14680"}],"wp:attachment":[{"href":"https:\/\/editorialmediterrania.com\/en\/wp-json\/wp\/v2\/media?parent=4821"}],"wp:term":[{"taxonomy":"product_cat","embeddable":true,"href":"https:\/\/editorialmediterrania.com\/en\/wp-json\/wp\/v2\/product_cat?post=4821"},{"taxonomy":"product_tag","embeddable":true,"href":"https:\/\/editorialmediterrania.com\/en\/wp-json\/wp\/v2\/product_tag?post=4821"},{"taxonomy":"autors","embeddable":true,"href":"https:\/\/editorialmediterrania.com\/en\/wp-json\/wp\/v2\/autors?post=4821"}],"curies":[{"name":"wp","href":"https:\/\/api.w.org\/{rel}","templated":true}]}}