{"id":4824,"date":"2012-11-14T09:12:38","date_gmt":"2012-11-14T09:12:38","guid":{"rendered":"http:\/\/editorialmediterraneatest.grupoormo.com\/product\/producto\/els-vitralls-de-la-sagrada-familia-de-joan-vila-grau-2\/"},"modified":"2018-05-28T19:42:58","modified_gmt":"2018-05-28T17:42:58","slug":"els-vitralls-de-la-sagrada-familia-de-joan-vila-grau","status":"publish","type":"product","link":"https:\/\/editorialmediterrania.com\/en\/product\/els-vitralls-de-la-sagrada-familia-de-joan-vila-grau\/","title":{"rendered":"The stained-glass windows of the Sagrada Fam\u00edlia by Joan Vila-Grau"},"content":{"rendered":"<p style=\"text-align: justify;\">In 1999 artist Joan Vila-Grau was commissioned to design and produce the stained glass panes for the large group of windows on the western fa\u00e7ade of the Sagrada Familia. He studied the temple itself but also the concept and function of stained glass windows in various works by Antoni Gaud\u00ed before beginning the process of creating the Resurrection windows, which were installed mid-2001.<br \/>\nThe Board of Construction of the Sagrada Familia Temple subsequently entrusted the design and creation of all the stained glass windows in the temple to Vila-Grau and he has been working on then ever since.<br \/>\nJoan Vila-Grau&#8217;s mission is to develop a genuinely evocative symphony of colour and light in order to create an atmosphere that envelops the entire temple. His work is imbued with his own personal style yet fulfils Gaudi&#8217;s original vision: &#8220;The Sagrada Familia will be bright&#8230; It will be the temple of harmonious light.&#8221;<\/p>\n","protected":false},"excerpt":{"rendered":"<p>In 1999 artist Joan Vila-Grau was commissioned to design and produce the stained glass panes for the large group of windows on the western fa\u00e7ade of the Sagrada Familia. He studied the temple itself but also the concept and function of stained glass windows in various works by Antoni Gaud\u00ed before beginning the process of [&hellip;]<\/p>\n","protected":false},"featured_media":28261,"template":"","meta":[],"product_cat":[],"product_tag":[],"autors":[],"class_list":{"0":"post-4824","1":"product","2":"type-product","3":"status-publish","4":"has-post-thumbnail","7":"first","8":"instock","9":"product-type-variable","10":"has-default-attributes","swatches":"rey-swatches","show_selected":""},"acf":[],"yoast_head":"<!-- This site is optimized with the Yoast SEO plugin v22.8 - https:\/\/yoast.com\/wordpress\/plugins\/seo\/ -->\n<title>Els vitralls de la Sagrada Fam\u00edlia - Editorial Mediterrania<\/title>\n<meta name=\"description\" content=\"Els vitralls de la Sagrada Fam\u00edlia han estat treballats com un tot unitari que s&#039;incorpora harm\u00f2nicament a l&#039;arquitectura de Gaud\u00ed i l&#039;escultura de Subirachs.\" \/>\n<meta name=\"robots\" content=\"index, follow, max-snippet:-1, max-image-preview:large, max-video-preview:-1\" \/>\n<link rel=\"canonical\" href=\"https:\/\/editorialmediterrania.com\/en\/product\/els-vitralls-de-la-sagrada-familia-de-joan-vila-grau\/\" \/>\n<meta property=\"og:locale\" content=\"en_US\" \/>\n<meta property=\"og:type\" content=\"article\" \/>\n<meta property=\"og:title\" content=\"Els vitralls de la Sagrada Fam\u00edlia - Editorial Mediterrania\" \/>\n<meta property=\"og:description\" content=\"Els vitralls de la Sagrada Fam\u00edlia han estat treballats com un tot unitari que s&#039;incorpora harm\u00f2nicament a l&#039;arquitectura de Gaud\u00ed i l&#039;escultura de Subirachs.\" \/>\n<meta property=\"og:url\" content=\"https:\/\/editorialmediterrania.com\/en\/product\/els-vitralls-de-la-sagrada-familia-de-joan-vila-grau\/\" \/>\n<meta property=\"og:site_name\" content=\"Editorial Mediterr\u00e0nia\" \/>\n<meta property=\"article:modified_time\" content=\"2018-05-28T17:42:58+00:00\" \/>\n<meta property=\"og:image\" content=\"https:\/\/editorialmediterrania.com\/wp-content\/uploads\/2012\/11\/Vitralls-de-la-Sagrada-Familia.jpeg\" \/>\n\t<meta property=\"og:image:width\" content=\"631\" \/>\n\t<meta property=\"og:image:height\" content=\"939\" \/>\n\t<meta property=\"og:image:type\" content=\"image\/jpeg\" \/>\n<meta name=\"twitter:card\" content=\"summary_large_image\" \/>\n<meta name=\"twitter:site\" content=\"@edmediterrania\" \/>\n<meta name=\"twitter:label1\" content=\"Est. reading time\" \/>\n\t<meta name=\"twitter:data1\" content=\"1 minute\" \/>\n<script type=\"application\/ld+json\" class=\"yoast-schema-graph\">{\"@context\":\"https:\/\/schema.org\",\"@graph\":[{\"@type\":\"WebPage\",\"@id\":\"https:\/\/editorialmediterrania.com\/en\/product\/els-vitralls-de-la-sagrada-familia-de-joan-vila-grau\/\",\"url\":\"https:\/\/editorialmediterrania.com\/en\/product\/els-vitralls-de-la-sagrada-familia-de-joan-vila-grau\/\",\"name\":\"Els vitralls de la Sagrada Fam\u00edlia - Editorial Mediterrania\",\"isPartOf\":{\"@id\":\"https:\/\/editorialmediterrania.com\/en\/#website\"},\"primaryImageOfPage\":{\"@id\":\"https:\/\/editorialmediterrania.com\/en\/product\/els-vitralls-de-la-sagrada-familia-de-joan-vila-grau\/#primaryimage\"},\"image\":{\"@id\":\"https:\/\/editorialmediterrania.com\/en\/product\/els-vitralls-de-la-sagrada-familia-de-joan-vila-grau\/#primaryimage\"},\"thumbnailUrl\":\"https:\/\/editorialmediterrania.com\/wp-content\/uploads\/2012\/11\/Vitralls-de-la-Sagrada-Familia.jpeg\",\"datePublished\":\"2012-11-14T09:12:38+00:00\",\"dateModified\":\"2018-05-28T17:42:58+00:00\",\"description\":\"Els vitralls de la Sagrada Fam\u00edlia han estat treballats com un tot unitari que s'incorpora harm\u00f2nicament a l'arquitectura de Gaud\u00ed i l'escultura de Subirachs.\",\"breadcrumb\":{\"@id\":\"https:\/\/editorialmediterrania.com\/en\/product\/els-vitralls-de-la-sagrada-familia-de-joan-vila-grau\/#breadcrumb\"},\"inLanguage\":\"en-US\",\"potentialAction\":[{\"@type\":\"ReadAction\",\"target\":[\"https:\/\/editorialmediterrania.com\/en\/product\/els-vitralls-de-la-sagrada-familia-de-joan-vila-grau\/\"]}]},{\"@type\":\"ImageObject\",\"inLanguage\":\"en-US\",\"@id\":\"https:\/\/editorialmediterrania.com\/en\/product\/els-vitralls-de-la-sagrada-familia-de-joan-vila-grau\/#primaryimage\",\"url\":\"https:\/\/editorialmediterrania.com\/wp-content\/uploads\/2012\/11\/Vitralls-de-la-Sagrada-Familia.jpeg\",\"contentUrl\":\"https:\/\/editorialmediterrania.com\/wp-content\/uploads\/2012\/11\/Vitralls-de-la-Sagrada-Familia.jpeg\",\"width\":631,\"height\":939},{\"@type\":\"BreadcrumbList\",\"@id\":\"https:\/\/editorialmediterrania.com\/en\/product\/els-vitralls-de-la-sagrada-familia-de-joan-vila-grau\/#breadcrumb\",\"itemListElement\":[{\"@type\":\"ListItem\",\"position\":1,\"name\":\"Children&#8217;s art book store\",\"item\":\"https:\/\/editorialmediterrania.com\/en\/childrens-art-book-store\/\"},{\"@type\":\"ListItem\",\"position\":2,\"name\":\"The stained-glass windows of the Sagrada Fam\u00edlia by Joan Vila-Grau\"}]},{\"@type\":\"WebSite\",\"@id\":\"https:\/\/editorialmediterrania.com\/en\/#website\",\"url\":\"https:\/\/editorialmediterrania.com\/en\/\",\"name\":\"Editorial Mediterrania\",\"description\":\"Llibres que t\u2019obriran nous mons\",\"publisher\":{\"@id\":\"https:\/\/editorialmediterrania.com\/en\/#organization\"},\"alternateName\":\"Llibres infantils d'art, cultura i natura\",\"potentialAction\":[{\"@type\":\"SearchAction\",\"target\":{\"@type\":\"EntryPoint\",\"urlTemplate\":\"https:\/\/editorialmediterrania.com\/en\/?s={search_term_string}\"},\"query-input\":\"required name=search_term_string\"}],\"inLanguage\":\"en-US\"},{\"@type\":\"Organization\",\"@id\":\"https:\/\/editorialmediterrania.com\/en\/#organization\",\"name\":\"Editorial Mediterrania\",\"alternateName\":\"Llibres d'art, cultura i natura per infants i fam\u00edlies\",\"url\":\"https:\/\/editorialmediterrania.com\/en\/\",\"logo\":{\"@type\":\"ImageObject\",\"inLanguage\":\"en-US\",\"@id\":\"https:\/\/editorialmediterrania.com\/en\/#\/schema\/logo\/image\/\",\"url\":\"https:\/\/editorialmediterrania.com\/wp-content\/uploads\/2023\/03\/LOGO-ED_MEDITERRANIA_OK-2.png\",\"contentUrl\":\"https:\/\/editorialmediterrania.com\/wp-content\/uploads\/2023\/03\/LOGO-ED_MEDITERRANIA_OK-2.png\",\"width\":1200,\"height\":300,\"caption\":\"Editorial Mediterrania\"},\"image\":{\"@id\":\"https:\/\/editorialmediterrania.com\/en\/#\/schema\/logo\/image\/\"},\"sameAs\":[\"https:\/\/x.com\/edmediterrania\",\"https:\/\/www.instagram.com\/editorialmediterrania\/\"]}]}<\/script>\n<!-- \/ Yoast SEO plugin. -->","yoast_head_json":{"title":"Els vitralls de la Sagrada Fam\u00edlia - Editorial Mediterrania","description":"Els vitralls de la Sagrada Fam\u00edlia han estat treballats com un tot unitari que s'incorpora harm\u00f2nicament a l'arquitectura de Gaud\u00ed i l'escultura de Subirachs.","robots":{"index":"index","follow":"follow","max-snippet":"max-snippet:-1","max-image-preview":"max-image-preview:large","max-video-preview":"max-video-preview:-1"},"canonical":"https:\/\/editorialmediterrania.com\/en\/product\/els-vitralls-de-la-sagrada-familia-de-joan-vila-grau\/","og_locale":"en_US","og_type":"article","og_title":"Els vitralls de la Sagrada Fam\u00edlia - Editorial Mediterrania","og_description":"Els vitralls de la Sagrada Fam\u00edlia han estat treballats com un tot unitari que s'incorpora harm\u00f2nicament a l'arquitectura de Gaud\u00ed i l'escultura de Subirachs.","og_url":"https:\/\/editorialmediterrania.com\/en\/product\/els-vitralls-de-la-sagrada-familia-de-joan-vila-grau\/","og_site_name":"Editorial Mediterr\u00e0nia","article_modified_time":"2018-05-28T17:42:58+00:00","og_image":[{"width":631,"height":939,"url":"https:\/\/editorialmediterrania.com\/wp-content\/uploads\/2012\/11\/Vitralls-de-la-Sagrada-Familia.jpeg","type":"image\/jpeg"}],"twitter_card":"summary_large_image","twitter_site":"@edmediterrania","twitter_misc":{"Est. reading time":"1 minute"},"schema":{"@context":"https:\/\/schema.org","@graph":[{"@type":"WebPage","@id":"https:\/\/editorialmediterrania.com\/en\/product\/els-vitralls-de-la-sagrada-familia-de-joan-vila-grau\/","url":"https:\/\/editorialmediterrania.com\/en\/product\/els-vitralls-de-la-sagrada-familia-de-joan-vila-grau\/","name":"Els vitralls de la Sagrada Fam\u00edlia - Editorial Mediterrania","isPartOf":{"@id":"https:\/\/editorialmediterrania.com\/en\/#website"},"primaryImageOfPage":{"@id":"https:\/\/editorialmediterrania.com\/en\/product\/els-vitralls-de-la-sagrada-familia-de-joan-vila-grau\/#primaryimage"},"image":{"@id":"https:\/\/editorialmediterrania.com\/en\/product\/els-vitralls-de-la-sagrada-familia-de-joan-vila-grau\/#primaryimage"},"thumbnailUrl":"https:\/\/editorialmediterrania.com\/wp-content\/uploads\/2012\/11\/Vitralls-de-la-Sagrada-Familia.jpeg","datePublished":"2012-11-14T09:12:38+00:00","dateModified":"2018-05-28T17:42:58+00:00","description":"Els vitralls de la Sagrada Fam\u00edlia han estat treballats com un tot unitari que s'incorpora harm\u00f2nicament a l'arquitectura de Gaud\u00ed i l'escultura de Subirachs.","breadcrumb":{"@id":"https:\/\/editorialmediterrania.com\/en\/product\/els-vitralls-de-la-sagrada-familia-de-joan-vila-grau\/#breadcrumb"},"inLanguage":"en-US","potentialAction":[{"@type":"ReadAction","target":["https:\/\/editorialmediterrania.com\/en\/product\/els-vitralls-de-la-sagrada-familia-de-joan-vila-grau\/"]}]},{"@type":"ImageObject","inLanguage":"en-US","@id":"https:\/\/editorialmediterrania.com\/en\/product\/els-vitralls-de-la-sagrada-familia-de-joan-vila-grau\/#primaryimage","url":"https:\/\/editorialmediterrania.com\/wp-content\/uploads\/2012\/11\/Vitralls-de-la-Sagrada-Familia.jpeg","contentUrl":"https:\/\/editorialmediterrania.com\/wp-content\/uploads\/2012\/11\/Vitralls-de-la-Sagrada-Familia.jpeg","width":631,"height":939},{"@type":"BreadcrumbList","@id":"https:\/\/editorialmediterrania.com\/en\/product\/els-vitralls-de-la-sagrada-familia-de-joan-vila-grau\/#breadcrumb","itemListElement":[{"@type":"ListItem","position":1,"name":"Children&#8217;s art book store","item":"https:\/\/editorialmediterrania.com\/en\/childrens-art-book-store\/"},{"@type":"ListItem","position":2,"name":"The stained-glass windows of the Sagrada Fam\u00edlia by Joan Vila-Grau"}]},{"@type":"WebSite","@id":"https:\/\/editorialmediterrania.com\/en\/#website","url":"https:\/\/editorialmediterrania.com\/en\/","name":"Editorial Mediterrania","description":"Llibres que t\u2019obriran nous mons","publisher":{"@id":"https:\/\/editorialmediterrania.com\/en\/#organization"},"alternateName":"Llibres infantils d'art, cultura i natura","potentialAction":[{"@type":"SearchAction","target":{"@type":"EntryPoint","urlTemplate":"https:\/\/editorialmediterrania.com\/en\/?s={search_term_string}"},"query-input":"required name=search_term_string"}],"inLanguage":"en-US"},{"@type":"Organization","@id":"https:\/\/editorialmediterrania.com\/en\/#organization","name":"Editorial Mediterrania","alternateName":"Llibres d'art, cultura i natura per infants i fam\u00edlies","url":"https:\/\/editorialmediterrania.com\/en\/","logo":{"@type":"ImageObject","inLanguage":"en-US","@id":"https:\/\/editorialmediterrania.com\/en\/#\/schema\/logo\/image\/","url":"https:\/\/editorialmediterrania.com\/wp-content\/uploads\/2023\/03\/LOGO-ED_MEDITERRANIA_OK-2.png","contentUrl":"https:\/\/editorialmediterrania.com\/wp-content\/uploads\/2023\/03\/LOGO-ED_MEDITERRANIA_OK-2.png","width":1200,"height":300,"caption":"Editorial Mediterrania"},"image":{"@id":"https:\/\/editorialmediterrania.com\/en\/#\/schema\/logo\/image\/"},"sameAs":["https:\/\/x.com\/edmediterrania","https:\/\/www.instagram.com\/editorialmediterrania\/"]}]}},"_links":{"self":[{"href":"https:\/\/editorialmediterrania.com\/en\/wp-json\/wp\/v2\/product\/4824","targetHints":{"allow":["GET"]}}],"collection":[{"href":"https:\/\/editorialmediterrania.com\/en\/wp-json\/wp\/v2\/product"}],"about":[{"href":"https:\/\/editorialmediterrania.com\/en\/wp-json\/wp\/v2\/types\/product"}],"wp:featuredmedia":[{"embeddable":true,"href":"https:\/\/editorialmediterrania.com\/en\/wp-json\/wp\/v2\/media\/28261"}],"wp:attachment":[{"href":"https:\/\/editorialmediterrania.com\/en\/wp-json\/wp\/v2\/media?parent=4824"}],"wp:term":[{"taxonomy":"product_cat","embeddable":true,"href":"https:\/\/editorialmediterrania.com\/en\/wp-json\/wp\/v2\/product_cat?post=4824"},{"taxonomy":"product_tag","embeddable":true,"href":"https:\/\/editorialmediterrania.com\/en\/wp-json\/wp\/v2\/product_tag?post=4824"},{"taxonomy":"autors","embeddable":true,"href":"https:\/\/editorialmediterrania.com\/en\/wp-json\/wp\/v2\/autors?post=4824"}],"curies":[{"name":"wp","href":"https:\/\/api.w.org\/{rel}","templated":true}]}}