{"id":48297,"date":"2026-01-21T17:01:46","date_gmt":"2026-01-21T16:01:46","guid":{"rendered":"https:\/\/editorialmediterrania.com\/?post_type=product&#038;p=48297"},"modified":"2026-02-27T10:54:28","modified_gmt":"2026-02-27T09:54:28","slug":"una-finestra-a-la-butxaca","status":"publish","type":"product","link":"https:\/\/editorialmediterrania.com\/en\/product\/una-finestra-a-la-butxaca\/","title":{"rendered":"Una finestra a la butxaca"},"content":{"rendered":"<p class=\"p2\">El Kas \u00e9s un gos petaner molt curi\u00f3s que ho observa tot: els seus amos, el Dani i la Carla, no poden viure sense el m\u00f2bil, i els seus pares tampoc se\u2019n surten del tot! Entre <i>likes<\/i>, <i>hashtags <\/i>i v\u00eddeos de TikTok, la fam\u00edlia sembla m\u00e9s pendent de les pantalles que del que passa davant seu.<\/p>\n<p class=\"p2\">Per\u00f2 un cap de setmana a la muntanya ho canviar\u00e0 tot. Entre can\u00e7ons al cotxe, plats <i>pet friendly <\/i>i coreografies a la pla\u00e7a, el Kas descobrir\u00e0 \u2014i ens recordar\u00e0\u2014 que les millors hist\u00f2ries no sempre es graven\u2026 <b>es viuen<\/b>.<\/p>\n<p class=\"p3\">Una aventura divertida i tendra sobre les xarxes, els algoritmes i la import\u00e0ncia de <b>desconnectar per reconnectar<\/b>.<\/p>\n","protected":false},"excerpt":{"rendered":"<p>Un conte que prepara als infants per al primer m\u00f2bil amb confian\u00e7a i responsabilitat, acompanyant fam\u00edlies en el seu primer contacte al m\u00f3n digital.<\/p>\n","protected":false},"featured_media":48298,"template":"","meta":[],"product_cat":[16],"product_tag":[],"autors":[],"class_list":{"0":"post-48297","1":"product","2":"type-product","3":"status-publish","4":"has-post-thumbnail","6":"product_cat-editorial-mediterrania","8":"first","9":"instock","10":"featured","11":"taxable","12":"shipping-taxable","13":"purchasable","14":"product-type-variable","swatches":"rey-swatches","show_selected":""},"acf":[],"yoast_head":"<!-- This site is optimized with the Yoast SEO plugin v22.8 - https:\/\/yoast.com\/wordpress\/plugins\/seo\/ -->\n<title>Una finestra a la butxaca - Editorial Mediterr\u00e0nia<\/title>\n<meta name=\"description\" content=\"Un conte que prepara als infants per al primer m\u00f2bil amb confian\u00e7a i responsabilitat, acompanyant fam\u00edlies en el seu primer contacte al m\u00f3n digital.\" \/>\n<meta name=\"robots\" content=\"index, follow, max-snippet:-1, max-image-preview:large, max-video-preview:-1\" \/>\n<link rel=\"canonical\" href=\"https:\/\/editorialmediterrania.com\/en\/product\/una-finestra-a-la-butxaca\/\" \/>\n<meta property=\"og:locale\" content=\"en_US\" \/>\n<meta property=\"og:type\" content=\"article\" \/>\n<meta property=\"og:title\" content=\"Una finestra a la butxaca - Editorial Mediterr\u00e0nia\" \/>\n<meta property=\"og:description\" content=\"Un conte que prepara als infants per al primer m\u00f2bil amb confian\u00e7a i responsabilitat, acompanyant fam\u00edlies en el seu primer contacte al m\u00f3n digital.\" \/>\n<meta property=\"og:url\" content=\"https:\/\/editorialmediterrania.com\/en\/product\/una-finestra-a-la-butxaca\/\" \/>\n<meta property=\"og:site_name\" content=\"Editorial Mediterr\u00e0nia\" \/>\n<meta property=\"article:modified_time\" content=\"2026-02-27T09:54:28+00:00\" \/>\n<meta property=\"og:image\" content=\"https:\/\/editorialmediterrania.com\/wp-content\/uploads\/2026\/01\/9791388106088.png\" \/>\n\t<meta property=\"og:image:width\" content=\"978\" \/>\n\t<meta property=\"og:image:height\" content=\"976\" \/>\n\t<meta property=\"og:image:type\" content=\"image\/png\" \/>\n<meta name=\"twitter:card\" content=\"summary_large_image\" \/>\n<meta name=\"twitter:site\" content=\"@edmediterrania\" \/>\n<meta name=\"twitter:label1\" content=\"Est. reading time\" \/>\n\t<meta name=\"twitter:data1\" content=\"1 minute\" \/>\n<script type=\"application\/ld+json\" class=\"yoast-schema-graph\">{\"@context\":\"https:\/\/schema.org\",\"@graph\":[{\"@type\":\"WebPage\",\"@id\":\"https:\/\/editorialmediterrania.com\/en\/product\/una-finestra-a-la-butxaca\/\",\"url\":\"https:\/\/editorialmediterrania.com\/en\/product\/una-finestra-a-la-butxaca\/\",\"name\":\"Una finestra a la butxaca - Editorial Mediterr\u00e0nia\",\"isPartOf\":{\"@id\":\"https:\/\/editorialmediterrania.com\/en\/#website\"},\"primaryImageOfPage\":{\"@id\":\"https:\/\/editorialmediterrania.com\/en\/product\/una-finestra-a-la-butxaca\/#primaryimage\"},\"image\":{\"@id\":\"https:\/\/editorialmediterrania.com\/en\/product\/una-finestra-a-la-butxaca\/#primaryimage\"},\"thumbnailUrl\":\"https:\/\/editorialmediterrania.com\/wp-content\/uploads\/2026\/01\/9791388106088.png\",\"datePublished\":\"2026-01-21T16:01:46+00:00\",\"dateModified\":\"2026-02-27T09:54:28+00:00\",\"description\":\"Un conte que prepara als infants per al primer m\u00f2bil amb confian\u00e7a i responsabilitat, acompanyant fam\u00edlies en el seu primer contacte al m\u00f3n digital.\",\"breadcrumb\":{\"@id\":\"https:\/\/editorialmediterrania.com\/en\/product\/una-finestra-a-la-butxaca\/#breadcrumb\"},\"inLanguage\":\"en-US\",\"potentialAction\":[{\"@type\":\"ReadAction\",\"target\":[\"https:\/\/editorialmediterrania.com\/en\/product\/una-finestra-a-la-butxaca\/\"]}]},{\"@type\":\"ImageObject\",\"inLanguage\":\"en-US\",\"@id\":\"https:\/\/editorialmediterrania.com\/en\/product\/una-finestra-a-la-butxaca\/#primaryimage\",\"url\":\"https:\/\/editorialmediterrania.com\/wp-content\/uploads\/2026\/01\/9791388106088.png\",\"contentUrl\":\"https:\/\/editorialmediterrania.com\/wp-content\/uploads\/2026\/01\/9791388106088.png\",\"width\":978,\"height\":976},{\"@type\":\"BreadcrumbList\",\"@id\":\"https:\/\/editorialmediterrania.com\/en\/product\/una-finestra-a-la-butxaca\/#breadcrumb\",\"itemListElement\":[{\"@type\":\"ListItem\",\"position\":1,\"name\":\"Children&#8217;s art book store\",\"item\":\"https:\/\/editorialmediterrania.com\/en\/childrens-art-book-store\/\"},{\"@type\":\"ListItem\",\"position\":2,\"name\":\"Una finestra a la butxaca\"}]},{\"@type\":\"WebSite\",\"@id\":\"https:\/\/editorialmediterrania.com\/en\/#website\",\"url\":\"https:\/\/editorialmediterrania.com\/en\/\",\"name\":\"Editorial Mediterrania\",\"description\":\"Llibres que t\u2019obriran nous mons\",\"publisher\":{\"@id\":\"https:\/\/editorialmediterrania.com\/en\/#organization\"},\"alternateName\":\"Llibres infantils d'art, cultura i natura\",\"potentialAction\":[{\"@type\":\"SearchAction\",\"target\":{\"@type\":\"EntryPoint\",\"urlTemplate\":\"https:\/\/editorialmediterrania.com\/en\/?s={search_term_string}\"},\"query-input\":\"required name=search_term_string\"}],\"inLanguage\":\"en-US\"},{\"@type\":\"Organization\",\"@id\":\"https:\/\/editorialmediterrania.com\/en\/#organization\",\"name\":\"Editorial Mediterrania\",\"alternateName\":\"Llibres d'art, cultura i natura per infants i fam\u00edlies\",\"url\":\"https:\/\/editorialmediterrania.com\/en\/\",\"logo\":{\"@type\":\"ImageObject\",\"inLanguage\":\"en-US\",\"@id\":\"https:\/\/editorialmediterrania.com\/en\/#\/schema\/logo\/image\/\",\"url\":\"https:\/\/editorialmediterrania.com\/wp-content\/uploads\/2023\/03\/LOGO-ED_MEDITERRANIA_OK-2.png\",\"contentUrl\":\"https:\/\/editorialmediterrania.com\/wp-content\/uploads\/2023\/03\/LOGO-ED_MEDITERRANIA_OK-2.png\",\"width\":1200,\"height\":300,\"caption\":\"Editorial Mediterrania\"},\"image\":{\"@id\":\"https:\/\/editorialmediterrania.com\/en\/#\/schema\/logo\/image\/\"},\"sameAs\":[\"https:\/\/x.com\/edmediterrania\",\"https:\/\/www.instagram.com\/editorialmediterrania\/\"]}]}<\/script>\n<!-- \/ Yoast SEO plugin. -->","yoast_head_json":{"title":"Una finestra a la butxaca - Editorial Mediterr\u00e0nia","description":"Un conte que prepara als infants per al primer m\u00f2bil amb confian\u00e7a i responsabilitat, acompanyant fam\u00edlies en el seu primer contacte al m\u00f3n digital.","robots":{"index":"index","follow":"follow","max-snippet":"max-snippet:-1","max-image-preview":"max-image-preview:large","max-video-preview":"max-video-preview:-1"},"canonical":"https:\/\/editorialmediterrania.com\/en\/product\/una-finestra-a-la-butxaca\/","og_locale":"en_US","og_type":"article","og_title":"Una finestra a la butxaca - Editorial Mediterr\u00e0nia","og_description":"Un conte que prepara als infants per al primer m\u00f2bil amb confian\u00e7a i responsabilitat, acompanyant fam\u00edlies en el seu primer contacte al m\u00f3n digital.","og_url":"https:\/\/editorialmediterrania.com\/en\/product\/una-finestra-a-la-butxaca\/","og_site_name":"Editorial Mediterr\u00e0nia","article_modified_time":"2026-02-27T09:54:28+00:00","og_image":[{"width":978,"height":976,"url":"https:\/\/editorialmediterrania.com\/wp-content\/uploads\/2026\/01\/9791388106088.png","type":"image\/png"}],"twitter_card":"summary_large_image","twitter_site":"@edmediterrania","twitter_misc":{"Est. reading time":"1 minute"},"schema":{"@context":"https:\/\/schema.org","@graph":[{"@type":"WebPage","@id":"https:\/\/editorialmediterrania.com\/en\/product\/una-finestra-a-la-butxaca\/","url":"https:\/\/editorialmediterrania.com\/en\/product\/una-finestra-a-la-butxaca\/","name":"Una finestra a la butxaca - Editorial Mediterr\u00e0nia","isPartOf":{"@id":"https:\/\/editorialmediterrania.com\/en\/#website"},"primaryImageOfPage":{"@id":"https:\/\/editorialmediterrania.com\/en\/product\/una-finestra-a-la-butxaca\/#primaryimage"},"image":{"@id":"https:\/\/editorialmediterrania.com\/en\/product\/una-finestra-a-la-butxaca\/#primaryimage"},"thumbnailUrl":"https:\/\/editorialmediterrania.com\/wp-content\/uploads\/2026\/01\/9791388106088.png","datePublished":"2026-01-21T16:01:46+00:00","dateModified":"2026-02-27T09:54:28+00:00","description":"Un conte que prepara als infants per al primer m\u00f2bil amb confian\u00e7a i responsabilitat, acompanyant fam\u00edlies en el seu primer contacte al m\u00f3n digital.","breadcrumb":{"@id":"https:\/\/editorialmediterrania.com\/en\/product\/una-finestra-a-la-butxaca\/#breadcrumb"},"inLanguage":"en-US","potentialAction":[{"@type":"ReadAction","target":["https:\/\/editorialmediterrania.com\/en\/product\/una-finestra-a-la-butxaca\/"]}]},{"@type":"ImageObject","inLanguage":"en-US","@id":"https:\/\/editorialmediterrania.com\/en\/product\/una-finestra-a-la-butxaca\/#primaryimage","url":"https:\/\/editorialmediterrania.com\/wp-content\/uploads\/2026\/01\/9791388106088.png","contentUrl":"https:\/\/editorialmediterrania.com\/wp-content\/uploads\/2026\/01\/9791388106088.png","width":978,"height":976},{"@type":"BreadcrumbList","@id":"https:\/\/editorialmediterrania.com\/en\/product\/una-finestra-a-la-butxaca\/#breadcrumb","itemListElement":[{"@type":"ListItem","position":1,"name":"Children&#8217;s art book store","item":"https:\/\/editorialmediterrania.com\/en\/childrens-art-book-store\/"},{"@type":"ListItem","position":2,"name":"Una finestra a la butxaca"}]},{"@type":"WebSite","@id":"https:\/\/editorialmediterrania.com\/en\/#website","url":"https:\/\/editorialmediterrania.com\/en\/","name":"Editorial Mediterrania","description":"Llibres que t\u2019obriran nous mons","publisher":{"@id":"https:\/\/editorialmediterrania.com\/en\/#organization"},"alternateName":"Llibres infantils d'art, cultura i natura","potentialAction":[{"@type":"SearchAction","target":{"@type":"EntryPoint","urlTemplate":"https:\/\/editorialmediterrania.com\/en\/?s={search_term_string}"},"query-input":"required name=search_term_string"}],"inLanguage":"en-US"},{"@type":"Organization","@id":"https:\/\/editorialmediterrania.com\/en\/#organization","name":"Editorial Mediterrania","alternateName":"Llibres d'art, cultura i natura per infants i fam\u00edlies","url":"https:\/\/editorialmediterrania.com\/en\/","logo":{"@type":"ImageObject","inLanguage":"en-US","@id":"https:\/\/editorialmediterrania.com\/en\/#\/schema\/logo\/image\/","url":"https:\/\/editorialmediterrania.com\/wp-content\/uploads\/2023\/03\/LOGO-ED_MEDITERRANIA_OK-2.png","contentUrl":"https:\/\/editorialmediterrania.com\/wp-content\/uploads\/2023\/03\/LOGO-ED_MEDITERRANIA_OK-2.png","width":1200,"height":300,"caption":"Editorial Mediterrania"},"image":{"@id":"https:\/\/editorialmediterrania.com\/en\/#\/schema\/logo\/image\/"},"sameAs":["https:\/\/x.com\/edmediterrania","https:\/\/www.instagram.com\/editorialmediterrania\/"]}]}},"_links":{"self":[{"href":"https:\/\/editorialmediterrania.com\/en\/wp-json\/wp\/v2\/product\/48297","targetHints":{"allow":["GET"]}}],"collection":[{"href":"https:\/\/editorialmediterrania.com\/en\/wp-json\/wp\/v2\/product"}],"about":[{"href":"https:\/\/editorialmediterrania.com\/en\/wp-json\/wp\/v2\/types\/product"}],"wp:featuredmedia":[{"embeddable":true,"href":"https:\/\/editorialmediterrania.com\/en\/wp-json\/wp\/v2\/media\/48298"}],"wp:attachment":[{"href":"https:\/\/editorialmediterrania.com\/en\/wp-json\/wp\/v2\/media?parent=48297"}],"wp:term":[{"taxonomy":"product_cat","embeddable":true,"href":"https:\/\/editorialmediterrania.com\/en\/wp-json\/wp\/v2\/product_cat?post=48297"},{"taxonomy":"product_tag","embeddable":true,"href":"https:\/\/editorialmediterrania.com\/en\/wp-json\/wp\/v2\/product_tag?post=48297"},{"taxonomy":"autors","embeddable":true,"href":"https:\/\/editorialmediterrania.com\/en\/wp-json\/wp\/v2\/autors?post=48297"}],"curies":[{"name":"wp","href":"https:\/\/api.w.org\/{rel}","templated":true}]}}