{"id":48707,"date":"2026-02-20T10:17:42","date_gmt":"2026-02-20T09:17:42","guid":{"rendered":"https:\/\/editorialmediterrania.com\/producte\/agenda-barcelona-2027\/"},"modified":"2026-03-06T13:17:51","modified_gmt":"2026-03-06T12:17:51","slug":"barcelona-2027-diary","status":"publish","type":"product","link":"https:\/\/editorialmediterrania.com\/en\/product\/barcelona-2027-diary\/","title":{"rendered":"Barcelona 2027 Diary"},"content":{"rendered":"<p data-start=\"91\" data-end=\"331\"><strong data-start=\"91\" data-end=\"135\">With illustrations by Jordi Vila Delcl\u00f2s<\/strong><br \/>\n<strong>The illustrated weekly diary, full of appointments and corners of Barcelona to discover!<\/strong><br \/>\nThe <em>Barcelona 2027 Diary <\/em>by Editorial Mediterr\u00e0nia is now available, a lively journey through the most evocative landscapes and the most surprising corners, ideal for getting lost in Barcelona.<br data-start=\"135\" data-end=\"138\" \/>In addition to full-color illustrations, the diary includes fragments of literary works and phrases from artists of all kinds that refer to the city: from Eduardo Mendoza to Mario Vargas Llosa, from Albert S\u00e1nchez Pi\u00f1ol to Rodrigo Fres\u00e1n, from Gabriel Garc\u00eda M\u00e1rquez to Montserrat Roig.<\/p>\n<p><strong>Key features of the diary<\/strong><\/p>\n<ul>\n<li>14th edition of the Barcelona diary which has already sold more than 40,000 copies.<\/li>\n<li data-start=\"91\" data-end=\"331\">Diary in Catalan and English with elastic closure and ribbon bookmark.<\/li>\n<li data-start=\"91\" data-end=\"331\">Jordi Vila Delcl\u00f2s is a well-known author who is highly appreciated by readers and booksellers.<\/li>\n<\/ul>\n","protected":false},"excerpt":{"rendered":"<p>An illustrated weekly diary, filled with inspiring quotes and surprising places to explore.<\/p>\n","protected":false},"featured_media":48710,"template":"","meta":[],"product_cat":[6550,31,3349,4579],"product_tag":[],"autors":[],"class_list":{"0":"post-48707","1":"product","2":"type-product","3":"status-publish","4":"has-post-thumbnail","6":"product_cat-gaudi","7":"product_cat-editorial-mediterrania","8":"product_cat-mediterrania-productes","9":"product_cat-products","11":"first","12":"instock","13":"taxable","14":"shipping-taxable","15":"purchasable","16":"product-type-simple","swatches":"rey-swatches","show_selected":""},"acf":[],"yoast_head":"<!-- This site is optimized with the Yoast SEO plugin v22.8 - https:\/\/yoast.com\/wordpress\/plugins\/seo\/ -->\n<title>Barcelona 2027 Diary - Editorial Mediterr\u00e0nia<\/title>\n<meta name=\"description\" content=\"Barcelona Diary 2027, the only illustrated Barcelona diary featuring quotes and illustrations of the city. Limited edition!\" \/>\n<meta name=\"robots\" content=\"index, follow, max-snippet:-1, max-image-preview:large, max-video-preview:-1\" \/>\n<link rel=\"canonical\" href=\"https:\/\/editorialmediterrania.com\/en\/product\/barcelona-2027-diary\/\" \/>\n<meta property=\"og:locale\" content=\"en_US\" \/>\n<meta property=\"og:type\" content=\"article\" \/>\n<meta property=\"og:title\" content=\"Barcelona 2027 Diary - Editorial Mediterr\u00e0nia\" \/>\n<meta property=\"og:description\" content=\"Barcelona Diary 2027, the only illustrated Barcelona diary featuring quotes and illustrations of the city. Limited edition!\" \/>\n<meta property=\"og:url\" content=\"https:\/\/editorialmediterrania.com\/en\/product\/barcelona-2027-diary\/\" \/>\n<meta property=\"og:site_name\" content=\"Editorial Mediterr\u00e0nia\" \/>\n<meta property=\"article:modified_time\" content=\"2026-03-06T12:17:51+00:00\" \/>\n<meta property=\"og:image\" content=\"https:\/\/editorialmediterrania.com\/wp-content\/uploads\/2026\/02\/Portada-agenda-2027-780x1024.png\" \/>\n\t<meta property=\"og:image:width\" content=\"780\" \/>\n\t<meta property=\"og:image:height\" content=\"1024\" \/>\n\t<meta property=\"og:image:type\" content=\"image\/png\" \/>\n<meta name=\"twitter:card\" content=\"summary_large_image\" \/>\n<meta name=\"twitter:site\" content=\"@edmediterrania\" \/>\n<meta name=\"twitter:label1\" content=\"Est. reading time\" \/>\n\t<meta name=\"twitter:data1\" content=\"1 minute\" \/>\n<script type=\"application\/ld+json\" class=\"yoast-schema-graph\">{\"@context\":\"https:\/\/schema.org\",\"@graph\":[{\"@type\":\"WebPage\",\"@id\":\"https:\/\/editorialmediterrania.com\/en\/product\/barcelona-2027-diary\/\",\"url\":\"https:\/\/editorialmediterrania.com\/en\/product\/barcelona-2027-diary\/\",\"name\":\"Barcelona 2027 Diary - Editorial Mediterr\u00e0nia\",\"isPartOf\":{\"@id\":\"https:\/\/editorialmediterrania.com\/en\/#website\"},\"primaryImageOfPage\":{\"@id\":\"https:\/\/editorialmediterrania.com\/en\/product\/barcelona-2027-diary\/#primaryimage\"},\"image\":{\"@id\":\"https:\/\/editorialmediterrania.com\/en\/product\/barcelona-2027-diary\/#primaryimage\"},\"thumbnailUrl\":\"https:\/\/editorialmediterrania.com\/wp-content\/uploads\/2026\/02\/Portada-agenda-2027.png\",\"datePublished\":\"2026-02-20T09:17:42+00:00\",\"dateModified\":\"2026-03-06T12:17:51+00:00\",\"description\":\"Barcelona Diary 2027, the only illustrated Barcelona diary featuring quotes and illustrations of the city. Limited edition!\",\"breadcrumb\":{\"@id\":\"https:\/\/editorialmediterrania.com\/en\/product\/barcelona-2027-diary\/#breadcrumb\"},\"inLanguage\":\"en-US\",\"potentialAction\":[{\"@type\":\"ReadAction\",\"target\":[\"https:\/\/editorialmediterrania.com\/en\/product\/barcelona-2027-diary\/\"]}]},{\"@type\":\"ImageObject\",\"inLanguage\":\"en-US\",\"@id\":\"https:\/\/editorialmediterrania.com\/en\/product\/barcelona-2027-diary\/#primaryimage\",\"url\":\"https:\/\/editorialmediterrania.com\/wp-content\/uploads\/2026\/02\/Portada-agenda-2027.png\",\"contentUrl\":\"https:\/\/editorialmediterrania.com\/wp-content\/uploads\/2026\/02\/Portada-agenda-2027.png\",\"width\":1524,\"height\":2000},{\"@type\":\"BreadcrumbList\",\"@id\":\"https:\/\/editorialmediterrania.com\/en\/product\/barcelona-2027-diary\/#breadcrumb\",\"itemListElement\":[{\"@type\":\"ListItem\",\"position\":1,\"name\":\"Children&#8217;s art book store\",\"item\":\"https:\/\/editorialmediterrania.com\/en\/childrens-art-book-store\/\"},{\"@type\":\"ListItem\",\"position\":2,\"name\":\"Barcelona 2027 Diary\"}]},{\"@type\":\"WebSite\",\"@id\":\"https:\/\/editorialmediterrania.com\/en\/#website\",\"url\":\"https:\/\/editorialmediterrania.com\/en\/\",\"name\":\"Editorial Mediterrania\",\"description\":\"Llibres que t\u2019obriran nous mons\",\"publisher\":{\"@id\":\"https:\/\/editorialmediterrania.com\/en\/#organization\"},\"alternateName\":\"Llibres infantils d'art, cultura i natura\",\"potentialAction\":[{\"@type\":\"SearchAction\",\"target\":{\"@type\":\"EntryPoint\",\"urlTemplate\":\"https:\/\/editorialmediterrania.com\/en\/?s={search_term_string}\"},\"query-input\":\"required name=search_term_string\"}],\"inLanguage\":\"en-US\"},{\"@type\":\"Organization\",\"@id\":\"https:\/\/editorialmediterrania.com\/en\/#organization\",\"name\":\"Editorial Mediterrania\",\"alternateName\":\"Llibres d'art, cultura i natura per infants i fam\u00edlies\",\"url\":\"https:\/\/editorialmediterrania.com\/en\/\",\"logo\":{\"@type\":\"ImageObject\",\"inLanguage\":\"en-US\",\"@id\":\"https:\/\/editorialmediterrania.com\/en\/#\/schema\/logo\/image\/\",\"url\":\"https:\/\/editorialmediterrania.com\/wp-content\/uploads\/2023\/03\/LOGO-ED_MEDITERRANIA_OK-2.png\",\"contentUrl\":\"https:\/\/editorialmediterrania.com\/wp-content\/uploads\/2023\/03\/LOGO-ED_MEDITERRANIA_OK-2.png\",\"width\":1200,\"height\":300,\"caption\":\"Editorial Mediterrania\"},\"image\":{\"@id\":\"https:\/\/editorialmediterrania.com\/en\/#\/schema\/logo\/image\/\"},\"sameAs\":[\"https:\/\/x.com\/edmediterrania\",\"https:\/\/www.instagram.com\/editorialmediterrania\/\"]}]}<\/script>\n<!-- \/ Yoast SEO plugin. -->","yoast_head_json":{"title":"Barcelona 2027 Diary - Editorial Mediterr\u00e0nia","description":"Barcelona Diary 2027, the only illustrated Barcelona diary featuring quotes and illustrations of the city. Limited edition!","robots":{"index":"index","follow":"follow","max-snippet":"max-snippet:-1","max-image-preview":"max-image-preview:large","max-video-preview":"max-video-preview:-1"},"canonical":"https:\/\/editorialmediterrania.com\/en\/product\/barcelona-2027-diary\/","og_locale":"en_US","og_type":"article","og_title":"Barcelona 2027 Diary - Editorial Mediterr\u00e0nia","og_description":"Barcelona Diary 2027, the only illustrated Barcelona diary featuring quotes and illustrations of the city. Limited edition!","og_url":"https:\/\/editorialmediterrania.com\/en\/product\/barcelona-2027-diary\/","og_site_name":"Editorial Mediterr\u00e0nia","article_modified_time":"2026-03-06T12:17:51+00:00","og_image":[{"width":780,"height":1024,"url":"https:\/\/editorialmediterrania.com\/wp-content\/uploads\/2026\/02\/Portada-agenda-2027-780x1024.png","type":"image\/png"}],"twitter_card":"summary_large_image","twitter_site":"@edmediterrania","twitter_misc":{"Est. reading time":"1 minute"},"schema":{"@context":"https:\/\/schema.org","@graph":[{"@type":"WebPage","@id":"https:\/\/editorialmediterrania.com\/en\/product\/barcelona-2027-diary\/","url":"https:\/\/editorialmediterrania.com\/en\/product\/barcelona-2027-diary\/","name":"Barcelona 2027 Diary - Editorial Mediterr\u00e0nia","isPartOf":{"@id":"https:\/\/editorialmediterrania.com\/en\/#website"},"primaryImageOfPage":{"@id":"https:\/\/editorialmediterrania.com\/en\/product\/barcelona-2027-diary\/#primaryimage"},"image":{"@id":"https:\/\/editorialmediterrania.com\/en\/product\/barcelona-2027-diary\/#primaryimage"},"thumbnailUrl":"https:\/\/editorialmediterrania.com\/wp-content\/uploads\/2026\/02\/Portada-agenda-2027.png","datePublished":"2026-02-20T09:17:42+00:00","dateModified":"2026-03-06T12:17:51+00:00","description":"Barcelona Diary 2027, the only illustrated Barcelona diary featuring quotes and illustrations of the city. Limited edition!","breadcrumb":{"@id":"https:\/\/editorialmediterrania.com\/en\/product\/barcelona-2027-diary\/#breadcrumb"},"inLanguage":"en-US","potentialAction":[{"@type":"ReadAction","target":["https:\/\/editorialmediterrania.com\/en\/product\/barcelona-2027-diary\/"]}]},{"@type":"ImageObject","inLanguage":"en-US","@id":"https:\/\/editorialmediterrania.com\/en\/product\/barcelona-2027-diary\/#primaryimage","url":"https:\/\/editorialmediterrania.com\/wp-content\/uploads\/2026\/02\/Portada-agenda-2027.png","contentUrl":"https:\/\/editorialmediterrania.com\/wp-content\/uploads\/2026\/02\/Portada-agenda-2027.png","width":1524,"height":2000},{"@type":"BreadcrumbList","@id":"https:\/\/editorialmediterrania.com\/en\/product\/barcelona-2027-diary\/#breadcrumb","itemListElement":[{"@type":"ListItem","position":1,"name":"Children&#8217;s art book store","item":"https:\/\/editorialmediterrania.com\/en\/childrens-art-book-store\/"},{"@type":"ListItem","position":2,"name":"Barcelona 2027 Diary"}]},{"@type":"WebSite","@id":"https:\/\/editorialmediterrania.com\/en\/#website","url":"https:\/\/editorialmediterrania.com\/en\/","name":"Editorial Mediterrania","description":"Llibres que t\u2019obriran nous mons","publisher":{"@id":"https:\/\/editorialmediterrania.com\/en\/#organization"},"alternateName":"Llibres infantils d'art, cultura i natura","potentialAction":[{"@type":"SearchAction","target":{"@type":"EntryPoint","urlTemplate":"https:\/\/editorialmediterrania.com\/en\/?s={search_term_string}"},"query-input":"required name=search_term_string"}],"inLanguage":"en-US"},{"@type":"Organization","@id":"https:\/\/editorialmediterrania.com\/en\/#organization","name":"Editorial Mediterrania","alternateName":"Llibres d'art, cultura i natura per infants i fam\u00edlies","url":"https:\/\/editorialmediterrania.com\/en\/","logo":{"@type":"ImageObject","inLanguage":"en-US","@id":"https:\/\/editorialmediterrania.com\/en\/#\/schema\/logo\/image\/","url":"https:\/\/editorialmediterrania.com\/wp-content\/uploads\/2023\/03\/LOGO-ED_MEDITERRANIA_OK-2.png","contentUrl":"https:\/\/editorialmediterrania.com\/wp-content\/uploads\/2023\/03\/LOGO-ED_MEDITERRANIA_OK-2.png","width":1200,"height":300,"caption":"Editorial Mediterrania"},"image":{"@id":"https:\/\/editorialmediterrania.com\/en\/#\/schema\/logo\/image\/"},"sameAs":["https:\/\/x.com\/edmediterrania","https:\/\/www.instagram.com\/editorialmediterrania\/"]}]}},"_links":{"self":[{"href":"https:\/\/editorialmediterrania.com\/en\/wp-json\/wp\/v2\/product\/48707","targetHints":{"allow":["GET"]}}],"collection":[{"href":"https:\/\/editorialmediterrania.com\/en\/wp-json\/wp\/v2\/product"}],"about":[{"href":"https:\/\/editorialmediterrania.com\/en\/wp-json\/wp\/v2\/types\/product"}],"wp:featuredmedia":[{"embeddable":true,"href":"https:\/\/editorialmediterrania.com\/en\/wp-json\/wp\/v2\/media\/48710"}],"wp:attachment":[{"href":"https:\/\/editorialmediterrania.com\/en\/wp-json\/wp\/v2\/media?parent=48707"}],"wp:term":[{"taxonomy":"product_cat","embeddable":true,"href":"https:\/\/editorialmediterrania.com\/en\/wp-json\/wp\/v2\/product_cat?post=48707"},{"taxonomy":"product_tag","embeddable":true,"href":"https:\/\/editorialmediterrania.com\/en\/wp-json\/wp\/v2\/product_tag?post=48707"},{"taxonomy":"autors","embeddable":true,"href":"https:\/\/editorialmediterrania.com\/en\/wp-json\/wp\/v2\/autors?post=48707"}],"curies":[{"name":"wp","href":"https:\/\/api.w.org\/{rel}","templated":true}]}}