{"id":4902,"date":"2012-11-19T08:47:18","date_gmt":"2012-11-19T07:47:18","guid":{"rendered":"http:\/\/editorialmediterraneatest.grupoormo.com\/product\/producto\/criptograma-de-la-facana-de-la-passio-de-la-sagrada-familia-2\/"},"modified":"2015-07-28T19:00:00","modified_gmt":"2015-07-28T17:00:00","slug":"criptograma-de-la-facana-de-la-passio-de-la-sagrada-familia","status":"publish","type":"product","link":"https:\/\/editorialmediterrania.com\/en\/product\/criptograma-de-la-facana-de-la-passio-de-la-sagrada-familia\/","title":{"rendered":"Cryptogram"},"content":{"rendered":"<p>Passion Fa\u00e7ade. Sagrada Familia.<\/p>\n","protected":false},"excerpt":{"rendered":"<p>L\u00e0mina<\/p>\n","protected":false},"featured_media":20239,"template":"","meta":[],"product_cat":[314],"product_tag":[2461,4190],"autors":[],"class_list":{"0":"post-4902","1":"product","2":"type-product","3":"status-publish","4":"has-post-thumbnail","6":"product_cat-sheets","7":"product_tag-lamines-en","8":"product_tag-subirachs-en","10":"first","11":"instock","12":"taxable","13":"shipping-taxable","14":"purchasable","15":"product-type-simple","swatches":"rey-swatches","show_selected":""},"acf":[],"yoast_head":"<!-- This site is optimized with the Yoast SEO plugin v22.8 - https:\/\/yoast.com\/wordpress\/plugins\/seo\/ -->\n<title>Criptograma Fa\u00e7ana Passi\u00f3 Sagrada Fam\u00edlia - Editorial Mediterrania<\/title>\n<meta name=\"description\" content=\"L\u00e0mina del Criptograma de la Fa\u00e7ana de la Passi\u00f3 de la Sagrada Fam\u00edlia de Josep M. Subirachs\" \/>\n<meta name=\"robots\" content=\"index, follow, max-snippet:-1, max-image-preview:large, max-video-preview:-1\" \/>\n<link rel=\"canonical\" href=\"https:\/\/editorialmediterrania.com\/en\/product\/criptograma-de-la-facana-de-la-passio-de-la-sagrada-familia\/\" \/>\n<meta property=\"og:locale\" content=\"en_US\" \/>\n<meta property=\"og:type\" content=\"article\" \/>\n<meta property=\"og:title\" content=\"Criptograma Fa\u00e7ana Passi\u00f3 Sagrada Fam\u00edlia - Editorial Mediterrania\" \/>\n<meta property=\"og:description\" content=\"L\u00e0mina del Criptograma de la Fa\u00e7ana de la Passi\u00f3 de la Sagrada Fam\u00edlia de Josep M. Subirachs\" \/>\n<meta property=\"og:url\" content=\"https:\/\/editorialmediterrania.com\/en\/product\/criptograma-de-la-facana-de-la-passio-de-la-sagrada-familia\/\" \/>\n<meta property=\"og:site_name\" content=\"Editorial Mediterr\u00e0nia\" \/>\n<meta property=\"article:modified_time\" content=\"2015-07-28T17:00:00+00:00\" \/>\n<meta property=\"og:image\" content=\"https:\/\/editorialmediterrania.com\/wp-content\/uploads\/2012\/11\/Criptograma-de-Subirachs.jpg\" \/>\n\t<meta property=\"og:image:width\" content=\"600\" \/>\n\t<meta property=\"og:image:height\" content=\"837\" \/>\n\t<meta property=\"og:image:type\" content=\"image\/jpeg\" \/>\n<meta name=\"twitter:card\" content=\"summary_large_image\" \/>\n<meta name=\"twitter:site\" content=\"@edmediterrania\" \/>\n<script type=\"application\/ld+json\" class=\"yoast-schema-graph\">{\"@context\":\"https:\/\/schema.org\",\"@graph\":[{\"@type\":\"WebPage\",\"@id\":\"https:\/\/editorialmediterrania.com\/en\/product\/criptograma-de-la-facana-de-la-passio-de-la-sagrada-familia\/\",\"url\":\"https:\/\/editorialmediterrania.com\/en\/product\/criptograma-de-la-facana-de-la-passio-de-la-sagrada-familia\/\",\"name\":\"Criptograma Fa\u00e7ana Passi\u00f3 Sagrada Fam\u00edlia - Editorial Mediterrania\",\"isPartOf\":{\"@id\":\"https:\/\/editorialmediterrania.com\/en\/#website\"},\"primaryImageOfPage\":{\"@id\":\"https:\/\/editorialmediterrania.com\/en\/product\/criptograma-de-la-facana-de-la-passio-de-la-sagrada-familia\/#primaryimage\"},\"image\":{\"@id\":\"https:\/\/editorialmediterrania.com\/en\/product\/criptograma-de-la-facana-de-la-passio-de-la-sagrada-familia\/#primaryimage\"},\"thumbnailUrl\":\"https:\/\/editorialmediterrania.com\/wp-content\/uploads\/2012\/11\/Criptograma-de-Subirachs.jpg\",\"datePublished\":\"2012-11-19T07:47:18+00:00\",\"dateModified\":\"2015-07-28T17:00:00+00:00\",\"description\":\"L\u00e0mina del Criptograma de la Fa\u00e7ana de la Passi\u00f3 de la Sagrada Fam\u00edlia de Josep M. Subirachs\",\"breadcrumb\":{\"@id\":\"https:\/\/editorialmediterrania.com\/en\/product\/criptograma-de-la-facana-de-la-passio-de-la-sagrada-familia\/#breadcrumb\"},\"inLanguage\":\"en-US\",\"potentialAction\":[{\"@type\":\"ReadAction\",\"target\":[\"https:\/\/editorialmediterrania.com\/en\/product\/criptograma-de-la-facana-de-la-passio-de-la-sagrada-familia\/\"]}]},{\"@type\":\"ImageObject\",\"inLanguage\":\"en-US\",\"@id\":\"https:\/\/editorialmediterrania.com\/en\/product\/criptograma-de-la-facana-de-la-passio-de-la-sagrada-familia\/#primaryimage\",\"url\":\"https:\/\/editorialmediterrania.com\/wp-content\/uploads\/2012\/11\/Criptograma-de-Subirachs.jpg\",\"contentUrl\":\"https:\/\/editorialmediterrania.com\/wp-content\/uploads\/2012\/11\/Criptograma-de-Subirachs.jpg\",\"width\":600,\"height\":837},{\"@type\":\"BreadcrumbList\",\"@id\":\"https:\/\/editorialmediterrania.com\/en\/product\/criptograma-de-la-facana-de-la-passio-de-la-sagrada-familia\/#breadcrumb\",\"itemListElement\":[{\"@type\":\"ListItem\",\"position\":1,\"name\":\"Children&#8217;s art book store\",\"item\":\"https:\/\/editorialmediterrania.com\/en\/childrens-art-book-store\/\"},{\"@type\":\"ListItem\",\"position\":2,\"name\":\"Cryptogram\"}]},{\"@type\":\"WebSite\",\"@id\":\"https:\/\/editorialmediterrania.com\/en\/#website\",\"url\":\"https:\/\/editorialmediterrania.com\/en\/\",\"name\":\"Editorial Mediterrania\",\"description\":\"Llibres que t\u2019obriran nous mons\",\"publisher\":{\"@id\":\"https:\/\/editorialmediterrania.com\/en\/#organization\"},\"alternateName\":\"Llibres infantils d'art, cultura i natura\",\"potentialAction\":[{\"@type\":\"SearchAction\",\"target\":{\"@type\":\"EntryPoint\",\"urlTemplate\":\"https:\/\/editorialmediterrania.com\/en\/?s={search_term_string}\"},\"query-input\":\"required name=search_term_string\"}],\"inLanguage\":\"en-US\"},{\"@type\":\"Organization\",\"@id\":\"https:\/\/editorialmediterrania.com\/en\/#organization\",\"name\":\"Editorial Mediterrania\",\"alternateName\":\"Llibres d'art, cultura i natura per infants i fam\u00edlies\",\"url\":\"https:\/\/editorialmediterrania.com\/en\/\",\"logo\":{\"@type\":\"ImageObject\",\"inLanguage\":\"en-US\",\"@id\":\"https:\/\/editorialmediterrania.com\/en\/#\/schema\/logo\/image\/\",\"url\":\"https:\/\/editorialmediterrania.com\/wp-content\/uploads\/2023\/03\/LOGO-ED_MEDITERRANIA_OK-2.png\",\"contentUrl\":\"https:\/\/editorialmediterrania.com\/wp-content\/uploads\/2023\/03\/LOGO-ED_MEDITERRANIA_OK-2.png\",\"width\":1200,\"height\":300,\"caption\":\"Editorial Mediterrania\"},\"image\":{\"@id\":\"https:\/\/editorialmediterrania.com\/en\/#\/schema\/logo\/image\/\"},\"sameAs\":[\"https:\/\/x.com\/edmediterrania\",\"https:\/\/www.instagram.com\/editorialmediterrania\/\"]}]}<\/script>\n<!-- \/ Yoast SEO plugin. -->","yoast_head_json":{"title":"Criptograma Fa\u00e7ana Passi\u00f3 Sagrada Fam\u00edlia - Editorial Mediterrania","description":"L\u00e0mina del Criptograma de la Fa\u00e7ana de la Passi\u00f3 de la Sagrada Fam\u00edlia de Josep M. Subirachs","robots":{"index":"index","follow":"follow","max-snippet":"max-snippet:-1","max-image-preview":"max-image-preview:large","max-video-preview":"max-video-preview:-1"},"canonical":"https:\/\/editorialmediterrania.com\/en\/product\/criptograma-de-la-facana-de-la-passio-de-la-sagrada-familia\/","og_locale":"en_US","og_type":"article","og_title":"Criptograma Fa\u00e7ana Passi\u00f3 Sagrada Fam\u00edlia - Editorial Mediterrania","og_description":"L\u00e0mina del Criptograma de la Fa\u00e7ana de la Passi\u00f3 de la Sagrada Fam\u00edlia de Josep M. Subirachs","og_url":"https:\/\/editorialmediterrania.com\/en\/product\/criptograma-de-la-facana-de-la-passio-de-la-sagrada-familia\/","og_site_name":"Editorial Mediterr\u00e0nia","article_modified_time":"2015-07-28T17:00:00+00:00","og_image":[{"width":600,"height":837,"url":"https:\/\/editorialmediterrania.com\/wp-content\/uploads\/2012\/11\/Criptograma-de-Subirachs.jpg","type":"image\/jpeg"}],"twitter_card":"summary_large_image","twitter_site":"@edmediterrania","schema":{"@context":"https:\/\/schema.org","@graph":[{"@type":"WebPage","@id":"https:\/\/editorialmediterrania.com\/en\/product\/criptograma-de-la-facana-de-la-passio-de-la-sagrada-familia\/","url":"https:\/\/editorialmediterrania.com\/en\/product\/criptograma-de-la-facana-de-la-passio-de-la-sagrada-familia\/","name":"Criptograma Fa\u00e7ana Passi\u00f3 Sagrada Fam\u00edlia - Editorial Mediterrania","isPartOf":{"@id":"https:\/\/editorialmediterrania.com\/en\/#website"},"primaryImageOfPage":{"@id":"https:\/\/editorialmediterrania.com\/en\/product\/criptograma-de-la-facana-de-la-passio-de-la-sagrada-familia\/#primaryimage"},"image":{"@id":"https:\/\/editorialmediterrania.com\/en\/product\/criptograma-de-la-facana-de-la-passio-de-la-sagrada-familia\/#primaryimage"},"thumbnailUrl":"https:\/\/editorialmediterrania.com\/wp-content\/uploads\/2012\/11\/Criptograma-de-Subirachs.jpg","datePublished":"2012-11-19T07:47:18+00:00","dateModified":"2015-07-28T17:00:00+00:00","description":"L\u00e0mina del Criptograma de la Fa\u00e7ana de la Passi\u00f3 de la Sagrada Fam\u00edlia de Josep M. Subirachs","breadcrumb":{"@id":"https:\/\/editorialmediterrania.com\/en\/product\/criptograma-de-la-facana-de-la-passio-de-la-sagrada-familia\/#breadcrumb"},"inLanguage":"en-US","potentialAction":[{"@type":"ReadAction","target":["https:\/\/editorialmediterrania.com\/en\/product\/criptograma-de-la-facana-de-la-passio-de-la-sagrada-familia\/"]}]},{"@type":"ImageObject","inLanguage":"en-US","@id":"https:\/\/editorialmediterrania.com\/en\/product\/criptograma-de-la-facana-de-la-passio-de-la-sagrada-familia\/#primaryimage","url":"https:\/\/editorialmediterrania.com\/wp-content\/uploads\/2012\/11\/Criptograma-de-Subirachs.jpg","contentUrl":"https:\/\/editorialmediterrania.com\/wp-content\/uploads\/2012\/11\/Criptograma-de-Subirachs.jpg","width":600,"height":837},{"@type":"BreadcrumbList","@id":"https:\/\/editorialmediterrania.com\/en\/product\/criptograma-de-la-facana-de-la-passio-de-la-sagrada-familia\/#breadcrumb","itemListElement":[{"@type":"ListItem","position":1,"name":"Children&#8217;s art book store","item":"https:\/\/editorialmediterrania.com\/en\/childrens-art-book-store\/"},{"@type":"ListItem","position":2,"name":"Cryptogram"}]},{"@type":"WebSite","@id":"https:\/\/editorialmediterrania.com\/en\/#website","url":"https:\/\/editorialmediterrania.com\/en\/","name":"Editorial Mediterrania","description":"Llibres que t\u2019obriran nous mons","publisher":{"@id":"https:\/\/editorialmediterrania.com\/en\/#organization"},"alternateName":"Llibres infantils d'art, cultura i natura","potentialAction":[{"@type":"SearchAction","target":{"@type":"EntryPoint","urlTemplate":"https:\/\/editorialmediterrania.com\/en\/?s={search_term_string}"},"query-input":"required name=search_term_string"}],"inLanguage":"en-US"},{"@type":"Organization","@id":"https:\/\/editorialmediterrania.com\/en\/#organization","name":"Editorial Mediterrania","alternateName":"Llibres d'art, cultura i natura per infants i fam\u00edlies","url":"https:\/\/editorialmediterrania.com\/en\/","logo":{"@type":"ImageObject","inLanguage":"en-US","@id":"https:\/\/editorialmediterrania.com\/en\/#\/schema\/logo\/image\/","url":"https:\/\/editorialmediterrania.com\/wp-content\/uploads\/2023\/03\/LOGO-ED_MEDITERRANIA_OK-2.png","contentUrl":"https:\/\/editorialmediterrania.com\/wp-content\/uploads\/2023\/03\/LOGO-ED_MEDITERRANIA_OK-2.png","width":1200,"height":300,"caption":"Editorial Mediterrania"},"image":{"@id":"https:\/\/editorialmediterrania.com\/en\/#\/schema\/logo\/image\/"},"sameAs":["https:\/\/x.com\/edmediterrania","https:\/\/www.instagram.com\/editorialmediterrania\/"]}]}},"_links":{"self":[{"href":"https:\/\/editorialmediterrania.com\/en\/wp-json\/wp\/v2\/product\/4902","targetHints":{"allow":["GET"]}}],"collection":[{"href":"https:\/\/editorialmediterrania.com\/en\/wp-json\/wp\/v2\/product"}],"about":[{"href":"https:\/\/editorialmediterrania.com\/en\/wp-json\/wp\/v2\/types\/product"}],"wp:featuredmedia":[{"embeddable":true,"href":"https:\/\/editorialmediterrania.com\/en\/wp-json\/wp\/v2\/media\/20239"}],"wp:attachment":[{"href":"https:\/\/editorialmediterrania.com\/en\/wp-json\/wp\/v2\/media?parent=4902"}],"wp:term":[{"taxonomy":"product_cat","embeddable":true,"href":"https:\/\/editorialmediterrania.com\/en\/wp-json\/wp\/v2\/product_cat?post=4902"},{"taxonomy":"product_tag","embeddable":true,"href":"https:\/\/editorialmediterrania.com\/en\/wp-json\/wp\/v2\/product_tag?post=4902"},{"taxonomy":"autors","embeddable":true,"href":"https:\/\/editorialmediterrania.com\/en\/wp-json\/wp\/v2\/autors?post=4902"}],"curies":[{"name":"wp","href":"https:\/\/api.w.org\/{rel}","templated":true}]}}