{"id":4944,"date":"2012-11-29T17:35:20","date_gmt":"2012-11-29T16:35:20","guid":{"rendered":"http:\/\/editorialmediterraneatest.grupoormo.com\/product\/producto\/petita-historia-de-la-casa-batllo-2\/"},"modified":"2019-07-03T13:37:12","modified_gmt":"2019-07-03T11:37:12","slug":"little-story-of-casa-batllo","status":"publish","type":"product","link":"https:\/\/editorialmediterrania.com\/en\/product\/little-story-of-casa-batllo\/","title":{"rendered":"Little Story of the Casa Batll\u00f3"},"content":{"rendered":"<p style=\"text-align: justify;\">This Little Story, written by Bel Olid, accompanied by illustrations by Pilar\u00edn Bay\u00e9s, delves into the history and the interiors of one of the most emblematic, admired and visited buildings in Barcelona. To be precise, Guida, the tale\u2019s protagonist, takes a guided tour and discovers that the building constructed in 1877 was not transformed until the Batll\u00f3-God\u00f3 family commissioned the renovations to Antoni Gaud\u00ed, thus converting it into the renowned work we know today.<\/p>\n<p lang=\"es-ES\" align=\"left\"><span style=\"color: #000000; font-family: 'Times New Roman', serif; font-size: medium;\">\u00a0<\/span><\/p>\n","protected":false},"excerpt":{"rendered":"<p>This Little Story, written by Bel Olid, accompanied by illustrations by Pilar\u00edn Bay\u00e9s, delves into the history and the interiors of one of the most emblematic, admired and visited buildings in Barcelona. To be precise, Guida, the tale\u2019s protagonist, takes a guided tour and discovers that the building constructed in 1877 was not transformed until [&hellip;]<\/p>\n","protected":false},"featured_media":18459,"template":"","meta":[],"product_cat":[6550,31,161],"product_tag":[1123,1969,1294],"autors":[],"class_list":{"0":"post-4944","1":"product","2":"type-product","3":"status-publish","4":"has-post-thumbnail","6":"product_cat-gaudi","7":"product_cat-editorial-mediterrania","8":"product_cat-little-stories","9":"product_tag-infant-book","10":"product_tag-little-histories","11":"product_tag-pilarin-bayes-en","13":"first","14":"instock","15":"purchasable","16":"product-type-variable","swatches":"rey-swatches","show_selected":""},"acf":[],"yoast_head":"<!-- This site is optimized with the Yoast SEO plugin v22.8 - https:\/\/yoast.com\/wordpress\/plugins\/seo\/ -->\n<title>Little Story of Casa Batll\u00f3 - Editorial Mediterrania<\/title>\n<meta name=\"description\" content=\"History of Antoni Gaud\u00ed&#039;s Casa Batll\u00f3, aimed at 8-12 year-old children.\" \/>\n<meta name=\"robots\" content=\"index, follow, max-snippet:-1, max-image-preview:large, max-video-preview:-1\" \/>\n<link rel=\"canonical\" href=\"https:\/\/editorialmediterrania.com\/en\/product\/little-story-of-casa-batllo\/\" \/>\n<meta property=\"og:locale\" content=\"en_US\" \/>\n<meta property=\"og:type\" content=\"article\" \/>\n<meta property=\"og:title\" content=\"Little Story of Casa Batll\u00f3 - Editorial Mediterrania\" \/>\n<meta property=\"og:description\" content=\"History of Antoni Gaud\u00ed&#039;s Casa Batll\u00f3, aimed at 8-12 year-old children.\" \/>\n<meta property=\"og:url\" content=\"https:\/\/editorialmediterrania.com\/en\/product\/little-story-of-casa-batllo\/\" \/>\n<meta property=\"og:site_name\" content=\"Editorial Mediterr\u00e0nia\" \/>\n<meta property=\"article:modified_time\" content=\"2019-07-03T11:37:12+00:00\" \/>\n<meta property=\"og:image\" content=\"https:\/\/editorialmediterrania.com\/wp-content\/uploads\/2012\/11\/Petita-Historia_Casa-Batllo.jpg\" \/>\n\t<meta property=\"og:image:width\" content=\"600\" \/>\n\t<meta property=\"og:image:height\" content=\"721\" \/>\n\t<meta property=\"og:image:type\" content=\"image\/jpeg\" \/>\n<meta name=\"twitter:card\" content=\"summary_large_image\" \/>\n<meta name=\"twitter:site\" content=\"@edmediterrania\" \/>\n<script type=\"application\/ld+json\" class=\"yoast-schema-graph\">{\"@context\":\"https:\/\/schema.org\",\"@graph\":[{\"@type\":\"WebPage\",\"@id\":\"https:\/\/editorialmediterrania.com\/en\/product\/little-story-of-casa-batllo\/\",\"url\":\"https:\/\/editorialmediterrania.com\/en\/product\/little-story-of-casa-batllo\/\",\"name\":\"Little Story of Casa Batll\u00f3 - Editorial Mediterrania\",\"isPartOf\":{\"@id\":\"https:\/\/editorialmediterrania.com\/en\/#website\"},\"primaryImageOfPage\":{\"@id\":\"https:\/\/editorialmediterrania.com\/en\/product\/little-story-of-casa-batllo\/#primaryimage\"},\"image\":{\"@id\":\"https:\/\/editorialmediterrania.com\/en\/product\/little-story-of-casa-batllo\/#primaryimage\"},\"thumbnailUrl\":\"https:\/\/editorialmediterrania.com\/wp-content\/uploads\/2012\/11\/Petita-Historia_Casa-Batllo.jpg\",\"datePublished\":\"2012-11-29T16:35:20+00:00\",\"dateModified\":\"2019-07-03T11:37:12+00:00\",\"description\":\"History of Antoni Gaud\u00ed's Casa Batll\u00f3, aimed at 8-12 year-old children.\",\"breadcrumb\":{\"@id\":\"https:\/\/editorialmediterrania.com\/en\/product\/little-story-of-casa-batllo\/#breadcrumb\"},\"inLanguage\":\"en-US\",\"potentialAction\":[{\"@type\":\"ReadAction\",\"target\":[\"https:\/\/editorialmediterrania.com\/en\/product\/little-story-of-casa-batllo\/\"]}]},{\"@type\":\"ImageObject\",\"inLanguage\":\"en-US\",\"@id\":\"https:\/\/editorialmediterrania.com\/en\/product\/little-story-of-casa-batllo\/#primaryimage\",\"url\":\"https:\/\/editorialmediterrania.com\/wp-content\/uploads\/2012\/11\/Petita-Historia_Casa-Batllo.jpg\",\"contentUrl\":\"https:\/\/editorialmediterrania.com\/wp-content\/uploads\/2012\/11\/Petita-Historia_Casa-Batllo.jpg\",\"width\":600,\"height\":721},{\"@type\":\"BreadcrumbList\",\"@id\":\"https:\/\/editorialmediterrania.com\/en\/product\/little-story-of-casa-batllo\/#breadcrumb\",\"itemListElement\":[{\"@type\":\"ListItem\",\"position\":1,\"name\":\"Children&#8217;s art book store\",\"item\":\"https:\/\/editorialmediterrania.com\/en\/childrens-art-book-store\/\"},{\"@type\":\"ListItem\",\"position\":2,\"name\":\"Little Story of the Casa Batll\u00f3\"}]},{\"@type\":\"WebSite\",\"@id\":\"https:\/\/editorialmediterrania.com\/en\/#website\",\"url\":\"https:\/\/editorialmediterrania.com\/en\/\",\"name\":\"Editorial Mediterrania\",\"description\":\"Llibres que t\u2019obriran nous mons\",\"publisher\":{\"@id\":\"https:\/\/editorialmediterrania.com\/en\/#organization\"},\"alternateName\":\"Llibres infantils d'art, cultura i natura\",\"potentialAction\":[{\"@type\":\"SearchAction\",\"target\":{\"@type\":\"EntryPoint\",\"urlTemplate\":\"https:\/\/editorialmediterrania.com\/en\/?s={search_term_string}\"},\"query-input\":\"required name=search_term_string\"}],\"inLanguage\":\"en-US\"},{\"@type\":\"Organization\",\"@id\":\"https:\/\/editorialmediterrania.com\/en\/#organization\",\"name\":\"Editorial Mediterrania\",\"alternateName\":\"Llibres d'art, cultura i natura per infants i fam\u00edlies\",\"url\":\"https:\/\/editorialmediterrania.com\/en\/\",\"logo\":{\"@type\":\"ImageObject\",\"inLanguage\":\"en-US\",\"@id\":\"https:\/\/editorialmediterrania.com\/en\/#\/schema\/logo\/image\/\",\"url\":\"https:\/\/editorialmediterrania.com\/wp-content\/uploads\/2023\/03\/LOGO-ED_MEDITERRANIA_OK-2.png\",\"contentUrl\":\"https:\/\/editorialmediterrania.com\/wp-content\/uploads\/2023\/03\/LOGO-ED_MEDITERRANIA_OK-2.png\",\"width\":1200,\"height\":300,\"caption\":\"Editorial Mediterrania\"},\"image\":{\"@id\":\"https:\/\/editorialmediterrania.com\/en\/#\/schema\/logo\/image\/\"},\"sameAs\":[\"https:\/\/x.com\/edmediterrania\",\"https:\/\/www.instagram.com\/editorialmediterrania\/\"]}]}<\/script>\n<!-- \/ Yoast SEO plugin. -->","yoast_head_json":{"title":"Little Story of Casa Batll\u00f3 - Editorial Mediterrania","description":"History of Antoni Gaud\u00ed's Casa Batll\u00f3, aimed at 8-12 year-old children.","robots":{"index":"index","follow":"follow","max-snippet":"max-snippet:-1","max-image-preview":"max-image-preview:large","max-video-preview":"max-video-preview:-1"},"canonical":"https:\/\/editorialmediterrania.com\/en\/product\/little-story-of-casa-batllo\/","og_locale":"en_US","og_type":"article","og_title":"Little Story of Casa Batll\u00f3 - Editorial Mediterrania","og_description":"History of Antoni Gaud\u00ed's Casa Batll\u00f3, aimed at 8-12 year-old children.","og_url":"https:\/\/editorialmediterrania.com\/en\/product\/little-story-of-casa-batllo\/","og_site_name":"Editorial Mediterr\u00e0nia","article_modified_time":"2019-07-03T11:37:12+00:00","og_image":[{"width":600,"height":721,"url":"https:\/\/editorialmediterrania.com\/wp-content\/uploads\/2012\/11\/Petita-Historia_Casa-Batllo.jpg","type":"image\/jpeg"}],"twitter_card":"summary_large_image","twitter_site":"@edmediterrania","schema":{"@context":"https:\/\/schema.org","@graph":[{"@type":"WebPage","@id":"https:\/\/editorialmediterrania.com\/en\/product\/little-story-of-casa-batllo\/","url":"https:\/\/editorialmediterrania.com\/en\/product\/little-story-of-casa-batllo\/","name":"Little Story of Casa Batll\u00f3 - Editorial Mediterrania","isPartOf":{"@id":"https:\/\/editorialmediterrania.com\/en\/#website"},"primaryImageOfPage":{"@id":"https:\/\/editorialmediterrania.com\/en\/product\/little-story-of-casa-batllo\/#primaryimage"},"image":{"@id":"https:\/\/editorialmediterrania.com\/en\/product\/little-story-of-casa-batllo\/#primaryimage"},"thumbnailUrl":"https:\/\/editorialmediterrania.com\/wp-content\/uploads\/2012\/11\/Petita-Historia_Casa-Batllo.jpg","datePublished":"2012-11-29T16:35:20+00:00","dateModified":"2019-07-03T11:37:12+00:00","description":"History of Antoni Gaud\u00ed's Casa Batll\u00f3, aimed at 8-12 year-old children.","breadcrumb":{"@id":"https:\/\/editorialmediterrania.com\/en\/product\/little-story-of-casa-batllo\/#breadcrumb"},"inLanguage":"en-US","potentialAction":[{"@type":"ReadAction","target":["https:\/\/editorialmediterrania.com\/en\/product\/little-story-of-casa-batllo\/"]}]},{"@type":"ImageObject","inLanguage":"en-US","@id":"https:\/\/editorialmediterrania.com\/en\/product\/little-story-of-casa-batllo\/#primaryimage","url":"https:\/\/editorialmediterrania.com\/wp-content\/uploads\/2012\/11\/Petita-Historia_Casa-Batllo.jpg","contentUrl":"https:\/\/editorialmediterrania.com\/wp-content\/uploads\/2012\/11\/Petita-Historia_Casa-Batllo.jpg","width":600,"height":721},{"@type":"BreadcrumbList","@id":"https:\/\/editorialmediterrania.com\/en\/product\/little-story-of-casa-batllo\/#breadcrumb","itemListElement":[{"@type":"ListItem","position":1,"name":"Children&#8217;s art book store","item":"https:\/\/editorialmediterrania.com\/en\/childrens-art-book-store\/"},{"@type":"ListItem","position":2,"name":"Little Story of the Casa Batll\u00f3"}]},{"@type":"WebSite","@id":"https:\/\/editorialmediterrania.com\/en\/#website","url":"https:\/\/editorialmediterrania.com\/en\/","name":"Editorial Mediterrania","description":"Llibres que t\u2019obriran nous mons","publisher":{"@id":"https:\/\/editorialmediterrania.com\/en\/#organization"},"alternateName":"Llibres infantils d'art, cultura i natura","potentialAction":[{"@type":"SearchAction","target":{"@type":"EntryPoint","urlTemplate":"https:\/\/editorialmediterrania.com\/en\/?s={search_term_string}"},"query-input":"required name=search_term_string"}],"inLanguage":"en-US"},{"@type":"Organization","@id":"https:\/\/editorialmediterrania.com\/en\/#organization","name":"Editorial Mediterrania","alternateName":"Llibres d'art, cultura i natura per infants i fam\u00edlies","url":"https:\/\/editorialmediterrania.com\/en\/","logo":{"@type":"ImageObject","inLanguage":"en-US","@id":"https:\/\/editorialmediterrania.com\/en\/#\/schema\/logo\/image\/","url":"https:\/\/editorialmediterrania.com\/wp-content\/uploads\/2023\/03\/LOGO-ED_MEDITERRANIA_OK-2.png","contentUrl":"https:\/\/editorialmediterrania.com\/wp-content\/uploads\/2023\/03\/LOGO-ED_MEDITERRANIA_OK-2.png","width":1200,"height":300,"caption":"Editorial Mediterrania"},"image":{"@id":"https:\/\/editorialmediterrania.com\/en\/#\/schema\/logo\/image\/"},"sameAs":["https:\/\/x.com\/edmediterrania","https:\/\/www.instagram.com\/editorialmediterrania\/"]}]}},"_links":{"self":[{"href":"https:\/\/editorialmediterrania.com\/en\/wp-json\/wp\/v2\/product\/4944","targetHints":{"allow":["GET"]}}],"collection":[{"href":"https:\/\/editorialmediterrania.com\/en\/wp-json\/wp\/v2\/product"}],"about":[{"href":"https:\/\/editorialmediterrania.com\/en\/wp-json\/wp\/v2\/types\/product"}],"wp:featuredmedia":[{"embeddable":true,"href":"https:\/\/editorialmediterrania.com\/en\/wp-json\/wp\/v2\/media\/18459"}],"wp:attachment":[{"href":"https:\/\/editorialmediterrania.com\/en\/wp-json\/wp\/v2\/media?parent=4944"}],"wp:term":[{"taxonomy":"product_cat","embeddable":true,"href":"https:\/\/editorialmediterrania.com\/en\/wp-json\/wp\/v2\/product_cat?post=4944"},{"taxonomy":"product_tag","embeddable":true,"href":"https:\/\/editorialmediterrania.com\/en\/wp-json\/wp\/v2\/product_tag?post=4944"},{"taxonomy":"autors","embeddable":true,"href":"https:\/\/editorialmediterrania.com\/en\/wp-json\/wp\/v2\/autors?post=4944"}],"curies":[{"name":"wp","href":"https:\/\/api.w.org\/{rel}","templated":true}]}}