{"id":4971,"date":"2012-12-03T12:51:58","date_gmt":"2012-12-03T12:51:58","guid":{"rendered":"http:\/\/editorialmediterraneatest.grupoormo.com\/product\/producto\/pequena-historia-de-federico-garcia-lorca-2\/"},"modified":"2021-03-04T21:01:15","modified_gmt":"2021-03-04T20:01:15","slug":"pequena-historia-de-federico-garcia-lorca","status":"publish","type":"product","link":"https:\/\/editorialmediterrania.com\/en\/product\/pequena-historia-de-federico-garcia-lorca\/","title":{"rendered":"Little Story of Federico Garc\u00eda Lorca"},"content":{"rendered":"<p style=\"text-align: justify;\">\u201cThis book, written with love, is a first step towards discovering one of the greatest Spanish poets of all time, one whose work is enjoyed around the world today. Federico Garc\u00eda Lorca was born in La Vega de Granada and was brutally murdered not far from that village. How terrible, deep sad! He will never, ever be forgotten\u201d. Ian Gibson<\/p>\n<p style=\"text-align: justify;\">Spanish text by Aurora D\u00edaz Plaja and pictures by Pilar\u00edn Bay\u00e9s.<\/p>\n","protected":false},"excerpt":{"rendered":"<p>\u201cThis book, written with love, is a first step towards discovering one of the greatest Spanish poets of all time, one whose work is enjoyed around the world today. Federico Garc\u00eda Lorca was born in La Vega de Granada and was brutally murdered not far from that village. How terrible, deep sad! He will never, [&hellip;]<\/p>\n","protected":false},"featured_media":41867,"template":"","meta":[],"product_cat":[31,161],"product_tag":[6473,1294],"autors":[],"class_list":{"0":"post-4971","1":"product","2":"type-product","3":"status-publish","4":"has-post-thumbnail","6":"product_cat-editorial-mediterrania","7":"product_cat-little-stories","8":"product_tag-libro-infantil-en","9":"product_tag-pilarin-bayes-en","11":"first","12":"instock","13":"taxable","14":"shipping-taxable","15":"purchasable","16":"product-type-variable","17":"has-default-attributes","swatches":"rey-swatches","show_selected":""},"acf":[],"yoast_head":"<!-- This site is optimized with the Yoast SEO plugin v22.8 - https:\/\/yoast.com\/wordpress\/plugins\/seo\/ -->\n<title>Peque\u00f1a Historia de Federico Garc\u00eda Lorca - Editorial Mediterrania<\/title>\n<meta name=\"description\" content=\"Petita hist\u00f2ria sobre la vida de Federico Garc\u00eda Lorca per a nens i nenes d&#039;entre 8 i 12 anys.\" \/>\n<meta name=\"robots\" content=\"index, follow, max-snippet:-1, max-image-preview:large, max-video-preview:-1\" \/>\n<link rel=\"canonical\" href=\"https:\/\/editorialmediterrania.com\/en\/product\/pequena-historia-de-federico-garcia-lorca\/\" \/>\n<meta property=\"og:locale\" content=\"en_US\" \/>\n<meta property=\"og:type\" content=\"article\" \/>\n<meta property=\"og:title\" content=\"Peque\u00f1a Historia de Federico Garc\u00eda Lorca - Editorial Mediterrania\" \/>\n<meta property=\"og:description\" content=\"Petita hist\u00f2ria sobre la vida de Federico Garc\u00eda Lorca per a nens i nenes d&#039;entre 8 i 12 anys.\" \/>\n<meta property=\"og:url\" content=\"https:\/\/editorialmediterrania.com\/en\/product\/pequena-historia-de-federico-garcia-lorca\/\" \/>\n<meta property=\"og:site_name\" content=\"Editorial Mediterr\u00e0nia\" \/>\n<meta property=\"article:modified_time\" content=\"2021-03-04T20:01:15+00:00\" \/>\n<meta property=\"og:image\" content=\"https:\/\/editorialmediterrania.com\/wp-content\/uploads\/2012\/12\/Captura-de-pantalla-2023-07-21-a-les-13.40.49.png\" \/>\n\t<meta property=\"og:image:width\" content=\"752\" \/>\n\t<meta property=\"og:image:height\" content=\"900\" \/>\n\t<meta property=\"og:image:type\" content=\"image\/png\" \/>\n<meta name=\"twitter:card\" content=\"summary_large_image\" \/>\n<meta name=\"twitter:site\" content=\"@edmediterrania\" \/>\n<script type=\"application\/ld+json\" class=\"yoast-schema-graph\">{\"@context\":\"https:\/\/schema.org\",\"@graph\":[{\"@type\":\"WebPage\",\"@id\":\"https:\/\/editorialmediterrania.com\/en\/product\/pequena-historia-de-federico-garcia-lorca\/\",\"url\":\"https:\/\/editorialmediterrania.com\/en\/product\/pequena-historia-de-federico-garcia-lorca\/\",\"name\":\"Peque\u00f1a Historia de Federico Garc\u00eda Lorca - Editorial Mediterrania\",\"isPartOf\":{\"@id\":\"https:\/\/editorialmediterrania.com\/en\/#website\"},\"primaryImageOfPage\":{\"@id\":\"https:\/\/editorialmediterrania.com\/en\/product\/pequena-historia-de-federico-garcia-lorca\/#primaryimage\"},\"image\":{\"@id\":\"https:\/\/editorialmediterrania.com\/en\/product\/pequena-historia-de-federico-garcia-lorca\/#primaryimage\"},\"thumbnailUrl\":\"https:\/\/editorialmediterrania.com\/wp-content\/uploads\/2012\/12\/Captura-de-pantalla-2023-07-21-a-les-13.40.49.png\",\"datePublished\":\"2012-12-03T12:51:58+00:00\",\"dateModified\":\"2021-03-04T20:01:15+00:00\",\"description\":\"Petita hist\u00f2ria sobre la vida de Federico Garc\u00eda Lorca per a nens i nenes d'entre 8 i 12 anys.\",\"breadcrumb\":{\"@id\":\"https:\/\/editorialmediterrania.com\/en\/product\/pequena-historia-de-federico-garcia-lorca\/#breadcrumb\"},\"inLanguage\":\"en-US\",\"potentialAction\":[{\"@type\":\"ReadAction\",\"target\":[\"https:\/\/editorialmediterrania.com\/en\/product\/pequena-historia-de-federico-garcia-lorca\/\"]}]},{\"@type\":\"ImageObject\",\"inLanguage\":\"en-US\",\"@id\":\"https:\/\/editorialmediterrania.com\/en\/product\/pequena-historia-de-federico-garcia-lorca\/#primaryimage\",\"url\":\"https:\/\/editorialmediterrania.com\/wp-content\/uploads\/2012\/12\/Captura-de-pantalla-2023-07-21-a-les-13.40.49.png\",\"contentUrl\":\"https:\/\/editorialmediterrania.com\/wp-content\/uploads\/2012\/12\/Captura-de-pantalla-2023-07-21-a-les-13.40.49.png\",\"width\":752,\"height\":900},{\"@type\":\"BreadcrumbList\",\"@id\":\"https:\/\/editorialmediterrania.com\/en\/product\/pequena-historia-de-federico-garcia-lorca\/#breadcrumb\",\"itemListElement\":[{\"@type\":\"ListItem\",\"position\":1,\"name\":\"Children&#8217;s art book store\",\"item\":\"https:\/\/editorialmediterrania.com\/en\/childrens-art-book-store\/\"},{\"@type\":\"ListItem\",\"position\":2,\"name\":\"Little Story of Federico Garc\u00eda Lorca\"}]},{\"@type\":\"WebSite\",\"@id\":\"https:\/\/editorialmediterrania.com\/en\/#website\",\"url\":\"https:\/\/editorialmediterrania.com\/en\/\",\"name\":\"Editorial Mediterrania\",\"description\":\"Llibres que t\u2019obriran nous mons\",\"publisher\":{\"@id\":\"https:\/\/editorialmediterrania.com\/en\/#organization\"},\"alternateName\":\"Llibres infantils d'art, cultura i natura\",\"potentialAction\":[{\"@type\":\"SearchAction\",\"target\":{\"@type\":\"EntryPoint\",\"urlTemplate\":\"https:\/\/editorialmediterrania.com\/en\/?s={search_term_string}\"},\"query-input\":\"required name=search_term_string\"}],\"inLanguage\":\"en-US\"},{\"@type\":\"Organization\",\"@id\":\"https:\/\/editorialmediterrania.com\/en\/#organization\",\"name\":\"Editorial Mediterrania\",\"alternateName\":\"Llibres d'art, cultura i natura per infants i fam\u00edlies\",\"url\":\"https:\/\/editorialmediterrania.com\/en\/\",\"logo\":{\"@type\":\"ImageObject\",\"inLanguage\":\"en-US\",\"@id\":\"https:\/\/editorialmediterrania.com\/en\/#\/schema\/logo\/image\/\",\"url\":\"https:\/\/editorialmediterrania.com\/wp-content\/uploads\/2023\/03\/LOGO-ED_MEDITERRANIA_OK-2.png\",\"contentUrl\":\"https:\/\/editorialmediterrania.com\/wp-content\/uploads\/2023\/03\/LOGO-ED_MEDITERRANIA_OK-2.png\",\"width\":1200,\"height\":300,\"caption\":\"Editorial Mediterrania\"},\"image\":{\"@id\":\"https:\/\/editorialmediterrania.com\/en\/#\/schema\/logo\/image\/\"},\"sameAs\":[\"https:\/\/x.com\/edmediterrania\",\"https:\/\/www.instagram.com\/editorialmediterrania\/\"]}]}<\/script>\n<!-- \/ Yoast SEO plugin. -->","yoast_head_json":{"title":"Peque\u00f1a Historia de Federico Garc\u00eda Lorca - Editorial Mediterrania","description":"Petita hist\u00f2ria sobre la vida de Federico Garc\u00eda Lorca per a nens i nenes d'entre 8 i 12 anys.","robots":{"index":"index","follow":"follow","max-snippet":"max-snippet:-1","max-image-preview":"max-image-preview:large","max-video-preview":"max-video-preview:-1"},"canonical":"https:\/\/editorialmediterrania.com\/en\/product\/pequena-historia-de-federico-garcia-lorca\/","og_locale":"en_US","og_type":"article","og_title":"Peque\u00f1a Historia de Federico Garc\u00eda Lorca - Editorial Mediterrania","og_description":"Petita hist\u00f2ria sobre la vida de Federico Garc\u00eda Lorca per a nens i nenes d'entre 8 i 12 anys.","og_url":"https:\/\/editorialmediterrania.com\/en\/product\/pequena-historia-de-federico-garcia-lorca\/","og_site_name":"Editorial Mediterr\u00e0nia","article_modified_time":"2021-03-04T20:01:15+00:00","og_image":[{"width":752,"height":900,"url":"https:\/\/editorialmediterrania.com\/wp-content\/uploads\/2012\/12\/Captura-de-pantalla-2023-07-21-a-les-13.40.49.png","type":"image\/png"}],"twitter_card":"summary_large_image","twitter_site":"@edmediterrania","schema":{"@context":"https:\/\/schema.org","@graph":[{"@type":"WebPage","@id":"https:\/\/editorialmediterrania.com\/en\/product\/pequena-historia-de-federico-garcia-lorca\/","url":"https:\/\/editorialmediterrania.com\/en\/product\/pequena-historia-de-federico-garcia-lorca\/","name":"Peque\u00f1a Historia de Federico Garc\u00eda Lorca - Editorial Mediterrania","isPartOf":{"@id":"https:\/\/editorialmediterrania.com\/en\/#website"},"primaryImageOfPage":{"@id":"https:\/\/editorialmediterrania.com\/en\/product\/pequena-historia-de-federico-garcia-lorca\/#primaryimage"},"image":{"@id":"https:\/\/editorialmediterrania.com\/en\/product\/pequena-historia-de-federico-garcia-lorca\/#primaryimage"},"thumbnailUrl":"https:\/\/editorialmediterrania.com\/wp-content\/uploads\/2012\/12\/Captura-de-pantalla-2023-07-21-a-les-13.40.49.png","datePublished":"2012-12-03T12:51:58+00:00","dateModified":"2021-03-04T20:01:15+00:00","description":"Petita hist\u00f2ria sobre la vida de Federico Garc\u00eda Lorca per a nens i nenes d'entre 8 i 12 anys.","breadcrumb":{"@id":"https:\/\/editorialmediterrania.com\/en\/product\/pequena-historia-de-federico-garcia-lorca\/#breadcrumb"},"inLanguage":"en-US","potentialAction":[{"@type":"ReadAction","target":["https:\/\/editorialmediterrania.com\/en\/product\/pequena-historia-de-federico-garcia-lorca\/"]}]},{"@type":"ImageObject","inLanguage":"en-US","@id":"https:\/\/editorialmediterrania.com\/en\/product\/pequena-historia-de-federico-garcia-lorca\/#primaryimage","url":"https:\/\/editorialmediterrania.com\/wp-content\/uploads\/2012\/12\/Captura-de-pantalla-2023-07-21-a-les-13.40.49.png","contentUrl":"https:\/\/editorialmediterrania.com\/wp-content\/uploads\/2012\/12\/Captura-de-pantalla-2023-07-21-a-les-13.40.49.png","width":752,"height":900},{"@type":"BreadcrumbList","@id":"https:\/\/editorialmediterrania.com\/en\/product\/pequena-historia-de-federico-garcia-lorca\/#breadcrumb","itemListElement":[{"@type":"ListItem","position":1,"name":"Children&#8217;s art book store","item":"https:\/\/editorialmediterrania.com\/en\/childrens-art-book-store\/"},{"@type":"ListItem","position":2,"name":"Little Story of Federico Garc\u00eda Lorca"}]},{"@type":"WebSite","@id":"https:\/\/editorialmediterrania.com\/en\/#website","url":"https:\/\/editorialmediterrania.com\/en\/","name":"Editorial Mediterrania","description":"Llibres que t\u2019obriran nous mons","publisher":{"@id":"https:\/\/editorialmediterrania.com\/en\/#organization"},"alternateName":"Llibres infantils d'art, cultura i natura","potentialAction":[{"@type":"SearchAction","target":{"@type":"EntryPoint","urlTemplate":"https:\/\/editorialmediterrania.com\/en\/?s={search_term_string}"},"query-input":"required name=search_term_string"}],"inLanguage":"en-US"},{"@type":"Organization","@id":"https:\/\/editorialmediterrania.com\/en\/#organization","name":"Editorial Mediterrania","alternateName":"Llibres d'art, cultura i natura per infants i fam\u00edlies","url":"https:\/\/editorialmediterrania.com\/en\/","logo":{"@type":"ImageObject","inLanguage":"en-US","@id":"https:\/\/editorialmediterrania.com\/en\/#\/schema\/logo\/image\/","url":"https:\/\/editorialmediterrania.com\/wp-content\/uploads\/2023\/03\/LOGO-ED_MEDITERRANIA_OK-2.png","contentUrl":"https:\/\/editorialmediterrania.com\/wp-content\/uploads\/2023\/03\/LOGO-ED_MEDITERRANIA_OK-2.png","width":1200,"height":300,"caption":"Editorial Mediterrania"},"image":{"@id":"https:\/\/editorialmediterrania.com\/en\/#\/schema\/logo\/image\/"},"sameAs":["https:\/\/x.com\/edmediterrania","https:\/\/www.instagram.com\/editorialmediterrania\/"]}]}},"_links":{"self":[{"href":"https:\/\/editorialmediterrania.com\/en\/wp-json\/wp\/v2\/product\/4971","targetHints":{"allow":["GET"]}}],"collection":[{"href":"https:\/\/editorialmediterrania.com\/en\/wp-json\/wp\/v2\/product"}],"about":[{"href":"https:\/\/editorialmediterrania.com\/en\/wp-json\/wp\/v2\/types\/product"}],"wp:featuredmedia":[{"embeddable":true,"href":"https:\/\/editorialmediterrania.com\/en\/wp-json\/wp\/v2\/media\/41867"}],"wp:attachment":[{"href":"https:\/\/editorialmediterrania.com\/en\/wp-json\/wp\/v2\/media?parent=4971"}],"wp:term":[{"taxonomy":"product_cat","embeddable":true,"href":"https:\/\/editorialmediterrania.com\/en\/wp-json\/wp\/v2\/product_cat?post=4971"},{"taxonomy":"product_tag","embeddable":true,"href":"https:\/\/editorialmediterrania.com\/en\/wp-json\/wp\/v2\/product_tag?post=4971"},{"taxonomy":"autors","embeddable":true,"href":"https:\/\/editorialmediterrania.com\/en\/wp-json\/wp\/v2\/autors?post=4971"}],"curies":[{"name":"wp","href":"https:\/\/api.w.org\/{rel}","templated":true}]}}