{"id":5403,"date":"2013-03-22T13:29:01","date_gmt":"2013-03-22T12:29:01","guid":{"rendered":"http:\/\/editorialmediterrania.cat\/?post_type=product&#038;p=5403"},"modified":"2025-02-03T13:43:03","modified_gmt":"2025-02-03T12:43:03","slug":"cuina-monastica","status":"publish","type":"product","link":"https:\/\/editorialmediterrania.com\/en\/product\/cuina-monastica\/","title":{"rendered":"Cuina mon\u00e0stica"},"content":{"rendered":"<p style=\"text-align: justify;\"><em>Cuina mon\u00e0stica<\/em> \u00e9s un llibre de cuina que transmet la mem\u00f2ria de la taula catalana, una cuina festiva, un plaer per als sentits i que \u00e9s a l\u2019abast de tothom.<\/p>\n<p style=\"text-align: justify;\">Les p\u00e0gines d\u2019aquest llibre ens mostren un recorregut per la hist\u00f2ria dels convents i dels ordes del pa\u00eds, centrant-se en la tradici\u00f3 i l\u2019elaboraci\u00f3 d\u2019uns plats antics per\u00f2 que alhora constitueixen la base de la nostra cuina moderna, tots ells explicats pas a pas a fi que tothom els pugui fer.<\/p>\n<div class=\"accordionContent2\">\n<p style=\"text-align: justify;\">Tot i que la cuina actual dels convents no \u00e9s la mateixa que la d\u2019anys enrere, la hist\u00f2ria ens demostra que la tradici\u00f3 de la cuina mon\u00e0stica ha existit des de l\u2019edat mitjana fins a la meitat del segle XIX. Amb els pescadors, els monjos constitueixen l\u2019\u00fanic col\u00b7lectiu d\u2019homes que ha practicat l\u2019art gastron\u00f2mic i, per tant, podem dir que s\u00f3n els transmissors de la mem\u00f2ria de la taula dels catalans.<\/p>\n<\/div>\n<p>&nbsp;<\/p>\n<p>Aquest llibre tamb\u00e9 est\u00e0 disponible en format ebook o llibre electr\u00f2nic que podr\u00e0s trobar a la web del nostre distribu\u00efdor digital\u00a0<a href=\"http:\/\/www.zonaebooks.com\/Inicio\">Zonaebooks<\/a>.<\/p>\n","protected":false},"excerpt":{"rendered":"<p>Cuina mon\u00e0stica \u00e9s un llibre de cuina que transmet la mem\u00f2ria de la taula catalana, una cuina festiva, un plaer per als sentits i que \u00e9s a l\u2019abast de tothom. Les p\u00e0gines d\u2019aquest llibre ens mostren un recorregut per la hist\u00f2ria dels convents i dels ordes del pa\u00eds, centrant-se en la tradici\u00f3 i l\u2019elaboraci\u00f3 d\u2019uns [&hellip;]<\/p>\n","protected":false},"featured_media":41283,"template":"","meta":[],"product_cat":[3351,24],"product_tag":[],"autors":[],"class_list":{"0":"post-5403","1":"product","2":"type-product","3":"status-publish","4":"has-post-thumbnail","6":"product_cat-mediterrania-productes","7":"product_cat-assaig-adult","9":"first","10":"outofstock","11":"purchasable","12":"product-type-simple","swatches":"rey-swatches","show_selected":""},"acf":[],"yoast_head":"<!-- This site is optimized with the Yoast SEO plugin v22.8 - https:\/\/yoast.com\/wordpress\/plugins\/seo\/ -->\n<title>&quot;Cuina mon\u00e0stica&quot; de Jaume F\u00e0brega. Editorial Mediterr\u00e0nia<\/title>\n<meta name=\"description\" content=\"Cuina mon\u00e0stica \u00e9s un llibre que transmet la mem\u00f2ria de la taula catalana i que \u00e9s a l\u2019abast de tothom.\" \/>\n<meta name=\"robots\" content=\"index, follow, max-snippet:-1, max-image-preview:large, max-video-preview:-1\" \/>\n<link rel=\"canonical\" href=\"https:\/\/editorialmediterrania.com\/en\/product\/cuina-monastica\/\" \/>\n<meta property=\"og:locale\" content=\"en_US\" \/>\n<meta property=\"og:type\" content=\"article\" \/>\n<meta property=\"og:title\" content=\"&quot;Cuina mon\u00e0stica&quot; de Jaume F\u00e0brega. Editorial Mediterr\u00e0nia\" \/>\n<meta property=\"og:description\" content=\"Cuina mon\u00e0stica \u00e9s un llibre que transmet la mem\u00f2ria de la taula catalana i que \u00e9s a l\u2019abast de tothom.\" \/>\n<meta property=\"og:url\" content=\"https:\/\/editorialmediterrania.com\/en\/product\/cuina-monastica\/\" \/>\n<meta property=\"og:site_name\" content=\"Editorial Mediterr\u00e0nia\" \/>\n<meta property=\"article:modified_time\" content=\"2025-02-03T12:43:03+00:00\" \/>\n<meta property=\"og:image\" content=\"https:\/\/editorialmediterrania.com\/wp-content\/uploads\/2013\/03\/61K9r-J3VGL.jpg\" \/>\n\t<meta property=\"og:image:width\" content=\"1033\" \/>\n\t<meta property=\"og:image:height\" content=\"1426\" \/>\n\t<meta property=\"og:image:type\" content=\"image\/jpeg\" \/>\n<meta name=\"twitter:card\" content=\"summary_large_image\" \/>\n<meta name=\"twitter:site\" content=\"@edmediterrania\" \/>\n<meta name=\"twitter:label1\" content=\"Est. reading time\" \/>\n\t<meta name=\"twitter:data1\" content=\"2 minutes\" \/>\n<script type=\"application\/ld+json\" class=\"yoast-schema-graph\">{\"@context\":\"https:\/\/schema.org\",\"@graph\":[{\"@type\":\"WebPage\",\"@id\":\"https:\/\/editorialmediterrania.com\/en\/product\/cuina-monastica\/\",\"url\":\"https:\/\/editorialmediterrania.com\/en\/product\/cuina-monastica\/\",\"name\":\"\\\"Cuina mon\u00e0stica\\\" de Jaume F\u00e0brega. Editorial Mediterr\u00e0nia\",\"isPartOf\":{\"@id\":\"https:\/\/editorialmediterrania.com\/en\/#website\"},\"primaryImageOfPage\":{\"@id\":\"https:\/\/editorialmediterrania.com\/en\/product\/cuina-monastica\/#primaryimage\"},\"image\":{\"@id\":\"https:\/\/editorialmediterrania.com\/en\/product\/cuina-monastica\/#primaryimage\"},\"thumbnailUrl\":\"https:\/\/editorialmediterrania.com\/wp-content\/uploads\/2013\/03\/61K9r-J3VGL.jpg\",\"datePublished\":\"2013-03-22T12:29:01+00:00\",\"dateModified\":\"2025-02-03T12:43:03+00:00\",\"description\":\"Cuina mon\u00e0stica \u00e9s un llibre que transmet la mem\u00f2ria de la taula catalana i que \u00e9s a l\u2019abast de tothom.\",\"breadcrumb\":{\"@id\":\"https:\/\/editorialmediterrania.com\/en\/product\/cuina-monastica\/#breadcrumb\"},\"inLanguage\":\"en-US\",\"potentialAction\":[{\"@type\":\"ReadAction\",\"target\":[\"https:\/\/editorialmediterrania.com\/en\/product\/cuina-monastica\/\"]}]},{\"@type\":\"ImageObject\",\"inLanguage\":\"en-US\",\"@id\":\"https:\/\/editorialmediterrania.com\/en\/product\/cuina-monastica\/#primaryimage\",\"url\":\"https:\/\/editorialmediterrania.com\/wp-content\/uploads\/2013\/03\/61K9r-J3VGL.jpg\",\"contentUrl\":\"https:\/\/editorialmediterrania.com\/wp-content\/uploads\/2013\/03\/61K9r-J3VGL.jpg\",\"width\":1033,\"height\":1426},{\"@type\":\"BreadcrumbList\",\"@id\":\"https:\/\/editorialmediterrania.com\/en\/product\/cuina-monastica\/#breadcrumb\",\"itemListElement\":[{\"@type\":\"ListItem\",\"position\":1,\"name\":\"Children&#8217;s art book store\",\"item\":\"https:\/\/editorialmediterrania.com\/en\/childrens-art-book-store\/\"},{\"@type\":\"ListItem\",\"position\":2,\"name\":\"Cuina mon\u00e0stica\"}]},{\"@type\":\"WebSite\",\"@id\":\"https:\/\/editorialmediterrania.com\/en\/#website\",\"url\":\"https:\/\/editorialmediterrania.com\/en\/\",\"name\":\"Editorial Mediterrania\",\"description\":\"Llibres que t\u2019obriran nous mons\",\"publisher\":{\"@id\":\"https:\/\/editorialmediterrania.com\/en\/#organization\"},\"alternateName\":\"Llibres infantils d'art, cultura i natura\",\"potentialAction\":[{\"@type\":\"SearchAction\",\"target\":{\"@type\":\"EntryPoint\",\"urlTemplate\":\"https:\/\/editorialmediterrania.com\/en\/?s={search_term_string}\"},\"query-input\":\"required name=search_term_string\"}],\"inLanguage\":\"en-US\"},{\"@type\":\"Organization\",\"@id\":\"https:\/\/editorialmediterrania.com\/en\/#organization\",\"name\":\"Editorial Mediterrania\",\"alternateName\":\"Llibres d'art, cultura i natura per infants i fam\u00edlies\",\"url\":\"https:\/\/editorialmediterrania.com\/en\/\",\"logo\":{\"@type\":\"ImageObject\",\"inLanguage\":\"en-US\",\"@id\":\"https:\/\/editorialmediterrania.com\/en\/#\/schema\/logo\/image\/\",\"url\":\"https:\/\/editorialmediterrania.com\/wp-content\/uploads\/2023\/03\/LOGO-ED_MEDITERRANIA_OK-2.png\",\"contentUrl\":\"https:\/\/editorialmediterrania.com\/wp-content\/uploads\/2023\/03\/LOGO-ED_MEDITERRANIA_OK-2.png\",\"width\":1200,\"height\":300,\"caption\":\"Editorial Mediterrania\"},\"image\":{\"@id\":\"https:\/\/editorialmediterrania.com\/en\/#\/schema\/logo\/image\/\"},\"sameAs\":[\"https:\/\/x.com\/edmediterrania\",\"https:\/\/www.instagram.com\/editorialmediterrania\/\"]}]}<\/script>\n<!-- \/ Yoast SEO plugin. -->","yoast_head_json":{"title":"\"Cuina mon\u00e0stica\" de Jaume F\u00e0brega. Editorial Mediterr\u00e0nia","description":"Cuina mon\u00e0stica \u00e9s un llibre que transmet la mem\u00f2ria de la taula catalana i que \u00e9s a l\u2019abast de tothom.","robots":{"index":"index","follow":"follow","max-snippet":"max-snippet:-1","max-image-preview":"max-image-preview:large","max-video-preview":"max-video-preview:-1"},"canonical":"https:\/\/editorialmediterrania.com\/en\/product\/cuina-monastica\/","og_locale":"en_US","og_type":"article","og_title":"\"Cuina mon\u00e0stica\" de Jaume F\u00e0brega. Editorial Mediterr\u00e0nia","og_description":"Cuina mon\u00e0stica \u00e9s un llibre que transmet la mem\u00f2ria de la taula catalana i que \u00e9s a l\u2019abast de tothom.","og_url":"https:\/\/editorialmediterrania.com\/en\/product\/cuina-monastica\/","og_site_name":"Editorial Mediterr\u00e0nia","article_modified_time":"2025-02-03T12:43:03+00:00","og_image":[{"width":1033,"height":1426,"url":"https:\/\/editorialmediterrania.com\/wp-content\/uploads\/2013\/03\/61K9r-J3VGL.jpg","type":"image\/jpeg"}],"twitter_card":"summary_large_image","twitter_site":"@edmediterrania","twitter_misc":{"Est. reading time":"2 minutes"},"schema":{"@context":"https:\/\/schema.org","@graph":[{"@type":"WebPage","@id":"https:\/\/editorialmediterrania.com\/en\/product\/cuina-monastica\/","url":"https:\/\/editorialmediterrania.com\/en\/product\/cuina-monastica\/","name":"\"Cuina mon\u00e0stica\" de Jaume F\u00e0brega. Editorial Mediterr\u00e0nia","isPartOf":{"@id":"https:\/\/editorialmediterrania.com\/en\/#website"},"primaryImageOfPage":{"@id":"https:\/\/editorialmediterrania.com\/en\/product\/cuina-monastica\/#primaryimage"},"image":{"@id":"https:\/\/editorialmediterrania.com\/en\/product\/cuina-monastica\/#primaryimage"},"thumbnailUrl":"https:\/\/editorialmediterrania.com\/wp-content\/uploads\/2013\/03\/61K9r-J3VGL.jpg","datePublished":"2013-03-22T12:29:01+00:00","dateModified":"2025-02-03T12:43:03+00:00","description":"Cuina mon\u00e0stica \u00e9s un llibre que transmet la mem\u00f2ria de la taula catalana i que \u00e9s a l\u2019abast de tothom.","breadcrumb":{"@id":"https:\/\/editorialmediterrania.com\/en\/product\/cuina-monastica\/#breadcrumb"},"inLanguage":"en-US","potentialAction":[{"@type":"ReadAction","target":["https:\/\/editorialmediterrania.com\/en\/product\/cuina-monastica\/"]}]},{"@type":"ImageObject","inLanguage":"en-US","@id":"https:\/\/editorialmediterrania.com\/en\/product\/cuina-monastica\/#primaryimage","url":"https:\/\/editorialmediterrania.com\/wp-content\/uploads\/2013\/03\/61K9r-J3VGL.jpg","contentUrl":"https:\/\/editorialmediterrania.com\/wp-content\/uploads\/2013\/03\/61K9r-J3VGL.jpg","width":1033,"height":1426},{"@type":"BreadcrumbList","@id":"https:\/\/editorialmediterrania.com\/en\/product\/cuina-monastica\/#breadcrumb","itemListElement":[{"@type":"ListItem","position":1,"name":"Children&#8217;s art book store","item":"https:\/\/editorialmediterrania.com\/en\/childrens-art-book-store\/"},{"@type":"ListItem","position":2,"name":"Cuina mon\u00e0stica"}]},{"@type":"WebSite","@id":"https:\/\/editorialmediterrania.com\/en\/#website","url":"https:\/\/editorialmediterrania.com\/en\/","name":"Editorial Mediterrania","description":"Llibres que t\u2019obriran nous mons","publisher":{"@id":"https:\/\/editorialmediterrania.com\/en\/#organization"},"alternateName":"Llibres infantils d'art, cultura i natura","potentialAction":[{"@type":"SearchAction","target":{"@type":"EntryPoint","urlTemplate":"https:\/\/editorialmediterrania.com\/en\/?s={search_term_string}"},"query-input":"required name=search_term_string"}],"inLanguage":"en-US"},{"@type":"Organization","@id":"https:\/\/editorialmediterrania.com\/en\/#organization","name":"Editorial Mediterrania","alternateName":"Llibres d'art, cultura i natura per infants i fam\u00edlies","url":"https:\/\/editorialmediterrania.com\/en\/","logo":{"@type":"ImageObject","inLanguage":"en-US","@id":"https:\/\/editorialmediterrania.com\/en\/#\/schema\/logo\/image\/","url":"https:\/\/editorialmediterrania.com\/wp-content\/uploads\/2023\/03\/LOGO-ED_MEDITERRANIA_OK-2.png","contentUrl":"https:\/\/editorialmediterrania.com\/wp-content\/uploads\/2023\/03\/LOGO-ED_MEDITERRANIA_OK-2.png","width":1200,"height":300,"caption":"Editorial Mediterrania"},"image":{"@id":"https:\/\/editorialmediterrania.com\/en\/#\/schema\/logo\/image\/"},"sameAs":["https:\/\/x.com\/edmediterrania","https:\/\/www.instagram.com\/editorialmediterrania\/"]}]}},"_links":{"self":[{"href":"https:\/\/editorialmediterrania.com\/en\/wp-json\/wp\/v2\/product\/5403","targetHints":{"allow":["GET"]}}],"collection":[{"href":"https:\/\/editorialmediterrania.com\/en\/wp-json\/wp\/v2\/product"}],"about":[{"href":"https:\/\/editorialmediterrania.com\/en\/wp-json\/wp\/v2\/types\/product"}],"wp:featuredmedia":[{"embeddable":true,"href":"https:\/\/editorialmediterrania.com\/en\/wp-json\/wp\/v2\/media\/41283"}],"wp:attachment":[{"href":"https:\/\/editorialmediterrania.com\/en\/wp-json\/wp\/v2\/media?parent=5403"}],"wp:term":[{"taxonomy":"product_cat","embeddable":true,"href":"https:\/\/editorialmediterrania.com\/en\/wp-json\/wp\/v2\/product_cat?post=5403"},{"taxonomy":"product_tag","embeddable":true,"href":"https:\/\/editorialmediterrania.com\/en\/wp-json\/wp\/v2\/product_tag?post=5403"},{"taxonomy":"autors","embeddable":true,"href":"https:\/\/editorialmediterrania.com\/en\/wp-json\/wp\/v2\/autors?post=5403"}],"curies":[{"name":"wp","href":"https:\/\/api.w.org\/{rel}","templated":true}]}}