{"id":5548,"date":"2013-03-27T18:22:14","date_gmt":"2013-03-27T17:22:14","guid":{"rendered":"http:\/\/editorialmediterrania.cat\/?post_type=product&#038;p=5548"},"modified":"2025-06-17T11:56:53","modified_gmt":"2025-06-17T09:56:53","slug":"pocimas-de-capuchino","status":"publish","type":"product","link":"https:\/\/editorialmediterrania.com\/en\/product\/pocimas-de-capuchino\/","title":{"rendered":"P\u00f3cimas de capuchino"},"content":{"rendered":"<div style=\"text-align: justify;\">Despr\u00e9s de l&#8217;\u00e8xit de\u00a0<a title=\"els caputxins i les herbes remeieres\" href=\"http:\/\/editorialmediterrania.cat\/product\/a-la-caputxina\/els-caputxins-i-les-herbes-remeieres\" target=\"_blank\" rel=\"noopener\"><i>Els caputxins i les herbes remeieres<\/i><\/a>\u00a0(tres edicions), en aquest nou llibre, <a title=\"fra valenti serra de manresa\" href=\"http:\/\/editorialmediterrania.cat\/fra-valenti-serra\" target=\"_blank\" rel=\"noopener\">fra Valent\u00ed Serra de Manresa<\/a> ens ofereix un herbari i una selecci\u00f3 d&#8217;antigues receptes vinculades a la tradici\u00f3 franciscano-caputxina. Amb l&#8217;actual retorn de l&#8217;\u00fas de les herbes medicinals, aquestes &#8220;p\u00f3cimas de capuchino&#8221; poden ser de gran utilitat.<\/div>\n<div style=\"text-align: justify;\"><\/div>\n<div style=\"text-align: justify;\">B\u00e0lsam del samarit\u00e0, elixir de llarga vida, xarop pectoral, ung\u00fcent caputx\u00ed de terra sellada &#8230; Ja des de l&#8217;\u00e8poca de la restauraci\u00f3 de la vida conventual i mon\u00e0stica, a partir de la segona meitat del segle XIX, diversos religiosos caputxins han manifestat un especial inter\u00e8s divulgatiu i revitalitzador les antigues tradicions terap\u00e8utiques dels convents a trav\u00e9s de l&#8217;edici\u00f3 de receptaris.<\/div>\n<div style=\"text-align: justify;\">\n<p>Aquest llibre tamb\u00e9 est\u00e0 disponible en format ebook o llibre electr\u00f2nic que podr\u00e0s trobar a la\u00a0web del nostre distribu\u00efdor digital\u00a0<a href=\"http:\/\/www.zonaebooks.com\/Inicio\">Zonaebooks<\/a>.<\/p>\n<\/div>\n","protected":false},"excerpt":{"rendered":"<p>Despr\u00e9s de l&#8217;\u00e8xit de\u00a0Els caputxins i les herbes remeieres\u00a0(tres edicions), en aquest nou llibre, fra Valent\u00ed Serra de Manresa ens ofereix un herbari i una selecci\u00f3 d&#8217;antigues receptes vinculades a la tradici\u00f3 franciscano-caputxina. Amb l&#8217;actual retorn de l&#8217;\u00fas de les herbes medicinals, aquestes &#8220;p\u00f3cimas de capuchino&#8221; poden ser de gran utilitat. B\u00e0lsam del samarit\u00e0, elixir [&hellip;]<\/p>\n","protected":false},"featured_media":41280,"template":"","meta":[],"product_cat":[6541,3351],"product_tag":[621],"autors":[],"class_list":{"0":"post-5548","1":"product","2":"type-product","3":"status-publish","4":"has-post-thumbnail","6":"product_cat-a-la-caputxina","7":"product_cat-mediterrania-productes","8":"product_tag-llibre-dassaig","10":"first","11":"instock","12":"purchasable","13":"product-type-simple","swatches":"rey-swatches","show_selected":""},"acf":[],"yoast_head":"<!-- This site is optimized with the Yoast SEO plugin v22.8 - https:\/\/yoast.com\/wordpress\/plugins\/seo\/ -->\n<title>P\u00f3cimas de capuchino. Hierbas y recetas conventuales Ed. Mediterrania<\/title>\n<meta name=\"description\" content=\"Receptes d&#039;herbes remeieres emprades des de fa segles a la tradici\u00f3 franciscano-caputxina.\" \/>\n<meta name=\"robots\" content=\"index, follow, max-snippet:-1, max-image-preview:large, max-video-preview:-1\" \/>\n<link rel=\"canonical\" href=\"https:\/\/editorialmediterrania.com\/en\/product\/pocimas-de-capuchino\/\" \/>\n<meta property=\"og:locale\" content=\"en_US\" \/>\n<meta property=\"og:type\" content=\"article\" \/>\n<meta property=\"og:title\" content=\"P\u00f3cimas de capuchino. Hierbas y recetas conventuales Ed. Mediterrania\" \/>\n<meta property=\"og:description\" content=\"Receptes d&#039;herbes remeieres emprades des de fa segles a la tradici\u00f3 franciscano-caputxina.\" \/>\n<meta property=\"og:url\" content=\"https:\/\/editorialmediterrania.com\/en\/product\/pocimas-de-capuchino\/\" \/>\n<meta property=\"og:site_name\" content=\"Editorial Mediterr\u00e0nia\" \/>\n<meta property=\"article:modified_time\" content=\"2025-06-17T09:56:53+00:00\" \/>\n<meta property=\"og:image\" content=\"https:\/\/editorialmediterrania.com\/wp-content\/uploads\/2013\/03\/Portada-Pocimas.gif\" \/>\n\t<meta property=\"og:image:width\" content=\"300\" \/>\n\t<meta property=\"og:image:height\" content=\"415\" \/>\n\t<meta property=\"og:image:type\" content=\"image\/gif\" \/>\n<meta name=\"twitter:card\" content=\"summary_large_image\" \/>\n<meta name=\"twitter:site\" content=\"@edmediterrania\" \/>\n<meta name=\"twitter:label1\" content=\"Est. reading time\" \/>\n\t<meta name=\"twitter:data1\" content=\"1 minute\" \/>\n<script type=\"application\/ld+json\" class=\"yoast-schema-graph\">{\"@context\":\"https:\/\/schema.org\",\"@graph\":[{\"@type\":\"WebPage\",\"@id\":\"https:\/\/editorialmediterrania.com\/en\/product\/pocimas-de-capuchino\/\",\"url\":\"https:\/\/editorialmediterrania.com\/en\/product\/pocimas-de-capuchino\/\",\"name\":\"P\u00f3cimas de capuchino. Hierbas y recetas conventuales Ed. Mediterrania\",\"isPartOf\":{\"@id\":\"https:\/\/editorialmediterrania.com\/en\/#website\"},\"primaryImageOfPage\":{\"@id\":\"https:\/\/editorialmediterrania.com\/en\/product\/pocimas-de-capuchino\/#primaryimage\"},\"image\":{\"@id\":\"https:\/\/editorialmediterrania.com\/en\/product\/pocimas-de-capuchino\/#primaryimage\"},\"thumbnailUrl\":\"https:\/\/editorialmediterrania.com\/wp-content\/uploads\/2013\/03\/Portada-Pocimas.gif\",\"datePublished\":\"2013-03-27T17:22:14+00:00\",\"dateModified\":\"2025-06-17T09:56:53+00:00\",\"description\":\"Receptes d'herbes remeieres emprades des de fa segles a la tradici\u00f3 franciscano-caputxina.\",\"breadcrumb\":{\"@id\":\"https:\/\/editorialmediterrania.com\/en\/product\/pocimas-de-capuchino\/#breadcrumb\"},\"inLanguage\":\"en-US\",\"potentialAction\":[{\"@type\":\"ReadAction\",\"target\":[\"https:\/\/editorialmediterrania.com\/en\/product\/pocimas-de-capuchino\/\"]}]},{\"@type\":\"ImageObject\",\"inLanguage\":\"en-US\",\"@id\":\"https:\/\/editorialmediterrania.com\/en\/product\/pocimas-de-capuchino\/#primaryimage\",\"url\":\"https:\/\/editorialmediterrania.com\/wp-content\/uploads\/2013\/03\/Portada-Pocimas.gif\",\"contentUrl\":\"https:\/\/editorialmediterrania.com\/wp-content\/uploads\/2013\/03\/Portada-Pocimas.gif\",\"width\":300,\"height\":415},{\"@type\":\"BreadcrumbList\",\"@id\":\"https:\/\/editorialmediterrania.com\/en\/product\/pocimas-de-capuchino\/#breadcrumb\",\"itemListElement\":[{\"@type\":\"ListItem\",\"position\":1,\"name\":\"Children&#8217;s art book store\",\"item\":\"https:\/\/editorialmediterrania.com\/en\/childrens-art-book-store\/\"},{\"@type\":\"ListItem\",\"position\":2,\"name\":\"P\u00f3cimas de capuchino\"}]},{\"@type\":\"WebSite\",\"@id\":\"https:\/\/editorialmediterrania.com\/en\/#website\",\"url\":\"https:\/\/editorialmediterrania.com\/en\/\",\"name\":\"Editorial Mediterrania\",\"description\":\"Llibres que t\u2019obriran nous mons\",\"publisher\":{\"@id\":\"https:\/\/editorialmediterrania.com\/en\/#organization\"},\"alternateName\":\"Llibres infantils d'art, cultura i natura\",\"potentialAction\":[{\"@type\":\"SearchAction\",\"target\":{\"@type\":\"EntryPoint\",\"urlTemplate\":\"https:\/\/editorialmediterrania.com\/en\/?s={search_term_string}\"},\"query-input\":\"required name=search_term_string\"}],\"inLanguage\":\"en-US\"},{\"@type\":\"Organization\",\"@id\":\"https:\/\/editorialmediterrania.com\/en\/#organization\",\"name\":\"Editorial Mediterrania\",\"alternateName\":\"Llibres d'art, cultura i natura per infants i fam\u00edlies\",\"url\":\"https:\/\/editorialmediterrania.com\/en\/\",\"logo\":{\"@type\":\"ImageObject\",\"inLanguage\":\"en-US\",\"@id\":\"https:\/\/editorialmediterrania.com\/en\/#\/schema\/logo\/image\/\",\"url\":\"https:\/\/editorialmediterrania.com\/wp-content\/uploads\/2023\/03\/LOGO-ED_MEDITERRANIA_OK-2.png\",\"contentUrl\":\"https:\/\/editorialmediterrania.com\/wp-content\/uploads\/2023\/03\/LOGO-ED_MEDITERRANIA_OK-2.png\",\"width\":1200,\"height\":300,\"caption\":\"Editorial Mediterrania\"},\"image\":{\"@id\":\"https:\/\/editorialmediterrania.com\/en\/#\/schema\/logo\/image\/\"},\"sameAs\":[\"https:\/\/x.com\/edmediterrania\",\"https:\/\/www.instagram.com\/editorialmediterrania\/\"]}]}<\/script>\n<!-- \/ Yoast SEO plugin. -->","yoast_head_json":{"title":"P\u00f3cimas de capuchino. Hierbas y recetas conventuales Ed. Mediterrania","description":"Receptes d'herbes remeieres emprades des de fa segles a la tradici\u00f3 franciscano-caputxina.","robots":{"index":"index","follow":"follow","max-snippet":"max-snippet:-1","max-image-preview":"max-image-preview:large","max-video-preview":"max-video-preview:-1"},"canonical":"https:\/\/editorialmediterrania.com\/en\/product\/pocimas-de-capuchino\/","og_locale":"en_US","og_type":"article","og_title":"P\u00f3cimas de capuchino. Hierbas y recetas conventuales Ed. Mediterrania","og_description":"Receptes d'herbes remeieres emprades des de fa segles a la tradici\u00f3 franciscano-caputxina.","og_url":"https:\/\/editorialmediterrania.com\/en\/product\/pocimas-de-capuchino\/","og_site_name":"Editorial Mediterr\u00e0nia","article_modified_time":"2025-06-17T09:56:53+00:00","og_image":[{"width":300,"height":415,"url":"https:\/\/editorialmediterrania.com\/wp-content\/uploads\/2013\/03\/Portada-Pocimas.gif","type":"image\/gif"}],"twitter_card":"summary_large_image","twitter_site":"@edmediterrania","twitter_misc":{"Est. reading time":"1 minute"},"schema":{"@context":"https:\/\/schema.org","@graph":[{"@type":"WebPage","@id":"https:\/\/editorialmediterrania.com\/en\/product\/pocimas-de-capuchino\/","url":"https:\/\/editorialmediterrania.com\/en\/product\/pocimas-de-capuchino\/","name":"P\u00f3cimas de capuchino. Hierbas y recetas conventuales Ed. Mediterrania","isPartOf":{"@id":"https:\/\/editorialmediterrania.com\/en\/#website"},"primaryImageOfPage":{"@id":"https:\/\/editorialmediterrania.com\/en\/product\/pocimas-de-capuchino\/#primaryimage"},"image":{"@id":"https:\/\/editorialmediterrania.com\/en\/product\/pocimas-de-capuchino\/#primaryimage"},"thumbnailUrl":"https:\/\/editorialmediterrania.com\/wp-content\/uploads\/2013\/03\/Portada-Pocimas.gif","datePublished":"2013-03-27T17:22:14+00:00","dateModified":"2025-06-17T09:56:53+00:00","description":"Receptes d'herbes remeieres emprades des de fa segles a la tradici\u00f3 franciscano-caputxina.","breadcrumb":{"@id":"https:\/\/editorialmediterrania.com\/en\/product\/pocimas-de-capuchino\/#breadcrumb"},"inLanguage":"en-US","potentialAction":[{"@type":"ReadAction","target":["https:\/\/editorialmediterrania.com\/en\/product\/pocimas-de-capuchino\/"]}]},{"@type":"ImageObject","inLanguage":"en-US","@id":"https:\/\/editorialmediterrania.com\/en\/product\/pocimas-de-capuchino\/#primaryimage","url":"https:\/\/editorialmediterrania.com\/wp-content\/uploads\/2013\/03\/Portada-Pocimas.gif","contentUrl":"https:\/\/editorialmediterrania.com\/wp-content\/uploads\/2013\/03\/Portada-Pocimas.gif","width":300,"height":415},{"@type":"BreadcrumbList","@id":"https:\/\/editorialmediterrania.com\/en\/product\/pocimas-de-capuchino\/#breadcrumb","itemListElement":[{"@type":"ListItem","position":1,"name":"Children&#8217;s art book store","item":"https:\/\/editorialmediterrania.com\/en\/childrens-art-book-store\/"},{"@type":"ListItem","position":2,"name":"P\u00f3cimas de capuchino"}]},{"@type":"WebSite","@id":"https:\/\/editorialmediterrania.com\/en\/#website","url":"https:\/\/editorialmediterrania.com\/en\/","name":"Editorial Mediterrania","description":"Llibres que t\u2019obriran nous mons","publisher":{"@id":"https:\/\/editorialmediterrania.com\/en\/#organization"},"alternateName":"Llibres infantils d'art, cultura i natura","potentialAction":[{"@type":"SearchAction","target":{"@type":"EntryPoint","urlTemplate":"https:\/\/editorialmediterrania.com\/en\/?s={search_term_string}"},"query-input":"required name=search_term_string"}],"inLanguage":"en-US"},{"@type":"Organization","@id":"https:\/\/editorialmediterrania.com\/en\/#organization","name":"Editorial Mediterrania","alternateName":"Llibres d'art, cultura i natura per infants i fam\u00edlies","url":"https:\/\/editorialmediterrania.com\/en\/","logo":{"@type":"ImageObject","inLanguage":"en-US","@id":"https:\/\/editorialmediterrania.com\/en\/#\/schema\/logo\/image\/","url":"https:\/\/editorialmediterrania.com\/wp-content\/uploads\/2023\/03\/LOGO-ED_MEDITERRANIA_OK-2.png","contentUrl":"https:\/\/editorialmediterrania.com\/wp-content\/uploads\/2023\/03\/LOGO-ED_MEDITERRANIA_OK-2.png","width":1200,"height":300,"caption":"Editorial Mediterrania"},"image":{"@id":"https:\/\/editorialmediterrania.com\/en\/#\/schema\/logo\/image\/"},"sameAs":["https:\/\/x.com\/edmediterrania","https:\/\/www.instagram.com\/editorialmediterrania\/"]}]}},"_links":{"self":[{"href":"https:\/\/editorialmediterrania.com\/en\/wp-json\/wp\/v2\/product\/5548","targetHints":{"allow":["GET"]}}],"collection":[{"href":"https:\/\/editorialmediterrania.com\/en\/wp-json\/wp\/v2\/product"}],"about":[{"href":"https:\/\/editorialmediterrania.com\/en\/wp-json\/wp\/v2\/types\/product"}],"wp:featuredmedia":[{"embeddable":true,"href":"https:\/\/editorialmediterrania.com\/en\/wp-json\/wp\/v2\/media\/41280"}],"wp:attachment":[{"href":"https:\/\/editorialmediterrania.com\/en\/wp-json\/wp\/v2\/media?parent=5548"}],"wp:term":[{"taxonomy":"product_cat","embeddable":true,"href":"https:\/\/editorialmediterrania.com\/en\/wp-json\/wp\/v2\/product_cat?post=5548"},{"taxonomy":"product_tag","embeddable":true,"href":"https:\/\/editorialmediterrania.com\/en\/wp-json\/wp\/v2\/product_tag?post=5548"},{"taxonomy":"autors","embeddable":true,"href":"https:\/\/editorialmediterrania.com\/en\/wp-json\/wp\/v2\/autors?post=5548"}],"curies":[{"name":"wp","href":"https:\/\/api.w.org\/{rel}","templated":true}]}}