{"id":557,"date":"2012-11-19T21:54:47","date_gmt":"2012-11-19T20:54:47","guid":{"rendered":"http:\/\/mediterrania.adgency.es\/?post_type=product&#038;p=557"},"modified":"2025-05-13T20:13:53","modified_gmt":"2025-05-13T18:13:53","slug":"subirachs-a-montserrat","status":"publish","type":"product","link":"https:\/\/editorialmediterrania.com\/en\/product\/subirachs-a-montserrat\/","title":{"rendered":"Subirachs a Montserrat"},"content":{"rendered":"<p lang=\"ca-ES\" style=\"text-align: justify;\" align=\"JUSTIFY\">Aquest volum cataloga les obres que el fam\u00f3s escultor catal\u00e0 va fer a l&#8217;Abadia de Montserrat, on es veu la seva evoluci\u00f3 de l&#8217;art m\u00e9s abstracte fins a la nova figuraci\u00f3, passant per l&#8217;estil mediterrani i l&#8217;expressionisme. Inclou fotografies d&#8217;arxiu acompanyades de comentaris que ajuden a la comprensi\u00f3 de les obres m\u00e9s importants de Subirachs a Montserrat.<\/p>\n","protected":false},"excerpt":{"rendered":"<p>Aquest volum cataloga les obres que el fam\u00f3s escultor catal\u00e0 va fer a l&#8217;Abadia de Montserrat, on es veu la seva evoluci\u00f3 de l&#8217;art m\u00e9s abstracte fins a la nova figuraci\u00f3, passant per l&#8217;estil mediterrani i l&#8217;expressionisme. Inclou fotografies d&#8217;arxiu acompanyades de comentaris que ajuden a la comprensi\u00f3 de les obres m\u00e9s importants de Subirachs [&hellip;]<\/p>\n","protected":false},"featured_media":18546,"template":"","meta":[],"product_cat":[3351,17],"product_tag":[1736,1744],"autors":[],"class_list":{"0":"post-557","1":"product","2":"type-product","3":"status-publish","4":"has-post-thumbnail","6":"product_cat-mediterrania-productes","7":"product_cat-art-adult","8":"product_tag-josep-maria-subirachs","9":"product_tag-judit-subirachs-burgaya","11":"first","12":"instock","13":"purchasable","14":"product-type-simple","swatches":"rey-swatches","show_selected":""},"acf":[],"yoast_head":"<!-- This site is optimized with the Yoast SEO plugin v22.8 - https:\/\/yoast.com\/wordpress\/plugins\/seo\/ -->\n<title>Subirachs a Montserrat - Editorial Mediterrania<\/title>\n<meta name=\"description\" content=\"Cataloga les obres que l&#039;escultor va fer a Montserrat, on es veu la seva evoluci\u00f3 de l&#039;art abstracte fins a la nova figuraci\u00f3, passant per l&#039;expressionisme.\" \/>\n<meta name=\"robots\" content=\"index, follow, max-snippet:-1, max-image-preview:large, max-video-preview:-1\" \/>\n<link rel=\"canonical\" href=\"https:\/\/editorialmediterrania.com\/en\/product\/subirachs-a-montserrat\/\" \/>\n<meta property=\"og:locale\" content=\"en_US\" \/>\n<meta property=\"og:type\" content=\"article\" \/>\n<meta property=\"og:title\" content=\"Subirachs a Montserrat - Editorial Mediterrania\" \/>\n<meta property=\"og:description\" content=\"Cataloga les obres que l&#039;escultor va fer a Montserrat, on es veu la seva evoluci\u00f3 de l&#039;art abstracte fins a la nova figuraci\u00f3, passant per l&#039;expressionisme.\" \/>\n<meta property=\"og:url\" content=\"https:\/\/editorialmediterrania.com\/en\/product\/subirachs-a-montserrat\/\" \/>\n<meta property=\"og:site_name\" content=\"Editorial Mediterr\u00e0nia\" \/>\n<meta property=\"article:modified_time\" content=\"2025-05-13T18:13:53+00:00\" \/>\n<meta property=\"og:image\" content=\"https:\/\/editorialmediterrania.com\/wp-content\/uploads\/2012\/11\/Subirachs-a-Montserrat.jpg\" \/>\n\t<meta property=\"og:image:width\" content=\"600\" \/>\n\t<meta property=\"og:image:height\" content=\"836\" \/>\n\t<meta property=\"og:image:type\" content=\"image\/jpeg\" \/>\n<meta name=\"twitter:card\" content=\"summary_large_image\" \/>\n<meta name=\"twitter:site\" content=\"@edmediterrania\" \/>\n<script type=\"application\/ld+json\" class=\"yoast-schema-graph\">{\"@context\":\"https:\/\/schema.org\",\"@graph\":[{\"@type\":\"WebPage\",\"@id\":\"https:\/\/editorialmediterrania.com\/en\/product\/subirachs-a-montserrat\/\",\"url\":\"https:\/\/editorialmediterrania.com\/en\/product\/subirachs-a-montserrat\/\",\"name\":\"Subirachs a Montserrat - Editorial Mediterrania\",\"isPartOf\":{\"@id\":\"https:\/\/editorialmediterrania.com\/en\/#website\"},\"primaryImageOfPage\":{\"@id\":\"https:\/\/editorialmediterrania.com\/en\/product\/subirachs-a-montserrat\/#primaryimage\"},\"image\":{\"@id\":\"https:\/\/editorialmediterrania.com\/en\/product\/subirachs-a-montserrat\/#primaryimage\"},\"thumbnailUrl\":\"https:\/\/editorialmediterrania.com\/wp-content\/uploads\/2012\/11\/Subirachs-a-Montserrat.jpg\",\"datePublished\":\"2012-11-19T20:54:47+00:00\",\"dateModified\":\"2025-05-13T18:13:53+00:00\",\"description\":\"Cataloga les obres que l'escultor va fer a Montserrat, on es veu la seva evoluci\u00f3 de l'art abstracte fins a la nova figuraci\u00f3, passant per l'expressionisme.\",\"breadcrumb\":{\"@id\":\"https:\/\/editorialmediterrania.com\/en\/product\/subirachs-a-montserrat\/#breadcrumb\"},\"inLanguage\":\"en-US\",\"potentialAction\":[{\"@type\":\"ReadAction\",\"target\":[\"https:\/\/editorialmediterrania.com\/en\/product\/subirachs-a-montserrat\/\"]}]},{\"@type\":\"ImageObject\",\"inLanguage\":\"en-US\",\"@id\":\"https:\/\/editorialmediterrania.com\/en\/product\/subirachs-a-montserrat\/#primaryimage\",\"url\":\"https:\/\/editorialmediterrania.com\/wp-content\/uploads\/2012\/11\/Subirachs-a-Montserrat.jpg\",\"contentUrl\":\"https:\/\/editorialmediterrania.com\/wp-content\/uploads\/2012\/11\/Subirachs-a-Montserrat.jpg\",\"width\":600,\"height\":836},{\"@type\":\"BreadcrumbList\",\"@id\":\"https:\/\/editorialmediterrania.com\/en\/product\/subirachs-a-montserrat\/#breadcrumb\",\"itemListElement\":[{\"@type\":\"ListItem\",\"position\":1,\"name\":\"Children&#8217;s art book store\",\"item\":\"https:\/\/editorialmediterrania.com\/en\/childrens-art-book-store\/\"},{\"@type\":\"ListItem\",\"position\":2,\"name\":\"Subirachs a Montserrat\"}]},{\"@type\":\"WebSite\",\"@id\":\"https:\/\/editorialmediterrania.com\/en\/#website\",\"url\":\"https:\/\/editorialmediterrania.com\/en\/\",\"name\":\"Editorial Mediterrania\",\"description\":\"Llibres que t\u2019obriran nous mons\",\"publisher\":{\"@id\":\"https:\/\/editorialmediterrania.com\/en\/#organization\"},\"alternateName\":\"Llibres infantils d'art, cultura i natura\",\"potentialAction\":[{\"@type\":\"SearchAction\",\"target\":{\"@type\":\"EntryPoint\",\"urlTemplate\":\"https:\/\/editorialmediterrania.com\/en\/?s={search_term_string}\"},\"query-input\":\"required name=search_term_string\"}],\"inLanguage\":\"en-US\"},{\"@type\":\"Organization\",\"@id\":\"https:\/\/editorialmediterrania.com\/en\/#organization\",\"name\":\"Editorial Mediterrania\",\"alternateName\":\"Llibres d'art, cultura i natura per infants i fam\u00edlies\",\"url\":\"https:\/\/editorialmediterrania.com\/en\/\",\"logo\":{\"@type\":\"ImageObject\",\"inLanguage\":\"en-US\",\"@id\":\"https:\/\/editorialmediterrania.com\/en\/#\/schema\/logo\/image\/\",\"url\":\"https:\/\/editorialmediterrania.com\/wp-content\/uploads\/2023\/03\/LOGO-ED_MEDITERRANIA_OK-2.png\",\"contentUrl\":\"https:\/\/editorialmediterrania.com\/wp-content\/uploads\/2023\/03\/LOGO-ED_MEDITERRANIA_OK-2.png\",\"width\":1200,\"height\":300,\"caption\":\"Editorial Mediterrania\"},\"image\":{\"@id\":\"https:\/\/editorialmediterrania.com\/en\/#\/schema\/logo\/image\/\"},\"sameAs\":[\"https:\/\/x.com\/edmediterrania\",\"https:\/\/www.instagram.com\/editorialmediterrania\/\"]}]}<\/script>\n<!-- \/ Yoast SEO plugin. -->","yoast_head_json":{"title":"Subirachs a Montserrat - Editorial Mediterrania","description":"Cataloga les obres que l'escultor va fer a Montserrat, on es veu la seva evoluci\u00f3 de l'art abstracte fins a la nova figuraci\u00f3, passant per l'expressionisme.","robots":{"index":"index","follow":"follow","max-snippet":"max-snippet:-1","max-image-preview":"max-image-preview:large","max-video-preview":"max-video-preview:-1"},"canonical":"https:\/\/editorialmediterrania.com\/en\/product\/subirachs-a-montserrat\/","og_locale":"en_US","og_type":"article","og_title":"Subirachs a Montserrat - Editorial Mediterrania","og_description":"Cataloga les obres que l'escultor va fer a Montserrat, on es veu la seva evoluci\u00f3 de l'art abstracte fins a la nova figuraci\u00f3, passant per l'expressionisme.","og_url":"https:\/\/editorialmediterrania.com\/en\/product\/subirachs-a-montserrat\/","og_site_name":"Editorial Mediterr\u00e0nia","article_modified_time":"2025-05-13T18:13:53+00:00","og_image":[{"width":600,"height":836,"url":"https:\/\/editorialmediterrania.com\/wp-content\/uploads\/2012\/11\/Subirachs-a-Montserrat.jpg","type":"image\/jpeg"}],"twitter_card":"summary_large_image","twitter_site":"@edmediterrania","schema":{"@context":"https:\/\/schema.org","@graph":[{"@type":"WebPage","@id":"https:\/\/editorialmediterrania.com\/en\/product\/subirachs-a-montserrat\/","url":"https:\/\/editorialmediterrania.com\/en\/product\/subirachs-a-montserrat\/","name":"Subirachs a Montserrat - Editorial Mediterrania","isPartOf":{"@id":"https:\/\/editorialmediterrania.com\/en\/#website"},"primaryImageOfPage":{"@id":"https:\/\/editorialmediterrania.com\/en\/product\/subirachs-a-montserrat\/#primaryimage"},"image":{"@id":"https:\/\/editorialmediterrania.com\/en\/product\/subirachs-a-montserrat\/#primaryimage"},"thumbnailUrl":"https:\/\/editorialmediterrania.com\/wp-content\/uploads\/2012\/11\/Subirachs-a-Montserrat.jpg","datePublished":"2012-11-19T20:54:47+00:00","dateModified":"2025-05-13T18:13:53+00:00","description":"Cataloga les obres que l'escultor va fer a Montserrat, on es veu la seva evoluci\u00f3 de l'art abstracte fins a la nova figuraci\u00f3, passant per l'expressionisme.","breadcrumb":{"@id":"https:\/\/editorialmediterrania.com\/en\/product\/subirachs-a-montserrat\/#breadcrumb"},"inLanguage":"en-US","potentialAction":[{"@type":"ReadAction","target":["https:\/\/editorialmediterrania.com\/en\/product\/subirachs-a-montserrat\/"]}]},{"@type":"ImageObject","inLanguage":"en-US","@id":"https:\/\/editorialmediterrania.com\/en\/product\/subirachs-a-montserrat\/#primaryimage","url":"https:\/\/editorialmediterrania.com\/wp-content\/uploads\/2012\/11\/Subirachs-a-Montserrat.jpg","contentUrl":"https:\/\/editorialmediterrania.com\/wp-content\/uploads\/2012\/11\/Subirachs-a-Montserrat.jpg","width":600,"height":836},{"@type":"BreadcrumbList","@id":"https:\/\/editorialmediterrania.com\/en\/product\/subirachs-a-montserrat\/#breadcrumb","itemListElement":[{"@type":"ListItem","position":1,"name":"Children&#8217;s art book store","item":"https:\/\/editorialmediterrania.com\/en\/childrens-art-book-store\/"},{"@type":"ListItem","position":2,"name":"Subirachs a Montserrat"}]},{"@type":"WebSite","@id":"https:\/\/editorialmediterrania.com\/en\/#website","url":"https:\/\/editorialmediterrania.com\/en\/","name":"Editorial Mediterrania","description":"Llibres que t\u2019obriran nous mons","publisher":{"@id":"https:\/\/editorialmediterrania.com\/en\/#organization"},"alternateName":"Llibres infantils d'art, cultura i natura","potentialAction":[{"@type":"SearchAction","target":{"@type":"EntryPoint","urlTemplate":"https:\/\/editorialmediterrania.com\/en\/?s={search_term_string}"},"query-input":"required name=search_term_string"}],"inLanguage":"en-US"},{"@type":"Organization","@id":"https:\/\/editorialmediterrania.com\/en\/#organization","name":"Editorial Mediterrania","alternateName":"Llibres d'art, cultura i natura per infants i fam\u00edlies","url":"https:\/\/editorialmediterrania.com\/en\/","logo":{"@type":"ImageObject","inLanguage":"en-US","@id":"https:\/\/editorialmediterrania.com\/en\/#\/schema\/logo\/image\/","url":"https:\/\/editorialmediterrania.com\/wp-content\/uploads\/2023\/03\/LOGO-ED_MEDITERRANIA_OK-2.png","contentUrl":"https:\/\/editorialmediterrania.com\/wp-content\/uploads\/2023\/03\/LOGO-ED_MEDITERRANIA_OK-2.png","width":1200,"height":300,"caption":"Editorial Mediterrania"},"image":{"@id":"https:\/\/editorialmediterrania.com\/en\/#\/schema\/logo\/image\/"},"sameAs":["https:\/\/x.com\/edmediterrania","https:\/\/www.instagram.com\/editorialmediterrania\/"]}]}},"_links":{"self":[{"href":"https:\/\/editorialmediterrania.com\/en\/wp-json\/wp\/v2\/product\/557","targetHints":{"allow":["GET"]}}],"collection":[{"href":"https:\/\/editorialmediterrania.com\/en\/wp-json\/wp\/v2\/product"}],"about":[{"href":"https:\/\/editorialmediterrania.com\/en\/wp-json\/wp\/v2\/types\/product"}],"wp:featuredmedia":[{"embeddable":true,"href":"https:\/\/editorialmediterrania.com\/en\/wp-json\/wp\/v2\/media\/18546"}],"wp:attachment":[{"href":"https:\/\/editorialmediterrania.com\/en\/wp-json\/wp\/v2\/media?parent=557"}],"wp:term":[{"taxonomy":"product_cat","embeddable":true,"href":"https:\/\/editorialmediterrania.com\/en\/wp-json\/wp\/v2\/product_cat?post=557"},{"taxonomy":"product_tag","embeddable":true,"href":"https:\/\/editorialmediterrania.com\/en\/wp-json\/wp\/v2\/product_tag?post=557"},{"taxonomy":"autors","embeddable":true,"href":"https:\/\/editorialmediterrania.com\/en\/wp-json\/wp\/v2\/autors?post=557"}],"curies":[{"name":"wp","href":"https:\/\/api.w.org\/{rel}","templated":true}]}}