{"id":6492,"date":"2013-06-17T13:56:06","date_gmt":"2013-06-17T11:56:06","guid":{"rendered":"http:\/\/editorialmediterrania.cat\/?post_type=product&#038;p=6492"},"modified":"2021-05-10T19:14:53","modified_gmt":"2021-05-10T17:14:53","slug":"petita-historia-de-vilafranca-del-penedes","status":"publish","type":"product","link":"https:\/\/editorialmediterrania.com\/en\/product\/petita-historia-de-vilafranca-del-penedes\/","title":{"rendered":"Petita hist\u00f2ria de Vilafranca del Pened\u00e8s"},"content":{"rendered":"<p style=\"text-align: justify;\">Tot va comen\u00e7ar fa un grapat de segles, quan Catalunya s\u2019anava estenent m\u00e9s avall del riu Llobregat&#8230; Vilafranca es va convertir de mica en mica en una de les principals poblacions catalanes. La <em>Petita hist\u00f2ria de Vilafranca del Pened\u00e8s<\/em> \u00e9s un llibre infantil que explica als infants la hist\u00f2ria de la capital de l\u2019Alt Pened\u00e8s, il\u00b7lustrada per Pilar\u00edn Bay\u00e9s.<\/p>\n<p>&nbsp;<\/p>\n<p style=\"text-align: center;\">\n","protected":false},"excerpt":{"rendered":"<p>Tot va comen\u00e7ar fa un grapat de segles, quan Catalunya s\u2019anava estenent m\u00e9s avall del riu Llobregat&#8230; Vilafranca es va convertir de mica en mica en una de les principals poblacions catalanes. La Petita hist\u00f2ria de Vilafranca del Pened\u00e8s \u00e9s un llibre infantil que explica als infants la hist\u00f2ria de la capital de l\u2019Alt Pened\u00e8s, [&hellip;]<\/p>\n","protected":false},"featured_media":22514,"template":"","meta":[],"product_cat":[16,73],"product_tag":[6107,6053,5998,377,4362,1137],"autors":[],"class_list":{"0":"post-6492","1":"product","2":"type-product","3":"status-publish","4":"has-post-thumbnail","6":"product_cat-editorial-mediterrania","7":"product_cat-petites-histories","8":"product_tag-conte-il-lustrat","9":"product_tag-conte-infantil","10":"product_tag-llibre-il-lustrat","11":"product_tag-llibre-infantil","12":"product_tag-pilarin-bayes","13":"product_tag-vilafranca-del-penedes","15":"first","16":"outofstock","17":"purchasable","18":"product-type-simple","swatches":"rey-swatches","show_selected":""},"acf":[],"yoast_head":"<!-- This site is optimized with the Yoast SEO plugin v22.8 - https:\/\/yoast.com\/wordpress\/plugins\/seo\/ -->\n<title>Petita hist\u00f2ria de Vilafranca del Pened\u00e8s - Editorial Mediterr\u00e0nia<\/title>\n<meta name=\"description\" content=\"La Petita hist\u00f2ria de Vilafranca del Pened\u00e8s \u00e9s un llibre infantil que explica als infants la hist\u00f2ria de la capital de l&#039;Alt Pened\u00e8s, il\u00b7lustrada per Pilar\u00edn Bay\u00e9s.\" \/>\n<meta name=\"robots\" content=\"index, follow, max-snippet:-1, max-image-preview:large, max-video-preview:-1\" \/>\n<link rel=\"canonical\" href=\"https:\/\/editorialmediterrania.com\/en\/product\/petita-historia-de-vilafranca-del-penedes\/\" \/>\n<meta property=\"og:locale\" content=\"en_US\" \/>\n<meta property=\"og:type\" content=\"article\" \/>\n<meta property=\"og:title\" content=\"Petita hist\u00f2ria de Vilafranca del Pened\u00e8s - Editorial Mediterr\u00e0nia\" \/>\n<meta property=\"og:description\" content=\"La Petita hist\u00f2ria de Vilafranca del Pened\u00e8s \u00e9s un llibre infantil que explica als infants la hist\u00f2ria de la capital de l&#039;Alt Pened\u00e8s, il\u00b7lustrada per Pilar\u00edn Bay\u00e9s.\" \/>\n<meta property=\"og:url\" content=\"https:\/\/editorialmediterrania.com\/en\/product\/petita-historia-de-vilafranca-del-penedes\/\" \/>\n<meta property=\"og:site_name\" content=\"Editorial Mediterr\u00e0nia\" \/>\n<meta property=\"article:modified_time\" content=\"2021-05-10T17:14:53+00:00\" \/>\n<meta property=\"og:image\" content=\"https:\/\/editorialmediterrania.com\/wp-content\/uploads\/2013\/06\/Petita-Historia-de-Vilafranca-del-Penedes.jpg\" \/>\n\t<meta property=\"og:image:width\" content=\"600\" \/>\n\t<meta property=\"og:image:height\" content=\"712\" \/>\n\t<meta property=\"og:image:type\" content=\"image\/jpeg\" \/>\n<meta name=\"twitter:card\" content=\"summary_large_image\" \/>\n<meta name=\"twitter:site\" content=\"@edmediterrania\" \/>\n<meta name=\"twitter:label1\" content=\"Est. reading time\" \/>\n\t<meta name=\"twitter:data1\" content=\"1 minute\" \/>\n<script type=\"application\/ld+json\" class=\"yoast-schema-graph\">{\"@context\":\"https:\/\/schema.org\",\"@graph\":[{\"@type\":\"WebPage\",\"@id\":\"https:\/\/editorialmediterrania.com\/en\/product\/petita-historia-de-vilafranca-del-penedes\/\",\"url\":\"https:\/\/editorialmediterrania.com\/en\/product\/petita-historia-de-vilafranca-del-penedes\/\",\"name\":\"Petita hist\u00f2ria de Vilafranca del Pened\u00e8s - Editorial Mediterr\u00e0nia\",\"isPartOf\":{\"@id\":\"https:\/\/editorialmediterrania.com\/en\/#website\"},\"primaryImageOfPage\":{\"@id\":\"https:\/\/editorialmediterrania.com\/en\/product\/petita-historia-de-vilafranca-del-penedes\/#primaryimage\"},\"image\":{\"@id\":\"https:\/\/editorialmediterrania.com\/en\/product\/petita-historia-de-vilafranca-del-penedes\/#primaryimage\"},\"thumbnailUrl\":\"https:\/\/editorialmediterrania.com\/wp-content\/uploads\/2013\/06\/Petita-Historia-de-Vilafranca-del-Penedes.jpg\",\"datePublished\":\"2013-06-17T11:56:06+00:00\",\"dateModified\":\"2021-05-10T17:14:53+00:00\",\"description\":\"La Petita hist\u00f2ria de Vilafranca del Pened\u00e8s \u00e9s un llibre infantil que explica als infants la hist\u00f2ria de la capital de l'Alt Pened\u00e8s, il\u00b7lustrada per Pilar\u00edn Bay\u00e9s.\",\"breadcrumb\":{\"@id\":\"https:\/\/editorialmediterrania.com\/en\/product\/petita-historia-de-vilafranca-del-penedes\/#breadcrumb\"},\"inLanguage\":\"en-US\",\"potentialAction\":[{\"@type\":\"ReadAction\",\"target\":[\"https:\/\/editorialmediterrania.com\/en\/product\/petita-historia-de-vilafranca-del-penedes\/\"]}]},{\"@type\":\"ImageObject\",\"inLanguage\":\"en-US\",\"@id\":\"https:\/\/editorialmediterrania.com\/en\/product\/petita-historia-de-vilafranca-del-penedes\/#primaryimage\",\"url\":\"https:\/\/editorialmediterrania.com\/wp-content\/uploads\/2013\/06\/Petita-Historia-de-Vilafranca-del-Penedes.jpg\",\"contentUrl\":\"https:\/\/editorialmediterrania.com\/wp-content\/uploads\/2013\/06\/Petita-Historia-de-Vilafranca-del-Penedes.jpg\",\"width\":600,\"height\":712,\"caption\":\"Petita Hist\u00f2ria de Vilafranca del Pened\u00e8s - Editorial Mediterr\u00e0nia\"},{\"@type\":\"BreadcrumbList\",\"@id\":\"https:\/\/editorialmediterrania.com\/en\/product\/petita-historia-de-vilafranca-del-penedes\/#breadcrumb\",\"itemListElement\":[{\"@type\":\"ListItem\",\"position\":1,\"name\":\"Children&#8217;s art book store\",\"item\":\"https:\/\/editorialmediterrania.com\/en\/childrens-art-book-store\/\"},{\"@type\":\"ListItem\",\"position\":2,\"name\":\"Petita hist\u00f2ria de Vilafranca del Pened\u00e8s\"}]},{\"@type\":\"WebSite\",\"@id\":\"https:\/\/editorialmediterrania.com\/en\/#website\",\"url\":\"https:\/\/editorialmediterrania.com\/en\/\",\"name\":\"Editorial Mediterrania\",\"description\":\"Llibres que t\u2019obriran nous mons\",\"publisher\":{\"@id\":\"https:\/\/editorialmediterrania.com\/en\/#organization\"},\"alternateName\":\"Llibres infantils d'art, cultura i natura\",\"potentialAction\":[{\"@type\":\"SearchAction\",\"target\":{\"@type\":\"EntryPoint\",\"urlTemplate\":\"https:\/\/editorialmediterrania.com\/en\/?s={search_term_string}\"},\"query-input\":\"required name=search_term_string\"}],\"inLanguage\":\"en-US\"},{\"@type\":\"Organization\",\"@id\":\"https:\/\/editorialmediterrania.com\/en\/#organization\",\"name\":\"Editorial Mediterrania\",\"alternateName\":\"Llibres d'art, cultura i natura per infants i fam\u00edlies\",\"url\":\"https:\/\/editorialmediterrania.com\/en\/\",\"logo\":{\"@type\":\"ImageObject\",\"inLanguage\":\"en-US\",\"@id\":\"https:\/\/editorialmediterrania.com\/en\/#\/schema\/logo\/image\/\",\"url\":\"https:\/\/editorialmediterrania.com\/wp-content\/uploads\/2023\/03\/LOGO-ED_MEDITERRANIA_OK-2.png\",\"contentUrl\":\"https:\/\/editorialmediterrania.com\/wp-content\/uploads\/2023\/03\/LOGO-ED_MEDITERRANIA_OK-2.png\",\"width\":1200,\"height\":300,\"caption\":\"Editorial Mediterrania\"},\"image\":{\"@id\":\"https:\/\/editorialmediterrania.com\/en\/#\/schema\/logo\/image\/\"},\"sameAs\":[\"https:\/\/x.com\/edmediterrania\",\"https:\/\/www.instagram.com\/editorialmediterrania\/\"]}]}<\/script>\n<!-- \/ Yoast SEO plugin. -->","yoast_head_json":{"title":"Petita hist\u00f2ria de Vilafranca del Pened\u00e8s - Editorial Mediterr\u00e0nia","description":"La Petita hist\u00f2ria de Vilafranca del Pened\u00e8s \u00e9s un llibre infantil que explica als infants la hist\u00f2ria de la capital de l'Alt Pened\u00e8s, il\u00b7lustrada per Pilar\u00edn Bay\u00e9s.","robots":{"index":"index","follow":"follow","max-snippet":"max-snippet:-1","max-image-preview":"max-image-preview:large","max-video-preview":"max-video-preview:-1"},"canonical":"https:\/\/editorialmediterrania.com\/en\/product\/petita-historia-de-vilafranca-del-penedes\/","og_locale":"en_US","og_type":"article","og_title":"Petita hist\u00f2ria de Vilafranca del Pened\u00e8s - Editorial Mediterr\u00e0nia","og_description":"La Petita hist\u00f2ria de Vilafranca del Pened\u00e8s \u00e9s un llibre infantil que explica als infants la hist\u00f2ria de la capital de l'Alt Pened\u00e8s, il\u00b7lustrada per Pilar\u00edn Bay\u00e9s.","og_url":"https:\/\/editorialmediterrania.com\/en\/product\/petita-historia-de-vilafranca-del-penedes\/","og_site_name":"Editorial Mediterr\u00e0nia","article_modified_time":"2021-05-10T17:14:53+00:00","og_image":[{"width":600,"height":712,"url":"https:\/\/editorialmediterrania.com\/wp-content\/uploads\/2013\/06\/Petita-Historia-de-Vilafranca-del-Penedes.jpg","type":"image\/jpeg"}],"twitter_card":"summary_large_image","twitter_site":"@edmediterrania","twitter_misc":{"Est. reading time":"1 minute"},"schema":{"@context":"https:\/\/schema.org","@graph":[{"@type":"WebPage","@id":"https:\/\/editorialmediterrania.com\/en\/product\/petita-historia-de-vilafranca-del-penedes\/","url":"https:\/\/editorialmediterrania.com\/en\/product\/petita-historia-de-vilafranca-del-penedes\/","name":"Petita hist\u00f2ria de Vilafranca del Pened\u00e8s - Editorial Mediterr\u00e0nia","isPartOf":{"@id":"https:\/\/editorialmediterrania.com\/en\/#website"},"primaryImageOfPage":{"@id":"https:\/\/editorialmediterrania.com\/en\/product\/petita-historia-de-vilafranca-del-penedes\/#primaryimage"},"image":{"@id":"https:\/\/editorialmediterrania.com\/en\/product\/petita-historia-de-vilafranca-del-penedes\/#primaryimage"},"thumbnailUrl":"https:\/\/editorialmediterrania.com\/wp-content\/uploads\/2013\/06\/Petita-Historia-de-Vilafranca-del-Penedes.jpg","datePublished":"2013-06-17T11:56:06+00:00","dateModified":"2021-05-10T17:14:53+00:00","description":"La Petita hist\u00f2ria de Vilafranca del Pened\u00e8s \u00e9s un llibre infantil que explica als infants la hist\u00f2ria de la capital de l'Alt Pened\u00e8s, il\u00b7lustrada per Pilar\u00edn Bay\u00e9s.","breadcrumb":{"@id":"https:\/\/editorialmediterrania.com\/en\/product\/petita-historia-de-vilafranca-del-penedes\/#breadcrumb"},"inLanguage":"en-US","potentialAction":[{"@type":"ReadAction","target":["https:\/\/editorialmediterrania.com\/en\/product\/petita-historia-de-vilafranca-del-penedes\/"]}]},{"@type":"ImageObject","inLanguage":"en-US","@id":"https:\/\/editorialmediterrania.com\/en\/product\/petita-historia-de-vilafranca-del-penedes\/#primaryimage","url":"https:\/\/editorialmediterrania.com\/wp-content\/uploads\/2013\/06\/Petita-Historia-de-Vilafranca-del-Penedes.jpg","contentUrl":"https:\/\/editorialmediterrania.com\/wp-content\/uploads\/2013\/06\/Petita-Historia-de-Vilafranca-del-Penedes.jpg","width":600,"height":712,"caption":"Petita Hist\u00f2ria de Vilafranca del Pened\u00e8s - Editorial Mediterr\u00e0nia"},{"@type":"BreadcrumbList","@id":"https:\/\/editorialmediterrania.com\/en\/product\/petita-historia-de-vilafranca-del-penedes\/#breadcrumb","itemListElement":[{"@type":"ListItem","position":1,"name":"Children&#8217;s art book store","item":"https:\/\/editorialmediterrania.com\/en\/childrens-art-book-store\/"},{"@type":"ListItem","position":2,"name":"Petita hist\u00f2ria de Vilafranca del Pened\u00e8s"}]},{"@type":"WebSite","@id":"https:\/\/editorialmediterrania.com\/en\/#website","url":"https:\/\/editorialmediterrania.com\/en\/","name":"Editorial Mediterrania","description":"Llibres que t\u2019obriran nous mons","publisher":{"@id":"https:\/\/editorialmediterrania.com\/en\/#organization"},"alternateName":"Llibres infantils d'art, cultura i natura","potentialAction":[{"@type":"SearchAction","target":{"@type":"EntryPoint","urlTemplate":"https:\/\/editorialmediterrania.com\/en\/?s={search_term_string}"},"query-input":"required name=search_term_string"}],"inLanguage":"en-US"},{"@type":"Organization","@id":"https:\/\/editorialmediterrania.com\/en\/#organization","name":"Editorial Mediterrania","alternateName":"Llibres d'art, cultura i natura per infants i fam\u00edlies","url":"https:\/\/editorialmediterrania.com\/en\/","logo":{"@type":"ImageObject","inLanguage":"en-US","@id":"https:\/\/editorialmediterrania.com\/en\/#\/schema\/logo\/image\/","url":"https:\/\/editorialmediterrania.com\/wp-content\/uploads\/2023\/03\/LOGO-ED_MEDITERRANIA_OK-2.png","contentUrl":"https:\/\/editorialmediterrania.com\/wp-content\/uploads\/2023\/03\/LOGO-ED_MEDITERRANIA_OK-2.png","width":1200,"height":300,"caption":"Editorial Mediterrania"},"image":{"@id":"https:\/\/editorialmediterrania.com\/en\/#\/schema\/logo\/image\/"},"sameAs":["https:\/\/x.com\/edmediterrania","https:\/\/www.instagram.com\/editorialmediterrania\/"]}]}},"_links":{"self":[{"href":"https:\/\/editorialmediterrania.com\/en\/wp-json\/wp\/v2\/product\/6492","targetHints":{"allow":["GET"]}}],"collection":[{"href":"https:\/\/editorialmediterrania.com\/en\/wp-json\/wp\/v2\/product"}],"about":[{"href":"https:\/\/editorialmediterrania.com\/en\/wp-json\/wp\/v2\/types\/product"}],"wp:featuredmedia":[{"embeddable":true,"href":"https:\/\/editorialmediterrania.com\/en\/wp-json\/wp\/v2\/media\/22514"}],"wp:attachment":[{"href":"https:\/\/editorialmediterrania.com\/en\/wp-json\/wp\/v2\/media?parent=6492"}],"wp:term":[{"taxonomy":"product_cat","embeddable":true,"href":"https:\/\/editorialmediterrania.com\/en\/wp-json\/wp\/v2\/product_cat?post=6492"},{"taxonomy":"product_tag","embeddable":true,"href":"https:\/\/editorialmediterrania.com\/en\/wp-json\/wp\/v2\/product_tag?post=6492"},{"taxonomy":"autors","embeddable":true,"href":"https:\/\/editorialmediterrania.com\/en\/wp-json\/wp\/v2\/autors?post=6492"}],"curies":[{"name":"wp","href":"https:\/\/api.w.org\/{rel}","templated":true}]}}