{"id":6739,"date":"2013-05-16T15:27:26","date_gmt":"2013-05-16T13:27:26","guid":{"rendered":"http:\/\/editorialmediterrania.net\/product\/producto\/petita-historia-tren-soller-2\/"},"modified":"2019-07-03T13:39:35","modified_gmt":"2019-07-03T11:39:35","slug":"petita-historia-tren-soller-2","status":"publish","type":"product","link":"https:\/\/editorialmediterrania.com\/en\/product\/petita-historia-tren-soller-2\/","title":{"rendered":"Little Story of S\u00f3ller Train"},"content":{"rendered":"<p style=\"text-align: justify;\">This Little Story travels to Majorca to discover the area around the historic and still active S\u00f3ller Train. In this case, Pilar\u00edn Bay\u00e9s\u2019 illustrations accompany the text by the Balearic journalist and writer, Sebasti\u00e0 Bennasar.<\/p>\n<p style=\"text-align: justify;\">\u00abJo\u00e3o was on the Palma station platform in Majorca,\u00a0waiting for the train to S\u00f3ller, and he was restless.\u00a0\u201cPapa, are there many tunnels on the train ride?\u201d\u00a0\u201cI think so. You have to remember that the town of\u00a0S\u00f3ller is on the other side of the Sierra de Alfabia,\u00a0which forms part of the Sierra de Tramuntana, and\u00a0that trains normally go through mountains, not over\u00a0them. Do you want to know how many there are\u00a0exactly?\u201d\u00bb<\/p>\n<p style=\"text-align: justify;\">Thus begins this new Little Story, which travels to Majorca to discover the area around the historic and still active S\u00f3ller Train.<\/p>\n","protected":false},"excerpt":{"rendered":"<p>This Little Story travels to Majorca to discover the area around the historic and still active S\u00f3ller Train. In this case, Pilar\u00edn Bay\u00e9s\u2019 illustrations accompany the text by the Balearic journalist and writer, Sebasti\u00e0 Bennasar. \u00abJo\u00e3o was on the Palma station platform in Majorca,\u00a0waiting for the train to S\u00f3ller, and he was restless.\u00a0\u201cPapa, are there [&hellip;]<\/p>\n","protected":false},"featured_media":41315,"template":"","meta":[],"product_cat":[31,161],"product_tag":[6109,6029,6033,5992],"autors":[],"class_list":{"0":"post-6739","1":"product","2":"type-product","3":"status-publish","4":"has-post-thumbnail","6":"product_cat-editorial-mediterrania","7":"product_cat-little-stories","8":"product_tag-contes-en","9":"product_tag-contes-infantils-en","10":"product_tag-contes-per-nens-en","11":"product_tag-llibres-infantils-en","13":"first","14":"instock","15":"purchasable","16":"product-type-variable","swatches":"rey-swatches","show_selected":""},"acf":[],"yoast_head":"<!-- This site is optimized with the Yoast SEO plugin v22.8 - https:\/\/yoast.com\/wordpress\/plugins\/seo\/ -->\n<title>Petita hist\u00f2ria del tren de S\u00f3ller. Editorial Mediterr\u00e0nia<\/title>\n<meta name=\"description\" content=\"La &quot;Petita hist\u00f2ria el tren de S\u00f3ller&quot; viatja a Mallorca per con\u00e8ixer sobre l\u2019hist\u00f2ric i encara actiu Tren de S\u00f3ller amb il\u00b7lustracions de Pilar\u00edn Bay\u00e9s\" \/>\n<meta name=\"robots\" content=\"index, follow, max-snippet:-1, max-image-preview:large, max-video-preview:-1\" \/>\n<link rel=\"canonical\" href=\"https:\/\/editorialmediterrania.com\/en\/product\/petita-historia-tren-soller-2\/\" \/>\n<meta property=\"og:locale\" content=\"en_US\" \/>\n<meta property=\"og:type\" content=\"article\" \/>\n<meta property=\"og:title\" content=\"Petita hist\u00f2ria del tren de S\u00f3ller. Editorial Mediterr\u00e0nia\" \/>\n<meta property=\"og:description\" content=\"La &quot;Petita hist\u00f2ria el tren de S\u00f3ller&quot; viatja a Mallorca per con\u00e8ixer sobre l\u2019hist\u00f2ric i encara actiu Tren de S\u00f3ller amb il\u00b7lustracions de Pilar\u00edn Bay\u00e9s\" \/>\n<meta property=\"og:url\" content=\"https:\/\/editorialmediterrania.com\/en\/product\/petita-historia-tren-soller-2\/\" \/>\n<meta property=\"og:site_name\" content=\"Editorial Mediterr\u00e0nia\" \/>\n<meta property=\"article:modified_time\" content=\"2019-07-03T11:39:35+00:00\" \/>\n<meta property=\"og:image\" content=\"https:\/\/editorialmediterrania.com\/wp-content\/uploads\/2013\/05\/tren-soller-ph.jpeg\" \/>\n\t<meta property=\"og:image:width\" content=\"600\" \/>\n\t<meta property=\"og:image:height\" content=\"708\" \/>\n\t<meta property=\"og:image:type\" content=\"image\/jpeg\" \/>\n<meta name=\"twitter:card\" content=\"summary_large_image\" \/>\n<meta name=\"twitter:site\" content=\"@edmediterrania\" \/>\n<meta name=\"twitter:label1\" content=\"Est. reading time\" \/>\n\t<meta name=\"twitter:data1\" content=\"1 minute\" \/>\n<script type=\"application\/ld+json\" class=\"yoast-schema-graph\">{\"@context\":\"https:\/\/schema.org\",\"@graph\":[{\"@type\":\"WebPage\",\"@id\":\"https:\/\/editorialmediterrania.com\/en\/product\/petita-historia-tren-soller-2\/\",\"url\":\"https:\/\/editorialmediterrania.com\/en\/product\/petita-historia-tren-soller-2\/\",\"name\":\"Petita hist\u00f2ria del tren de S\u00f3ller. Editorial Mediterr\u00e0nia\",\"isPartOf\":{\"@id\":\"https:\/\/editorialmediterrania.com\/en\/#website\"},\"primaryImageOfPage\":{\"@id\":\"https:\/\/editorialmediterrania.com\/en\/product\/petita-historia-tren-soller-2\/#primaryimage\"},\"image\":{\"@id\":\"https:\/\/editorialmediterrania.com\/en\/product\/petita-historia-tren-soller-2\/#primaryimage\"},\"thumbnailUrl\":\"https:\/\/editorialmediterrania.com\/wp-content\/uploads\/2013\/05\/tren-soller-ph.jpeg\",\"datePublished\":\"2013-05-16T13:27:26+00:00\",\"dateModified\":\"2019-07-03T11:39:35+00:00\",\"description\":\"La \\\"Petita hist\u00f2ria el tren de S\u00f3ller\\\" viatja a Mallorca per con\u00e8ixer sobre l\u2019hist\u00f2ric i encara actiu Tren de S\u00f3ller amb il\u00b7lustracions de Pilar\u00edn Bay\u00e9s\",\"breadcrumb\":{\"@id\":\"https:\/\/editorialmediterrania.com\/en\/product\/petita-historia-tren-soller-2\/#breadcrumb\"},\"inLanguage\":\"en-US\",\"potentialAction\":[{\"@type\":\"ReadAction\",\"target\":[\"https:\/\/editorialmediterrania.com\/en\/product\/petita-historia-tren-soller-2\/\"]}]},{\"@type\":\"ImageObject\",\"inLanguage\":\"en-US\",\"@id\":\"https:\/\/editorialmediterrania.com\/en\/product\/petita-historia-tren-soller-2\/#primaryimage\",\"url\":\"https:\/\/editorialmediterrania.com\/wp-content\/uploads\/2013\/05\/tren-soller-ph.jpeg\",\"contentUrl\":\"https:\/\/editorialmediterrania.com\/wp-content\/uploads\/2013\/05\/tren-soller-ph.jpeg\",\"width\":600,\"height\":708},{\"@type\":\"BreadcrumbList\",\"@id\":\"https:\/\/editorialmediterrania.com\/en\/product\/petita-historia-tren-soller-2\/#breadcrumb\",\"itemListElement\":[{\"@type\":\"ListItem\",\"position\":1,\"name\":\"Children&#8217;s art book store\",\"item\":\"https:\/\/editorialmediterrania.com\/en\/childrens-art-book-store\/\"},{\"@type\":\"ListItem\",\"position\":2,\"name\":\"Little Story of S\u00f3ller Train\"}]},{\"@type\":\"WebSite\",\"@id\":\"https:\/\/editorialmediterrania.com\/en\/#website\",\"url\":\"https:\/\/editorialmediterrania.com\/en\/\",\"name\":\"Editorial Mediterrania\",\"description\":\"Llibres que t\u2019obriran nous mons\",\"publisher\":{\"@id\":\"https:\/\/editorialmediterrania.com\/en\/#organization\"},\"alternateName\":\"Llibres infantils d'art, cultura i natura\",\"potentialAction\":[{\"@type\":\"SearchAction\",\"target\":{\"@type\":\"EntryPoint\",\"urlTemplate\":\"https:\/\/editorialmediterrania.com\/en\/?s={search_term_string}\"},\"query-input\":\"required name=search_term_string\"}],\"inLanguage\":\"en-US\"},{\"@type\":\"Organization\",\"@id\":\"https:\/\/editorialmediterrania.com\/en\/#organization\",\"name\":\"Editorial Mediterrania\",\"alternateName\":\"Llibres d'art, cultura i natura per infants i fam\u00edlies\",\"url\":\"https:\/\/editorialmediterrania.com\/en\/\",\"logo\":{\"@type\":\"ImageObject\",\"inLanguage\":\"en-US\",\"@id\":\"https:\/\/editorialmediterrania.com\/en\/#\/schema\/logo\/image\/\",\"url\":\"https:\/\/editorialmediterrania.com\/wp-content\/uploads\/2023\/03\/LOGO-ED_MEDITERRANIA_OK-2.png\",\"contentUrl\":\"https:\/\/editorialmediterrania.com\/wp-content\/uploads\/2023\/03\/LOGO-ED_MEDITERRANIA_OK-2.png\",\"width\":1200,\"height\":300,\"caption\":\"Editorial Mediterrania\"},\"image\":{\"@id\":\"https:\/\/editorialmediterrania.com\/en\/#\/schema\/logo\/image\/\"},\"sameAs\":[\"https:\/\/x.com\/edmediterrania\",\"https:\/\/www.instagram.com\/editorialmediterrania\/\"]}]}<\/script>\n<!-- \/ Yoast SEO plugin. -->","yoast_head_json":{"title":"Petita hist\u00f2ria del tren de S\u00f3ller. Editorial Mediterr\u00e0nia","description":"La \"Petita hist\u00f2ria el tren de S\u00f3ller\" viatja a Mallorca per con\u00e8ixer sobre l\u2019hist\u00f2ric i encara actiu Tren de S\u00f3ller amb il\u00b7lustracions de Pilar\u00edn Bay\u00e9s","robots":{"index":"index","follow":"follow","max-snippet":"max-snippet:-1","max-image-preview":"max-image-preview:large","max-video-preview":"max-video-preview:-1"},"canonical":"https:\/\/editorialmediterrania.com\/en\/product\/petita-historia-tren-soller-2\/","og_locale":"en_US","og_type":"article","og_title":"Petita hist\u00f2ria del tren de S\u00f3ller. Editorial Mediterr\u00e0nia","og_description":"La \"Petita hist\u00f2ria el tren de S\u00f3ller\" viatja a Mallorca per con\u00e8ixer sobre l\u2019hist\u00f2ric i encara actiu Tren de S\u00f3ller amb il\u00b7lustracions de Pilar\u00edn Bay\u00e9s","og_url":"https:\/\/editorialmediterrania.com\/en\/product\/petita-historia-tren-soller-2\/","og_site_name":"Editorial Mediterr\u00e0nia","article_modified_time":"2019-07-03T11:39:35+00:00","og_image":[{"width":600,"height":708,"url":"https:\/\/editorialmediterrania.com\/wp-content\/uploads\/2013\/05\/tren-soller-ph.jpeg","type":"image\/jpeg"}],"twitter_card":"summary_large_image","twitter_site":"@edmediterrania","twitter_misc":{"Est. reading time":"1 minute"},"schema":{"@context":"https:\/\/schema.org","@graph":[{"@type":"WebPage","@id":"https:\/\/editorialmediterrania.com\/en\/product\/petita-historia-tren-soller-2\/","url":"https:\/\/editorialmediterrania.com\/en\/product\/petita-historia-tren-soller-2\/","name":"Petita hist\u00f2ria del tren de S\u00f3ller. Editorial Mediterr\u00e0nia","isPartOf":{"@id":"https:\/\/editorialmediterrania.com\/en\/#website"},"primaryImageOfPage":{"@id":"https:\/\/editorialmediterrania.com\/en\/product\/petita-historia-tren-soller-2\/#primaryimage"},"image":{"@id":"https:\/\/editorialmediterrania.com\/en\/product\/petita-historia-tren-soller-2\/#primaryimage"},"thumbnailUrl":"https:\/\/editorialmediterrania.com\/wp-content\/uploads\/2013\/05\/tren-soller-ph.jpeg","datePublished":"2013-05-16T13:27:26+00:00","dateModified":"2019-07-03T11:39:35+00:00","description":"La \"Petita hist\u00f2ria el tren de S\u00f3ller\" viatja a Mallorca per con\u00e8ixer sobre l\u2019hist\u00f2ric i encara actiu Tren de S\u00f3ller amb il\u00b7lustracions de Pilar\u00edn Bay\u00e9s","breadcrumb":{"@id":"https:\/\/editorialmediterrania.com\/en\/product\/petita-historia-tren-soller-2\/#breadcrumb"},"inLanguage":"en-US","potentialAction":[{"@type":"ReadAction","target":["https:\/\/editorialmediterrania.com\/en\/product\/petita-historia-tren-soller-2\/"]}]},{"@type":"ImageObject","inLanguage":"en-US","@id":"https:\/\/editorialmediterrania.com\/en\/product\/petita-historia-tren-soller-2\/#primaryimage","url":"https:\/\/editorialmediterrania.com\/wp-content\/uploads\/2013\/05\/tren-soller-ph.jpeg","contentUrl":"https:\/\/editorialmediterrania.com\/wp-content\/uploads\/2013\/05\/tren-soller-ph.jpeg","width":600,"height":708},{"@type":"BreadcrumbList","@id":"https:\/\/editorialmediterrania.com\/en\/product\/petita-historia-tren-soller-2\/#breadcrumb","itemListElement":[{"@type":"ListItem","position":1,"name":"Children&#8217;s art book store","item":"https:\/\/editorialmediterrania.com\/en\/childrens-art-book-store\/"},{"@type":"ListItem","position":2,"name":"Little Story of S\u00f3ller Train"}]},{"@type":"WebSite","@id":"https:\/\/editorialmediterrania.com\/en\/#website","url":"https:\/\/editorialmediterrania.com\/en\/","name":"Editorial Mediterrania","description":"Llibres que t\u2019obriran nous mons","publisher":{"@id":"https:\/\/editorialmediterrania.com\/en\/#organization"},"alternateName":"Llibres infantils d'art, cultura i natura","potentialAction":[{"@type":"SearchAction","target":{"@type":"EntryPoint","urlTemplate":"https:\/\/editorialmediterrania.com\/en\/?s={search_term_string}"},"query-input":"required name=search_term_string"}],"inLanguage":"en-US"},{"@type":"Organization","@id":"https:\/\/editorialmediterrania.com\/en\/#organization","name":"Editorial Mediterrania","alternateName":"Llibres d'art, cultura i natura per infants i fam\u00edlies","url":"https:\/\/editorialmediterrania.com\/en\/","logo":{"@type":"ImageObject","inLanguage":"en-US","@id":"https:\/\/editorialmediterrania.com\/en\/#\/schema\/logo\/image\/","url":"https:\/\/editorialmediterrania.com\/wp-content\/uploads\/2023\/03\/LOGO-ED_MEDITERRANIA_OK-2.png","contentUrl":"https:\/\/editorialmediterrania.com\/wp-content\/uploads\/2023\/03\/LOGO-ED_MEDITERRANIA_OK-2.png","width":1200,"height":300,"caption":"Editorial Mediterrania"},"image":{"@id":"https:\/\/editorialmediterrania.com\/en\/#\/schema\/logo\/image\/"},"sameAs":["https:\/\/x.com\/edmediterrania","https:\/\/www.instagram.com\/editorialmediterrania\/"]}]}},"_links":{"self":[{"href":"https:\/\/editorialmediterrania.com\/en\/wp-json\/wp\/v2\/product\/6739","targetHints":{"allow":["GET"]}}],"collection":[{"href":"https:\/\/editorialmediterrania.com\/en\/wp-json\/wp\/v2\/product"}],"about":[{"href":"https:\/\/editorialmediterrania.com\/en\/wp-json\/wp\/v2\/types\/product"}],"wp:featuredmedia":[{"embeddable":true,"href":"https:\/\/editorialmediterrania.com\/en\/wp-json\/wp\/v2\/media\/41315"}],"wp:attachment":[{"href":"https:\/\/editorialmediterrania.com\/en\/wp-json\/wp\/v2\/media?parent=6739"}],"wp:term":[{"taxonomy":"product_cat","embeddable":true,"href":"https:\/\/editorialmediterrania.com\/en\/wp-json\/wp\/v2\/product_cat?post=6739"},{"taxonomy":"product_tag","embeddable":true,"href":"https:\/\/editorialmediterrania.com\/en\/wp-json\/wp\/v2\/product_tag?post=6739"},{"taxonomy":"autors","embeddable":true,"href":"https:\/\/editorialmediterrania.com\/en\/wp-json\/wp\/v2\/autors?post=6739"}],"curies":[{"name":"wp","href":"https:\/\/api.w.org\/{rel}","templated":true}]}}