{"id":6742,"date":"2012-12-09T10:41:30","date_gmt":"2012-12-09T09:41:30","guid":{"rendered":"http:\/\/editorialmediterrania.net\/product\/producto\/petita-historia-del-palau-guell-2\/"},"modified":"2022-08-25T12:33:33","modified_gmt":"2022-08-25T10:33:33","slug":"little-story-of-guell-palace","status":"publish","type":"product","link":"https:\/\/editorialmediterrania.com\/en\/product\/little-story-of-guell-palace\/","title":{"rendered":"Little Story of G\u00fcell Palace"},"content":{"rendered":"<p style=\"text-align: justify;\">This Little Story aimed at boys and girls explains how the project for the G\u00fcell family home was conceived and how it was built, accompanied by illustrations by Pilar\u00edn Bay\u00e9s. This building was one of the first constructions which the most representative architect of Catalan Modernism, Antoni Gaud\u00ed, designed along with the G\u00fcells, a prosperous family in the Catalan bourgeoisie at the beginning of the 20<sup>th<\/sup> century.<\/p>\n","protected":false},"excerpt":{"rendered":"<p>This Little Story aimed at boys and girls explains how the project for the G\u00fcell family home was conceived and how it was built, accompanied by illustrations by Pilar\u00edn Bay\u00e9s. This building was one of the first constructions which the most representative architect of Catalan Modernism, Antoni Gaud\u00ed, designed along with the G\u00fcells, a prosperous [&hellip;]<\/p>\n","protected":false},"featured_media":17931,"template":"","meta":[],"product_cat":[6550,31,161],"product_tag":[6473,1294],"autors":[],"class_list":{"0":"post-6742","1":"product","2":"type-product","3":"status-publish","4":"has-post-thumbnail","6":"product_cat-gaudi","7":"product_cat-editorial-mediterrania","8":"product_cat-little-stories","9":"product_tag-libro-infantil-en","10":"product_tag-pilarin-bayes-en","12":"first","13":"outofstock","14":"purchasable","15":"product-type-variable","swatches":"rey-swatches","show_selected":""},"acf":[],"yoast_head":"<!-- This site is optimized with the Yoast SEO plugin v22.8 - https:\/\/yoast.com\/wordpress\/plugins\/seo\/ -->\n<title>Little Story of G\u00fcell Palace - Editorial Mediterrania<\/title>\n<meta name=\"description\" content=\"Little story about the G\u00fcell Palace, aimed at 8-12 year-old children.\" \/>\n<meta name=\"robots\" content=\"index, follow, max-snippet:-1, max-image-preview:large, max-video-preview:-1\" \/>\n<link rel=\"canonical\" href=\"https:\/\/editorialmediterrania.com\/en\/product\/little-story-of-guell-palace\/\" \/>\n<meta property=\"og:locale\" content=\"en_US\" \/>\n<meta property=\"og:type\" content=\"article\" \/>\n<meta property=\"og:title\" content=\"Little Story of G\u00fcell Palace - Editorial Mediterrania\" \/>\n<meta property=\"og:description\" content=\"Little story about the G\u00fcell Palace, aimed at 8-12 year-old children.\" \/>\n<meta property=\"og:url\" content=\"https:\/\/editorialmediterrania.com\/en\/product\/little-story-of-guell-palace\/\" \/>\n<meta property=\"og:site_name\" content=\"Editorial Mediterr\u00e0nia\" \/>\n<meta property=\"article:modified_time\" content=\"2022-08-25T10:33:33+00:00\" \/>\n<meta property=\"og:image\" content=\"https:\/\/editorialmediterrania.com\/wp-content\/uploads\/2012\/12\/petita-historia-palau-guell.jpg\" \/>\n\t<meta property=\"og:image:width\" content=\"600\" \/>\n\t<meta property=\"og:image:height\" content=\"738\" \/>\n\t<meta property=\"og:image:type\" content=\"image\/jpeg\" \/>\n<meta name=\"twitter:card\" content=\"summary_large_image\" \/>\n<meta name=\"twitter:site\" content=\"@edmediterrania\" \/>\n<script type=\"application\/ld+json\" class=\"yoast-schema-graph\">{\"@context\":\"https:\/\/schema.org\",\"@graph\":[{\"@type\":\"WebPage\",\"@id\":\"https:\/\/editorialmediterrania.com\/en\/product\/little-story-of-guell-palace\/\",\"url\":\"https:\/\/editorialmediterrania.com\/en\/product\/little-story-of-guell-palace\/\",\"name\":\"Little Story of G\u00fcell Palace - Editorial Mediterrania\",\"isPartOf\":{\"@id\":\"https:\/\/editorialmediterrania.com\/en\/#website\"},\"primaryImageOfPage\":{\"@id\":\"https:\/\/editorialmediterrania.com\/en\/product\/little-story-of-guell-palace\/#primaryimage\"},\"image\":{\"@id\":\"https:\/\/editorialmediterrania.com\/en\/product\/little-story-of-guell-palace\/#primaryimage\"},\"thumbnailUrl\":\"https:\/\/editorialmediterrania.com\/wp-content\/uploads\/2012\/12\/petita-historia-palau-guell.jpg\",\"datePublished\":\"2012-12-09T09:41:30+00:00\",\"dateModified\":\"2022-08-25T10:33:33+00:00\",\"description\":\"Little story about the G\u00fcell Palace, aimed at 8-12 year-old children.\",\"breadcrumb\":{\"@id\":\"https:\/\/editorialmediterrania.com\/en\/product\/little-story-of-guell-palace\/#breadcrumb\"},\"inLanguage\":\"en-US\",\"potentialAction\":[{\"@type\":\"ReadAction\",\"target\":[\"https:\/\/editorialmediterrania.com\/en\/product\/little-story-of-guell-palace\/\"]}]},{\"@type\":\"ImageObject\",\"inLanguage\":\"en-US\",\"@id\":\"https:\/\/editorialmediterrania.com\/en\/product\/little-story-of-guell-palace\/#primaryimage\",\"url\":\"https:\/\/editorialmediterrania.com\/wp-content\/uploads\/2012\/12\/petita-historia-palau-guell.jpg\",\"contentUrl\":\"https:\/\/editorialmediterrania.com\/wp-content\/uploads\/2012\/12\/petita-historia-palau-guell.jpg\",\"width\":600,\"height\":738},{\"@type\":\"BreadcrumbList\",\"@id\":\"https:\/\/editorialmediterrania.com\/en\/product\/little-story-of-guell-palace\/#breadcrumb\",\"itemListElement\":[{\"@type\":\"ListItem\",\"position\":1,\"name\":\"Children&#8217;s art book store\",\"item\":\"https:\/\/editorialmediterrania.com\/en\/childrens-art-book-store\/\"},{\"@type\":\"ListItem\",\"position\":2,\"name\":\"Little Story of G\u00fcell Palace\"}]},{\"@type\":\"WebSite\",\"@id\":\"https:\/\/editorialmediterrania.com\/en\/#website\",\"url\":\"https:\/\/editorialmediterrania.com\/en\/\",\"name\":\"Editorial Mediterrania\",\"description\":\"Llibres que t\u2019obriran nous mons\",\"publisher\":{\"@id\":\"https:\/\/editorialmediterrania.com\/en\/#organization\"},\"alternateName\":\"Llibres infantils d'art, cultura i natura\",\"potentialAction\":[{\"@type\":\"SearchAction\",\"target\":{\"@type\":\"EntryPoint\",\"urlTemplate\":\"https:\/\/editorialmediterrania.com\/en\/?s={search_term_string}\"},\"query-input\":\"required name=search_term_string\"}],\"inLanguage\":\"en-US\"},{\"@type\":\"Organization\",\"@id\":\"https:\/\/editorialmediterrania.com\/en\/#organization\",\"name\":\"Editorial Mediterrania\",\"alternateName\":\"Llibres d'art, cultura i natura per infants i fam\u00edlies\",\"url\":\"https:\/\/editorialmediterrania.com\/en\/\",\"logo\":{\"@type\":\"ImageObject\",\"inLanguage\":\"en-US\",\"@id\":\"https:\/\/editorialmediterrania.com\/en\/#\/schema\/logo\/image\/\",\"url\":\"https:\/\/editorialmediterrania.com\/wp-content\/uploads\/2023\/03\/LOGO-ED_MEDITERRANIA_OK-2.png\",\"contentUrl\":\"https:\/\/editorialmediterrania.com\/wp-content\/uploads\/2023\/03\/LOGO-ED_MEDITERRANIA_OK-2.png\",\"width\":1200,\"height\":300,\"caption\":\"Editorial Mediterrania\"},\"image\":{\"@id\":\"https:\/\/editorialmediterrania.com\/en\/#\/schema\/logo\/image\/\"},\"sameAs\":[\"https:\/\/x.com\/edmediterrania\",\"https:\/\/www.instagram.com\/editorialmediterrania\/\"]}]}<\/script>\n<!-- \/ Yoast SEO plugin. -->","yoast_head_json":{"title":"Little Story of G\u00fcell Palace - Editorial Mediterrania","description":"Little story about the G\u00fcell Palace, aimed at 8-12 year-old children.","robots":{"index":"index","follow":"follow","max-snippet":"max-snippet:-1","max-image-preview":"max-image-preview:large","max-video-preview":"max-video-preview:-1"},"canonical":"https:\/\/editorialmediterrania.com\/en\/product\/little-story-of-guell-palace\/","og_locale":"en_US","og_type":"article","og_title":"Little Story of G\u00fcell Palace - Editorial Mediterrania","og_description":"Little story about the G\u00fcell Palace, aimed at 8-12 year-old children.","og_url":"https:\/\/editorialmediterrania.com\/en\/product\/little-story-of-guell-palace\/","og_site_name":"Editorial Mediterr\u00e0nia","article_modified_time":"2022-08-25T10:33:33+00:00","og_image":[{"width":600,"height":738,"url":"https:\/\/editorialmediterrania.com\/wp-content\/uploads\/2012\/12\/petita-historia-palau-guell.jpg","type":"image\/jpeg"}],"twitter_card":"summary_large_image","twitter_site":"@edmediterrania","schema":{"@context":"https:\/\/schema.org","@graph":[{"@type":"WebPage","@id":"https:\/\/editorialmediterrania.com\/en\/product\/little-story-of-guell-palace\/","url":"https:\/\/editorialmediterrania.com\/en\/product\/little-story-of-guell-palace\/","name":"Little Story of G\u00fcell Palace - Editorial Mediterrania","isPartOf":{"@id":"https:\/\/editorialmediterrania.com\/en\/#website"},"primaryImageOfPage":{"@id":"https:\/\/editorialmediterrania.com\/en\/product\/little-story-of-guell-palace\/#primaryimage"},"image":{"@id":"https:\/\/editorialmediterrania.com\/en\/product\/little-story-of-guell-palace\/#primaryimage"},"thumbnailUrl":"https:\/\/editorialmediterrania.com\/wp-content\/uploads\/2012\/12\/petita-historia-palau-guell.jpg","datePublished":"2012-12-09T09:41:30+00:00","dateModified":"2022-08-25T10:33:33+00:00","description":"Little story about the G\u00fcell Palace, aimed at 8-12 year-old children.","breadcrumb":{"@id":"https:\/\/editorialmediterrania.com\/en\/product\/little-story-of-guell-palace\/#breadcrumb"},"inLanguage":"en-US","potentialAction":[{"@type":"ReadAction","target":["https:\/\/editorialmediterrania.com\/en\/product\/little-story-of-guell-palace\/"]}]},{"@type":"ImageObject","inLanguage":"en-US","@id":"https:\/\/editorialmediterrania.com\/en\/product\/little-story-of-guell-palace\/#primaryimage","url":"https:\/\/editorialmediterrania.com\/wp-content\/uploads\/2012\/12\/petita-historia-palau-guell.jpg","contentUrl":"https:\/\/editorialmediterrania.com\/wp-content\/uploads\/2012\/12\/petita-historia-palau-guell.jpg","width":600,"height":738},{"@type":"BreadcrumbList","@id":"https:\/\/editorialmediterrania.com\/en\/product\/little-story-of-guell-palace\/#breadcrumb","itemListElement":[{"@type":"ListItem","position":1,"name":"Children&#8217;s art book store","item":"https:\/\/editorialmediterrania.com\/en\/childrens-art-book-store\/"},{"@type":"ListItem","position":2,"name":"Little Story of G\u00fcell Palace"}]},{"@type":"WebSite","@id":"https:\/\/editorialmediterrania.com\/en\/#website","url":"https:\/\/editorialmediterrania.com\/en\/","name":"Editorial Mediterrania","description":"Llibres que t\u2019obriran nous mons","publisher":{"@id":"https:\/\/editorialmediterrania.com\/en\/#organization"},"alternateName":"Llibres infantils d'art, cultura i natura","potentialAction":[{"@type":"SearchAction","target":{"@type":"EntryPoint","urlTemplate":"https:\/\/editorialmediterrania.com\/en\/?s={search_term_string}"},"query-input":"required name=search_term_string"}],"inLanguage":"en-US"},{"@type":"Organization","@id":"https:\/\/editorialmediterrania.com\/en\/#organization","name":"Editorial Mediterrania","alternateName":"Llibres d'art, cultura i natura per infants i fam\u00edlies","url":"https:\/\/editorialmediterrania.com\/en\/","logo":{"@type":"ImageObject","inLanguage":"en-US","@id":"https:\/\/editorialmediterrania.com\/en\/#\/schema\/logo\/image\/","url":"https:\/\/editorialmediterrania.com\/wp-content\/uploads\/2023\/03\/LOGO-ED_MEDITERRANIA_OK-2.png","contentUrl":"https:\/\/editorialmediterrania.com\/wp-content\/uploads\/2023\/03\/LOGO-ED_MEDITERRANIA_OK-2.png","width":1200,"height":300,"caption":"Editorial Mediterrania"},"image":{"@id":"https:\/\/editorialmediterrania.com\/en\/#\/schema\/logo\/image\/"},"sameAs":["https:\/\/x.com\/edmediterrania","https:\/\/www.instagram.com\/editorialmediterrania\/"]}]}},"_links":{"self":[{"href":"https:\/\/editorialmediterrania.com\/en\/wp-json\/wp\/v2\/product\/6742","targetHints":{"allow":["GET"]}}],"collection":[{"href":"https:\/\/editorialmediterrania.com\/en\/wp-json\/wp\/v2\/product"}],"about":[{"href":"https:\/\/editorialmediterrania.com\/en\/wp-json\/wp\/v2\/types\/product"}],"wp:featuredmedia":[{"embeddable":true,"href":"https:\/\/editorialmediterrania.com\/en\/wp-json\/wp\/v2\/media\/17931"}],"wp:attachment":[{"href":"https:\/\/editorialmediterrania.com\/en\/wp-json\/wp\/v2\/media?parent=6742"}],"wp:term":[{"taxonomy":"product_cat","embeddable":true,"href":"https:\/\/editorialmediterrania.com\/en\/wp-json\/wp\/v2\/product_cat?post=6742"},{"taxonomy":"product_tag","embeddable":true,"href":"https:\/\/editorialmediterrania.com\/en\/wp-json\/wp\/v2\/product_tag?post=6742"},{"taxonomy":"autors","embeddable":true,"href":"https:\/\/editorialmediterrania.com\/en\/wp-json\/wp\/v2\/autors?post=6742"}],"curies":[{"name":"wp","href":"https:\/\/api.w.org\/{rel}","templated":true}]}}