{"id":7060,"date":"2013-10-04T13:54:32","date_gmt":"2013-10-04T11:54:32","guid":{"rendered":"http:\/\/editorialmediterrania.net\/?post_type=product&#038;p=7060"},"modified":"2025-10-13T09:42:09","modified_gmt":"2025-10-13T07:42:09","slug":"el-cantic-de-les-criatures-de-sant-francesc","status":"publish","type":"product","link":"https:\/\/editorialmediterrania.com\/en\/product\/el-cantic-de-les-criatures-de-sant-francesc\/","title":{"rendered":"El C\u00e0ntic de les criatures de sant Francesc"},"content":{"rendered":"<p style=\"text-align: justify;\">Escrit per Fra Jacint Duran i Boada, amb il\u00b7lustracions de Miquel Oliveras, el llibre narra com en sant Francesc d\u2019Ass\u00eds hi ha un trencament amb la natura idealitzada tal com la vivia la gent del seu temps<\/p>\n<p style=\"text-align: justify;\">Vuit segles despr\u00e9s del pas de sant Francesc per les nostres\u00a0terres, redescobrim en aquest nou llibre de la col\u00b7lecci\u00f3 <em>A la\u00a0caputxina<\/em> el llegat que els franciscans en general i els caputxins\u00a0en particular han sabut conservar i difondre fins als\u00a0nostres dies.<\/p>\n<p style=\"text-align: justify;\">Al <em>C\u00e0ntic de les criatures<\/em>, Francesc se situa no per sobre de la natura, sin\u00f3 al costat, amb ella, com un germ\u00e0 m\u00e9s del sol, la lluna, l\u2019aigua o la mort.<\/p>\n<p style=\"text-align: justify;\">El llibre inclou una dotzena d\u2019il\u00b7lustracions de Miquel Oliveras basades en les paraules de sant Francesc.<\/p>\n","protected":false},"excerpt":{"rendered":"<p>Escrit per Fra Jacint Duran i Boada, amb il\u00b7lustracions de Miquel Oliveras, el llibre narra com en sant Francesc d\u2019Ass\u00eds hi ha un trencament amb la natura idealitzada tal com la vivia la gent del seu temps Vuit segles despr\u00e9s del pas de sant Francesc per les nostres\u00a0terres, redescobrim en aquest nou llibre de la [&hellip;]<\/p>\n","protected":false},"featured_media":41274,"template":"","meta":[],"product_cat":[6541,3351],"product_tag":[],"autors":[],"class_list":{"0":"post-7060","1":"product","2":"type-product","3":"status-publish","4":"has-post-thumbnail","6":"product_cat-a-la-caputxina","7":"product_cat-mediterrania-productes","9":"first","10":"instock","11":"purchasable","12":"product-type-simple","swatches":"rey-swatches","show_selected":""},"acf":[],"yoast_head":"<!-- This site is optimized with the Yoast SEO plugin v22.8 - https:\/\/yoast.com\/wordpress\/plugins\/seo\/ -->\n<title>El C\u00e0ntic de les Criatures de Sant Francesc - Editorial Mediterr\u00e0nia<\/title>\n<meta name=\"description\" content=\"Vuit segles despr\u00e9s del pas de sant Francesc per les nostres terres, redescobrim en aquest nou llibre de la col\u00b7lecci\u00f3 A la caputxina el llegat que els franciscans en general i els caputxins en particular han sabut conservar i difondre fins als nostres dies.\" \/>\n<meta name=\"robots\" content=\"index, follow, max-snippet:-1, max-image-preview:large, max-video-preview:-1\" \/>\n<link rel=\"canonical\" href=\"https:\/\/editorialmediterrania.com\/en\/product\/el-cantic-de-les-criatures-de-sant-francesc\/\" \/>\n<meta property=\"og:locale\" content=\"en_US\" \/>\n<meta property=\"og:type\" content=\"article\" \/>\n<meta property=\"og:title\" content=\"El C\u00e0ntic de les Criatures de Sant Francesc - Editorial Mediterr\u00e0nia\" \/>\n<meta property=\"og:description\" content=\"Vuit segles despr\u00e9s del pas de sant Francesc per les nostres terres, redescobrim en aquest nou llibre de la col\u00b7lecci\u00f3 A la caputxina el llegat que els franciscans en general i els caputxins en particular han sabut conservar i difondre fins als nostres dies.\" \/>\n<meta property=\"og:url\" content=\"https:\/\/editorialmediterrania.com\/en\/product\/el-cantic-de-les-criatures-de-sant-francesc\/\" \/>\n<meta property=\"og:site_name\" content=\"Editorial Mediterr\u00e0nia\" \/>\n<meta property=\"article:modified_time\" content=\"2025-10-13T07:42:09+00:00\" \/>\n<meta property=\"og:image\" content=\"https:\/\/editorialmediterrania.com\/wp-content\/uploads\/2013\/10\/El-cantic-de-les-criatures-de-Sant-Francesc-400x563-1.jpg\" \/>\n\t<meta property=\"og:image:width\" content=\"400\" \/>\n\t<meta property=\"og:image:height\" content=\"563\" \/>\n\t<meta property=\"og:image:type\" content=\"image\/jpeg\" \/>\n<meta name=\"twitter:card\" content=\"summary_large_image\" \/>\n<meta name=\"twitter:site\" content=\"@edmediterrania\" \/>\n<meta name=\"twitter:label1\" content=\"Est. reading time\" \/>\n\t<meta name=\"twitter:data1\" content=\"1 minute\" \/>\n<script type=\"application\/ld+json\" class=\"yoast-schema-graph\">{\"@context\":\"https:\/\/schema.org\",\"@graph\":[{\"@type\":\"WebPage\",\"@id\":\"https:\/\/editorialmediterrania.com\/en\/product\/el-cantic-de-les-criatures-de-sant-francesc\/\",\"url\":\"https:\/\/editorialmediterrania.com\/en\/product\/el-cantic-de-les-criatures-de-sant-francesc\/\",\"name\":\"El C\u00e0ntic de les Criatures de Sant Francesc - Editorial Mediterr\u00e0nia\",\"isPartOf\":{\"@id\":\"https:\/\/editorialmediterrania.com\/en\/#website\"},\"primaryImageOfPage\":{\"@id\":\"https:\/\/editorialmediterrania.com\/en\/product\/el-cantic-de-les-criatures-de-sant-francesc\/#primaryimage\"},\"image\":{\"@id\":\"https:\/\/editorialmediterrania.com\/en\/product\/el-cantic-de-les-criatures-de-sant-francesc\/#primaryimage\"},\"thumbnailUrl\":\"https:\/\/editorialmediterrania.com\/wp-content\/uploads\/2013\/10\/El-cantic-de-les-criatures-de-Sant-Francesc-400x563-1.jpg\",\"datePublished\":\"2013-10-04T11:54:32+00:00\",\"dateModified\":\"2025-10-13T07:42:09+00:00\",\"description\":\"Vuit segles despr\u00e9s del pas de sant Francesc per les nostres terres, redescobrim en aquest nou llibre de la col\u00b7lecci\u00f3 A la caputxina el llegat que els franciscans en general i els caputxins en particular han sabut conservar i difondre fins als nostres dies.\",\"breadcrumb\":{\"@id\":\"https:\/\/editorialmediterrania.com\/en\/product\/el-cantic-de-les-criatures-de-sant-francesc\/#breadcrumb\"},\"inLanguage\":\"en-US\",\"potentialAction\":[{\"@type\":\"ReadAction\",\"target\":[\"https:\/\/editorialmediterrania.com\/en\/product\/el-cantic-de-les-criatures-de-sant-francesc\/\"]}]},{\"@type\":\"ImageObject\",\"inLanguage\":\"en-US\",\"@id\":\"https:\/\/editorialmediterrania.com\/en\/product\/el-cantic-de-les-criatures-de-sant-francesc\/#primaryimage\",\"url\":\"https:\/\/editorialmediterrania.com\/wp-content\/uploads\/2013\/10\/El-cantic-de-les-criatures-de-Sant-Francesc-400x563-1.jpg\",\"contentUrl\":\"https:\/\/editorialmediterrania.com\/wp-content\/uploads\/2013\/10\/El-cantic-de-les-criatures-de-Sant-Francesc-400x563-1.jpg\",\"width\":400,\"height\":563},{\"@type\":\"BreadcrumbList\",\"@id\":\"https:\/\/editorialmediterrania.com\/en\/product\/el-cantic-de-les-criatures-de-sant-francesc\/#breadcrumb\",\"itemListElement\":[{\"@type\":\"ListItem\",\"position\":1,\"name\":\"Children&#8217;s art book store\",\"item\":\"https:\/\/editorialmediterrania.com\/en\/childrens-art-book-store\/\"},{\"@type\":\"ListItem\",\"position\":2,\"name\":\"El C\u00e0ntic de les criatures de sant Francesc\"}]},{\"@type\":\"WebSite\",\"@id\":\"https:\/\/editorialmediterrania.com\/en\/#website\",\"url\":\"https:\/\/editorialmediterrania.com\/en\/\",\"name\":\"Editorial Mediterrania\",\"description\":\"Llibres que t\u2019obriran nous mons\",\"publisher\":{\"@id\":\"https:\/\/editorialmediterrania.com\/en\/#organization\"},\"alternateName\":\"Llibres infantils d'art, cultura i natura\",\"potentialAction\":[{\"@type\":\"SearchAction\",\"target\":{\"@type\":\"EntryPoint\",\"urlTemplate\":\"https:\/\/editorialmediterrania.com\/en\/?s={search_term_string}\"},\"query-input\":\"required name=search_term_string\"}],\"inLanguage\":\"en-US\"},{\"@type\":\"Organization\",\"@id\":\"https:\/\/editorialmediterrania.com\/en\/#organization\",\"name\":\"Editorial Mediterrania\",\"alternateName\":\"Llibres d'art, cultura i natura per infants i fam\u00edlies\",\"url\":\"https:\/\/editorialmediterrania.com\/en\/\",\"logo\":{\"@type\":\"ImageObject\",\"inLanguage\":\"en-US\",\"@id\":\"https:\/\/editorialmediterrania.com\/en\/#\/schema\/logo\/image\/\",\"url\":\"https:\/\/editorialmediterrania.com\/wp-content\/uploads\/2023\/03\/LOGO-ED_MEDITERRANIA_OK-2.png\",\"contentUrl\":\"https:\/\/editorialmediterrania.com\/wp-content\/uploads\/2023\/03\/LOGO-ED_MEDITERRANIA_OK-2.png\",\"width\":1200,\"height\":300,\"caption\":\"Editorial Mediterrania\"},\"image\":{\"@id\":\"https:\/\/editorialmediterrania.com\/en\/#\/schema\/logo\/image\/\"},\"sameAs\":[\"https:\/\/x.com\/edmediterrania\",\"https:\/\/www.instagram.com\/editorialmediterrania\/\"]}]}<\/script>\n<!-- \/ Yoast SEO plugin. -->","yoast_head_json":{"title":"El C\u00e0ntic de les Criatures de Sant Francesc - Editorial Mediterr\u00e0nia","description":"Vuit segles despr\u00e9s del pas de sant Francesc per les nostres terres, redescobrim en aquest nou llibre de la col\u00b7lecci\u00f3 A la caputxina el llegat que els franciscans en general i els caputxins en particular han sabut conservar i difondre fins als nostres dies.","robots":{"index":"index","follow":"follow","max-snippet":"max-snippet:-1","max-image-preview":"max-image-preview:large","max-video-preview":"max-video-preview:-1"},"canonical":"https:\/\/editorialmediterrania.com\/en\/product\/el-cantic-de-les-criatures-de-sant-francesc\/","og_locale":"en_US","og_type":"article","og_title":"El C\u00e0ntic de les Criatures de Sant Francesc - Editorial Mediterr\u00e0nia","og_description":"Vuit segles despr\u00e9s del pas de sant Francesc per les nostres terres, redescobrim en aquest nou llibre de la col\u00b7lecci\u00f3 A la caputxina el llegat que els franciscans en general i els caputxins en particular han sabut conservar i difondre fins als nostres dies.","og_url":"https:\/\/editorialmediterrania.com\/en\/product\/el-cantic-de-les-criatures-de-sant-francesc\/","og_site_name":"Editorial Mediterr\u00e0nia","article_modified_time":"2025-10-13T07:42:09+00:00","og_image":[{"width":400,"height":563,"url":"https:\/\/editorialmediterrania.com\/wp-content\/uploads\/2013\/10\/El-cantic-de-les-criatures-de-Sant-Francesc-400x563-1.jpg","type":"image\/jpeg"}],"twitter_card":"summary_large_image","twitter_site":"@edmediterrania","twitter_misc":{"Est. reading time":"1 minute"},"schema":{"@context":"https:\/\/schema.org","@graph":[{"@type":"WebPage","@id":"https:\/\/editorialmediterrania.com\/en\/product\/el-cantic-de-les-criatures-de-sant-francesc\/","url":"https:\/\/editorialmediterrania.com\/en\/product\/el-cantic-de-les-criatures-de-sant-francesc\/","name":"El C\u00e0ntic de les Criatures de Sant Francesc - Editorial Mediterr\u00e0nia","isPartOf":{"@id":"https:\/\/editorialmediterrania.com\/en\/#website"},"primaryImageOfPage":{"@id":"https:\/\/editorialmediterrania.com\/en\/product\/el-cantic-de-les-criatures-de-sant-francesc\/#primaryimage"},"image":{"@id":"https:\/\/editorialmediterrania.com\/en\/product\/el-cantic-de-les-criatures-de-sant-francesc\/#primaryimage"},"thumbnailUrl":"https:\/\/editorialmediterrania.com\/wp-content\/uploads\/2013\/10\/El-cantic-de-les-criatures-de-Sant-Francesc-400x563-1.jpg","datePublished":"2013-10-04T11:54:32+00:00","dateModified":"2025-10-13T07:42:09+00:00","description":"Vuit segles despr\u00e9s del pas de sant Francesc per les nostres terres, redescobrim en aquest nou llibre de la col\u00b7lecci\u00f3 A la caputxina el llegat que els franciscans en general i els caputxins en particular han sabut conservar i difondre fins als nostres dies.","breadcrumb":{"@id":"https:\/\/editorialmediterrania.com\/en\/product\/el-cantic-de-les-criatures-de-sant-francesc\/#breadcrumb"},"inLanguage":"en-US","potentialAction":[{"@type":"ReadAction","target":["https:\/\/editorialmediterrania.com\/en\/product\/el-cantic-de-les-criatures-de-sant-francesc\/"]}]},{"@type":"ImageObject","inLanguage":"en-US","@id":"https:\/\/editorialmediterrania.com\/en\/product\/el-cantic-de-les-criatures-de-sant-francesc\/#primaryimage","url":"https:\/\/editorialmediterrania.com\/wp-content\/uploads\/2013\/10\/El-cantic-de-les-criatures-de-Sant-Francesc-400x563-1.jpg","contentUrl":"https:\/\/editorialmediterrania.com\/wp-content\/uploads\/2013\/10\/El-cantic-de-les-criatures-de-Sant-Francesc-400x563-1.jpg","width":400,"height":563},{"@type":"BreadcrumbList","@id":"https:\/\/editorialmediterrania.com\/en\/product\/el-cantic-de-les-criatures-de-sant-francesc\/#breadcrumb","itemListElement":[{"@type":"ListItem","position":1,"name":"Children&#8217;s art book store","item":"https:\/\/editorialmediterrania.com\/en\/childrens-art-book-store\/"},{"@type":"ListItem","position":2,"name":"El C\u00e0ntic de les criatures de sant Francesc"}]},{"@type":"WebSite","@id":"https:\/\/editorialmediterrania.com\/en\/#website","url":"https:\/\/editorialmediterrania.com\/en\/","name":"Editorial Mediterrania","description":"Llibres que t\u2019obriran nous mons","publisher":{"@id":"https:\/\/editorialmediterrania.com\/en\/#organization"},"alternateName":"Llibres infantils d'art, cultura i natura","potentialAction":[{"@type":"SearchAction","target":{"@type":"EntryPoint","urlTemplate":"https:\/\/editorialmediterrania.com\/en\/?s={search_term_string}"},"query-input":"required name=search_term_string"}],"inLanguage":"en-US"},{"@type":"Organization","@id":"https:\/\/editorialmediterrania.com\/en\/#organization","name":"Editorial Mediterrania","alternateName":"Llibres d'art, cultura i natura per infants i fam\u00edlies","url":"https:\/\/editorialmediterrania.com\/en\/","logo":{"@type":"ImageObject","inLanguage":"en-US","@id":"https:\/\/editorialmediterrania.com\/en\/#\/schema\/logo\/image\/","url":"https:\/\/editorialmediterrania.com\/wp-content\/uploads\/2023\/03\/LOGO-ED_MEDITERRANIA_OK-2.png","contentUrl":"https:\/\/editorialmediterrania.com\/wp-content\/uploads\/2023\/03\/LOGO-ED_MEDITERRANIA_OK-2.png","width":1200,"height":300,"caption":"Editorial Mediterrania"},"image":{"@id":"https:\/\/editorialmediterrania.com\/en\/#\/schema\/logo\/image\/"},"sameAs":["https:\/\/x.com\/edmediterrania","https:\/\/www.instagram.com\/editorialmediterrania\/"]}]}},"_links":{"self":[{"href":"https:\/\/editorialmediterrania.com\/en\/wp-json\/wp\/v2\/product\/7060","targetHints":{"allow":["GET"]}}],"collection":[{"href":"https:\/\/editorialmediterrania.com\/en\/wp-json\/wp\/v2\/product"}],"about":[{"href":"https:\/\/editorialmediterrania.com\/en\/wp-json\/wp\/v2\/types\/product"}],"wp:featuredmedia":[{"embeddable":true,"href":"https:\/\/editorialmediterrania.com\/en\/wp-json\/wp\/v2\/media\/41274"}],"wp:attachment":[{"href":"https:\/\/editorialmediterrania.com\/en\/wp-json\/wp\/v2\/media?parent=7060"}],"wp:term":[{"taxonomy":"product_cat","embeddable":true,"href":"https:\/\/editorialmediterrania.com\/en\/wp-json\/wp\/v2\/product_cat?post=7060"},{"taxonomy":"product_tag","embeddable":true,"href":"https:\/\/editorialmediterrania.com\/en\/wp-json\/wp\/v2\/product_tag?post=7060"},{"taxonomy":"autors","embeddable":true,"href":"https:\/\/editorialmediterrania.com\/en\/wp-json\/wp\/v2\/autors?post=7060"}],"curies":[{"name":"wp","href":"https:\/\/api.w.org\/{rel}","templated":true}]}}